{"id":7884,"date":"2022-08-26T14:41:21","date_gmt":"2022-08-26T11:41:21","guid":{"rendered":"https:\/\/retta.fi\/?page_id=7884"},"modified":"2024-12-14T13:21:54","modified_gmt":"2024-12-14T11:21:54","slug":"dataskyddsutlatande-om-behandlingen-av-kunders-personuppgifter-vid-retta-isannointi","status":"publish","type":"page","link":"https:\/\/retta.fi\/sv\/dataskyddsutlatande-om-behandlingen-av-kunders-personuppgifter-vid-retta-isannointi\/","title":{"rendered":"Dataskyddsutl\u00e5tande om behandlingen av kunders personuppgifter vid Retta Is\u00e4nn\u00f6inti\u00a0"},"content":{"rendered":"<section id=\"acf-block-6565ef1045ede\" class=\"block block-hero container-fluid ct-darkgreen bg-darkgreen \">\n        <div class=\"container\">\n        <div class=\"row\">\n            <div class=\"col-12 col-lg-8 hero-content-col\">\n                <div class=\"hero-content\">\n                    \n\n<h1 class=\"wp-block-heading\"><strong>Dataskyddsutl\u00e5tande om behandlingen av kunders personuppgifter vid Retta Is\u00e4nn\u00f6inti&nbsp;<\/strong><\/h1>\n\n\n                <\/div>\n            <\/div>\n        <\/div>\n    <\/div>\n<\/section>\n\n\n\n<section id=\"acf-block-6565ef1045ef3\" class=\"block block-content-wrapper container-fluid container-fluid \">\n    <div class=\"container\">\n        <div class=\"row\">\n            <div class=\"col-12 col-lg-8 offset-lg-2 col-hd-6 offset-hd-3\">\n                <main class=\"entry-content\">\n                    \n\n<p>Retta Is\u00e4nn\u00f6inti Oy producerar v\u00e4rdtj\u00e4nster f\u00f6r husbolag som \u00e4r dess kundf\u00f6retag. <\/p>\n\n\n\n<p><em>Retta Is\u00e4nn\u00f6intis aff\u00e4rsverksamhet kr\u00e4ver att f\u00f6retaget samlar in vissa personuppgifter om sina kunder och intressegrupper. D\u00e5 \u00e4r Retta Is\u00e4nn\u00f6inti en personuppgiftsansvarig som avses i dataskyddslagstiftningen. Syftet med detta dokument \u00e4r att informera de registrerade om behandlingen av deras personuppgifter.<\/em>&nbsp;<\/p>\n\n\n\n<p><em>Retta Is\u00e4nn\u00f6inti Oy \u00e4r personuppgiftsbitr\u00e4de f\u00f6r sin disponentservice.\u202fRetta Is\u00e4nn\u00f6inti \u00e4r ocks\u00e5 hanterare f\u00f6r den kundservice som den erbjuder sina kunder baserat p\u00e5 v\u00e4rdkontraktet.<\/em>&nbsp;<\/p>\n\n\n\n<p>REGISTERANSVARIG:\u202fRetta Is\u00e4nn\u00f6inti Oy (FO-nummer 0871684-7)&nbsp;<\/p>\n\n\n\n<p><strong>GRUND F\u00d6R OCH SYFTE MED BEHANDLINGEN AV PERSONUPPGIFTER<\/strong>&nbsp;<\/p>\n\n\n\n<p>Retta Is\u00e4nn\u00f6inti uppr\u00e4tth\u00e5ller ett kundregister som en del av att f\u00f6retaget producerar v\u00e4rdtj\u00e4nster f\u00f6r husbolag. Grunden f\u00f6r behandlingen av personuppgifter \u00e4r genomf\u00f6randet av avtalet mellan kunden och Retta Is\u00e4nn\u00f6inn och fullg\u00f6randet av lagstadgade skyldigheter (t.ex. bokf\u00f6ringslagen, penningtv\u00e4ttslagen, bostadsaktielagen).&nbsp;&nbsp;<\/p>\n\n\n\n<p><strong>Personuppgifter som ska behandlas<\/strong>&nbsp;<\/p>\n\n\n\n<p>F\u00f6ljande uppgifter samlas in om Retta Is\u00e4nn\u00f6inns kunder: namn p\u00e5 personen, befattning i kundf\u00f6retaget, kontaktuppgifter (telefonnummer, e-postadress, adress) Dessutom inneh\u00e5ller registren eventuella kundklagom\u00e5l med deras personuppgifter.&nbsp;<\/p>\n\n\n\n<p>I kundregistret sparas \u00e4ven anv\u00e4ndarprofiler till personer som registrerat sig i tj\u00e4nsten OmaRetta. En anv\u00e4ndarprofil kan inneh\u00e5lla personens namn, telefonnummer, adress, e-postadress, IP-adress, personbeteckning, kontonummer, eventuella profilbild och bostads- eller fastighetsaktiebolagets namn och l\u00e4genhetens nummer. Dessutom inneh\u00e5ller tj\u00e4nsten alla andra uppgifter som anv\u00e4ndaren har angett eller lagt till. Separata anv\u00e4ndarvillkor har uppgjorts f\u00f6r tj\u00e4nsterna OmaRetta. I dessa redog\u00f6rs bland annat f\u00f6r diverse uppgifter som samlas in i syfte att utveckla tj\u00e4nsterna.&nbsp;<\/p>\n\n\n\n<p>Retta Is\u00e4nn\u00f6inti samlar ocks\u00e5 in i kundregistret de personuppgifter som den samlar in relaterade till l\u00e4genhetsuthyrningsverksamheten, som listas nedan.&nbsp;<\/p>\n\n\n\n<p><em>F\u00f6delsedatum, personbeteckning, tidigare adress, uppgift om huruvida den registrerade \u00e4r en person i politiskt utsatt st\u00e4llning (s.k. politically exposed person, PEP), identifierare om eller kopia av den handling som anv\u00e4nts f\u00f6r autentisering av identiteten, uppgift om huruvida den registrerade har omyndigf\u00f6rklarats eller f\u00f6rordnats en intressebevakare, uppgifter om f\u00f6rmedlingsobjektet, yrke, anst\u00e4llningens varaktighet, hush\u00e5llstyp, inkomstuppgifter, \u00f6vriga uppgifter som ing\u00e5r i ans\u00f6kan om hyresbostad, kreditupplysningar, uppgifter som ing\u00e5r i hyresavtalet samt \u00f6vriga eventuella uppgifter som kunden har l\u00e4mnat och som beh\u00f6vs f\u00f6r att utf\u00f6ra f\u00f6rmedlingsuppdraget.<\/em>&nbsp;<\/p>\n\n\n\n<p>I l\u00e4genhetsuthyrningsverksamheten utg\u00f6r avtalsverkst\u00e4llande och r\u00e4ttslig skyldighet den r\u00e4ttsliga grunden f\u00f6r behandling av personuppgifter.&nbsp;&nbsp;<\/p>\n\n\n\n<p>De registrerades uppgifter anv\u00e4nds inte f\u00f6r profilering och inte heller till\u00e4mpas automatiserade besluts\u00e5tg\u00e4rder p\u00e5 dem.&nbsp;<\/p>\n\n\n\n<p><strong>REGELM\u00c4SSIGA INFORMATIONSK\u00c4LLOR<\/strong>&nbsp;<\/p>\n\n\n\n<p>Personuppgifter inh\u00e4mtas i regel fr\u00e5n den registrerade sj\u00e4lv. Uppgifter kan \u00e4ven inh\u00e4mtas fr\u00e5n myndighetsk\u00e4llor, till exempel handelsregistret. Uppgifter om f\u00f6retagskunders kontaktpersoner inh\u00e4mtas dessutom fr\u00e5n offentliga k\u00e4llor, till exempel f\u00f6retagets webbplats eller Suomen Asiakastieto Oy.&nbsp;<\/p>\n\n\n\n<p><strong>PERSONUPPGIFTSABITR\u00c4DEN OCH REGELBUNDEN \u00d6VERF\u00d6RING AV DATA<\/strong>&nbsp;<\/p>\n\n\n\n<p>Retta Is\u00e4nn\u00f6inti anv\u00e4nder sig av olika tj\u00e4nsteleverant\u00f6rer och d\u00e4rmed personuppgiftsbitr\u00e4den n\u00e4r de producerar tj\u00e4nster till sina kunder, till exempel kundhanterings- och f\u00f6rs\u00e4ljningssystemet.&nbsp;<\/p>\n\n\n\n<p>Personuppgifter kan l\u00e4mnas ut inom Retta Group-koncernen enligt behov.&nbsp;<\/p>\n\n\n\n<p>Personuppgifter kan \u00e4ven l\u00e4mnas ut till en inkassobyr\u00e5 f\u00f6r indrivning av fordringar. Dessutom kan uppgifter l\u00e4mnas ut till myndigheter p\u00e5 beg\u00e4ran. \u00c4ven framst\u00e4llan eller f\u00f6rsvar av r\u00e4ttsliga anspr\u00e5k kan f\u00f6ruts\u00e4tta utl\u00e4mnande av personuppgifter till ett exempelvis f\u00f6rs\u00e4kringsbolag eller ett juridiskt ombud.&nbsp;<\/p>\n\n\n\n<p>Uppgifter ur f\u00f6rmedlingsuppdragsregister kan \u00e4ven l\u00e4mnas ut till tillsynsmyndigheten (Regionf\u00f6rvaltningsverket) eller andra myndigheter (t.ex. anm\u00e4lan om val av boende som ska skickas till ARA) p\u00e5 det s\u00e4tt som kr\u00e4vs i lagstiftningen. Sk\u00f6tsel av f\u00f6rmedlingsuppdrag f\u00f6ruts\u00e4tter ocks\u00e5 att uppgifter l\u00e4mnas ut till motparten i uppdraget.&nbsp;<\/p>\n\n\n\n<p>Uppgifter l\u00e4mnas i regel inte ut utanf\u00f6r EU eller EES.&nbsp;<\/p>\n\n\n\n<p><strong>F\u00d6RVARINGSTID<\/strong>&nbsp;<\/p>\n\n\n\n<p>Uppgifternas f\u00f6rvaringstid och -kriterier varierar beroende p\u00e5 personuppgifter och syfte med behandlingen av en viss personuppgift.&nbsp;<\/p>\n\n\n\n<p>Personuppgifter som har samlats in under avtalsvillkor f\u00f6rvaras i regel under avtalsf\u00f6rh\u00e5llandet och efter att det upph\u00f6rt s\u00e5 l\u00e4nge det \u00e4r n\u00f6dv\u00e4ndigt f\u00f6r eventuella r\u00e4ttsliga \u00e5tg\u00e4rder. Personuppgifter som har samlats in p\u00e5 grund av lagstadgade skyldigheter f\u00f6rvaras s\u00e5 l\u00e4nge som det kr\u00e4vs eller \u00e4r m\u00f6jligt enligt lagen.&nbsp;<\/p>\n\n\n\n<p>De givna erbjudandena och de personuppgifter de inneh\u00e5ller lagras i h\u00f6gst tv\u00e5 \u00e5r efter avslutat anbudsf\u00f6rfarande.&nbsp;&nbsp;<\/p>\n\n\n\n<p>Enligt lagstiftningen f\u00f6r uppgifter som beh\u00f6vs f\u00f6r att identifiera kunden ska personuppgifter som ing\u00e5r i f\u00f6rmedlingsuppdragsregister f\u00f6rvaras i fem \u00e5r fr\u00e5n det att uppdraget har upph\u00f6rt.&nbsp;&nbsp;<\/p>\n\n\n\n<p><strong>DATASKYDDSPRINCIPER<\/strong>&nbsp;<\/p>\n\n\n\n<p>Personuppgifter skyddas genom l\u00e4mpliga tekniska och organisatoriska \u00e5tg\u00e4rder. Pappersmaterial f\u00f6rvaras i ett l\u00e5st utrymme och \u00e5tkomsten \u00e4r begr\u00e4nsad till personer som har r\u00e4tt att behandla uppgifterna. Elektroniskt material skyddas genom tekniska \u00e5tg\u00e4rder, och \u00e5tkomstr\u00e4ttigheter till systemen beviljas endast de personer f\u00f6r vilka det \u00e4r n\u00f6dv\u00e4ndigt med h\u00e4nsyn till deras arbete eller uppgifter. Den registeransvariges personal har tystnadsplikt och personalen utbildas och handleds i lagenlig behandling av personuppgifter och kunskaperna underh\u00e5lls regelbundet.&nbsp;<\/p>\n\n\n\n<p>\u00c4ven av eventuella externa personuppgiftsbitr\u00e4den, som inte tillh\u00f6r Retta Group-koncernen, f\u00f6ruts\u00e4tts l\u00e4mpliga tekniska och organisatoriska skydds\u00e5tg\u00e4rder samt \u00e5tagande om sekretessplikt.&nbsp;<\/p>\n\n\n\n<p><strong>DEN REGISTRERADES R\u00c4TTIGHETER<\/strong>&nbsp;<\/p>\n\n\n\n<p>Den registrerade har r\u00e4tt att f\u00e5 bekr\u00e4ftelse p\u00e5 huruvida personuppgifter som r\u00f6r honom eller henne behandlas av den personuppgiftsansvarige. Om uppgifter behandlas har den registrerade r\u00e4tt att f\u00e5 en kopia av de personuppgifter som behandlas. Den registrerade har r\u00e4tt att f\u00e5 ofullst\u00e4ndiga, felaktiga eller f\u00f6r\u00e5ldrade personuppgifter som r\u00f6r honom eller henne r\u00e4ttade.&nbsp;<\/p>\n\n\n\n<p>Om behandlingen av personuppgifter grundar sig p\u00e5 den registrerades samtycke eller avtalsf\u00f6rh\u00e5llande, har den registrerade r\u00e4tt att f\u00e5 ut de personuppgifter som r\u00f6r honom eller henne och som han eller hon har tillhandah\u00e5llit den personuppgiftsansvarige i ett strukturerat, allm\u00e4nt anv\u00e4nt och maskinl\u00e4sbart format samt r\u00e4tt att \u00f6verf\u00f6ra dessa uppgifter till en annan personuppgiftsansvarig. Denna r\u00e4tt g\u00e4ller endast om behandlingen av personuppgifter sker automatiserat.&nbsp;<\/p>\n\n\n\n<p>Den registrerade har r\u00e4tt att under vissa omst\u00e4ndigheter kr\u00e4va begr\u00e4nsning av behandlingen av personuppgifter. Denna r\u00e4tt g\u00e4ller till exempel i en situation d\u00e4r den registrerade bestrider personuppgifternas korrekthet eller att behandlingen \u00e4r laglig. D\u00e5 begr\u00e4nsas behandlingen under den tid som beh\u00f6vs f\u00f6r att kontrollera att uppgifterna \u00e4r korrekta och behandlingen laglig.&nbsp;<\/p>\n\n\n\n<p>Den registrerade har r\u00e4tt att f\u00e5 sina personuppgifter raderade. Denna r\u00e4ttighet \u00e4r relevant endast om personuppgifterna inte l\u00e4ngre beh\u00f6vs f\u00f6r de \u00e4ndam\u00e5l f\u00f6r vilka de samlats in, det inte finns n\u00e5gon annan laglig grund f\u00f6r behandlingen och uppgifterna inte beh\u00f6ver f\u00f6rvaras enligt lag. Uppgifter kan med andra ord inte raderas s\u00e5 l\u00e4nge det finns en r\u00e4ttslig grund f\u00f6r f\u00f6rvaring av dem.&nbsp;<\/p>\n\n\n\n<p>Om behandlingen av personuppgifter grundar sig enbart p\u00e5 den registrerades samtycke har den registrerade r\u00e4tt att n\u00e4r som helst \u00e5terkalla sitt samtycke. Den registrerade har dessutom r\u00e4tt att inv\u00e4nda mot behandling av personuppgifter som avser honom eller henne, om behandlingen grundar sig p\u00e5 den personuppgiftsansvariges ber\u00e4ttigade intresse.&nbsp;<\/p>\n\n\n\n<p>Den registrerade har ocks\u00e5 r\u00e4tt att l\u00e4mna in klagom\u00e5l till dataombudsmannen (<a href=\"http:\/\/www.tietosuoja.fi\/\" target=\"_blank\" rel=\"noreferrer noopener\">www.tietosuoja.fi<\/a>), om den personuppgiftsansvarige inte uppfyller sina skyldigheter som personuppgiftsansvarig eller i \u00f6vrigt inte iakttar den till\u00e4mpliga dataskyddslagstiftningen.&nbsp;<\/p>\n\n\n\n<p>Den registrerade har \u00e4ven r\u00e4tt att inv\u00e4nda mot behandlingen av uppgifter om hen.&nbsp;<\/p>\n\n\n\n<p>Vid fr\u00e5gor g\u00e4llande behandling av personuppgifter och de registrerades r\u00e4ttigheter ber vi dig ta kontakt per\u202f<a href=\"mailto:tietosuoja@retta.fi\">e-post<\/a>. Innan vi l\u00e4mnar ut uppgifter kontrollerar vi personens identitet.\u00a0<\/p>\n\n\n\n<p>Denna sekretesspolicy uppdaterades senast den 1 Juli 2024.&nbsp;<\/p>\n\n\n                <\/main>\n            <\/div>\n        <\/div>\n    <\/div>\n<\/section>","protected":false},"excerpt":{"rendered":"","protected":false},"author":31,"featured_media":0,"parent":0,"menu_order":0,"comment_status":"closed","ping_status":"closed","template":"","meta":{"_acf_changed":false,"_relevanssi_hide_post":"","_relevanssi_hide_content":"","_relevanssi_pin_for_all":"","_relevanssi_pin_keywords":"","_relevanssi_unpin_keywords":"","_relevanssi_related_keywords":"","_relevanssi_related_include_ids":"","_relevanssi_related_exclude_ids":"","_relevanssi_related_no_append":"","_relevanssi_related_not_related":"","_relevanssi_related_posts":"1888,1900,1908,1898,21223,1904","_relevanssi_noindex_reason":"","footnotes":""},"class_list":["post-7884","page","type-page","status-publish","hentry"],"acf":[],"yoast_head":"<!-- This site is optimized with the Yoast SEO plugin v27.1.1 - https:\/\/yoast.com\/product\/yoast-seo-wordpress\/ -->\n<title>Dataskyddsutl\u00e5tande om behandlingen av kunders personuppgifter vid Retta Is\u00e4nn\u00f6inti\u00a0 - Retta<\/title>\n<meta name=\"description\" content=\"Dataskyddsutl\u00e5tande om behandlingen av kunders personuppgifter vid Retta Is\u00e4nn\u00f6inti&nbsp; Retta Is\u00e4nn\u00f6inti Oy producerar v\u00e4rdtj\u00e4nster f\u00f6r husbolag som \u00e4r\" \/>\n<meta name=\"robots\" content=\"index, follow, max-snippet:-1, max-image-preview:large, max-video-preview:-1\" \/>\n<link rel=\"canonical\" href=\"https:\/\/retta.fi\/sv\/dataskyddsutlatande-om-behandlingen-av-kunders-personuppgifter-vid-retta-isannointi\/\" \/>\n<meta property=\"og:locale\" content=\"sv_SE\" \/>\n<meta property=\"og:type\" content=\"article\" \/>\n<meta property=\"og:title\" content=\"Dataskyddsutl\u00e5tande om behandlingen av kunders personuppgifter vid Retta Is\u00e4nn\u00f6inti\u00a0 - Retta\" \/>\n<meta property=\"og:description\" content=\"Dataskyddsutl\u00e5tande om behandlingen av kunders personuppgifter vid Retta Is\u00e4nn\u00f6inti&nbsp; Retta Is\u00e4nn\u00f6inti Oy producerar v\u00e4rdtj\u00e4nster f\u00f6r husbolag som \u00e4r\" \/>\n<meta property=\"og:url\" content=\"https:\/\/retta.fi\/sv\/dataskyddsutlatande-om-behandlingen-av-kunders-personuppgifter-vid-retta-isannointi\/\" \/>\n<meta property=\"og:site_name\" content=\"Retta\" \/>\n<meta property=\"article:modified_time\" content=\"2024-12-14T11:21:54+00:00\" \/>\n<meta property=\"og:image\" content=\"https:\/\/retta.fi\/wp-content\/uploads\/2022\/04\/retta_somejako.png\" \/>\n\t<meta property=\"og:image:width\" content=\"1200\" \/>\n\t<meta property=\"og:image:height\" content=\"630\" \/>\n\t<meta property=\"og:image:type\" content=\"image\/png\" \/>\n<meta name=\"twitter:card\" content=\"summary_large_image\" \/>\n<script type=\"application\/ld+json\" class=\"yoast-schema-graph\">{\"@context\":\"https:\/\/schema.org\",\"@graph\":[{\"@type\":\"WebPage\",\"@id\":\"https:\/\/retta.fi\/sv\/dataskyddsutlatande-om-behandlingen-av-kunders-personuppgifter-vid-retta-isannointi\/\",\"url\":\"https:\/\/retta.fi\/sv\/dataskyddsutlatande-om-behandlingen-av-kunders-personuppgifter-vid-retta-isannointi\/\",\"name\":\"Dataskyddsutl\u00e5tande om behandlingen av kunders personuppgifter vid Retta Is\u00e4nn\u00f6inti\u00a0 - Retta\",\"isPartOf\":{\"@id\":\"https:\/\/retta.fi\/sv\/#website\"},\"datePublished\":\"2022-08-26T11:41:21+00:00\",\"dateModified\":\"2024-12-14T11:21:54+00:00\",\"description\":\"Dataskyddsutl\u00e5tande om behandlingen av kunders personuppgifter vid Retta Is\u00e4nn\u00f6inti&nbsp; Retta Is\u00e4nn\u00f6inti Oy producerar v\u00e4rdtj\u00e4nster f\u00f6r husbolag som \u00e4r\",\"breadcrumb\":{\"@id\":\"https:\/\/retta.fi\/sv\/dataskyddsutlatande-om-behandlingen-av-kunders-personuppgifter-vid-retta-isannointi\/#breadcrumb\"},\"inLanguage\":\"sv-SE\",\"potentialAction\":[{\"@type\":\"ReadAction\",\"target\":[\"https:\/\/retta.fi\/sv\/dataskyddsutlatande-om-behandlingen-av-kunders-personuppgifter-vid-retta-isannointi\/\"]}]},{\"@type\":\"BreadcrumbList\",\"@id\":\"https:\/\/retta.fi\/sv\/dataskyddsutlatande-om-behandlingen-av-kunders-personuppgifter-vid-retta-isannointi\/#breadcrumb\",\"itemListElement\":[{\"@type\":\"ListItem\",\"position\":1,\"name\":\"Framsida\",\"item\":\"https:\/\/retta.fi\/sv\/\"},{\"@type\":\"ListItem\",\"position\":2,\"name\":\"Dataskyddsutl\u00e5tande om behandlingen av kunders personuppgifter vid Retta Is\u00e4nn\u00f6inti\u00a0\"}]},{\"@type\":\"WebSite\",\"@id\":\"https:\/\/retta.fi\/sv\/#website\",\"url\":\"https:\/\/retta.fi\/sv\/\",\"name\":\"Retta\",\"description\":\"\",\"publisher\":{\"@id\":\"https:\/\/retta.fi\/sv\/#organization\"},\"potentialAction\":[{\"@type\":\"SearchAction\",\"target\":{\"@type\":\"EntryPoint\",\"urlTemplate\":\"https:\/\/retta.fi\/sv\/?s={search_term_string}\"},\"query-input\":{\"@type\":\"PropertyValueSpecification\",\"valueRequired\":true,\"valueName\":\"search_term_string\"}}],\"inLanguage\":\"sv-SE\"},{\"@type\":\"Organization\",\"@id\":\"https:\/\/retta.fi\/sv\/#organization\",\"name\":\"Retta\",\"url\":\"https:\/\/retta.fi\/sv\/\",\"logo\":{\"@type\":\"ImageObject\",\"inLanguage\":\"sv-SE\",\"@id\":\"https:\/\/retta.fi\/sv\/#\/schema\/logo\/image\/\",\"url\":\"https:\/\/retta.fi\/wp-content\/uploads\/2022\/04\/retta_somejako.png\",\"contentUrl\":\"https:\/\/retta.fi\/wp-content\/uploads\/2022\/04\/retta_somejako.png\",\"width\":1200,\"height\":630,\"caption\":\"Retta\"},\"image\":{\"@id\":\"https:\/\/retta.fi\/sv\/#\/schema\/logo\/image\/\"}}]}<\/script>\n<!-- \/ Yoast SEO plugin. -->","yoast_head_json":{"title":"Dataskyddsutl\u00e5tande om behandlingen av kunders personuppgifter vid Retta Is\u00e4nn\u00f6inti\u00a0 - Retta","description":"Dataskyddsutl\u00e5tande om behandlingen av kunders personuppgifter vid Retta Is\u00e4nn\u00f6inti&nbsp; Retta Is\u00e4nn\u00f6inti Oy producerar v\u00e4rdtj\u00e4nster f\u00f6r husbolag som \u00e4r","robots":{"index":"index","follow":"follow","max-snippet":"max-snippet:-1","max-image-preview":"max-image-preview:large","max-video-preview":"max-video-preview:-1"},"canonical":"https:\/\/retta.fi\/sv\/dataskyddsutlatande-om-behandlingen-av-kunders-personuppgifter-vid-retta-isannointi\/","og_locale":"sv_SE","og_type":"article","og_title":"Dataskyddsutl\u00e5tande om behandlingen av kunders personuppgifter vid Retta Is\u00e4nn\u00f6inti\u00a0 - Retta","og_description":"Dataskyddsutl\u00e5tande om behandlingen av kunders personuppgifter vid Retta Is\u00e4nn\u00f6inti&nbsp; Retta Is\u00e4nn\u00f6inti Oy producerar v\u00e4rdtj\u00e4nster f\u00f6r husbolag som \u00e4r","og_url":"https:\/\/retta.fi\/sv\/dataskyddsutlatande-om-behandlingen-av-kunders-personuppgifter-vid-retta-isannointi\/","og_site_name":"Retta","article_modified_time":"2024-12-14T11:21:54+00:00","og_image":[{"width":1200,"height":630,"url":"https:\/\/retta.fi\/wp-content\/uploads\/2022\/04\/retta_somejako.png","type":"image\/png"}],"twitter_card":"summary_large_image","schema":{"@context":"https:\/\/schema.org","@graph":[{"@type":"WebPage","@id":"https:\/\/retta.fi\/sv\/dataskyddsutlatande-om-behandlingen-av-kunders-personuppgifter-vid-retta-isannointi\/","url":"https:\/\/retta.fi\/sv\/dataskyddsutlatande-om-behandlingen-av-kunders-personuppgifter-vid-retta-isannointi\/","name":"Dataskyddsutl\u00e5tande om behandlingen av kunders personuppgifter vid Retta Is\u00e4nn\u00f6inti\u00a0 - Retta","isPartOf":{"@id":"https:\/\/retta.fi\/sv\/#website"},"datePublished":"2022-08-26T11:41:21+00:00","dateModified":"2024-12-14T11:21:54+00:00","description":"Dataskyddsutl\u00e5tande om behandlingen av kunders personuppgifter vid Retta Is\u00e4nn\u00f6inti&nbsp; Retta Is\u00e4nn\u00f6inti Oy producerar v\u00e4rdtj\u00e4nster f\u00f6r husbolag som \u00e4r","breadcrumb":{"@id":"https:\/\/retta.fi\/sv\/dataskyddsutlatande-om-behandlingen-av-kunders-personuppgifter-vid-retta-isannointi\/#breadcrumb"},"inLanguage":"sv-SE","potentialAction":[{"@type":"ReadAction","target":["https:\/\/retta.fi\/sv\/dataskyddsutlatande-om-behandlingen-av-kunders-personuppgifter-vid-retta-isannointi\/"]}]},{"@type":"BreadcrumbList","@id":"https:\/\/retta.fi\/sv\/dataskyddsutlatande-om-behandlingen-av-kunders-personuppgifter-vid-retta-isannointi\/#breadcrumb","itemListElement":[{"@type":"ListItem","position":1,"name":"Framsida","item":"https:\/\/retta.fi\/sv\/"},{"@type":"ListItem","position":2,"name":"Dataskyddsutl\u00e5tande om behandlingen av kunders personuppgifter vid Retta Is\u00e4nn\u00f6inti\u00a0"}]},{"@type":"WebSite","@id":"https:\/\/retta.fi\/sv\/#website","url":"https:\/\/retta.fi\/sv\/","name":"Retta","description":"","publisher":{"@id":"https:\/\/retta.fi\/sv\/#organization"},"potentialAction":[{"@type":"SearchAction","target":{"@type":"EntryPoint","urlTemplate":"https:\/\/retta.fi\/sv\/?s={search_term_string}"},"query-input":{"@type":"PropertyValueSpecification","valueRequired":true,"valueName":"search_term_string"}}],"inLanguage":"sv-SE"},{"@type":"Organization","@id":"https:\/\/retta.fi\/sv\/#organization","name":"Retta","url":"https:\/\/retta.fi\/sv\/","logo":{"@type":"ImageObject","inLanguage":"sv-SE","@id":"https:\/\/retta.fi\/sv\/#\/schema\/logo\/image\/","url":"https:\/\/retta.fi\/wp-content\/uploads\/2022\/04\/retta_somejako.png","contentUrl":"https:\/\/retta.fi\/wp-content\/uploads\/2022\/04\/retta_somejako.png","width":1200,"height":630,"caption":"Retta"},"image":{"@id":"https:\/\/retta.fi\/sv\/#\/schema\/logo\/image\/"}}]}},"_links":{"self":[{"href":"https:\/\/retta.fi\/sv\/wp-json\/wp\/v2\/pages\/7884","targetHints":{"allow":["GET"]}}],"collection":[{"href":"https:\/\/retta.fi\/sv\/wp-json\/wp\/v2\/pages"}],"about":[{"href":"https:\/\/retta.fi\/sv\/wp-json\/wp\/v2\/types\/page"}],"author":[{"embeddable":true,"href":"https:\/\/retta.fi\/sv\/wp-json\/wp\/v2\/users\/31"}],"replies":[{"embeddable":true,"href":"https:\/\/retta.fi\/sv\/wp-json\/wp\/v2\/comments?post=7884"}],"version-history":[{"count":6,"href":"https:\/\/retta.fi\/sv\/wp-json\/wp\/v2\/pages\/7884\/revisions"}],"predecessor-version":[{"id":44179,"href":"https:\/\/retta.fi\/sv\/wp-json\/wp\/v2\/pages\/7884\/revisions\/44179"}],"wp:attachment":[{"href":"https:\/\/retta.fi\/sv\/wp-json\/wp\/v2\/media?parent=7884"}],"curies":[{"name":"wp","href":"https:\/\/api.w.org\/{rel}","templated":true}]}}