{"id":53613,"date":"2025-12-01T12:09:03","date_gmt":"2025-12-01T10:09:03","guid":{"rendered":"https:\/\/retta.fi\/?page_id=53613"},"modified":"2025-12-01T12:45:14","modified_gmt":"2025-12-01T10:45:14","slug":"hissunderhallstjanster","status":"publish","type":"page","link":"https:\/\/retta.fi\/sv\/hissunderhallstjanster\/","title":{"rendered":"Hissunderh\u00e5llstj\u00e4nster"},"content":{"rendered":"<section id=\"acf-block-692d693f973ed\" class=\"block block-hero container-fluid default-bg has-bg-pattern\">\n        <div class=\"container\">\n        <div class=\"row\">\n            <div class=\"col-12 col-lg-8 hero-content-col\">\n                <div class=\"hero-content\">\n                    \n\n<h1 class=\"wp-block-heading\">Hissunderh\u00e5llstj\u00e4nster<\/h1>\n\n\n                <\/div>\n            <\/div>\n        <\/div>\n    <\/div>\n<\/section>\n\n\n\n<section id=\"acf-block-6927051276a43\" class=\"block block-content-wrapper container-fluid container-fluid \">\n    <div class=\"container\">\n        <div class=\"row\">\n            <div class=\"col-12 col-lg-8 offset-lg-2 col-hd-6 offset-hd-3\">\n                <main class=\"entry-content\">\n                    \n\n<h1 class=\"wp-block-heading\">M\u00f6jlighet att utnyttja f\u00e4rdigt konkurrensutsatta hissunderh\u00e5llstj\u00e4nster fr\u00e5n Ador Kiinteist\u00f6palvelut<\/h1>\n\n\n\n<figure class=\"wp-block-image size-full\"><img decoding=\"async\" width=\"1773\" height=\"1182\" src=\"https:\/\/retta.fi\/wp-content\/uploads\/2025\/11\/Hissi-ja-liukuporraskonsultointi.jpg\" alt=\"\" class=\"wp-image-53620\" srcset=\"https:\/\/retta.fi\/wp-content\/uploads\/2025\/11\/Hissi-ja-liukuporraskonsultointi.jpg 1773w, https:\/\/retta.fi\/wp-content\/uploads\/2025\/11\/Hissi-ja-liukuporraskonsultointi-632x421.jpg 632w, https:\/\/retta.fi\/wp-content\/uploads\/2025\/11\/Hissi-ja-liukuporraskonsultointi-360x240.jpg 360w, https:\/\/retta.fi\/wp-content\/uploads\/2025\/11\/Hissi-ja-liukuporraskonsultointi-768x512.jpg 768w\" sizes=\"(max-width: 575px) 100vw, (max-width: 767px) 510px, (max-width: 991px) 290px, (max-width: 1199px) 530px, 840px\" \/><\/figure>\n\n\n\n<p class=\"is-style-lead\">Bostadsaktiebolaget \u00e4r skyldigt att se till att hissen fungerar och \u00e4r s\u00e4ker att anv\u00e4nda. Genom regelbundet underh\u00e5ll och service kan man f\u00f6rebygga kostsamma reparationer. Professionell och f\u00f6rebyggande hissservice f\u00f6rb\u00e4ttrar s\u00e4kerheten, drifts\u00e4kerheten och komforten, samtidigt som den f\u00f6rl\u00e4nger hissens livsl\u00e4ngd. Med individuellt anpassade serviceprogram kan man i h\u00f6g grad minska ov\u00e4ntade driftstopp. Som kund hos Retta har ert bostadsbolag nu m\u00f6jlighet att utnyttja Ador Kiinteist\u00f6palvelut konkurrensutsatta hissunderh\u00e5llstj\u00e4nster. Underleverant\u00f6r f\u00f6r tj\u00e4nsten \u00e4r Otis Oy, som underh\u00e5ller hissar av alla tillverkare<\/p>\n\n\n\n<p><\/p>\n\n\n\n<div style=\"height:7px\" aria-hidden=\"true\" class=\"wp-block-spacer\"><\/div>\n\n\n\n<h2 class=\"wp-block-heading has-text-align-center\"><strong>Best\u00e4ll hissunderh\u00e5llstj\u00e4nster via din egen disponent!<\/strong><\/h2>\n\n\n\n<p><br><br><br><strong>Grundservice (brons)<\/strong><\/p>\n\n\n\n<p>\u00c5rspris per hiss: <strong>175,70 \u20ac inkl. moms 25,5 %<\/strong><br>(marknadens genomsnittspris fr\u00e5n ca 310 \u20ac, inkl. moms 25,5 %)<\/p>\n\n\n\n<p>Grundservice omfattar f\u00f6rebyggande underh\u00e5ll, 24\/7 supporttj\u00e4nster samt hantering av inspektioner. Reparationer faktureras separat.<\/p>\n\n\n\n<ul class=\"wp-block-list\">\n<li>F\u00f6rebyggande underh\u00e5ll enligt individuellt serviceprogram, inklusive resekostnader f\u00f6r servicebes\u00f6k<\/li>\n\n\n\n<li>Nationellt OtisLine-servicecenter 24\/7 \u00e5ret runt<\/li>\n\n\n\n<li>R\u00e4ddningstj\u00e4nst 24\/7 \u00e5ret runt<\/li>\n\n\n\n<li>Eventuella reparationer faktureras separat<\/li>\n\n\n\n<li>Hantering av periodiska inspektioner: tidsplanering av lagstadgad inspektion vartannat \u00e5r tillsammans med auktoriserat inspektionsorgan (exkl. extra arbetskraft, faktureras separat)<\/li>\n\n\n\n<li>Normala servicearbetstider vardagar kl. 7.00\u201316.00<\/li>\n\n\n\n<li>L\u00e5ngsiktig uppeh\u00e5llsplanering tillsammans med best\u00e4llaren<\/li>\n<\/ul>\n\n\n\n<div style=\"height:19px\" aria-hidden=\"true\" class=\"wp-block-spacer\"><\/div>\n\n\n\n<p><strong>Ut\u00f6kad basservice (silver)<\/strong><\/p>\n\n\n\n<p>\u00c5rspris per hiss: <strong>376,50 \u20ac inkl. moms 25,5 %<\/strong><br>(marknadens genomsnittspris fr\u00e5n ca 500 \u20ac, inkl. moms 25,5 %)<\/p>\n\n\n\n<p>Ut\u00f6kad basservice omfattar uppeh\u00e5ll samt reparation av mindre driftst\u00f6rningar, extra arbetskraft vid periodiska inspektioner vartannat \u00e5r och sm\u00e5 reservdelar. Avtalet underl\u00e4ttar budgeteringen f\u00f6r hissunderh\u00e5ll.<\/p>\n\n\n\n<p>Basservicepaketets inneh\u00e5ll plus:<\/p>\n\n\n\n<ul class=\"wp-block-list\">\n<li>Assistans vid periodiska inspektioner (inkl. arbetskraft och resekostnader vartannat \u00e5r)<\/li>\n\n\n\n<li>Reparationer som tar h\u00f6gst tv\u00e5 (2) timmar och inte kr\u00e4ver reservdelar<\/li>\n\n\n\n<li>Sm\u00e5 reservdelar, t.ex. signallampor, sm\u00e5 gummistopp f\u00f6r d\u00f6rrar etc.<\/li>\n<\/ul>\n\n\n\n<div style=\"height:19px\" aria-hidden=\"true\" class=\"wp-block-spacer\"><\/div>\n\n\n\n<p><strong>Fullservice (guld)<\/strong><\/p>\n\n\n\n<p>\u00c5rspris per hiss: <strong>1129,50 \u20ac inkl. moms 25,5 %<\/strong><br>(marknadens genomsnittspris fr\u00e5n ca 1500 \u20ac, inkl. moms 25,5 %)<\/p>\n\n\n\n<p>Fullserviceavtalet kan j\u00e4mf\u00f6ras med en f\u00f6rs\u00e4kring och \u00e4r l\u00e4mpligt f\u00f6r de flesta hissar som \u00e4r yngre \u00e4n 10 \u00e5r. Fullservice \u00e4r ett bra alternativ om man vill ha enkel budgetering f\u00f6r hissunderh\u00e5ll.<\/p>\n\n\n\n<ul class=\"wp-block-list\">\n<li>Pris per enhet per \u00e5r<\/li>\n\n\n\n<li>Innan avtalet tr\u00e4der i kraft g\u00f6rs en teknisk inspektion f\u00f6r att fastst\u00e4lla om hissen kan omfattas av fullservice och p\u00e5 vilka villkor<\/li>\n\n\n\n<li>Avtalsinneh\u00e5llet kan begr\u00e4nsas baserat p\u00e5 inspektionsresultatet<\/li>\n\n\n\n<li>Fullservice omfattar grund- och ut\u00f6kad service samt:<\/li>\n\n\n\n<li>Reparationer och reservdelar f\u00f6r fel som uppst\u00e5r vid normal anv\u00e4ndning och slitage, med undantag f\u00f6r:\n<ul class=\"wp-block-list\">\n<li>Frekvensomriktare<\/li>\n\n\n\n<li>Lyftmaskiner<\/li>\n\n\n\n<li>Lyftremmar (andra \u00e4n Otis)<\/li>\n\n\n\n<li>Linor, trissor och andra lyftkomponenter f\u00f6r hissar utan motvikt och Nanospace-hissar<\/li>\n\n\n\n<li>Hydraulcylindrar<\/li>\n\n\n\n<li>St\u00f6rre styr- och kontrollkort<\/li>\n\n\n\n<li>F\u00f6rb\u00e4ttringar eller reparationer som h\u00f6jer hissens ursprungliga niv\u00e5<\/li>\n<\/ul>\n<\/li>\n\n\n\n<li>Reparationer utf\u00f6rs vardagar kl. 7.00\u201316.00<\/li>\n\n\n\n<li>\u00d6vertidsarbete faktureras enligt prislista, men reservdelar ing\u00e5r i avtalspriset<\/li>\n\n\n\n<li>Fullservice omfattar inte skador orsakade av yttre faktorer eller av anv\u00e4ndarens v\u00e5rdsl\u00f6shet<\/li>\n<\/ul>\n\n\n                <\/main>\n            <\/div>\n        <\/div>\n    <\/div>\n<\/section>\n\n\n<p><\/p>\n","protected":false},"excerpt":{"rendered":"","protected":false},"author":42,"featured_media":0,"parent":0,"menu_order":0,"comment_status":"closed","ping_status":"closed","template":"","meta":{"_acf_changed":false,"_relevanssi_hide_post":"","_relevanssi_hide_content":"","_relevanssi_pin_for_all":"","_relevanssi_pin_keywords":"","_relevanssi_unpin_keywords":"","_relevanssi_related_keywords":"","_relevanssi_related_include_ids":"","_relevanssi_related_exclude_ids":"","_relevanssi_related_no_append":"","_relevanssi_related_not_related":"","_relevanssi_related_posts":"1916,42394,1888,1876,1904,44312","_relevanssi_noindex_reason":"","footnotes":""},"class_list":["post-53613","page","type-page","status-publish","hentry"],"acf":[],"yoast_head":"<!-- This site is optimized with the Yoast SEO plugin v27.4 - https:\/\/yoast.com\/product\/yoast-seo-wordpress\/ -->\n<title>Hissunderh\u00e5llstj\u00e4nster - Retta<\/title>\n<meta name=\"description\" content=\"Hissunderh\u00e5llstj\u00e4nster M\u00f6jlighet att utnyttja f\u00e4rdigt konkurrensutsatta hissunderh\u00e5llstj\u00e4nster fr\u00e5n Ador Kiinteist\u00f6palvelut Bostadsaktiebolaget \u00e4r\" \/>\n<meta name=\"robots\" content=\"index, follow, max-snippet:-1, max-image-preview:large, max-video-preview:-1\" \/>\n<link rel=\"canonical\" href=\"https:\/\/retta.fi\/sv\/hissunderhallstjanster\/\" \/>\n<meta property=\"og:locale\" content=\"sv_SE\" \/>\n<meta property=\"og:type\" content=\"article\" \/>\n<meta property=\"og:title\" content=\"Hissunderh\u00e5llstj\u00e4nster - Retta\" \/>\n<meta property=\"og:description\" content=\"Hissunderh\u00e5llstj\u00e4nster M\u00f6jlighet att utnyttja f\u00e4rdigt konkurrensutsatta hissunderh\u00e5llstj\u00e4nster fr\u00e5n Ador Kiinteist\u00f6palvelut Bostadsaktiebolaget \u00e4r\" \/>\n<meta property=\"og:url\" content=\"https:\/\/retta.fi\/sv\/hissunderhallstjanster\/\" \/>\n<meta property=\"og:site_name\" content=\"Retta\" \/>\n<meta property=\"article:modified_time\" content=\"2025-12-01T10:45:14+00:00\" \/>\n<meta property=\"og:image\" content=\"https:\/\/retta.fi\/wp-content\/uploads\/2025\/11\/Hissi-ja-liukuporraskonsultointi.jpg\" \/>\n\t<meta property=\"og:image:width\" content=\"1773\" \/>\n\t<meta property=\"og:image:height\" content=\"1182\" \/>\n\t<meta property=\"og:image:type\" content=\"image\/jpeg\" \/>\n<meta name=\"twitter:card\" content=\"summary_large_image\" \/>\n<script type=\"application\/ld+json\" class=\"yoast-schema-graph\">{\"@context\":\"https:\\\/\\\/schema.org\",\"@graph\":[{\"@type\":\"WebPage\",\"@id\":\"https:\\\/\\\/retta.fi\\\/sv\\\/hissunderhallstjanster\\\/\",\"url\":\"https:\\\/\\\/retta.fi\\\/sv\\\/hissunderhallstjanster\\\/\",\"name\":\"Hissunderh\u00e5llstj\u00e4nster - Retta\",\"isPartOf\":{\"@id\":\"https:\\\/\\\/retta.fi\\\/sv\\\/#website\"},\"primaryImageOfPage\":{\"@id\":\"https:\\\/\\\/retta.fi\\\/sv\\\/hissunderhallstjanster\\\/#primaryimage\"},\"image\":{\"@id\":\"https:\\\/\\\/retta.fi\\\/sv\\\/hissunderhallstjanster\\\/#primaryimage\"},\"thumbnailUrl\":\"https:\\\/\\\/retta.fi\\\/wp-content\\\/uploads\\\/2025\\\/11\\\/Hissi-ja-liukuporraskonsultointi.jpg\",\"datePublished\":\"2025-12-01T10:09:03+00:00\",\"dateModified\":\"2025-12-01T10:45:14+00:00\",\"description\":\"Hissunderh\u00e5llstj\u00e4nster M\u00f6jlighet att utnyttja f\u00e4rdigt konkurrensutsatta hissunderh\u00e5llstj\u00e4nster fr\u00e5n Ador Kiinteist\u00f6palvelut Bostadsaktiebolaget \u00e4r\",\"breadcrumb\":{\"@id\":\"https:\\\/\\\/retta.fi\\\/sv\\\/hissunderhallstjanster\\\/#breadcrumb\"},\"inLanguage\":\"sv-SE\",\"potentialAction\":[{\"@type\":\"ReadAction\",\"target\":[\"https:\\\/\\\/retta.fi\\\/sv\\\/hissunderhallstjanster\\\/\"]}]},{\"@type\":\"ImageObject\",\"inLanguage\":\"sv-SE\",\"@id\":\"https:\\\/\\\/retta.fi\\\/sv\\\/hissunderhallstjanster\\\/#primaryimage\",\"url\":\"https:\\\/\\\/retta.fi\\\/wp-content\\\/uploads\\\/2025\\\/11\\\/Hissi-ja-liukuporraskonsultointi.jpg\",\"contentUrl\":\"https:\\\/\\\/retta.fi\\\/wp-content\\\/uploads\\\/2025\\\/11\\\/Hissi-ja-liukuporraskonsultointi.jpg\"},{\"@type\":\"BreadcrumbList\",\"@id\":\"https:\\\/\\\/retta.fi\\\/sv\\\/hissunderhallstjanster\\\/#breadcrumb\",\"itemListElement\":[{\"@type\":\"ListItem\",\"position\":1,\"name\":\"Framsida\",\"item\":\"https:\\\/\\\/retta.fi\\\/sv\\\/\"},{\"@type\":\"ListItem\",\"position\":2,\"name\":\"Hissunderh\u00e5llstj\u00e4nster\"}]},{\"@type\":\"WebSite\",\"@id\":\"https:\\\/\\\/retta.fi\\\/sv\\\/#website\",\"url\":\"https:\\\/\\\/retta.fi\\\/sv\\\/\",\"name\":\"Retta\",\"description\":\"\",\"publisher\":{\"@id\":\"https:\\\/\\\/retta.fi\\\/sv\\\/#organization\"},\"potentialAction\":[{\"@type\":\"SearchAction\",\"target\":{\"@type\":\"EntryPoint\",\"urlTemplate\":\"https:\\\/\\\/retta.fi\\\/sv\\\/?s={search_term_string}\"},\"query-input\":{\"@type\":\"PropertyValueSpecification\",\"valueRequired\":true,\"valueName\":\"search_term_string\"}}],\"inLanguage\":\"sv-SE\"},{\"@type\":\"Organization\",\"@id\":\"https:\\\/\\\/retta.fi\\\/sv\\\/#organization\",\"name\":\"Retta\",\"url\":\"https:\\\/\\\/retta.fi\\\/sv\\\/\",\"logo\":{\"@type\":\"ImageObject\",\"inLanguage\":\"sv-SE\",\"@id\":\"https:\\\/\\\/retta.fi\\\/sv\\\/#\\\/schema\\\/logo\\\/image\\\/\",\"url\":\"https:\\\/\\\/retta.fi\\\/wp-content\\\/uploads\\\/2022\\\/04\\\/retta_somejako.png\",\"contentUrl\":\"https:\\\/\\\/retta.fi\\\/wp-content\\\/uploads\\\/2022\\\/04\\\/retta_somejako.png\",\"width\":1200,\"height\":630,\"caption\":\"Retta\"},\"image\":{\"@id\":\"https:\\\/\\\/retta.fi\\\/sv\\\/#\\\/schema\\\/logo\\\/image\\\/\"}}]}<\/script>\n<!-- \/ Yoast SEO plugin. -->","yoast_head_json":{"title":"Hissunderh\u00e5llstj\u00e4nster - Retta","description":"Hissunderh\u00e5llstj\u00e4nster M\u00f6jlighet att utnyttja f\u00e4rdigt konkurrensutsatta hissunderh\u00e5llstj\u00e4nster fr\u00e5n Ador Kiinteist\u00f6palvelut Bostadsaktiebolaget \u00e4r","robots":{"index":"index","follow":"follow","max-snippet":"max-snippet:-1","max-image-preview":"max-image-preview:large","max-video-preview":"max-video-preview:-1"},"canonical":"https:\/\/retta.fi\/sv\/hissunderhallstjanster\/","og_locale":"sv_SE","og_type":"article","og_title":"Hissunderh\u00e5llstj\u00e4nster - Retta","og_description":"Hissunderh\u00e5llstj\u00e4nster M\u00f6jlighet att utnyttja f\u00e4rdigt konkurrensutsatta hissunderh\u00e5llstj\u00e4nster fr\u00e5n Ador Kiinteist\u00f6palvelut Bostadsaktiebolaget \u00e4r","og_url":"https:\/\/retta.fi\/sv\/hissunderhallstjanster\/","og_site_name":"Retta","article_modified_time":"2025-12-01T10:45:14+00:00","og_image":[{"width":1773,"height":1182,"url":"https:\/\/retta.fi\/wp-content\/uploads\/2025\/11\/Hissi-ja-liukuporraskonsultointi.jpg","type":"image\/jpeg"}],"twitter_card":"summary_large_image","schema":{"@context":"https:\/\/schema.org","@graph":[{"@type":"WebPage","@id":"https:\/\/retta.fi\/sv\/hissunderhallstjanster\/","url":"https:\/\/retta.fi\/sv\/hissunderhallstjanster\/","name":"Hissunderh\u00e5llstj\u00e4nster - Retta","isPartOf":{"@id":"https:\/\/retta.fi\/sv\/#website"},"primaryImageOfPage":{"@id":"https:\/\/retta.fi\/sv\/hissunderhallstjanster\/#primaryimage"},"image":{"@id":"https:\/\/retta.fi\/sv\/hissunderhallstjanster\/#primaryimage"},"thumbnailUrl":"https:\/\/retta.fi\/wp-content\/uploads\/2025\/11\/Hissi-ja-liukuporraskonsultointi.jpg","datePublished":"2025-12-01T10:09:03+00:00","dateModified":"2025-12-01T10:45:14+00:00","description":"Hissunderh\u00e5llstj\u00e4nster M\u00f6jlighet att utnyttja f\u00e4rdigt konkurrensutsatta hissunderh\u00e5llstj\u00e4nster fr\u00e5n Ador Kiinteist\u00f6palvelut Bostadsaktiebolaget \u00e4r","breadcrumb":{"@id":"https:\/\/retta.fi\/sv\/hissunderhallstjanster\/#breadcrumb"},"inLanguage":"sv-SE","potentialAction":[{"@type":"ReadAction","target":["https:\/\/retta.fi\/sv\/hissunderhallstjanster\/"]}]},{"@type":"ImageObject","inLanguage":"sv-SE","@id":"https:\/\/retta.fi\/sv\/hissunderhallstjanster\/#primaryimage","url":"https:\/\/retta.fi\/wp-content\/uploads\/2025\/11\/Hissi-ja-liukuporraskonsultointi.jpg","contentUrl":"https:\/\/retta.fi\/wp-content\/uploads\/2025\/11\/Hissi-ja-liukuporraskonsultointi.jpg"},{"@type":"BreadcrumbList","@id":"https:\/\/retta.fi\/sv\/hissunderhallstjanster\/#breadcrumb","itemListElement":[{"@type":"ListItem","position":1,"name":"Framsida","item":"https:\/\/retta.fi\/sv\/"},{"@type":"ListItem","position":2,"name":"Hissunderh\u00e5llstj\u00e4nster"}]},{"@type":"WebSite","@id":"https:\/\/retta.fi\/sv\/#website","url":"https:\/\/retta.fi\/sv\/","name":"Retta","description":"","publisher":{"@id":"https:\/\/retta.fi\/sv\/#organization"},"potentialAction":[{"@type":"SearchAction","target":{"@type":"EntryPoint","urlTemplate":"https:\/\/retta.fi\/sv\/?s={search_term_string}"},"query-input":{"@type":"PropertyValueSpecification","valueRequired":true,"valueName":"search_term_string"}}],"inLanguage":"sv-SE"},{"@type":"Organization","@id":"https:\/\/retta.fi\/sv\/#organization","name":"Retta","url":"https:\/\/retta.fi\/sv\/","logo":{"@type":"ImageObject","inLanguage":"sv-SE","@id":"https:\/\/retta.fi\/sv\/#\/schema\/logo\/image\/","url":"https:\/\/retta.fi\/wp-content\/uploads\/2022\/04\/retta_somejako.png","contentUrl":"https:\/\/retta.fi\/wp-content\/uploads\/2022\/04\/retta_somejako.png","width":1200,"height":630,"caption":"Retta"},"image":{"@id":"https:\/\/retta.fi\/sv\/#\/schema\/logo\/image\/"}}]}},"_links":{"self":[{"href":"https:\/\/retta.fi\/sv\/wp-json\/wp\/v2\/pages\/53613","targetHints":{"allow":["GET"]}}],"collection":[{"href":"https:\/\/retta.fi\/sv\/wp-json\/wp\/v2\/pages"}],"about":[{"href":"https:\/\/retta.fi\/sv\/wp-json\/wp\/v2\/types\/page"}],"author":[{"embeddable":true,"href":"https:\/\/retta.fi\/sv\/wp-json\/wp\/v2\/users\/42"}],"replies":[{"embeddable":true,"href":"https:\/\/retta.fi\/sv\/wp-json\/wp\/v2\/comments?post=53613"}],"version-history":[{"count":15,"href":"https:\/\/retta.fi\/sv\/wp-json\/wp\/v2\/pages\/53613\/revisions"}],"predecessor-version":[{"id":54278,"href":"https:\/\/retta.fi\/sv\/wp-json\/wp\/v2\/pages\/53613\/revisions\/54278"}],"wp:attachment":[{"href":"https:\/\/retta.fi\/sv\/wp-json\/wp\/v2\/media?parent=53613"}],"curies":[{"name":"wp","href":"https:\/\/api.w.org\/{rel}","templated":true}]}}