{"id":466,"date":"2022-04-21T15:59:25","date_gmt":"2022-04-21T12:59:25","guid":{"rendered":"https:\/\/retta.fi\/toihin-realialle\/"},"modified":"2024-12-17T11:43:55","modified_gmt":"2024-12-17T09:43:55","slug":"lediga-platser","status":"publish","type":"page","link":"https:\/\/retta.fi\/sv\/jobba-for-oss\/lediga-platser\/","title":{"rendered":"Lediga platser"},"content":{"rendered":"<section id=\"acf-block-63875a7305be8\" class=\"block block-hero container-fluid ct-darkgreen bg-darkgreen \">\n        <div class=\"container\">\n        <div class=\"row\">\n            <div class=\"col-12 col-lg-8 hero-content-col\">\n                <div class=\"hero-content\">\n                    \n\n<h1 class=\"wp-block-heading\">Lediga <em>platser<\/em><\/h1>\n\n\n                <\/div>\n            <\/div>\n        <\/div>\n    <\/div>\n<\/section>\n\n\n\n<section id=\"acf-block-63875a7305c09\"    class=\"block block-image-and-content container-fluid default-bg has-bg-pattern\">\n    <div class=\"container\">\n        <div class=\"row justify-content-between\">\n            <div class=\"col-12 col-lg-6  img-col\">\n                <div class=\"wp-block-image\">\n                    <div class=\"alignleft\"><img decoding=\"async\" src=\"https:\/\/retta.fi\/wp-content\/uploads\/2024\/07\/HK_rekrykuva-1920x1280.jpg\" width=\"864\" height=\"576\" alt=\"Ty\u00f6paikkailmoituksen kuvituskuva - rekry\" loading=\"lazy\"><\/div>\n                <\/div>\n            <\/div>\n            <div class=\"col-12 col-lg-5\">\n                <main class=\"entry-content\">\n                    \n\n<p><strong>Retta Is\u00e4nn\u00f6inti erbjuder ett jobb d\u00e4r du f\u00e5r utvecklas, ta ansvar och forma framtiden inom disponentbranschen.<\/strong><\/p>\n\n\n\n<p>Genom att arbeta p\u00e5 Retta Is\u00e4nn\u00f6inti blir du en del av en professionell och utvecklingsorienterad arbetsgemenskap d\u00e4r alla f\u00e5r vara sig sj\u00e4lva.<\/p>\n\n\n\n<p>I v\u00e5rt gemensamma arbete ger vi utrymme f\u00f6r gl\u00e4dje och uppskatning av varandra. Vi arbetar ansvarsfullt och med stort engagemang.<\/p>\n\n\n\n<p>Som ett rikst\u00e4ckande f\u00f6retag erbjuder vi varierande arbetsuppgifter, m\u00f6jlighet till den karri\u00e4rv\u00e4g du \u00f6nskar och st\u00f6d fr\u00e5n kompetenta kollegor.<\/p>\n\n\n\n<p><\/p>\n\n\n\n<div class=\"wp-block-buttons is-layout-flex wp-block-buttons-is-layout-flex\"><\/div>\n\n\n                <\/main>\n            <\/div>\n        <\/div>\n    <\/div>\n<\/section>\n\n\n<section id=\"acf-block-63875a7305c9f\" class=\"block block-two-innerblocks container-fluid ct-beige bg-beige \">\n    <div class=\"container\">\n        <div class=\"row justify-content-between\">\n            \n<div class=\"block-innerblocks-container-narrow col-12 col-lg-5 entry-content\">\n    \n\n<h2 class=\"wp-block-heading\" id=\"avoimet-tyopaikat\"><strong>Lediga tj\u00e4nster<\/strong><\/h2>\n\n\n\n<p>Vi erbjuder m\u00e5ngsidiga arbetsuppgifter inom disponentbranschen. V\u00e5ra lediga tj\u00e4nster uppdateras l\u00f6pande i tabellen h\u00e4r bredvid. Observera att listan f\u00f6r tillf\u00e4llet inkluderar \u00e4ven lediga tj\u00e4nster hos Retta Management och Huoneistokeskus.<\/p>\n\n\n\n<p>Du kan ocks\u00e5 anm\u00e4la dig till jobbvakten om du vill bli informerad om nya lediga tj\u00e4nster som matchar dina \u00f6nskem\u00e5l.<\/p>\n\n\n\n<div class=\"wp-block-buttons is-layout-flex wp-block-buttons-is-layout-flex\">\n<div class=\"wp-block-button\"><a class=\"wp-block-button__link has-darkgreen-background-color has-background wp-element-button\" href=\"https:\/\/web103.reachmee.com\/ext\/I021\/1872\/subscribe?site=9&amp;lang=FI&amp;validator=3754c7ff3569ca85d74613a6d58a9e2f\" target=\"_blank\" rel=\"noreferrer noopener\">Best\u00e4ll jobbvakten<\/a><\/div>\n<\/div>\n\n\n<\/div>\n\n\n<div class=\"block-innerblocks-container col-12 col-lg-6 entry-content\">\n    \n\n\n<div class=\"element block-job-list\">\n\n        <p><strong>Ei avoimia ty\u00f6paikkoja t\u00e4ll\u00e4 hetkell\u00e4.<\/strong><\/p>\n    <\/div>\n<script type=\"text\/javascript\">\nfunction retta_reachmee_job_list_tracking() {\n    \/\/ console.log(\"reachmee_insights_track_job_list_view\");\n    window.reachmee_insights_track_job_list_view();\n}\n<\/script>\n<script defer type=\"text\/plain\" class=\"optanon-category-C0002\" onload=\"retta_reachmee_job_list_tracking()\"\n    src=\"https:\/\/web103.reachmee.com\/customerjs\/v1\/tracking.js?customer=1872&#038;site=9\">\n<\/script>\n<script defer type=\"text\/plain\" class=\"optanon-category-C0002\" type=\"text\/javascript\">\n    !function(b,c,f,g,h,i,j){b[h]||(b[h]=function(){(b[h].q=b[h].q||[]).push(arguments)},b[h].q=b[h].q||[],i=c.createElement(f),j=c.getElementsByTagName(f)[0],i.async=1,i.src=g,j.parentNode.insertBefore(i,j))}(window,document,\"script\",\"https:\/\/cdn.ontame.io\/realia.js\",\"ontame\");\n<\/script>\n\n<\/div>\n\n        <\/div>\n    <\/div>\n<\/section>\n\n\n<section id=\"acf-block-63875a7305cd9\" class=\"block block-content-list container-fluid \">\n        <div class=\"container title-container\">\n        <div class=\"row\">\n            <div class=\"col-12 col-lg-7 title-col\">\n                <h2>\u00d6ppen ans\u00f6kan och praktikplatser<\/h2>\n            <\/div>\n        <\/div>\n    <\/div>\n        \n\n<div class=\"element block-content-list-item\">\n    <div class=\"container item-container has-border\">\n        <div class=\"row justify-content-between\">\n            <div class=\"col-12 col-lg-5 img-col entry-content\">\n                                <img decoding=\"async\" src=\"https:\/\/retta.fi\/wp-content\/uploads\/2024\/09\/suomen_taloyhtiot_kuntoon_hero_nostokuva_3-632x474.webp\" width=\"632\" height=\"474\" class=\"content-list-item-img\" alt=\"\" loading=\"lazy\">                            <\/div>\n            <div class=\"col-12 col-lg-6\">\n                <main class=\"entry-content\">\n                    \n\n<p>Vi erbjuder praktikplatser f\u00f6r studerande inom bl.a. fastighetsf\u00f6rvaltning och ekonomi. Hos oss arbetar det kontinuerligt praktikanter runt om i Finland. Vi str\u00e4var efter att anst\u00e4lla en stor del av v\u00e5ra praktikanter efter avslutad praktikperiod.<\/p>\n\n\n\n<p>V\u00e4nligen ange i din ans\u00f6kan mer information om dina studier samt vilken tidsperiod du s\u00f6ker praktikplats f\u00f6r. Vi kontaktar dig om vi hittar en l\u00e4mplig praktikplats f\u00f6r dig.<\/p>\n\n\n\n<div class=\"wp-block-buttons is-layout-flex wp-block-buttons-is-layout-flex\">\n<div class=\"wp-block-button\"><a class=\"wp-block-button__link has-darkgreen-background-color has-background wp-element-button\" href=\"\/?p=29732\">S\u00f6k praktikplats<\/a><\/div>\n<\/div>\n\n\n                <\/main>\n            <\/div>\n        <\/div>\n    <\/div>\n<\/div>\n\n\n<div class=\"element block-content-list-item\">\n    <div class=\"container item-container has-border\">\n        <div class=\"row justify-content-between\">\n            <div class=\"col-12 col-lg-5 img-col entry-content\">\n                                <img decoding=\"async\" src=\"https:\/\/retta.fi\/wp-content\/uploads\/2024\/11\/iStock-1365138599-632x421.jpg\" width=\"632\" height=\"421\" class=\"content-list-item-img\" alt=\"Rekry\" loading=\"lazy\">                            <\/div>\n            <div class=\"col-12 col-lg-6\">\n                <main class=\"entry-content\">\n                    \n\n<p>Om vi inte har n\u00e5gon l\u00e4mplig tj\u00e4nst ledig just nu, sparar vi din ans\u00f6kan. Vi kontaktar dig om en tj\u00e4nst som passar dina kvalifikationer blir ledig.<\/p>\n\n\n\n<p><br>Genom att noggrant fylla i formul\u00e4ret med bilagor hj\u00e4lper du oss att l\u00e4ra k\u00e4nna dig b\u00e4ttre redan i b\u00f6rjan av rekryteringsprocessen.<\/p>\n\n\n\n<div class=\"wp-block-buttons is-layout-flex wp-block-buttons-is-layout-flex\">\n<div class=\"wp-block-button\"><a class=\"wp-block-button__link has-darkgreen-background-color has-background wp-element-button\" href=\"\/?p=29731\">Skicka in en \u00f6ppen ans\u00f6kan<\/a><\/div>\n<\/div>\n\n\n                <\/main>\n            <\/div>\n        <\/div>\n    <\/div>\n<\/div>\n\n<\/section>","protected":false},"excerpt":{"rendered":"<p>Retta erbjuder ett jobb d\u00e4r du f\u00e5r utvecklas, ta ansvar och forma framtiden inom fastighetsbranschen.<\/p>\n","protected":false},"author":31,"featured_media":36806,"parent":42601,"menu_order":0,"comment_status":"closed","ping_status":"closed","template":"","meta":{"_acf_changed":false,"_relevanssi_hide_post":"","_relevanssi_hide_content":"","_relevanssi_pin_for_all":"","_relevanssi_pin_keywords":"","_relevanssi_unpin_keywords":"","_relevanssi_related_keywords":"","_relevanssi_related_include_ids":"","_relevanssi_related_exclude_ids":"","_relevanssi_related_no_append":"","_relevanssi_related_not_related":"","_relevanssi_related_posts":"3838,20539,3320,3260,3222,3304","_relevanssi_noindex_reason":"","footnotes":""},"class_list":["post-466","page","type-page","status-publish","has-post-thumbnail","hentry"],"acf":[],"yoast_head":"<!-- This site is optimized with the Yoast SEO plugin v27.1.1 - https:\/\/yoast.com\/product\/yoast-seo-wordpress\/ -->\n<title>Lediga platser - Retta<\/title>\n<meta name=\"description\" content=\"Retta erbjuder ett jobb d\u00e4r du f\u00e5r utvecklas, ta ansvar och forma framtiden inom fastighetsbranschen.\" \/>\n<meta name=\"robots\" content=\"index, follow, max-snippet:-1, max-image-preview:large, max-video-preview:-1\" \/>\n<link rel=\"canonical\" href=\"https:\/\/retta.fi\/sv\/jobba-for-oss\/lediga-platser\/\" \/>\n<meta property=\"og:locale\" content=\"sv_SE\" \/>\n<meta property=\"og:type\" content=\"article\" \/>\n<meta property=\"og:title\" content=\"Lediga platser - Retta\" \/>\n<meta property=\"og:description\" content=\"Retta erbjuder ett jobb d\u00e4r du f\u00e5r utvecklas, ta ansvar och forma framtiden inom fastighetsbranschen.\" \/>\n<meta property=\"og:url\" content=\"https:\/\/retta.fi\/sv\/jobba-for-oss\/lediga-platser\/\" \/>\n<meta property=\"og:site_name\" content=\"Retta\" \/>\n<meta property=\"article:modified_time\" content=\"2024-12-17T09:43:55+00:00\" \/>\n<meta property=\"og:image\" content=\"https:\/\/retta.fi\/wp-content\/uploads\/2024\/07\/HK_rekrykuva.jpg\" \/>\n\t<meta property=\"og:image:width\" content=\"1932\" \/>\n\t<meta property=\"og:image:height\" content=\"1288\" \/>\n\t<meta property=\"og:image:type\" content=\"image\/jpeg\" \/>\n<meta name=\"twitter:card\" content=\"summary_large_image\" \/>\n<script type=\"application\/ld+json\" class=\"yoast-schema-graph\">{\"@context\":\"https:\/\/schema.org\",\"@graph\":[{\"@type\":\"WebPage\",\"@id\":\"https:\/\/retta.fi\/sv\/jobba-for-oss\/lediga-platser\/\",\"url\":\"https:\/\/retta.fi\/sv\/jobba-for-oss\/lediga-platser\/\",\"name\":\"Lediga platser - Retta\",\"isPartOf\":{\"@id\":\"https:\/\/retta.fi\/sv\/#website\"},\"primaryImageOfPage\":{\"@id\":\"https:\/\/retta.fi\/sv\/jobba-for-oss\/lediga-platser\/#primaryimage\"},\"image\":{\"@id\":\"https:\/\/retta.fi\/sv\/jobba-for-oss\/lediga-platser\/#primaryimage\"},\"thumbnailUrl\":\"https:\/\/retta.fi\/wp-content\/uploads\/2024\/07\/HK_rekrykuva.jpg\",\"datePublished\":\"2022-04-21T12:59:25+00:00\",\"dateModified\":\"2024-12-17T09:43:55+00:00\",\"description\":\"Retta erbjuder ett jobb d\u00e4r du f\u00e5r utvecklas, ta ansvar och forma framtiden inom fastighetsbranschen.\",\"breadcrumb\":{\"@id\":\"https:\/\/retta.fi\/sv\/jobba-for-oss\/lediga-platser\/#breadcrumb\"},\"inLanguage\":\"sv-SE\",\"potentialAction\":[{\"@type\":\"ReadAction\",\"target\":[\"https:\/\/retta.fi\/sv\/jobba-for-oss\/lediga-platser\/\"]}]},{\"@type\":\"ImageObject\",\"inLanguage\":\"sv-SE\",\"@id\":\"https:\/\/retta.fi\/sv\/jobba-for-oss\/lediga-platser\/#primaryimage\",\"url\":\"https:\/\/retta.fi\/wp-content\/uploads\/2024\/07\/HK_rekrykuva.jpg\",\"contentUrl\":\"https:\/\/retta.fi\/wp-content\/uploads\/2024\/07\/HK_rekrykuva.jpg\",\"width\":1932,\"height\":1288,\"caption\":\"Ty\u00f6paikkailmoituksen kuvituskuva -\"},{\"@type\":\"BreadcrumbList\",\"@id\":\"https:\/\/retta.fi\/sv\/jobba-for-oss\/lediga-platser\/#breadcrumb\",\"itemListElement\":[{\"@type\":\"ListItem\",\"position\":1,\"name\":\"Framsida\",\"item\":\"https:\/\/retta.fi\/sv\/\"},{\"@type\":\"ListItem\",\"position\":2,\"name\":\"Jobba f\u00f6r oss\",\"item\":\"https:\/\/retta.fi\/sv\/jobba-for-oss\/\"},{\"@type\":\"ListItem\",\"position\":3,\"name\":\"Lediga platser\"}]},{\"@type\":\"WebSite\",\"@id\":\"https:\/\/retta.fi\/sv\/#website\",\"url\":\"https:\/\/retta.fi\/sv\/\",\"name\":\"Retta\",\"description\":\"\",\"publisher\":{\"@id\":\"https:\/\/retta.fi\/sv\/#organization\"},\"potentialAction\":[{\"@type\":\"SearchAction\",\"target\":{\"@type\":\"EntryPoint\",\"urlTemplate\":\"https:\/\/retta.fi\/sv\/?s={search_term_string}\"},\"query-input\":{\"@type\":\"PropertyValueSpecification\",\"valueRequired\":true,\"valueName\":\"search_term_string\"}}],\"inLanguage\":\"sv-SE\"},{\"@type\":\"Organization\",\"@id\":\"https:\/\/retta.fi\/sv\/#organization\",\"name\":\"Retta\",\"url\":\"https:\/\/retta.fi\/sv\/\",\"logo\":{\"@type\":\"ImageObject\",\"inLanguage\":\"sv-SE\",\"@id\":\"https:\/\/retta.fi\/sv\/#\/schema\/logo\/image\/\",\"url\":\"https:\/\/retta.fi\/wp-content\/uploads\/2022\/04\/retta_somejako.png\",\"contentUrl\":\"https:\/\/retta.fi\/wp-content\/uploads\/2022\/04\/retta_somejako.png\",\"width\":1200,\"height\":630,\"caption\":\"Retta\"},\"image\":{\"@id\":\"https:\/\/retta.fi\/sv\/#\/schema\/logo\/image\/\"}}]}<\/script>\n<!-- \/ Yoast SEO plugin. -->","yoast_head_json":{"title":"Lediga platser - Retta","description":"Retta erbjuder ett jobb d\u00e4r du f\u00e5r utvecklas, ta ansvar och forma framtiden inom fastighetsbranschen.","robots":{"index":"index","follow":"follow","max-snippet":"max-snippet:-1","max-image-preview":"max-image-preview:large","max-video-preview":"max-video-preview:-1"},"canonical":"https:\/\/retta.fi\/sv\/jobba-for-oss\/lediga-platser\/","og_locale":"sv_SE","og_type":"article","og_title":"Lediga platser - Retta","og_description":"Retta erbjuder ett jobb d\u00e4r du f\u00e5r utvecklas, ta ansvar och forma framtiden inom fastighetsbranschen.","og_url":"https:\/\/retta.fi\/sv\/jobba-for-oss\/lediga-platser\/","og_site_name":"Retta","article_modified_time":"2024-12-17T09:43:55+00:00","og_image":[{"width":1932,"height":1288,"url":"https:\/\/retta.fi\/wp-content\/uploads\/2024\/07\/HK_rekrykuva.jpg","type":"image\/jpeg"}],"twitter_card":"summary_large_image","schema":{"@context":"https:\/\/schema.org","@graph":[{"@type":"WebPage","@id":"https:\/\/retta.fi\/sv\/jobba-for-oss\/lediga-platser\/","url":"https:\/\/retta.fi\/sv\/jobba-for-oss\/lediga-platser\/","name":"Lediga platser - Retta","isPartOf":{"@id":"https:\/\/retta.fi\/sv\/#website"},"primaryImageOfPage":{"@id":"https:\/\/retta.fi\/sv\/jobba-for-oss\/lediga-platser\/#primaryimage"},"image":{"@id":"https:\/\/retta.fi\/sv\/jobba-for-oss\/lediga-platser\/#primaryimage"},"thumbnailUrl":"https:\/\/retta.fi\/wp-content\/uploads\/2024\/07\/HK_rekrykuva.jpg","datePublished":"2022-04-21T12:59:25+00:00","dateModified":"2024-12-17T09:43:55+00:00","description":"Retta erbjuder ett jobb d\u00e4r du f\u00e5r utvecklas, ta ansvar och forma framtiden inom fastighetsbranschen.","breadcrumb":{"@id":"https:\/\/retta.fi\/sv\/jobba-for-oss\/lediga-platser\/#breadcrumb"},"inLanguage":"sv-SE","potentialAction":[{"@type":"ReadAction","target":["https:\/\/retta.fi\/sv\/jobba-for-oss\/lediga-platser\/"]}]},{"@type":"ImageObject","inLanguage":"sv-SE","@id":"https:\/\/retta.fi\/sv\/jobba-for-oss\/lediga-platser\/#primaryimage","url":"https:\/\/retta.fi\/wp-content\/uploads\/2024\/07\/HK_rekrykuva.jpg","contentUrl":"https:\/\/retta.fi\/wp-content\/uploads\/2024\/07\/HK_rekrykuva.jpg","width":1932,"height":1288,"caption":"Ty\u00f6paikkailmoituksen kuvituskuva -"},{"@type":"BreadcrumbList","@id":"https:\/\/retta.fi\/sv\/jobba-for-oss\/lediga-platser\/#breadcrumb","itemListElement":[{"@type":"ListItem","position":1,"name":"Framsida","item":"https:\/\/retta.fi\/sv\/"},{"@type":"ListItem","position":2,"name":"Jobba f\u00f6r oss","item":"https:\/\/retta.fi\/sv\/jobba-for-oss\/"},{"@type":"ListItem","position":3,"name":"Lediga platser"}]},{"@type":"WebSite","@id":"https:\/\/retta.fi\/sv\/#website","url":"https:\/\/retta.fi\/sv\/","name":"Retta","description":"","publisher":{"@id":"https:\/\/retta.fi\/sv\/#organization"},"potentialAction":[{"@type":"SearchAction","target":{"@type":"EntryPoint","urlTemplate":"https:\/\/retta.fi\/sv\/?s={search_term_string}"},"query-input":{"@type":"PropertyValueSpecification","valueRequired":true,"valueName":"search_term_string"}}],"inLanguage":"sv-SE"},{"@type":"Organization","@id":"https:\/\/retta.fi\/sv\/#organization","name":"Retta","url":"https:\/\/retta.fi\/sv\/","logo":{"@type":"ImageObject","inLanguage":"sv-SE","@id":"https:\/\/retta.fi\/sv\/#\/schema\/logo\/image\/","url":"https:\/\/retta.fi\/wp-content\/uploads\/2022\/04\/retta_somejako.png","contentUrl":"https:\/\/retta.fi\/wp-content\/uploads\/2022\/04\/retta_somejako.png","width":1200,"height":630,"caption":"Retta"},"image":{"@id":"https:\/\/retta.fi\/sv\/#\/schema\/logo\/image\/"}}]}},"_links":{"self":[{"href":"https:\/\/retta.fi\/sv\/wp-json\/wp\/v2\/pages\/466","targetHints":{"allow":["GET"]}}],"collection":[{"href":"https:\/\/retta.fi\/sv\/wp-json\/wp\/v2\/pages"}],"about":[{"href":"https:\/\/retta.fi\/sv\/wp-json\/wp\/v2\/types\/page"}],"author":[{"embeddable":true,"href":"https:\/\/retta.fi\/sv\/wp-json\/wp\/v2\/users\/31"}],"replies":[{"embeddable":true,"href":"https:\/\/retta.fi\/sv\/wp-json\/wp\/v2\/comments?post=466"}],"version-history":[{"count":15,"href":"https:\/\/retta.fi\/sv\/wp-json\/wp\/v2\/pages\/466\/revisions"}],"predecessor-version":[{"id":44514,"href":"https:\/\/retta.fi\/sv\/wp-json\/wp\/v2\/pages\/466\/revisions\/44514"}],"up":[{"embeddable":true,"href":"https:\/\/retta.fi\/sv\/wp-json\/wp\/v2\/pages\/42601"}],"wp:featuredmedia":[{"embeddable":true,"href":"https:\/\/retta.fi\/sv\/wp-json\/wp\/v2\/media\/36806"}],"wp:attachment":[{"href":"https:\/\/retta.fi\/sv\/wp-json\/wp\/v2\/media?parent=466"}],"curies":[{"name":"wp","href":"https:\/\/api.w.org\/{rel}","templated":true}]}}