{"id":456,"date":"2022-04-21T16:17:37","date_gmt":"2022-04-21T13:17:37","guid":{"rendered":"https:\/\/retta.fi\/medialle\/"},"modified":"2023-02-07T08:12:50","modified_gmt":"2023-02-07T06:12:50","slug":"medialle","status":"publish","type":"page","link":"https:\/\/retta.fi\/sv\/lar-kanna-oss\/vilka-ar-vi-och-vad-tror-vi-pa\/medialle\/","title":{"rendered":"F\u00f6r medierna"},"content":{"rendered":"<section id=\"acf-block-63e1ebe25894f\" class=\"block block-hero container-fluid ct-beige bg-beige has-bg-pattern\">\n        <div class=\"container\">\n        <div class=\"row\">\n            <div class=\"col-12 col-lg-8 hero-content-col\">\n                <div class=\"hero-content\">\n                    \n\n<h1 class=\"wp-block-heading\">F\u00f6r medierna<\/h1>\n\n\n                <\/div>\n            <\/div>\n        <\/div>\n    <\/div>\n<\/section>\n\n\n\n<section id=\"acf-block-63e1ebe258972\" class=\"block block-two-innerblocks container-fluid default-bg has-bg-pattern\">\n    <div class=\"container\">\n        <div class=\"row justify-content-between\">\n            \n<div class=\"block-innerblocks-container-narrow col-12 col-lg-5 entry-content\">\n    \n\n<h2 class=\"wp-block-heading\">F\u00f6r medierna<\/h2>\n\n\n<\/div>\n\n\n<div class=\"block-innerblocks-container col-12 col-lg-6 entry-content\">\n    \n\n<h4 class=\"wp-block-heading\"><strong>Kontaktuppgifter f\u00f6r medierna<\/strong><\/h4>\n\n\n\n<p><strong>Thomas Pimenoff<br><\/strong>Direkt\u00f6r, marknadsf\u00f6ring och kommunikation<br><a href=\"mailto:thomas.pimenoff@retta.fi\">thomas.pimenoff@retta.fi<br><\/a>040 554 1117<\/p>\n\n\n\n<h4 class=\"wp-block-heading\">Aff\u00e4rsledningen<\/h4>\n\n\n\n<p><strong>Retta Group Oy<br><\/strong>Kari Virta<br>Verkst\u00e4llande direkt\u00f6r<br><a href=\"mailto:kari.virta@retta.fi\">kari.virta@retta.fi<br><\/a>+358 (0)40 7511 853<\/p>\n\n\n\n<p><strong>Huoneistokeskus Oy<br><\/strong>Marina Salenius<br>Aff\u00e4rsdirekt\u00f6r<br><a href=\"mailto:marina.salenius@huoneistokeskus.fi\">marina.salenius@huoneistokeskus.fi<br><\/a>+358 (0)40 738 1776<\/p>\n\n\n\n<p><strong>Retta Management<br><\/strong>Minna Toiviainen<br>Aff\u00e4rsdirekt\u00f6r<br><a href=\"mailto:minna.toiviainen@retta.fi\">minna.toiviainen@retta.fi<br><\/a>+358 (0)50 392 6319<\/p>\n\n\n\n<p><strong>Retta Is\u00e4nn\u00f6inti<br><\/strong>Anders Gylling<br>Aff\u00e4rsdirekt\u00f6r<br><a href=\"mailto:anders.gylling@realia.fi\">anders.gylling@re<\/a>tta.fi<\/p>\n\n\n\n<p><strong>Retta Sverige<br><\/strong>Cecilia Nilsson<br>Verkst\u00e4llande direkt\u00f6r<br><a href=\"mailto:linda.marthon@retta.se\">cecilia.nilsson@hestia.se<br><\/a><\/p>\n\n\n<\/div>\n\n        <\/div>\n    <\/div>\n<\/section>","protected":false},"excerpt":{"rendered":"","protected":false},"author":1,"featured_media":0,"parent":492,"menu_order":0,"comment_status":"closed","ping_status":"closed","template":"","meta":{"_acf_changed":false,"_relevanssi_hide_post":"","_relevanssi_hide_content":"","_relevanssi_pin_for_all":"","_relevanssi_pin_keywords":"","_relevanssi_unpin_keywords":"","_relevanssi_related_keywords":"","_relevanssi_related_include_ids":"","_relevanssi_related_exclude_ids":"","_relevanssi_related_no_append":"","_relevanssi_related_not_related":"","_relevanssi_related_posts":"21223,6682,2484,1878,19990,1902","_relevanssi_noindex_reason":"","footnotes":""},"class_list":["post-456","page","type-page","status-publish","hentry"],"acf":[],"yoast_head":"<!-- This site is optimized with the Yoast SEO plugin v27.4 - https:\/\/yoast.com\/product\/yoast-seo-wordpress\/ -->\n<title>F\u00f6r medierna - Retta<\/title>\n<meta name=\"description\" content=\"F\u00f6r medierna F\u00f6r medierna Kontaktuppgifter f\u00f6r medierna Thomas PimenoffDirekt\u00f6r, marknadsf\u00f6ring och kommunikationthomas.pimenoff@retta.fi040 554 1117\" \/>\n<meta name=\"robots\" content=\"index, follow, max-snippet:-1, max-image-preview:large, max-video-preview:-1\" \/>\n<link rel=\"canonical\" href=\"https:\/\/retta.fi\/sv\/lar-kanna-oss\/vilka-ar-vi-och-vad-tror-vi-pa\/medialle\/\" \/>\n<meta property=\"og:locale\" content=\"sv_SE\" \/>\n<meta property=\"og:type\" content=\"article\" \/>\n<meta property=\"og:title\" content=\"F\u00f6r medierna - Retta\" \/>\n<meta property=\"og:description\" content=\"F\u00f6r medierna F\u00f6r medierna Kontaktuppgifter f\u00f6r medierna Thomas PimenoffDirekt\u00f6r, marknadsf\u00f6ring och kommunikationthomas.pimenoff@retta.fi040 554 1117\" \/>\n<meta property=\"og:url\" content=\"https:\/\/retta.fi\/sv\/lar-kanna-oss\/vilka-ar-vi-och-vad-tror-vi-pa\/medialle\/\" \/>\n<meta property=\"og:site_name\" content=\"Retta\" \/>\n<meta property=\"article:modified_time\" content=\"2023-02-07T06:12:50+00:00\" \/>\n<meta property=\"og:image\" content=\"https:\/\/retta.fi\/wp-content\/uploads\/2022\/04\/retta_somejako.png\" \/>\n\t<meta property=\"og:image:width\" content=\"1200\" \/>\n\t<meta property=\"og:image:height\" content=\"630\" \/>\n\t<meta property=\"og:image:type\" content=\"image\/png\" \/>\n<meta name=\"twitter:card\" content=\"summary_large_image\" \/>\n<script type=\"application\/ld+json\" class=\"yoast-schema-graph\">{\"@context\":\"https:\\\/\\\/schema.org\",\"@graph\":[{\"@type\":\"WebPage\",\"@id\":\"https:\\\/\\\/retta.fi\\\/sv\\\/lar-kanna-oss\\\/vilka-ar-vi-och-vad-tror-vi-pa\\\/medialle\\\/\",\"url\":\"https:\\\/\\\/retta.fi\\\/sv\\\/lar-kanna-oss\\\/vilka-ar-vi-och-vad-tror-vi-pa\\\/medialle\\\/\",\"name\":\"F\u00f6r medierna - Retta\",\"isPartOf\":{\"@id\":\"https:\\\/\\\/retta.fi\\\/sv\\\/#website\"},\"datePublished\":\"2022-04-21T13:17:37+00:00\",\"dateModified\":\"2023-02-07T06:12:50+00:00\",\"description\":\"F\u00f6r medierna F\u00f6r medierna Kontaktuppgifter f\u00f6r medierna Thomas PimenoffDirekt\u00f6r, marknadsf\u00f6ring och kommunikationthomas.pimenoff@retta.fi040 554 1117\",\"breadcrumb\":{\"@id\":\"https:\\\/\\\/retta.fi\\\/sv\\\/lar-kanna-oss\\\/vilka-ar-vi-och-vad-tror-vi-pa\\\/medialle\\\/#breadcrumb\"},\"inLanguage\":\"sv-SE\",\"potentialAction\":[{\"@type\":\"ReadAction\",\"target\":[\"https:\\\/\\\/retta.fi\\\/sv\\\/lar-kanna-oss\\\/vilka-ar-vi-och-vad-tror-vi-pa\\\/medialle\\\/\"]}]},{\"@type\":\"BreadcrumbList\",\"@id\":\"https:\\\/\\\/retta.fi\\\/sv\\\/lar-kanna-oss\\\/vilka-ar-vi-och-vad-tror-vi-pa\\\/medialle\\\/#breadcrumb\",\"itemListElement\":[{\"@type\":\"ListItem\",\"position\":1,\"name\":\"Framsida\",\"item\":\"https:\\\/\\\/retta.fi\\\/sv\\\/\"},{\"@type\":\"ListItem\",\"position\":2,\"name\":\"L\u00e4r k\u00e4nna oss\",\"item\":\"https:\\\/\\\/retta.fi\\\/sv\\\/lar-kanna-oss\\\/\"},{\"@type\":\"ListItem\",\"position\":3,\"name\":\"Vilka \u00e4r vi och vad tror vi p\u00e5\",\"item\":\"https:\\\/\\\/retta.fi\\\/sv\\\/lar-kanna-oss\\\/vilka-ar-vi-och-vad-tror-vi-pa\\\/\"},{\"@type\":\"ListItem\",\"position\":4,\"name\":\"F\u00f6r medierna\"}]},{\"@type\":\"WebSite\",\"@id\":\"https:\\\/\\\/retta.fi\\\/sv\\\/#website\",\"url\":\"https:\\\/\\\/retta.fi\\\/sv\\\/\",\"name\":\"Retta\",\"description\":\"\",\"publisher\":{\"@id\":\"https:\\\/\\\/retta.fi\\\/sv\\\/#organization\"},\"potentialAction\":[{\"@type\":\"SearchAction\",\"target\":{\"@type\":\"EntryPoint\",\"urlTemplate\":\"https:\\\/\\\/retta.fi\\\/sv\\\/?s={search_term_string}\"},\"query-input\":{\"@type\":\"PropertyValueSpecification\",\"valueRequired\":true,\"valueName\":\"search_term_string\"}}],\"inLanguage\":\"sv-SE\"},{\"@type\":\"Organization\",\"@id\":\"https:\\\/\\\/retta.fi\\\/sv\\\/#organization\",\"name\":\"Retta\",\"url\":\"https:\\\/\\\/retta.fi\\\/sv\\\/\",\"logo\":{\"@type\":\"ImageObject\",\"inLanguage\":\"sv-SE\",\"@id\":\"https:\\\/\\\/retta.fi\\\/sv\\\/#\\\/schema\\\/logo\\\/image\\\/\",\"url\":\"https:\\\/\\\/retta.fi\\\/wp-content\\\/uploads\\\/2022\\\/04\\\/retta_somejako.png\",\"contentUrl\":\"https:\\\/\\\/retta.fi\\\/wp-content\\\/uploads\\\/2022\\\/04\\\/retta_somejako.png\",\"width\":1200,\"height\":630,\"caption\":\"Retta\"},\"image\":{\"@id\":\"https:\\\/\\\/retta.fi\\\/sv\\\/#\\\/schema\\\/logo\\\/image\\\/\"}}]}<\/script>\n<!-- \/ Yoast SEO plugin. -->","yoast_head_json":{"title":"F\u00f6r medierna - Retta","description":"F\u00f6r medierna F\u00f6r medierna Kontaktuppgifter f\u00f6r medierna Thomas PimenoffDirekt\u00f6r, marknadsf\u00f6ring och kommunikationthomas.pimenoff@retta.fi040 554 1117","robots":{"index":"index","follow":"follow","max-snippet":"max-snippet:-1","max-image-preview":"max-image-preview:large","max-video-preview":"max-video-preview:-1"},"canonical":"https:\/\/retta.fi\/sv\/lar-kanna-oss\/vilka-ar-vi-och-vad-tror-vi-pa\/medialle\/","og_locale":"sv_SE","og_type":"article","og_title":"F\u00f6r medierna - Retta","og_description":"F\u00f6r medierna F\u00f6r medierna Kontaktuppgifter f\u00f6r medierna Thomas PimenoffDirekt\u00f6r, marknadsf\u00f6ring och kommunikationthomas.pimenoff@retta.fi040 554 1117","og_url":"https:\/\/retta.fi\/sv\/lar-kanna-oss\/vilka-ar-vi-och-vad-tror-vi-pa\/medialle\/","og_site_name":"Retta","article_modified_time":"2023-02-07T06:12:50+00:00","og_image":[{"width":1200,"height":630,"url":"https:\/\/retta.fi\/wp-content\/uploads\/2022\/04\/retta_somejako.png","type":"image\/png"}],"twitter_card":"summary_large_image","schema":{"@context":"https:\/\/schema.org","@graph":[{"@type":"WebPage","@id":"https:\/\/retta.fi\/sv\/lar-kanna-oss\/vilka-ar-vi-och-vad-tror-vi-pa\/medialle\/","url":"https:\/\/retta.fi\/sv\/lar-kanna-oss\/vilka-ar-vi-och-vad-tror-vi-pa\/medialle\/","name":"F\u00f6r medierna - Retta","isPartOf":{"@id":"https:\/\/retta.fi\/sv\/#website"},"datePublished":"2022-04-21T13:17:37+00:00","dateModified":"2023-02-07T06:12:50+00:00","description":"F\u00f6r medierna F\u00f6r medierna Kontaktuppgifter f\u00f6r medierna Thomas PimenoffDirekt\u00f6r, marknadsf\u00f6ring och kommunikationthomas.pimenoff@retta.fi040 554 1117","breadcrumb":{"@id":"https:\/\/retta.fi\/sv\/lar-kanna-oss\/vilka-ar-vi-och-vad-tror-vi-pa\/medialle\/#breadcrumb"},"inLanguage":"sv-SE","potentialAction":[{"@type":"ReadAction","target":["https:\/\/retta.fi\/sv\/lar-kanna-oss\/vilka-ar-vi-och-vad-tror-vi-pa\/medialle\/"]}]},{"@type":"BreadcrumbList","@id":"https:\/\/retta.fi\/sv\/lar-kanna-oss\/vilka-ar-vi-och-vad-tror-vi-pa\/medialle\/#breadcrumb","itemListElement":[{"@type":"ListItem","position":1,"name":"Framsida","item":"https:\/\/retta.fi\/sv\/"},{"@type":"ListItem","position":2,"name":"L\u00e4r k\u00e4nna oss","item":"https:\/\/retta.fi\/sv\/lar-kanna-oss\/"},{"@type":"ListItem","position":3,"name":"Vilka \u00e4r vi och vad tror vi p\u00e5","item":"https:\/\/retta.fi\/sv\/lar-kanna-oss\/vilka-ar-vi-och-vad-tror-vi-pa\/"},{"@type":"ListItem","position":4,"name":"F\u00f6r medierna"}]},{"@type":"WebSite","@id":"https:\/\/retta.fi\/sv\/#website","url":"https:\/\/retta.fi\/sv\/","name":"Retta","description":"","publisher":{"@id":"https:\/\/retta.fi\/sv\/#organization"},"potentialAction":[{"@type":"SearchAction","target":{"@type":"EntryPoint","urlTemplate":"https:\/\/retta.fi\/sv\/?s={search_term_string}"},"query-input":{"@type":"PropertyValueSpecification","valueRequired":true,"valueName":"search_term_string"}}],"inLanguage":"sv-SE"},{"@type":"Organization","@id":"https:\/\/retta.fi\/sv\/#organization","name":"Retta","url":"https:\/\/retta.fi\/sv\/","logo":{"@type":"ImageObject","inLanguage":"sv-SE","@id":"https:\/\/retta.fi\/sv\/#\/schema\/logo\/image\/","url":"https:\/\/retta.fi\/wp-content\/uploads\/2022\/04\/retta_somejako.png","contentUrl":"https:\/\/retta.fi\/wp-content\/uploads\/2022\/04\/retta_somejako.png","width":1200,"height":630,"caption":"Retta"},"image":{"@id":"https:\/\/retta.fi\/sv\/#\/schema\/logo\/image\/"}}]}},"_links":{"self":[{"href":"https:\/\/retta.fi\/sv\/wp-json\/wp\/v2\/pages\/456","targetHints":{"allow":["GET"]}}],"collection":[{"href":"https:\/\/retta.fi\/sv\/wp-json\/wp\/v2\/pages"}],"about":[{"href":"https:\/\/retta.fi\/sv\/wp-json\/wp\/v2\/types\/page"}],"author":[{"embeddable":true,"href":"https:\/\/retta.fi\/sv\/wp-json\/wp\/v2\/users\/1"}],"replies":[{"embeddable":true,"href":"https:\/\/retta.fi\/sv\/wp-json\/wp\/v2\/comments?post=456"}],"version-history":[{"count":11,"href":"https:\/\/retta.fi\/sv\/wp-json\/wp\/v2\/pages\/456\/revisions"}],"predecessor-version":[{"id":22805,"href":"https:\/\/retta.fi\/sv\/wp-json\/wp\/v2\/pages\/456\/revisions\/22805"}],"up":[{"embeddable":true,"href":"https:\/\/retta.fi\/sv\/wp-json\/wp\/v2\/pages\/492"}],"wp:attachment":[{"href":"https:\/\/retta.fi\/sv\/wp-json\/wp\/v2\/media?parent=456"}],"curies":[{"name":"wp","href":"https:\/\/api.w.org\/{rel}","templated":true}]}}