{"id":44842,"date":"2024-12-13T14:41:10","date_gmt":"2024-12-13T12:41:10","guid":{"rendered":"https:\/\/retta.fi\/rakennuttajille-ja-suurasiakkaille\/liikekiinteistot-hallinto-ja-hoito\/"},"modified":"2025-04-15T10:49:58","modified_gmt":"2025-04-15T07:49:58","slug":"kommersiella-fastigheter-forvaltning-och-underhall","status":"publish","type":"page","link":"https:\/\/retta.fi\/sv\/for-utvecklare-och-nyckelkunder\/kommersiella-fastigheter-forvaltning-och-underhall\/","title":{"rendered":"Kommersiella fastigheter \u2013 F\u00f6rvaltning och underh\u00e5ll"},"content":{"rendered":"<section id=\"acf-block-634d4b942c316\" class=\"block block-hero container-fluid ct-darkgreen bg-darkgreen \">\n        <div class=\"container\">\n        <div class=\"row\">\n            <div class=\"col-12 col-lg-8 hero-content-col\">\n                <div class=\"hero-content\">\n                    \n\n<h1 class=\"wp-block-heading\">Kommersiella fastigheter \u2013 <em>F\u00f6rvaltning och underh\u00e5ll<\/em><\/h1>\n\n\n                <\/div>\n            <\/div>\n        <\/div>\n    <\/div>\n<\/section>\n\n\n\n<section id=\"acf-block-634d4b942c366\"    class=\"block block-image-and-content container-fluid default-bg \">\n    <div class=\"container\">\n        <div class=\"row justify-content-between\">\n            <div class=\"col-12 col-lg-6  img-col\">\n                <div class=\"wp-block-image\">\n                    <div class=\"alignleft\"><img decoding=\"async\" src=\"https:\/\/retta.fi\/wp-content\/uploads\/2023\/06\/Kauppakeskuskiinteistot.png\" width=\"672\" height=\"443\" alt=\"\" loading=\"lazy\"><\/div>\n                <\/div>\n            <\/div>\n            <div class=\"col-12 col-lg-5\">\n                <main class=\"entry-content\">\n                    \n\n<p class=\"is-style-lead\">Retta Service Companies erbjuder professionella experttj\u00e4nster f\u00f6r f\u00f6rvaltning och underh\u00e5ll av kommersiella fastigheter.<\/p>\n\n\n\n<h3 class=\"wp-block-heading\">Driftsmodell<\/h3>\n\n\n\n<p>Att sk\u00f6ta administrationen av kommersiella fastigheter \u00e4r en helt\u00e4ckande tj\u00e4nst som s\u00e4kerst\u00e4ller smidig drift, kostnadseffektivitet och l\u00e5ngsiktigt bevarande av fastighetens v\u00e4rde.&nbsp;<\/p>\n\n\n\n<p>Vi tar hand om alla administrativa, tekniska och ekonomiska uppgifter kopplade till fastighetsf\u00f6rvaltningen \u2013 alltid med fokus p\u00e5 b\u00e5de fastighets\u00e4garens och anv\u00e4ndarnas behov.&nbsp;<\/p>\n\n\n\n<p>Tj\u00e4nstens inneh\u00e5ll formas utifr\u00e5n ett kundorienterat arbetss\u00e4tt.&nbsp;<\/p>\n\n\n\n<p><\/p>\n\n\n                <\/main>\n            <\/div>\n        <\/div>\n    <\/div>\n<\/section>\n\n\n<section id=\"acf-block-67f4fb45bc69f\" class=\"block block-two-innerblocks container-fluid ct-darkgreen bg-darkgreen has-bg-pattern\">\n    <div class=\"container\">\n        <div class=\"row justify-content-between\">\n            \n<div class=\"block-innerblocks-container-narrow col-12 col-lg-5 entry-content\">\n    \n\n<h2 class=\"wp-block-heading\">Effektiv f\u00f6rvaltning f\u00f6r kommersiella fastigheter\u00a0<\/h2>\n\n\n\n<p><br>V\u00e5ra tj\u00e4nster skr\u00e4ddarsys utifr\u00e5n fastighets\u00e4garens m\u00e5l och fastighetens unika f\u00f6ruts\u00e4ttningar. Vi f\u00f6rvaltar med ett l\u00e5ngsiktigt och resultatinriktat f\u00f6rh\u00e5llningss\u00e4tt som skapar merv\u00e4rde f\u00f6r \u00e4gare \u2013 och bidrar till att erbjuda h\u00f6gkvalitativa faciliteter och tj\u00e4nster f\u00f6r fastighetens anv\u00e4ndare.&nbsp;<\/p>\n\n\n\n<p>Nyckelomr\u00e5den i tj\u00e4nsten:&nbsp;<\/p>\n\n\n<\/div>\n\n\n<div class=\"block-innerblocks-container col-12 col-lg-6 entry-content\">\n    \n\n    <div id=\"accordion-69f8573582227\" class=\"element block-accordions\">\n        <div class=\"accordion-items\">\n                            <div class=\"accordion-item has-border open\">\n                    <div class=\"accordion-item--header\">1. Ekonomisk f\u00f6rvaltning av fastigheten<\/div>\n                    <div class=\"accordion-item--body\">\n                        <div class=\"accordion-item--content entry-content\"><ul>\n<li>Ekonomisk uppf\u00f6ljning: budgetering, finansiell rapportering och kostnadsoptimering<\/li>\n<li>Kassafl\u00f6deshantering: hyresuppb\u00f6rd, \u00f6vervakning av betalningstransaktioner och ekonomisk resultatanalys<\/li>\n<\/ul>\n<\/div>\n                    <\/div>\n                <\/div>\n                            <div class=\"accordion-item has-border open\">\n                    <div class=\"accordion-item--header\">2. Tekniskt underh\u00e5ll och underh\u00e5ll<\/div>\n                    <div class=\"accordion-item--body\">\n                        <div class=\"accordion-item--content entry-content\"><ul>\n<li>Facility management: proaktivt och reaktivt underh\u00e5ll och \u00f6vervakning av tekniska system<\/li>\n<li>Underh\u00e5lls- och renoveringsprojekt: l\u00e5ngsiktig underh\u00e5llsplanering av byggnader och tekniska system<\/li>\n<li>Energieffektivisering: energikostnadshantering och h\u00e5llbara l\u00f6sningar<\/li>\n<\/ul>\n<\/div>\n                    <\/div>\n                <\/div>\n                            <div class=\"accordion-item has-border open\">\n                    <div class=\"accordion-item--header\">3. Hantering av hyresg\u00e4ster och anv\u00e4ndarupplevelser<\/div>\n                    <div class=\"accordion-item--body\">\n                        <div class=\"accordion-item--content entry-content\"><ul>\n<li><span class=\"TextRun SCXW56642336 BCX8\" lang=\"FI-FI\" xml:lang=\"FI-FI\" data-contrast=\"none\"><span class=\"NormalTextRun SpellingErrorV2Themed SCXW56642336 BCX8\">Kundservice<\/span> <span class=\"NormalTextRun SpellingErrorV2Themed SCXW56642336 BCX8\">och<\/span> <span class=\"NormalTextRun SpellingErrorV2Themed SCXW56642336 BCX8\">uppf\u00f6ljning<\/span><span class=\"NormalTextRun SCXW56642336 BCX8\"> av <\/span><span class=\"NormalTextRun SpellingErrorV2Themed SCXW56642336 BCX8\">hyresg\u00e4stupplevelsen<\/span><\/span><\/li>\n<li><span class=\"TextRun SCXW157438072 BCX8\" lang=\"SV-SE\" xml:lang=\"SV-SE\" data-contrast=\"none\"><span class=\"NormalTextRun SCXW157438072 BCX8\">Helhetsl\u00f6sningar f\u00f6r <\/span><span class=\"NormalTextRun SCXW157438072 BCX8\">trivsel <\/span><span class=\"NormalTextRun SCXW157438072 BCX8\">och s\u00e4kerhet<\/span><\/span><\/li>\n<li><span class=\"TextRun SCXW72229245 BCX8\" lang=\"SV-SE\" xml:lang=\"SV-SE\" data-contrast=\"none\"><span class=\"NormalTextRun SCXW72229245 BCX8\">Effektiv hantering av serviceleverant\u00f6rer <\/span><span class=\"NormalTextRun SCXW72229245 BCX8\">och <\/span><span class=\"NormalTextRun SCXW72229245 BCX8\">gemensamma utrymmen<\/span><\/span><\/li>\n<\/ul>\n<\/div>\n                    <\/div>\n                <\/div>\n                            <div class=\"accordion-item has-border open\">\n                    <div class=\"accordion-item--header\">4. Juridiska skyldigheter och riskhantering<\/div>\n                    <div class=\"accordion-item--body\">\n                        <div class=\"accordion-item--content entry-content\"><ul>\n<li><span class=\"TextRun SCXW231344960 BCX8\" lang=\"SV-SE\" xml:lang=\"SV-SE\" data-contrast=\"none\"><span class=\"NormalTextRun SCXW231344960 BCX8\">Avtalshantering och efterlevnad av fastighetslagstiftning<\/span><\/span><\/li>\n<li>F\u00f6rs\u00e4kring och riskminimering<\/li>\n<\/ul>\n<\/div>\n                    <\/div>\n                <\/div>\n                            <div class=\"accordion-item has-border open\">\n                    <div class=\"accordion-item--header\">5. Strategisk utveckling av fastigheten<\/div>\n                    <div class=\"accordion-item--body\">\n                        <div class=\"accordion-item--content entry-content\"><ul>\n<li>V\u00e4rdeutvecklingsplanering och investeringsf\u00f6rvaltning<\/li>\n<li><span class=\"TextRun SCXW64354789 BCX8\" lang=\"SV-SE\" xml:lang=\"SV-SE\" data-contrast=\"none\"><span class=\"NormalTextRun SCXW64354789 BCX8\">Optimering av anv\u00e4ndnings\u00e4ndam\u00e5l och utrymmeseffektivitet<\/span><\/span><\/li>\n<li><span class=\"TextRun SCXW122891826 BCX8\" lang=\"SV-SE\" xml:lang=\"SV-SE\" data-contrast=\"none\"><span class=\"NormalTextRun SCXW122891826 BCX8\">Analys<\/span><span class=\"NormalTextRun SCXW122891826 BCX8\">ering<\/span><span class=\"NormalTextRun SCXW122891826 BCX8\"> av marknadsl\u00e4get och konkurrenssituationen<\/span><\/span><\/li>\n<\/ul>\n<\/div>\n                    <\/div>\n                <\/div>\n                    <\/div>\n    <\/div>\n    \n\n<\/div>\n\n        <\/div>\n    <\/div>\n<\/section>\n\n\n<div class=\"block-innerblocks-container col-12 col-lg-6 entry-content\">\n    \n\n<p><\/p>\n\n\n<\/div>\n\n\n\n","protected":false},"excerpt":{"rendered":"","protected":false},"author":31,"featured_media":27704,"parent":42329,"menu_order":0,"comment_status":"closed","ping_status":"closed","template":"","meta":{"_acf_changed":false,"_relevanssi_hide_post":"","_relevanssi_hide_content":"","_relevanssi_pin_for_all":"","_relevanssi_pin_keywords":"","_relevanssi_unpin_keywords":"","_relevanssi_related_keywords":"","_relevanssi_related_include_ids":"","_relevanssi_related_exclude_ids":"","_relevanssi_related_no_append":"","_relevanssi_related_not_related":"","_relevanssi_related_posts":"20194,3589,1632,3365,3518,29910","_relevanssi_noindex_reason":"","footnotes":""},"class_list":["post-44842","page","type-page","status-publish","has-post-thumbnail","hentry"],"acf":[],"yoast_head":"<!-- This site is optimized with the Yoast SEO plugin v27.4 - https:\/\/yoast.com\/product\/yoast-seo-wordpress\/ -->\n<title>Kommersiella fastigheter \u2013 F\u00f6rvaltning och underh\u00e5ll - Retta<\/title>\n<meta name=\"description\" content=\"Retta Palveluyhti\u00f6 tarjoaa r\u00e4\u00e4t\u00e4l\u00f6ityj\u00e4 palveluita asiakasyhti\u00f6n kiinteist\u00f6jen ja tilojen eri tarpeisiin.\" \/>\n<meta name=\"robots\" content=\"index, follow, max-snippet:-1, max-image-preview:large, max-video-preview:-1\" \/>\n<link rel=\"canonical\" href=\"https:\/\/retta.fi\/sv\/for-utvecklare-och-nyckelkunder\/kommersiella-fastigheter-forvaltning-och-underhall\/\" \/>\n<meta property=\"og:locale\" content=\"sv_SE\" \/>\n<meta property=\"og:type\" content=\"article\" \/>\n<meta property=\"og:title\" content=\"Kommersiella fastigheter \u2013 F\u00f6rvaltning och underh\u00e5ll - Retta\" \/>\n<meta property=\"og:description\" content=\"Retta Palveluyhti\u00f6 tarjoaa r\u00e4\u00e4t\u00e4l\u00f6ityj\u00e4 palveluita asiakasyhti\u00f6n kiinteist\u00f6jen ja tilojen eri tarpeisiin.\" \/>\n<meta property=\"og:url\" content=\"https:\/\/retta.fi\/sv\/for-utvecklare-och-nyckelkunder\/kommersiella-fastigheter-forvaltning-och-underhall\/\" \/>\n<meta property=\"og:site_name\" content=\"Retta\" \/>\n<meta property=\"article:modified_time\" content=\"2025-04-15T07:49:58+00:00\" \/>\n<meta property=\"og:image\" content=\"https:\/\/retta.fi\/wp-content\/uploads\/2023\/06\/Kauppakeskuskiinteistot.png\" \/>\n\t<meta property=\"og:image:width\" content=\"672\" \/>\n\t<meta property=\"og:image:height\" content=\"443\" \/>\n\t<meta property=\"og:image:type\" content=\"image\/png\" \/>\n<meta name=\"twitter:card\" content=\"summary_large_image\" \/>\n<script type=\"application\/ld+json\" class=\"yoast-schema-graph\">{\"@context\":\"https:\\\/\\\/schema.org\",\"@graph\":[{\"@type\":\"WebPage\",\"@id\":\"https:\\\/\\\/retta.fi\\\/sv\\\/for-utvecklare-och-nyckelkunder\\\/kommersiella-fastigheter-forvaltning-och-underhall\\\/\",\"url\":\"https:\\\/\\\/retta.fi\\\/sv\\\/for-utvecklare-och-nyckelkunder\\\/kommersiella-fastigheter-forvaltning-och-underhall\\\/\",\"name\":\"Kommersiella fastigheter \u2013 F\u00f6rvaltning och underh\u00e5ll - Retta\",\"isPartOf\":{\"@id\":\"https:\\\/\\\/retta.fi\\\/sv\\\/#website\"},\"primaryImageOfPage\":{\"@id\":\"https:\\\/\\\/retta.fi\\\/sv\\\/for-utvecklare-och-nyckelkunder\\\/kommersiella-fastigheter-forvaltning-och-underhall\\\/#primaryimage\"},\"image\":{\"@id\":\"https:\\\/\\\/retta.fi\\\/sv\\\/for-utvecklare-och-nyckelkunder\\\/kommersiella-fastigheter-forvaltning-och-underhall\\\/#primaryimage\"},\"thumbnailUrl\":\"https:\\\/\\\/retta.fi\\\/wp-content\\\/uploads\\\/2023\\\/06\\\/Kauppakeskuskiinteistot.png\",\"datePublished\":\"2024-12-13T12:41:10+00:00\",\"dateModified\":\"2025-04-15T07:49:58+00:00\",\"description\":\"Retta Palveluyhti\u00f6 tarjoaa r\u00e4\u00e4t\u00e4l\u00f6ityj\u00e4 palveluita asiakasyhti\u00f6n kiinteist\u00f6jen ja tilojen eri tarpeisiin.\",\"breadcrumb\":{\"@id\":\"https:\\\/\\\/retta.fi\\\/sv\\\/for-utvecklare-och-nyckelkunder\\\/kommersiella-fastigheter-forvaltning-och-underhall\\\/#breadcrumb\"},\"inLanguage\":\"sv-SE\",\"potentialAction\":[{\"@type\":\"ReadAction\",\"target\":[\"https:\\\/\\\/retta.fi\\\/sv\\\/for-utvecklare-och-nyckelkunder\\\/kommersiella-fastigheter-forvaltning-och-underhall\\\/\"]}]},{\"@type\":\"ImageObject\",\"inLanguage\":\"sv-SE\",\"@id\":\"https:\\\/\\\/retta.fi\\\/sv\\\/for-utvecklare-och-nyckelkunder\\\/kommersiella-fastigheter-forvaltning-och-underhall\\\/#primaryimage\",\"url\":\"https:\\\/\\\/retta.fi\\\/wp-content\\\/uploads\\\/2023\\\/06\\\/Kauppakeskuskiinteistot.png\",\"contentUrl\":\"https:\\\/\\\/retta.fi\\\/wp-content\\\/uploads\\\/2023\\\/06\\\/Kauppakeskuskiinteistot.png\",\"width\":672,\"height\":443},{\"@type\":\"BreadcrumbList\",\"@id\":\"https:\\\/\\\/retta.fi\\\/sv\\\/for-utvecklare-och-nyckelkunder\\\/kommersiella-fastigheter-forvaltning-och-underhall\\\/#breadcrumb\",\"itemListElement\":[{\"@type\":\"ListItem\",\"position\":1,\"name\":\"Framsida\",\"item\":\"https:\\\/\\\/retta.fi\\\/sv\\\/\"},{\"@type\":\"ListItem\",\"position\":2,\"name\":\"F\u00f6r utvecklare och nyckelkunder\",\"item\":\"https:\\\/\\\/retta.fi\\\/sv\\\/for-utvecklare-och-nyckelkunder\\\/\"},{\"@type\":\"ListItem\",\"position\":3,\"name\":\"Kommersiella fastigheter \u2013 F\u00f6rvaltning och underh\u00e5ll\"}]},{\"@type\":\"WebSite\",\"@id\":\"https:\\\/\\\/retta.fi\\\/sv\\\/#website\",\"url\":\"https:\\\/\\\/retta.fi\\\/sv\\\/\",\"name\":\"Retta\",\"description\":\"\",\"publisher\":{\"@id\":\"https:\\\/\\\/retta.fi\\\/sv\\\/#organization\"},\"potentialAction\":[{\"@type\":\"SearchAction\",\"target\":{\"@type\":\"EntryPoint\",\"urlTemplate\":\"https:\\\/\\\/retta.fi\\\/sv\\\/?s={search_term_string}\"},\"query-input\":{\"@type\":\"PropertyValueSpecification\",\"valueRequired\":true,\"valueName\":\"search_term_string\"}}],\"inLanguage\":\"sv-SE\"},{\"@type\":\"Organization\",\"@id\":\"https:\\\/\\\/retta.fi\\\/sv\\\/#organization\",\"name\":\"Retta\",\"url\":\"https:\\\/\\\/retta.fi\\\/sv\\\/\",\"logo\":{\"@type\":\"ImageObject\",\"inLanguage\":\"sv-SE\",\"@id\":\"https:\\\/\\\/retta.fi\\\/sv\\\/#\\\/schema\\\/logo\\\/image\\\/\",\"url\":\"https:\\\/\\\/retta.fi\\\/wp-content\\\/uploads\\\/2022\\\/04\\\/retta_somejako.png\",\"contentUrl\":\"https:\\\/\\\/retta.fi\\\/wp-content\\\/uploads\\\/2022\\\/04\\\/retta_somejako.png\",\"width\":1200,\"height\":630,\"caption\":\"Retta\"},\"image\":{\"@id\":\"https:\\\/\\\/retta.fi\\\/sv\\\/#\\\/schema\\\/logo\\\/image\\\/\"}}]}<\/script>\n<!-- \/ Yoast SEO plugin. -->","yoast_head_json":{"title":"Kommersiella fastigheter \u2013 F\u00f6rvaltning och underh\u00e5ll - Retta","description":"Retta Palveluyhti\u00f6 tarjoaa r\u00e4\u00e4t\u00e4l\u00f6ityj\u00e4 palveluita asiakasyhti\u00f6n kiinteist\u00f6jen ja tilojen eri tarpeisiin.","robots":{"index":"index","follow":"follow","max-snippet":"max-snippet:-1","max-image-preview":"max-image-preview:large","max-video-preview":"max-video-preview:-1"},"canonical":"https:\/\/retta.fi\/sv\/for-utvecklare-och-nyckelkunder\/kommersiella-fastigheter-forvaltning-och-underhall\/","og_locale":"sv_SE","og_type":"article","og_title":"Kommersiella fastigheter \u2013 F\u00f6rvaltning och underh\u00e5ll - Retta","og_description":"Retta Palveluyhti\u00f6 tarjoaa r\u00e4\u00e4t\u00e4l\u00f6ityj\u00e4 palveluita asiakasyhti\u00f6n kiinteist\u00f6jen ja tilojen eri tarpeisiin.","og_url":"https:\/\/retta.fi\/sv\/for-utvecklare-och-nyckelkunder\/kommersiella-fastigheter-forvaltning-och-underhall\/","og_site_name":"Retta","article_modified_time":"2025-04-15T07:49:58+00:00","og_image":[{"width":672,"height":443,"url":"https:\/\/retta.fi\/wp-content\/uploads\/2023\/06\/Kauppakeskuskiinteistot.png","type":"image\/png"}],"twitter_card":"summary_large_image","schema":{"@context":"https:\/\/schema.org","@graph":[{"@type":"WebPage","@id":"https:\/\/retta.fi\/sv\/for-utvecklare-och-nyckelkunder\/kommersiella-fastigheter-forvaltning-och-underhall\/","url":"https:\/\/retta.fi\/sv\/for-utvecklare-och-nyckelkunder\/kommersiella-fastigheter-forvaltning-och-underhall\/","name":"Kommersiella fastigheter \u2013 F\u00f6rvaltning och underh\u00e5ll - Retta","isPartOf":{"@id":"https:\/\/retta.fi\/sv\/#website"},"primaryImageOfPage":{"@id":"https:\/\/retta.fi\/sv\/for-utvecklare-och-nyckelkunder\/kommersiella-fastigheter-forvaltning-och-underhall\/#primaryimage"},"image":{"@id":"https:\/\/retta.fi\/sv\/for-utvecklare-och-nyckelkunder\/kommersiella-fastigheter-forvaltning-och-underhall\/#primaryimage"},"thumbnailUrl":"https:\/\/retta.fi\/wp-content\/uploads\/2023\/06\/Kauppakeskuskiinteistot.png","datePublished":"2024-12-13T12:41:10+00:00","dateModified":"2025-04-15T07:49:58+00:00","description":"Retta Palveluyhti\u00f6 tarjoaa r\u00e4\u00e4t\u00e4l\u00f6ityj\u00e4 palveluita asiakasyhti\u00f6n kiinteist\u00f6jen ja tilojen eri tarpeisiin.","breadcrumb":{"@id":"https:\/\/retta.fi\/sv\/for-utvecklare-och-nyckelkunder\/kommersiella-fastigheter-forvaltning-och-underhall\/#breadcrumb"},"inLanguage":"sv-SE","potentialAction":[{"@type":"ReadAction","target":["https:\/\/retta.fi\/sv\/for-utvecklare-och-nyckelkunder\/kommersiella-fastigheter-forvaltning-och-underhall\/"]}]},{"@type":"ImageObject","inLanguage":"sv-SE","@id":"https:\/\/retta.fi\/sv\/for-utvecklare-och-nyckelkunder\/kommersiella-fastigheter-forvaltning-och-underhall\/#primaryimage","url":"https:\/\/retta.fi\/wp-content\/uploads\/2023\/06\/Kauppakeskuskiinteistot.png","contentUrl":"https:\/\/retta.fi\/wp-content\/uploads\/2023\/06\/Kauppakeskuskiinteistot.png","width":672,"height":443},{"@type":"BreadcrumbList","@id":"https:\/\/retta.fi\/sv\/for-utvecklare-och-nyckelkunder\/kommersiella-fastigheter-forvaltning-och-underhall\/#breadcrumb","itemListElement":[{"@type":"ListItem","position":1,"name":"Framsida","item":"https:\/\/retta.fi\/sv\/"},{"@type":"ListItem","position":2,"name":"F\u00f6r utvecklare och nyckelkunder","item":"https:\/\/retta.fi\/sv\/for-utvecklare-och-nyckelkunder\/"},{"@type":"ListItem","position":3,"name":"Kommersiella fastigheter \u2013 F\u00f6rvaltning och underh\u00e5ll"}]},{"@type":"WebSite","@id":"https:\/\/retta.fi\/sv\/#website","url":"https:\/\/retta.fi\/sv\/","name":"Retta","description":"","publisher":{"@id":"https:\/\/retta.fi\/sv\/#organization"},"potentialAction":[{"@type":"SearchAction","target":{"@type":"EntryPoint","urlTemplate":"https:\/\/retta.fi\/sv\/?s={search_term_string}"},"query-input":{"@type":"PropertyValueSpecification","valueRequired":true,"valueName":"search_term_string"}}],"inLanguage":"sv-SE"},{"@type":"Organization","@id":"https:\/\/retta.fi\/sv\/#organization","name":"Retta","url":"https:\/\/retta.fi\/sv\/","logo":{"@type":"ImageObject","inLanguage":"sv-SE","@id":"https:\/\/retta.fi\/sv\/#\/schema\/logo\/image\/","url":"https:\/\/retta.fi\/wp-content\/uploads\/2022\/04\/retta_somejako.png","contentUrl":"https:\/\/retta.fi\/wp-content\/uploads\/2022\/04\/retta_somejako.png","width":1200,"height":630,"caption":"Retta"},"image":{"@id":"https:\/\/retta.fi\/sv\/#\/schema\/logo\/image\/"}}]}},"_links":{"self":[{"href":"https:\/\/retta.fi\/sv\/wp-json\/wp\/v2\/pages\/44842","targetHints":{"allow":["GET"]}}],"collection":[{"href":"https:\/\/retta.fi\/sv\/wp-json\/wp\/v2\/pages"}],"about":[{"href":"https:\/\/retta.fi\/sv\/wp-json\/wp\/v2\/types\/page"}],"author":[{"embeddable":true,"href":"https:\/\/retta.fi\/sv\/wp-json\/wp\/v2\/users\/31"}],"replies":[{"embeddable":true,"href":"https:\/\/retta.fi\/sv\/wp-json\/wp\/v2\/comments?post=44842"}],"version-history":[{"count":9,"href":"https:\/\/retta.fi\/sv\/wp-json\/wp\/v2\/pages\/44842\/revisions"}],"predecessor-version":[{"id":47964,"href":"https:\/\/retta.fi\/sv\/wp-json\/wp\/v2\/pages\/44842\/revisions\/47964"}],"up":[{"embeddable":true,"href":"https:\/\/retta.fi\/sv\/wp-json\/wp\/v2\/pages\/42329"}],"wp:featuredmedia":[{"embeddable":true,"href":"https:\/\/retta.fi\/sv\/wp-json\/wp\/v2\/media\/27704"}],"wp:attachment":[{"href":"https:\/\/retta.fi\/sv\/wp-json\/wp\/v2\/media?parent=44842"}],"curies":[{"name":"wp","href":"https:\/\/api.w.org\/{rel}","templated":true}]}}