{"id":44838,"date":"2024-11-10T07:22:09","date_gmt":"2024-11-10T05:22:09","guid":{"rendered":"https:\/\/retta.fi\/rakennuttajille-ja-suurasiakkaille\/uudiskohdeisannointi\/"},"modified":"2025-05-12T13:16:51","modified_gmt":"2025-05-12T10:16:51","slug":"nybyggnadsfastighetsforvaltning","status":"publish","type":"page","link":"https:\/\/retta.fi\/sv\/for-utvecklare-och-nyckelkunder\/nybyggnadsfastighetsforvaltning\/","title":{"rendered":"Nybyggnadsfastighetsf\u00f6rvaltning"},"content":{"rendered":"<section id=\"acf-block-634d4b942c316\" class=\"block block-hero container-fluid ct-darkgreen bg-darkgreen \">\n        <div class=\"container\">\n        <div class=\"row\">\n            <div class=\"col-12 col-lg-8 hero-content-col\">\n                <div class=\"hero-content\">\n                    \n\n<h1 class=\"wp-block-heading\">Nybyggnadsfastighetsf\u00f6rvaltning<\/h1>\n\n\n                <\/div>\n            <\/div>\n        <\/div>\n    <\/div>\n<\/section>\n\n\n\n<section id=\"acf-block-634d4b942c366\"    class=\"block block-image-and-content container-fluid default-bg \">\n    <div class=\"container\">\n        <div class=\"row justify-content-between\">\n            <div class=\"col-12 col-lg-6  img-col\">\n                <div class=\"wp-block-image\">\n                    <div class=\"alignleft\"><img decoding=\"async\" src=\"https:\/\/retta.fi\/wp-content\/uploads\/2024\/07\/iStock-153500354-1920x1280.jpg\" width=\"864\" height=\"576\" alt=\"\" loading=\"lazy\"><\/div>\n                <\/div>\n            <\/div>\n            <div class=\"col-12 col-lg-5\">\n                <main class=\"entry-content\">\n                    \n\n<p class=\"is-style-lead\">Retta Service Companies nybyggnadsenhet erbjuder utvecklare och nya fastigheter expert och professionell f\u00f6rvaltning fr\u00e5n grunden.<\/p>\n\n\n\n<h3 class=\"wp-block-heading\">Driftsmodell<\/h3>\n\n\n\n<p>Retta Service Companies nybyggnadsenhet syssels\u00e4tter experter inom fastighetsf\u00f6rvaltning och byggande som s\u00e4kerst\u00e4ller en s\u00f6ml\u00f6s initiering av f\u00f6retagets f\u00f6rvaltning, vilket g\u00f6r att fastighetsf\u00f6rvaltningen under inflyttningsfasen kan forts\u00e4tta utan avbrott. Standardiserade modelldokument och dokumentlistor garanterar att allt material relaterat till f\u00f6retagets ledning \u00f6verl\u00e4mnas till f\u00f6retaget och f\u00f6rvaras s\u00e4kert. Experter fr\u00e5n nybyggnadsenheten kan bist\u00e5 byggherren med ekonomisk planering och fastst\u00e4llande av inneh\u00e5ll och praxis i exempelvis servitutsavtal.<\/p>\n\n\n\n<p>Tj\u00e4nstens inneh\u00e5ll definieras med ett kundorienterat f\u00f6rh\u00e5llningss\u00e4tt.<\/p>\n\n\n\n<p><\/p>\n\n\n                <\/main>\n            <\/div>\n        <\/div>\n    <\/div>\n<\/section>\n\n\n<div class=\"block-innerblocks-container col-12 col-lg-6 entry-content\">\n    \n\n<p><\/p>\n\n\n<\/div>\n\n\n<section id=\"acf-block-66fe2cbb813c6\" class=\"block block-two-innerblocks container-fluid ct-darkgreen bg-darkgreen \">\n    <div class=\"container\">\n        <div class=\"row justify-content-between\">\n            \n<div class=\"block-innerblocks-container-narrow col-12 col-lg-5 entry-content\">\n    \n\n<h2 class=\"wp-block-heading\">Servicebeskrivning<\/h2>\n\n\n\n<p>Den nya byggenheten sammanst\u00e4ller ett team anpassat efter kundens behov, best\u00e5ende av en administrativ fastighetsf\u00f6rvaltare, kontorsfastighetsf\u00f6rvaltare, kundtj\u00e4nst, teknisk enhet, ekonomif\u00f6rvaltningsenhet och vid behov andra fastighetsf\u00f6rvaltningsexperter.<\/p>\n\n\n\n<p><br>Experterna i den nya byggenheten \u00e4r v\u00e4l insatta i m\u00f6tesrutiner och dokumentberedning.<\/p>\n\n\n\n<p>Typiskt \u00e4r att nybyggnadsenheten sk\u00f6ter fastigheten fr\u00e5n grunden i 1-2 \u00e5r. Efter denna period kan fastighetsf\u00f6rvaltningen s\u00f6ml\u00f6st \u00f6verf\u00f6ras till Retta Property Managements lokalkontor.<\/p>\n\n\n<\/div>\n\n\n<div class=\"block-innerblocks-container col-12 col-lg-6 entry-content\">\n    \n\n<h3 class=\"wp-block-heading\"><strong>Skr\u00e4ddarsydda tj\u00e4nster f\u00f6r nybyggnadsf\u00f6retag<\/strong><\/h3>\n\n\n\n<ul class=\"wp-block-list\">\n<li>Definiera serviceavgifter<\/li>\n\n\n\n<li>Granskning av inneh\u00e5llet i avtal om servitut och delat arrangemang<\/li>\n\n\n\n<li>Producera f\u00f6rmarknadsf\u00f6ringsmaterial i enlighet med lagen om bostadstransaktioner<\/li>\n\n\n\n<li>\u00d6verf\u00f6ring av ledning till inflyttningsfasstyrelsen<\/li>\n\n\n\n<li>Katalogisering och verifiering av \u00f6verl\u00e4mningsmaterial<\/li>\n\n\n\n<li>St\u00f6dja och v\u00e4gleda den nya styrelsen i bel\u00e4ggningsfashantering<\/li>\n\n\n\n<li>Genomf\u00f6rande av den \u00e5rliga inspektionen<\/li>\n<\/ul>\n\n\n<\/div>\n\n        <\/div>\n    <\/div>\n<\/section>\n\n\n\n","protected":false},"excerpt":{"rendered":"","protected":false},"author":31,"featured_media":38237,"parent":42329,"menu_order":0,"comment_status":"closed","ping_status":"closed","template":"","meta":{"_acf_changed":false,"_relevanssi_hide_post":"","_relevanssi_hide_content":"","_relevanssi_pin_for_all":"","_relevanssi_pin_keywords":"","_relevanssi_unpin_keywords":"","_relevanssi_related_keywords":"","_relevanssi_related_include_ids":"","_relevanssi_related_exclude_ids":"","_relevanssi_related_no_append":"","_relevanssi_related_not_related":"","_relevanssi_related_posts":"20194,3589,1632,3365,3518,29910","_relevanssi_noindex_reason":"","footnotes":""},"class_list":["post-44838","page","type-page","status-publish","has-post-thumbnail","hentry"],"acf":[],"yoast_head":"<!-- This site is optimized with the Yoast SEO plugin v27.1.1 - https:\/\/yoast.com\/product\/yoast-seo-wordpress\/ -->\n<title>Nybyggnadsfastighetsf\u00f6rvaltning - Retta<\/title>\n<meta name=\"description\" content=\"Retta Palveluyhti\u00f6 tarjoaa r\u00e4\u00e4t\u00e4l\u00f6ityj\u00e4 palveluita asiakasyhti\u00f6n kiinteist\u00f6jen ja tilojen eri tarpeisiin.\" \/>\n<meta name=\"robots\" content=\"index, follow, max-snippet:-1, max-image-preview:large, max-video-preview:-1\" \/>\n<link rel=\"canonical\" href=\"https:\/\/retta.fi\/sv\/for-utvecklare-och-nyckelkunder\/nybyggnadsfastighetsforvaltning\/\" \/>\n<meta property=\"og:locale\" content=\"sv_SE\" \/>\n<meta property=\"og:type\" content=\"article\" \/>\n<meta property=\"og:title\" content=\"Nybyggnadsfastighetsf\u00f6rvaltning - Retta\" \/>\n<meta property=\"og:description\" content=\"Retta Palveluyhti\u00f6 tarjoaa r\u00e4\u00e4t\u00e4l\u00f6ityj\u00e4 palveluita asiakasyhti\u00f6n kiinteist\u00f6jen ja tilojen eri tarpeisiin.\" \/>\n<meta property=\"og:url\" content=\"https:\/\/retta.fi\/sv\/for-utvecklare-och-nyckelkunder\/nybyggnadsfastighetsforvaltning\/\" \/>\n<meta property=\"og:site_name\" content=\"Retta\" \/>\n<meta property=\"article:modified_time\" content=\"2025-05-12T10:16:51+00:00\" \/>\n<meta property=\"og:image\" content=\"https:\/\/retta.fi\/wp-content\/uploads\/2024\/07\/iStock-1251379319-1920x1280.jpg\" \/>\n\t<meta property=\"og:image:width\" content=\"1920\" \/>\n\t<meta property=\"og:image:height\" content=\"1280\" \/>\n\t<meta property=\"og:image:type\" content=\"image\/jpeg\" \/>\n<meta name=\"twitter:card\" content=\"summary_large_image\" \/>\n<script type=\"application\/ld+json\" class=\"yoast-schema-graph\">{\"@context\":\"https:\/\/schema.org\",\"@graph\":[{\"@type\":\"WebPage\",\"@id\":\"https:\/\/retta.fi\/sv\/for-utvecklare-och-nyckelkunder\/nybyggnadsfastighetsforvaltning\/\",\"url\":\"https:\/\/retta.fi\/sv\/for-utvecklare-och-nyckelkunder\/nybyggnadsfastighetsforvaltning\/\",\"name\":\"Nybyggnadsfastighetsf\u00f6rvaltning - Retta\",\"isPartOf\":{\"@id\":\"https:\/\/retta.fi\/sv\/#website\"},\"primaryImageOfPage\":{\"@id\":\"https:\/\/retta.fi\/sv\/for-utvecklare-och-nyckelkunder\/nybyggnadsfastighetsforvaltning\/#primaryimage\"},\"image\":{\"@id\":\"https:\/\/retta.fi\/sv\/for-utvecklare-och-nyckelkunder\/nybyggnadsfastighetsforvaltning\/#primaryimage\"},\"thumbnailUrl\":\"https:\/\/retta.fi\/wp-content\/uploads\/2024\/07\/iStock-1251379319.jpg\",\"datePublished\":\"2024-11-10T05:22:09+00:00\",\"dateModified\":\"2025-05-12T10:16:51+00:00\",\"description\":\"Retta Palveluyhti\u00f6 tarjoaa r\u00e4\u00e4t\u00e4l\u00f6ityj\u00e4 palveluita asiakasyhti\u00f6n kiinteist\u00f6jen ja tilojen eri tarpeisiin.\",\"breadcrumb\":{\"@id\":\"https:\/\/retta.fi\/sv\/for-utvecklare-och-nyckelkunder\/nybyggnadsfastighetsforvaltning\/#breadcrumb\"},\"inLanguage\":\"sv-SE\",\"potentialAction\":[{\"@type\":\"ReadAction\",\"target\":[\"https:\/\/retta.fi\/sv\/for-utvecklare-och-nyckelkunder\/nybyggnadsfastighetsforvaltning\/\"]}]},{\"@type\":\"ImageObject\",\"inLanguage\":\"sv-SE\",\"@id\":\"https:\/\/retta.fi\/sv\/for-utvecklare-och-nyckelkunder\/nybyggnadsfastighetsforvaltning\/#primaryimage\",\"url\":\"https:\/\/retta.fi\/wp-content\/uploads\/2024\/07\/iStock-1251379319.jpg\",\"contentUrl\":\"https:\/\/retta.fi\/wp-content\/uploads\/2024\/07\/iStock-1251379319.jpg\",\"width\":2121,\"height\":1414,\"caption\":\"Helsinki, Finland - June 13, 2020: Aerial view of first skyscrapers in Finland in Kalasatama district. Tallest buildings in Finland.\"},{\"@type\":\"BreadcrumbList\",\"@id\":\"https:\/\/retta.fi\/sv\/for-utvecklare-och-nyckelkunder\/nybyggnadsfastighetsforvaltning\/#breadcrumb\",\"itemListElement\":[{\"@type\":\"ListItem\",\"position\":1,\"name\":\"Framsida\",\"item\":\"https:\/\/retta.fi\/sv\/\"},{\"@type\":\"ListItem\",\"position\":2,\"name\":\"F\u00f6r utvecklare och nyckelkunder\",\"item\":\"https:\/\/retta.fi\/sv\/for-utvecklare-och-nyckelkunder\/\"},{\"@type\":\"ListItem\",\"position\":3,\"name\":\"Nybyggnadsfastighetsf\u00f6rvaltning\"}]},{\"@type\":\"WebSite\",\"@id\":\"https:\/\/retta.fi\/sv\/#website\",\"url\":\"https:\/\/retta.fi\/sv\/\",\"name\":\"Retta\",\"description\":\"\",\"publisher\":{\"@id\":\"https:\/\/retta.fi\/sv\/#organization\"},\"potentialAction\":[{\"@type\":\"SearchAction\",\"target\":{\"@type\":\"EntryPoint\",\"urlTemplate\":\"https:\/\/retta.fi\/sv\/?s={search_term_string}\"},\"query-input\":{\"@type\":\"PropertyValueSpecification\",\"valueRequired\":true,\"valueName\":\"search_term_string\"}}],\"inLanguage\":\"sv-SE\"},{\"@type\":\"Organization\",\"@id\":\"https:\/\/retta.fi\/sv\/#organization\",\"name\":\"Retta\",\"url\":\"https:\/\/retta.fi\/sv\/\",\"logo\":{\"@type\":\"ImageObject\",\"inLanguage\":\"sv-SE\",\"@id\":\"https:\/\/retta.fi\/sv\/#\/schema\/logo\/image\/\",\"url\":\"https:\/\/retta.fi\/wp-content\/uploads\/2022\/04\/retta_somejako.png\",\"contentUrl\":\"https:\/\/retta.fi\/wp-content\/uploads\/2022\/04\/retta_somejako.png\",\"width\":1200,\"height\":630,\"caption\":\"Retta\"},\"image\":{\"@id\":\"https:\/\/retta.fi\/sv\/#\/schema\/logo\/image\/\"}}]}<\/script>\n<!-- \/ Yoast SEO plugin. -->","yoast_head_json":{"title":"Nybyggnadsfastighetsf\u00f6rvaltning - Retta","description":"Retta Palveluyhti\u00f6 tarjoaa r\u00e4\u00e4t\u00e4l\u00f6ityj\u00e4 palveluita asiakasyhti\u00f6n kiinteist\u00f6jen ja tilojen eri tarpeisiin.","robots":{"index":"index","follow":"follow","max-snippet":"max-snippet:-1","max-image-preview":"max-image-preview:large","max-video-preview":"max-video-preview:-1"},"canonical":"https:\/\/retta.fi\/sv\/for-utvecklare-och-nyckelkunder\/nybyggnadsfastighetsforvaltning\/","og_locale":"sv_SE","og_type":"article","og_title":"Nybyggnadsfastighetsf\u00f6rvaltning - Retta","og_description":"Retta Palveluyhti\u00f6 tarjoaa r\u00e4\u00e4t\u00e4l\u00f6ityj\u00e4 palveluita asiakasyhti\u00f6n kiinteist\u00f6jen ja tilojen eri tarpeisiin.","og_url":"https:\/\/retta.fi\/sv\/for-utvecklare-och-nyckelkunder\/nybyggnadsfastighetsforvaltning\/","og_site_name":"Retta","article_modified_time":"2025-05-12T10:16:51+00:00","og_image":[{"width":1920,"height":1280,"url":"https:\/\/retta.fi\/wp-content\/uploads\/2024\/07\/iStock-1251379319-1920x1280.jpg","type":"image\/jpeg"}],"twitter_card":"summary_large_image","schema":{"@context":"https:\/\/schema.org","@graph":[{"@type":"WebPage","@id":"https:\/\/retta.fi\/sv\/for-utvecklare-och-nyckelkunder\/nybyggnadsfastighetsforvaltning\/","url":"https:\/\/retta.fi\/sv\/for-utvecklare-och-nyckelkunder\/nybyggnadsfastighetsforvaltning\/","name":"Nybyggnadsfastighetsf\u00f6rvaltning - Retta","isPartOf":{"@id":"https:\/\/retta.fi\/sv\/#website"},"primaryImageOfPage":{"@id":"https:\/\/retta.fi\/sv\/for-utvecklare-och-nyckelkunder\/nybyggnadsfastighetsforvaltning\/#primaryimage"},"image":{"@id":"https:\/\/retta.fi\/sv\/for-utvecklare-och-nyckelkunder\/nybyggnadsfastighetsforvaltning\/#primaryimage"},"thumbnailUrl":"https:\/\/retta.fi\/wp-content\/uploads\/2024\/07\/iStock-1251379319.jpg","datePublished":"2024-11-10T05:22:09+00:00","dateModified":"2025-05-12T10:16:51+00:00","description":"Retta Palveluyhti\u00f6 tarjoaa r\u00e4\u00e4t\u00e4l\u00f6ityj\u00e4 palveluita asiakasyhti\u00f6n kiinteist\u00f6jen ja tilojen eri tarpeisiin.","breadcrumb":{"@id":"https:\/\/retta.fi\/sv\/for-utvecklare-och-nyckelkunder\/nybyggnadsfastighetsforvaltning\/#breadcrumb"},"inLanguage":"sv-SE","potentialAction":[{"@type":"ReadAction","target":["https:\/\/retta.fi\/sv\/for-utvecklare-och-nyckelkunder\/nybyggnadsfastighetsforvaltning\/"]}]},{"@type":"ImageObject","inLanguage":"sv-SE","@id":"https:\/\/retta.fi\/sv\/for-utvecklare-och-nyckelkunder\/nybyggnadsfastighetsforvaltning\/#primaryimage","url":"https:\/\/retta.fi\/wp-content\/uploads\/2024\/07\/iStock-1251379319.jpg","contentUrl":"https:\/\/retta.fi\/wp-content\/uploads\/2024\/07\/iStock-1251379319.jpg","width":2121,"height":1414,"caption":"Helsinki, Finland - June 13, 2020: Aerial view of first skyscrapers in Finland in Kalasatama district. Tallest buildings in Finland."},{"@type":"BreadcrumbList","@id":"https:\/\/retta.fi\/sv\/for-utvecklare-och-nyckelkunder\/nybyggnadsfastighetsforvaltning\/#breadcrumb","itemListElement":[{"@type":"ListItem","position":1,"name":"Framsida","item":"https:\/\/retta.fi\/sv\/"},{"@type":"ListItem","position":2,"name":"F\u00f6r utvecklare och nyckelkunder","item":"https:\/\/retta.fi\/sv\/for-utvecklare-och-nyckelkunder\/"},{"@type":"ListItem","position":3,"name":"Nybyggnadsfastighetsf\u00f6rvaltning"}]},{"@type":"WebSite","@id":"https:\/\/retta.fi\/sv\/#website","url":"https:\/\/retta.fi\/sv\/","name":"Retta","description":"","publisher":{"@id":"https:\/\/retta.fi\/sv\/#organization"},"potentialAction":[{"@type":"SearchAction","target":{"@type":"EntryPoint","urlTemplate":"https:\/\/retta.fi\/sv\/?s={search_term_string}"},"query-input":{"@type":"PropertyValueSpecification","valueRequired":true,"valueName":"search_term_string"}}],"inLanguage":"sv-SE"},{"@type":"Organization","@id":"https:\/\/retta.fi\/sv\/#organization","name":"Retta","url":"https:\/\/retta.fi\/sv\/","logo":{"@type":"ImageObject","inLanguage":"sv-SE","@id":"https:\/\/retta.fi\/sv\/#\/schema\/logo\/image\/","url":"https:\/\/retta.fi\/wp-content\/uploads\/2022\/04\/retta_somejako.png","contentUrl":"https:\/\/retta.fi\/wp-content\/uploads\/2022\/04\/retta_somejako.png","width":1200,"height":630,"caption":"Retta"},"image":{"@id":"https:\/\/retta.fi\/sv\/#\/schema\/logo\/image\/"}}]}},"_links":{"self":[{"href":"https:\/\/retta.fi\/sv\/wp-json\/wp\/v2\/pages\/44838","targetHints":{"allow":["GET"]}}],"collection":[{"href":"https:\/\/retta.fi\/sv\/wp-json\/wp\/v2\/pages"}],"about":[{"href":"https:\/\/retta.fi\/sv\/wp-json\/wp\/v2\/types\/page"}],"author":[{"embeddable":true,"href":"https:\/\/retta.fi\/sv\/wp-json\/wp\/v2\/users\/31"}],"replies":[{"embeddable":true,"href":"https:\/\/retta.fi\/sv\/wp-json\/wp\/v2\/comments?post=44838"}],"version-history":[{"count":6,"href":"https:\/\/retta.fi\/sv\/wp-json\/wp\/v2\/pages\/44838\/revisions"}],"predecessor-version":[{"id":47680,"href":"https:\/\/retta.fi\/sv\/wp-json\/wp\/v2\/pages\/44838\/revisions\/47680"}],"up":[{"embeddable":true,"href":"https:\/\/retta.fi\/sv\/wp-json\/wp\/v2\/pages\/42329"}],"wp:featuredmedia":[{"embeddable":true,"href":"https:\/\/retta.fi\/sv\/wp-json\/wp\/v2\/media\/38237"}],"wp:attachment":[{"href":"https:\/\/retta.fi\/sv\/wp-json\/wp\/v2\/media?parent=44838"}],"curies":[{"name":"wp","href":"https:\/\/api.w.org\/{rel}","templated":true}]}}