{"id":44830,"date":"2022-07-14T01:11:28","date_gmt":"2022-07-13T22:11:28","guid":{"rendered":"https:\/\/retta.fi\/rakennuttajille-ja-suurasiakkaille\/asuinaluekehittamisen-palvelu\/"},"modified":"2025-05-12T13:14:04","modified_gmt":"2025-05-12T10:14:04","slug":"bostadsomradesutvecklingstjanster","status":"publish","type":"page","link":"https:\/\/retta.fi\/sv\/for-utvecklare-och-nyckelkunder\/bostadsomradesutvecklingstjanster\/","title":{"rendered":"Bostadsomr\u00e5desutvecklingstj\u00e4nster"},"content":{"rendered":"<section id=\"acf-block-634d4b942c316\" class=\"block block-hero container-fluid ct-darkgreen bg-darkgreen \">\n        <div class=\"container\">\n        <div class=\"row\">\n            <div class=\"col-12 col-lg-8 hero-content-col\">\n                <div class=\"hero-content\">\n                    \n\n<h1 class=\"wp-block-heading\">Bostadsomr\u00e5desutvecklingstj\u00e4nster<\/h1>\n\n\n                <\/div>\n            <\/div>\n        <\/div>\n    <\/div>\n<\/section>\n\n\n\n<section id=\"acf-block-6374a9ed5c38d\"    class=\"block block-image-and-content container-fluid default-bg \">\n    <div class=\"container\">\n        <div class=\"row justify-content-between\">\n            <div class=\"col-12 col-lg-6  img-col\">\n                <div class=\"wp-block-image\">\n                    <div class=\"alignleft\"><img decoding=\"async\" src=\"https:\/\/retta.fi\/wp-content\/uploads\/2024\/07\/iStock-1251379319-1920x1280.jpg\" width=\"864\" height=\"576\" alt=\"\" loading=\"lazy\"><\/div>\n                <\/div>\n            <\/div>\n            <div class=\"col-12 col-lg-5\">\n                <main class=\"entry-content\">\n                    \n\n<p class=\"is-style-lead\"><br>Retta Service Companies erbjuder kommuner, st\u00e4der, samh\u00e4llen och utvecklare en servicef\u00f6retagsmodell f\u00f6r f\u00f6rvaltning och underh\u00e5ll av anl\u00e4ggningar, fastigheter, parkeringsstrukturer, gemensamma g\u00e5rdar och gemensamma klubbrum.<\/p>\n\n\n\n<h3 class=\"wp-block-heading\">Driftsmodell<\/h3>\n\n\n\n<p>Retta Service Companies har under flera \u00e5r varit aktivt engagerade i att utveckla, bygga och underh\u00e5lla nya bostadsomr\u00e5den i Helsingfors, s\u00e5som Arabianranta, Kalasatama 1 och 2, och Kruunuvuorenranta.<\/p>\n\n\n\n<p>Tj\u00e4nstens inneh\u00e5ll definieras med ett kundorienterat f\u00f6rh\u00e5llningss\u00e4tt och verksamheten \u00f6vervakas av en styrelse som bildas av kunden.<\/p>\n\n\n\n<p><\/p>\n\n\n                <\/main>\n            <\/div>\n        <\/div>\n    <\/div>\n<\/section>\n\n\n<div class=\"block-innerblocks-container col-12 col-lg-6 entry-content\">\n    \n\n<p><\/p>\n\n\n<\/div>\n\n\n<section id=\"acf-block-66fe2cbb8125a\" class=\"block block-two-innerblocks container-fluid ct-darkgreen bg-darkgreen \">\n    <div class=\"container\">\n        <div class=\"row justify-content-between\">\n            \n<div class=\"block-innerblocks-container-narrow col-12 col-lg-5 entry-content\">\n    \n\n<h2 class=\"wp-block-heading\">Servicebeskrivning<\/h2>\n\n\n\n<p><br>Tj\u00e4nstef\u00f6retag \u00e4r aktiebolag etablerade av deras \u00e4gare, inklusive st\u00e4der, kommuner och byggherrar. De ers\u00e4tter enheter som underh\u00e5llsf\u00f6reningar och administrativa uppdelningsavtal.<\/p>\n\n\n\n<p><br>Servicef\u00f6retagsmodellen tillhandah\u00e5ller tj\u00e4nster skr\u00e4ddarsydda efter kundernas behov, inklusive en VD, fastighetsf\u00f6rvaltare, fastighetsadministrat\u00f6r, fastighetssekreterare, kundservice och ekonomif\u00f6rvaltning. Dessutom kan den erbjuda andra anl\u00e4ggnings- och fastighetsrelaterade tj\u00e4nster efter \u00f6nskem\u00e5l.<\/p>\n\n\n<\/div>\n\n\n<div class=\"block-innerblocks-container col-12 col-lg-6 entry-content\">\n    \n\n<h3 class=\"wp-block-heading\">Skr\u00e4ddarsydda tj\u00e4nster f\u00f6r de olika behoven hos kundf\u00f6retagens fastigheter och faciliteter<\/h3>\n\n\n\n<ul class=\"wp-block-list\">\n<li>Byggtj\u00e4nster, upphandling och tillsyn<\/li>\n\n\n\n<li>Inspektioner, bed\u00f6mningar och unders\u00f6kningar<\/li>\n\n\n\n<li>S\u00e4kerhetstj\u00e4nster, nyckelhantering<\/li>\n\n\n\n<li>Energi- och milj\u00f6tj\u00e4nster<\/li>\n\n\n\n<li>Garageservice och leasing<\/li>\n\n\n\n<li>Facility Services och fakturering f\u00f6r kommersiella utrymmen<\/li>\n\n\n\n<li>Underh\u00e5ll, s\u00e4kerhet och st\u00e4dtj\u00e4nster<\/li>\n<\/ul>\n\n\n<\/div>\n\n        <\/div>\n    <\/div>\n<\/section>\n\n\n\n\n<div class=\"block-innerblocks-container col-12 col-lg-6 entry-content\">\n    \n\n<p><\/p>\n\n\n<\/div>\n\n","protected":false},"excerpt":{"rendered":"","protected":false},"author":31,"featured_media":38237,"parent":42329,"menu_order":0,"comment_status":"closed","ping_status":"closed","template":"","meta":{"_acf_changed":false,"_relevanssi_hide_post":"","_relevanssi_hide_content":"","_relevanssi_pin_for_all":"","_relevanssi_pin_keywords":"","_relevanssi_unpin_keywords":"","_relevanssi_related_keywords":"","_relevanssi_related_include_ids":"","_relevanssi_related_exclude_ids":"","_relevanssi_related_no_append":"","_relevanssi_related_not_related":"","_relevanssi_related_posts":"20194,3589,1632,3365,3518,29910","_relevanssi_noindex_reason":"","footnotes":""},"class_list":["post-44830","page","type-page","status-publish","has-post-thumbnail","hentry"],"acf":[],"yoast_head":"<!-- This site is optimized with the Yoast SEO plugin v27.1.1 - https:\/\/yoast.com\/product\/yoast-seo-wordpress\/ -->\n<title>Bostadsomr\u00e5desutvecklingstj\u00e4nster - Retta<\/title>\n<meta name=\"description\" content=\"Retta Palveluyhti\u00f6 tarjoaa r\u00e4\u00e4t\u00e4l\u00f6ityj\u00e4 palveluita asiakasyhti\u00f6n kiinteist\u00f6jen ja tilojen eri tarpeisiin.\" \/>\n<meta name=\"robots\" content=\"index, follow, max-snippet:-1, max-image-preview:large, max-video-preview:-1\" \/>\n<link rel=\"canonical\" href=\"https:\/\/retta.fi\/sv\/for-utvecklare-och-nyckelkunder\/bostadsomradesutvecklingstjanster\/\" \/>\n<meta property=\"og:locale\" content=\"sv_SE\" \/>\n<meta property=\"og:type\" content=\"article\" \/>\n<meta property=\"og:title\" content=\"Bostadsomr\u00e5desutvecklingstj\u00e4nster - Retta\" \/>\n<meta property=\"og:description\" content=\"Retta Palveluyhti\u00f6 tarjoaa r\u00e4\u00e4t\u00e4l\u00f6ityj\u00e4 palveluita asiakasyhti\u00f6n kiinteist\u00f6jen ja tilojen eri tarpeisiin.\" \/>\n<meta property=\"og:url\" content=\"https:\/\/retta.fi\/sv\/for-utvecklare-och-nyckelkunder\/bostadsomradesutvecklingstjanster\/\" \/>\n<meta property=\"og:site_name\" content=\"Retta\" \/>\n<meta property=\"article:modified_time\" content=\"2025-05-12T10:14:04+00:00\" \/>\n<meta property=\"og:image\" content=\"https:\/\/retta.fi\/wp-content\/uploads\/2024\/07\/iStock-1251379319-1920x1280.jpg\" \/>\n\t<meta property=\"og:image:width\" content=\"1920\" \/>\n\t<meta property=\"og:image:height\" content=\"1280\" \/>\n\t<meta property=\"og:image:type\" content=\"image\/jpeg\" \/>\n<meta name=\"twitter:card\" content=\"summary_large_image\" \/>\n<script type=\"application\/ld+json\" class=\"yoast-schema-graph\">{\"@context\":\"https:\/\/schema.org\",\"@graph\":[{\"@type\":\"WebPage\",\"@id\":\"https:\/\/retta.fi\/sv\/for-utvecklare-och-nyckelkunder\/bostadsomradesutvecklingstjanster\/\",\"url\":\"https:\/\/retta.fi\/sv\/for-utvecklare-och-nyckelkunder\/bostadsomradesutvecklingstjanster\/\",\"name\":\"Bostadsomr\u00e5desutvecklingstj\u00e4nster - Retta\",\"isPartOf\":{\"@id\":\"https:\/\/retta.fi\/sv\/#website\"},\"primaryImageOfPage\":{\"@id\":\"https:\/\/retta.fi\/sv\/for-utvecklare-och-nyckelkunder\/bostadsomradesutvecklingstjanster\/#primaryimage\"},\"image\":{\"@id\":\"https:\/\/retta.fi\/sv\/for-utvecklare-och-nyckelkunder\/bostadsomradesutvecklingstjanster\/#primaryimage\"},\"thumbnailUrl\":\"https:\/\/retta.fi\/wp-content\/uploads\/2024\/07\/iStock-1251379319.jpg\",\"datePublished\":\"2022-07-13T22:11:28+00:00\",\"dateModified\":\"2025-05-12T10:14:04+00:00\",\"description\":\"Retta Palveluyhti\u00f6 tarjoaa r\u00e4\u00e4t\u00e4l\u00f6ityj\u00e4 palveluita asiakasyhti\u00f6n kiinteist\u00f6jen ja tilojen eri tarpeisiin.\",\"breadcrumb\":{\"@id\":\"https:\/\/retta.fi\/sv\/for-utvecklare-och-nyckelkunder\/bostadsomradesutvecklingstjanster\/#breadcrumb\"},\"inLanguage\":\"sv-SE\",\"potentialAction\":[{\"@type\":\"ReadAction\",\"target\":[\"https:\/\/retta.fi\/sv\/for-utvecklare-och-nyckelkunder\/bostadsomradesutvecklingstjanster\/\"]}]},{\"@type\":\"ImageObject\",\"inLanguage\":\"sv-SE\",\"@id\":\"https:\/\/retta.fi\/sv\/for-utvecklare-och-nyckelkunder\/bostadsomradesutvecklingstjanster\/#primaryimage\",\"url\":\"https:\/\/retta.fi\/wp-content\/uploads\/2024\/07\/iStock-1251379319.jpg\",\"contentUrl\":\"https:\/\/retta.fi\/wp-content\/uploads\/2024\/07\/iStock-1251379319.jpg\",\"width\":2121,\"height\":1414,\"caption\":\"Helsinki, Finland - June 13, 2020: Aerial view of first skyscrapers in Finland in Kalasatama district. Tallest buildings in Finland.\"},{\"@type\":\"BreadcrumbList\",\"@id\":\"https:\/\/retta.fi\/sv\/for-utvecklare-och-nyckelkunder\/bostadsomradesutvecklingstjanster\/#breadcrumb\",\"itemListElement\":[{\"@type\":\"ListItem\",\"position\":1,\"name\":\"Framsida\",\"item\":\"https:\/\/retta.fi\/sv\/\"},{\"@type\":\"ListItem\",\"position\":2,\"name\":\"F\u00f6r utvecklare och nyckelkunder\",\"item\":\"https:\/\/retta.fi\/sv\/for-utvecklare-och-nyckelkunder\/\"},{\"@type\":\"ListItem\",\"position\":3,\"name\":\"Bostadsomr\u00e5desutvecklingstj\u00e4nster\"}]},{\"@type\":\"WebSite\",\"@id\":\"https:\/\/retta.fi\/sv\/#website\",\"url\":\"https:\/\/retta.fi\/sv\/\",\"name\":\"Retta\",\"description\":\"\",\"publisher\":{\"@id\":\"https:\/\/retta.fi\/sv\/#organization\"},\"potentialAction\":[{\"@type\":\"SearchAction\",\"target\":{\"@type\":\"EntryPoint\",\"urlTemplate\":\"https:\/\/retta.fi\/sv\/?s={search_term_string}\"},\"query-input\":{\"@type\":\"PropertyValueSpecification\",\"valueRequired\":true,\"valueName\":\"search_term_string\"}}],\"inLanguage\":\"sv-SE\"},{\"@type\":\"Organization\",\"@id\":\"https:\/\/retta.fi\/sv\/#organization\",\"name\":\"Retta\",\"url\":\"https:\/\/retta.fi\/sv\/\",\"logo\":{\"@type\":\"ImageObject\",\"inLanguage\":\"sv-SE\",\"@id\":\"https:\/\/retta.fi\/sv\/#\/schema\/logo\/image\/\",\"url\":\"https:\/\/retta.fi\/wp-content\/uploads\/2022\/04\/retta_somejako.png\",\"contentUrl\":\"https:\/\/retta.fi\/wp-content\/uploads\/2022\/04\/retta_somejako.png\",\"width\":1200,\"height\":630,\"caption\":\"Retta\"},\"image\":{\"@id\":\"https:\/\/retta.fi\/sv\/#\/schema\/logo\/image\/\"}}]}<\/script>\n<!-- \/ Yoast SEO plugin. -->","yoast_head_json":{"title":"Bostadsomr\u00e5desutvecklingstj\u00e4nster - Retta","description":"Retta Palveluyhti\u00f6 tarjoaa r\u00e4\u00e4t\u00e4l\u00f6ityj\u00e4 palveluita asiakasyhti\u00f6n kiinteist\u00f6jen ja tilojen eri tarpeisiin.","robots":{"index":"index","follow":"follow","max-snippet":"max-snippet:-1","max-image-preview":"max-image-preview:large","max-video-preview":"max-video-preview:-1"},"canonical":"https:\/\/retta.fi\/sv\/for-utvecklare-och-nyckelkunder\/bostadsomradesutvecklingstjanster\/","og_locale":"sv_SE","og_type":"article","og_title":"Bostadsomr\u00e5desutvecklingstj\u00e4nster - Retta","og_description":"Retta Palveluyhti\u00f6 tarjoaa r\u00e4\u00e4t\u00e4l\u00f6ityj\u00e4 palveluita asiakasyhti\u00f6n kiinteist\u00f6jen ja tilojen eri tarpeisiin.","og_url":"https:\/\/retta.fi\/sv\/for-utvecklare-och-nyckelkunder\/bostadsomradesutvecklingstjanster\/","og_site_name":"Retta","article_modified_time":"2025-05-12T10:14:04+00:00","og_image":[{"width":1920,"height":1280,"url":"https:\/\/retta.fi\/wp-content\/uploads\/2024\/07\/iStock-1251379319-1920x1280.jpg","type":"image\/jpeg"}],"twitter_card":"summary_large_image","schema":{"@context":"https:\/\/schema.org","@graph":[{"@type":"WebPage","@id":"https:\/\/retta.fi\/sv\/for-utvecklare-och-nyckelkunder\/bostadsomradesutvecklingstjanster\/","url":"https:\/\/retta.fi\/sv\/for-utvecklare-och-nyckelkunder\/bostadsomradesutvecklingstjanster\/","name":"Bostadsomr\u00e5desutvecklingstj\u00e4nster - Retta","isPartOf":{"@id":"https:\/\/retta.fi\/sv\/#website"},"primaryImageOfPage":{"@id":"https:\/\/retta.fi\/sv\/for-utvecklare-och-nyckelkunder\/bostadsomradesutvecklingstjanster\/#primaryimage"},"image":{"@id":"https:\/\/retta.fi\/sv\/for-utvecklare-och-nyckelkunder\/bostadsomradesutvecklingstjanster\/#primaryimage"},"thumbnailUrl":"https:\/\/retta.fi\/wp-content\/uploads\/2024\/07\/iStock-1251379319.jpg","datePublished":"2022-07-13T22:11:28+00:00","dateModified":"2025-05-12T10:14:04+00:00","description":"Retta Palveluyhti\u00f6 tarjoaa r\u00e4\u00e4t\u00e4l\u00f6ityj\u00e4 palveluita asiakasyhti\u00f6n kiinteist\u00f6jen ja tilojen eri tarpeisiin.","breadcrumb":{"@id":"https:\/\/retta.fi\/sv\/for-utvecklare-och-nyckelkunder\/bostadsomradesutvecklingstjanster\/#breadcrumb"},"inLanguage":"sv-SE","potentialAction":[{"@type":"ReadAction","target":["https:\/\/retta.fi\/sv\/for-utvecklare-och-nyckelkunder\/bostadsomradesutvecklingstjanster\/"]}]},{"@type":"ImageObject","inLanguage":"sv-SE","@id":"https:\/\/retta.fi\/sv\/for-utvecklare-och-nyckelkunder\/bostadsomradesutvecklingstjanster\/#primaryimage","url":"https:\/\/retta.fi\/wp-content\/uploads\/2024\/07\/iStock-1251379319.jpg","contentUrl":"https:\/\/retta.fi\/wp-content\/uploads\/2024\/07\/iStock-1251379319.jpg","width":2121,"height":1414,"caption":"Helsinki, Finland - June 13, 2020: Aerial view of first skyscrapers in Finland in Kalasatama district. Tallest buildings in Finland."},{"@type":"BreadcrumbList","@id":"https:\/\/retta.fi\/sv\/for-utvecklare-och-nyckelkunder\/bostadsomradesutvecklingstjanster\/#breadcrumb","itemListElement":[{"@type":"ListItem","position":1,"name":"Framsida","item":"https:\/\/retta.fi\/sv\/"},{"@type":"ListItem","position":2,"name":"F\u00f6r utvecklare och nyckelkunder","item":"https:\/\/retta.fi\/sv\/for-utvecklare-och-nyckelkunder\/"},{"@type":"ListItem","position":3,"name":"Bostadsomr\u00e5desutvecklingstj\u00e4nster"}]},{"@type":"WebSite","@id":"https:\/\/retta.fi\/sv\/#website","url":"https:\/\/retta.fi\/sv\/","name":"Retta","description":"","publisher":{"@id":"https:\/\/retta.fi\/sv\/#organization"},"potentialAction":[{"@type":"SearchAction","target":{"@type":"EntryPoint","urlTemplate":"https:\/\/retta.fi\/sv\/?s={search_term_string}"},"query-input":{"@type":"PropertyValueSpecification","valueRequired":true,"valueName":"search_term_string"}}],"inLanguage":"sv-SE"},{"@type":"Organization","@id":"https:\/\/retta.fi\/sv\/#organization","name":"Retta","url":"https:\/\/retta.fi\/sv\/","logo":{"@type":"ImageObject","inLanguage":"sv-SE","@id":"https:\/\/retta.fi\/sv\/#\/schema\/logo\/image\/","url":"https:\/\/retta.fi\/wp-content\/uploads\/2022\/04\/retta_somejako.png","contentUrl":"https:\/\/retta.fi\/wp-content\/uploads\/2022\/04\/retta_somejako.png","width":1200,"height":630,"caption":"Retta"},"image":{"@id":"https:\/\/retta.fi\/sv\/#\/schema\/logo\/image\/"}}]}},"_links":{"self":[{"href":"https:\/\/retta.fi\/sv\/wp-json\/wp\/v2\/pages\/44830","targetHints":{"allow":["GET"]}}],"collection":[{"href":"https:\/\/retta.fi\/sv\/wp-json\/wp\/v2\/pages"}],"about":[{"href":"https:\/\/retta.fi\/sv\/wp-json\/wp\/v2\/types\/page"}],"author":[{"embeddable":true,"href":"https:\/\/retta.fi\/sv\/wp-json\/wp\/v2\/users\/31"}],"replies":[{"embeddable":true,"href":"https:\/\/retta.fi\/sv\/wp-json\/wp\/v2\/comments?post=44830"}],"version-history":[{"count":15,"href":"https:\/\/retta.fi\/sv\/wp-json\/wp\/v2\/pages\/44830\/revisions"}],"predecessor-version":[{"id":47664,"href":"https:\/\/retta.fi\/sv\/wp-json\/wp\/v2\/pages\/44830\/revisions\/47664"}],"up":[{"embeddable":true,"href":"https:\/\/retta.fi\/sv\/wp-json\/wp\/v2\/pages\/42329"}],"wp:featuredmedia":[{"embeddable":true,"href":"https:\/\/retta.fi\/sv\/wp-json\/wp\/v2\/media\/38237"}],"wp:attachment":[{"href":"https:\/\/retta.fi\/sv\/wp-json\/wp\/v2\/media?parent=44830"}],"curies":[{"name":"wp","href":"https:\/\/api.w.org\/{rel}","templated":true}]}}