{"id":44302,"date":"2024-11-10T17:19:31","date_gmt":"2024-11-10T15:19:31","guid":{"rendered":"https:\/\/retta.fi\/jobba-for-oss\/jata-avoin-hakemus\/"},"modified":"2024-12-14T17:23:17","modified_gmt":"2024-12-14T15:23:17","slug":"lamna-en-oppen-ansokan","status":"publish","type":"page","link":"https:\/\/retta.fi\/sv\/jobba-for-oss\/lamna-en-oppen-ansokan\/","title":{"rendered":"L\u00e4mna en \u00f6ppen ans\u00f6kan"},"content":{"rendered":"<section id=\"acf-block-63875a7305be8\" class=\"block block-hero container-fluid ct-darkgreen bg-darkgreen \">\n        <div class=\"container\">\n        <div class=\"row\">\n            <div class=\"col-12 col-lg-8 hero-content-col\">\n                <div class=\"hero-content\">\n                    \n\n<h1 class=\"wp-block-heading\">L\u00e4mna en <em>\u00f6ppen ans\u00f6kan<\/em><\/h1>\n\n\n                <\/div>\n            <\/div>\n        <\/div>\n    <\/div>\n<\/section>\n\n\n\n<section id=\"acf-block-63875a7305c09\"    class=\"block block-image-and-content container-fluid default-bg has-bg-pattern\">\n    <div class=\"container\">\n        <div class=\"row justify-content-between\">\n            <div class=\"col-12 col-lg-6  img-col\">\n                <div class=\"wp-block-image\">\n                    <div class=\"alignleft\"><img decoding=\"async\" src=\"https:\/\/retta.fi\/wp-content\/uploads\/2024\/11\/iStock-1365138599-1920x1280.jpg\" width=\"864\" height=\"576\" alt=\"Rekry\" loading=\"lazy\"><\/div>\n                <\/div>\n            <\/div>\n            <div class=\"col-12 col-lg-5\">\n                <main class=\"entry-content\">\n                    \n\n<p>Om vi inte har n\u00e5gon l\u00e4mplig tj\u00e4nst ledig just nu, sparar vi din ans\u00f6kan. Vi kontaktar dig om en tj\u00e4nst som passar dina kvalifikationer blir ledig.<br><br>Genom att noggrant fylla i formul\u00e4ret med bilagor hj\u00e4lper du oss att l\u00e4ra k\u00e4nna dig b\u00e4ttre redan i b\u00f6rjan av rekryteringsprocessen.<\/p>\n\n\n\n<div class=\"wp-block-buttons is-content-justification-left is-layout-flex wp-container-core-buttons-is-layout-fdcfc74e wp-block-buttons-is-layout-flex\">\n<div class=\"wp-block-button\"><a class=\"wp-block-button__link has-darkgreen-background-color has-background wp-element-button\" href=\"\/?p=29731\">Skicka in en \u00f6ppen ans\u00f6kan<\/a><\/div>\n<\/div>\n\n\n                <\/main>\n            <\/div>\n        <\/div>\n    <\/div>\n<\/section>\n\n\n<section id=\"acf-block-6730cf039dbfb\" class=\"block block-content-highlights container-fluid container-fluid \">\n    <div class=\"container\">\n        \n                        <div class=\"row\">\n                <div class=\"col-12 col-lg-7 title-col\">\n                    <h2 class=\"highlights-title\">Aktuellt<\/h2>\n                <\/div>\n            <\/div>\n            \n            <div class=\"row card-list\">\n                            <div class=\"col-12 col-md-6 col-lg-4 card-col\">\n                    <div class=\"card card-post has-link has-border\" onclick=\"document.getElementById('card-link-69d37fad86424').click();\">\n    <div class=\"card-thumbnail\">\n                <div class=\"fitted-img-container\"><img decoding=\"async\" width=\"768\" height=\"511\" src=\"https:\/\/retta.fi\/wp-content\/uploads\/2024\/04\/Patrizia_Retta_sopimus-768x511.jpg\" class=\"attachment-medium_large size-medium_large wp-post-image\" alt=\"\" srcset=\"https:\/\/retta.fi\/wp-content\/uploads\/2024\/04\/Patrizia_Retta_sopimus-768x511.jpg 768w, https:\/\/retta.fi\/wp-content\/uploads\/2024\/04\/Patrizia_Retta_sopimus-632x421.jpg 632w, https:\/\/retta.fi\/wp-content\/uploads\/2024\/04\/Patrizia_Retta_sopimus-360x240.jpg 360w, https:\/\/retta.fi\/wp-content\/uploads\/2024\/04\/Patrizia_Retta_sopimus.jpg 1000w\" sizes=\"(max-width: 575px) 100vw, (max-width: 767px) 510px, (max-width: 991px) 290px, (max-width: 1199px) 530px, 768px\" \/><\/div>\n            <\/div>\n    <div class=\"card-content\">\n        <div class=\"card-texts\">\n            <div class=\"card-meta\">\n                <div class=\"entry-meta\"><span class=\"cat-links\"><span class=\"screen-reader-text\">Kategoriat <\/span><a href=\"https:\/\/retta.fi\/sv\/ajankohtaista\/kategoria\/meddelanden\/\" rel=\"category tag\">Meddelanden<\/a><\/span><span class=\"posted-on\"><span class=\"screen-reader-text\">Kirjoitettu <\/span><a href=\"https:\/\/retta.fi\/sv\/ajankohtaista\/meddelanden\/retta-isannointi-on-ostanut-isannointitalo-virtanen-oyn-isannointiliiketoiminnan\/\" rel=\"bookmark\"><time class=\"entry-date published\" datetime=\"2025-01-09T10:35:14+02:00\">9.1.2025<\/time><time class=\"updated\" datetime=\"2025-01-09T10:44:01+02:00\">9.1.2025<\/time><\/a><\/span><\/div>\n            <\/div>\n        <h2 class=\"h4 card-title\"><a id=\"card-link-69d37fad86424\" href=\"https:\/\/retta.fi\/sv\/ajankohtaista\/meddelanden\/retta-isannointi-on-ostanut-isannointitalo-virtanen-oyn-isannointiliiketoiminnan\/\" rel=\"bookmark\">Retta Is\u00e4nn\u00f6inti har f\u00f6rv\u00e4rvat fastighetsf\u00f6rvaltningsverksamheten fr\u00e5n Is\u00e4nn\u00f6intitalo Virtanen Oy<\/a><\/h2>        <\/div>\n        <div class=\"card-cta card-meta\">\n            <span onclick=\"document.getElementById('card-link-69d37fad86424').click();\">L\u00e4s mer<\/span>\n            <i class=\"card-cta-icon fa-light fa-arrow-right-long\"><\/i>\n        <\/div>\n    <\/div>\n<\/div>                <\/div>\n                                <div class=\"col-12 col-md-6 col-lg-4 card-col\">\n                    <div class=\"card card-post has-link has-border\" onclick=\"document.getElementById('card-link-69d37fad872a6').click();\">\n    <div class=\"card-thumbnail\">\n                <div class=\"fitted-img-container\"><img decoding=\"async\" width=\"768\" height=\"511\" src=\"https:\/\/retta.fi\/wp-content\/uploads\/2024\/04\/Patrizia_Retta_sopimus-768x511.jpg\" class=\"attachment-medium_large size-medium_large wp-post-image\" alt=\"\" srcset=\"https:\/\/retta.fi\/wp-content\/uploads\/2024\/04\/Patrizia_Retta_sopimus-768x511.jpg 768w, https:\/\/retta.fi\/wp-content\/uploads\/2024\/04\/Patrizia_Retta_sopimus-632x421.jpg 632w, https:\/\/retta.fi\/wp-content\/uploads\/2024\/04\/Patrizia_Retta_sopimus-360x240.jpg 360w, https:\/\/retta.fi\/wp-content\/uploads\/2024\/04\/Patrizia_Retta_sopimus.jpg 1000w\" sizes=\"(max-width: 575px) 100vw, (max-width: 767px) 510px, (max-width: 991px) 290px, (max-width: 1199px) 530px, 768px\" \/><\/div>\n            <\/div>\n    <div class=\"card-content\">\n        <div class=\"card-texts\">\n            <div class=\"card-meta\">\n                <div class=\"entry-meta\"><span class=\"cat-links\"><span class=\"screen-reader-text\">Kategoriat <\/span><a href=\"https:\/\/retta.fi\/sv\/ajankohtaista\/kategoria\/disponent\/\" rel=\"category tag\">Disponent<\/a>, <a href=\"https:\/\/retta.fi\/sv\/ajankohtaista\/kategoria\/meddelanden\/\" rel=\"category tag\">Meddelanden<\/a><\/span><span class=\"posted-on\"><span class=\"screen-reader-text\">Kirjoitettu <\/span><a href=\"https:\/\/retta.fi\/sv\/ajankohtaista\/disponent\/retta-fastighetsforvaltning-har-forvarvat-tm-teema-group-kys-och-tm-teema-oys-forvaltningsverksamhet\/\" rel=\"bookmark\"><time class=\"entry-date published\" datetime=\"2024-12-09T14:00:00+02:00\">9.12.2024<\/time><time class=\"updated\" datetime=\"2024-12-14T17:59:29+02:00\">14.12.2024<\/time><\/a><\/span><\/div>\n            <\/div>\n        <h2 class=\"h4 card-title\"><a id=\"card-link-69d37fad872a6\" href=\"https:\/\/retta.fi\/sv\/ajankohtaista\/disponent\/retta-fastighetsforvaltning-har-forvarvat-tm-teema-group-kys-och-tm-teema-oys-forvaltningsverksamhet\/\" rel=\"bookmark\">Retta Fastighetsf\u00f6rvaltning har f\u00f6rv\u00e4rvat TM-Teema Group Ky:s och TM-Teema Oy:s f\u00f6rvaltningsverksamhet<\/a><\/h2>        <\/div>\n        <div class=\"card-cta card-meta\">\n            <span onclick=\"document.getElementById('card-link-69d37fad872a6').click();\">L\u00e4s mer<\/span>\n            <i class=\"card-cta-icon fa-light fa-arrow-right-long\"><\/i>\n        <\/div>\n    <\/div>\n<\/div>                <\/div>\n                                <div class=\"col-12 col-md-6 col-lg-4 card-col\">\n                    <div class=\"card card-post has-link has-border\" onclick=\"document.getElementById('card-link-69d37fad87cc5').click();\">\n    <div class=\"card-thumbnail\">\n                <div class=\"fitted-img-container\"><img decoding=\"async\" width=\"768\" height=\"329\" src=\"https:\/\/retta.fi\/wp-content\/uploads\/2023\/05\/Sopimus_web-768x329.jpg\" class=\"attachment-medium_large size-medium_large wp-post-image\" alt=\"\" srcset=\"https:\/\/retta.fi\/wp-content\/uploads\/2023\/05\/Sopimus_web-768x329.jpg 768w, https:\/\/retta.fi\/wp-content\/uploads\/2023\/05\/Sopimus_web-632x271.jpg 632w, https:\/\/retta.fi\/wp-content\/uploads\/2023\/05\/Sopimus_web-360x154.jpg 360w, https:\/\/retta.fi\/wp-content\/uploads\/2023\/05\/Sopimus_web.jpg 1700w\" sizes=\"(max-width: 575px) 100vw, (max-width: 767px) 510px, (max-width: 991px) 290px, (max-width: 1199px) 530px, 768px\" \/><\/div>\n            <\/div>\n    <div class=\"card-content\">\n        <div class=\"card-texts\">\n            <div class=\"card-meta\">\n                <div class=\"entry-meta\"><span class=\"cat-links\"><span class=\"screen-reader-text\">Kategoriat <\/span><a href=\"https:\/\/retta.fi\/sv\/ajankohtaista\/kategoria\/disponent\/\" rel=\"category tag\">Disponent<\/a>, <a href=\"https:\/\/retta.fi\/sv\/ajankohtaista\/kategoria\/meddelanden\/\" rel=\"category tag\">Meddelanden<\/a><\/span><span class=\"posted-on\"><span class=\"screen-reader-text\">Kirjoitettu <\/span><a href=\"https:\/\/retta.fi\/sv\/ajankohtaista\/meddelanden\/retta-isannointi-har-forvarvat-valiokiinteistot-oys-forvaltningsverksamhet\/\" rel=\"bookmark\"><time class=\"entry-date published\" datetime=\"2024-12-09T11:50:39+02:00\">9.12.2024<\/time><time class=\"updated\" datetime=\"2024-12-14T17:54:25+02:00\">14.12.2024<\/time><\/a><\/span><\/div>\n            <\/div>\n        <h2 class=\"h4 card-title\"><a id=\"card-link-69d37fad87cc5\" href=\"https:\/\/retta.fi\/sv\/ajankohtaista\/meddelanden\/retta-isannointi-har-forvarvat-valiokiinteistot-oys-forvaltningsverksamhet\/\" rel=\"bookmark\">Retta Is\u00e4nn\u00f6inti har f\u00f6rv\u00e4rvat Valiokiinteist\u00f6t Oy:s f\u00f6rvaltningsverksamhet<\/a><\/h2>        <\/div>\n        <div class=\"card-cta card-meta\">\n            <span onclick=\"document.getElementById('card-link-69d37fad87cc5').click();\">L\u00e4s mer<\/span>\n            <i class=\"card-cta-icon fa-light fa-arrow-right-long\"><\/i>\n        <\/div>\n    <\/div>\n<\/div>                <\/div>\n                            <\/div>\n                      \n    <\/div>\n<\/section>\n","protected":false},"excerpt":{"rendered":"<p>Om vi inte har n\u00e5gon l\u00e4mplig tj\u00e4nst ledig just nu, sparar vi din ans\u00f6kan. Vi kontaktar dig om en tj\u00e4nst som passar dina kvalifikationer blir ledig.<\/p>\n","protected":false},"author":31,"featured_media":42649,"parent":42601,"menu_order":0,"comment_status":"closed","ping_status":"closed","template":"","meta":{"_acf_changed":false,"_relevanssi_hide_post":"","_relevanssi_hide_content":"","_relevanssi_pin_for_all":"","_relevanssi_pin_keywords":"","_relevanssi_unpin_keywords":"","_relevanssi_related_keywords":"","_relevanssi_related_include_ids":"","_relevanssi_related_exclude_ids":"","_relevanssi_related_no_append":"","_relevanssi_related_not_related":"","_relevanssi_related_posts":"3838,20539,3320,3260,3222,3304","_relevanssi_noindex_reason":"","footnotes":""},"class_list":["post-44302","page","type-page","status-publish","has-post-thumbnail","hentry"],"acf":[],"yoast_head":"<!-- This site is optimized with the Yoast SEO plugin v27.1.1 - https:\/\/yoast.com\/product\/yoast-seo-wordpress\/ -->\n<title>L\u00e4mna en \u00f6ppen ans\u00f6kan - Retta<\/title>\n<meta name=\"description\" content=\"Om vi inte har n\u00e5gon l\u00e4mplig tj\u00e4nst ledig just nu, sparar vi din ans\u00f6kan. Vi kontaktar dig om en tj\u00e4nst som passar dina kvalifikationer blir ledig.\" \/>\n<meta name=\"robots\" content=\"index, follow, max-snippet:-1, max-image-preview:large, max-video-preview:-1\" \/>\n<link rel=\"canonical\" href=\"https:\/\/retta.fi\/sv\/jobba-for-oss\/lamna-en-oppen-ansokan\/\" \/>\n<meta property=\"og:locale\" content=\"sv_SE\" \/>\n<meta property=\"og:type\" content=\"article\" \/>\n<meta property=\"og:title\" content=\"L\u00e4mna en \u00f6ppen ans\u00f6kan - Retta\" \/>\n<meta property=\"og:description\" content=\"Om vi inte har n\u00e5gon l\u00e4mplig tj\u00e4nst ledig just nu, sparar vi din ans\u00f6kan. Vi kontaktar dig om en tj\u00e4nst som passar dina kvalifikationer blir ledig.\" \/>\n<meta property=\"og:url\" content=\"https:\/\/retta.fi\/sv\/jobba-for-oss\/lamna-en-oppen-ansokan\/\" \/>\n<meta property=\"og:site_name\" content=\"Retta\" \/>\n<meta property=\"article:modified_time\" content=\"2024-12-14T15:23:17+00:00\" \/>\n<meta property=\"og:image\" content=\"https:\/\/retta.fi\/wp-content\/uploads\/2024\/11\/iStock-1365138599-scaled.jpg\" \/>\n\t<meta property=\"og:image:width\" content=\"2560\" \/>\n\t<meta property=\"og:image:height\" content=\"1707\" \/>\n\t<meta property=\"og:image:type\" content=\"image\/jpeg\" \/>\n<meta name=\"twitter:card\" content=\"summary_large_image\" \/>\n<script type=\"application\/ld+json\" class=\"yoast-schema-graph\">{\"@context\":\"https:\/\/schema.org\",\"@graph\":[{\"@type\":\"WebPage\",\"@id\":\"https:\/\/retta.fi\/sv\/jobba-for-oss\/lamna-en-oppen-ansokan\/\",\"url\":\"https:\/\/retta.fi\/sv\/jobba-for-oss\/lamna-en-oppen-ansokan\/\",\"name\":\"L\u00e4mna en \u00f6ppen ans\u00f6kan - Retta\",\"isPartOf\":{\"@id\":\"https:\/\/retta.fi\/sv\/#website\"},\"primaryImageOfPage\":{\"@id\":\"https:\/\/retta.fi\/sv\/jobba-for-oss\/lamna-en-oppen-ansokan\/#primaryimage\"},\"image\":{\"@id\":\"https:\/\/retta.fi\/sv\/jobba-for-oss\/lamna-en-oppen-ansokan\/#primaryimage\"},\"thumbnailUrl\":\"https:\/\/retta.fi\/wp-content\/uploads\/2024\/11\/iStock-1365138599-scaled.jpg\",\"datePublished\":\"2024-11-10T15:19:31+00:00\",\"dateModified\":\"2024-12-14T15:23:17+00:00\",\"description\":\"Om vi inte har n\u00e5gon l\u00e4mplig tj\u00e4nst ledig just nu, sparar vi din ans\u00f6kan. Vi kontaktar dig om en tj\u00e4nst som passar dina kvalifikationer blir ledig.\",\"breadcrumb\":{\"@id\":\"https:\/\/retta.fi\/sv\/jobba-for-oss\/lamna-en-oppen-ansokan\/#breadcrumb\"},\"inLanguage\":\"sv-SE\",\"potentialAction\":[{\"@type\":\"ReadAction\",\"target\":[\"https:\/\/retta.fi\/sv\/jobba-for-oss\/lamna-en-oppen-ansokan\/\"]}]},{\"@type\":\"ImageObject\",\"inLanguage\":\"sv-SE\",\"@id\":\"https:\/\/retta.fi\/sv\/jobba-for-oss\/lamna-en-oppen-ansokan\/#primaryimage\",\"url\":\"https:\/\/retta.fi\/wp-content\/uploads\/2024\/11\/iStock-1365138599-scaled.jpg\",\"contentUrl\":\"https:\/\/retta.fi\/wp-content\/uploads\/2024\/11\/iStock-1365138599-scaled.jpg\",\"width\":2560,\"height\":1707,\"caption\":\"Portrait of pretty attractive cheerful girl corporate director leader folded arms at work place station indoors.\"},{\"@type\":\"BreadcrumbList\",\"@id\":\"https:\/\/retta.fi\/sv\/jobba-for-oss\/lamna-en-oppen-ansokan\/#breadcrumb\",\"itemListElement\":[{\"@type\":\"ListItem\",\"position\":1,\"name\":\"Framsida\",\"item\":\"https:\/\/retta.fi\/sv\/\"},{\"@type\":\"ListItem\",\"position\":2,\"name\":\"Jobba f\u00f6r oss\",\"item\":\"https:\/\/retta.fi\/sv\/jobba-for-oss\/\"},{\"@type\":\"ListItem\",\"position\":3,\"name\":\"L\u00e4mna en \u00f6ppen ans\u00f6kan\"}]},{\"@type\":\"WebSite\",\"@id\":\"https:\/\/retta.fi\/sv\/#website\",\"url\":\"https:\/\/retta.fi\/sv\/\",\"name\":\"Retta\",\"description\":\"\",\"publisher\":{\"@id\":\"https:\/\/retta.fi\/sv\/#organization\"},\"potentialAction\":[{\"@type\":\"SearchAction\",\"target\":{\"@type\":\"EntryPoint\",\"urlTemplate\":\"https:\/\/retta.fi\/sv\/?s={search_term_string}\"},\"query-input\":{\"@type\":\"PropertyValueSpecification\",\"valueRequired\":true,\"valueName\":\"search_term_string\"}}],\"inLanguage\":\"sv-SE\"},{\"@type\":\"Organization\",\"@id\":\"https:\/\/retta.fi\/sv\/#organization\",\"name\":\"Retta\",\"url\":\"https:\/\/retta.fi\/sv\/\",\"logo\":{\"@type\":\"ImageObject\",\"inLanguage\":\"sv-SE\",\"@id\":\"https:\/\/retta.fi\/sv\/#\/schema\/logo\/image\/\",\"url\":\"https:\/\/retta.fi\/wp-content\/uploads\/2022\/04\/retta_somejako.png\",\"contentUrl\":\"https:\/\/retta.fi\/wp-content\/uploads\/2022\/04\/retta_somejako.png\",\"width\":1200,\"height\":630,\"caption\":\"Retta\"},\"image\":{\"@id\":\"https:\/\/retta.fi\/sv\/#\/schema\/logo\/image\/\"}}]}<\/script>\n<!-- \/ Yoast SEO plugin. -->","yoast_head_json":{"title":"L\u00e4mna en \u00f6ppen ans\u00f6kan - Retta","description":"Om vi inte har n\u00e5gon l\u00e4mplig tj\u00e4nst ledig just nu, sparar vi din ans\u00f6kan. Vi kontaktar dig om en tj\u00e4nst som passar dina kvalifikationer blir ledig.","robots":{"index":"index","follow":"follow","max-snippet":"max-snippet:-1","max-image-preview":"max-image-preview:large","max-video-preview":"max-video-preview:-1"},"canonical":"https:\/\/retta.fi\/sv\/jobba-for-oss\/lamna-en-oppen-ansokan\/","og_locale":"sv_SE","og_type":"article","og_title":"L\u00e4mna en \u00f6ppen ans\u00f6kan - Retta","og_description":"Om vi inte har n\u00e5gon l\u00e4mplig tj\u00e4nst ledig just nu, sparar vi din ans\u00f6kan. Vi kontaktar dig om en tj\u00e4nst som passar dina kvalifikationer blir ledig.","og_url":"https:\/\/retta.fi\/sv\/jobba-for-oss\/lamna-en-oppen-ansokan\/","og_site_name":"Retta","article_modified_time":"2024-12-14T15:23:17+00:00","og_image":[{"width":2560,"height":1707,"url":"https:\/\/retta.fi\/wp-content\/uploads\/2024\/11\/iStock-1365138599-scaled.jpg","type":"image\/jpeg"}],"twitter_card":"summary_large_image","schema":{"@context":"https:\/\/schema.org","@graph":[{"@type":"WebPage","@id":"https:\/\/retta.fi\/sv\/jobba-for-oss\/lamna-en-oppen-ansokan\/","url":"https:\/\/retta.fi\/sv\/jobba-for-oss\/lamna-en-oppen-ansokan\/","name":"L\u00e4mna en \u00f6ppen ans\u00f6kan - Retta","isPartOf":{"@id":"https:\/\/retta.fi\/sv\/#website"},"primaryImageOfPage":{"@id":"https:\/\/retta.fi\/sv\/jobba-for-oss\/lamna-en-oppen-ansokan\/#primaryimage"},"image":{"@id":"https:\/\/retta.fi\/sv\/jobba-for-oss\/lamna-en-oppen-ansokan\/#primaryimage"},"thumbnailUrl":"https:\/\/retta.fi\/wp-content\/uploads\/2024\/11\/iStock-1365138599-scaled.jpg","datePublished":"2024-11-10T15:19:31+00:00","dateModified":"2024-12-14T15:23:17+00:00","description":"Om vi inte har n\u00e5gon l\u00e4mplig tj\u00e4nst ledig just nu, sparar vi din ans\u00f6kan. Vi kontaktar dig om en tj\u00e4nst som passar dina kvalifikationer blir ledig.","breadcrumb":{"@id":"https:\/\/retta.fi\/sv\/jobba-for-oss\/lamna-en-oppen-ansokan\/#breadcrumb"},"inLanguage":"sv-SE","potentialAction":[{"@type":"ReadAction","target":["https:\/\/retta.fi\/sv\/jobba-for-oss\/lamna-en-oppen-ansokan\/"]}]},{"@type":"ImageObject","inLanguage":"sv-SE","@id":"https:\/\/retta.fi\/sv\/jobba-for-oss\/lamna-en-oppen-ansokan\/#primaryimage","url":"https:\/\/retta.fi\/wp-content\/uploads\/2024\/11\/iStock-1365138599-scaled.jpg","contentUrl":"https:\/\/retta.fi\/wp-content\/uploads\/2024\/11\/iStock-1365138599-scaled.jpg","width":2560,"height":1707,"caption":"Portrait of pretty attractive cheerful girl corporate director leader folded arms at work place station indoors."},{"@type":"BreadcrumbList","@id":"https:\/\/retta.fi\/sv\/jobba-for-oss\/lamna-en-oppen-ansokan\/#breadcrumb","itemListElement":[{"@type":"ListItem","position":1,"name":"Framsida","item":"https:\/\/retta.fi\/sv\/"},{"@type":"ListItem","position":2,"name":"Jobba f\u00f6r oss","item":"https:\/\/retta.fi\/sv\/jobba-for-oss\/"},{"@type":"ListItem","position":3,"name":"L\u00e4mna en \u00f6ppen ans\u00f6kan"}]},{"@type":"WebSite","@id":"https:\/\/retta.fi\/sv\/#website","url":"https:\/\/retta.fi\/sv\/","name":"Retta","description":"","publisher":{"@id":"https:\/\/retta.fi\/sv\/#organization"},"potentialAction":[{"@type":"SearchAction","target":{"@type":"EntryPoint","urlTemplate":"https:\/\/retta.fi\/sv\/?s={search_term_string}"},"query-input":{"@type":"PropertyValueSpecification","valueRequired":true,"valueName":"search_term_string"}}],"inLanguage":"sv-SE"},{"@type":"Organization","@id":"https:\/\/retta.fi\/sv\/#organization","name":"Retta","url":"https:\/\/retta.fi\/sv\/","logo":{"@type":"ImageObject","inLanguage":"sv-SE","@id":"https:\/\/retta.fi\/sv\/#\/schema\/logo\/image\/","url":"https:\/\/retta.fi\/wp-content\/uploads\/2022\/04\/retta_somejako.png","contentUrl":"https:\/\/retta.fi\/wp-content\/uploads\/2022\/04\/retta_somejako.png","width":1200,"height":630,"caption":"Retta"},"image":{"@id":"https:\/\/retta.fi\/sv\/#\/schema\/logo\/image\/"}}]}},"_links":{"self":[{"href":"https:\/\/retta.fi\/sv\/wp-json\/wp\/v2\/pages\/44302","targetHints":{"allow":["GET"]}}],"collection":[{"href":"https:\/\/retta.fi\/sv\/wp-json\/wp\/v2\/pages"}],"about":[{"href":"https:\/\/retta.fi\/sv\/wp-json\/wp\/v2\/types\/page"}],"author":[{"embeddable":true,"href":"https:\/\/retta.fi\/sv\/wp-json\/wp\/v2\/users\/31"}],"replies":[{"embeddable":true,"href":"https:\/\/retta.fi\/sv\/wp-json\/wp\/v2\/comments?post=44302"}],"version-history":[{"count":2,"href":"https:\/\/retta.fi\/sv\/wp-json\/wp\/v2\/pages\/44302\/revisions"}],"predecessor-version":[{"id":44305,"href":"https:\/\/retta.fi\/sv\/wp-json\/wp\/v2\/pages\/44302\/revisions\/44305"}],"up":[{"embeddable":true,"href":"https:\/\/retta.fi\/sv\/wp-json\/wp\/v2\/pages\/42601"}],"wp:featuredmedia":[{"embeddable":true,"href":"https:\/\/retta.fi\/sv\/wp-json\/wp\/v2\/media\/42649"}],"wp:attachment":[{"href":"https:\/\/retta.fi\/sv\/wp-json\/wp\/v2\/media?parent=44302"}],"curies":[{"name":"wp","href":"https:\/\/api.w.org\/{rel}","templated":true}]}}