{"id":44274,"date":"2024-11-11T08:19:14","date_gmt":"2024-11-11T06:19:14","guid":{"rendered":"https:\/\/retta.fi\/jobba-for-oss\/arbetsbeskrivningar-pa-retta-isannointi\/kirjanpitaja\/"},"modified":"2024-12-16T22:30:17","modified_gmt":"2024-12-16T20:30:17","slug":"bokforare","status":"publish","type":"page","link":"https:\/\/retta.fi\/sv\/jobba-for-oss\/arbetsbeskrivningar-pa-retta-isannointi\/bokforare\/","title":{"rendered":"Bokf\u00f6rare"},"content":{"rendered":"<section id=\"acf-block-63875a7305be8\" class=\"block block-hero container-fluid ct-darkgreen bg-darkgreen \">\n        <div class=\"container\">\n        <div class=\"row\">\n            <div class=\"col-12 col-lg-8 hero-content-col\">\n                <div class=\"hero-content\">\n                    \n\n<h1 class=\"wp-block-heading\">Bokf\u00f6rare<\/h1>\n\n\n                <\/div>\n            <\/div>\n        <\/div>\n    <\/div>\n<\/section>\n\n\n\n<section id=\"acf-block-63875a7305c09\"    class=\"block block-image-and-content container-fluid default-bg has-bg-pattern\">\n    <div class=\"container\">\n        <div class=\"row justify-content-between\">\n            <div class=\"col-12 col-lg-6  img-col\">\n                <div class=\"wp-block-image\">\n                    <div class=\"alignleft\"><img decoding=\"async\" src=\"https:\/\/retta.fi\/wp-content\/uploads\/2024\/10\/iStock-1355159381.jpg\" width=\"509\" height=\"339\" alt=\"\" loading=\"lazy\"><\/div>\n                <\/div>\n            <\/div>\n            <div class=\"col-12 col-lg-5\">\n                <main class=\"entry-content\">\n                    \n\n<p><strong>Retta Is\u00e4nn\u00f6intis ekonomitj\u00e4nster fungerar centraliserat.<\/strong> V\u00e5ra bokf\u00f6ringscentra finns i Sein\u00e4joki och Kuusamo. Ut\u00f6ver detta finns det ekonomiteam i Joensuu, Jyv\u00e4skyl\u00e4 och Tammerfors. Tack vare den centraliserade tj\u00e4nsten kan en bokf\u00f6rare arbeta p\u00e5 ett annat kontor \u00e4n disponenten och kontorsdisponenten. Detta m\u00f6jligg\u00f6rs av v\u00e5ra moderna system och enhetliga, v\u00e4lutvecklade arbetss\u00e4tt. I v\u00e5ra ekonomitj\u00e4nster \u00e4r teamarbetet dock t\u00e4tt och kollegerna tr\u00e4ffas regelbundet.<\/p>\n\n\n\n<p><strong>En bokf\u00f6rars viktigaste uppgift \u00e4r att ta hand om den totala ekonomif\u00f6rvaltningen f\u00f6r v\u00e5ra kundf\u00f6retag i enlighet med v\u00e5rt servicel\u00f6fte samt lagar och f\u00f6rordningar. <\/strong>V\u00e5ra bokf\u00f6rare beh\u00e4rskar huvudbokf\u00f6ring, leverant\u00f6rsreskontra och hantering av l\u00e5n och avgiftsreskontra samt uppr\u00e4ttande av \u00e5rsbokslut.<\/p>\n\n\n\n<p><strong>De b\u00e4sta f\u00f6ruts\u00e4ttningarna f\u00f6r att lyckas i arbetet som bokf\u00f6rare ger en ekonomisk examen, till exempel en ekonomiexpert eller tradenom inom redovisning. <\/strong>Tidigare erfarenhet av bokf\u00f6ring \u00e4r en f\u00f6rdel, men l\u00e4mplig utbildning i redovisning och f\u00f6rm\u00e5gan att l\u00e4ra sig samt en ansvarsfull attityd ger ocks\u00e5 goda f\u00f6ruts\u00e4ttningar f\u00f6r uppgiften. Liksom i v\u00e5ra andra uppgifter styrs ocks\u00e5 arbetet inom ekonomitj\u00e4nsterna av bostadsbolagets \u00e5rskalender. I arbetet kan det f\u00f6rekomma perioder med strikta tidsgr\u00e4nser, till exempel n\u00e4r \u00e5rsbokslut ska slutf\u00f6ras och under \u00e5rsm\u00f6tess\u00e4songen, s\u00e5 v\u00e5ra bokf\u00f6rare m\u00e5set kunna arbeta effektivt \u00e4ven under tidspress.<\/p>\n\n\n\n<p><strong>Rettas ekonomitj\u00e4nster har blivit auktoriserade av Ekonomiadministrationsf\u00f6rbundet i Finland. <\/strong>Detta \u00e4r ett bevis p\u00e5 att vi alltid erbjuder v\u00e5ra kunder h\u00f6gkvalitativa och p\u00e5litliga ekonomitj\u00e4nster.<\/p>\n\n\n                <\/main>\n            <\/div>\n        <\/div>\n    <\/div>\n<\/section>","protected":false},"excerpt":{"rendered":"<p>Retta Is\u00e4nn\u00f6intis ekonomitj\u00e4nster fungerar centraliserat. V\u00e5ra bokf\u00f6ringscentra finns i Sein\u00e4joki och Kuusamo. Ut\u00f6ver detta finns det ekonomiteam i Joensuu, Jyv\u00e4skyl\u00e4 och Tammerfors. <\/p>\n","protected":false},"author":31,"featured_media":41161,"parent":44244,"menu_order":0,"comment_status":"closed","ping_status":"closed","template":"","meta":{"_acf_changed":false,"_relevanssi_hide_post":"","_relevanssi_hide_content":"","_relevanssi_pin_for_all":"","_relevanssi_pin_keywords":"","_relevanssi_unpin_keywords":"","_relevanssi_related_keywords":"","_relevanssi_related_include_ids":"","_relevanssi_related_exclude_ids":"","_relevanssi_related_no_append":"","_relevanssi_related_not_related":"","_relevanssi_related_posts":"3838,20539,3320,3260,3222,3304","_relevanssi_noindex_reason":"","footnotes":""},"class_list":["post-44274","page","type-page","status-publish","has-post-thumbnail","hentry"],"acf":[],"yoast_head":"<!-- This site is optimized with the Yoast SEO plugin v27.4 - https:\/\/yoast.com\/product\/yoast-seo-wordpress\/ -->\n<title>Bokf\u00f6rare - Retta<\/title>\n<meta name=\"description\" content=\"Retta Is\u00e4nn\u00f6intis ekonomitj\u00e4nster fungerar centraliserat. V\u00e5ra bokf\u00f6ringscentra finns i Sein\u00e4joki och Kuusamo. Ut\u00f6ver detta finns det ekonomiteam i Joensuu, Jyv\u00e4skyl\u00e4 och Tammerfors.\" \/>\n<meta name=\"robots\" content=\"index, follow, max-snippet:-1, max-image-preview:large, max-video-preview:-1\" \/>\n<link rel=\"canonical\" href=\"https:\/\/retta.fi\/sv\/jobba-for-oss\/arbetsbeskrivningar-pa-retta-isannointi\/bokforare\/\" \/>\n<meta property=\"og:locale\" content=\"sv_SE\" \/>\n<meta property=\"og:type\" content=\"article\" \/>\n<meta property=\"og:title\" content=\"Bokf\u00f6rare - Retta\" \/>\n<meta property=\"og:description\" content=\"Retta Is\u00e4nn\u00f6intis ekonomitj\u00e4nster fungerar centraliserat. V\u00e5ra bokf\u00f6ringscentra finns i Sein\u00e4joki och Kuusamo. Ut\u00f6ver detta finns det ekonomiteam i Joensuu, Jyv\u00e4skyl\u00e4 och Tammerfors.\" \/>\n<meta property=\"og:url\" content=\"https:\/\/retta.fi\/sv\/jobba-for-oss\/arbetsbeskrivningar-pa-retta-isannointi\/bokforare\/\" \/>\n<meta property=\"og:site_name\" content=\"Retta\" \/>\n<meta property=\"article:modified_time\" content=\"2024-12-16T20:30:17+00:00\" \/>\n<meta property=\"og:image\" content=\"https:\/\/retta.fi\/wp-content\/uploads\/2024\/10\/iStock-1355159381.jpg\" \/>\n\t<meta property=\"og:image:width\" content=\"509\" \/>\n\t<meta property=\"og:image:height\" content=\"339\" \/>\n\t<meta property=\"og:image:type\" content=\"image\/jpeg\" \/>\n<meta name=\"twitter:card\" content=\"summary_large_image\" \/>\n<script type=\"application\/ld+json\" class=\"yoast-schema-graph\">{\"@context\":\"https:\\\/\\\/schema.org\",\"@graph\":[{\"@type\":\"WebPage\",\"@id\":\"https:\\\/\\\/retta.fi\\\/sv\\\/jobba-for-oss\\\/arbetsbeskrivningar-pa-retta-isannointi\\\/bokforare\\\/\",\"url\":\"https:\\\/\\\/retta.fi\\\/sv\\\/jobba-for-oss\\\/arbetsbeskrivningar-pa-retta-isannointi\\\/bokforare\\\/\",\"name\":\"Bokf\u00f6rare - Retta\",\"isPartOf\":{\"@id\":\"https:\\\/\\\/retta.fi\\\/sv\\\/#website\"},\"primaryImageOfPage\":{\"@id\":\"https:\\\/\\\/retta.fi\\\/sv\\\/jobba-for-oss\\\/arbetsbeskrivningar-pa-retta-isannointi\\\/bokforare\\\/#primaryimage\"},\"image\":{\"@id\":\"https:\\\/\\\/retta.fi\\\/sv\\\/jobba-for-oss\\\/arbetsbeskrivningar-pa-retta-isannointi\\\/bokforare\\\/#primaryimage\"},\"thumbnailUrl\":\"https:\\\/\\\/retta.fi\\\/wp-content\\\/uploads\\\/2024\\\/10\\\/iStock-1355159381.jpg\",\"datePublished\":\"2024-11-11T06:19:14+00:00\",\"dateModified\":\"2024-12-16T20:30:17+00:00\",\"description\":\"Retta Is\u00e4nn\u00f6intis ekonomitj\u00e4nster fungerar centraliserat. V\u00e5ra bokf\u00f6ringscentra finns i Sein\u00e4joki och Kuusamo. Ut\u00f6ver detta finns det ekonomiteam i Joensuu, Jyv\u00e4skyl\u00e4 och Tammerfors.\",\"breadcrumb\":{\"@id\":\"https:\\\/\\\/retta.fi\\\/sv\\\/jobba-for-oss\\\/arbetsbeskrivningar-pa-retta-isannointi\\\/bokforare\\\/#breadcrumb\"},\"inLanguage\":\"sv-SE\",\"potentialAction\":[{\"@type\":\"ReadAction\",\"target\":[\"https:\\\/\\\/retta.fi\\\/sv\\\/jobba-for-oss\\\/arbetsbeskrivningar-pa-retta-isannointi\\\/bokforare\\\/\"]}]},{\"@type\":\"ImageObject\",\"inLanguage\":\"sv-SE\",\"@id\":\"https:\\\/\\\/retta.fi\\\/sv\\\/jobba-for-oss\\\/arbetsbeskrivningar-pa-retta-isannointi\\\/bokforare\\\/#primaryimage\",\"url\":\"https:\\\/\\\/retta.fi\\\/wp-content\\\/uploads\\\/2024\\\/10\\\/iStock-1355159381.jpg\",\"contentUrl\":\"https:\\\/\\\/retta.fi\\\/wp-content\\\/uploads\\\/2024\\\/10\\\/iStock-1355159381.jpg\",\"width\":509,\"height\":339},{\"@type\":\"BreadcrumbList\",\"@id\":\"https:\\\/\\\/retta.fi\\\/sv\\\/jobba-for-oss\\\/arbetsbeskrivningar-pa-retta-isannointi\\\/bokforare\\\/#breadcrumb\",\"itemListElement\":[{\"@type\":\"ListItem\",\"position\":1,\"name\":\"Framsida\",\"item\":\"https:\\\/\\\/retta.fi\\\/sv\\\/\"},{\"@type\":\"ListItem\",\"position\":2,\"name\":\"Jobba f\u00f6r oss\",\"item\":\"https:\\\/\\\/retta.fi\\\/sv\\\/jobba-for-oss\\\/\"},{\"@type\":\"ListItem\",\"position\":3,\"name\":\"Arbetsbeskrivningar i Retta Is\u00e4nn\u00f6inti\",\"item\":\"https:\\\/\\\/retta.fi\\\/sv\\\/jobba-for-oss\\\/arbetsbeskrivningar-pa-retta-isannointi\\\/\"},{\"@type\":\"ListItem\",\"position\":4,\"name\":\"Bokf\u00f6rare\"}]},{\"@type\":\"WebSite\",\"@id\":\"https:\\\/\\\/retta.fi\\\/sv\\\/#website\",\"url\":\"https:\\\/\\\/retta.fi\\\/sv\\\/\",\"name\":\"Retta\",\"description\":\"\",\"publisher\":{\"@id\":\"https:\\\/\\\/retta.fi\\\/sv\\\/#organization\"},\"potentialAction\":[{\"@type\":\"SearchAction\",\"target\":{\"@type\":\"EntryPoint\",\"urlTemplate\":\"https:\\\/\\\/retta.fi\\\/sv\\\/?s={search_term_string}\"},\"query-input\":{\"@type\":\"PropertyValueSpecification\",\"valueRequired\":true,\"valueName\":\"search_term_string\"}}],\"inLanguage\":\"sv-SE\"},{\"@type\":\"Organization\",\"@id\":\"https:\\\/\\\/retta.fi\\\/sv\\\/#organization\",\"name\":\"Retta\",\"url\":\"https:\\\/\\\/retta.fi\\\/sv\\\/\",\"logo\":{\"@type\":\"ImageObject\",\"inLanguage\":\"sv-SE\",\"@id\":\"https:\\\/\\\/retta.fi\\\/sv\\\/#\\\/schema\\\/logo\\\/image\\\/\",\"url\":\"https:\\\/\\\/retta.fi\\\/wp-content\\\/uploads\\\/2022\\\/04\\\/retta_somejako.png\",\"contentUrl\":\"https:\\\/\\\/retta.fi\\\/wp-content\\\/uploads\\\/2022\\\/04\\\/retta_somejako.png\",\"width\":1200,\"height\":630,\"caption\":\"Retta\"},\"image\":{\"@id\":\"https:\\\/\\\/retta.fi\\\/sv\\\/#\\\/schema\\\/logo\\\/image\\\/\"}}]}<\/script>\n<!-- \/ Yoast SEO plugin. -->","yoast_head_json":{"title":"Bokf\u00f6rare - Retta","description":"Retta Is\u00e4nn\u00f6intis ekonomitj\u00e4nster fungerar centraliserat. V\u00e5ra bokf\u00f6ringscentra finns i Sein\u00e4joki och Kuusamo. Ut\u00f6ver detta finns det ekonomiteam i Joensuu, Jyv\u00e4skyl\u00e4 och Tammerfors.","robots":{"index":"index","follow":"follow","max-snippet":"max-snippet:-1","max-image-preview":"max-image-preview:large","max-video-preview":"max-video-preview:-1"},"canonical":"https:\/\/retta.fi\/sv\/jobba-for-oss\/arbetsbeskrivningar-pa-retta-isannointi\/bokforare\/","og_locale":"sv_SE","og_type":"article","og_title":"Bokf\u00f6rare - Retta","og_description":"Retta Is\u00e4nn\u00f6intis ekonomitj\u00e4nster fungerar centraliserat. V\u00e5ra bokf\u00f6ringscentra finns i Sein\u00e4joki och Kuusamo. Ut\u00f6ver detta finns det ekonomiteam i Joensuu, Jyv\u00e4skyl\u00e4 och Tammerfors.","og_url":"https:\/\/retta.fi\/sv\/jobba-for-oss\/arbetsbeskrivningar-pa-retta-isannointi\/bokforare\/","og_site_name":"Retta","article_modified_time":"2024-12-16T20:30:17+00:00","og_image":[{"width":509,"height":339,"url":"https:\/\/retta.fi\/wp-content\/uploads\/2024\/10\/iStock-1355159381.jpg","type":"image\/jpeg"}],"twitter_card":"summary_large_image","schema":{"@context":"https:\/\/schema.org","@graph":[{"@type":"WebPage","@id":"https:\/\/retta.fi\/sv\/jobba-for-oss\/arbetsbeskrivningar-pa-retta-isannointi\/bokforare\/","url":"https:\/\/retta.fi\/sv\/jobba-for-oss\/arbetsbeskrivningar-pa-retta-isannointi\/bokforare\/","name":"Bokf\u00f6rare - Retta","isPartOf":{"@id":"https:\/\/retta.fi\/sv\/#website"},"primaryImageOfPage":{"@id":"https:\/\/retta.fi\/sv\/jobba-for-oss\/arbetsbeskrivningar-pa-retta-isannointi\/bokforare\/#primaryimage"},"image":{"@id":"https:\/\/retta.fi\/sv\/jobba-for-oss\/arbetsbeskrivningar-pa-retta-isannointi\/bokforare\/#primaryimage"},"thumbnailUrl":"https:\/\/retta.fi\/wp-content\/uploads\/2024\/10\/iStock-1355159381.jpg","datePublished":"2024-11-11T06:19:14+00:00","dateModified":"2024-12-16T20:30:17+00:00","description":"Retta Is\u00e4nn\u00f6intis ekonomitj\u00e4nster fungerar centraliserat. V\u00e5ra bokf\u00f6ringscentra finns i Sein\u00e4joki och Kuusamo. Ut\u00f6ver detta finns det ekonomiteam i Joensuu, Jyv\u00e4skyl\u00e4 och Tammerfors.","breadcrumb":{"@id":"https:\/\/retta.fi\/sv\/jobba-for-oss\/arbetsbeskrivningar-pa-retta-isannointi\/bokforare\/#breadcrumb"},"inLanguage":"sv-SE","potentialAction":[{"@type":"ReadAction","target":["https:\/\/retta.fi\/sv\/jobba-for-oss\/arbetsbeskrivningar-pa-retta-isannointi\/bokforare\/"]}]},{"@type":"ImageObject","inLanguage":"sv-SE","@id":"https:\/\/retta.fi\/sv\/jobba-for-oss\/arbetsbeskrivningar-pa-retta-isannointi\/bokforare\/#primaryimage","url":"https:\/\/retta.fi\/wp-content\/uploads\/2024\/10\/iStock-1355159381.jpg","contentUrl":"https:\/\/retta.fi\/wp-content\/uploads\/2024\/10\/iStock-1355159381.jpg","width":509,"height":339},{"@type":"BreadcrumbList","@id":"https:\/\/retta.fi\/sv\/jobba-for-oss\/arbetsbeskrivningar-pa-retta-isannointi\/bokforare\/#breadcrumb","itemListElement":[{"@type":"ListItem","position":1,"name":"Framsida","item":"https:\/\/retta.fi\/sv\/"},{"@type":"ListItem","position":2,"name":"Jobba f\u00f6r oss","item":"https:\/\/retta.fi\/sv\/jobba-for-oss\/"},{"@type":"ListItem","position":3,"name":"Arbetsbeskrivningar i Retta Is\u00e4nn\u00f6inti","item":"https:\/\/retta.fi\/sv\/jobba-for-oss\/arbetsbeskrivningar-pa-retta-isannointi\/"},{"@type":"ListItem","position":4,"name":"Bokf\u00f6rare"}]},{"@type":"WebSite","@id":"https:\/\/retta.fi\/sv\/#website","url":"https:\/\/retta.fi\/sv\/","name":"Retta","description":"","publisher":{"@id":"https:\/\/retta.fi\/sv\/#organization"},"potentialAction":[{"@type":"SearchAction","target":{"@type":"EntryPoint","urlTemplate":"https:\/\/retta.fi\/sv\/?s={search_term_string}"},"query-input":{"@type":"PropertyValueSpecification","valueRequired":true,"valueName":"search_term_string"}}],"inLanguage":"sv-SE"},{"@type":"Organization","@id":"https:\/\/retta.fi\/sv\/#organization","name":"Retta","url":"https:\/\/retta.fi\/sv\/","logo":{"@type":"ImageObject","inLanguage":"sv-SE","@id":"https:\/\/retta.fi\/sv\/#\/schema\/logo\/image\/","url":"https:\/\/retta.fi\/wp-content\/uploads\/2022\/04\/retta_somejako.png","contentUrl":"https:\/\/retta.fi\/wp-content\/uploads\/2022\/04\/retta_somejako.png","width":1200,"height":630,"caption":"Retta"},"image":{"@id":"https:\/\/retta.fi\/sv\/#\/schema\/logo\/image\/"}}]}},"_links":{"self":[{"href":"https:\/\/retta.fi\/sv\/wp-json\/wp\/v2\/pages\/44274","targetHints":{"allow":["GET"]}}],"collection":[{"href":"https:\/\/retta.fi\/sv\/wp-json\/wp\/v2\/pages"}],"about":[{"href":"https:\/\/retta.fi\/sv\/wp-json\/wp\/v2\/types\/page"}],"author":[{"embeddable":true,"href":"https:\/\/retta.fi\/sv\/wp-json\/wp\/v2\/users\/31"}],"replies":[{"embeddable":true,"href":"https:\/\/retta.fi\/sv\/wp-json\/wp\/v2\/comments?post=44274"}],"version-history":[{"count":4,"href":"https:\/\/retta.fi\/sv\/wp-json\/wp\/v2\/pages\/44274\/revisions"}],"predecessor-version":[{"id":44484,"href":"https:\/\/retta.fi\/sv\/wp-json\/wp\/v2\/pages\/44274\/revisions\/44484"}],"up":[{"embeddable":true,"href":"https:\/\/retta.fi\/sv\/wp-json\/wp\/v2\/pages\/44244"}],"wp:featuredmedia":[{"embeddable":true,"href":"https:\/\/retta.fi\/sv\/wp-json\/wp\/v2\/media\/41161"}],"wp:attachment":[{"href":"https:\/\/retta.fi\/sv\/wp-json\/wp\/v2\/media?parent=44274"}],"curies":[{"name":"wp","href":"https:\/\/api.w.org\/{rel}","templated":true}]}}