{"id":44269,"date":"2024-11-11T08:14:51","date_gmt":"2024-11-11T06:14:51","guid":{"rendered":"https:\/\/retta.fi\/jobba-for-oss\/arbetsbeskrivningar-pa-retta-isannointi\/tekninen-isannoitsija\/"},"modified":"2024-12-16T22:24:43","modified_gmt":"2024-12-16T20:24:43","slug":"teknisk-disponent","status":"publish","type":"page","link":"https:\/\/retta.fi\/sv\/jobba-for-oss\/arbetsbeskrivningar-pa-retta-isannointi\/teknisk-disponent\/","title":{"rendered":"Teknisk disponent"},"content":{"rendered":"<section id=\"acf-block-63875a7305be8\" class=\"block block-hero container-fluid ct-darkgreen bg-darkgreen \">\n        <div class=\"container\">\n        <div class=\"row\">\n            <div class=\"col-12 col-lg-8 hero-content-col\">\n                <div class=\"hero-content\">\n                    \n\n<h1 class=\"wp-block-heading\">Teknisk <em>disponent<\/em><\/h1>\n\n\n                <\/div>\n            <\/div>\n        <\/div>\n    <\/div>\n<\/section>\n\n\n\n<section id=\"acf-block-63875a7305c09\"    class=\"block block-image-and-content container-fluid default-bg has-bg-pattern\">\n    <div class=\"container\">\n        <div class=\"row justify-content-between\">\n            <div class=\"col-12 col-lg-6  img-col\">\n                <div class=\"wp-block-image\">\n                    <div class=\"alignleft\"><img decoding=\"async\" src=\"https:\/\/retta.fi\/wp-content\/uploads\/2022\/10\/tekninen_isannoitsija_RI_-1920x1280.jpg\" width=\"864\" height=\"576\" alt=\"Ty\u00f6paikkailmoituksen kuvituskuva - Asumisoikeuskiinteist\u00f6jen tekninen is\u00e4nn\u00f6itsij\u00e4 Helsinkiin\" loading=\"lazy\"><\/div>\n                <\/div>\n            <\/div>\n            <div class=\"col-12 col-lg-5\">\n                <main class=\"entry-content\">\n                    \n\n<p><strong>En teknisk disponents<\/strong> arbetsuppgifter omfattar underh\u00e5ll av fastigheter och bost\u00e4der samt uppgifter som r\u00f6r l\u00e5ngsiktig underh\u00e5llsplanering. Uppgifterna inkluderar att initiera, f\u00f6rbereda och \u00f6vervaka reparationsprojekt samt l\u00e5ngsiktig planering av fastighetens underh\u00e5ll.<\/p>\n\n\n\n<p><strong>En teknisk disponents arbete \u00e4r m\u00e5ngsidigt.<\/strong> I det dagliga arbetet spelar kundkontakter och \u00f6vervakning av underh\u00e5lls\u00e5tg\u00e4rder p\u00e5 fastigheten den st\u00f6rsta rollen. Dessutom ing\u00e5r dagliga rutiner s\u00e5som hantering av fakturor och best\u00e4llningar. En teknisk disponents arbetsdagar \u00e4r varierande, och ibland kan det uppst\u00e5 situationer under arbetsdagen som kr\u00e4ver omedelbara \u00e5tg\u00e4rder och prioritering.<\/p>\n\n\n\n<p><strong>Ut\u00f6ver dagliga uppgifter sk\u00f6ter den tekniska disponenten st\u00f6rre helheter i bostadsbolaget enligt en \u00e5rskalender. <\/strong>Dessa inkluderar bland annat budgetering, underh\u00e5llsplanering, upphandling av kontrakt och schemal\u00e4ggning av arbeten med h\u00e4nsyn till \u00e5rstider och semesterperioder. Den tekniska disponenten str\u00e4var till att uppr\u00e4tth\u00e5lla och \u00f6ka fastighetens v\u00e4rde samt undvika att underh\u00e5llsskulden \u00f6kar.<\/p>\n\n\n\n<p><strong>Den tekniska disponenten samarbetar i n\u00e4ra samarbete med bostadsbolagets servicebolag <\/strong> Ofta kan servicebolaget informera om kommande problem i f\u00f6rv\u00e4g s\u00e5 att de kan \u00e5tg\u00e4rdas innan de blir st\u00f6rre skador eller pl\u00f6tsliga reparationsbehov f\u00f6r bostadsbolaget. Genom proaktiv verksamhet str\u00e4var man till att h\u00f6ja fastighetens v\u00e4rde och till att bevara och \u00f6ka boendekomforten.<\/p>\n\n\n\n<p><strong>Tekniska disponenter \u00e4r ofta utbildade byggm\u00e4stare eller ingenj\u00f6rer inom bygg- eller VVS-branschen.<\/strong> Man kan ocks\u00e5 avancera till teknisk disponent fr\u00e5n t.ex. installationsarbete eller fastighetssk\u00f6tare till arbetsledare och d\u00e4rifr\u00e5n vidare till teknisk disponent via utbildning (ITS, TEK). Det viktigaste i uppgiften \u00e4r dock f\u00f6rm\u00e5gan att l\u00f6sa problem och en helhetsuppfattning om fastighetens livscykel.<\/p>\n\n\n                <\/main>\n            <\/div>\n        <\/div>\n    <\/div>\n<\/section>","protected":false},"excerpt":{"rendered":"<p>Teknisk disponents arbetsuppgifter omfattar underh\u00e5ll av fastigheter och bost\u00e4der samt uppgifter som r\u00f6r l\u00e5ngsiktig underh\u00e5llsplanering. Uppgifterna inkluderar att initiera, f\u00f6rbereda och \u00f6vervaka reparationsprojekt samt l\u00e5ngsiktig planering av fastighetens underh\u00e5ll.<\/p>\n","protected":false},"author":31,"featured_media":21221,"parent":44244,"menu_order":0,"comment_status":"closed","ping_status":"closed","template":"","meta":{"_acf_changed":false,"_relevanssi_hide_post":"","_relevanssi_hide_content":"","_relevanssi_pin_for_all":"","_relevanssi_pin_keywords":"","_relevanssi_unpin_keywords":"","_relevanssi_related_keywords":"","_relevanssi_related_include_ids":"","_relevanssi_related_exclude_ids":"","_relevanssi_related_no_append":"","_relevanssi_related_not_related":"","_relevanssi_related_posts":"3838,20539,3320,3260,3222,3304","_relevanssi_noindex_reason":"","footnotes":""},"class_list":["post-44269","page","type-page","status-publish","has-post-thumbnail","hentry"],"acf":[],"yoast_head":"<!-- This site is optimized with the Yoast SEO plugin v27.4 - https:\/\/yoast.com\/product\/yoast-seo-wordpress\/ -->\n<title>Teknisk disponent - Retta<\/title>\n<meta name=\"description\" content=\"Teknisk disponents arbetsuppgifter omfattar underh\u00e5ll av fastigheter och bost\u00e4der samt uppgifter som r\u00f6r l\u00e5ngsiktig underh\u00e5llsplanering.\" \/>\n<meta name=\"robots\" content=\"index, follow, max-snippet:-1, max-image-preview:large, max-video-preview:-1\" \/>\n<link rel=\"canonical\" href=\"https:\/\/retta.fi\/sv\/jobba-for-oss\/arbetsbeskrivningar-pa-retta-isannointi\/teknisk-disponent\/\" \/>\n<meta property=\"og:locale\" content=\"sv_SE\" \/>\n<meta property=\"og:type\" content=\"article\" \/>\n<meta property=\"og:title\" content=\"Teknisk disponent - Retta\" \/>\n<meta property=\"og:description\" content=\"Teknisk disponents arbetsuppgifter omfattar underh\u00e5ll av fastigheter och bost\u00e4der samt uppgifter som r\u00f6r l\u00e5ngsiktig underh\u00e5llsplanering.\" \/>\n<meta property=\"og:url\" content=\"https:\/\/retta.fi\/sv\/jobba-for-oss\/arbetsbeskrivningar-pa-retta-isannointi\/teknisk-disponent\/\" \/>\n<meta property=\"og:site_name\" content=\"Retta\" \/>\n<meta property=\"article:modified_time\" content=\"2024-12-16T20:24:43+00:00\" \/>\n<meta property=\"og:image\" content=\"https:\/\/retta.fi\/wp-content\/uploads\/2022\/11\/tekninen_isannoitsija_RI_-1-scaled.jpg\" \/>\n\t<meta property=\"og:image:width\" content=\"2560\" \/>\n\t<meta property=\"og:image:height\" content=\"1707\" \/>\n\t<meta property=\"og:image:type\" content=\"image\/jpeg\" \/>\n<meta name=\"twitter:card\" content=\"summary_large_image\" \/>\n<script type=\"application\/ld+json\" class=\"yoast-schema-graph\">{\"@context\":\"https:\\\/\\\/schema.org\",\"@graph\":[{\"@type\":\"WebPage\",\"@id\":\"https:\\\/\\\/retta.fi\\\/sv\\\/jobba-for-oss\\\/arbetsbeskrivningar-pa-retta-isannointi\\\/teknisk-disponent\\\/\",\"url\":\"https:\\\/\\\/retta.fi\\\/sv\\\/jobba-for-oss\\\/arbetsbeskrivningar-pa-retta-isannointi\\\/teknisk-disponent\\\/\",\"name\":\"Teknisk disponent - Retta\",\"isPartOf\":{\"@id\":\"https:\\\/\\\/retta.fi\\\/sv\\\/#website\"},\"primaryImageOfPage\":{\"@id\":\"https:\\\/\\\/retta.fi\\\/sv\\\/jobba-for-oss\\\/arbetsbeskrivningar-pa-retta-isannointi\\\/teknisk-disponent\\\/#primaryimage\"},\"image\":{\"@id\":\"https:\\\/\\\/retta.fi\\\/sv\\\/jobba-for-oss\\\/arbetsbeskrivningar-pa-retta-isannointi\\\/teknisk-disponent\\\/#primaryimage\"},\"thumbnailUrl\":\"https:\\\/\\\/retta.fi\\\/wp-content\\\/uploads\\\/2022\\\/11\\\/tekninen_isannoitsija_RI_-1-scaled.jpg\",\"datePublished\":\"2024-11-11T06:14:51+00:00\",\"dateModified\":\"2024-12-16T20:24:43+00:00\",\"description\":\"Teknisk disponents arbetsuppgifter omfattar underh\u00e5ll av fastigheter och bost\u00e4der samt uppgifter som r\u00f6r l\u00e5ngsiktig underh\u00e5llsplanering.\",\"breadcrumb\":{\"@id\":\"https:\\\/\\\/retta.fi\\\/sv\\\/jobba-for-oss\\\/arbetsbeskrivningar-pa-retta-isannointi\\\/teknisk-disponent\\\/#breadcrumb\"},\"inLanguage\":\"sv-SE\",\"potentialAction\":[{\"@type\":\"ReadAction\",\"target\":[\"https:\\\/\\\/retta.fi\\\/sv\\\/jobba-for-oss\\\/arbetsbeskrivningar-pa-retta-isannointi\\\/teknisk-disponent\\\/\"]}]},{\"@type\":\"ImageObject\",\"inLanguage\":\"sv-SE\",\"@id\":\"https:\\\/\\\/retta.fi\\\/sv\\\/jobba-for-oss\\\/arbetsbeskrivningar-pa-retta-isannointi\\\/teknisk-disponent\\\/#primaryimage\",\"url\":\"https:\\\/\\\/retta.fi\\\/wp-content\\\/uploads\\\/2022\\\/11\\\/tekninen_isannoitsija_RI_-1-scaled.jpg\",\"contentUrl\":\"https:\\\/\\\/retta.fi\\\/wp-content\\\/uploads\\\/2022\\\/11\\\/tekninen_isannoitsija_RI_-1-scaled.jpg\",\"width\":2560,\"height\":1707},{\"@type\":\"BreadcrumbList\",\"@id\":\"https:\\\/\\\/retta.fi\\\/sv\\\/jobba-for-oss\\\/arbetsbeskrivningar-pa-retta-isannointi\\\/teknisk-disponent\\\/#breadcrumb\",\"itemListElement\":[{\"@type\":\"ListItem\",\"position\":1,\"name\":\"Framsida\",\"item\":\"https:\\\/\\\/retta.fi\\\/sv\\\/\"},{\"@type\":\"ListItem\",\"position\":2,\"name\":\"Jobba f\u00f6r oss\",\"item\":\"https:\\\/\\\/retta.fi\\\/sv\\\/jobba-for-oss\\\/\"},{\"@type\":\"ListItem\",\"position\":3,\"name\":\"Arbetsbeskrivningar i Retta Is\u00e4nn\u00f6inti\",\"item\":\"https:\\\/\\\/retta.fi\\\/sv\\\/jobba-for-oss\\\/arbetsbeskrivningar-pa-retta-isannointi\\\/\"},{\"@type\":\"ListItem\",\"position\":4,\"name\":\"Teknisk disponent\"}]},{\"@type\":\"WebSite\",\"@id\":\"https:\\\/\\\/retta.fi\\\/sv\\\/#website\",\"url\":\"https:\\\/\\\/retta.fi\\\/sv\\\/\",\"name\":\"Retta\",\"description\":\"\",\"publisher\":{\"@id\":\"https:\\\/\\\/retta.fi\\\/sv\\\/#organization\"},\"potentialAction\":[{\"@type\":\"SearchAction\",\"target\":{\"@type\":\"EntryPoint\",\"urlTemplate\":\"https:\\\/\\\/retta.fi\\\/sv\\\/?s={search_term_string}\"},\"query-input\":{\"@type\":\"PropertyValueSpecification\",\"valueRequired\":true,\"valueName\":\"search_term_string\"}}],\"inLanguage\":\"sv-SE\"},{\"@type\":\"Organization\",\"@id\":\"https:\\\/\\\/retta.fi\\\/sv\\\/#organization\",\"name\":\"Retta\",\"url\":\"https:\\\/\\\/retta.fi\\\/sv\\\/\",\"logo\":{\"@type\":\"ImageObject\",\"inLanguage\":\"sv-SE\",\"@id\":\"https:\\\/\\\/retta.fi\\\/sv\\\/#\\\/schema\\\/logo\\\/image\\\/\",\"url\":\"https:\\\/\\\/retta.fi\\\/wp-content\\\/uploads\\\/2022\\\/04\\\/retta_somejako.png\",\"contentUrl\":\"https:\\\/\\\/retta.fi\\\/wp-content\\\/uploads\\\/2022\\\/04\\\/retta_somejako.png\",\"width\":1200,\"height\":630,\"caption\":\"Retta\"},\"image\":{\"@id\":\"https:\\\/\\\/retta.fi\\\/sv\\\/#\\\/schema\\\/logo\\\/image\\\/\"}}]}<\/script>\n<!-- \/ Yoast SEO plugin. -->","yoast_head_json":{"title":"Teknisk disponent - Retta","description":"Teknisk disponents arbetsuppgifter omfattar underh\u00e5ll av fastigheter och bost\u00e4der samt uppgifter som r\u00f6r l\u00e5ngsiktig underh\u00e5llsplanering.","robots":{"index":"index","follow":"follow","max-snippet":"max-snippet:-1","max-image-preview":"max-image-preview:large","max-video-preview":"max-video-preview:-1"},"canonical":"https:\/\/retta.fi\/sv\/jobba-for-oss\/arbetsbeskrivningar-pa-retta-isannointi\/teknisk-disponent\/","og_locale":"sv_SE","og_type":"article","og_title":"Teknisk disponent - Retta","og_description":"Teknisk disponents arbetsuppgifter omfattar underh\u00e5ll av fastigheter och bost\u00e4der samt uppgifter som r\u00f6r l\u00e5ngsiktig underh\u00e5llsplanering.","og_url":"https:\/\/retta.fi\/sv\/jobba-for-oss\/arbetsbeskrivningar-pa-retta-isannointi\/teknisk-disponent\/","og_site_name":"Retta","article_modified_time":"2024-12-16T20:24:43+00:00","og_image":[{"width":2560,"height":1707,"url":"https:\/\/retta.fi\/wp-content\/uploads\/2022\/11\/tekninen_isannoitsija_RI_-1-scaled.jpg","type":"image\/jpeg"}],"twitter_card":"summary_large_image","schema":{"@context":"https:\/\/schema.org","@graph":[{"@type":"WebPage","@id":"https:\/\/retta.fi\/sv\/jobba-for-oss\/arbetsbeskrivningar-pa-retta-isannointi\/teknisk-disponent\/","url":"https:\/\/retta.fi\/sv\/jobba-for-oss\/arbetsbeskrivningar-pa-retta-isannointi\/teknisk-disponent\/","name":"Teknisk disponent - Retta","isPartOf":{"@id":"https:\/\/retta.fi\/sv\/#website"},"primaryImageOfPage":{"@id":"https:\/\/retta.fi\/sv\/jobba-for-oss\/arbetsbeskrivningar-pa-retta-isannointi\/teknisk-disponent\/#primaryimage"},"image":{"@id":"https:\/\/retta.fi\/sv\/jobba-for-oss\/arbetsbeskrivningar-pa-retta-isannointi\/teknisk-disponent\/#primaryimage"},"thumbnailUrl":"https:\/\/retta.fi\/wp-content\/uploads\/2022\/11\/tekninen_isannoitsija_RI_-1-scaled.jpg","datePublished":"2024-11-11T06:14:51+00:00","dateModified":"2024-12-16T20:24:43+00:00","description":"Teknisk disponents arbetsuppgifter omfattar underh\u00e5ll av fastigheter och bost\u00e4der samt uppgifter som r\u00f6r l\u00e5ngsiktig underh\u00e5llsplanering.","breadcrumb":{"@id":"https:\/\/retta.fi\/sv\/jobba-for-oss\/arbetsbeskrivningar-pa-retta-isannointi\/teknisk-disponent\/#breadcrumb"},"inLanguage":"sv-SE","potentialAction":[{"@type":"ReadAction","target":["https:\/\/retta.fi\/sv\/jobba-for-oss\/arbetsbeskrivningar-pa-retta-isannointi\/teknisk-disponent\/"]}]},{"@type":"ImageObject","inLanguage":"sv-SE","@id":"https:\/\/retta.fi\/sv\/jobba-for-oss\/arbetsbeskrivningar-pa-retta-isannointi\/teknisk-disponent\/#primaryimage","url":"https:\/\/retta.fi\/wp-content\/uploads\/2022\/11\/tekninen_isannoitsija_RI_-1-scaled.jpg","contentUrl":"https:\/\/retta.fi\/wp-content\/uploads\/2022\/11\/tekninen_isannoitsija_RI_-1-scaled.jpg","width":2560,"height":1707},{"@type":"BreadcrumbList","@id":"https:\/\/retta.fi\/sv\/jobba-for-oss\/arbetsbeskrivningar-pa-retta-isannointi\/teknisk-disponent\/#breadcrumb","itemListElement":[{"@type":"ListItem","position":1,"name":"Framsida","item":"https:\/\/retta.fi\/sv\/"},{"@type":"ListItem","position":2,"name":"Jobba f\u00f6r oss","item":"https:\/\/retta.fi\/sv\/jobba-for-oss\/"},{"@type":"ListItem","position":3,"name":"Arbetsbeskrivningar i Retta Is\u00e4nn\u00f6inti","item":"https:\/\/retta.fi\/sv\/jobba-for-oss\/arbetsbeskrivningar-pa-retta-isannointi\/"},{"@type":"ListItem","position":4,"name":"Teknisk disponent"}]},{"@type":"WebSite","@id":"https:\/\/retta.fi\/sv\/#website","url":"https:\/\/retta.fi\/sv\/","name":"Retta","description":"","publisher":{"@id":"https:\/\/retta.fi\/sv\/#organization"},"potentialAction":[{"@type":"SearchAction","target":{"@type":"EntryPoint","urlTemplate":"https:\/\/retta.fi\/sv\/?s={search_term_string}"},"query-input":{"@type":"PropertyValueSpecification","valueRequired":true,"valueName":"search_term_string"}}],"inLanguage":"sv-SE"},{"@type":"Organization","@id":"https:\/\/retta.fi\/sv\/#organization","name":"Retta","url":"https:\/\/retta.fi\/sv\/","logo":{"@type":"ImageObject","inLanguage":"sv-SE","@id":"https:\/\/retta.fi\/sv\/#\/schema\/logo\/image\/","url":"https:\/\/retta.fi\/wp-content\/uploads\/2022\/04\/retta_somejako.png","contentUrl":"https:\/\/retta.fi\/wp-content\/uploads\/2022\/04\/retta_somejako.png","width":1200,"height":630,"caption":"Retta"},"image":{"@id":"https:\/\/retta.fi\/sv\/#\/schema\/logo\/image\/"}}]}},"_links":{"self":[{"href":"https:\/\/retta.fi\/sv\/wp-json\/wp\/v2\/pages\/44269","targetHints":{"allow":["GET"]}}],"collection":[{"href":"https:\/\/retta.fi\/sv\/wp-json\/wp\/v2\/pages"}],"about":[{"href":"https:\/\/retta.fi\/sv\/wp-json\/wp\/v2\/types\/page"}],"author":[{"embeddable":true,"href":"https:\/\/retta.fi\/sv\/wp-json\/wp\/v2\/users\/31"}],"replies":[{"embeddable":true,"href":"https:\/\/retta.fi\/sv\/wp-json\/wp\/v2\/comments?post=44269"}],"version-history":[{"count":2,"href":"https:\/\/retta.fi\/sv\/wp-json\/wp\/v2\/pages\/44269\/revisions"}],"predecessor-version":[{"id":44482,"href":"https:\/\/retta.fi\/sv\/wp-json\/wp\/v2\/pages\/44269\/revisions\/44482"}],"up":[{"embeddable":true,"href":"https:\/\/retta.fi\/sv\/wp-json\/wp\/v2\/pages\/44244"}],"wp:featuredmedia":[{"embeddable":true,"href":"https:\/\/retta.fi\/sv\/wp-json\/wp\/v2\/media\/21221"}],"wp:attachment":[{"href":"https:\/\/retta.fi\/sv\/wp-json\/wp\/v2\/media?parent=44269"}],"curies":[{"name":"wp","href":"https:\/\/api.w.org\/{rel}","templated":true}]}}