{"id":44263,"date":"2024-11-10T18:34:49","date_gmt":"2024-11-10T16:34:49","guid":{"rendered":"https:\/\/retta.fi\/jobba-for-oss\/arbetsbeskrivningar-pa-retta-isannointi\/toimistoisannoitsija\/"},"modified":"2024-12-16T22:17:12","modified_gmt":"2024-12-16T20:17:12","slug":"kontorsdisponent","status":"publish","type":"page","link":"https:\/\/retta.fi\/sv\/jobba-for-oss\/arbetsbeskrivningar-pa-retta-isannointi\/kontorsdisponent\/","title":{"rendered":"Kontorsdisponent"},"content":{"rendered":"<section id=\"acf-block-63875a7305be8\" class=\"block block-hero container-fluid ct-darkgreen bg-darkgreen \">\n        <div class=\"container\">\n        <div class=\"row\">\n            <div class=\"col-12 col-lg-8 hero-content-col\">\n                <div class=\"hero-content\">\n                    \n\n<h1 class=\"wp-block-heading\">Kontorsdisponent<\/h1>\n\n\n                <\/div>\n            <\/div>\n        <\/div>\n    <\/div>\n<\/section>\n\n\n\n<section id=\"acf-block-63875a7305c09\"    class=\"block block-image-and-content container-fluid default-bg has-bg-pattern\">\n    <div class=\"container\">\n        <div class=\"row justify-content-between\">\n            <div class=\"col-12 col-lg-6  img-col\">\n                <div class=\"wp-block-image\">\n                    <div class=\"alignleft\"><img decoding=\"async\" src=\"https:\/\/retta.fi\/wp-content\/uploads\/2023\/04\/iStock-915676228_super-1920x1237.jpg\" width=\"864\" height=\"557\" alt=\"Ty\u00f6paikkailmoituksen kuvituskuva - Toimistois\u00e4nn\u00f6itsij\u00e4 Kuopioon\" loading=\"lazy\"><\/div>\n                <\/div>\n            <\/div>\n            <div class=\"col-12 col-lg-5\">\n                <main class=\"entry-content\">\n                    \n\n<p><strong>Kontorsdisponenten<\/strong> arbetar som medhj\u00e4lpare till disponenten i fr\u00e5gor som r\u00f6r bostadsbolagets fastighet  och sk\u00f6ter st\u00f6djande uppgifter som h\u00f6r samman med bostadsbolagets f\u00f6rvaltning och som kr\u00e4ver lokal n\u00e4rvaro och k\u00e4nnedom.<\/p>\n\n\n\n<p>\u00c4renden som g\u00e4ller aktie\u00e4gare och boende sk\u00f6ts huvudsakligen av v\u00e5r centrala kundservice, men <strong>kontorsdisponenten ansvarar f\u00f6r kundservicen f\u00f6r v\u00e5ra kunder som bes\u00f6ker v\u00e5ra lokala kontor. <\/strong>Kontorsdisponenten tar emot uppdrag fr\u00e5n kunder, l\u00f6ser kundernas problem och v\u00e4gleder dem vid behov till digitala kundtj\u00e4nster eller r\u00e4tt person.<\/p>\n\n\n\n<p>En kontorsdisponents arbetsuppgifter \u00e4r mycket omfattande och varierar ocks\u00e5 n\u00e5got mellan enheterna. Till uppgifterna h\u00f6r bland annat bostadsbolagets vattenfakturering, f\u00f6rdelning av parkeringsplatser och bastutimmar, debitering av avgifter samt felanm\u00e4lningar.<\/p>\n\n\n\n<p>Dessutom m\u00e5ste en kontorsdisponent kunna uppr\u00e4tta olika typer av dokument och avtal samt best\u00e4lla nycklar och reservera m\u00f6tesrum.<\/p>\n\n\n\n<p><strong>Hos oss som kontoersdisponent lyckas b\u00e4st personer som har grundl\u00e4ggande kunskaper inom fastighetsbranschen och som har goda sociala f\u00e4rdigheter. <\/strong>Det \u00e4r ocks\u00e5 en f\u00f6rdel med goda organisatoriska f\u00e4rdigheter, noggrannhet samt stresst\u00e5lighet och samarbetsf\u00f6rm\u00e5ga.<\/p>\n\n\n\n<p><strong>En bra kundupplevelse \u00e4r mycket viktig p\u00e5 Retta Is\u00e4nn\u00f6inti. <\/strong>Vi m\u00e4ter kontinuerligt den feedback vi f\u00e5r fr\u00e5n kunderna. De personer vi s\u00f6ker \u00e4r serviceinriktade som v\u00e4rdes\u00e4tter att vara med och skapa branschens b\u00e4sta kundupplevelse genom sin egen verksamhet.<\/p>\n\n\n                <\/main>\n            <\/div>\n        <\/div>\n    <\/div>\n<\/section>","protected":false},"excerpt":{"rendered":"","protected":false},"author":31,"featured_media":0,"parent":44244,"menu_order":0,"comment_status":"closed","ping_status":"closed","template":"","meta":{"_acf_changed":false,"_relevanssi_hide_post":"","_relevanssi_hide_content":"","_relevanssi_pin_for_all":"","_relevanssi_pin_keywords":"","_relevanssi_unpin_keywords":"","_relevanssi_related_keywords":"","_relevanssi_related_include_ids":"","_relevanssi_related_exclude_ids":"","_relevanssi_related_no_append":"","_relevanssi_related_not_related":"","_relevanssi_related_posts":"3838,20539,3320,3260,3222,3304","_relevanssi_noindex_reason":"","footnotes":""},"class_list":["post-44263","page","type-page","status-publish","hentry"],"acf":[],"yoast_head":"<!-- This site is optimized with the Yoast SEO plugin v27.4 - https:\/\/yoast.com\/product\/yoast-seo-wordpress\/ -->\n<title>Kontorsdisponent - Retta<\/title>\n<meta name=\"description\" content=\"Kontorsdisponenten arbetar som medhj\u00e4lpare till fastighetsf\u00f6rvaltaren i fr\u00e5gor som r\u00f6r fastighetsf\u00f6rvaltningsobjekten och sk\u00f6ter st\u00f6djande uppgifter som h\u00f6r samman med bostadsr\u00e4ttsf\u00f6reningens f\u00f6rvaltning och som kr\u00e4ver lokal n\u00e4rvaro och k\u00e4nnedom.\" \/>\n<meta name=\"robots\" content=\"index, follow, max-snippet:-1, max-image-preview:large, max-video-preview:-1\" \/>\n<link rel=\"canonical\" href=\"https:\/\/retta.fi\/sv\/jobba-for-oss\/arbetsbeskrivningar-pa-retta-isannointi\/kontorsdisponent\/\" \/>\n<meta property=\"og:locale\" content=\"sv_SE\" \/>\n<meta property=\"og:type\" content=\"article\" \/>\n<meta property=\"og:title\" content=\"Kontorsdisponent - Retta\" \/>\n<meta property=\"og:description\" content=\"Kontorsdisponenten arbetar som medhj\u00e4lpare till fastighetsf\u00f6rvaltaren i fr\u00e5gor som r\u00f6r fastighetsf\u00f6rvaltningsobjekten och sk\u00f6ter st\u00f6djande uppgifter som h\u00f6r samman med bostadsr\u00e4ttsf\u00f6reningens f\u00f6rvaltning och som kr\u00e4ver lokal n\u00e4rvaro och k\u00e4nnedom.\" \/>\n<meta property=\"og:url\" content=\"https:\/\/retta.fi\/sv\/jobba-for-oss\/arbetsbeskrivningar-pa-retta-isannointi\/kontorsdisponent\/\" \/>\n<meta property=\"og:site_name\" content=\"Retta\" \/>\n<meta property=\"article:modified_time\" content=\"2024-12-16T20:17:12+00:00\" \/>\n<meta property=\"og:image\" content=\"https:\/\/retta.fi\/wp-content\/uploads\/2022\/04\/retta_somejako.png\" \/>\n\t<meta property=\"og:image:width\" content=\"1200\" \/>\n\t<meta property=\"og:image:height\" content=\"630\" \/>\n\t<meta property=\"og:image:type\" content=\"image\/png\" \/>\n<meta name=\"twitter:card\" content=\"summary_large_image\" \/>\n<script type=\"application\/ld+json\" class=\"yoast-schema-graph\">{\"@context\":\"https:\\\/\\\/schema.org\",\"@graph\":[{\"@type\":\"WebPage\",\"@id\":\"https:\\\/\\\/retta.fi\\\/sv\\\/jobba-for-oss\\\/arbetsbeskrivningar-pa-retta-isannointi\\\/kontorsdisponent\\\/\",\"url\":\"https:\\\/\\\/retta.fi\\\/sv\\\/jobba-for-oss\\\/arbetsbeskrivningar-pa-retta-isannointi\\\/kontorsdisponent\\\/\",\"name\":\"Kontorsdisponent - Retta\",\"isPartOf\":{\"@id\":\"https:\\\/\\\/retta.fi\\\/sv\\\/#website\"},\"datePublished\":\"2024-11-10T16:34:49+00:00\",\"dateModified\":\"2024-12-16T20:17:12+00:00\",\"description\":\"Kontorsdisponenten arbetar som medhj\u00e4lpare till fastighetsf\u00f6rvaltaren i fr\u00e5gor som r\u00f6r fastighetsf\u00f6rvaltningsobjekten och sk\u00f6ter st\u00f6djande uppgifter som h\u00f6r samman med bostadsr\u00e4ttsf\u00f6reningens f\u00f6rvaltning och som kr\u00e4ver lokal n\u00e4rvaro och k\u00e4nnedom.\",\"breadcrumb\":{\"@id\":\"https:\\\/\\\/retta.fi\\\/sv\\\/jobba-for-oss\\\/arbetsbeskrivningar-pa-retta-isannointi\\\/kontorsdisponent\\\/#breadcrumb\"},\"inLanguage\":\"sv-SE\",\"potentialAction\":[{\"@type\":\"ReadAction\",\"target\":[\"https:\\\/\\\/retta.fi\\\/sv\\\/jobba-for-oss\\\/arbetsbeskrivningar-pa-retta-isannointi\\\/kontorsdisponent\\\/\"]}]},{\"@type\":\"BreadcrumbList\",\"@id\":\"https:\\\/\\\/retta.fi\\\/sv\\\/jobba-for-oss\\\/arbetsbeskrivningar-pa-retta-isannointi\\\/kontorsdisponent\\\/#breadcrumb\",\"itemListElement\":[{\"@type\":\"ListItem\",\"position\":1,\"name\":\"Framsida\",\"item\":\"https:\\\/\\\/retta.fi\\\/sv\\\/\"},{\"@type\":\"ListItem\",\"position\":2,\"name\":\"Jobba f\u00f6r oss\",\"item\":\"https:\\\/\\\/retta.fi\\\/sv\\\/jobba-for-oss\\\/\"},{\"@type\":\"ListItem\",\"position\":3,\"name\":\"Arbetsbeskrivningar i Retta Is\u00e4nn\u00f6inti\",\"item\":\"https:\\\/\\\/retta.fi\\\/sv\\\/jobba-for-oss\\\/arbetsbeskrivningar-pa-retta-isannointi\\\/\"},{\"@type\":\"ListItem\",\"position\":4,\"name\":\"Kontorsdisponent\"}]},{\"@type\":\"WebSite\",\"@id\":\"https:\\\/\\\/retta.fi\\\/sv\\\/#website\",\"url\":\"https:\\\/\\\/retta.fi\\\/sv\\\/\",\"name\":\"Retta\",\"description\":\"\",\"publisher\":{\"@id\":\"https:\\\/\\\/retta.fi\\\/sv\\\/#organization\"},\"potentialAction\":[{\"@type\":\"SearchAction\",\"target\":{\"@type\":\"EntryPoint\",\"urlTemplate\":\"https:\\\/\\\/retta.fi\\\/sv\\\/?s={search_term_string}\"},\"query-input\":{\"@type\":\"PropertyValueSpecification\",\"valueRequired\":true,\"valueName\":\"search_term_string\"}}],\"inLanguage\":\"sv-SE\"},{\"@type\":\"Organization\",\"@id\":\"https:\\\/\\\/retta.fi\\\/sv\\\/#organization\",\"name\":\"Retta\",\"url\":\"https:\\\/\\\/retta.fi\\\/sv\\\/\",\"logo\":{\"@type\":\"ImageObject\",\"inLanguage\":\"sv-SE\",\"@id\":\"https:\\\/\\\/retta.fi\\\/sv\\\/#\\\/schema\\\/logo\\\/image\\\/\",\"url\":\"https:\\\/\\\/retta.fi\\\/wp-content\\\/uploads\\\/2022\\\/04\\\/retta_somejako.png\",\"contentUrl\":\"https:\\\/\\\/retta.fi\\\/wp-content\\\/uploads\\\/2022\\\/04\\\/retta_somejako.png\",\"width\":1200,\"height\":630,\"caption\":\"Retta\"},\"image\":{\"@id\":\"https:\\\/\\\/retta.fi\\\/sv\\\/#\\\/schema\\\/logo\\\/image\\\/\"}}]}<\/script>\n<!-- \/ Yoast SEO plugin. -->","yoast_head_json":{"title":"Kontorsdisponent - Retta","description":"Kontorsdisponenten arbetar som medhj\u00e4lpare till fastighetsf\u00f6rvaltaren i fr\u00e5gor som r\u00f6r fastighetsf\u00f6rvaltningsobjekten och sk\u00f6ter st\u00f6djande uppgifter som h\u00f6r samman med bostadsr\u00e4ttsf\u00f6reningens f\u00f6rvaltning och som kr\u00e4ver lokal n\u00e4rvaro och k\u00e4nnedom.","robots":{"index":"index","follow":"follow","max-snippet":"max-snippet:-1","max-image-preview":"max-image-preview:large","max-video-preview":"max-video-preview:-1"},"canonical":"https:\/\/retta.fi\/sv\/jobba-for-oss\/arbetsbeskrivningar-pa-retta-isannointi\/kontorsdisponent\/","og_locale":"sv_SE","og_type":"article","og_title":"Kontorsdisponent - Retta","og_description":"Kontorsdisponenten arbetar som medhj\u00e4lpare till fastighetsf\u00f6rvaltaren i fr\u00e5gor som r\u00f6r fastighetsf\u00f6rvaltningsobjekten och sk\u00f6ter st\u00f6djande uppgifter som h\u00f6r samman med bostadsr\u00e4ttsf\u00f6reningens f\u00f6rvaltning och som kr\u00e4ver lokal n\u00e4rvaro och k\u00e4nnedom.","og_url":"https:\/\/retta.fi\/sv\/jobba-for-oss\/arbetsbeskrivningar-pa-retta-isannointi\/kontorsdisponent\/","og_site_name":"Retta","article_modified_time":"2024-12-16T20:17:12+00:00","og_image":[{"width":1200,"height":630,"url":"https:\/\/retta.fi\/wp-content\/uploads\/2022\/04\/retta_somejako.png","type":"image\/png"}],"twitter_card":"summary_large_image","schema":{"@context":"https:\/\/schema.org","@graph":[{"@type":"WebPage","@id":"https:\/\/retta.fi\/sv\/jobba-for-oss\/arbetsbeskrivningar-pa-retta-isannointi\/kontorsdisponent\/","url":"https:\/\/retta.fi\/sv\/jobba-for-oss\/arbetsbeskrivningar-pa-retta-isannointi\/kontorsdisponent\/","name":"Kontorsdisponent - Retta","isPartOf":{"@id":"https:\/\/retta.fi\/sv\/#website"},"datePublished":"2024-11-10T16:34:49+00:00","dateModified":"2024-12-16T20:17:12+00:00","description":"Kontorsdisponenten arbetar som medhj\u00e4lpare till fastighetsf\u00f6rvaltaren i fr\u00e5gor som r\u00f6r fastighetsf\u00f6rvaltningsobjekten och sk\u00f6ter st\u00f6djande uppgifter som h\u00f6r samman med bostadsr\u00e4ttsf\u00f6reningens f\u00f6rvaltning och som kr\u00e4ver lokal n\u00e4rvaro och k\u00e4nnedom.","breadcrumb":{"@id":"https:\/\/retta.fi\/sv\/jobba-for-oss\/arbetsbeskrivningar-pa-retta-isannointi\/kontorsdisponent\/#breadcrumb"},"inLanguage":"sv-SE","potentialAction":[{"@type":"ReadAction","target":["https:\/\/retta.fi\/sv\/jobba-for-oss\/arbetsbeskrivningar-pa-retta-isannointi\/kontorsdisponent\/"]}]},{"@type":"BreadcrumbList","@id":"https:\/\/retta.fi\/sv\/jobba-for-oss\/arbetsbeskrivningar-pa-retta-isannointi\/kontorsdisponent\/#breadcrumb","itemListElement":[{"@type":"ListItem","position":1,"name":"Framsida","item":"https:\/\/retta.fi\/sv\/"},{"@type":"ListItem","position":2,"name":"Jobba f\u00f6r oss","item":"https:\/\/retta.fi\/sv\/jobba-for-oss\/"},{"@type":"ListItem","position":3,"name":"Arbetsbeskrivningar i Retta Is\u00e4nn\u00f6inti","item":"https:\/\/retta.fi\/sv\/jobba-for-oss\/arbetsbeskrivningar-pa-retta-isannointi\/"},{"@type":"ListItem","position":4,"name":"Kontorsdisponent"}]},{"@type":"WebSite","@id":"https:\/\/retta.fi\/sv\/#website","url":"https:\/\/retta.fi\/sv\/","name":"Retta","description":"","publisher":{"@id":"https:\/\/retta.fi\/sv\/#organization"},"potentialAction":[{"@type":"SearchAction","target":{"@type":"EntryPoint","urlTemplate":"https:\/\/retta.fi\/sv\/?s={search_term_string}"},"query-input":{"@type":"PropertyValueSpecification","valueRequired":true,"valueName":"search_term_string"}}],"inLanguage":"sv-SE"},{"@type":"Organization","@id":"https:\/\/retta.fi\/sv\/#organization","name":"Retta","url":"https:\/\/retta.fi\/sv\/","logo":{"@type":"ImageObject","inLanguage":"sv-SE","@id":"https:\/\/retta.fi\/sv\/#\/schema\/logo\/image\/","url":"https:\/\/retta.fi\/wp-content\/uploads\/2022\/04\/retta_somejako.png","contentUrl":"https:\/\/retta.fi\/wp-content\/uploads\/2022\/04\/retta_somejako.png","width":1200,"height":630,"caption":"Retta"},"image":{"@id":"https:\/\/retta.fi\/sv\/#\/schema\/logo\/image\/"}}]}},"_links":{"self":[{"href":"https:\/\/retta.fi\/sv\/wp-json\/wp\/v2\/pages\/44263","targetHints":{"allow":["GET"]}}],"collection":[{"href":"https:\/\/retta.fi\/sv\/wp-json\/wp\/v2\/pages"}],"about":[{"href":"https:\/\/retta.fi\/sv\/wp-json\/wp\/v2\/types\/page"}],"author":[{"embeddable":true,"href":"https:\/\/retta.fi\/sv\/wp-json\/wp\/v2\/users\/31"}],"replies":[{"embeddable":true,"href":"https:\/\/retta.fi\/sv\/wp-json\/wp\/v2\/comments?post=44263"}],"version-history":[{"count":2,"href":"https:\/\/retta.fi\/sv\/wp-json\/wp\/v2\/pages\/44263\/revisions"}],"predecessor-version":[{"id":44480,"href":"https:\/\/retta.fi\/sv\/wp-json\/wp\/v2\/pages\/44263\/revisions\/44480"}],"up":[{"embeddable":true,"href":"https:\/\/retta.fi\/sv\/wp-json\/wp\/v2\/pages\/44244"}],"wp:attachment":[{"href":"https:\/\/retta.fi\/sv\/wp-json\/wp\/v2\/media?parent=44263"}],"curies":[{"name":"wp","href":"https:\/\/api.w.org\/{rel}","templated":true}]}}