{"id":44255,"date":"2024-11-10T18:25:12","date_gmt":"2024-11-10T16:25:12","guid":{"rendered":"https:\/\/retta.fi\/jobba-for-oss\/arbetsbeskrivningar-pa-retta-isannointi\/isannoitsija\/"},"modified":"2024-12-16T22:10:45","modified_gmt":"2024-12-16T20:10:45","slug":"disponent","status":"publish","type":"page","link":"https:\/\/retta.fi\/sv\/jobba-for-oss\/arbetsbeskrivningar-pa-retta-isannointi\/disponent\/","title":{"rendered":"Disponent"},"content":{"rendered":"<section id=\"acf-block-63875a7305be8\" class=\"block block-hero container-fluid ct-darkgreen bg-darkgreen \">\n        <div class=\"container\">\n        <div class=\"row\">\n            <div class=\"col-12 col-lg-8 hero-content-col\">\n                <div class=\"hero-content\">\n                    \n\n<h1 class=\"wp-block-heading\">Disponent<\/h1>\n\n\n                <\/div>\n            <\/div>\n        <\/div>\n    <\/div>\n<\/section>\n\n\n\n<section id=\"acf-block-63875a7305c09\"    class=\"block block-image-and-content container-fluid default-bg has-bg-pattern\">\n    <div class=\"container\">\n        <div class=\"row justify-content-between\">\n            <div class=\"col-12 col-lg-6  img-col\">\n                <div class=\"wp-block-image\">\n                    <div class=\"alignleft\"><img decoding=\"async\" src=\"https:\/\/retta.fi\/wp-content\/uploads\/2024\/07\/isannoitsija.png\" width=\"864\" height=\"477\" alt=\"Palvelumme\" loading=\"lazy\"><\/div>\n                <\/div>\n            <\/div>\n            <div class=\"col-12 col-lg-5\">\n                <main class=\"entry-content\">\n                    \n\n<p class=\"is-style-default\"><strong>Disponenten<\/strong> ansvarar tillsammans med bostadsbolagets styrelse f\u00f6r f\u00f6rvaltningen av bostadsbolaget i samarbete med partners s\u00e5som servicebolag. Disponenten fungerar som bostadsbolagets operativa chef under styrelsens ledning.<\/p>\n\n\n\n<p><strong>En disponents arbetsdag \u00e4r mycket varierande.<\/strong> Den inkluderar kundservice b\u00e5de via telefon och m\u00f6ten, m\u00f6ten med bostadsbolag eller entrepren\u00f6rer, genomf\u00f6rande av beslut som fattats p\u00e5 styrelsem\u00f6ten, utredning av fr\u00e5gor fr\u00e5n bostadsbolag, kontakt med samarbetspartners, upphandling, administrativt arbete f\u00f6r projekt och granskning an bolagets fastighet. Datorn och telefonen \u00e4r disponentens viktigaste verktyg.<\/p>\n\n\n\n<p><strong>Disponentens arbete \u00e4r sj\u00e4lvst\u00e4ndigt<\/strong>, arbetstider och situationer varierar dagligen. Disponenten kan ofta sj\u00e4lv schemal\u00e4gga sitt arbete. Det \u00e4r dock bra att komma ih\u00e5g att s\u00e4rskilt under \u00e5rsm\u00f6tess\u00e4songen p\u00e5 v\u00e5ren \u00e4r arbetet ofta kv\u00e4llsinriktat.<\/p>\n\n\n\n<p class=\"is-style-default\"><strong>I disponentens arbetsuppgifter \u00e4r det till nytta med b\u00e5de kommersiell, teknisk och juridisk bakgrund<\/strong>. En kommersiell utbildning ger en bra grund f\u00f6r ett arbete som disponent. S\u00e4rskilda disponentsutbildningar ger en mycket bra grund f\u00f6r den som vill b\u00f6rja arbeta som disponent inom branschen. Ofta ing\u00e5r i dessa utbildningsalternativ \u00e4ven praktik, vilket ger bra f\u00e4rdigheter f\u00f6r arbetet som disponent.<\/p>\n\n\n\n<p class=\"is-style-default\">Retta \u00e4r ett ISA-auktoriserat f\u00f6retag, <strong>vilket inneb\u00e4r att alla v\u00e5ra disponenter har en yrkes- eller specialyrkesexamen inom fastighetsf\u00f6rvaltning<\/strong>. M\u00e5nga av v\u00e5ra dispondenter kommer till oss redan under studietiden f\u00f6r praktik.<\/p>\n\n\n\n<p class=\"is-style-default\"><strong>De personliga egenskaper som kr\u00e4vs i arbetet som disponent<\/strong> \u00e4r planering, organisationsf\u00f6rm\u00e5ga, serviceanda, sociala f\u00e4rdigheter, dvs. f\u00f6rm\u00e5ga och vilja att komma \u00f6verens med olika m\u00e4nniskor, samt kommunikativa f\u00e4rdigheter. \u00c4ven viljan att l\u00e4ra sig nya saker och tillr\u00e4cklig stresst\u00e5lighet h\u00f6r till en god disponents egenskaper.<\/p>\n\n\n\n<div class=\"wp-block-buttons is-layout-flex wp-block-buttons-is-layout-flex\"><\/div>\n\n\n                <\/main>\n            <\/div>\n        <\/div>\n    <\/div>\n<\/section>","protected":false},"excerpt":{"rendered":"","protected":false},"author":31,"featured_media":0,"parent":44244,"menu_order":0,"comment_status":"closed","ping_status":"closed","template":"","meta":{"_acf_changed":false,"_relevanssi_hide_post":"","_relevanssi_hide_content":"","_relevanssi_pin_for_all":"","_relevanssi_pin_keywords":"","_relevanssi_unpin_keywords":"","_relevanssi_related_keywords":"","_relevanssi_related_include_ids":"","_relevanssi_related_exclude_ids":"","_relevanssi_related_no_append":"","_relevanssi_related_not_related":"","_relevanssi_related_posts":"3838,20539,3320,3260,3222,3304","_relevanssi_noindex_reason":"","footnotes":""},"class_list":["post-44255","page","type-page","status-publish","hentry"],"acf":[],"yoast_head":"<!-- This site is optimized with the Yoast SEO plugin v27.1.1 - https:\/\/yoast.com\/product\/yoast-seo-wordpress\/ -->\n<title>Disponent - Retta<\/title>\n<meta name=\"description\" content=\"Retta tarjoaa monipuolisia kiinteist\u00f6alan ty\u00f6teht\u00e4vi\u00e4, joissa saat kehitty\u00e4 ja ottaa vastuuta. Tutustu avoimiin ty\u00f6paikkoihin!\" \/>\n<meta name=\"robots\" content=\"index, follow, max-snippet:-1, max-image-preview:large, max-video-preview:-1\" \/>\n<link rel=\"canonical\" href=\"https:\/\/retta.fi\/sv\/jobba-for-oss\/arbetsbeskrivningar-pa-retta-isannointi\/disponent\/\" \/>\n<meta property=\"og:locale\" content=\"sv_SE\" \/>\n<meta property=\"og:type\" content=\"article\" \/>\n<meta property=\"og:title\" content=\"Disponent - Retta\" \/>\n<meta property=\"og:description\" content=\"Retta tarjoaa monipuolisia kiinteist\u00f6alan ty\u00f6teht\u00e4vi\u00e4, joissa saat kehitty\u00e4 ja ottaa vastuuta. Tutustu avoimiin ty\u00f6paikkoihin!\" \/>\n<meta property=\"og:url\" content=\"https:\/\/retta.fi\/sv\/jobba-for-oss\/arbetsbeskrivningar-pa-retta-isannointi\/disponent\/\" \/>\n<meta property=\"og:site_name\" content=\"Retta\" \/>\n<meta property=\"article:modified_time\" content=\"2024-12-16T20:10:45+00:00\" \/>\n<meta property=\"og:image\" content=\"https:\/\/retta.fi\/wp-content\/uploads\/2022\/04\/retta_somejako.png\" \/>\n\t<meta property=\"og:image:width\" content=\"1200\" \/>\n\t<meta property=\"og:image:height\" content=\"630\" \/>\n\t<meta property=\"og:image:type\" content=\"image\/png\" \/>\n<meta name=\"twitter:card\" content=\"summary_large_image\" \/>\n<script type=\"application\/ld+json\" class=\"yoast-schema-graph\">{\"@context\":\"https:\/\/schema.org\",\"@graph\":[{\"@type\":\"WebPage\",\"@id\":\"https:\/\/retta.fi\/sv\/jobba-for-oss\/arbetsbeskrivningar-pa-retta-isannointi\/disponent\/\",\"url\":\"https:\/\/retta.fi\/sv\/jobba-for-oss\/arbetsbeskrivningar-pa-retta-isannointi\/disponent\/\",\"name\":\"Disponent - Retta\",\"isPartOf\":{\"@id\":\"https:\/\/retta.fi\/sv\/#website\"},\"datePublished\":\"2024-11-10T16:25:12+00:00\",\"dateModified\":\"2024-12-16T20:10:45+00:00\",\"description\":\"Retta tarjoaa monipuolisia kiinteist\u00f6alan ty\u00f6teht\u00e4vi\u00e4, joissa saat kehitty\u00e4 ja ottaa vastuuta. Tutustu avoimiin ty\u00f6paikkoihin!\",\"breadcrumb\":{\"@id\":\"https:\/\/retta.fi\/sv\/jobba-for-oss\/arbetsbeskrivningar-pa-retta-isannointi\/disponent\/#breadcrumb\"},\"inLanguage\":\"sv-SE\",\"potentialAction\":[{\"@type\":\"ReadAction\",\"target\":[\"https:\/\/retta.fi\/sv\/jobba-for-oss\/arbetsbeskrivningar-pa-retta-isannointi\/disponent\/\"]}]},{\"@type\":\"BreadcrumbList\",\"@id\":\"https:\/\/retta.fi\/sv\/jobba-for-oss\/arbetsbeskrivningar-pa-retta-isannointi\/disponent\/#breadcrumb\",\"itemListElement\":[{\"@type\":\"ListItem\",\"position\":1,\"name\":\"Framsida\",\"item\":\"https:\/\/retta.fi\/sv\/\"},{\"@type\":\"ListItem\",\"position\":2,\"name\":\"Jobba f\u00f6r oss\",\"item\":\"https:\/\/retta.fi\/sv\/jobba-for-oss\/\"},{\"@type\":\"ListItem\",\"position\":3,\"name\":\"Arbetsbeskrivningar i Retta Is\u00e4nn\u00f6inti\",\"item\":\"https:\/\/retta.fi\/sv\/jobba-for-oss\/arbetsbeskrivningar-pa-retta-isannointi\/\"},{\"@type\":\"ListItem\",\"position\":4,\"name\":\"Disponent\"}]},{\"@type\":\"WebSite\",\"@id\":\"https:\/\/retta.fi\/sv\/#website\",\"url\":\"https:\/\/retta.fi\/sv\/\",\"name\":\"Retta\",\"description\":\"\",\"publisher\":{\"@id\":\"https:\/\/retta.fi\/sv\/#organization\"},\"potentialAction\":[{\"@type\":\"SearchAction\",\"target\":{\"@type\":\"EntryPoint\",\"urlTemplate\":\"https:\/\/retta.fi\/sv\/?s={search_term_string}\"},\"query-input\":{\"@type\":\"PropertyValueSpecification\",\"valueRequired\":true,\"valueName\":\"search_term_string\"}}],\"inLanguage\":\"sv-SE\"},{\"@type\":\"Organization\",\"@id\":\"https:\/\/retta.fi\/sv\/#organization\",\"name\":\"Retta\",\"url\":\"https:\/\/retta.fi\/sv\/\",\"logo\":{\"@type\":\"ImageObject\",\"inLanguage\":\"sv-SE\",\"@id\":\"https:\/\/retta.fi\/sv\/#\/schema\/logo\/image\/\",\"url\":\"https:\/\/retta.fi\/wp-content\/uploads\/2022\/04\/retta_somejako.png\",\"contentUrl\":\"https:\/\/retta.fi\/wp-content\/uploads\/2022\/04\/retta_somejako.png\",\"width\":1200,\"height\":630,\"caption\":\"Retta\"},\"image\":{\"@id\":\"https:\/\/retta.fi\/sv\/#\/schema\/logo\/image\/\"}}]}<\/script>\n<!-- \/ Yoast SEO plugin. -->","yoast_head_json":{"title":"Disponent - Retta","description":"Retta tarjoaa monipuolisia kiinteist\u00f6alan ty\u00f6teht\u00e4vi\u00e4, joissa saat kehitty\u00e4 ja ottaa vastuuta. Tutustu avoimiin ty\u00f6paikkoihin!","robots":{"index":"index","follow":"follow","max-snippet":"max-snippet:-1","max-image-preview":"max-image-preview:large","max-video-preview":"max-video-preview:-1"},"canonical":"https:\/\/retta.fi\/sv\/jobba-for-oss\/arbetsbeskrivningar-pa-retta-isannointi\/disponent\/","og_locale":"sv_SE","og_type":"article","og_title":"Disponent - Retta","og_description":"Retta tarjoaa monipuolisia kiinteist\u00f6alan ty\u00f6teht\u00e4vi\u00e4, joissa saat kehitty\u00e4 ja ottaa vastuuta. Tutustu avoimiin ty\u00f6paikkoihin!","og_url":"https:\/\/retta.fi\/sv\/jobba-for-oss\/arbetsbeskrivningar-pa-retta-isannointi\/disponent\/","og_site_name":"Retta","article_modified_time":"2024-12-16T20:10:45+00:00","og_image":[{"width":1200,"height":630,"url":"https:\/\/retta.fi\/wp-content\/uploads\/2022\/04\/retta_somejako.png","type":"image\/png"}],"twitter_card":"summary_large_image","schema":{"@context":"https:\/\/schema.org","@graph":[{"@type":"WebPage","@id":"https:\/\/retta.fi\/sv\/jobba-for-oss\/arbetsbeskrivningar-pa-retta-isannointi\/disponent\/","url":"https:\/\/retta.fi\/sv\/jobba-for-oss\/arbetsbeskrivningar-pa-retta-isannointi\/disponent\/","name":"Disponent - Retta","isPartOf":{"@id":"https:\/\/retta.fi\/sv\/#website"},"datePublished":"2024-11-10T16:25:12+00:00","dateModified":"2024-12-16T20:10:45+00:00","description":"Retta tarjoaa monipuolisia kiinteist\u00f6alan ty\u00f6teht\u00e4vi\u00e4, joissa saat kehitty\u00e4 ja ottaa vastuuta. Tutustu avoimiin ty\u00f6paikkoihin!","breadcrumb":{"@id":"https:\/\/retta.fi\/sv\/jobba-for-oss\/arbetsbeskrivningar-pa-retta-isannointi\/disponent\/#breadcrumb"},"inLanguage":"sv-SE","potentialAction":[{"@type":"ReadAction","target":["https:\/\/retta.fi\/sv\/jobba-for-oss\/arbetsbeskrivningar-pa-retta-isannointi\/disponent\/"]}]},{"@type":"BreadcrumbList","@id":"https:\/\/retta.fi\/sv\/jobba-for-oss\/arbetsbeskrivningar-pa-retta-isannointi\/disponent\/#breadcrumb","itemListElement":[{"@type":"ListItem","position":1,"name":"Framsida","item":"https:\/\/retta.fi\/sv\/"},{"@type":"ListItem","position":2,"name":"Jobba f\u00f6r oss","item":"https:\/\/retta.fi\/sv\/jobba-for-oss\/"},{"@type":"ListItem","position":3,"name":"Arbetsbeskrivningar i Retta Is\u00e4nn\u00f6inti","item":"https:\/\/retta.fi\/sv\/jobba-for-oss\/arbetsbeskrivningar-pa-retta-isannointi\/"},{"@type":"ListItem","position":4,"name":"Disponent"}]},{"@type":"WebSite","@id":"https:\/\/retta.fi\/sv\/#website","url":"https:\/\/retta.fi\/sv\/","name":"Retta","description":"","publisher":{"@id":"https:\/\/retta.fi\/sv\/#organization"},"potentialAction":[{"@type":"SearchAction","target":{"@type":"EntryPoint","urlTemplate":"https:\/\/retta.fi\/sv\/?s={search_term_string}"},"query-input":{"@type":"PropertyValueSpecification","valueRequired":true,"valueName":"search_term_string"}}],"inLanguage":"sv-SE"},{"@type":"Organization","@id":"https:\/\/retta.fi\/sv\/#organization","name":"Retta","url":"https:\/\/retta.fi\/sv\/","logo":{"@type":"ImageObject","inLanguage":"sv-SE","@id":"https:\/\/retta.fi\/sv\/#\/schema\/logo\/image\/","url":"https:\/\/retta.fi\/wp-content\/uploads\/2022\/04\/retta_somejako.png","contentUrl":"https:\/\/retta.fi\/wp-content\/uploads\/2022\/04\/retta_somejako.png","width":1200,"height":630,"caption":"Retta"},"image":{"@id":"https:\/\/retta.fi\/sv\/#\/schema\/logo\/image\/"}}]}},"_links":{"self":[{"href":"https:\/\/retta.fi\/sv\/wp-json\/wp\/v2\/pages\/44255","targetHints":{"allow":["GET"]}}],"collection":[{"href":"https:\/\/retta.fi\/sv\/wp-json\/wp\/v2\/pages"}],"about":[{"href":"https:\/\/retta.fi\/sv\/wp-json\/wp\/v2\/types\/page"}],"author":[{"embeddable":true,"href":"https:\/\/retta.fi\/sv\/wp-json\/wp\/v2\/users\/31"}],"replies":[{"embeddable":true,"href":"https:\/\/retta.fi\/sv\/wp-json\/wp\/v2\/comments?post=44255"}],"version-history":[{"count":2,"href":"https:\/\/retta.fi\/sv\/wp-json\/wp\/v2\/pages\/44255\/revisions"}],"predecessor-version":[{"id":44478,"href":"https:\/\/retta.fi\/sv\/wp-json\/wp\/v2\/pages\/44255\/revisions\/44478"}],"up":[{"embeddable":true,"href":"https:\/\/retta.fi\/sv\/wp-json\/wp\/v2\/pages\/44244"}],"wp:attachment":[{"href":"https:\/\/retta.fi\/sv\/wp-json\/wp\/v2\/media?parent=44255"}],"curies":[{"name":"wp","href":"https:\/\/api.w.org\/{rel}","templated":true}]}}