{"id":44244,"date":"2024-11-10T18:18:01","date_gmt":"2024-11-10T16:18:01","guid":{"rendered":"https:\/\/retta.fi\/jobba-for-oss\/toimenkuvat-retta-isannoinnissa\/"},"modified":"2024-12-16T22:00:18","modified_gmt":"2024-12-16T20:00:18","slug":"arbetsbeskrivningar-pa-retta-isannointi","status":"publish","type":"page","link":"https:\/\/retta.fi\/sv\/jobba-for-oss\/arbetsbeskrivningar-pa-retta-isannointi\/","title":{"rendered":"Arbetsbeskrivningar i Retta Is\u00e4nn\u00f6inti"},"content":{"rendered":"<section id=\"acf-block-63875a7305be8\" class=\"block block-hero container-fluid ct-darkgreen bg-darkgreen \">\n        <div class=\"container\">\n        <div class=\"row\">\n            <div class=\"col-12 col-lg-8 hero-content-col\">\n                <div class=\"hero-content\">\n                    \n\n<h1 class=\"wp-block-heading\">Arbetsbeskrivningar i <em>Retta Is\u00e4nn\u00f6inti<\/em><\/h1>\n\n\n                <\/div>\n            <\/div>\n        <\/div>\n    <\/div>\n<\/section>\n\n\n\n<section id=\"acf-block-63875a7305c09\"    class=\"block block-image-and-content container-fluid default-bg has-bg-pattern\">\n    <div class=\"container\">\n        <div class=\"row justify-content-between\">\n            <div class=\"col-12 col-lg-6  img-col\">\n                <div class=\"wp-block-image\">\n                    <div class=\"alignleft\"><img decoding=\"async\" src=\"https:\/\/retta.fi\/wp-content\/uploads\/2024\/11\/Kuusamo_toimistokuva_pieni.jpg\" width=\"864\" height=\"576\" alt=\"\" loading=\"lazy\"><\/div>\n                <\/div>\n            <\/div>\n            <div class=\"col-12 col-lg-5\">\n                <main class=\"entry-content\">\n                    \n\n<p class=\"is-style-lead\">Disponenttj\u00e4nsten en expertj\u00e4nst som ett disponentbolag erbjuder bostadsbolag.<\/p>\n\n\n\n<p>Ett disponentbolag ansvarar f\u00f6r bostadsbolagets administration, ekonomi, boendetj\u00e4nster och sk\u00f6tsel av fastigheten. I Finland finns det cirka 1 200 disponetbolag, och typiska disponentbolag sm\u00e5 kontor med cirka 3\u20135 anst\u00e4llda.<br><br>Finlands st\u00f6rsta f\u00f6retag som erbjuder disponenttj\u00e4nster \u00e4r Retta Is\u00e4nn\u00f6inti. Retta har ett n\u00e4tverk p\u00e5 \u00f6ver 40 kontor och syssels\u00e4tter cirka 650 experter inom disponentbranschen..<br><br>Som ett stort f\u00f6retag inom branschen erbjuder Retta sina anst\u00e4llda moderna arbetsverktyg och informationssystem, omfattande bakgrundsst\u00f6d f\u00f6r arbetet, motiverande utbildnings- och utvecklingsm\u00f6jligheter samt personalf\u00f6rm\u00e5ner som fr\u00e4mjar v\u00e4lm\u00e5ende.<\/p>\n\n\n\n<p>P\u00e5 Retta kan du arbeta som t.ex. disponent, teknisk disponent, kontorsdisponent, serviceexpert eller bokf\u00f6rare.<br><br>Ansvaret f\u00f6r f\u00f6rvaltningen av en bostadsbolag ligger alltid hos ett serviceteam som best\u00e5r av ovann\u00e4mnda experter. Det lokala disponentens har allts\u00e5 alltid st\u00f6d av ett lokalt team plus ett nationellt team av experter. P\u00e5 s\u00e5 s\u00e4tt s\u00e4kerst\u00e4ller vi att v\u00e5ra kunder f\u00e5r de b\u00e4sta m\u00f6jliga tj\u00e4nsterna under hela fastighetens livscykel och att disponenten f\u00e5r det b\u00e4sta m\u00f6jliga st\u00f6det i sitt arebete.<\/p>\n\n\n                <\/main>\n            <\/div>\n        <\/div>\n    <\/div>\n<\/section>","protected":false},"excerpt":{"rendered":"<p>Fastighetsf\u00f6rvaltning \u00e4r en expertj\u00e4nst som ett fastighetsf\u00f6rvaltningsf\u00f6retag tillhandah\u00e5ller till en bostadsr\u00e4ttsf\u00f6rening.<\/p>\n","protected":false},"author":31,"featured_media":43087,"parent":42601,"menu_order":0,"comment_status":"closed","ping_status":"closed","template":"","meta":{"_acf_changed":false,"_relevanssi_hide_post":"","_relevanssi_hide_content":"","_relevanssi_pin_for_all":"","_relevanssi_pin_keywords":"","_relevanssi_unpin_keywords":"","_relevanssi_related_keywords":"","_relevanssi_related_include_ids":"","_relevanssi_related_exclude_ids":"","_relevanssi_related_no_append":"","_relevanssi_related_not_related":"","_relevanssi_related_posts":"3838,20539,3320,3260,3222,3304","_relevanssi_noindex_reason":"","footnotes":""},"class_list":["post-44244","page","type-page","status-publish","has-post-thumbnail","hentry"],"acf":[],"yoast_head":"<!-- This site is optimized with the Yoast SEO plugin v27.1.1 - https:\/\/yoast.com\/product\/yoast-seo-wordpress\/ -->\n<title>Arbetsbeskrivningar i Retta Is\u00e4nn\u00f6inti - Retta<\/title>\n<meta name=\"description\" content=\"Fastighetsf\u00f6rvaltning \u00e4r en expertj\u00e4nst som ett fastighetsf\u00f6rvaltningsf\u00f6retag tillhandah\u00e5ller till en bostadsr\u00e4ttsf\u00f6rening.\" \/>\n<meta name=\"robots\" content=\"index, follow, max-snippet:-1, max-image-preview:large, max-video-preview:-1\" \/>\n<link rel=\"canonical\" href=\"https:\/\/retta.fi\/sv\/jobba-for-oss\/arbetsbeskrivningar-pa-retta-isannointi\/\" \/>\n<meta property=\"og:locale\" content=\"sv_SE\" \/>\n<meta property=\"og:type\" content=\"article\" \/>\n<meta property=\"og:title\" content=\"Arbetsbeskrivningar i Retta Is\u00e4nn\u00f6inti - Retta\" \/>\n<meta property=\"og:description\" content=\"Fastighetsf\u00f6rvaltning \u00e4r en expertj\u00e4nst som ett fastighetsf\u00f6rvaltningsf\u00f6retag tillhandah\u00e5ller till en bostadsr\u00e4ttsf\u00f6rening.\" \/>\n<meta property=\"og:url\" content=\"https:\/\/retta.fi\/sv\/jobba-for-oss\/arbetsbeskrivningar-pa-retta-isannointi\/\" \/>\n<meta property=\"og:site_name\" content=\"Retta\" \/>\n<meta property=\"article:modified_time\" content=\"2024-12-16T20:00:18+00:00\" \/>\n<meta property=\"og:image\" content=\"https:\/\/retta.fi\/wp-content\/uploads\/2024\/11\/Kuusamo_toimistokuva_pieni.jpg\" \/>\n\t<meta property=\"og:image:width\" content=\"1728\" \/>\n\t<meta property=\"og:image:height\" content=\"1152\" \/>\n\t<meta property=\"og:image:type\" content=\"image\/jpeg\" \/>\n<meta name=\"twitter:card\" content=\"summary_large_image\" \/>\n<script type=\"application\/ld+json\" class=\"yoast-schema-graph\">{\"@context\":\"https:\/\/schema.org\",\"@graph\":[{\"@type\":\"WebPage\",\"@id\":\"https:\/\/retta.fi\/sv\/jobba-for-oss\/arbetsbeskrivningar-pa-retta-isannointi\/\",\"url\":\"https:\/\/retta.fi\/sv\/jobba-for-oss\/arbetsbeskrivningar-pa-retta-isannointi\/\",\"name\":\"Arbetsbeskrivningar i Retta Is\u00e4nn\u00f6inti - Retta\",\"isPartOf\":{\"@id\":\"https:\/\/retta.fi\/sv\/#website\"},\"primaryImageOfPage\":{\"@id\":\"https:\/\/retta.fi\/sv\/jobba-for-oss\/arbetsbeskrivningar-pa-retta-isannointi\/#primaryimage\"},\"image\":{\"@id\":\"https:\/\/retta.fi\/sv\/jobba-for-oss\/arbetsbeskrivningar-pa-retta-isannointi\/#primaryimage\"},\"thumbnailUrl\":\"https:\/\/retta.fi\/wp-content\/uploads\/2024\/11\/Kuusamo_toimistokuva_pieni.jpg\",\"datePublished\":\"2024-11-10T16:18:01+00:00\",\"dateModified\":\"2024-12-16T20:00:18+00:00\",\"description\":\"Fastighetsf\u00f6rvaltning \u00e4r en expertj\u00e4nst som ett fastighetsf\u00f6rvaltningsf\u00f6retag tillhandah\u00e5ller till en bostadsr\u00e4ttsf\u00f6rening.\",\"breadcrumb\":{\"@id\":\"https:\/\/retta.fi\/sv\/jobba-for-oss\/arbetsbeskrivningar-pa-retta-isannointi\/#breadcrumb\"},\"inLanguage\":\"sv-SE\",\"potentialAction\":[{\"@type\":\"ReadAction\",\"target\":[\"https:\/\/retta.fi\/sv\/jobba-for-oss\/arbetsbeskrivningar-pa-retta-isannointi\/\"]}]},{\"@type\":\"ImageObject\",\"inLanguage\":\"sv-SE\",\"@id\":\"https:\/\/retta.fi\/sv\/jobba-for-oss\/arbetsbeskrivningar-pa-retta-isannointi\/#primaryimage\",\"url\":\"https:\/\/retta.fi\/wp-content\/uploads\/2024\/11\/Kuusamo_toimistokuva_pieni.jpg\",\"contentUrl\":\"https:\/\/retta.fi\/wp-content\/uploads\/2024\/11\/Kuusamo_toimistokuva_pieni.jpg\",\"width\":1728,\"height\":1152},{\"@type\":\"BreadcrumbList\",\"@id\":\"https:\/\/retta.fi\/sv\/jobba-for-oss\/arbetsbeskrivningar-pa-retta-isannointi\/#breadcrumb\",\"itemListElement\":[{\"@type\":\"ListItem\",\"position\":1,\"name\":\"Framsida\",\"item\":\"https:\/\/retta.fi\/sv\/\"},{\"@type\":\"ListItem\",\"position\":2,\"name\":\"Jobba f\u00f6r oss\",\"item\":\"https:\/\/retta.fi\/sv\/jobba-for-oss\/\"},{\"@type\":\"ListItem\",\"position\":3,\"name\":\"Arbetsbeskrivningar i Retta Is\u00e4nn\u00f6inti\"}]},{\"@type\":\"WebSite\",\"@id\":\"https:\/\/retta.fi\/sv\/#website\",\"url\":\"https:\/\/retta.fi\/sv\/\",\"name\":\"Retta\",\"description\":\"\",\"publisher\":{\"@id\":\"https:\/\/retta.fi\/sv\/#organization\"},\"potentialAction\":[{\"@type\":\"SearchAction\",\"target\":{\"@type\":\"EntryPoint\",\"urlTemplate\":\"https:\/\/retta.fi\/sv\/?s={search_term_string}\"},\"query-input\":{\"@type\":\"PropertyValueSpecification\",\"valueRequired\":true,\"valueName\":\"search_term_string\"}}],\"inLanguage\":\"sv-SE\"},{\"@type\":\"Organization\",\"@id\":\"https:\/\/retta.fi\/sv\/#organization\",\"name\":\"Retta\",\"url\":\"https:\/\/retta.fi\/sv\/\",\"logo\":{\"@type\":\"ImageObject\",\"inLanguage\":\"sv-SE\",\"@id\":\"https:\/\/retta.fi\/sv\/#\/schema\/logo\/image\/\",\"url\":\"https:\/\/retta.fi\/wp-content\/uploads\/2022\/04\/retta_somejako.png\",\"contentUrl\":\"https:\/\/retta.fi\/wp-content\/uploads\/2022\/04\/retta_somejako.png\",\"width\":1200,\"height\":630,\"caption\":\"Retta\"},\"image\":{\"@id\":\"https:\/\/retta.fi\/sv\/#\/schema\/logo\/image\/\"}}]}<\/script>\n<!-- \/ Yoast SEO plugin. -->","yoast_head_json":{"title":"Arbetsbeskrivningar i Retta Is\u00e4nn\u00f6inti - Retta","description":"Fastighetsf\u00f6rvaltning \u00e4r en expertj\u00e4nst som ett fastighetsf\u00f6rvaltningsf\u00f6retag tillhandah\u00e5ller till en bostadsr\u00e4ttsf\u00f6rening.","robots":{"index":"index","follow":"follow","max-snippet":"max-snippet:-1","max-image-preview":"max-image-preview:large","max-video-preview":"max-video-preview:-1"},"canonical":"https:\/\/retta.fi\/sv\/jobba-for-oss\/arbetsbeskrivningar-pa-retta-isannointi\/","og_locale":"sv_SE","og_type":"article","og_title":"Arbetsbeskrivningar i Retta Is\u00e4nn\u00f6inti - Retta","og_description":"Fastighetsf\u00f6rvaltning \u00e4r en expertj\u00e4nst som ett fastighetsf\u00f6rvaltningsf\u00f6retag tillhandah\u00e5ller till en bostadsr\u00e4ttsf\u00f6rening.","og_url":"https:\/\/retta.fi\/sv\/jobba-for-oss\/arbetsbeskrivningar-pa-retta-isannointi\/","og_site_name":"Retta","article_modified_time":"2024-12-16T20:00:18+00:00","og_image":[{"width":1728,"height":1152,"url":"https:\/\/retta.fi\/wp-content\/uploads\/2024\/11\/Kuusamo_toimistokuva_pieni.jpg","type":"image\/jpeg"}],"twitter_card":"summary_large_image","schema":{"@context":"https:\/\/schema.org","@graph":[{"@type":"WebPage","@id":"https:\/\/retta.fi\/sv\/jobba-for-oss\/arbetsbeskrivningar-pa-retta-isannointi\/","url":"https:\/\/retta.fi\/sv\/jobba-for-oss\/arbetsbeskrivningar-pa-retta-isannointi\/","name":"Arbetsbeskrivningar i Retta Is\u00e4nn\u00f6inti - Retta","isPartOf":{"@id":"https:\/\/retta.fi\/sv\/#website"},"primaryImageOfPage":{"@id":"https:\/\/retta.fi\/sv\/jobba-for-oss\/arbetsbeskrivningar-pa-retta-isannointi\/#primaryimage"},"image":{"@id":"https:\/\/retta.fi\/sv\/jobba-for-oss\/arbetsbeskrivningar-pa-retta-isannointi\/#primaryimage"},"thumbnailUrl":"https:\/\/retta.fi\/wp-content\/uploads\/2024\/11\/Kuusamo_toimistokuva_pieni.jpg","datePublished":"2024-11-10T16:18:01+00:00","dateModified":"2024-12-16T20:00:18+00:00","description":"Fastighetsf\u00f6rvaltning \u00e4r en expertj\u00e4nst som ett fastighetsf\u00f6rvaltningsf\u00f6retag tillhandah\u00e5ller till en bostadsr\u00e4ttsf\u00f6rening.","breadcrumb":{"@id":"https:\/\/retta.fi\/sv\/jobba-for-oss\/arbetsbeskrivningar-pa-retta-isannointi\/#breadcrumb"},"inLanguage":"sv-SE","potentialAction":[{"@type":"ReadAction","target":["https:\/\/retta.fi\/sv\/jobba-for-oss\/arbetsbeskrivningar-pa-retta-isannointi\/"]}]},{"@type":"ImageObject","inLanguage":"sv-SE","@id":"https:\/\/retta.fi\/sv\/jobba-for-oss\/arbetsbeskrivningar-pa-retta-isannointi\/#primaryimage","url":"https:\/\/retta.fi\/wp-content\/uploads\/2024\/11\/Kuusamo_toimistokuva_pieni.jpg","contentUrl":"https:\/\/retta.fi\/wp-content\/uploads\/2024\/11\/Kuusamo_toimistokuva_pieni.jpg","width":1728,"height":1152},{"@type":"BreadcrumbList","@id":"https:\/\/retta.fi\/sv\/jobba-for-oss\/arbetsbeskrivningar-pa-retta-isannointi\/#breadcrumb","itemListElement":[{"@type":"ListItem","position":1,"name":"Framsida","item":"https:\/\/retta.fi\/sv\/"},{"@type":"ListItem","position":2,"name":"Jobba f\u00f6r oss","item":"https:\/\/retta.fi\/sv\/jobba-for-oss\/"},{"@type":"ListItem","position":3,"name":"Arbetsbeskrivningar i Retta Is\u00e4nn\u00f6inti"}]},{"@type":"WebSite","@id":"https:\/\/retta.fi\/sv\/#website","url":"https:\/\/retta.fi\/sv\/","name":"Retta","description":"","publisher":{"@id":"https:\/\/retta.fi\/sv\/#organization"},"potentialAction":[{"@type":"SearchAction","target":{"@type":"EntryPoint","urlTemplate":"https:\/\/retta.fi\/sv\/?s={search_term_string}"},"query-input":{"@type":"PropertyValueSpecification","valueRequired":true,"valueName":"search_term_string"}}],"inLanguage":"sv-SE"},{"@type":"Organization","@id":"https:\/\/retta.fi\/sv\/#organization","name":"Retta","url":"https:\/\/retta.fi\/sv\/","logo":{"@type":"ImageObject","inLanguage":"sv-SE","@id":"https:\/\/retta.fi\/sv\/#\/schema\/logo\/image\/","url":"https:\/\/retta.fi\/wp-content\/uploads\/2022\/04\/retta_somejako.png","contentUrl":"https:\/\/retta.fi\/wp-content\/uploads\/2022\/04\/retta_somejako.png","width":1200,"height":630,"caption":"Retta"},"image":{"@id":"https:\/\/retta.fi\/sv\/#\/schema\/logo\/image\/"}}]}},"_links":{"self":[{"href":"https:\/\/retta.fi\/sv\/wp-json\/wp\/v2\/pages\/44244","targetHints":{"allow":["GET"]}}],"collection":[{"href":"https:\/\/retta.fi\/sv\/wp-json\/wp\/v2\/pages"}],"about":[{"href":"https:\/\/retta.fi\/sv\/wp-json\/wp\/v2\/types\/page"}],"author":[{"embeddable":true,"href":"https:\/\/retta.fi\/sv\/wp-json\/wp\/v2\/users\/31"}],"replies":[{"embeddable":true,"href":"https:\/\/retta.fi\/sv\/wp-json\/wp\/v2\/comments?post=44244"}],"version-history":[{"count":7,"href":"https:\/\/retta.fi\/sv\/wp-json\/wp\/v2\/pages\/44244\/revisions"}],"predecessor-version":[{"id":44476,"href":"https:\/\/retta.fi\/sv\/wp-json\/wp\/v2\/pages\/44244\/revisions\/44476"}],"up":[{"embeddable":true,"href":"https:\/\/retta.fi\/sv\/wp-json\/wp\/v2\/pages\/42601"}],"wp:featuredmedia":[{"embeddable":true,"href":"https:\/\/retta.fi\/sv\/wp-json\/wp\/v2\/media\/43087"}],"wp:attachment":[{"href":"https:\/\/retta.fi\/sv\/wp-json\/wp\/v2\/media?parent=44244"}],"curies":[{"name":"wp","href":"https:\/\/api.w.org\/{rel}","templated":true}]}}