{"id":44231,"date":"2024-11-10T17:41:35","date_gmt":"2024-11-10T15:41:35","guid":{"rendered":"https:\/\/retta.fi\/jobba-for-oss\/henkilostoedut\/"},"modified":"2024-12-16T21:07:17","modified_gmt":"2024-12-16T19:07:17","slug":"personalformaner","status":"publish","type":"page","link":"https:\/\/retta.fi\/sv\/jobba-for-oss\/personalformaner\/","title":{"rendered":"Personalf\u00f6rm\u00e5ner"},"content":{"rendered":"<section id=\"acf-block-63875a7305be8\" class=\"block block-hero container-fluid ct-darkgreen bg-darkgreen \">\n        <div class=\"container\">\n        <div class=\"row\">\n            <div class=\"col-12 col-lg-8 hero-content-col\">\n                <div class=\"hero-content\">\n                    \n\n<h1 class=\"wp-block-heading\">Personalf\u00f6rm\u00e5ner \u2013 <em>v\u00e4lm\u00e5ende och f\u00f6rnyelse<\/em><\/h1>\n\n\n                <\/div>\n            <\/div>\n        <\/div>\n    <\/div>\n<\/section>\n\n\n\n<section id=\"acf-block-63875a7305c09\"    class=\"block block-image-and-content container-fluid default-bg has-bg-pattern\">\n    <div class=\"container\">\n        <div class=\"row justify-content-between\">\n            <div class=\"col-12 col-lg-6  img-col\">\n                <div class=\"wp-block-image\">\n                    <div class=\"alignleft\"><img decoding=\"async\" src=\"https:\/\/retta.fi\/wp-content\/uploads\/2024\/07\/36.png\" width=\"864\" height=\"477\" alt=\"\" loading=\"lazy\"><\/div>\n                <\/div>\n            <\/div>\n            <div class=\"col-12 col-lg-5\">\n                <main class=\"entry-content\">\n                    \n\n<p>Retta Is\u00e4nn\u00f6inti erbjuder en arbetsplats d\u00e4r st\u00e4ndig utveckling, ansvarstagande och f\u00f6rnyelse inom disponentbranschen \u00e4r grunden f\u00f6r arbetet.<\/p>\n\n\n\n<p><br>Som medarbetare p\u00e5 Retta Is\u00e4nn\u00f6inti blir du en del av ett kompetent och utvecklingsinriktat arbetslag d\u00e4r alla kollegor behandlas med respekt. Vi arbetar som ett team, v\u00e4rdes\u00e4tter varandra och gl\u00e4ds \u00e5t v\u00e5ra framg\u00e5ngar.<\/p>\n\n\n\n<p><br>Som ett nationellt f\u00f6retag erbjuder vi varierande arbetsuppgifter, m\u00f6jligheter till karri\u00e4rutveckling och st\u00f6d av kunniga kollegor. Nedan hittar du en mer detaljerad beskrivning av v\u00e5ra personalf\u00f6rm\u00e5ner.<\/p>\n\n\n\n<div class=\"wp-block-buttons is-content-justification-left is-layout-flex wp-container-core-buttons-is-layout-fdcfc74e wp-block-buttons-is-layout-flex\"><\/div>\n\n\n                <\/main>\n            <\/div>\n        <\/div>\n    <\/div>\n<\/section>\n\n\n<section id=\"acf-block-6730d83e59f34\" class=\"block block-two-innerblocks container-fluid ct-beige bg-beige \">\n    <div class=\"container\">\n        <div class=\"row justify-content-between\">\n            \n<div class=\"block-innerblocks-container-narrow col-12 col-lg-5 entry-content\">\n    \n\n<h2 class=\"wp-block-heading\">H\u00e4lsa och v\u00e4lm\u00e5ende<\/h2>\n\n\n<\/div>\n\n\n<div class=\"block-innerblocks-container col-12 col-lg-6 entry-content\">\n    \n\n<p>Vi vill att arbetet ska vara en meningsfull del av livet f\u00f6r alla Rettas medarbetare och bidra till \u00f6kad livskvalitet. Ut\u00f6ver ett smidigt arbete, en trivsam arbetsmilj\u00f6 och en inspirerande arbetsgemenskap st\u00f6djer vi ditt v\u00e4lm\u00e5ende och din h\u00e4lsa genom olika f\u00f6rm\u00e5ner.<\/p>\n\n\n\n<p>Vi arrangerar regelbundet kampanjer g\u00e4llande v\u00e4lm\u00e5ender som erbjuder Rettas personal olika verktyg och metoder f\u00f6r att st\u00e4rka sin h\u00e4lsa.<\/p>\n\n\n\n<p>Vi erbjuder v\u00e5ra medarbetare en mer omfattande f\u00f6retagsh\u00e4lsov\u00e5rd \u00e4n vad som kr\u00e4vs enligt lag. Tj\u00e4nsterna inkluderar allm\u00e4n l\u00e4karv\u00e5rd, unders\u00f6kningar samt tj\u00e4nster inom arbetsh\u00e4lsopsykologi och arbetsergonomi.<\/p>\n\n\n\n<p>Rettas medarbetare har ocks\u00e5 tillg\u00e5ng till lunchf\u00f6rm\u00e5n samt friskv\u00e5rdsbidrag som kan anv\u00e4ndas till \u00f6nskade tr\u00e4nings-, kultur-, v\u00e4lbefinnande- eller h\u00e4lsotj\u00e4nster.<\/p>\n\n\n\n<p>Vi arbetar aktivt f\u00f6r att st\u00e4rka v\u00e4lm\u00e5endet i arbetsgemenskapen \u00e4ven p\u00e5 team- och kontorsniv\u00e5 genom att organisera m\u00e5ngsidig gemensam fritidsverksamhet \u00e5rligen.<\/p>\n\n\n<\/div>\n\n        <\/div>\n    <\/div>\n<\/section>\n\n\n<div style=\"height:9px\" aria-hidden=\"true\" class=\"wp-block-spacer\"><\/div>\n\n\n\n<section id=\"acf-block-6730d83e59f83\" class=\"block block-two-innerblocks container-fluid ct-beige bg-beige \">\n    <div class=\"container\">\n        <div class=\"row justify-content-between\">\n            \n<div class=\"block-innerblocks-container-narrow col-12 col-lg-5 entry-content\">\n    \n\n<h2 class=\"wp-block-heading\">Flexibelt, effektivt och utvecklande arbete<\/h2>\n\n\n<\/div>\n\n\n<div class=\"block-innerblocks-container col-12 col-lg-6 entry-content\">\n    \n\n<p>I linje med v\u00e5ra v\u00e4rderingar f\u00f6rnyar vi oss modigt. Vi f\u00f6rnyar ocks\u00e5 v\u00e5ra arbetss\u00e4tt och utvecklar kontinuerligt v\u00e5ra arbetss\u00e4tt och verktyg.<\/p>\n\n\n\n<p>Vi arbetar enligt en flexibel arbetsmodell som inneb\u00e4r en kombination av distansarbete och arbete p\u00e5 kontoret, anpassat enligt uppgift. Hos oss kan du allts\u00e5 arbeta p\u00e5 distans i m\u00e5nga av v\u00e5ra tj\u00e4nster. Vi rekommenderar dock minst en teamdag i veckan f\u00f6r att teamet ska kunna tr\u00e4ffas!<\/p>\n\n\n\n<p>F\u00f6r oss inneb\u00e4r utveckling ocks\u00e5 kompetensutveckling. Vi st\u00f6djer Rettas yrkesgruppers l\u00e4rande och utveckling genom att bland annat organisera olika utbildningar, kurser och fortbildning som leder till examen eller beh\u00f6righet tillsammans med v\u00e5ra partners. Vi erbjuder \u00e4ven r ett brett utbud av interna utbildningar inom olika \u00e4mnen.<\/p>\n\n\n<\/div>\n\n        <\/div>\n    <\/div>\n<\/section>\n\n\n<div style=\"height:9px\" aria-hidden=\"true\" class=\"wp-block-spacer\"><\/div>\n\n\n\n<section id=\"acf-block-6730d83e59fc4\" class=\"block block-two-innerblocks container-fluid ct-beige bg-beige \">\n    <div class=\"container\">\n        <div class=\"row justify-content-between\">\n            \n<div class=\"block-innerblocks-container-narrow col-12 col-lg-5 entry-content\">\n    \n\n<h2 class=\"wp-block-heading\">Bel\u00f6ningar, uppskattning och andra f\u00f6rm\u00e5ner<\/h2>\n\n\n<\/div>\n\n\n<div class=\"block-innerblocks-container col-12 col-lg-6 entry-content\">\n    \n\n<p>I linje med v\u00e5r \u201dVi lyckas tillsammans\u201d-anda bel\u00f6nar vi v\u00e5ra medarbetare f\u00f6r olika aktiviteter som bidrar till att n\u00e5 v\u00e5ra gemensamma m\u00e5l.<\/p>\n\n\n\n<p>I Retta kan man kan bel\u00f6nas f\u00f6r exempelvis tips som leder till aff\u00e4rer eller rekryteringar.<\/p>\n\n\n\n<p>Genom v\u00e5ra partners har vi omfattande personalrabatter p\u00e5 bland annat tj\u00e4nster och produkter f\u00f6r hemmet, boende, fritid och v\u00e4lm\u00e5ende.<\/p>\n\n\n\n<p>Sj\u00e4lvklart uppm\u00e4rksammar vi ocks\u00e5 v\u00e5ra medarbetare vid olika jubileum, som t.ex. arbets\u00e5rsjubileum eller f\u00f6delsedagar.<\/p>\n\n\n\n<p>Dessutom kan anst\u00e4llningen inkludera r\u00e4tt till f\u00f6rm\u00e5ner som t.ex. tj\u00e4nstetelefon och tj\u00e4nstebil, d\u00e4r man kan v\u00e4lja en telefon eller bil som passar en b\u00e4st fr\u00e5n g\u00e4llande utbud och policy.<\/p>\n\n\n<\/div>\n\n        <\/div>\n    <\/div>\n<\/section>","protected":false},"excerpt":{"rendered":"","protected":false},"author":31,"featured_media":0,"parent":42601,"menu_order":0,"comment_status":"closed","ping_status":"closed","template":"","meta":{"_acf_changed":false,"_relevanssi_hide_post":"","_relevanssi_hide_content":"","_relevanssi_pin_for_all":"","_relevanssi_pin_keywords":"","_relevanssi_unpin_keywords":"","_relevanssi_related_keywords":"","_relevanssi_related_include_ids":"","_relevanssi_related_exclude_ids":"","_relevanssi_related_no_append":"","_relevanssi_related_not_related":"","_relevanssi_related_posts":"3838,20539,3320,3260,3222,3304","_relevanssi_noindex_reason":"","footnotes":""},"class_list":["post-44231","page","type-page","status-publish","hentry"],"acf":[],"yoast_head":"<!-- This site is optimized with the Yoast SEO plugin v27.1.1 - https:\/\/yoast.com\/product\/yoast-seo-wordpress\/ -->\n<title>Personalf\u00f6rm\u00e5ner - Retta<\/title>\n<meta name=\"description\" content=\"Retta tarjoaa monipuolisia kiinteist\u00f6alan ty\u00f6teht\u00e4vi\u00e4, joissa saat kehitty\u00e4 ja ottaa vastuuta. Tutustu avoimiin ty\u00f6paikkoihin!\" \/>\n<meta name=\"robots\" content=\"index, follow, max-snippet:-1, max-image-preview:large, max-video-preview:-1\" \/>\n<link rel=\"canonical\" href=\"https:\/\/retta.fi\/sv\/jobba-for-oss\/personalformaner\/\" \/>\n<meta property=\"og:locale\" content=\"sv_SE\" \/>\n<meta property=\"og:type\" content=\"article\" \/>\n<meta property=\"og:title\" content=\"Personalf\u00f6rm\u00e5ner - Retta\" \/>\n<meta property=\"og:description\" content=\"Retta tarjoaa monipuolisia kiinteist\u00f6alan ty\u00f6teht\u00e4vi\u00e4, joissa saat kehitty\u00e4 ja ottaa vastuuta. Tutustu avoimiin ty\u00f6paikkoihin!\" \/>\n<meta property=\"og:url\" content=\"https:\/\/retta.fi\/sv\/jobba-for-oss\/personalformaner\/\" \/>\n<meta property=\"og:site_name\" content=\"Retta\" \/>\n<meta property=\"article:modified_time\" content=\"2024-12-16T19:07:17+00:00\" \/>\n<meta property=\"og:image\" content=\"https:\/\/retta.fi\/wp-content\/uploads\/2022\/04\/retta_somejako.png\" \/>\n\t<meta property=\"og:image:width\" content=\"1200\" \/>\n\t<meta property=\"og:image:height\" content=\"630\" \/>\n\t<meta property=\"og:image:type\" content=\"image\/png\" \/>\n<meta name=\"twitter:card\" content=\"summary_large_image\" \/>\n<script type=\"application\/ld+json\" class=\"yoast-schema-graph\">{\"@context\":\"https:\/\/schema.org\",\"@graph\":[{\"@type\":\"WebPage\",\"@id\":\"https:\/\/retta.fi\/sv\/jobba-for-oss\/personalformaner\/\",\"url\":\"https:\/\/retta.fi\/sv\/jobba-for-oss\/personalformaner\/\",\"name\":\"Personalf\u00f6rm\u00e5ner - Retta\",\"isPartOf\":{\"@id\":\"https:\/\/retta.fi\/sv\/#website\"},\"datePublished\":\"2024-11-10T15:41:35+00:00\",\"dateModified\":\"2024-12-16T19:07:17+00:00\",\"description\":\"Retta tarjoaa monipuolisia kiinteist\u00f6alan ty\u00f6teht\u00e4vi\u00e4, joissa saat kehitty\u00e4 ja ottaa vastuuta. Tutustu avoimiin ty\u00f6paikkoihin!\",\"breadcrumb\":{\"@id\":\"https:\/\/retta.fi\/sv\/jobba-for-oss\/personalformaner\/#breadcrumb\"},\"inLanguage\":\"sv-SE\",\"potentialAction\":[{\"@type\":\"ReadAction\",\"target\":[\"https:\/\/retta.fi\/sv\/jobba-for-oss\/personalformaner\/\"]}]},{\"@type\":\"BreadcrumbList\",\"@id\":\"https:\/\/retta.fi\/sv\/jobba-for-oss\/personalformaner\/#breadcrumb\",\"itemListElement\":[{\"@type\":\"ListItem\",\"position\":1,\"name\":\"Framsida\",\"item\":\"https:\/\/retta.fi\/sv\/\"},{\"@type\":\"ListItem\",\"position\":2,\"name\":\"Jobba f\u00f6r oss\",\"item\":\"https:\/\/retta.fi\/sv\/jobba-for-oss\/\"},{\"@type\":\"ListItem\",\"position\":3,\"name\":\"Personalf\u00f6rm\u00e5ner\"}]},{\"@type\":\"WebSite\",\"@id\":\"https:\/\/retta.fi\/sv\/#website\",\"url\":\"https:\/\/retta.fi\/sv\/\",\"name\":\"Retta\",\"description\":\"\",\"publisher\":{\"@id\":\"https:\/\/retta.fi\/sv\/#organization\"},\"potentialAction\":[{\"@type\":\"SearchAction\",\"target\":{\"@type\":\"EntryPoint\",\"urlTemplate\":\"https:\/\/retta.fi\/sv\/?s={search_term_string}\"},\"query-input\":{\"@type\":\"PropertyValueSpecification\",\"valueRequired\":true,\"valueName\":\"search_term_string\"}}],\"inLanguage\":\"sv-SE\"},{\"@type\":\"Organization\",\"@id\":\"https:\/\/retta.fi\/sv\/#organization\",\"name\":\"Retta\",\"url\":\"https:\/\/retta.fi\/sv\/\",\"logo\":{\"@type\":\"ImageObject\",\"inLanguage\":\"sv-SE\",\"@id\":\"https:\/\/retta.fi\/sv\/#\/schema\/logo\/image\/\",\"url\":\"https:\/\/retta.fi\/wp-content\/uploads\/2022\/04\/retta_somejako.png\",\"contentUrl\":\"https:\/\/retta.fi\/wp-content\/uploads\/2022\/04\/retta_somejako.png\",\"width\":1200,\"height\":630,\"caption\":\"Retta\"},\"image\":{\"@id\":\"https:\/\/retta.fi\/sv\/#\/schema\/logo\/image\/\"}}]}<\/script>\n<!-- \/ Yoast SEO plugin. -->","yoast_head_json":{"title":"Personalf\u00f6rm\u00e5ner - Retta","description":"Retta tarjoaa monipuolisia kiinteist\u00f6alan ty\u00f6teht\u00e4vi\u00e4, joissa saat kehitty\u00e4 ja ottaa vastuuta. Tutustu avoimiin ty\u00f6paikkoihin!","robots":{"index":"index","follow":"follow","max-snippet":"max-snippet:-1","max-image-preview":"max-image-preview:large","max-video-preview":"max-video-preview:-1"},"canonical":"https:\/\/retta.fi\/sv\/jobba-for-oss\/personalformaner\/","og_locale":"sv_SE","og_type":"article","og_title":"Personalf\u00f6rm\u00e5ner - Retta","og_description":"Retta tarjoaa monipuolisia kiinteist\u00f6alan ty\u00f6teht\u00e4vi\u00e4, joissa saat kehitty\u00e4 ja ottaa vastuuta. Tutustu avoimiin ty\u00f6paikkoihin!","og_url":"https:\/\/retta.fi\/sv\/jobba-for-oss\/personalformaner\/","og_site_name":"Retta","article_modified_time":"2024-12-16T19:07:17+00:00","og_image":[{"width":1200,"height":630,"url":"https:\/\/retta.fi\/wp-content\/uploads\/2022\/04\/retta_somejako.png","type":"image\/png"}],"twitter_card":"summary_large_image","schema":{"@context":"https:\/\/schema.org","@graph":[{"@type":"WebPage","@id":"https:\/\/retta.fi\/sv\/jobba-for-oss\/personalformaner\/","url":"https:\/\/retta.fi\/sv\/jobba-for-oss\/personalformaner\/","name":"Personalf\u00f6rm\u00e5ner - Retta","isPartOf":{"@id":"https:\/\/retta.fi\/sv\/#website"},"datePublished":"2024-11-10T15:41:35+00:00","dateModified":"2024-12-16T19:07:17+00:00","description":"Retta tarjoaa monipuolisia kiinteist\u00f6alan ty\u00f6teht\u00e4vi\u00e4, joissa saat kehitty\u00e4 ja ottaa vastuuta. Tutustu avoimiin ty\u00f6paikkoihin!","breadcrumb":{"@id":"https:\/\/retta.fi\/sv\/jobba-for-oss\/personalformaner\/#breadcrumb"},"inLanguage":"sv-SE","potentialAction":[{"@type":"ReadAction","target":["https:\/\/retta.fi\/sv\/jobba-for-oss\/personalformaner\/"]}]},{"@type":"BreadcrumbList","@id":"https:\/\/retta.fi\/sv\/jobba-for-oss\/personalformaner\/#breadcrumb","itemListElement":[{"@type":"ListItem","position":1,"name":"Framsida","item":"https:\/\/retta.fi\/sv\/"},{"@type":"ListItem","position":2,"name":"Jobba f\u00f6r oss","item":"https:\/\/retta.fi\/sv\/jobba-for-oss\/"},{"@type":"ListItem","position":3,"name":"Personalf\u00f6rm\u00e5ner"}]},{"@type":"WebSite","@id":"https:\/\/retta.fi\/sv\/#website","url":"https:\/\/retta.fi\/sv\/","name":"Retta","description":"","publisher":{"@id":"https:\/\/retta.fi\/sv\/#organization"},"potentialAction":[{"@type":"SearchAction","target":{"@type":"EntryPoint","urlTemplate":"https:\/\/retta.fi\/sv\/?s={search_term_string}"},"query-input":{"@type":"PropertyValueSpecification","valueRequired":true,"valueName":"search_term_string"}}],"inLanguage":"sv-SE"},{"@type":"Organization","@id":"https:\/\/retta.fi\/sv\/#organization","name":"Retta","url":"https:\/\/retta.fi\/sv\/","logo":{"@type":"ImageObject","inLanguage":"sv-SE","@id":"https:\/\/retta.fi\/sv\/#\/schema\/logo\/image\/","url":"https:\/\/retta.fi\/wp-content\/uploads\/2022\/04\/retta_somejako.png","contentUrl":"https:\/\/retta.fi\/wp-content\/uploads\/2022\/04\/retta_somejako.png","width":1200,"height":630,"caption":"Retta"},"image":{"@id":"https:\/\/retta.fi\/sv\/#\/schema\/logo\/image\/"}}]}},"_links":{"self":[{"href":"https:\/\/retta.fi\/sv\/wp-json\/wp\/v2\/pages\/44231","targetHints":{"allow":["GET"]}}],"collection":[{"href":"https:\/\/retta.fi\/sv\/wp-json\/wp\/v2\/pages"}],"about":[{"href":"https:\/\/retta.fi\/sv\/wp-json\/wp\/v2\/types\/page"}],"author":[{"embeddable":true,"href":"https:\/\/retta.fi\/sv\/wp-json\/wp\/v2\/users\/31"}],"replies":[{"embeddable":true,"href":"https:\/\/retta.fi\/sv\/wp-json\/wp\/v2\/comments?post=44231"}],"version-history":[{"count":9,"href":"https:\/\/retta.fi\/sv\/wp-json\/wp\/v2\/pages\/44231\/revisions"}],"predecessor-version":[{"id":44464,"href":"https:\/\/retta.fi\/sv\/wp-json\/wp\/v2\/pages\/44231\/revisions\/44464"}],"up":[{"embeddable":true,"href":"https:\/\/retta.fi\/sv\/wp-json\/wp\/v2\/pages\/42601"}],"wp:attachment":[{"href":"https:\/\/retta.fi\/sv\/wp-json\/wp\/v2\/media?parent=44231"}],"curies":[{"name":"wp","href":"https:\/\/api.w.org\/{rel}","templated":true}]}}