{"id":44214,"date":"2024-11-10T15:57:22","date_gmt":"2024-11-10T13:57:22","guid":{"rendered":"https:\/\/retta.fi\/jobba-for-oss\/retta-tyopaikkana\/"},"modified":"2024-12-17T11:36:30","modified_gmt":"2024-12-17T09:36:30","slug":"retta-som-arbetsplats","status":"publish","type":"page","link":"https:\/\/retta.fi\/sv\/jobba-for-oss\/retta-som-arbetsplats\/","title":{"rendered":"Retta som arbetsplats"},"content":{"rendered":"<section id=\"acf-block-63875a7305be8\" class=\"block block-hero container-fluid ct-darkgreen bg-darkgreen \">\n        <div class=\"container\">\n        <div class=\"row\">\n            <div class=\"col-12 col-lg-8 hero-content-col\">\n                <div class=\"hero-content\">\n                    \n\n<h1 class=\"wp-block-heading\">Retta som arbetsplats<\/h1>\n\n\n                <\/div>\n            <\/div>\n        <\/div>\n    <\/div>\n<\/section>\n\n\n\n<section id=\"acf-block-63875a7305c09\"    class=\"block block-image-and-content container-fluid default-bg has-bg-pattern\">\n    <div class=\"container\">\n        <div class=\"row justify-content-between\">\n            <div class=\"col-12 col-lg-6  img-col\">\n                <div class=\"wp-block-image\">\n                    <div class=\"alignleft\"><img decoding=\"async\" src=\"https:\/\/retta.fi\/wp-content\/uploads\/2024\/11\/iStock-1225034538-1920x1281.jpg\" width=\"864\" height=\"576\" alt=\"Rekry\" loading=\"lazy\"><\/div>\n                <\/div>\n            <\/div>\n            <div class=\"col-12 col-lg-5\">\n                <main class=\"entry-content\">\n                    \n\n<p class=\"is-style-lead\"><strong>Vi erbjuder m\u00e5ngsidiga arbetsuppgifter inom disponentbranschen.<\/strong> V\u00e5rt f\u00f6retag har \u00f6ver 600 experter runt om i Finland.<\/p>\n\n\n\n<p>Vi s\u00f6ker kontinuerligt nya experter inom olika omr\u00e5den, s\u00e5som disponenter, ekonomer, kundtj\u00e4nstspecialister och kontorsdisponenter. Vi erbjuder \u00e4ven praktikplatser f\u00f6r studerande inom t.ex. disponenttj\u00e4nster och ekonomi. Oavsett om du \u00e4r en erfaren expert eller i b\u00f6rjan av din karri\u00e4r, \u00e4r du v\u00e4lkommen till oss.<\/p>\n\n\n\n<p>Retta Is\u00e4nn\u00f6inti \u00e4r en arbetsplats som v\u00e4rdes\u00e4tter j\u00e4mlikhet och m\u00e5ngfald. Vi behandlar v\u00e5ra kollegor och kunder med respekt. Alla \u00e4r v\u00e4lkomna, oavsett k\u00f6n, \u00e5lder, kulturell bakgrund eller etnisk tillh\u00f6righet. I alla v\u00e5ra beslut och verksamheter f\u00f6ljer vi principen om icke-diskriminering och vi st\u00f6der den m\u00e5ngfald som olika bakgrunder och perspektiv ger v\u00e5r organisation.<\/p>\n\n\n\n<div class=\"wp-block-buttons is-content-justification-left is-layout-flex wp-container-core-buttons-is-layout-fdcfc74e wp-block-buttons-is-layout-flex\"><\/div>\n\n\n                <\/main>\n            <\/div>\n        <\/div>\n    <\/div>\n<\/section>\n\n\n<section id=\"acf-block-63875a7305c9f\" class=\"block block-two-innerblocks container-fluid ct-beige bg-beige \">\n    <div class=\"container\">\n        <div class=\"row justify-content-between\">\n            \n<div class=\"block-innerblocks-container-narrow col-12 col-lg-5 entry-content\">\n    \n\n<h2 class=\"wp-block-heading\" id=\"avoimet-tyopaikat\"><strong>Lediga tj\u00e4nster<\/strong><\/h2>\n\n\n\n<p>Vi erbjuder m\u00e5ngsidiga arbetsuppgifter inom disponentbranschen. V\u00e5ra lediga tj\u00e4nster uppdateras l\u00f6pande i tabellen h\u00e4r bredvid. Observera att listan f\u00f6r tillf\u00e4llet inkluderar \u00e4ven lediga tj\u00e4nster hos Retta Management och Huoneistokeskus.<\/p>\n\n\n\n<p>Du kan ocks\u00e5 anm\u00e4la dig till jobbvakten om du vill bli informerad om nya lediga tj\u00e4nster som matchar dina \u00f6nskem\u00e5l.<\/p>\n\n\n\n<div class=\"wp-block-buttons is-layout-flex wp-block-buttons-is-layout-flex\">\n<div class=\"wp-block-button\"><a class=\"wp-block-button__link has-darkgreen-background-color has-background wp-element-button\" href=\"https:\/\/web103.reachmee.com\/ext\/I021\/1872\/subscribe?site=9&amp;lang=FI&amp;validator=3754c7ff3569ca85d74613a6d58a9e2f\" target=\"_blank\" rel=\"noreferrer noopener\">Best\u00e4ll jobbvakten<\/a><\/div>\n<\/div>\n\n\n<\/div>\n\n\n<div class=\"block-innerblocks-container col-12 col-lg-6 entry-content\">\n    \n\n\n<div class=\"element block-job-list\">\n\n        <p><strong>Ei avoimia ty\u00f6paikkoja t\u00e4ll\u00e4 hetkell\u00e4.<\/strong><\/p>\n    <\/div>\n<script type=\"text\/javascript\">\nfunction retta_reachmee_job_list_tracking() {\n    \/\/ console.log(\"reachmee_insights_track_job_list_view\");\n    window.reachmee_insights_track_job_list_view();\n}\n<\/script>\n<script defer type=\"text\/plain\" class=\"optanon-category-C0002\" onload=\"retta_reachmee_job_list_tracking()\"\n    src=\"https:\/\/web103.reachmee.com\/customerjs\/v1\/tracking.js?customer=1872&#038;site=9\">\n<\/script>\n<script defer type=\"text\/plain\" class=\"optanon-category-C0002\" type=\"text\/javascript\">\n    !function(b,c,f,g,h,i,j){b[h]||(b[h]=function(){(b[h].q=b[h].q||[]).push(arguments)},b[h].q=b[h].q||[],i=c.createElement(f),j=c.getElementsByTagName(f)[0],i.async=1,i.src=g,j.parentNode.insertBefore(i,j))}(window,document,\"script\",\"https:\/\/cdn.ontame.io\/realia.js\",\"ontame\");\n<\/script>\n\n<\/div>\n\n        <\/div>\n    <\/div>\n<\/section>\n\n\n<section id=\"acf-block-63875a7305cd9\" class=\"block block-content-list container-fluid \">\n        <div class=\"container title-container\">\n        <div class=\"row\">\n            <div class=\"col-12 col-lg-7 title-col\">\n                <h2>\u00d6ppen ans\u00f6kan och praktikplatser<\/h2>\n            <\/div>\n        <\/div>\n    <\/div>\n        \n\n<div class=\"element block-content-list-item\">\n    <div class=\"container item-container has-border\">\n        <div class=\"row justify-content-between\">\n            <div class=\"col-12 col-lg-5 img-col entry-content\">\n                                <img decoding=\"async\" src=\"https:\/\/retta.fi\/wp-content\/uploads\/2024\/09\/suomen_taloyhtiot_kuntoon_hero_nostokuva_3-632x474.webp\" width=\"632\" height=\"474\" class=\"content-list-item-img\" alt=\"\" loading=\"lazy\">                            <\/div>\n            <div class=\"col-12 col-lg-6\">\n                <main class=\"entry-content\">\n                    \n\n<p>Vi erbjuder praktikplatser f\u00f6r studerande inom bl.a. disponenttj\u00e4nster och ekonomi. Hos oss arbetar det kontinuerligt praktikanter runt om i Finland. Vi str\u00e4var till att anst\u00e4lla en stor del av v\u00e5ra praktikanter efter avslutad praktikperiod.<br><\/p>\n\n\n\n<p>V\u00e4nligen ange i din ans\u00f6kan mer information om dina studier samt vilken tidsperiod du s\u00f6ker praktikplats f\u00f6r. Vi kontaktar dig om vi hittar en l\u00e4mplig praktikplats f\u00f6r dig.<\/p>\n\n\n\n<div class=\"wp-block-buttons is-layout-flex wp-block-buttons-is-layout-flex\">\n<div class=\"wp-block-button\"><a class=\"wp-block-button__link has-darkgreen-background-color has-background wp-element-button\" href=\"\/?p=29732\">S\u00f6k praktikplats<\/a><\/div>\n<\/div>\n\n\n                <\/main>\n            <\/div>\n        <\/div>\n    <\/div>\n<\/div>\n\n\n<div class=\"element block-content-list-item\">\n    <div class=\"container item-container has-border\">\n        <div class=\"row justify-content-between\">\n            <div class=\"col-12 col-lg-5 img-col entry-content\">\n                                <img decoding=\"async\" src=\"https:\/\/retta.fi\/wp-content\/uploads\/2024\/11\/iStock-1365138599-632x421.jpg\" width=\"632\" height=\"421\" class=\"content-list-item-img\" alt=\"Rekry\" loading=\"lazy\">                            <\/div>\n            <div class=\"col-12 col-lg-6\">\n                <main class=\"entry-content\">\n                    \n\n<p>Om vi inte har n\u00e5gon l\u00e4mplig tj\u00e4nst ledig just nu, sparar vi din ans\u00f6kan. Vi kontaktar dig om en tj\u00e4nst som passar dina kvalifikationer blir ledig.<\/p>\n\n\n\n<p><br>Genom att noggrant fylla i formul\u00e4ret med bilagor hj\u00e4lper du oss att l\u00e4ra k\u00e4nna dig b\u00e4ttre redan i b\u00f6rjan av rekryteringsprocessen.<\/p>\n\n\n\n<div class=\"wp-block-buttons is-layout-flex wp-block-buttons-is-layout-flex\">\n<div class=\"wp-block-button\"><a class=\"wp-block-button__link has-darkgreen-background-color has-background wp-element-button\" href=\"\/?p=29731\">Skicka in en \u00f6ppen ans\u00f6kan<\/a><\/div>\n<\/div>\n\n\n                <\/main>\n            <\/div>\n        <\/div>\n    <\/div>\n<\/div>\n\n<\/section>","protected":false},"excerpt":{"rendered":"","protected":false},"author":31,"featured_media":0,"parent":42601,"menu_order":0,"comment_status":"closed","ping_status":"closed","template":"","meta":{"_acf_changed":false,"_relevanssi_hide_post":"","_relevanssi_hide_content":"","_relevanssi_pin_for_all":"","_relevanssi_pin_keywords":"","_relevanssi_unpin_keywords":"","_relevanssi_related_keywords":"","_relevanssi_related_include_ids":"","_relevanssi_related_exclude_ids":"","_relevanssi_related_no_append":"","_relevanssi_related_not_related":"","_relevanssi_related_posts":"3838,20539,3320,3260,3222,3304","_relevanssi_noindex_reason":"","footnotes":""},"class_list":["post-44214","page","type-page","status-publish","hentry"],"acf":[],"yoast_head":"<!-- This site is optimized with the Yoast SEO plugin v27.1.1 - https:\/\/yoast.com\/product\/yoast-seo-wordpress\/ -->\n<title>Retta som arbetsplats - Retta<\/title>\n<meta name=\"description\" content=\"Vi erbjuder m\u00e5ngsidiga arbetsuppgifter inom fastighetsf\u00f6rvaltning. V\u00e5rt f\u00f6retag har \u00f6ver 600 experter runt om i Finland.\" \/>\n<meta name=\"robots\" content=\"index, follow, max-snippet:-1, max-image-preview:large, max-video-preview:-1\" \/>\n<link rel=\"canonical\" href=\"https:\/\/retta.fi\/sv\/jobba-for-oss\/retta-som-arbetsplats\/\" \/>\n<meta property=\"og:locale\" content=\"sv_SE\" \/>\n<meta property=\"og:type\" content=\"article\" \/>\n<meta property=\"og:title\" content=\"Retta som arbetsplats - Retta\" \/>\n<meta property=\"og:description\" content=\"Vi erbjuder m\u00e5ngsidiga arbetsuppgifter inom fastighetsf\u00f6rvaltning. V\u00e5rt f\u00f6retag har \u00f6ver 600 experter runt om i Finland.\" \/>\n<meta property=\"og:url\" content=\"https:\/\/retta.fi\/sv\/jobba-for-oss\/retta-som-arbetsplats\/\" \/>\n<meta property=\"og:site_name\" content=\"Retta\" \/>\n<meta property=\"article:modified_time\" content=\"2024-12-17T09:36:30+00:00\" \/>\n<meta property=\"og:image\" content=\"https:\/\/retta.fi\/wp-content\/uploads\/2022\/04\/retta_somejako.png\" \/>\n\t<meta property=\"og:image:width\" content=\"1200\" \/>\n\t<meta property=\"og:image:height\" content=\"630\" \/>\n\t<meta property=\"og:image:type\" content=\"image\/png\" \/>\n<meta name=\"twitter:card\" content=\"summary_large_image\" \/>\n<script type=\"application\/ld+json\" class=\"yoast-schema-graph\">{\"@context\":\"https:\/\/schema.org\",\"@graph\":[{\"@type\":\"WebPage\",\"@id\":\"https:\/\/retta.fi\/sv\/jobba-for-oss\/retta-som-arbetsplats\/\",\"url\":\"https:\/\/retta.fi\/sv\/jobba-for-oss\/retta-som-arbetsplats\/\",\"name\":\"Retta som arbetsplats - Retta\",\"isPartOf\":{\"@id\":\"https:\/\/retta.fi\/sv\/#website\"},\"datePublished\":\"2024-11-10T13:57:22+00:00\",\"dateModified\":\"2024-12-17T09:36:30+00:00\",\"description\":\"Vi erbjuder m\u00e5ngsidiga arbetsuppgifter inom fastighetsf\u00f6rvaltning. V\u00e5rt f\u00f6retag har \u00f6ver 600 experter runt om i Finland.\",\"breadcrumb\":{\"@id\":\"https:\/\/retta.fi\/sv\/jobba-for-oss\/retta-som-arbetsplats\/#breadcrumb\"},\"inLanguage\":\"sv-SE\",\"potentialAction\":[{\"@type\":\"ReadAction\",\"target\":[\"https:\/\/retta.fi\/sv\/jobba-for-oss\/retta-som-arbetsplats\/\"]}]},{\"@type\":\"BreadcrumbList\",\"@id\":\"https:\/\/retta.fi\/sv\/jobba-for-oss\/retta-som-arbetsplats\/#breadcrumb\",\"itemListElement\":[{\"@type\":\"ListItem\",\"position\":1,\"name\":\"Framsida\",\"item\":\"https:\/\/retta.fi\/sv\/\"},{\"@type\":\"ListItem\",\"position\":2,\"name\":\"Jobba f\u00f6r oss\",\"item\":\"https:\/\/retta.fi\/sv\/jobba-for-oss\/\"},{\"@type\":\"ListItem\",\"position\":3,\"name\":\"Retta som arbetsplats\"}]},{\"@type\":\"WebSite\",\"@id\":\"https:\/\/retta.fi\/sv\/#website\",\"url\":\"https:\/\/retta.fi\/sv\/\",\"name\":\"Retta\",\"description\":\"\",\"publisher\":{\"@id\":\"https:\/\/retta.fi\/sv\/#organization\"},\"potentialAction\":[{\"@type\":\"SearchAction\",\"target\":{\"@type\":\"EntryPoint\",\"urlTemplate\":\"https:\/\/retta.fi\/sv\/?s={search_term_string}\"},\"query-input\":{\"@type\":\"PropertyValueSpecification\",\"valueRequired\":true,\"valueName\":\"search_term_string\"}}],\"inLanguage\":\"sv-SE\"},{\"@type\":\"Organization\",\"@id\":\"https:\/\/retta.fi\/sv\/#organization\",\"name\":\"Retta\",\"url\":\"https:\/\/retta.fi\/sv\/\",\"logo\":{\"@type\":\"ImageObject\",\"inLanguage\":\"sv-SE\",\"@id\":\"https:\/\/retta.fi\/sv\/#\/schema\/logo\/image\/\",\"url\":\"https:\/\/retta.fi\/wp-content\/uploads\/2022\/04\/retta_somejako.png\",\"contentUrl\":\"https:\/\/retta.fi\/wp-content\/uploads\/2022\/04\/retta_somejako.png\",\"width\":1200,\"height\":630,\"caption\":\"Retta\"},\"image\":{\"@id\":\"https:\/\/retta.fi\/sv\/#\/schema\/logo\/image\/\"}}]}<\/script>\n<!-- \/ Yoast SEO plugin. -->","yoast_head_json":{"title":"Retta som arbetsplats - Retta","description":"Vi erbjuder m\u00e5ngsidiga arbetsuppgifter inom fastighetsf\u00f6rvaltning. V\u00e5rt f\u00f6retag har \u00f6ver 600 experter runt om i Finland.","robots":{"index":"index","follow":"follow","max-snippet":"max-snippet:-1","max-image-preview":"max-image-preview:large","max-video-preview":"max-video-preview:-1"},"canonical":"https:\/\/retta.fi\/sv\/jobba-for-oss\/retta-som-arbetsplats\/","og_locale":"sv_SE","og_type":"article","og_title":"Retta som arbetsplats - Retta","og_description":"Vi erbjuder m\u00e5ngsidiga arbetsuppgifter inom fastighetsf\u00f6rvaltning. V\u00e5rt f\u00f6retag har \u00f6ver 600 experter runt om i Finland.","og_url":"https:\/\/retta.fi\/sv\/jobba-for-oss\/retta-som-arbetsplats\/","og_site_name":"Retta","article_modified_time":"2024-12-17T09:36:30+00:00","og_image":[{"width":1200,"height":630,"url":"https:\/\/retta.fi\/wp-content\/uploads\/2022\/04\/retta_somejako.png","type":"image\/png"}],"twitter_card":"summary_large_image","schema":{"@context":"https:\/\/schema.org","@graph":[{"@type":"WebPage","@id":"https:\/\/retta.fi\/sv\/jobba-for-oss\/retta-som-arbetsplats\/","url":"https:\/\/retta.fi\/sv\/jobba-for-oss\/retta-som-arbetsplats\/","name":"Retta som arbetsplats - Retta","isPartOf":{"@id":"https:\/\/retta.fi\/sv\/#website"},"datePublished":"2024-11-10T13:57:22+00:00","dateModified":"2024-12-17T09:36:30+00:00","description":"Vi erbjuder m\u00e5ngsidiga arbetsuppgifter inom fastighetsf\u00f6rvaltning. V\u00e5rt f\u00f6retag har \u00f6ver 600 experter runt om i Finland.","breadcrumb":{"@id":"https:\/\/retta.fi\/sv\/jobba-for-oss\/retta-som-arbetsplats\/#breadcrumb"},"inLanguage":"sv-SE","potentialAction":[{"@type":"ReadAction","target":["https:\/\/retta.fi\/sv\/jobba-for-oss\/retta-som-arbetsplats\/"]}]},{"@type":"BreadcrumbList","@id":"https:\/\/retta.fi\/sv\/jobba-for-oss\/retta-som-arbetsplats\/#breadcrumb","itemListElement":[{"@type":"ListItem","position":1,"name":"Framsida","item":"https:\/\/retta.fi\/sv\/"},{"@type":"ListItem","position":2,"name":"Jobba f\u00f6r oss","item":"https:\/\/retta.fi\/sv\/jobba-for-oss\/"},{"@type":"ListItem","position":3,"name":"Retta som arbetsplats"}]},{"@type":"WebSite","@id":"https:\/\/retta.fi\/sv\/#website","url":"https:\/\/retta.fi\/sv\/","name":"Retta","description":"","publisher":{"@id":"https:\/\/retta.fi\/sv\/#organization"},"potentialAction":[{"@type":"SearchAction","target":{"@type":"EntryPoint","urlTemplate":"https:\/\/retta.fi\/sv\/?s={search_term_string}"},"query-input":{"@type":"PropertyValueSpecification","valueRequired":true,"valueName":"search_term_string"}}],"inLanguage":"sv-SE"},{"@type":"Organization","@id":"https:\/\/retta.fi\/sv\/#organization","name":"Retta","url":"https:\/\/retta.fi\/sv\/","logo":{"@type":"ImageObject","inLanguage":"sv-SE","@id":"https:\/\/retta.fi\/sv\/#\/schema\/logo\/image\/","url":"https:\/\/retta.fi\/wp-content\/uploads\/2022\/04\/retta_somejako.png","contentUrl":"https:\/\/retta.fi\/wp-content\/uploads\/2022\/04\/retta_somejako.png","width":1200,"height":630,"caption":"Retta"},"image":{"@id":"https:\/\/retta.fi\/sv\/#\/schema\/logo\/image\/"}}]}},"_links":{"self":[{"href":"https:\/\/retta.fi\/sv\/wp-json\/wp\/v2\/pages\/44214","targetHints":{"allow":["GET"]}}],"collection":[{"href":"https:\/\/retta.fi\/sv\/wp-json\/wp\/v2\/pages"}],"about":[{"href":"https:\/\/retta.fi\/sv\/wp-json\/wp\/v2\/types\/page"}],"author":[{"embeddable":true,"href":"https:\/\/retta.fi\/sv\/wp-json\/wp\/v2\/users\/31"}],"replies":[{"embeddable":true,"href":"https:\/\/retta.fi\/sv\/wp-json\/wp\/v2\/comments?post=44214"}],"version-history":[{"count":7,"href":"https:\/\/retta.fi\/sv\/wp-json\/wp\/v2\/pages\/44214\/revisions"}],"predecessor-version":[{"id":44510,"href":"https:\/\/retta.fi\/sv\/wp-json\/wp\/v2\/pages\/44214\/revisions\/44510"}],"up":[{"embeddable":true,"href":"https:\/\/retta.fi\/sv\/wp-json\/wp\/v2\/pages\/42601"}],"wp:attachment":[{"href":"https:\/\/retta.fi\/sv\/wp-json\/wp\/v2\/media?parent=44214"}],"curies":[{"name":"wp","href":"https:\/\/api.w.org\/{rel}","templated":true}]}}