{"id":44187,"date":"2024-09-23T10:30:08","date_gmt":"2024-09-23T07:30:08","guid":{"rendered":"https:\/\/retta.fi\/compliance-tietosuojaseloste\/"},"modified":"2024-12-14T14:34:34","modified_gmt":"2024-12-14T12:34:34","slug":"compliance-register","status":"publish","type":"page","link":"https:\/\/retta.fi\/sv\/compliance-register\/","title":{"rendered":"Compliance-register"},"content":{"rendered":"<section id=\"acf-block-65cb2fe2311ce\" class=\"block block-hero container-fluid ct-darkgreen bg-darkgreen \">\n        <div class=\"container\">\n        <div class=\"row\">\n            <div class=\"col-12 col-lg-8 hero-content-col\">\n                <div class=\"hero-content\">\n                    \n\n<h1 class=\"wp-block-heading\">Compliance<em>-register<\/em><\/h1>\n\n\n                <\/div>\n            <\/div>\n        <\/div>\n    <\/div>\n<\/section>\n\n\n\n<section id=\"acf-block-65cb2fe231206\" class=\"block block-content-wrapper container-fluid container-fluid \">\n    <div class=\"container\">\n        <div class=\"row\">\n            <div class=\"col-12 col-lg-8 offset-lg-2 col-hd-6 offset-hd-3\">\n                <main class=\"entry-content\">\n                    \n\n<p><strong>Datum<\/strong><\/p>\n\n\n\n<p>23.9.2024<\/p>\n\n\n\n<p><strong>Registeransvarig<\/strong><\/p>\n\n\n\n<p>Retta Is\u00e4nn\u00f6inti Oy Gutteriv\u00e4gen 9-11, 00380 Helsingfors<\/p>\n\n\n\n<p><strong>Registeransvarig person(er) \/ kontaktperson(er)<\/strong><\/p>\n\n\n\n<p>Jurist Juha Koponen <a href=\"mailto:%20juha.koponen@retta.fi\">juha.koponen@retta.fi<\/a><\/p>\n\n\n\n<p><strong>Registerns namn<\/strong><\/p>\n\n\n\n<p>Compliance-register (inkl. whistleblowing-kanal)<\/p>\n\n\n\n<p><strong>Syftet med behandlingen av personuppgifter och r\u00e4ttslig grund<\/strong><\/p>\n\n\n\n<p>Lagstadlig skyldighet (enligt EU:s whistleblowing-direktiv och nationell lagstiftning). Som ytterligare grund avtal och\/eller ber\u00e4ttigat intresse.<\/p>\n\n\n\n<p><strong>Registerets inneh\u00e5ll<\/strong><\/p>\n\n\n\n<p>Personuppgifter som erh\u00e5llits i samband med iakttagelser eller misstankar om missf\u00f6rh\u00e5llanden som r\u00f6r registeransvarig eller dess dotterbolag. Personuppgifterna kan vara olika typer av uppgifter som anm\u00e4laren l\u00e4mnat, t.ex. anm\u00e4larens egna kontaktuppgifter och uppgifter om den anm\u00e4lda personen.<\/p>\n\n\n\n<p><strong>Vanliga k\u00e4llor till personuppgifter<\/strong><\/p>\n\n\n\n<p>All anv\u00e4ndning av personuppgifter sker i enlighet med g\u00e4llande lagstiftning.<\/p>\n\n\n\n<p>Prim\u00e4r k\u00e4lla till personuppgifterna \u00e4r anm\u00e4laren. F\u00f6r att utreda \u00e4renden kan vid behov inh\u00e4mtas n\u00f6dv\u00e4ndig information fr\u00e5n andra k\u00e4llor.<\/p>\n\n\n\n<p><strong>Regelbunden utl\u00e4mning av uppgifter<\/strong><\/p>\n\n\n\n<p>Personuppgifter l\u00e4mnas inte ut till tredje part. Uppgifter \u00f6verf\u00f6rs inte utanf\u00f6r EU\/EES.<\/p>\n\n\n\n<p><strong>Principer f\u00f6r registers\u00e4kerhet<\/strong><\/p>\n\n\n\n<p>All personuppgifter behandlas med omsorg. N\u00e4r uppgifter lagras p\u00e5 internetservrar s\u00e4kerst\u00e4lls fysisk och digital s\u00e4kerhet p\u00e5 l\u00e4mpligt s\u00e4tt. Uppgifter kan behandlas b\u00e5de inom och utanf\u00f6r anm\u00e4lningskanalen. Det finns inga pappersarkiv. Registeransvarig s\u00e4kerst\u00e4ller att \u00e5tkomsten till personuppgifter organiseras p\u00e5 ett s\u00e5dant s\u00e4tt att uppgifternas s\u00e4kerhet och konfidentialitet uppr\u00e4tth\u00e5lls. Endast de anst\u00e4llda som beh\u00f6ver \u00e5tkomst till uppgifterna f\u00f6r att utf\u00f6ra sitt arbete har tillg\u00e5ng till personuppgifterna. Anm\u00e4lningskanalen \u00e4r endast tillg\u00e4nglig f\u00f6r compliance-enheten och lokala handl\u00e4ggare. Lokala kanaler \u00e4r separata.<\/p>\n\n\n\n<p>Anm\u00e4lningskanalen \u00e4r ett WhistleAb-system och ett avtal om behandling av personuppgifter har ing\u00e5tts med systemets \u00e4gare. Uppgifter kan beh\u00f6va l\u00e4mnas ut till exempel till myndigheter eller juridiska r\u00e5dgivare.<\/p>\n\n\n\n<p><strong>Lagringstider:<\/strong><\/p>\n\n\n\n<p>Uppgifterna lagras s\u00e5 l\u00e4nge som det \u00e4r n\u00f6dv\u00e4ndigt f\u00f6r att behandla anm\u00e4lan, varefter de raderas fr\u00e5n anm\u00e4lningskanalen.<\/p>\n\n\n\n<p><strong>Registrerade personers r\u00e4tt att kontrollera uppgifter<\/strong><\/p>\n\n\n\n<p>En registrerad person har r\u00e4tt att f\u00e5 tillg\u00e5ng till personuppgifter som r\u00f6r hen och r\u00e4tt att beg\u00e4ra att felaktiga uppgifter r\u00e4ttas. Om en registrerad person beg\u00e4r att f\u00e5 tillg\u00e5ng till sina personuppgifter eller beg\u00e4r att f\u00e5 felaktiga uppgifter r\u00e4ttade, ska hen skicka en beg\u00e4ran till registeransvarig p\u00e5 e-postadressen <a href=\"mailto:tietosuoja@retta.fi\">tietosuoja@retta.fi<\/a>. Om det beh\u00f6vs har registeransvarig r\u00e4tt att be den registrerade personen styrka sin identitet. Registeransvarig svarar p\u00e5 registrerade personers beg\u00e4ran inom den tidsfrist som anges i dataskyddsf\u00f6rordningen (vanligtvis inom en m\u00e5nad).<\/p>\n\n\n\n<p><strong>Registrerade personers \u00f6vriga r\u00e4ttigheter<\/strong><\/p>\n\n\n\n<p>Registrerade personer har \u00e4ven andra r\u00e4ttigheter som garanteras av EU:s allm\u00e4nna dataskyddsf\u00f6rordning, t.ex. r\u00e4tten att f\u00e5 sina personuppgifter raderade (&#8221;r\u00e4tten att bli gl\u00f6md&#8221;). F\u00f6r att ut\u00f6va dessa r\u00e4ttigheter ska den registrerade personen framst\u00e4lla en skriftlig beg\u00e4ran till registeransvarig p\u00e5 e-postadressen <a href=\"mailto:tietosuoja@retta.fi\">tietosuoja@retta.fi<\/a>. Om det beh\u00f6vs kan registeransvarig be den registrerade personen styrka sin identitet. Registeransvarig svarar p\u00e5 registrerade personers beg\u00e4ran inom den tidsfrist som anges i EU:s allm\u00e4nna dataskyddsf\u00f6rordning (vanligtvis inom en m\u00e5nad).<\/p>\n\n\n                <\/main>\n            <\/div>\n        <\/div>\n    <\/div>\n<\/section>","protected":false},"excerpt":{"rendered":"","protected":false},"author":31,"featured_media":0,"parent":0,"menu_order":0,"comment_status":"closed","ping_status":"closed","template":"","meta":{"_acf_changed":false,"_relevanssi_hide_post":"","_relevanssi_hide_content":"","_relevanssi_pin_for_all":"","_relevanssi_pin_keywords":"","_relevanssi_unpin_keywords":"","_relevanssi_related_keywords":"","_relevanssi_related_include_ids":"","_relevanssi_related_exclude_ids":"","_relevanssi_related_no_append":"","_relevanssi_related_not_related":"","_relevanssi_related_posts":"20819,1615,3685,6057,3691,3191","_relevanssi_noindex_reason":"","footnotes":""},"class_list":["post-44187","page","type-page","status-publish","hentry"],"acf":[],"yoast_head":"<!-- This site is optimized with the Yoast SEO plugin v27.1.1 - https:\/\/yoast.com\/product\/yoast-seo-wordpress\/ -->\n<title>Compliance-register - Retta<\/title>\n<meta name=\"description\" content=\"Compliance-register Datum 23.9.2024 Registeransvarig Retta Is\u00e4nn\u00f6inti Oy Gutteriv\u00e4gen 9-11, 00380 Helsingfors Registeransvarig person(er) \/\" \/>\n<meta name=\"robots\" content=\"index, follow, max-snippet:-1, max-image-preview:large, max-video-preview:-1\" \/>\n<link rel=\"canonical\" href=\"https:\/\/retta.fi\/sv\/compliance-register\/\" \/>\n<meta property=\"og:locale\" content=\"sv_SE\" \/>\n<meta property=\"og:type\" content=\"article\" \/>\n<meta property=\"og:title\" content=\"Compliance-register - Retta\" \/>\n<meta property=\"og:description\" content=\"Compliance-register Datum 23.9.2024 Registeransvarig Retta Is\u00e4nn\u00f6inti Oy Gutteriv\u00e4gen 9-11, 00380 Helsingfors Registeransvarig person(er) \/\" \/>\n<meta property=\"og:url\" content=\"https:\/\/retta.fi\/sv\/compliance-register\/\" \/>\n<meta property=\"og:site_name\" content=\"Retta\" \/>\n<meta property=\"article:modified_time\" content=\"2024-12-14T12:34:34+00:00\" \/>\n<meta property=\"og:image\" content=\"https:\/\/retta.fi\/wp-content\/uploads\/2022\/04\/retta_somejako.png\" \/>\n\t<meta property=\"og:image:width\" content=\"1200\" \/>\n\t<meta property=\"og:image:height\" content=\"630\" \/>\n\t<meta property=\"og:image:type\" content=\"image\/png\" \/>\n<meta name=\"twitter:card\" content=\"summary_large_image\" \/>\n<script type=\"application\/ld+json\" class=\"yoast-schema-graph\">{\"@context\":\"https:\/\/schema.org\",\"@graph\":[{\"@type\":\"WebPage\",\"@id\":\"https:\/\/retta.fi\/sv\/compliance-register\/\",\"url\":\"https:\/\/retta.fi\/sv\/compliance-register\/\",\"name\":\"Compliance-register - Retta\",\"isPartOf\":{\"@id\":\"https:\/\/retta.fi\/sv\/#website\"},\"datePublished\":\"2024-09-23T07:30:08+00:00\",\"dateModified\":\"2024-12-14T12:34:34+00:00\",\"description\":\"Compliance-register Datum 23.9.2024 Registeransvarig Retta Is\u00e4nn\u00f6inti Oy Gutteriv\u00e4gen 9-11, 00380 Helsingfors Registeransvarig person(er) \/\",\"breadcrumb\":{\"@id\":\"https:\/\/retta.fi\/sv\/compliance-register\/#breadcrumb\"},\"inLanguage\":\"sv-SE\",\"potentialAction\":[{\"@type\":\"ReadAction\",\"target\":[\"https:\/\/retta.fi\/sv\/compliance-register\/\"]}]},{\"@type\":\"BreadcrumbList\",\"@id\":\"https:\/\/retta.fi\/sv\/compliance-register\/#breadcrumb\",\"itemListElement\":[{\"@type\":\"ListItem\",\"position\":1,\"name\":\"Framsida\",\"item\":\"https:\/\/retta.fi\/sv\/\"},{\"@type\":\"ListItem\",\"position\":2,\"name\":\"Compliance-register\"}]},{\"@type\":\"WebSite\",\"@id\":\"https:\/\/retta.fi\/sv\/#website\",\"url\":\"https:\/\/retta.fi\/sv\/\",\"name\":\"Retta\",\"description\":\"\",\"publisher\":{\"@id\":\"https:\/\/retta.fi\/sv\/#organization\"},\"potentialAction\":[{\"@type\":\"SearchAction\",\"target\":{\"@type\":\"EntryPoint\",\"urlTemplate\":\"https:\/\/retta.fi\/sv\/?s={search_term_string}\"},\"query-input\":{\"@type\":\"PropertyValueSpecification\",\"valueRequired\":true,\"valueName\":\"search_term_string\"}}],\"inLanguage\":\"sv-SE\"},{\"@type\":\"Organization\",\"@id\":\"https:\/\/retta.fi\/sv\/#organization\",\"name\":\"Retta\",\"url\":\"https:\/\/retta.fi\/sv\/\",\"logo\":{\"@type\":\"ImageObject\",\"inLanguage\":\"sv-SE\",\"@id\":\"https:\/\/retta.fi\/sv\/#\/schema\/logo\/image\/\",\"url\":\"https:\/\/retta.fi\/wp-content\/uploads\/2022\/04\/retta_somejako.png\",\"contentUrl\":\"https:\/\/retta.fi\/wp-content\/uploads\/2022\/04\/retta_somejako.png\",\"width\":1200,\"height\":630,\"caption\":\"Retta\"},\"image\":{\"@id\":\"https:\/\/retta.fi\/sv\/#\/schema\/logo\/image\/\"}}]}<\/script>\n<!-- \/ Yoast SEO plugin. -->","yoast_head_json":{"title":"Compliance-register - Retta","description":"Compliance-register Datum 23.9.2024 Registeransvarig Retta Is\u00e4nn\u00f6inti Oy Gutteriv\u00e4gen 9-11, 00380 Helsingfors Registeransvarig person(er) \/","robots":{"index":"index","follow":"follow","max-snippet":"max-snippet:-1","max-image-preview":"max-image-preview:large","max-video-preview":"max-video-preview:-1"},"canonical":"https:\/\/retta.fi\/sv\/compliance-register\/","og_locale":"sv_SE","og_type":"article","og_title":"Compliance-register - Retta","og_description":"Compliance-register Datum 23.9.2024 Registeransvarig Retta Is\u00e4nn\u00f6inti Oy Gutteriv\u00e4gen 9-11, 00380 Helsingfors Registeransvarig person(er) \/","og_url":"https:\/\/retta.fi\/sv\/compliance-register\/","og_site_name":"Retta","article_modified_time":"2024-12-14T12:34:34+00:00","og_image":[{"width":1200,"height":630,"url":"https:\/\/retta.fi\/wp-content\/uploads\/2022\/04\/retta_somejako.png","type":"image\/png"}],"twitter_card":"summary_large_image","schema":{"@context":"https:\/\/schema.org","@graph":[{"@type":"WebPage","@id":"https:\/\/retta.fi\/sv\/compliance-register\/","url":"https:\/\/retta.fi\/sv\/compliance-register\/","name":"Compliance-register - Retta","isPartOf":{"@id":"https:\/\/retta.fi\/sv\/#website"},"datePublished":"2024-09-23T07:30:08+00:00","dateModified":"2024-12-14T12:34:34+00:00","description":"Compliance-register Datum 23.9.2024 Registeransvarig Retta Is\u00e4nn\u00f6inti Oy Gutteriv\u00e4gen 9-11, 00380 Helsingfors Registeransvarig person(er) \/","breadcrumb":{"@id":"https:\/\/retta.fi\/sv\/compliance-register\/#breadcrumb"},"inLanguage":"sv-SE","potentialAction":[{"@type":"ReadAction","target":["https:\/\/retta.fi\/sv\/compliance-register\/"]}]},{"@type":"BreadcrumbList","@id":"https:\/\/retta.fi\/sv\/compliance-register\/#breadcrumb","itemListElement":[{"@type":"ListItem","position":1,"name":"Framsida","item":"https:\/\/retta.fi\/sv\/"},{"@type":"ListItem","position":2,"name":"Compliance-register"}]},{"@type":"WebSite","@id":"https:\/\/retta.fi\/sv\/#website","url":"https:\/\/retta.fi\/sv\/","name":"Retta","description":"","publisher":{"@id":"https:\/\/retta.fi\/sv\/#organization"},"potentialAction":[{"@type":"SearchAction","target":{"@type":"EntryPoint","urlTemplate":"https:\/\/retta.fi\/sv\/?s={search_term_string}"},"query-input":{"@type":"PropertyValueSpecification","valueRequired":true,"valueName":"search_term_string"}}],"inLanguage":"sv-SE"},{"@type":"Organization","@id":"https:\/\/retta.fi\/sv\/#organization","name":"Retta","url":"https:\/\/retta.fi\/sv\/","logo":{"@type":"ImageObject","inLanguage":"sv-SE","@id":"https:\/\/retta.fi\/sv\/#\/schema\/logo\/image\/","url":"https:\/\/retta.fi\/wp-content\/uploads\/2022\/04\/retta_somejako.png","contentUrl":"https:\/\/retta.fi\/wp-content\/uploads\/2022\/04\/retta_somejako.png","width":1200,"height":630,"caption":"Retta"},"image":{"@id":"https:\/\/retta.fi\/sv\/#\/schema\/logo\/image\/"}}]}},"_links":{"self":[{"href":"https:\/\/retta.fi\/sv\/wp-json\/wp\/v2\/pages\/44187","targetHints":{"allow":["GET"]}}],"collection":[{"href":"https:\/\/retta.fi\/sv\/wp-json\/wp\/v2\/pages"}],"about":[{"href":"https:\/\/retta.fi\/sv\/wp-json\/wp\/v2\/types\/page"}],"author":[{"embeddable":true,"href":"https:\/\/retta.fi\/sv\/wp-json\/wp\/v2\/users\/31"}],"replies":[{"embeddable":true,"href":"https:\/\/retta.fi\/sv\/wp-json\/wp\/v2\/comments?post=44187"}],"version-history":[{"count":2,"href":"https:\/\/retta.fi\/sv\/wp-json\/wp\/v2\/pages\/44187\/revisions"}],"predecessor-version":[{"id":44191,"href":"https:\/\/retta.fi\/sv\/wp-json\/wp\/v2\/pages\/44187\/revisions\/44191"}],"wp:attachment":[{"href":"https:\/\/retta.fi\/sv\/wp-json\/wp\/v2\/media?parent=44187"}],"curies":[{"name":"wp","href":"https:\/\/api.w.org\/{rel}","templated":true}]}}