{"id":42601,"date":"2024-11-10T15:51:17","date_gmt":"2024-11-10T13:51:17","guid":{"rendered":"https:\/\/retta.fi\/?page_id=42601"},"modified":"2024-12-14T17:30:20","modified_gmt":"2024-12-14T15:30:20","slug":"jobba-for-oss","status":"publish","type":"page","link":"https:\/\/retta.fi\/sv\/jobba-for-oss\/","title":{"rendered":"Jobba f\u00f6r oss"},"content":{"rendered":"\n<section id=\"acf-block-635796747d17c\" class=\"block block-hero-xl container-fluid ct-darkgreen bg-darkgreen has-bg-pattern\">\n        <div class=\"container\">\n        <div class=\"row\">\n            <div class=\"col-12 hero-content-col\">\n                <div class=\"hero-content\">\n                    \n\n<h1 class=\"wp-block-heading\">Jobba <em>f\u00f6r oss<\/em><\/h1>\n\n\n                <\/div>\n            <\/div>\n        <\/div>\n    <\/div>\n        <div class=\"container highlights\">\n        <div class=\"row card-list\">\n                        <div class=\"col-12 col-md-6 col-lg-4 card-col\">\n                <div class=\"card has-link card-manual has-border\" onclick=\"document.getElementById('card-link-69d378e106258').click();\">\n    <div class=\"card-thumbnail\">\n        <div class=\"fitted-img-container\"><img fetchpriority=\"high\" decoding=\"async\" src=\"https:\/\/retta.fi\/wp-content\/uploads\/2024\/11\/iStock-1225034538-768x512.jpg\" width=\"768\" height=\"512\" alt=\"Rekry\" loading=\"eager\" data-no-lazy=\"true\" data-no-lqip=\"true\"><\/div>\n    <\/div>\n    <div class=\"card-content\">\n        <div class=\"card-title \"><a href=\"https:\/\/retta.fi\/sv\/jobba-for-oss\/retta-som-arbetsplats\/\" id=\"card-link-69d378e106258\">Retta som arbetsplats<\/a><\/div>\n    <\/div>\n<\/div>\n            <\/div>\n                        <div class=\"col-12 col-md-6 col-lg-4 card-col\">\n                <div class=\"card has-link card-manual has-border\" onclick=\"document.getElementById('card-link-69d378e10626c').click();\">\n    <div class=\"card-thumbnail\">\n        <div class=\"fitted-img-container\"><img decoding=\"async\" src=\"https:\/\/retta.fi\/wp-content\/uploads\/2023\/12\/6-768x438.png\" width=\"768\" height=\"438\" alt=\"\" loading=\"eager\" data-no-lazy=\"true\" data-no-lqip=\"true\"><\/div>\n    <\/div>\n    <div class=\"card-content\">\n        <div class=\"card-title \"><a href=\"https:\/\/retta.fi\/toihin-rettalle\/rettalaiset-kertovat\/\" id=\"card-link-69d378e10626c\">Rettas medarbetare ber\u00e4ttar (FI)<\/a><\/div>\n    <\/div>\n<\/div>\n            <\/div>\n                        <div class=\"col-12 col-md-6 col-lg-4 card-col\">\n                <div class=\"card has-link card-manual has-border\" onclick=\"document.getElementById('card-link-69d378e106283').click();\">\n    <div class=\"card-thumbnail\">\n        <div class=\"fitted-img-container\"><img decoding=\"async\" src=\"https:\/\/retta.fi\/wp-content\/uploads\/2024\/07\/HK_rekrykuva-768x512.jpg\" width=\"768\" height=\"512\" alt=\"Ty\u00f6paikkailmoituksen kuvituskuva - rekry\" loading=\"eager\" data-no-lazy=\"true\" data-no-lqip=\"true\"><\/div>\n    <\/div>\n    <div class=\"card-content\">\n        <div class=\"card-title \"><a href=\"https:\/\/retta.fi\/sv\/jobba-for-oss\/lediga-platser\/\" id=\"card-link-69d378e106283\">S\u00f6k en ledig tj\u00e4nst<\/a><\/div>\n    <\/div>\n<\/div>\n            <\/div>\n                                <\/div>\n    <\/div>\n        <\/section>\n\n\n\n<section id=\"acf-block-6683894bebb80\" class=\"block block-content-highlights container-fluid container-fluid \">\n    <div class=\"container\">\n        \n                        <div class=\"row\">\n                <div class=\"col-12 col-lg-7 title-col\">\n                    <h2 class=\"highlights-title\">Aktuellt<\/h2>\n                <\/div>\n            <\/div>\n            \n            <div class=\"row card-list\">\n                            <div class=\"col-12 col-md-6 col-lg-4 card-col\">\n                    <div class=\"card card-post has-link has-border\" onclick=\"document.getElementById('card-link-69d378e10841d').click();\">\n    <div class=\"card-thumbnail\">\n                <div class=\"fitted-img-container\"><img decoding=\"async\" width=\"768\" height=\"511\" src=\"https:\/\/retta.fi\/wp-content\/uploads\/2024\/04\/Patrizia_Retta_sopimus-768x511.jpg\" class=\"attachment-medium_large size-medium_large wp-post-image\" alt=\"\" srcset=\"https:\/\/retta.fi\/wp-content\/uploads\/2024\/04\/Patrizia_Retta_sopimus-768x511.jpg 768w, https:\/\/retta.fi\/wp-content\/uploads\/2024\/04\/Patrizia_Retta_sopimus-632x421.jpg 632w, https:\/\/retta.fi\/wp-content\/uploads\/2024\/04\/Patrizia_Retta_sopimus-360x240.jpg 360w, https:\/\/retta.fi\/wp-content\/uploads\/2024\/04\/Patrizia_Retta_sopimus.jpg 1000w\" sizes=\"(max-width: 575px) 100vw, (max-width: 767px) 510px, (max-width: 991px) 290px, (max-width: 1199px) 530px, 768px\" \/><\/div>\n            <\/div>\n    <div class=\"card-content\">\n        <div class=\"card-texts\">\n            <div class=\"card-meta\">\n                <div class=\"entry-meta\"><span class=\"cat-links\"><span class=\"screen-reader-text\">Kategoriat <\/span><a href=\"https:\/\/retta.fi\/sv\/ajankohtaista\/kategoria\/meddelanden\/\" rel=\"category tag\">Meddelanden<\/a><\/span><span class=\"posted-on\"><span class=\"screen-reader-text\">Kirjoitettu <\/span><a href=\"https:\/\/retta.fi\/sv\/ajankohtaista\/meddelanden\/retta-isannointi-on-ostanut-isannointitalo-virtanen-oyn-isannointiliiketoiminnan\/\" rel=\"bookmark\"><time class=\"entry-date published\" datetime=\"2025-01-09T10:35:14+02:00\">9.1.2025<\/time><time class=\"updated\" datetime=\"2025-01-09T10:44:01+02:00\">9.1.2025<\/time><\/a><\/span><\/div>\n            <\/div>\n        <h2 class=\"h4 card-title\"><a id=\"card-link-69d378e10841d\" href=\"https:\/\/retta.fi\/sv\/ajankohtaista\/meddelanden\/retta-isannointi-on-ostanut-isannointitalo-virtanen-oyn-isannointiliiketoiminnan\/\" rel=\"bookmark\">Retta Is\u00e4nn\u00f6inti har f\u00f6rv\u00e4rvat fastighetsf\u00f6rvaltningsverksamheten fr\u00e5n Is\u00e4nn\u00f6intitalo Virtanen Oy<\/a><\/h2>        <\/div>\n        <div class=\"card-cta card-meta\">\n            <span onclick=\"document.getElementById('card-link-69d378e10841d').click();\">L\u00e4s mer<\/span>\n            <i class=\"card-cta-icon fa-light fa-arrow-right-long\"><\/i>\n        <\/div>\n    <\/div>\n<\/div>                <\/div>\n                                <div class=\"col-12 col-md-6 col-lg-4 card-col\">\n                    <div class=\"card card-post has-link has-border\" onclick=\"document.getElementById('card-link-69d378e10923f').click();\">\n    <div class=\"card-thumbnail\">\n                <div class=\"fitted-img-container\"><img decoding=\"async\" width=\"768\" height=\"511\" src=\"https:\/\/retta.fi\/wp-content\/uploads\/2024\/04\/Patrizia_Retta_sopimus-768x511.jpg\" class=\"attachment-medium_large size-medium_large wp-post-image\" alt=\"\" srcset=\"https:\/\/retta.fi\/wp-content\/uploads\/2024\/04\/Patrizia_Retta_sopimus-768x511.jpg 768w, https:\/\/retta.fi\/wp-content\/uploads\/2024\/04\/Patrizia_Retta_sopimus-632x421.jpg 632w, https:\/\/retta.fi\/wp-content\/uploads\/2024\/04\/Patrizia_Retta_sopimus-360x240.jpg 360w, https:\/\/retta.fi\/wp-content\/uploads\/2024\/04\/Patrizia_Retta_sopimus.jpg 1000w\" sizes=\"(max-width: 575px) 100vw, (max-width: 767px) 510px, (max-width: 991px) 290px, (max-width: 1199px) 530px, 768px\" \/><\/div>\n            <\/div>\n    <div class=\"card-content\">\n        <div class=\"card-texts\">\n            <div class=\"card-meta\">\n                <div class=\"entry-meta\"><span class=\"cat-links\"><span class=\"screen-reader-text\">Kategoriat <\/span><a href=\"https:\/\/retta.fi\/sv\/ajankohtaista\/kategoria\/disponent\/\" rel=\"category tag\">Disponent<\/a>, <a href=\"https:\/\/retta.fi\/sv\/ajankohtaista\/kategoria\/meddelanden\/\" rel=\"category tag\">Meddelanden<\/a><\/span><span class=\"posted-on\"><span class=\"screen-reader-text\">Kirjoitettu <\/span><a href=\"https:\/\/retta.fi\/sv\/ajankohtaista\/disponent\/retta-fastighetsforvaltning-har-forvarvat-tm-teema-group-kys-och-tm-teema-oys-forvaltningsverksamhet\/\" rel=\"bookmark\"><time class=\"entry-date published\" datetime=\"2024-12-09T14:00:00+02:00\">9.12.2024<\/time><time class=\"updated\" datetime=\"2024-12-14T17:59:29+02:00\">14.12.2024<\/time><\/a><\/span><\/div>\n            <\/div>\n        <h2 class=\"h4 card-title\"><a id=\"card-link-69d378e10923f\" href=\"https:\/\/retta.fi\/sv\/ajankohtaista\/disponent\/retta-fastighetsforvaltning-har-forvarvat-tm-teema-group-kys-och-tm-teema-oys-forvaltningsverksamhet\/\" rel=\"bookmark\">Retta Fastighetsf\u00f6rvaltning har f\u00f6rv\u00e4rvat TM-Teema Group Ky:s och TM-Teema Oy:s f\u00f6rvaltningsverksamhet<\/a><\/h2>        <\/div>\n        <div class=\"card-cta card-meta\">\n            <span onclick=\"document.getElementById('card-link-69d378e10923f').click();\">L\u00e4s mer<\/span>\n            <i class=\"card-cta-icon fa-light fa-arrow-right-long\"><\/i>\n        <\/div>\n    <\/div>\n<\/div>                <\/div>\n                                <div class=\"col-12 col-md-6 col-lg-4 card-col\">\n                    <div class=\"card card-post has-link has-border\" onclick=\"document.getElementById('card-link-69d378e109bc8').click();\">\n    <div class=\"card-thumbnail\">\n                <div class=\"fitted-img-container\"><img decoding=\"async\" width=\"768\" height=\"329\" src=\"https:\/\/retta.fi\/wp-content\/uploads\/2023\/05\/Sopimus_web-768x329.jpg\" class=\"attachment-medium_large size-medium_large wp-post-image\" alt=\"\" srcset=\"https:\/\/retta.fi\/wp-content\/uploads\/2023\/05\/Sopimus_web-768x329.jpg 768w, https:\/\/retta.fi\/wp-content\/uploads\/2023\/05\/Sopimus_web-632x271.jpg 632w, https:\/\/retta.fi\/wp-content\/uploads\/2023\/05\/Sopimus_web-360x154.jpg 360w, https:\/\/retta.fi\/wp-content\/uploads\/2023\/05\/Sopimus_web.jpg 1700w\" sizes=\"(max-width: 575px) 100vw, (max-width: 767px) 510px, (max-width: 991px) 290px, (max-width: 1199px) 530px, 768px\" \/><\/div>\n            <\/div>\n    <div class=\"card-content\">\n        <div class=\"card-texts\">\n            <div class=\"card-meta\">\n                <div class=\"entry-meta\"><span class=\"cat-links\"><span class=\"screen-reader-text\">Kategoriat <\/span><a href=\"https:\/\/retta.fi\/sv\/ajankohtaista\/kategoria\/disponent\/\" rel=\"category tag\">Disponent<\/a>, <a href=\"https:\/\/retta.fi\/sv\/ajankohtaista\/kategoria\/meddelanden\/\" rel=\"category tag\">Meddelanden<\/a><\/span><span class=\"posted-on\"><span class=\"screen-reader-text\">Kirjoitettu <\/span><a href=\"https:\/\/retta.fi\/sv\/ajankohtaista\/meddelanden\/retta-isannointi-har-forvarvat-valiokiinteistot-oys-forvaltningsverksamhet\/\" rel=\"bookmark\"><time class=\"entry-date published\" datetime=\"2024-12-09T11:50:39+02:00\">9.12.2024<\/time><time class=\"updated\" datetime=\"2024-12-14T17:54:25+02:00\">14.12.2024<\/time><\/a><\/span><\/div>\n            <\/div>\n        <h2 class=\"h4 card-title\"><a id=\"card-link-69d378e109bc8\" href=\"https:\/\/retta.fi\/sv\/ajankohtaista\/meddelanden\/retta-isannointi-har-forvarvat-valiokiinteistot-oys-forvaltningsverksamhet\/\" rel=\"bookmark\">Retta Is\u00e4nn\u00f6inti har f\u00f6rv\u00e4rvat Valiokiinteist\u00f6t Oy:s f\u00f6rvaltningsverksamhet<\/a><\/h2>        <\/div>\n        <div class=\"card-cta card-meta\">\n            <span onclick=\"document.getElementById('card-link-69d378e109bc8').click();\">L\u00e4s mer<\/span>\n            <i class=\"card-cta-icon fa-light fa-arrow-right-long\"><\/i>\n        <\/div>\n    <\/div>\n<\/div>                <\/div>\n                            <\/div>\n                      \n    <\/div>\n<\/section>\n","protected":false},"excerpt":{"rendered":"","protected":false},"author":31,"featured_media":42618,"parent":0,"menu_order":0,"comment_status":"closed","ping_status":"closed","template":"","meta":{"_acf_changed":false,"_relevanssi_hide_post":"","_relevanssi_hide_content":"","_relevanssi_pin_for_all":"","_relevanssi_pin_keywords":"","_relevanssi_unpin_keywords":"","_relevanssi_related_keywords":"","_relevanssi_related_include_ids":"","_relevanssi_related_exclude_ids":"","_relevanssi_related_no_append":"","_relevanssi_related_not_related":"","_relevanssi_related_posts":"3639,3734,3822,1630,20819,1603","_relevanssi_noindex_reason":"","footnotes":""},"class_list":["post-42601","page","type-page","status-publish","has-post-thumbnail","hentry"],"acf":[],"yoast_head":"<!-- This site is optimized with the Yoast SEO plugin v27.1.1 - https:\/\/yoast.com\/product\/yoast-seo-wordpress\/ -->\n<title>Jobba f\u00f6r oss- Retta Is\u00e4nn\u00f6inti<\/title>\n<meta name=\"description\" content=\"Tarjoamme monipuolisia ty\u00f6teht\u00e4vi\u00e4 kiinteist\u00f6johtamisen alalla. Yrityksemme palveluksessa ty\u00f6skentelee yli 600 asiantuntijaa ymp\u00e4ri Suomen.\" \/>\n<meta name=\"robots\" content=\"index, follow, max-snippet:-1, max-image-preview:large, max-video-preview:-1\" \/>\n<link rel=\"canonical\" href=\"https:\/\/retta.fi\/sv\/jobba-for-oss\/\" \/>\n<meta property=\"og:locale\" content=\"sv_SE\" \/>\n<meta property=\"og:type\" content=\"article\" \/>\n<meta property=\"og:title\" content=\"Jobba f\u00f6r oss- Retta Is\u00e4nn\u00f6inti\" \/>\n<meta property=\"og:description\" content=\"Tarjoamme monipuolisia ty\u00f6teht\u00e4vi\u00e4 kiinteist\u00f6johtamisen alalla. Yrityksemme palveluksessa ty\u00f6skentelee yli 600 asiantuntijaa ymp\u00e4ri Suomen.\" \/>\n<meta property=\"og:url\" content=\"https:\/\/retta.fi\/sv\/jobba-for-oss\/\" \/>\n<meta property=\"og:site_name\" content=\"Retta\" \/>\n<meta property=\"article:modified_time\" content=\"2024-12-14T15:30:20+00:00\" \/>\n<meta property=\"og:image\" content=\"https:\/\/retta.fi\/wp-content\/uploads\/2024\/11\/iStock-1225034538.jpg\" \/>\n\t<meta property=\"og:image:width\" content=\"2120\" \/>\n\t<meta property=\"og:image:height\" content=\"1414\" \/>\n\t<meta property=\"og:image:type\" content=\"image\/jpeg\" \/>\n<meta name=\"twitter:card\" content=\"summary_large_image\" \/>\n<script type=\"application\/ld+json\" class=\"yoast-schema-graph\">{\"@context\":\"https:\/\/schema.org\",\"@graph\":[{\"@type\":\"WebPage\",\"@id\":\"https:\/\/retta.fi\/sv\/jobba-for-oss\/\",\"url\":\"https:\/\/retta.fi\/sv\/jobba-for-oss\/\",\"name\":\"Jobba f\u00f6r oss- Retta Is\u00e4nn\u00f6inti\",\"isPartOf\":{\"@id\":\"https:\/\/retta.fi\/sv\/#website\"},\"primaryImageOfPage\":{\"@id\":\"https:\/\/retta.fi\/sv\/jobba-for-oss\/#primaryimage\"},\"image\":{\"@id\":\"https:\/\/retta.fi\/sv\/jobba-for-oss\/#primaryimage\"},\"thumbnailUrl\":\"https:\/\/retta.fi\/wp-content\/uploads\/2024\/11\/iStock-1225034538.jpg\",\"datePublished\":\"2024-11-10T13:51:17+00:00\",\"dateModified\":\"2024-12-14T15:30:20+00:00\",\"description\":\"Tarjoamme monipuolisia ty\u00f6teht\u00e4vi\u00e4 kiinteist\u00f6johtamisen alalla. Yrityksemme palveluksessa ty\u00f6skentelee yli 600 asiantuntijaa ymp\u00e4ri Suomen.\",\"breadcrumb\":{\"@id\":\"https:\/\/retta.fi\/sv\/jobba-for-oss\/#breadcrumb\"},\"inLanguage\":\"sv-SE\",\"potentialAction\":[{\"@type\":\"ReadAction\",\"target\":[\"https:\/\/retta.fi\/sv\/jobba-for-oss\/\"]}]},{\"@type\":\"ImageObject\",\"inLanguage\":\"sv-SE\",\"@id\":\"https:\/\/retta.fi\/sv\/jobba-for-oss\/#primaryimage\",\"url\":\"https:\/\/retta.fi\/wp-content\/uploads\/2024\/11\/iStock-1225034538.jpg\",\"contentUrl\":\"https:\/\/retta.fi\/wp-content\/uploads\/2024\/11\/iStock-1225034538.jpg\",\"width\":2120,\"height\":1414,\"caption\":\"Attractive young businesswoman with a happy smile leaning against an office wall looking at the camera in a close up portrait\"},{\"@type\":\"BreadcrumbList\",\"@id\":\"https:\/\/retta.fi\/sv\/jobba-for-oss\/#breadcrumb\",\"itemListElement\":[{\"@type\":\"ListItem\",\"position\":1,\"name\":\"Framsida\",\"item\":\"https:\/\/retta.fi\/sv\/\"},{\"@type\":\"ListItem\",\"position\":2,\"name\":\"Jobba f\u00f6r oss\"}]},{\"@type\":\"WebSite\",\"@id\":\"https:\/\/retta.fi\/sv\/#website\",\"url\":\"https:\/\/retta.fi\/sv\/\",\"name\":\"Retta\",\"description\":\"\",\"publisher\":{\"@id\":\"https:\/\/retta.fi\/sv\/#organization\"},\"potentialAction\":[{\"@type\":\"SearchAction\",\"target\":{\"@type\":\"EntryPoint\",\"urlTemplate\":\"https:\/\/retta.fi\/sv\/?s={search_term_string}\"},\"query-input\":{\"@type\":\"PropertyValueSpecification\",\"valueRequired\":true,\"valueName\":\"search_term_string\"}}],\"inLanguage\":\"sv-SE\"},{\"@type\":\"Organization\",\"@id\":\"https:\/\/retta.fi\/sv\/#organization\",\"name\":\"Retta\",\"url\":\"https:\/\/retta.fi\/sv\/\",\"logo\":{\"@type\":\"ImageObject\",\"inLanguage\":\"sv-SE\",\"@id\":\"https:\/\/retta.fi\/sv\/#\/schema\/logo\/image\/\",\"url\":\"https:\/\/retta.fi\/wp-content\/uploads\/2022\/04\/retta_somejako.png\",\"contentUrl\":\"https:\/\/retta.fi\/wp-content\/uploads\/2022\/04\/retta_somejako.png\",\"width\":1200,\"height\":630,\"caption\":\"Retta\"},\"image\":{\"@id\":\"https:\/\/retta.fi\/sv\/#\/schema\/logo\/image\/\"}}]}<\/script>\n<!-- \/ Yoast SEO plugin. -->","yoast_head_json":{"title":"Jobba f\u00f6r oss- Retta Is\u00e4nn\u00f6inti","description":"Tarjoamme monipuolisia ty\u00f6teht\u00e4vi\u00e4 kiinteist\u00f6johtamisen alalla. Yrityksemme palveluksessa ty\u00f6skentelee yli 600 asiantuntijaa ymp\u00e4ri Suomen.","robots":{"index":"index","follow":"follow","max-snippet":"max-snippet:-1","max-image-preview":"max-image-preview:large","max-video-preview":"max-video-preview:-1"},"canonical":"https:\/\/retta.fi\/sv\/jobba-for-oss\/","og_locale":"sv_SE","og_type":"article","og_title":"Jobba f\u00f6r oss- Retta Is\u00e4nn\u00f6inti","og_description":"Tarjoamme monipuolisia ty\u00f6teht\u00e4vi\u00e4 kiinteist\u00f6johtamisen alalla. Yrityksemme palveluksessa ty\u00f6skentelee yli 600 asiantuntijaa ymp\u00e4ri Suomen.","og_url":"https:\/\/retta.fi\/sv\/jobba-for-oss\/","og_site_name":"Retta","article_modified_time":"2024-12-14T15:30:20+00:00","og_image":[{"width":2120,"height":1414,"url":"https:\/\/retta.fi\/wp-content\/uploads\/2024\/11\/iStock-1225034538.jpg","type":"image\/jpeg"}],"twitter_card":"summary_large_image","schema":{"@context":"https:\/\/schema.org","@graph":[{"@type":"WebPage","@id":"https:\/\/retta.fi\/sv\/jobba-for-oss\/","url":"https:\/\/retta.fi\/sv\/jobba-for-oss\/","name":"Jobba f\u00f6r oss- Retta Is\u00e4nn\u00f6inti","isPartOf":{"@id":"https:\/\/retta.fi\/sv\/#website"},"primaryImageOfPage":{"@id":"https:\/\/retta.fi\/sv\/jobba-for-oss\/#primaryimage"},"image":{"@id":"https:\/\/retta.fi\/sv\/jobba-for-oss\/#primaryimage"},"thumbnailUrl":"https:\/\/retta.fi\/wp-content\/uploads\/2024\/11\/iStock-1225034538.jpg","datePublished":"2024-11-10T13:51:17+00:00","dateModified":"2024-12-14T15:30:20+00:00","description":"Tarjoamme monipuolisia ty\u00f6teht\u00e4vi\u00e4 kiinteist\u00f6johtamisen alalla. Yrityksemme palveluksessa ty\u00f6skentelee yli 600 asiantuntijaa ymp\u00e4ri Suomen.","breadcrumb":{"@id":"https:\/\/retta.fi\/sv\/jobba-for-oss\/#breadcrumb"},"inLanguage":"sv-SE","potentialAction":[{"@type":"ReadAction","target":["https:\/\/retta.fi\/sv\/jobba-for-oss\/"]}]},{"@type":"ImageObject","inLanguage":"sv-SE","@id":"https:\/\/retta.fi\/sv\/jobba-for-oss\/#primaryimage","url":"https:\/\/retta.fi\/wp-content\/uploads\/2024\/11\/iStock-1225034538.jpg","contentUrl":"https:\/\/retta.fi\/wp-content\/uploads\/2024\/11\/iStock-1225034538.jpg","width":2120,"height":1414,"caption":"Attractive young businesswoman with a happy smile leaning against an office wall looking at the camera in a close up portrait"},{"@type":"BreadcrumbList","@id":"https:\/\/retta.fi\/sv\/jobba-for-oss\/#breadcrumb","itemListElement":[{"@type":"ListItem","position":1,"name":"Framsida","item":"https:\/\/retta.fi\/sv\/"},{"@type":"ListItem","position":2,"name":"Jobba f\u00f6r oss"}]},{"@type":"WebSite","@id":"https:\/\/retta.fi\/sv\/#website","url":"https:\/\/retta.fi\/sv\/","name":"Retta","description":"","publisher":{"@id":"https:\/\/retta.fi\/sv\/#organization"},"potentialAction":[{"@type":"SearchAction","target":{"@type":"EntryPoint","urlTemplate":"https:\/\/retta.fi\/sv\/?s={search_term_string}"},"query-input":{"@type":"PropertyValueSpecification","valueRequired":true,"valueName":"search_term_string"}}],"inLanguage":"sv-SE"},{"@type":"Organization","@id":"https:\/\/retta.fi\/sv\/#organization","name":"Retta","url":"https:\/\/retta.fi\/sv\/","logo":{"@type":"ImageObject","inLanguage":"sv-SE","@id":"https:\/\/retta.fi\/sv\/#\/schema\/logo\/image\/","url":"https:\/\/retta.fi\/wp-content\/uploads\/2022\/04\/retta_somejako.png","contentUrl":"https:\/\/retta.fi\/wp-content\/uploads\/2022\/04\/retta_somejako.png","width":1200,"height":630,"caption":"Retta"},"image":{"@id":"https:\/\/retta.fi\/sv\/#\/schema\/logo\/image\/"}}]}},"_links":{"self":[{"href":"https:\/\/retta.fi\/sv\/wp-json\/wp\/v2\/pages\/42601","targetHints":{"allow":["GET"]}}],"collection":[{"href":"https:\/\/retta.fi\/sv\/wp-json\/wp\/v2\/pages"}],"about":[{"href":"https:\/\/retta.fi\/sv\/wp-json\/wp\/v2\/types\/page"}],"author":[{"embeddable":true,"href":"https:\/\/retta.fi\/sv\/wp-json\/wp\/v2\/users\/31"}],"replies":[{"embeddable":true,"href":"https:\/\/retta.fi\/sv\/wp-json\/wp\/v2\/comments?post=42601"}],"version-history":[{"count":6,"href":"https:\/\/retta.fi\/sv\/wp-json\/wp\/v2\/pages\/42601\/revisions"}],"predecessor-version":[{"id":44308,"href":"https:\/\/retta.fi\/sv\/wp-json\/wp\/v2\/pages\/42601\/revisions\/44308"}],"wp:featuredmedia":[{"embeddable":true,"href":"https:\/\/retta.fi\/sv\/wp-json\/wp\/v2\/media\/42618"}],"wp:attachment":[{"href":"https:\/\/retta.fi\/sv\/wp-json\/wp\/v2\/media?parent=42601"}],"curies":[{"name":"wp","href":"https:\/\/api.w.org\/{rel}","templated":true}]}}