{"id":42353,"date":"2024-11-06T09:59:00","date_gmt":"2024-11-06T07:59:00","guid":{"rendered":"https:\/\/retta.fi\/?page_id=42353"},"modified":"2024-12-13T16:36:05","modified_gmt":"2024-12-13T14:36:05","slug":"varderingar","status":"publish","type":"page","link":"https:\/\/retta.fi\/sv\/lar-kanna-oss\/varderingar\/","title":{"rendered":"V\u00e4rderingar"},"content":{"rendered":"<section id=\"acf-block-63b2b0a20570f\" class=\"block block-hero container-fluid ct-darkgreen bg-darkgreen \">\n        <div class=\"container\">\n        <div class=\"row\">\n            <div class=\"col-12 col-lg-8 hero-content-col\">\n                <div class=\"hero-content\">\n                    \n\n<h1 class=\"wp-block-heading\">V\u00e5ra <em>v\u00e4rderingar<\/em> styr v\u00e5r verksamhet<\/h1>\n\n\n                <\/div>\n            <\/div>\n        <\/div>\n    <\/div>\n<\/section>\n\n\n\n<div style=\"height:29px\" aria-hidden=\"true\" class=\"wp-block-spacer\"><\/div>\n\n\n\n<section id=\"acf-block-673b0c076d4d6\" class=\"block block-two-innerblocks container-fluid ct-darkgreen bg-darkgreen \">\n    <div class=\"container\">\n        <div class=\"row justify-content-between\">\n            \n<div class=\"block-innerblocks-container-narrow col-12 col-lg-5 entry-content\">\n    \n\n<h3 class=\"wp-block-heading\">Tillsammans lyckas vi<\/h3>\n\n\n\n<p>Kunden st\u00e5r i centrum f\u00f6r v\u00e5r verksamhet.<br>Samarbete och framg\u00e5ng tillsammans med v\u00e5ra kunder garanterar gemensam framg\u00e5ng. Vi gl\u00e4ds \u00e5t framg\u00e5ngarna. Vi litar p\u00e5 varandra och v\u00e5r verksamhet bygger p\u00e5 \u00f6msesidig respekt. <\/p>\n\n\n\n<h3 class=\"wp-block-heading\">Vi f\u00f6rnyar oss modigt<\/h3>\n\n\n\n<p>Vi f\u00f6rnyar modigt v\u00e5r kompetens, verksamhet och bransch med h\u00e4nsyn till kundernas och personalens behov. Vi \u00e4r branschexperter och har en positiv inst\u00e4llning till nya m\u00f6jligheter. Vi har f\u00f6rm\u00e5gan, viljan och r\u00e4tten att g\u00f6ra saker b\u00e4ttre.<\/p>\n\n\n\n<h3 class=\"wp-block-heading\">Vi agerar ansvarsfullt<\/h3>\n\n\n\n<p>Vi tar ansvar f\u00f6r morgondagen. V\u00e5ra val drivs av ansvar f\u00f6r varandra, v\u00e5ra kunder, milj\u00f6n, samh\u00e4llet och ekonomisk framg\u00e5ng. V\u00e5r verksamhet bygger p\u00e5 \u00f6ppenhet och \u00e4rlighet.<\/p>\n\n\n<\/div>\n\n\n<div class=\"block-innerblocks-container col-12 col-lg-6 entry-content\">\n    \n\n<p><img decoding=\"async\" width=\"800\" height=\"490\" class=\"wp-image-42840\" style=\"width: 800px;\" src=\"https:\/\/retta.fi\/wp-content\/uploads\/2024\/11\/Arvot-ohjaavat-toimintaamme.png\" alt=\"\" srcset=\"https:\/\/retta.fi\/wp-content\/uploads\/2024\/11\/Arvot-ohjaavat-toimintaamme.png 2076w, https:\/\/retta.fi\/wp-content\/uploads\/2024\/11\/Arvot-ohjaavat-toimintaamme-360x220.png 360w, https:\/\/retta.fi\/wp-content\/uploads\/2024\/11\/Arvot-ohjaavat-toimintaamme-632x387.png 632w, https:\/\/retta.fi\/wp-content\/uploads\/2024\/11\/Arvot-ohjaavat-toimintaamme-768x470.png 768w, https:\/\/retta.fi\/wp-content\/uploads\/2024\/11\/Arvot-ohjaavat-toimintaamme-1920x1175.png 1920w\" sizes=\"(max-width: 575px) 100vw, (max-width: 767px) 510px, (max-width: 991px) 290px, (max-width: 1199px) 530px, 800px\" \/><\/p>\n\n\n\n<p><\/p>\n\n\n\n<p><\/p>\n\n\n\n<p><\/p>\n\n\n\n<p class=\"is-style-lead\">V\u00e5ra v\u00e4rderingar styr v\u00e5rt arbete och v\u00e5rt s\u00e4tt att t\u00e4nka i v\u00e5r dagliga verksamhet, b\u00e5de gentemot v\u00e5ra kunder, samarbetspartners och kollegor.<\/p>\n\n\n<\/div>\n\n        <\/div>\n    <\/div>\n<\/section>\n\n\n<div style=\"height:100px\" aria-hidden=\"true\" class=\"wp-block-spacer\"><\/div>\n","protected":false},"excerpt":{"rendered":"","protected":false},"author":31,"featured_media":0,"parent":42338,"menu_order":0,"comment_status":"closed","ping_status":"closed","template":"","meta":{"_acf_changed":false,"_relevanssi_hide_post":"","_relevanssi_hide_content":"","_relevanssi_pin_for_all":"","_relevanssi_pin_keywords":"","_relevanssi_unpin_keywords":"","_relevanssi_related_keywords":"","_relevanssi_related_include_ids":"","_relevanssi_related_exclude_ids":"","_relevanssi_related_no_append":"","_relevanssi_related_not_related":"","_relevanssi_related_posts":"1632,1630,1599,1617,1603,1619","_relevanssi_noindex_reason":"","footnotes":""},"class_list":["post-42353","page","type-page","status-publish","hentry"],"acf":[],"yoast_head":"<!-- This site is optimized with the Yoast SEO plugin v27.6 - https:\/\/yoast.com\/product\/yoast-seo-wordpress\/ -->\n<title>V\u00e4rderingar - Retta<\/title>\n<meta name=\"description\" content=\"Olemme pohjoismainen kotien, kiinteist\u00f6jen ja toimitilojen v\u00e4litykseen sek\u00e4 hallintaan erikoistunut toimija.\" \/>\n<meta name=\"robots\" content=\"index, follow, max-snippet:-1, max-image-preview:large, max-video-preview:-1\" \/>\n<link rel=\"canonical\" href=\"https:\/\/retta.fi\/sv\/lar-kanna-oss\/varderingar\/\" \/>\n<meta property=\"og:locale\" content=\"sv_SE\" \/>\n<meta property=\"og:type\" content=\"article\" \/>\n<meta property=\"og:title\" content=\"V\u00e4rderingar - Retta\" \/>\n<meta property=\"og:description\" content=\"Olemme pohjoismainen kotien, kiinteist\u00f6jen ja toimitilojen v\u00e4litykseen sek\u00e4 hallintaan erikoistunut toimija.\" \/>\n<meta property=\"og:url\" content=\"https:\/\/retta.fi\/sv\/lar-kanna-oss\/varderingar\/\" \/>\n<meta property=\"og:site_name\" content=\"Retta\" \/>\n<meta property=\"article:modified_time\" content=\"2024-12-13T14:36:05+00:00\" \/>\n<meta property=\"og:image\" content=\"https:\/\/retta.fi\/wp-content\/uploads\/2024\/11\/Arvot-ohjaavat-toimintaamme.png\" \/>\n\t<meta property=\"og:image:width\" content=\"2076\" \/>\n\t<meta property=\"og:image:height\" content=\"1271\" \/>\n\t<meta property=\"og:image:type\" content=\"image\/png\" \/>\n<meta name=\"twitter:card\" content=\"summary_large_image\" \/>\n<script type=\"application\/ld+json\" class=\"yoast-schema-graph\">{\"@context\":\"https:\\\/\\\/schema.org\",\"@graph\":[{\"@type\":\"WebPage\",\"@id\":\"https:\\\/\\\/retta.fi\\\/sv\\\/lar-kanna-oss\\\/varderingar\\\/\",\"url\":\"https:\\\/\\\/retta.fi\\\/sv\\\/lar-kanna-oss\\\/varderingar\\\/\",\"name\":\"V\u00e4rderingar - Retta\",\"isPartOf\":{\"@id\":\"https:\\\/\\\/retta.fi\\\/sv\\\/#website\"},\"primaryImageOfPage\":{\"@id\":\"https:\\\/\\\/retta.fi\\\/sv\\\/lar-kanna-oss\\\/varderingar\\\/#primaryimage\"},\"image\":{\"@id\":\"https:\\\/\\\/retta.fi\\\/sv\\\/lar-kanna-oss\\\/varderingar\\\/#primaryimage\"},\"thumbnailUrl\":\"https:\\\/\\\/retta.fi\\\/wp-content\\\/uploads\\\/2024\\\/11\\\/Arvot-ohjaavat-toimintaamme.png\",\"datePublished\":\"2024-11-06T07:59:00+00:00\",\"dateModified\":\"2024-12-13T14:36:05+00:00\",\"description\":\"Olemme pohjoismainen kotien, kiinteist\u00f6jen ja toimitilojen v\u00e4litykseen sek\u00e4 hallintaan erikoistunut toimija.\",\"breadcrumb\":{\"@id\":\"https:\\\/\\\/retta.fi\\\/sv\\\/lar-kanna-oss\\\/varderingar\\\/#breadcrumb\"},\"inLanguage\":\"sv-SE\",\"potentialAction\":[{\"@type\":\"ReadAction\",\"target\":[\"https:\\\/\\\/retta.fi\\\/sv\\\/lar-kanna-oss\\\/varderingar\\\/\"]}]},{\"@type\":\"ImageObject\",\"inLanguage\":\"sv-SE\",\"@id\":\"https:\\\/\\\/retta.fi\\\/sv\\\/lar-kanna-oss\\\/varderingar\\\/#primaryimage\",\"url\":\"https:\\\/\\\/retta.fi\\\/wp-content\\\/uploads\\\/2024\\\/11\\\/Arvot-ohjaavat-toimintaamme.png\",\"contentUrl\":\"https:\\\/\\\/retta.fi\\\/wp-content\\\/uploads\\\/2024\\\/11\\\/Arvot-ohjaavat-toimintaamme.png\"},{\"@type\":\"BreadcrumbList\",\"@id\":\"https:\\\/\\\/retta.fi\\\/sv\\\/lar-kanna-oss\\\/varderingar\\\/#breadcrumb\",\"itemListElement\":[{\"@type\":\"ListItem\",\"position\":1,\"name\":\"Framsida\",\"item\":\"https:\\\/\\\/retta.fi\\\/sv\\\/\"},{\"@type\":\"ListItem\",\"position\":2,\"name\":\"L\u00e4r k\u00e4nna oss\",\"item\":\"https:\\\/\\\/retta.fi\\\/sv\\\/lar-kanna-oss\\\/\"},{\"@type\":\"ListItem\",\"position\":3,\"name\":\"V\u00e4rderingar\"}]},{\"@type\":\"WebSite\",\"@id\":\"https:\\\/\\\/retta.fi\\\/sv\\\/#website\",\"url\":\"https:\\\/\\\/retta.fi\\\/sv\\\/\",\"name\":\"Retta\",\"description\":\"\",\"publisher\":{\"@id\":\"https:\\\/\\\/retta.fi\\\/sv\\\/#organization\"},\"potentialAction\":[{\"@type\":\"SearchAction\",\"target\":{\"@type\":\"EntryPoint\",\"urlTemplate\":\"https:\\\/\\\/retta.fi\\\/sv\\\/?s={search_term_string}\"},\"query-input\":{\"@type\":\"PropertyValueSpecification\",\"valueRequired\":true,\"valueName\":\"search_term_string\"}}],\"inLanguage\":\"sv-SE\"},{\"@type\":\"Organization\",\"@id\":\"https:\\\/\\\/retta.fi\\\/sv\\\/#organization\",\"name\":\"Retta\",\"url\":\"https:\\\/\\\/retta.fi\\\/sv\\\/\",\"logo\":{\"@type\":\"ImageObject\",\"inLanguage\":\"sv-SE\",\"@id\":\"https:\\\/\\\/retta.fi\\\/sv\\\/#\\\/schema\\\/logo\\\/image\\\/\",\"url\":\"https:\\\/\\\/retta.fi\\\/wp-content\\\/uploads\\\/2022\\\/04\\\/retta_somejako.png\",\"contentUrl\":\"https:\\\/\\\/retta.fi\\\/wp-content\\\/uploads\\\/2022\\\/04\\\/retta_somejako.png\",\"width\":1200,\"height\":630,\"caption\":\"Retta\"},\"image\":{\"@id\":\"https:\\\/\\\/retta.fi\\\/sv\\\/#\\\/schema\\\/logo\\\/image\\\/\"}}]}<\/script>\n<!-- \/ Yoast SEO plugin. -->","yoast_head_json":{"title":"V\u00e4rderingar - Retta","description":"Olemme pohjoismainen kotien, kiinteist\u00f6jen ja toimitilojen v\u00e4litykseen sek\u00e4 hallintaan erikoistunut toimija.","robots":{"index":"index","follow":"follow","max-snippet":"max-snippet:-1","max-image-preview":"max-image-preview:large","max-video-preview":"max-video-preview:-1"},"canonical":"https:\/\/retta.fi\/sv\/lar-kanna-oss\/varderingar\/","og_locale":"sv_SE","og_type":"article","og_title":"V\u00e4rderingar - Retta","og_description":"Olemme pohjoismainen kotien, kiinteist\u00f6jen ja toimitilojen v\u00e4litykseen sek\u00e4 hallintaan erikoistunut toimija.","og_url":"https:\/\/retta.fi\/sv\/lar-kanna-oss\/varderingar\/","og_site_name":"Retta","article_modified_time":"2024-12-13T14:36:05+00:00","og_image":[{"width":2076,"height":1271,"url":"https:\/\/retta.fi\/wp-content\/uploads\/2024\/11\/Arvot-ohjaavat-toimintaamme.png","type":"image\/png"}],"twitter_card":"summary_large_image","schema":{"@context":"https:\/\/schema.org","@graph":[{"@type":"WebPage","@id":"https:\/\/retta.fi\/sv\/lar-kanna-oss\/varderingar\/","url":"https:\/\/retta.fi\/sv\/lar-kanna-oss\/varderingar\/","name":"V\u00e4rderingar - Retta","isPartOf":{"@id":"https:\/\/retta.fi\/sv\/#website"},"primaryImageOfPage":{"@id":"https:\/\/retta.fi\/sv\/lar-kanna-oss\/varderingar\/#primaryimage"},"image":{"@id":"https:\/\/retta.fi\/sv\/lar-kanna-oss\/varderingar\/#primaryimage"},"thumbnailUrl":"https:\/\/retta.fi\/wp-content\/uploads\/2024\/11\/Arvot-ohjaavat-toimintaamme.png","datePublished":"2024-11-06T07:59:00+00:00","dateModified":"2024-12-13T14:36:05+00:00","description":"Olemme pohjoismainen kotien, kiinteist\u00f6jen ja toimitilojen v\u00e4litykseen sek\u00e4 hallintaan erikoistunut toimija.","breadcrumb":{"@id":"https:\/\/retta.fi\/sv\/lar-kanna-oss\/varderingar\/#breadcrumb"},"inLanguage":"sv-SE","potentialAction":[{"@type":"ReadAction","target":["https:\/\/retta.fi\/sv\/lar-kanna-oss\/varderingar\/"]}]},{"@type":"ImageObject","inLanguage":"sv-SE","@id":"https:\/\/retta.fi\/sv\/lar-kanna-oss\/varderingar\/#primaryimage","url":"https:\/\/retta.fi\/wp-content\/uploads\/2024\/11\/Arvot-ohjaavat-toimintaamme.png","contentUrl":"https:\/\/retta.fi\/wp-content\/uploads\/2024\/11\/Arvot-ohjaavat-toimintaamme.png"},{"@type":"BreadcrumbList","@id":"https:\/\/retta.fi\/sv\/lar-kanna-oss\/varderingar\/#breadcrumb","itemListElement":[{"@type":"ListItem","position":1,"name":"Framsida","item":"https:\/\/retta.fi\/sv\/"},{"@type":"ListItem","position":2,"name":"L\u00e4r k\u00e4nna oss","item":"https:\/\/retta.fi\/sv\/lar-kanna-oss\/"},{"@type":"ListItem","position":3,"name":"V\u00e4rderingar"}]},{"@type":"WebSite","@id":"https:\/\/retta.fi\/sv\/#website","url":"https:\/\/retta.fi\/sv\/","name":"Retta","description":"","publisher":{"@id":"https:\/\/retta.fi\/sv\/#organization"},"potentialAction":[{"@type":"SearchAction","target":{"@type":"EntryPoint","urlTemplate":"https:\/\/retta.fi\/sv\/?s={search_term_string}"},"query-input":{"@type":"PropertyValueSpecification","valueRequired":true,"valueName":"search_term_string"}}],"inLanguage":"sv-SE"},{"@type":"Organization","@id":"https:\/\/retta.fi\/sv\/#organization","name":"Retta","url":"https:\/\/retta.fi\/sv\/","logo":{"@type":"ImageObject","inLanguage":"sv-SE","@id":"https:\/\/retta.fi\/sv\/#\/schema\/logo\/image\/","url":"https:\/\/retta.fi\/wp-content\/uploads\/2022\/04\/retta_somejako.png","contentUrl":"https:\/\/retta.fi\/wp-content\/uploads\/2022\/04\/retta_somejako.png","width":1200,"height":630,"caption":"Retta"},"image":{"@id":"https:\/\/retta.fi\/sv\/#\/schema\/logo\/image\/"}}]}},"_links":{"self":[{"href":"https:\/\/retta.fi\/sv\/wp-json\/wp\/v2\/pages\/42353","targetHints":{"allow":["GET"]}}],"collection":[{"href":"https:\/\/retta.fi\/sv\/wp-json\/wp\/v2\/pages"}],"about":[{"href":"https:\/\/retta.fi\/sv\/wp-json\/wp\/v2\/types\/page"}],"author":[{"embeddable":true,"href":"https:\/\/retta.fi\/sv\/wp-json\/wp\/v2\/users\/31"}],"replies":[{"embeddable":true,"href":"https:\/\/retta.fi\/sv\/wp-json\/wp\/v2\/comments?post=42353"}],"version-history":[{"count":2,"href":"https:\/\/retta.fi\/sv\/wp-json\/wp\/v2\/pages\/42353\/revisions"}],"predecessor-version":[{"id":44117,"href":"https:\/\/retta.fi\/sv\/wp-json\/wp\/v2\/pages\/42353\/revisions\/44117"}],"up":[{"embeddable":true,"href":"https:\/\/retta.fi\/sv\/wp-json\/wp\/v2\/pages\/42338"}],"wp:attachment":[{"href":"https:\/\/retta.fi\/sv\/wp-json\/wp\/v2\/media?parent=42353"}],"curies":[{"name":"wp","href":"https:\/\/api.w.org\/{rel}","templated":true}]}}