{"id":39536,"date":"2024-09-02T14:15:26","date_gmt":"2024-09-02T11:15:26","guid":{"rendered":"https:\/\/retta.fi\/?page_id=39536"},"modified":"2024-09-02T15:29:26","modified_gmt":"2024-09-02T12:29:26","slug":"retta-oy-sekretesspolicy-for-kundservice-och-kundrespons-inklusive-klagomal","status":"publish","type":"page","link":"https:\/\/retta.fi\/sv\/retta-oy-sekretesspolicy-for-kundservice-och-kundrespons-inklusive-klagomal\/","title":{"rendered":"Retta Oy \u2013 Sekretesspolicy f\u00f6r kundservice och kundrespons (inklusive klagom\u00e5l)"},"content":{"rendered":"<section id=\"acf-block-65000da74cc7a\" class=\"block block-hero container-fluid ct-darkgreen bg-darkgreen \">\n        <div class=\"container\">\n        <div class=\"row\">\n            <div class=\"col-12 col-lg-8 hero-content-col\">\n                <div class=\"hero-content\">\n                    \n\n<h1 class=\"wp-block-heading\"><strong>Retta Oy \u2013 Sekretesspolicy f\u00f6r kundservice och kundrespons (inklusive klagom\u00e5l)<\/strong><\/h1>\n\n\n                <\/div>\n            <\/div>\n        <\/div>\n    <\/div>\n<\/section>\n\n\n\n<section id=\"acf-block-65000da74cc8c\" class=\"block block-content-wrapper container-fluid container-fluid \">\n    <div class=\"container\">\n        <div class=\"row\">\n            <div class=\"col-12 col-lg-8 offset-lg-2 col-hd-6 offset-hd-3\">\n                <main class=\"entry-content\">\n                    \n\n<p><em>Retta Oy tillhandah\u00e5ller centraliserad kundservice f\u00f6r sina kunder och andra potentiella kunder och intressenter. F\u00f6retaget hanterar \u00e4ven olika slag av kundrespons fr\u00e5n sina kunder, bl.a.\u00a0 eventuella klagom\u00e5l mot f\u00f6retaget. Retta Oy, FO-nummer 3434128-4 fungerar som personuppgiftsansvarig enligt definitionen i dataskyddslagstiftningen. Syftet med denna integritetspolicy \u00e4r att informera registrerade anv\u00e4ndare om behandlingen av deras personuppgifter n\u00e4r det g\u00e4ller kundservice, kundrespons och klagom\u00e5l.<\/em>\u00a0<\/p>\n\n\n\n<p>Retta hanterar den kundservice som de erbjuder sina egna kunders kunder. I dessa avseenden b\u00f6r alla f\u00f6rfr\u00e5gningar och f\u00f6rfr\u00e5gningar om dataskydd st\u00e4llas till den relevanta personuppgiftsansvarige.\u202f\u00a0<\/p>\n\n\n\n<p><strong>Vilka personuppgifter behandlar Retta och f\u00f6r vilket \u00e4ndam\u00e5l?<\/strong>&nbsp;<\/p>\n\n\n\n<p>Kundservice som Retta producerar f\u00f6r sina kunder sk\u00f6ts av Rettas centrala kundservicecenter. Alla inkommande kundkontakter till centralen, exempelvis e-post och samtal, sparas i ett kundtj\u00e4nstsystem. De uppgifter som sparas \u00e4r datum och klockslag f\u00f6r kundkontakten samt kundens namn, telefonnummer och e-postadress. I systemet sparas inneh\u00e5llet i e-postmeddelanden och inspelningar av telefonsamtal. Syftet med att anv\u00e4nda informationen \u00e4r att identifiera kunden, hantera kundservice och h\u00e5lla kontakt med kunder, verifiera inneh\u00e5llet i samtal, s\u00e4kerst\u00e4lla kvaliteten p\u00e5 kundservicen och utveckla driften av kundtj\u00e4nstcentret.&nbsp;<\/p>\n\n\n\n<p>N\u00e4r det g\u00e4ller klagom\u00e5l (i den m\u00e5n de eventuellt inneh\u00e5ller personuppgifter) \u00e4r syftet med anv\u00e4ndningen att behandla klagom\u00e5let och anv\u00e4nda Rettas r\u00e4ttsmedel.&nbsp;<\/p>\n\n\n\n<p><strong>Vad bygger Rettas behandling av personuppgifter p\u00e5?<\/strong>&nbsp;<\/p>\n\n\n\n<p>Behandlingen av personuppgifter som utf\u00f6rs som en del av kundtj\u00e4nsten och behandlingen av kundfeedback och klagom\u00e5l bygger p\u00e5 att hantera avtalsf\u00f6rh\u00e5llandet mellan Retta och kunden i den m\u00e5n \u00e4rendet har att g\u00f6ra med avtalsf\u00f6rh\u00e5llandet. Behandlingen av personuppgifter grundar sig p\u00e5 den personuppgiftsansvariges ber\u00e4ttigade intresse. Rettas ber\u00e4ttigade intresse \u00e4r att s\u00e4kerst\u00e4lla kvaliteten p\u00e5 kundservicen och att utveckla verksamheten i kundtj\u00e4nstcentret och, vid reklamationer, att skydda mot anklagelser mot Retta.&nbsp;<\/p>\n\n\n\n<p><strong>Var f\u00e5r Retta  personuppgifterna ifr\u00e5n?<\/strong>&nbsp;<\/p>\n\n\n\n<p>Informationen h\u00e4mtas i regel fr\u00e5n de registrerade sj\u00e4lva: p\u00e5 basis av ett telefonsamtal, ett e-postmeddelande eller en chattkonversation som startas p\u00e5 sidan retta.fi, eller fr\u00e5n tidigare kundsituationer.&nbsp;<\/p>\n\n\n\n<p><strong>Profilering och automatiskt beslutsfattande&nbsp;<\/strong>&nbsp;<\/p>\n\n\n\n<p>De registrerades uppgifter anv\u00e4nds inte f\u00f6r profilering och inte heller till\u00e4mpas automatiserade besluts\u00e5tg\u00e4rder p\u00e5 dem.&nbsp;&nbsp;<\/p>\n\n\n\n<p><strong>Personuppgiftsbitr\u00e4den och utl\u00e4mnande av uppgifter till tredje part<\/strong>&nbsp;<\/p>\n\n\n\n<p>Personuppgifter kan l\u00e4mnas ut inom Retta koncernen f\u00f6r aff\u00e4rsutveckling eller f\u00f6r att anv\u00e4nda r\u00e4ttsmedel (hantering av klagom\u00e5l).&nbsp;&nbsp;<\/p>\n\n\n\n<p>Vid produktion av tj\u00e4nster \u00e5t sina kunder anv\u00e4nder Retta olika system och d\u00e4rmed personuppgiftsbitr\u00e4den.&nbsp;&nbsp;<\/p>\n\n\n\n<p>Dessutom kan framst\u00e4llan eller f\u00f6rsvar av r\u00e4ttsliga anspr\u00e5k f\u00f6ruts\u00e4tta utl\u00e4mnande av personuppgifter till ett f\u00f6rs\u00e4kringsbolag eller ett juridiskt ombud. Uppgifter kan ocks\u00e5 l\u00e4mnas ut till myndigheter p\u00e5 det s\u00e4tt som lagstiftningen f\u00f6ruts\u00e4tter.&nbsp;<\/p>\n\n\n\n<p>Uppgifter l\u00e4mnas i regel inte ut utanf\u00f6r EU eller EES.&nbsp;<\/p>\n\n\n\n<p><strong>Hur l\u00e4nge f\u00f6rvaras personuppgifter?<\/strong>&nbsp;<\/p>\n\n\n\n<p>Uppgifter som sparats i kundtj\u00e4nstsystemet f\u00f6rvaras i 180 dygn. Om sk\u00f6tseln av en enskild uppgift inom kundtj\u00e4nsten kr\u00e4ver det kan uppgifterna vid behov \u00e4ven f\u00f6rvaras l\u00e4ngre, tills den aktuella uppgiften har utf\u00f6rts.&nbsp;<\/p>\n\n\n\n<p>\u00d6vrig kundrespons och klagom\u00e5l f\u00f6rvaras tills den aktuella responsen eller klagom\u00e5len har behandlats eller s\u00e5 l\u00e4nge det \u00e4r n\u00f6dv\u00e4ndigt f\u00f6r eventuella r\u00e4ttsliga \u00e5tg\u00e4rder.&nbsp;<\/p>\n\n\n\n<p><strong>Hur skyddas uppgifterna?<\/strong>&nbsp;<\/p>\n\n\n\n<p>Uppgifterna skyddas genom l\u00e4mpliga tekniska och organisatoriska \u00e5tg\u00e4rder. Pappersmaterial f\u00f6rvaras i ett l\u00e5st utrymme. Elektroniskt material skyddas genom tekniska \u00e5tg\u00e4rder, och \u00e5tkomstr\u00e4ttigheter till systemen beviljas endast de personer f\u00f6r vilka det \u00e4r n\u00f6dv\u00e4ndigt med h\u00e4nsyn till deras arbete eller uppgifter. Huoneistokeskus personal har tystnadsplikt. Personalen utbildas och handleds i lagenlig behandling av personuppgifter.&nbsp;<\/p>\n\n\n\n<p>\u00c4ven av eventuella externa personuppgiftsbitr\u00e4den, som inte tillh\u00f6r Retta, f\u00f6ruts\u00e4tts l\u00e4mpliga tekniska och organisatoriska skydds\u00e5tg\u00e4rder samt \u00e5tagande om sekretessplikt.\u00a0<\/p>\n\n\n\n<p><strong>Vilka \u00e4r den registrerades r\u00e4ttigheter?<\/strong>&nbsp;<\/p>\n\n\n\n<p>Den registrerade har r\u00e4tt att f\u00e5 bekr\u00e4ftelse p\u00e5 huruvida personuppgifter som r\u00f6r honom eller henne behandlas av den personuppgiftsansvarige. Om uppgifter behandlas har den registrerade r\u00e4tt att f\u00e5 en kopia av de personuppgifter som behandlas. Den registrerade har r\u00e4tt att f\u00e5 ofullst\u00e4ndiga, felaktiga eller f\u00f6r\u00e5ldrade personuppgifter som r\u00f6r honom eller henne r\u00e4ttade.&nbsp;<\/p>\n\n\n\n<p>Om behandlingen av personuppgifter grundar sig p\u00e5 den registrerades samtycke eller avtalsf\u00f6rh\u00e5llande, har den registrerade r\u00e4tt att f\u00e5 ut de personuppgifter som r\u00f6r honom eller henne och som han eller hon har tillhandah\u00e5llit den personuppgiftsansvarige i ett strukturerat, allm\u00e4nt anv\u00e4nt och maskinl\u00e4sbart format samt r\u00e4tt att \u00f6verf\u00f6ra dessa uppgifter till en annan personuppgiftsansvarig. Denna r\u00e4tt g\u00e4ller endast om behandlingen av personuppgifter sker automatiserat.&nbsp;<\/p>\n\n\n\n<p>Den registrerade har r\u00e4tt att under vissa omst\u00e4ndigheter begr\u00e4nsa behandlingen av personuppgifter. Denna r\u00e4tt g\u00e4ller till exempel i en situation d\u00e4r den registrerade bestrider personuppgifternas korrekthet eller att behandlingen \u00e4r laglig. D\u00e5 begr\u00e4nsas behandlingen under den tid som beh\u00f6vs f\u00f6r att kontrollera att uppgifterna \u00e4r korrekta och behandlingen laglig.&nbsp;<\/p>\n\n\n\n<p>Den registrerade har r\u00e4tt att f\u00e5 sina personuppgifter raderade. Denna r\u00e4ttighet \u00e4r relevant endast om personuppgifterna inte l\u00e4ngre beh\u00f6vs f\u00f6r de \u00e4ndam\u00e5l f\u00f6r vilka de samlats in, det inte finns n\u00e5gon annan laglig grund f\u00f6r behandlingen och uppgifterna inte beh\u00f6ver f\u00f6rvaras enligt lag. Uppgifter kan med andra ord inte raderas s\u00e5 l\u00e4nge det finns en r\u00e4ttslig grund f\u00f6r f\u00f6rvaring av dem.&nbsp;<\/p>\n\n\n\n<p>Om behandlingen av personuppgifter grundar sig enbart p\u00e5 den registrerades samtycke har den registrerade r\u00e4tt att n\u00e4r som helst \u00e5terkalla sitt samtycke. Den registrerade har dessutom r\u00e4tt att inv\u00e4nda mot behandling av personuppgifter som avser honom eller henne, om behandlingen grundar sig p\u00e5 den personuppgiftsansvariges ber\u00e4ttigade intresse.&nbsp;<\/p>\n\n\n\n<p>Den registrerade har ocks\u00e5 r\u00e4tt att l\u00e4mna in klagom\u00e5l till dataombudsmannen (<a href=\"http:\/\/www.tietosuoja.fi\/\" target=\"_blank\" rel=\"noreferrer noopener\">www.tietosuoja.fi<\/a>), om den personuppgiftsansvarige inte uppfyller sina skyldigheter som personuppgiftsansvarig eller i \u00f6vrigt inte iakttar den till\u00e4mpliga dataskyddslagstiftningen.&nbsp;<\/p>\n\n\n\n<p>Vid fr\u00e5gor g\u00e4llande behandling av personuppgifter och de registrerades r\u00e4ttigheter ber vi dig ta kontakt per\u202f<a href=\"mailto:tietosuoja@retta.fi?subject=Retta%20Management%20i%20siffror\" target=\"_blank\" rel=\"noreferrer noopener\">e-post<\/a>. Innan vi l\u00e4mnar uppgifterna kontrollerar vi identiteten.&nbsp;<\/p>\n\n\n\n<p>Denna sekretesspolicy uppdaterades senast den 1 September 2024.\u00a0<\/p>\n\n\n                <\/main>\n            <\/div>\n        <\/div>\n    <\/div>\n<\/section>","protected":false},"excerpt":{"rendered":"","protected":false},"author":31,"featured_media":0,"parent":0,"menu_order":0,"comment_status":"closed","ping_status":"closed","template":"","meta":{"_acf_changed":false,"_relevanssi_hide_post":"","_relevanssi_hide_content":"","_relevanssi_pin_for_all":"","_relevanssi_pin_keywords":"","_relevanssi_unpin_keywords":"","_relevanssi_related_keywords":"","_relevanssi_related_include_ids":"","_relevanssi_related_exclude_ids":"","_relevanssi_related_no_append":"","_relevanssi_related_not_related":"","_relevanssi_related_posts":"1888,1900,1908,1898,21223,1904","_relevanssi_noindex_reason":"","footnotes":""},"class_list":["post-39536","page","type-page","status-publish","hentry"],"acf":[],"yoast_head":"<!-- This site is optimized with the Yoast SEO plugin v27.1.1 - https:\/\/yoast.com\/product\/yoast-seo-wordpress\/ -->\n<title>Retta Oy \u2013 Sekretesspolicy f\u00f6r kundservice och kundrespons (inklusive klagom\u00e5l) - Retta<\/title>\n<meta name=\"description\" content=\"Retta Oy \u2013 Sekretesspolicy f\u00f6r kundservice och kundrespons (inklusive klagom\u00e5l) Retta Oy tillhandah\u00e5ller centraliserad kundservice f\u00f6r sina kunder och\" \/>\n<meta name=\"robots\" content=\"index, follow, max-snippet:-1, max-image-preview:large, max-video-preview:-1\" \/>\n<link rel=\"canonical\" href=\"https:\/\/retta.fi\/sv\/retta-oy-sekretesspolicy-for-kundservice-och-kundrespons-inklusive-klagomal\/\" \/>\n<meta property=\"og:locale\" content=\"sv_SE\" \/>\n<meta property=\"og:type\" content=\"article\" \/>\n<meta property=\"og:title\" content=\"Retta Oy \u2013 Sekretesspolicy f\u00f6r kundservice och kundrespons (inklusive klagom\u00e5l) - Retta\" \/>\n<meta property=\"og:description\" content=\"Retta Oy \u2013 Sekretesspolicy f\u00f6r kundservice och kundrespons (inklusive klagom\u00e5l) Retta Oy tillhandah\u00e5ller centraliserad kundservice f\u00f6r sina kunder och\" \/>\n<meta property=\"og:url\" content=\"https:\/\/retta.fi\/sv\/retta-oy-sekretesspolicy-for-kundservice-och-kundrespons-inklusive-klagomal\/\" \/>\n<meta property=\"og:site_name\" content=\"Retta\" \/>\n<meta property=\"article:modified_time\" content=\"2024-09-02T12:29:26+00:00\" \/>\n<meta property=\"og:image\" content=\"https:\/\/retta.fi\/wp-content\/uploads\/2022\/04\/retta_somejako.png\" \/>\n\t<meta property=\"og:image:width\" content=\"1200\" \/>\n\t<meta property=\"og:image:height\" content=\"630\" \/>\n\t<meta property=\"og:image:type\" content=\"image\/png\" \/>\n<meta name=\"twitter:card\" content=\"summary_large_image\" \/>\n<script type=\"application\/ld+json\" class=\"yoast-schema-graph\">{\"@context\":\"https:\/\/schema.org\",\"@graph\":[{\"@type\":\"WebPage\",\"@id\":\"https:\/\/retta.fi\/sv\/retta-oy-sekretesspolicy-for-kundservice-och-kundrespons-inklusive-klagomal\/\",\"url\":\"https:\/\/retta.fi\/sv\/retta-oy-sekretesspolicy-for-kundservice-och-kundrespons-inklusive-klagomal\/\",\"name\":\"Retta Oy \u2013 Sekretesspolicy f\u00f6r kundservice och kundrespons (inklusive klagom\u00e5l) - Retta\",\"isPartOf\":{\"@id\":\"https:\/\/retta.fi\/sv\/#website\"},\"datePublished\":\"2024-09-02T11:15:26+00:00\",\"dateModified\":\"2024-09-02T12:29:26+00:00\",\"description\":\"Retta Oy \u2013 Sekretesspolicy f\u00f6r kundservice och kundrespons (inklusive klagom\u00e5l) Retta Oy tillhandah\u00e5ller centraliserad kundservice f\u00f6r sina kunder och\",\"breadcrumb\":{\"@id\":\"https:\/\/retta.fi\/sv\/retta-oy-sekretesspolicy-for-kundservice-och-kundrespons-inklusive-klagomal\/#breadcrumb\"},\"inLanguage\":\"sv-SE\",\"potentialAction\":[{\"@type\":\"ReadAction\",\"target\":[\"https:\/\/retta.fi\/sv\/retta-oy-sekretesspolicy-for-kundservice-och-kundrespons-inklusive-klagomal\/\"]}]},{\"@type\":\"BreadcrumbList\",\"@id\":\"https:\/\/retta.fi\/sv\/retta-oy-sekretesspolicy-for-kundservice-och-kundrespons-inklusive-klagomal\/#breadcrumb\",\"itemListElement\":[{\"@type\":\"ListItem\",\"position\":1,\"name\":\"Framsida\",\"item\":\"https:\/\/retta.fi\/sv\/\"},{\"@type\":\"ListItem\",\"position\":2,\"name\":\"Retta Oy \u2013 Sekretesspolicy f\u00f6r kundservice och kundrespons (inklusive klagom\u00e5l)\"}]},{\"@type\":\"WebSite\",\"@id\":\"https:\/\/retta.fi\/sv\/#website\",\"url\":\"https:\/\/retta.fi\/sv\/\",\"name\":\"Retta\",\"description\":\"\",\"publisher\":{\"@id\":\"https:\/\/retta.fi\/sv\/#organization\"},\"potentialAction\":[{\"@type\":\"SearchAction\",\"target\":{\"@type\":\"EntryPoint\",\"urlTemplate\":\"https:\/\/retta.fi\/sv\/?s={search_term_string}\"},\"query-input\":{\"@type\":\"PropertyValueSpecification\",\"valueRequired\":true,\"valueName\":\"search_term_string\"}}],\"inLanguage\":\"sv-SE\"},{\"@type\":\"Organization\",\"@id\":\"https:\/\/retta.fi\/sv\/#organization\",\"name\":\"Retta\",\"url\":\"https:\/\/retta.fi\/sv\/\",\"logo\":{\"@type\":\"ImageObject\",\"inLanguage\":\"sv-SE\",\"@id\":\"https:\/\/retta.fi\/sv\/#\/schema\/logo\/image\/\",\"url\":\"https:\/\/retta.fi\/wp-content\/uploads\/2022\/04\/retta_somejako.png\",\"contentUrl\":\"https:\/\/retta.fi\/wp-content\/uploads\/2022\/04\/retta_somejako.png\",\"width\":1200,\"height\":630,\"caption\":\"Retta\"},\"image\":{\"@id\":\"https:\/\/retta.fi\/sv\/#\/schema\/logo\/image\/\"}}]}<\/script>\n<!-- \/ Yoast SEO plugin. -->","yoast_head_json":{"title":"Retta Oy \u2013 Sekretesspolicy f\u00f6r kundservice och kundrespons (inklusive klagom\u00e5l) - Retta","description":"Retta Oy \u2013 Sekretesspolicy f\u00f6r kundservice och kundrespons (inklusive klagom\u00e5l) Retta Oy tillhandah\u00e5ller centraliserad kundservice f\u00f6r sina kunder och","robots":{"index":"index","follow":"follow","max-snippet":"max-snippet:-1","max-image-preview":"max-image-preview:large","max-video-preview":"max-video-preview:-1"},"canonical":"https:\/\/retta.fi\/sv\/retta-oy-sekretesspolicy-for-kundservice-och-kundrespons-inklusive-klagomal\/","og_locale":"sv_SE","og_type":"article","og_title":"Retta Oy \u2013 Sekretesspolicy f\u00f6r kundservice och kundrespons (inklusive klagom\u00e5l) - Retta","og_description":"Retta Oy \u2013 Sekretesspolicy f\u00f6r kundservice och kundrespons (inklusive klagom\u00e5l) Retta Oy tillhandah\u00e5ller centraliserad kundservice f\u00f6r sina kunder och","og_url":"https:\/\/retta.fi\/sv\/retta-oy-sekretesspolicy-for-kundservice-och-kundrespons-inklusive-klagomal\/","og_site_name":"Retta","article_modified_time":"2024-09-02T12:29:26+00:00","og_image":[{"width":1200,"height":630,"url":"https:\/\/retta.fi\/wp-content\/uploads\/2022\/04\/retta_somejako.png","type":"image\/png"}],"twitter_card":"summary_large_image","schema":{"@context":"https:\/\/schema.org","@graph":[{"@type":"WebPage","@id":"https:\/\/retta.fi\/sv\/retta-oy-sekretesspolicy-for-kundservice-och-kundrespons-inklusive-klagomal\/","url":"https:\/\/retta.fi\/sv\/retta-oy-sekretesspolicy-for-kundservice-och-kundrespons-inklusive-klagomal\/","name":"Retta Oy \u2013 Sekretesspolicy f\u00f6r kundservice och kundrespons (inklusive klagom\u00e5l) - Retta","isPartOf":{"@id":"https:\/\/retta.fi\/sv\/#website"},"datePublished":"2024-09-02T11:15:26+00:00","dateModified":"2024-09-02T12:29:26+00:00","description":"Retta Oy \u2013 Sekretesspolicy f\u00f6r kundservice och kundrespons (inklusive klagom\u00e5l) Retta Oy tillhandah\u00e5ller centraliserad kundservice f\u00f6r sina kunder och","breadcrumb":{"@id":"https:\/\/retta.fi\/sv\/retta-oy-sekretesspolicy-for-kundservice-och-kundrespons-inklusive-klagomal\/#breadcrumb"},"inLanguage":"sv-SE","potentialAction":[{"@type":"ReadAction","target":["https:\/\/retta.fi\/sv\/retta-oy-sekretesspolicy-for-kundservice-och-kundrespons-inklusive-klagomal\/"]}]},{"@type":"BreadcrumbList","@id":"https:\/\/retta.fi\/sv\/retta-oy-sekretesspolicy-for-kundservice-och-kundrespons-inklusive-klagomal\/#breadcrumb","itemListElement":[{"@type":"ListItem","position":1,"name":"Framsida","item":"https:\/\/retta.fi\/sv\/"},{"@type":"ListItem","position":2,"name":"Retta Oy \u2013 Sekretesspolicy f\u00f6r kundservice och kundrespons (inklusive klagom\u00e5l)"}]},{"@type":"WebSite","@id":"https:\/\/retta.fi\/sv\/#website","url":"https:\/\/retta.fi\/sv\/","name":"Retta","description":"","publisher":{"@id":"https:\/\/retta.fi\/sv\/#organization"},"potentialAction":[{"@type":"SearchAction","target":{"@type":"EntryPoint","urlTemplate":"https:\/\/retta.fi\/sv\/?s={search_term_string}"},"query-input":{"@type":"PropertyValueSpecification","valueRequired":true,"valueName":"search_term_string"}}],"inLanguage":"sv-SE"},{"@type":"Organization","@id":"https:\/\/retta.fi\/sv\/#organization","name":"Retta","url":"https:\/\/retta.fi\/sv\/","logo":{"@type":"ImageObject","inLanguage":"sv-SE","@id":"https:\/\/retta.fi\/sv\/#\/schema\/logo\/image\/","url":"https:\/\/retta.fi\/wp-content\/uploads\/2022\/04\/retta_somejako.png","contentUrl":"https:\/\/retta.fi\/wp-content\/uploads\/2022\/04\/retta_somejako.png","width":1200,"height":630,"caption":"Retta"},"image":{"@id":"https:\/\/retta.fi\/sv\/#\/schema\/logo\/image\/"}}]}},"_links":{"self":[{"href":"https:\/\/retta.fi\/sv\/wp-json\/wp\/v2\/pages\/39536","targetHints":{"allow":["GET"]}}],"collection":[{"href":"https:\/\/retta.fi\/sv\/wp-json\/wp\/v2\/pages"}],"about":[{"href":"https:\/\/retta.fi\/sv\/wp-json\/wp\/v2\/types\/page"}],"author":[{"embeddable":true,"href":"https:\/\/retta.fi\/sv\/wp-json\/wp\/v2\/users\/31"}],"replies":[{"embeddable":true,"href":"https:\/\/retta.fi\/sv\/wp-json\/wp\/v2\/comments?post=39536"}],"version-history":[{"count":1,"href":"https:\/\/retta.fi\/sv\/wp-json\/wp\/v2\/pages\/39536\/revisions"}],"predecessor-version":[{"id":39556,"href":"https:\/\/retta.fi\/sv\/wp-json\/wp\/v2\/pages\/39536\/revisions\/39556"}],"wp:attachment":[{"href":"https:\/\/retta.fi\/sv\/wp-json\/wp\/v2\/media?parent=39536"}],"curies":[{"name":"wp","href":"https:\/\/api.w.org\/{rel}","templated":true}]}}