{"id":38026,"date":"2024-07-15T13:40:44","date_gmt":"2024-07-15T10:40:44","guid":{"rendered":"https:\/\/retta.fi\/retta-management-forstasida\/konsultointi-ja-arviointipalvelut-turku\/"},"modified":"2024-09-23T14:38:20","modified_gmt":"2024-09-23T11:38:20","slug":"konsultointi-ja-arviointipalvelut-turku","status":"publish","type":"page","link":"https:\/\/retta.fi\/sv\/konsultointi-ja-arviointipalvelut-turku\/","title":{"rendered":"Konsultointi- ja arviointipalvelut, Turku"},"content":{"rendered":"<section id=\"acf-block-6694fb70bf392\" class=\"block block-hero container-fluid ct-darkgreen bg-darkgreen \">\n        <div class=\"container\">\n        <div class=\"row\">\n            <div class=\"col-12 col-lg-8 hero-content-col\">\n                <div class=\"hero-content\">\n                    \n\n<h1 class=\"wp-block-heading\">Konsultointi- ja arviointipalvelut, Turku<\/h1>\n\n\n                <\/div>\n            <\/div>\n        <\/div>\n    <\/div>\n<\/section>\n\n\n\n<section id=\"acf-block-6694fb70bf3b6\" class=\"block block-two-innerblocks container-fluid default-bg has-bg-pattern\">\n    <div class=\"container\">\n        <div class=\"row justify-content-between\">\n            \n<div class=\"block-innerblocks-container-narrow col-12 col-lg-5 entry-content\">\n    \n<div class=\"block-map-embed\"><div class=\"element map-embed\">\n        <div class=\"osm-map-embed\" id=\"osm-map-1\" data-lat=\"61.4926890\"\n        data-lon=\"23.7552364\"><\/div>\n    <\/div>\n<\/div>\n\n<\/div>\n\n\n<div class=\"block-innerblocks-container col-12 col-lg-6 entry-content\">\n    \n\n<p>Eerikinkatu 26, 20100 Turku<br>Puh.\u00a0020 780 3760<\/p>\n\n\n\n<p>Toimiston aukioloajat:&nbsp;Sopimuksen mukaan<\/p>\n\n\n\n<p>S\u00e4hk\u00f6posti:&nbsp;arviotrm@retta.fi<\/p>\n\n\n\n<p>Kiinteist\u00f6alan asiantuntijamme tarjoavat laadukkaat kiinteist\u00f6arviot eri k\u00e4ytt\u00f6tarkoituksiin. Teemme my\u00f6s erilaisia kiinteist\u00f6salkkujen portfolio- ja optimointistrategiaselvityksi\u00e4 ja konsultointia sek\u00e4 markkinatutkimuksia. Palvelemme asiakkaitamme Turun alueella.<\/p>\n\n\n<\/div>\n\n        <\/div>\n    <\/div>\n<\/section>\n\n\n\n\n<section id=\"acf-block-6694fb70bf4f3\" class=\"block block-content-highlights container-fluid container-fluid \">\n    <div class=\"container\">\n          \n    <\/div>\n<\/section>\n","protected":false},"excerpt":{"rendered":"","protected":false},"author":31,"featured_media":0,"parent":0,"menu_order":0,"comment_status":"closed","ping_status":"closed","template":"","meta":{"_acf_changed":false,"_relevanssi_hide_post":"","_relevanssi_hide_content":"","_relevanssi_pin_for_all":"","_relevanssi_pin_keywords":"","_relevanssi_unpin_keywords":"","_relevanssi_related_keywords":"","_relevanssi_related_include_ids":"","_relevanssi_related_exclude_ids":"","_relevanssi_related_no_append":"","_relevanssi_related_not_related":"","_relevanssi_related_posts":"33287,3708,29166,10601,27701,33406","_relevanssi_noindex_reason":"","footnotes":""},"class_list":["post-38026","page","type-page","status-publish","hentry"],"acf":[],"yoast_head":"<!-- This site is optimized with the Yoast SEO plugin v27.1.1 - https:\/\/yoast.com\/product\/yoast-seo-wordpress\/ -->\n<title>Konsultointi- ja arviointipalvelut, Turku - Retta<\/title>\n<meta name=\"description\" content=\"Konsultointi- ja arviointipalvelut, Turku Eerikinkatu 26, 20100 TurkuPuh.\u00a0020 780 3760 Toimiston aukioloajat:&nbsp;Sopimuksen mukaan\" \/>\n<meta name=\"robots\" content=\"index, follow, max-snippet:-1, max-image-preview:large, max-video-preview:-1\" \/>\n<link rel=\"canonical\" href=\"https:\/\/retta.fi\/sv\/konsultointi-ja-arviointipalvelut-turku\/\" \/>\n<meta property=\"og:locale\" content=\"sv_SE\" \/>\n<meta property=\"og:type\" content=\"article\" \/>\n<meta property=\"og:title\" content=\"Konsultointi- ja arviointipalvelut, Turku - Retta\" \/>\n<meta property=\"og:description\" content=\"Konsultointi- ja arviointipalvelut, Turku Eerikinkatu 26, 20100 TurkuPuh.\u00a0020 780 3760 Toimiston aukioloajat:&nbsp;Sopimuksen mukaan\" \/>\n<meta property=\"og:url\" content=\"https:\/\/retta.fi\/sv\/konsultointi-ja-arviointipalvelut-turku\/\" \/>\n<meta property=\"og:site_name\" content=\"Retta\" \/>\n<meta property=\"article:modified_time\" content=\"2024-09-23T11:38:20+00:00\" \/>\n<meta property=\"og:image\" content=\"https:\/\/retta.fi\/wp-content\/uploads\/2022\/04\/retta_somejako.png\" \/>\n\t<meta property=\"og:image:width\" content=\"1200\" \/>\n\t<meta property=\"og:image:height\" content=\"630\" \/>\n\t<meta property=\"og:image:type\" content=\"image\/png\" \/>\n<meta name=\"twitter:card\" content=\"summary_large_image\" \/>\n<script type=\"application\/ld+json\" class=\"yoast-schema-graph\">{\"@context\":\"https:\/\/schema.org\",\"@graph\":[{\"@type\":\"WebPage\",\"@id\":\"https:\/\/retta.fi\/sv\/konsultointi-ja-arviointipalvelut-turku\/\",\"url\":\"https:\/\/retta.fi\/sv\/konsultointi-ja-arviointipalvelut-turku\/\",\"name\":\"Konsultointi- ja arviointipalvelut, Turku - Retta\",\"isPartOf\":{\"@id\":\"https:\/\/retta.fi\/sv\/#website\"},\"datePublished\":\"2024-07-15T10:40:44+00:00\",\"dateModified\":\"2024-09-23T11:38:20+00:00\",\"description\":\"Konsultointi- ja arviointipalvelut, Turku Eerikinkatu 26, 20100 TurkuPuh.\u00a0020 780 3760 Toimiston aukioloajat:&nbsp;Sopimuksen mukaan\",\"breadcrumb\":{\"@id\":\"https:\/\/retta.fi\/sv\/konsultointi-ja-arviointipalvelut-turku\/#breadcrumb\"},\"inLanguage\":\"sv-SE\",\"potentialAction\":[{\"@type\":\"ReadAction\",\"target\":[\"https:\/\/retta.fi\/sv\/konsultointi-ja-arviointipalvelut-turku\/\"]}]},{\"@type\":\"BreadcrumbList\",\"@id\":\"https:\/\/retta.fi\/sv\/konsultointi-ja-arviointipalvelut-turku\/#breadcrumb\",\"itemListElement\":[{\"@type\":\"ListItem\",\"position\":1,\"name\":\"Framsida\",\"item\":\"https:\/\/retta.fi\/sv\/\"},{\"@type\":\"ListItem\",\"position\":2,\"name\":\"Konsultointi- ja arviointipalvelut, Turku\"}]},{\"@type\":\"WebSite\",\"@id\":\"https:\/\/retta.fi\/sv\/#website\",\"url\":\"https:\/\/retta.fi\/sv\/\",\"name\":\"Retta\",\"description\":\"\",\"publisher\":{\"@id\":\"https:\/\/retta.fi\/sv\/#organization\"},\"potentialAction\":[{\"@type\":\"SearchAction\",\"target\":{\"@type\":\"EntryPoint\",\"urlTemplate\":\"https:\/\/retta.fi\/sv\/?s={search_term_string}\"},\"query-input\":{\"@type\":\"PropertyValueSpecification\",\"valueRequired\":true,\"valueName\":\"search_term_string\"}}],\"inLanguage\":\"sv-SE\"},{\"@type\":\"Organization\",\"@id\":\"https:\/\/retta.fi\/sv\/#organization\",\"name\":\"Retta\",\"url\":\"https:\/\/retta.fi\/sv\/\",\"logo\":{\"@type\":\"ImageObject\",\"inLanguage\":\"sv-SE\",\"@id\":\"https:\/\/retta.fi\/sv\/#\/schema\/logo\/image\/\",\"url\":\"https:\/\/retta.fi\/wp-content\/uploads\/2022\/04\/retta_somejako.png\",\"contentUrl\":\"https:\/\/retta.fi\/wp-content\/uploads\/2022\/04\/retta_somejako.png\",\"width\":1200,\"height\":630,\"caption\":\"Retta\"},\"image\":{\"@id\":\"https:\/\/retta.fi\/sv\/#\/schema\/logo\/image\/\"}}]}<\/script>\n<!-- \/ Yoast SEO plugin. -->","yoast_head_json":{"title":"Konsultointi- ja arviointipalvelut, Turku - Retta","description":"Konsultointi- ja arviointipalvelut, Turku Eerikinkatu 26, 20100 TurkuPuh.\u00a0020 780 3760 Toimiston aukioloajat:&nbsp;Sopimuksen mukaan","robots":{"index":"index","follow":"follow","max-snippet":"max-snippet:-1","max-image-preview":"max-image-preview:large","max-video-preview":"max-video-preview:-1"},"canonical":"https:\/\/retta.fi\/sv\/konsultointi-ja-arviointipalvelut-turku\/","og_locale":"sv_SE","og_type":"article","og_title":"Konsultointi- ja arviointipalvelut, Turku - Retta","og_description":"Konsultointi- ja arviointipalvelut, Turku Eerikinkatu 26, 20100 TurkuPuh.\u00a0020 780 3760 Toimiston aukioloajat:&nbsp;Sopimuksen mukaan","og_url":"https:\/\/retta.fi\/sv\/konsultointi-ja-arviointipalvelut-turku\/","og_site_name":"Retta","article_modified_time":"2024-09-23T11:38:20+00:00","og_image":[{"width":1200,"height":630,"url":"https:\/\/retta.fi\/wp-content\/uploads\/2022\/04\/retta_somejako.png","type":"image\/png"}],"twitter_card":"summary_large_image","schema":{"@context":"https:\/\/schema.org","@graph":[{"@type":"WebPage","@id":"https:\/\/retta.fi\/sv\/konsultointi-ja-arviointipalvelut-turku\/","url":"https:\/\/retta.fi\/sv\/konsultointi-ja-arviointipalvelut-turku\/","name":"Konsultointi- ja arviointipalvelut, Turku - Retta","isPartOf":{"@id":"https:\/\/retta.fi\/sv\/#website"},"datePublished":"2024-07-15T10:40:44+00:00","dateModified":"2024-09-23T11:38:20+00:00","description":"Konsultointi- ja arviointipalvelut, Turku Eerikinkatu 26, 20100 TurkuPuh.\u00a0020 780 3760 Toimiston aukioloajat:&nbsp;Sopimuksen mukaan","breadcrumb":{"@id":"https:\/\/retta.fi\/sv\/konsultointi-ja-arviointipalvelut-turku\/#breadcrumb"},"inLanguage":"sv-SE","potentialAction":[{"@type":"ReadAction","target":["https:\/\/retta.fi\/sv\/konsultointi-ja-arviointipalvelut-turku\/"]}]},{"@type":"BreadcrumbList","@id":"https:\/\/retta.fi\/sv\/konsultointi-ja-arviointipalvelut-turku\/#breadcrumb","itemListElement":[{"@type":"ListItem","position":1,"name":"Framsida","item":"https:\/\/retta.fi\/sv\/"},{"@type":"ListItem","position":2,"name":"Konsultointi- ja arviointipalvelut, Turku"}]},{"@type":"WebSite","@id":"https:\/\/retta.fi\/sv\/#website","url":"https:\/\/retta.fi\/sv\/","name":"Retta","description":"","publisher":{"@id":"https:\/\/retta.fi\/sv\/#organization"},"potentialAction":[{"@type":"SearchAction","target":{"@type":"EntryPoint","urlTemplate":"https:\/\/retta.fi\/sv\/?s={search_term_string}"},"query-input":{"@type":"PropertyValueSpecification","valueRequired":true,"valueName":"search_term_string"}}],"inLanguage":"sv-SE"},{"@type":"Organization","@id":"https:\/\/retta.fi\/sv\/#organization","name":"Retta","url":"https:\/\/retta.fi\/sv\/","logo":{"@type":"ImageObject","inLanguage":"sv-SE","@id":"https:\/\/retta.fi\/sv\/#\/schema\/logo\/image\/","url":"https:\/\/retta.fi\/wp-content\/uploads\/2022\/04\/retta_somejako.png","contentUrl":"https:\/\/retta.fi\/wp-content\/uploads\/2022\/04\/retta_somejako.png","width":1200,"height":630,"caption":"Retta"},"image":{"@id":"https:\/\/retta.fi\/sv\/#\/schema\/logo\/image\/"}}]}},"_links":{"self":[{"href":"https:\/\/retta.fi\/sv\/wp-json\/wp\/v2\/pages\/38026","targetHints":{"allow":["GET"]}}],"collection":[{"href":"https:\/\/retta.fi\/sv\/wp-json\/wp\/v2\/pages"}],"about":[{"href":"https:\/\/retta.fi\/sv\/wp-json\/wp\/v2\/types\/page"}],"author":[{"embeddable":true,"href":"https:\/\/retta.fi\/sv\/wp-json\/wp\/v2\/users\/31"}],"replies":[{"embeddable":true,"href":"https:\/\/retta.fi\/sv\/wp-json\/wp\/v2\/comments?post=38026"}],"version-history":[{"count":1,"href":"https:\/\/retta.fi\/sv\/wp-json\/wp\/v2\/pages\/38026\/revisions"}],"predecessor-version":[{"id":40816,"href":"https:\/\/retta.fi\/sv\/wp-json\/wp\/v2\/pages\/38026\/revisions\/40816"}],"wp:attachment":[{"href":"https:\/\/retta.fi\/sv\/wp-json\/wp\/v2\/media?parent=38026"}],"curies":[{"name":"wp","href":"https:\/\/api.w.org\/{rel}","templated":true}]}}