{"id":30193,"date":"2022-05-12T16:20:53","date_gmt":"2022-05-12T13:20:53","guid":{"rendered":"https:\/\/retta.fi\/?page_id=30193"},"modified":"2024-12-14T14:35:35","modified_gmt":"2024-12-14T12:35:35","slug":"sekretesspolicy","status":"publish","type":"page","link":"https:\/\/retta.fi\/sv\/sekretesspolicy\/","title":{"rendered":"Sekretesspolicy"},"content":{"rendered":"<section id=\"acf-block-64e8821a45b73\" class=\"block block-hero container-fluid ct-darkgreen bg-darkgreen \">\n        <div class=\"container\">\n        <div class=\"row\">\n            <div class=\"col-12 col-lg-8 hero-content-col\">\n                <div class=\"hero-content\">\n                    \n\n<h1 class=\"wp-block-heading\">Sekretesspolicy<\/h1>\n\n\n                <\/div>\n            <\/div>\n        <\/div>\n    <\/div>\n<\/section>\n\n\n\n<section id=\"acf-block-64e8821a45b8a\" class=\"block block-content-wrapper container-fluid container-fluid \">\n    <div class=\"container\">\n        <div class=\"row\">\n            <div class=\"col-12 col-lg-8 offset-lg-2 col-hd-6 offset-hd-3\">\n                <main class=\"entry-content\">\n                    \n\n<h2 class=\"wp-block-heading\">Integritetspolicy<\/h2>\n\n\n\n<p><a href=\"https:\/\/retta.fi\/sv\/dataskyddsutlatande-om-behandlingen-av-kunders-personuppgifter-vid-retta-isannointi\/\">Dataskyddsutl\u00e5tande om behandlingen av kunders personuppgifter vid Retta Is\u00e4nn\u00f6inti &gt;<\/a><br><br><a href=\"https:\/\/retta.fi\/sv\/sekretesspolicy-for-marknadsforing\/\">Retta Is\u00e4nn\u00f6inti Oy &#8211; Sekretesspolicy f\u00f6r marknadsf\u00f6ring &gt;<\/a><\/p>\n\n\n\n<p><a href=\"https:\/\/retta.fi\/sv\/retta-sekretesspolicy-for-kundservice-och-kundrespons-inklusive-klagomal\/\">Retta Is\u00e4nn\u00f6inti Oy \u2013 Sekretesspolicy f\u00f6r kundservice och kundrespons (inklusive klagom\u00e5l)&gt;<\/a><\/p>\n\n\n\n<p><a href=\"https:\/\/retta.fi\/sv\/compliance-register\/\">Retta Is\u00e4nn\u00f6inti Oy &#8211; Compliance-register ><\/a><\/p>\n\n\n                <\/main>\n            <\/div>\n        <\/div>\n    <\/div>\n<\/section>","protected":false},"excerpt":{"rendered":"","protected":false},"author":31,"featured_media":0,"parent":0,"menu_order":0,"comment_status":"closed","ping_status":"closed","template":"","meta":{"_acf_changed":false,"_relevanssi_hide_post":"","_relevanssi_hide_content":"","_relevanssi_pin_for_all":"","_relevanssi_pin_keywords":"","_relevanssi_unpin_keywords":"","_relevanssi_related_keywords":"","_relevanssi_related_include_ids":"","_relevanssi_related_exclude_ids":"","_relevanssi_related_no_append":"","_relevanssi_related_not_related":"","_relevanssi_related_posts":"1894,1874,1906,6682,1896,1916","_relevanssi_noindex_reason":"","footnotes":""},"class_list":["post-30193","page","type-page","status-publish","hentry"],"acf":[],"yoast_head":"<!-- This site is optimized with the Yoast SEO plugin v27.1.1 - https:\/\/yoast.com\/product\/yoast-seo-wordpress\/ -->\n<title>Sekretesspolicy - Retta<\/title>\n<meta name=\"description\" content=\"Sekretesspolicy Integritetspolicy Dataskyddsutl\u00e5tande om behandlingen av kunders personuppgifter vid Retta Is\u00e4nn\u00f6inti &gt;Retta Is\u00e4nn\u00f6inti Oy -\" \/>\n<meta name=\"robots\" content=\"index, follow, max-snippet:-1, max-image-preview:large, max-video-preview:-1\" \/>\n<link rel=\"canonical\" href=\"https:\/\/retta.fi\/sv\/sekretesspolicy\/\" \/>\n<meta property=\"og:locale\" content=\"sv_SE\" \/>\n<meta property=\"og:type\" content=\"article\" \/>\n<meta property=\"og:title\" content=\"Sekretesspolicy - Retta\" \/>\n<meta property=\"og:description\" content=\"Sekretesspolicy Integritetspolicy Dataskyddsutl\u00e5tande om behandlingen av kunders personuppgifter vid Retta Is\u00e4nn\u00f6inti &gt;Retta Is\u00e4nn\u00f6inti Oy -\" \/>\n<meta property=\"og:url\" content=\"https:\/\/retta.fi\/sv\/sekretesspolicy\/\" \/>\n<meta property=\"og:site_name\" content=\"Retta\" \/>\n<meta property=\"article:modified_time\" content=\"2024-12-14T12:35:35+00:00\" \/>\n<meta property=\"og:image\" content=\"https:\/\/retta.fi\/wp-content\/uploads\/2022\/04\/retta_somejako.png\" \/>\n\t<meta property=\"og:image:width\" content=\"1200\" \/>\n\t<meta property=\"og:image:height\" content=\"630\" \/>\n\t<meta property=\"og:image:type\" content=\"image\/png\" \/>\n<meta name=\"twitter:card\" content=\"summary_large_image\" \/>\n<script type=\"application\/ld+json\" class=\"yoast-schema-graph\">{\"@context\":\"https:\/\/schema.org\",\"@graph\":[{\"@type\":\"WebPage\",\"@id\":\"https:\/\/retta.fi\/sv\/sekretesspolicy\/\",\"url\":\"https:\/\/retta.fi\/sv\/sekretesspolicy\/\",\"name\":\"Sekretesspolicy - Retta\",\"isPartOf\":{\"@id\":\"https:\/\/retta.fi\/sv\/#website\"},\"datePublished\":\"2022-05-12T13:20:53+00:00\",\"dateModified\":\"2024-12-14T12:35:35+00:00\",\"description\":\"Sekretesspolicy Integritetspolicy Dataskyddsutl\u00e5tande om behandlingen av kunders personuppgifter vid Retta Is\u00e4nn\u00f6inti &gt;Retta Is\u00e4nn\u00f6inti Oy -\",\"breadcrumb\":{\"@id\":\"https:\/\/retta.fi\/sv\/sekretesspolicy\/#breadcrumb\"},\"inLanguage\":\"sv-SE\",\"potentialAction\":[{\"@type\":\"ReadAction\",\"target\":[\"https:\/\/retta.fi\/sv\/sekretesspolicy\/\"]}]},{\"@type\":\"BreadcrumbList\",\"@id\":\"https:\/\/retta.fi\/sv\/sekretesspolicy\/#breadcrumb\",\"itemListElement\":[{\"@type\":\"ListItem\",\"position\":1,\"name\":\"Framsida\",\"item\":\"https:\/\/retta.fi\/sv\/\"},{\"@type\":\"ListItem\",\"position\":2,\"name\":\"Sekretesspolicy\"}]},{\"@type\":\"WebSite\",\"@id\":\"https:\/\/retta.fi\/sv\/#website\",\"url\":\"https:\/\/retta.fi\/sv\/\",\"name\":\"Retta\",\"description\":\"\",\"publisher\":{\"@id\":\"https:\/\/retta.fi\/sv\/#organization\"},\"potentialAction\":[{\"@type\":\"SearchAction\",\"target\":{\"@type\":\"EntryPoint\",\"urlTemplate\":\"https:\/\/retta.fi\/sv\/?s={search_term_string}\"},\"query-input\":{\"@type\":\"PropertyValueSpecification\",\"valueRequired\":true,\"valueName\":\"search_term_string\"}}],\"inLanguage\":\"sv-SE\"},{\"@type\":\"Organization\",\"@id\":\"https:\/\/retta.fi\/sv\/#organization\",\"name\":\"Retta\",\"url\":\"https:\/\/retta.fi\/sv\/\",\"logo\":{\"@type\":\"ImageObject\",\"inLanguage\":\"sv-SE\",\"@id\":\"https:\/\/retta.fi\/sv\/#\/schema\/logo\/image\/\",\"url\":\"https:\/\/retta.fi\/wp-content\/uploads\/2022\/04\/retta_somejako.png\",\"contentUrl\":\"https:\/\/retta.fi\/wp-content\/uploads\/2022\/04\/retta_somejako.png\",\"width\":1200,\"height\":630,\"caption\":\"Retta\"},\"image\":{\"@id\":\"https:\/\/retta.fi\/sv\/#\/schema\/logo\/image\/\"}}]}<\/script>\n<!-- \/ Yoast SEO plugin. -->","yoast_head_json":{"title":"Sekretesspolicy - Retta","description":"Sekretesspolicy Integritetspolicy Dataskyddsutl\u00e5tande om behandlingen av kunders personuppgifter vid Retta Is\u00e4nn\u00f6inti &gt;Retta Is\u00e4nn\u00f6inti Oy -","robots":{"index":"index","follow":"follow","max-snippet":"max-snippet:-1","max-image-preview":"max-image-preview:large","max-video-preview":"max-video-preview:-1"},"canonical":"https:\/\/retta.fi\/sv\/sekretesspolicy\/","og_locale":"sv_SE","og_type":"article","og_title":"Sekretesspolicy - Retta","og_description":"Sekretesspolicy Integritetspolicy Dataskyddsutl\u00e5tande om behandlingen av kunders personuppgifter vid Retta Is\u00e4nn\u00f6inti &gt;Retta Is\u00e4nn\u00f6inti Oy -","og_url":"https:\/\/retta.fi\/sv\/sekretesspolicy\/","og_site_name":"Retta","article_modified_time":"2024-12-14T12:35:35+00:00","og_image":[{"width":1200,"height":630,"url":"https:\/\/retta.fi\/wp-content\/uploads\/2022\/04\/retta_somejako.png","type":"image\/png"}],"twitter_card":"summary_large_image","schema":{"@context":"https:\/\/schema.org","@graph":[{"@type":"WebPage","@id":"https:\/\/retta.fi\/sv\/sekretesspolicy\/","url":"https:\/\/retta.fi\/sv\/sekretesspolicy\/","name":"Sekretesspolicy - Retta","isPartOf":{"@id":"https:\/\/retta.fi\/sv\/#website"},"datePublished":"2022-05-12T13:20:53+00:00","dateModified":"2024-12-14T12:35:35+00:00","description":"Sekretesspolicy Integritetspolicy Dataskyddsutl\u00e5tande om behandlingen av kunders personuppgifter vid Retta Is\u00e4nn\u00f6inti &gt;Retta Is\u00e4nn\u00f6inti Oy -","breadcrumb":{"@id":"https:\/\/retta.fi\/sv\/sekretesspolicy\/#breadcrumb"},"inLanguage":"sv-SE","potentialAction":[{"@type":"ReadAction","target":["https:\/\/retta.fi\/sv\/sekretesspolicy\/"]}]},{"@type":"BreadcrumbList","@id":"https:\/\/retta.fi\/sv\/sekretesspolicy\/#breadcrumb","itemListElement":[{"@type":"ListItem","position":1,"name":"Framsida","item":"https:\/\/retta.fi\/sv\/"},{"@type":"ListItem","position":2,"name":"Sekretesspolicy"}]},{"@type":"WebSite","@id":"https:\/\/retta.fi\/sv\/#website","url":"https:\/\/retta.fi\/sv\/","name":"Retta","description":"","publisher":{"@id":"https:\/\/retta.fi\/sv\/#organization"},"potentialAction":[{"@type":"SearchAction","target":{"@type":"EntryPoint","urlTemplate":"https:\/\/retta.fi\/sv\/?s={search_term_string}"},"query-input":{"@type":"PropertyValueSpecification","valueRequired":true,"valueName":"search_term_string"}}],"inLanguage":"sv-SE"},{"@type":"Organization","@id":"https:\/\/retta.fi\/sv\/#organization","name":"Retta","url":"https:\/\/retta.fi\/sv\/","logo":{"@type":"ImageObject","inLanguage":"sv-SE","@id":"https:\/\/retta.fi\/sv\/#\/schema\/logo\/image\/","url":"https:\/\/retta.fi\/wp-content\/uploads\/2022\/04\/retta_somejako.png","contentUrl":"https:\/\/retta.fi\/wp-content\/uploads\/2022\/04\/retta_somejako.png","width":1200,"height":630,"caption":"Retta"},"image":{"@id":"https:\/\/retta.fi\/sv\/#\/schema\/logo\/image\/"}}]}},"_links":{"self":[{"href":"https:\/\/retta.fi\/sv\/wp-json\/wp\/v2\/pages\/30193","targetHints":{"allow":["GET"]}}],"collection":[{"href":"https:\/\/retta.fi\/sv\/wp-json\/wp\/v2\/pages"}],"about":[{"href":"https:\/\/retta.fi\/sv\/wp-json\/wp\/v2\/types\/page"}],"author":[{"embeddable":true,"href":"https:\/\/retta.fi\/sv\/wp-json\/wp\/v2\/users\/31"}],"replies":[{"embeddable":true,"href":"https:\/\/retta.fi\/sv\/wp-json\/wp\/v2\/comments?post=30193"}],"version-history":[{"count":15,"href":"https:\/\/retta.fi\/sv\/wp-json\/wp\/v2\/pages\/30193\/revisions"}],"predecessor-version":[{"id":44202,"href":"https:\/\/retta.fi\/sv\/wp-json\/wp\/v2\/pages\/30193\/revisions\/44202"}],"wp:attachment":[{"href":"https:\/\/retta.fi\/sv\/wp-json\/wp\/v2\/media?parent=30193"}],"curies":[{"name":"wp","href":"https:\/\/api.w.org\/{rel}","templated":true}]}}