{"id":28736,"date":"2024-07-01T10:43:24","date_gmt":"2024-07-01T07:43:24","guid":{"rendered":"https:\/\/retta.fi\/?page_id=28736"},"modified":"2024-12-14T11:17:13","modified_gmt":"2024-12-14T09:17:13","slug":"sekretesspolicy-for-marknadsforing","status":"publish","type":"page","link":"https:\/\/retta.fi\/sv\/sekretesspolicy-for-marknadsforing\/","title":{"rendered":"Retta Is\u00e4n\u00f6inti Oy- Sekretesspolicy f\u00f6r marknadsf\u00f6ring"},"content":{"rendered":"<section id=\"acf-block-65000da74cc7a\" class=\"block block-hero container-fluid ct-darkgreen bg-darkgreen \">\n        <div class=\"container\">\n        <div class=\"row\">\n            <div class=\"col-12 col-lg-8 hero-content-col\">\n                <div class=\"hero-content\">\n                    \n\n<h1 class=\"wp-block-heading\"><strong>Retta Is\u00e4nn\u00f6inti Oy &#8211; Sekretesspolicy f\u00f6r marknadsf\u00f6ring<\/strong>&nbsp;<\/h1>\n\n\n                <\/div>\n            <\/div>\n        <\/div>\n    <\/div>\n<\/section>\n\n\n\n<section id=\"acf-block-65000da74cc8c\" class=\"block block-content-wrapper container-fluid container-fluid \">\n    <div class=\"container\">\n        <div class=\"row\">\n            <div class=\"col-12 col-lg-8 offset-lg-2 col-hd-6 offset-hd-3\">\n                <main class=\"entry-content\">\n                    \n\n<p><em>Retta Is\u00e4nn\u00f6inti Oy (nedan kallad &#8221;Retta Is\u00e4nn\u00f6inti&#8221;) samlar in personlig information om sina nuvarande och potentiella kunder i sitt marknadsf\u00f6ringsregister. Syftet med detta dokument \u00e4r att informera de registrerade om behandlingen av deras personuppgifter.<\/em>&nbsp;<\/p>\n\n\n\n<p><strong>Vilka personuppgifter behandlar Retta Is\u00e4nn\u00f6inti och f\u00f6r vilket \u00e4ndam\u00e5l?<\/strong>&nbsp;<\/p>\n\n\n\n<p>Retta Is\u00e4nn\u00f6inti samlar in personuppgifter f\u00f6r marknadsf\u00f6rings\u00e4ndam\u00e5l. De som \u00e4r registrerade i marknadsf\u00f6ringsregistret \u00e4r Retta Is\u00e4nn\u00f6intis konsument- och f\u00f6retagskunder samt potentiella kunder. Syftet med att behandla personuppgifter \u00e4r marknadsf\u00f6ring av produkter och tj\u00e4nster till s\u00e5v\u00e4l f\u00f6retagskunder som konsumenter genom att skicka marknadsf\u00f6ringsmeddelanden, tillk\u00e4nnagivanden och nyhetsbrev.&nbsp;<\/p>\n\n\n\n<p>F\u00f6r f\u00f6retagskunder innefattar personuppgifter fr\u00e4mst kontaktuppgifter (namn p\u00e5 kontaktperson eller representant, befattning i f\u00f6retaget, e-postadress och telefonnummer).&nbsp;&nbsp;<\/p>\n\n\n\n<p>N\u00e4r det g\u00e4ller konsumentkunder samlar vi \u00e4ven in den registrerades kontaktuppgifter (namn, e-post och telefonnummer).&nbsp;&nbsp;<\/p>\n\n\n\n<p><strong>Vad bygger behandlingen av Retta Is\u00e4nn\u00f6intis personuppgifter p\u00e5?<\/strong>&nbsp;<\/p>\n\n\n\n<p>F\u00f6r f\u00f6retagskunder \u00e4r grunden f\u00f6r behandling av personuppgifter v\u00e5rt ber\u00e4ttigade intresse. Retta Is\u00e4nn\u00f6intis ber\u00e4ttigade intresse \u00e4r att marknadsf\u00f6ra sina tj\u00e4nster och produkter f\u00f6r att \u00f6ka synlighet och f\u00f6rb\u00e4ttra f\u00f6rs\u00e4ljningen.&nbsp;<\/p>\n\n\n\n<p>Grunden f\u00f6r behandlingen av konsumentkunders personuppgifter \u00e4r det samtycke som den registrerade l\u00e4mnar f\u00f6r marknadsf\u00f6ring. Den registrerade har alltid m\u00f6jlighet och r\u00e4tt att \u00e5terkalla sitt samtycke om hen inte l\u00e4ngre \u00f6nskar ta emot marknadsf\u00f6ring.&nbsp;&nbsp;<\/p>\n\n\n\n<p><strong>Var f\u00e5r Retta Is\u00e4nn\u00f6inti personuppgifterna ifr\u00e5n?<\/strong>&nbsp;<\/p>\n\n\n\n<p>Uppgifter inh\u00e4mtas i regel fr\u00e5n den registrerade sj\u00e4lv. Uppgifter om f\u00f6retagskunders kontaktpersoner inh\u00e4mtas dessutom fr\u00e5n offentliga k\u00e4llor, till exempel f\u00f6retagets webbplats. Kontaktuppgifter kan \u00e4ven inh\u00e4mtas f\u00f6r f\u00f6rs\u00e4ljnings- och marknadsf\u00f6rings\u00e4ndam\u00e5l fr\u00e5n f\u00f6retag som tillhandah\u00e5ller s\u00e5dana uppgifter.&nbsp;<\/p>\n\n\n\n<p><strong>Profilering och automatiskt beslutsfattande&nbsp;<\/strong>&nbsp;<\/p>\n\n\n\n<p>I riktad marknadskommunikation utf\u00f6r vi profilering utifr\u00e5n ditt beteende online, men vi riktar oss inte mot dig med automatiska besluts\u00e5tg\u00e4rder baserade p\u00e5 personuppgifter.&nbsp;&nbsp;<\/p>\n\n\n\n<p>&nbsp;<br><strong>Personuppgiftsbitr\u00e4den och utl\u00e4mnande av uppgifter till tredje part<\/strong>&nbsp;<\/p>\n\n\n\n<p>Personuppgifter kan l\u00e4mnas ut inom Retta Is\u00e4nn\u00f6inti f\u00f6r aff\u00e4rsutveckling.&nbsp;&nbsp;<\/p>\n\n\n\n<p>Retta Is\u00e4nn\u00f6inti anv\u00e4nder sig av olika tj\u00e4nsteleverant\u00f6rer och d\u00e4rmed personuppgiftsbitr\u00e4den n\u00e4r de tillhandah\u00e5ller tj\u00e4nster till sina kunder.&nbsp;<\/p>\n\n\n\n<p>Uppgifter l\u00e4mnas i regel inte ut utanf\u00f6r EU eller EES.&nbsp;<\/p>\n\n\n\n<p><strong>Hur l\u00e4nge f\u00f6rvaras personuppgifter?<\/strong>&nbsp;<\/p>\n\n\n\n<p>Kontaktuppgifter till potentiella kunder f\u00f6rvaras s\u00e5 l\u00e4nge som personen i fr\u00e5ga enligt v\u00e5ra uppgifter befinner sig i den position p\u00e5 grund av vilken hen har inf\u00f6rts i registret eller s\u00e5 l\u00e4nge som de aktuella uppgifterna utnyttjas f\u00f6r kundkommunikation och marknadsf\u00f6ring.&nbsp;<\/p>\n\n\n\n<p>Om personuppgifterna har samlats in baserat p\u00e5 den registrerades samtycke kommer vi att lagra personuppgifterna tills den registrerade \u00e5terkallar sitt samtycke.&nbsp;&nbsp;<\/p>\n\n\n\n<p><strong>Hur skyddas uppgifterna?<\/strong>&nbsp;<\/p>\n\n\n\n<p>Uppgifterna skyddas genom l\u00e4mpliga tekniska och organisatoriska \u00e5tg\u00e4rder. Pappersmaterial f\u00f6rvaras i ett l\u00e5st utrymme. Elektroniskt material skyddas genom tekniska \u00e5tg\u00e4rder, och \u00e5tkomstr\u00e4ttigheter till systemen beviljas endast de personer f\u00f6r vilka det \u00e4r n\u00f6dv\u00e4ndigt med h\u00e4nsyn till deras arbete eller uppgifter. Retta Is\u00e4nn\u00f6inti personal har tystnadsplikt. Personalen utbildas och handleds i lagenlig behandling av personuppgifter.&nbsp;<\/p>\n\n\n\n<p>\u00c4ven av eventuella externa personuppgiftsbitr\u00e4den, som inte tillh\u00f6r Retta Is\u00e4nn\u00f6inti, f\u00f6ruts\u00e4tts l\u00e4mpliga tekniska och organisatoriska skydds\u00e5tg\u00e4rder samt \u00e5tagande om sekretessplikt.&nbsp;<\/p>\n\n\n\n<p><strong>Vilka \u00e4r den registrerades r\u00e4ttigheter?<\/strong>&nbsp;<\/p>\n\n\n\n<p>Den registrerade har r\u00e4tt att f\u00e5 bekr\u00e4ftelse p\u00e5 huruvida personuppgifter som r\u00f6r honom eller henne behandlas av den personuppgiftsansvarige. Om uppgifter behandlas har den registrerade r\u00e4tt att f\u00e5 en kopia av de personuppgifter som behandlas. Den registrerade har r\u00e4tt att f\u00e5 ofullst\u00e4ndiga, felaktiga eller f\u00f6r\u00e5ldrade personuppgifter som r\u00f6r honom eller henne r\u00e4ttade.&nbsp;<\/p>\n\n\n\n<p>Om behandlingen av personuppgifter grundar sig p\u00e5 den registrerades samtycke eller avtalsf\u00f6rh\u00e5llande, har den registrerade r\u00e4tt att f\u00e5 ut de personuppgifter som r\u00f6r honom eller henne och som han eller hon har tillhandah\u00e5llit den personuppgiftsansvarige i ett strukturerat, allm\u00e4nt anv\u00e4nt och maskinl\u00e4sbart format samt r\u00e4tt att \u00f6verf\u00f6ra dessa uppgifter till en annan personuppgiftsansvarig. Denna r\u00e4tt g\u00e4ller endast om behandlingen av personuppgifter sker automatiserat.&nbsp;<\/p>\n\n\n\n<p>Den registrerade har r\u00e4tt att under vissa omst\u00e4ndigheter begr\u00e4nsa behandlingen av personuppgifter. Denna r\u00e4tt g\u00e4ller till exempel i en situation d\u00e4r den registrerade bestrider personuppgifternas korrekthet eller att behandlingen \u00e4r laglig. D\u00e5 begr\u00e4nsas behandlingen under den tid som beh\u00f6vs f\u00f6r att kontrollera att uppgifterna \u00e4r korrekta och behandlingen laglig.&nbsp;<\/p>\n\n\n\n<p>Den registrerade har r\u00e4tt att f\u00e5 sina personuppgifter raderade. Denna r\u00e4ttighet \u00e4r relevant endast om personuppgifterna inte l\u00e4ngre beh\u00f6vs f\u00f6r de \u00e4ndam\u00e5l f\u00f6r vilka de samlats in, det inte finns n\u00e5gon annan laglig grund f\u00f6r behandlingen och uppgifterna inte beh\u00f6ver f\u00f6rvaras enligt lag. Uppgifter kan med andra ord inte raderas s\u00e5 l\u00e4nge det finns en r\u00e4ttslig grund f\u00f6r f\u00f6rvaring av dem.&nbsp;<\/p>\n\n\n\n<p>Om behandlingen av personuppgifter grundar sig enbart p\u00e5 den registrerades samtycke har den registrerade r\u00e4tt att n\u00e4r som helst \u00e5terkalla sitt samtycke. Den registrerade har dessutom r\u00e4tt att inv\u00e4nda mot behandling av personuppgifter som avser honom eller henne, om behandlingen grundar sig p\u00e5 den personuppgiftsansvariges ber\u00e4ttigade intresse.&nbsp;<\/p>\n\n\n\n<p>Den registrerade har ocks\u00e5 r\u00e4tt att l\u00e4mna in klagom\u00e5l till Dataombudsmannen (<a href=\"http:\/\/www.tietosuoja.fi\/\" target=\"_blank\" rel=\"noreferrer noopener\">www.tietosuoja.fi<\/a>), om den personuppgiftsansvarige inte uppfyller sina skyldigheter som personuppgiftsansvarig eller i \u00f6vrigt inte iakttar den till\u00e4mpliga dataskyddslagstiftningen.&nbsp;<\/p>\n\n\n\n<p>Vid fr\u00e5gor g\u00e4llande behandling av personuppgifter och de registrerades r\u00e4ttigheter ber vi dig ta kontakt per\u202f<a href=\"mailto:tietosuoja@retta.fi\" target=\"_blank\" rel=\"noreferrer noopener\">e-post<\/a>. Innan vi l\u00e4mnar uppgifterna kontrollerar vi identiteten.\u00a0<\/p>\n\n\n\n<p>Denna sekretesspolicy uppdaterades senast den 1.9.2024.&nbsp;<\/p>\n\n\n                <\/main>\n            <\/div>\n        <\/div>\n    <\/div>\n<\/section>","protected":false},"excerpt":{"rendered":"","protected":false},"author":31,"featured_media":0,"parent":0,"menu_order":0,"comment_status":"closed","ping_status":"closed","template":"","meta":{"_acf_changed":false,"_relevanssi_hide_post":"","_relevanssi_hide_content":"","_relevanssi_pin_for_all":"","_relevanssi_pin_keywords":"","_relevanssi_unpin_keywords":"","_relevanssi_related_keywords":"","_relevanssi_related_include_ids":"","_relevanssi_related_exclude_ids":"","_relevanssi_related_no_append":"","_relevanssi_related_not_related":"","_relevanssi_related_posts":"1888,1900,1908,1898,21223,1904","_relevanssi_noindex_reason":"","footnotes":""},"class_list":["post-28736","page","type-page","status-publish","hentry"],"acf":[],"yoast_head":"<!-- This site is optimized with the Yoast SEO plugin v27.1.1 - https:\/\/yoast.com\/product\/yoast-seo-wordpress\/ -->\n<title>Retta Is\u00e4n\u00f6inti Oy- Sekretesspolicy f\u00f6r marknadsf\u00f6ring - Retta<\/title>\n<meta name=\"description\" content=\"Retta Is\u00e4nn\u00f6inti Oy - Sekretesspolicy f\u00f6r marknadsf\u00f6ring&nbsp; Retta Is\u00e4nn\u00f6inti Oy (nedan kallad &quot;Retta Is\u00e4nn\u00f6inti&quot;) samlar in personlig information om\" \/>\n<meta name=\"robots\" content=\"index, follow, max-snippet:-1, max-image-preview:large, max-video-preview:-1\" \/>\n<link rel=\"canonical\" href=\"https:\/\/retta.fi\/sv\/sekretesspolicy-for-marknadsforing\/\" \/>\n<meta property=\"og:locale\" content=\"sv_SE\" \/>\n<meta property=\"og:type\" content=\"article\" \/>\n<meta property=\"og:title\" content=\"Retta Is\u00e4n\u00f6inti Oy- Sekretesspolicy f\u00f6r marknadsf\u00f6ring - Retta\" \/>\n<meta property=\"og:description\" content=\"Retta Is\u00e4nn\u00f6inti Oy - Sekretesspolicy f\u00f6r marknadsf\u00f6ring&nbsp; Retta Is\u00e4nn\u00f6inti Oy (nedan kallad &quot;Retta Is\u00e4nn\u00f6inti&quot;) samlar in personlig information om\" \/>\n<meta property=\"og:url\" content=\"https:\/\/retta.fi\/sv\/sekretesspolicy-for-marknadsforing\/\" \/>\n<meta property=\"og:site_name\" content=\"Retta\" \/>\n<meta property=\"article:modified_time\" content=\"2024-12-14T09:17:13+00:00\" \/>\n<meta property=\"og:image\" content=\"https:\/\/retta.fi\/wp-content\/uploads\/2022\/04\/retta_somejako.png\" \/>\n\t<meta property=\"og:image:width\" content=\"1200\" \/>\n\t<meta property=\"og:image:height\" content=\"630\" \/>\n\t<meta property=\"og:image:type\" content=\"image\/png\" \/>\n<meta name=\"twitter:card\" content=\"summary_large_image\" \/>\n<script type=\"application\/ld+json\" class=\"yoast-schema-graph\">{\"@context\":\"https:\/\/schema.org\",\"@graph\":[{\"@type\":\"WebPage\",\"@id\":\"https:\/\/retta.fi\/sv\/sekretesspolicy-for-marknadsforing\/\",\"url\":\"https:\/\/retta.fi\/sv\/sekretesspolicy-for-marknadsforing\/\",\"name\":\"Retta Is\u00e4n\u00f6inti Oy- Sekretesspolicy f\u00f6r marknadsf\u00f6ring - Retta\",\"isPartOf\":{\"@id\":\"https:\/\/retta.fi\/sv\/#website\"},\"datePublished\":\"2024-07-01T07:43:24+00:00\",\"dateModified\":\"2024-12-14T09:17:13+00:00\",\"description\":\"Retta Is\u00e4nn\u00f6inti Oy - Sekretesspolicy f\u00f6r marknadsf\u00f6ring&nbsp; Retta Is\u00e4nn\u00f6inti Oy (nedan kallad \\\"Retta Is\u00e4nn\u00f6inti\\\") samlar in personlig information om\",\"breadcrumb\":{\"@id\":\"https:\/\/retta.fi\/sv\/sekretesspolicy-for-marknadsforing\/#breadcrumb\"},\"inLanguage\":\"sv-SE\",\"potentialAction\":[{\"@type\":\"ReadAction\",\"target\":[\"https:\/\/retta.fi\/sv\/sekretesspolicy-for-marknadsforing\/\"]}]},{\"@type\":\"BreadcrumbList\",\"@id\":\"https:\/\/retta.fi\/sv\/sekretesspolicy-for-marknadsforing\/#breadcrumb\",\"itemListElement\":[{\"@type\":\"ListItem\",\"position\":1,\"name\":\"Framsida\",\"item\":\"https:\/\/retta.fi\/sv\/\"},{\"@type\":\"ListItem\",\"position\":2,\"name\":\"Retta Is\u00e4n\u00f6inti Oy- Sekretesspolicy f\u00f6r marknadsf\u00f6ring\"}]},{\"@type\":\"WebSite\",\"@id\":\"https:\/\/retta.fi\/sv\/#website\",\"url\":\"https:\/\/retta.fi\/sv\/\",\"name\":\"Retta\",\"description\":\"\",\"publisher\":{\"@id\":\"https:\/\/retta.fi\/sv\/#organization\"},\"potentialAction\":[{\"@type\":\"SearchAction\",\"target\":{\"@type\":\"EntryPoint\",\"urlTemplate\":\"https:\/\/retta.fi\/sv\/?s={search_term_string}\"},\"query-input\":{\"@type\":\"PropertyValueSpecification\",\"valueRequired\":true,\"valueName\":\"search_term_string\"}}],\"inLanguage\":\"sv-SE\"},{\"@type\":\"Organization\",\"@id\":\"https:\/\/retta.fi\/sv\/#organization\",\"name\":\"Retta\",\"url\":\"https:\/\/retta.fi\/sv\/\",\"logo\":{\"@type\":\"ImageObject\",\"inLanguage\":\"sv-SE\",\"@id\":\"https:\/\/retta.fi\/sv\/#\/schema\/logo\/image\/\",\"url\":\"https:\/\/retta.fi\/wp-content\/uploads\/2022\/04\/retta_somejako.png\",\"contentUrl\":\"https:\/\/retta.fi\/wp-content\/uploads\/2022\/04\/retta_somejako.png\",\"width\":1200,\"height\":630,\"caption\":\"Retta\"},\"image\":{\"@id\":\"https:\/\/retta.fi\/sv\/#\/schema\/logo\/image\/\"}}]}<\/script>\n<!-- \/ Yoast SEO plugin. -->","yoast_head_json":{"title":"Retta Is\u00e4n\u00f6inti Oy- Sekretesspolicy f\u00f6r marknadsf\u00f6ring - Retta","description":"Retta Is\u00e4nn\u00f6inti Oy - Sekretesspolicy f\u00f6r marknadsf\u00f6ring&nbsp; Retta Is\u00e4nn\u00f6inti Oy (nedan kallad \"Retta Is\u00e4nn\u00f6inti\") samlar in personlig information om","robots":{"index":"index","follow":"follow","max-snippet":"max-snippet:-1","max-image-preview":"max-image-preview:large","max-video-preview":"max-video-preview:-1"},"canonical":"https:\/\/retta.fi\/sv\/sekretesspolicy-for-marknadsforing\/","og_locale":"sv_SE","og_type":"article","og_title":"Retta Is\u00e4n\u00f6inti Oy- Sekretesspolicy f\u00f6r marknadsf\u00f6ring - Retta","og_description":"Retta Is\u00e4nn\u00f6inti Oy - Sekretesspolicy f\u00f6r marknadsf\u00f6ring&nbsp; Retta Is\u00e4nn\u00f6inti Oy (nedan kallad \"Retta Is\u00e4nn\u00f6inti\") samlar in personlig information om","og_url":"https:\/\/retta.fi\/sv\/sekretesspolicy-for-marknadsforing\/","og_site_name":"Retta","article_modified_time":"2024-12-14T09:17:13+00:00","og_image":[{"width":1200,"height":630,"url":"https:\/\/retta.fi\/wp-content\/uploads\/2022\/04\/retta_somejako.png","type":"image\/png"}],"twitter_card":"summary_large_image","schema":{"@context":"https:\/\/schema.org","@graph":[{"@type":"WebPage","@id":"https:\/\/retta.fi\/sv\/sekretesspolicy-for-marknadsforing\/","url":"https:\/\/retta.fi\/sv\/sekretesspolicy-for-marknadsforing\/","name":"Retta Is\u00e4n\u00f6inti Oy- Sekretesspolicy f\u00f6r marknadsf\u00f6ring - Retta","isPartOf":{"@id":"https:\/\/retta.fi\/sv\/#website"},"datePublished":"2024-07-01T07:43:24+00:00","dateModified":"2024-12-14T09:17:13+00:00","description":"Retta Is\u00e4nn\u00f6inti Oy - Sekretesspolicy f\u00f6r marknadsf\u00f6ring&nbsp; Retta Is\u00e4nn\u00f6inti Oy (nedan kallad \"Retta Is\u00e4nn\u00f6inti\") samlar in personlig information om","breadcrumb":{"@id":"https:\/\/retta.fi\/sv\/sekretesspolicy-for-marknadsforing\/#breadcrumb"},"inLanguage":"sv-SE","potentialAction":[{"@type":"ReadAction","target":["https:\/\/retta.fi\/sv\/sekretesspolicy-for-marknadsforing\/"]}]},{"@type":"BreadcrumbList","@id":"https:\/\/retta.fi\/sv\/sekretesspolicy-for-marknadsforing\/#breadcrumb","itemListElement":[{"@type":"ListItem","position":1,"name":"Framsida","item":"https:\/\/retta.fi\/sv\/"},{"@type":"ListItem","position":2,"name":"Retta Is\u00e4n\u00f6inti Oy- Sekretesspolicy f\u00f6r marknadsf\u00f6ring"}]},{"@type":"WebSite","@id":"https:\/\/retta.fi\/sv\/#website","url":"https:\/\/retta.fi\/sv\/","name":"Retta","description":"","publisher":{"@id":"https:\/\/retta.fi\/sv\/#organization"},"potentialAction":[{"@type":"SearchAction","target":{"@type":"EntryPoint","urlTemplate":"https:\/\/retta.fi\/sv\/?s={search_term_string}"},"query-input":{"@type":"PropertyValueSpecification","valueRequired":true,"valueName":"search_term_string"}}],"inLanguage":"sv-SE"},{"@type":"Organization","@id":"https:\/\/retta.fi\/sv\/#organization","name":"Retta","url":"https:\/\/retta.fi\/sv\/","logo":{"@type":"ImageObject","inLanguage":"sv-SE","@id":"https:\/\/retta.fi\/sv\/#\/schema\/logo\/image\/","url":"https:\/\/retta.fi\/wp-content\/uploads\/2022\/04\/retta_somejako.png","contentUrl":"https:\/\/retta.fi\/wp-content\/uploads\/2022\/04\/retta_somejako.png","width":1200,"height":630,"caption":"Retta"},"image":{"@id":"https:\/\/retta.fi\/sv\/#\/schema\/logo\/image\/"}}]}},"_links":{"self":[{"href":"https:\/\/retta.fi\/sv\/wp-json\/wp\/v2\/pages\/28736","targetHints":{"allow":["GET"]}}],"collection":[{"href":"https:\/\/retta.fi\/sv\/wp-json\/wp\/v2\/pages"}],"about":[{"href":"https:\/\/retta.fi\/sv\/wp-json\/wp\/v2\/types\/page"}],"author":[{"embeddable":true,"href":"https:\/\/retta.fi\/sv\/wp-json\/wp\/v2\/users\/31"}],"replies":[{"embeddable":true,"href":"https:\/\/retta.fi\/sv\/wp-json\/wp\/v2\/comments?post=28736"}],"version-history":[{"count":5,"href":"https:\/\/retta.fi\/sv\/wp-json\/wp\/v2\/pages\/28736\/revisions"}],"predecessor-version":[{"id":44148,"href":"https:\/\/retta.fi\/sv\/wp-json\/wp\/v2\/pages\/28736\/revisions\/44148"}],"wp:attachment":[{"href":"https:\/\/retta.fi\/sv\/wp-json\/wp\/v2\/media?parent=28736"}],"curies":[{"name":"wp","href":"https:\/\/api.w.org\/{rel}","templated":true}]}}