{"id":21352,"date":"2022-08-16T17:24:52","date_gmt":"2022-08-16T14:24:52","guid":{"rendered":"https:\/\/retta.fi\/?page_id=21352"},"modified":"2024-09-23T14:30:43","modified_gmt":"2024-09-23T11:30:43","slug":"konsult-och-varderingstjanster-helsinki","status":"publish","type":"page","link":"https:\/\/retta.fi\/sv\/konsult-och-varderingstjanster-helsinki\/","title":{"rendered":"Konsult- och v\u00e4rderingstj\u00e4nster, Helsinki"},"content":{"rendered":"<section id=\"acf-block-638739919fcaf\" class=\"block block-hero container-fluid ct-darkgreen bg-darkgreen \">\n        <div class=\"container\">\n        <div class=\"row\">\n            <div class=\"col-12 col-lg-8 hero-content-col\">\n                <div class=\"hero-content\">\n                    \n\n<h1 class=\"wp-block-heading\">Konsult- och v\u00e4rderingstj\u00e4nster, Helsinki<\/h1>\n\n\n                <\/div>\n            <\/div>\n        <\/div>\n    <\/div>\n<\/section>\n\n\n\n<section id=\"acf-block-638739919fccd\" class=\"block block-two-innerblocks container-fluid default-bg has-bg-pattern\">\n    <div class=\"container\">\n        <div class=\"row justify-content-between\">\n            \n<div class=\"block-innerblocks-container-narrow col-12 col-lg-5 entry-content\">\n    \n\n<p><\/p>\n\n\n<div class=\"block-map-embed\"><div class=\"element map-embed\">\n        <div class=\"osm-map-embed\" id=\"osm-map-1\" data-lat=\"60.2209398\"\n        data-lon=\"24.8760874\"><\/div>\n    <\/div>\n<\/div>\n\n<\/div>\n\n\n<div class=\"block-innerblocks-container col-12 col-lg-6 entry-content\">\n    \n\n<p>Valimotie 9-11, 00380 Helsinki<br>Tfn.\u00a0020 780 3760<\/p>\n\n\n\n<p>\u00d6ppettider: \u00f6ppet enligt \u00f6verenskommelse<\/p>\n\n\n\n<p>E-post:&nbsp;arviotrm@retta.fi<\/p>\n\n\n<\/div>\n\n        <\/div>\n    <\/div>\n<\/section>\n\n","protected":false},"excerpt":{"rendered":"","protected":false},"author":31,"featured_media":0,"parent":0,"menu_order":0,"comment_status":"closed","ping_status":"closed","template":"","meta":{"_acf_changed":false,"_relevanssi_hide_post":"","_relevanssi_hide_content":"","_relevanssi_pin_for_all":"","_relevanssi_pin_keywords":"","_relevanssi_unpin_keywords":"","_relevanssi_related_keywords":"","_relevanssi_related_include_ids":"","_relevanssi_related_exclude_ids":"","_relevanssi_related_no_append":"","_relevanssi_related_not_related":"","_relevanssi_related_posts":"","_relevanssi_noindex_reason":"","footnotes":""},"class_list":["post-21352","page","type-page","status-publish","hentry"],"acf":[],"yoast_head":"<!-- This site is optimized with the Yoast SEO plugin v27.1.1 - https:\/\/yoast.com\/product\/yoast-seo-wordpress\/ -->\n<title>Konsult- och v\u00e4rderingstj\u00e4nster, Helsinki - Retta<\/title>\n<meta name=\"description\" content=\"Konsult- och v\u00e4rderingstj\u00e4nster, Helsinki Valimotie 9-11, 00380 HelsinkiTfn.\u00a0020 780 3760 \u00d6ppettider: \u00f6ppet enligt \u00f6verenskommelse\" \/>\n<meta name=\"robots\" content=\"index, follow, max-snippet:-1, max-image-preview:large, max-video-preview:-1\" \/>\n<link rel=\"canonical\" href=\"https:\/\/retta.fi\/sv\/konsult-och-varderingstjanster-helsinki\/\" \/>\n<meta property=\"og:locale\" content=\"sv_SE\" \/>\n<meta property=\"og:type\" content=\"article\" \/>\n<meta property=\"og:title\" content=\"Konsult- och v\u00e4rderingstj\u00e4nster, Helsinki - Retta\" \/>\n<meta property=\"og:description\" content=\"Konsult- och v\u00e4rderingstj\u00e4nster, Helsinki Valimotie 9-11, 00380 HelsinkiTfn.\u00a0020 780 3760 \u00d6ppettider: \u00f6ppet enligt \u00f6verenskommelse\" \/>\n<meta property=\"og:url\" content=\"https:\/\/retta.fi\/sv\/konsult-och-varderingstjanster-helsinki\/\" \/>\n<meta property=\"og:site_name\" content=\"Retta\" \/>\n<meta property=\"article:modified_time\" content=\"2024-09-23T11:30:43+00:00\" \/>\n<meta property=\"og:image\" content=\"https:\/\/retta.fi\/wp-content\/uploads\/2022\/04\/retta_somejako.png\" \/>\n\t<meta property=\"og:image:width\" content=\"1200\" \/>\n\t<meta property=\"og:image:height\" content=\"630\" \/>\n\t<meta property=\"og:image:type\" content=\"image\/png\" \/>\n<meta name=\"twitter:card\" content=\"summary_large_image\" \/>\n<script type=\"application\/ld+json\" class=\"yoast-schema-graph\">{\"@context\":\"https:\/\/schema.org\",\"@graph\":[{\"@type\":\"WebPage\",\"@id\":\"https:\/\/retta.fi\/sv\/konsult-och-varderingstjanster-helsinki\/\",\"url\":\"https:\/\/retta.fi\/sv\/konsult-och-varderingstjanster-helsinki\/\",\"name\":\"Konsult- och v\u00e4rderingstj\u00e4nster, Helsinki - Retta\",\"isPartOf\":{\"@id\":\"https:\/\/retta.fi\/sv\/#website\"},\"datePublished\":\"2022-08-16T14:24:52+00:00\",\"dateModified\":\"2024-09-23T11:30:43+00:00\",\"description\":\"Konsult- och v\u00e4rderingstj\u00e4nster, Helsinki Valimotie 9-11, 00380 HelsinkiTfn.\u00a0020 780 3760 \u00d6ppettider: \u00f6ppet enligt \u00f6verenskommelse\",\"breadcrumb\":{\"@id\":\"https:\/\/retta.fi\/sv\/konsult-och-varderingstjanster-helsinki\/#breadcrumb\"},\"inLanguage\":\"sv-SE\",\"potentialAction\":[{\"@type\":\"ReadAction\",\"target\":[\"https:\/\/retta.fi\/sv\/konsult-och-varderingstjanster-helsinki\/\"]}]},{\"@type\":\"BreadcrumbList\",\"@id\":\"https:\/\/retta.fi\/sv\/konsult-och-varderingstjanster-helsinki\/#breadcrumb\",\"itemListElement\":[{\"@type\":\"ListItem\",\"position\":1,\"name\":\"Framsida\",\"item\":\"https:\/\/retta.fi\/sv\/\"},{\"@type\":\"ListItem\",\"position\":2,\"name\":\"Konsult- och v\u00e4rderingstj\u00e4nster, Helsinki\"}]},{\"@type\":\"WebSite\",\"@id\":\"https:\/\/retta.fi\/sv\/#website\",\"url\":\"https:\/\/retta.fi\/sv\/\",\"name\":\"Retta\",\"description\":\"\",\"publisher\":{\"@id\":\"https:\/\/retta.fi\/sv\/#organization\"},\"potentialAction\":[{\"@type\":\"SearchAction\",\"target\":{\"@type\":\"EntryPoint\",\"urlTemplate\":\"https:\/\/retta.fi\/sv\/?s={search_term_string}\"},\"query-input\":{\"@type\":\"PropertyValueSpecification\",\"valueRequired\":true,\"valueName\":\"search_term_string\"}}],\"inLanguage\":\"sv-SE\"},{\"@type\":\"Organization\",\"@id\":\"https:\/\/retta.fi\/sv\/#organization\",\"name\":\"Retta\",\"url\":\"https:\/\/retta.fi\/sv\/\",\"logo\":{\"@type\":\"ImageObject\",\"inLanguage\":\"sv-SE\",\"@id\":\"https:\/\/retta.fi\/sv\/#\/schema\/logo\/image\/\",\"url\":\"https:\/\/retta.fi\/wp-content\/uploads\/2022\/04\/retta_somejako.png\",\"contentUrl\":\"https:\/\/retta.fi\/wp-content\/uploads\/2022\/04\/retta_somejako.png\",\"width\":1200,\"height\":630,\"caption\":\"Retta\"},\"image\":{\"@id\":\"https:\/\/retta.fi\/sv\/#\/schema\/logo\/image\/\"}}]}<\/script>\n<!-- \/ Yoast SEO plugin. -->","yoast_head_json":{"title":"Konsult- och v\u00e4rderingstj\u00e4nster, Helsinki - Retta","description":"Konsult- och v\u00e4rderingstj\u00e4nster, Helsinki Valimotie 9-11, 00380 HelsinkiTfn.\u00a0020 780 3760 \u00d6ppettider: \u00f6ppet enligt \u00f6verenskommelse","robots":{"index":"index","follow":"follow","max-snippet":"max-snippet:-1","max-image-preview":"max-image-preview:large","max-video-preview":"max-video-preview:-1"},"canonical":"https:\/\/retta.fi\/sv\/konsult-och-varderingstjanster-helsinki\/","og_locale":"sv_SE","og_type":"article","og_title":"Konsult- och v\u00e4rderingstj\u00e4nster, Helsinki - Retta","og_description":"Konsult- och v\u00e4rderingstj\u00e4nster, Helsinki Valimotie 9-11, 00380 HelsinkiTfn.\u00a0020 780 3760 \u00d6ppettider: \u00f6ppet enligt \u00f6verenskommelse","og_url":"https:\/\/retta.fi\/sv\/konsult-och-varderingstjanster-helsinki\/","og_site_name":"Retta","article_modified_time":"2024-09-23T11:30:43+00:00","og_image":[{"width":1200,"height":630,"url":"https:\/\/retta.fi\/wp-content\/uploads\/2022\/04\/retta_somejako.png","type":"image\/png"}],"twitter_card":"summary_large_image","schema":{"@context":"https:\/\/schema.org","@graph":[{"@type":"WebPage","@id":"https:\/\/retta.fi\/sv\/konsult-och-varderingstjanster-helsinki\/","url":"https:\/\/retta.fi\/sv\/konsult-och-varderingstjanster-helsinki\/","name":"Konsult- och v\u00e4rderingstj\u00e4nster, Helsinki - Retta","isPartOf":{"@id":"https:\/\/retta.fi\/sv\/#website"},"datePublished":"2022-08-16T14:24:52+00:00","dateModified":"2024-09-23T11:30:43+00:00","description":"Konsult- och v\u00e4rderingstj\u00e4nster, Helsinki Valimotie 9-11, 00380 HelsinkiTfn.\u00a0020 780 3760 \u00d6ppettider: \u00f6ppet enligt \u00f6verenskommelse","breadcrumb":{"@id":"https:\/\/retta.fi\/sv\/konsult-och-varderingstjanster-helsinki\/#breadcrumb"},"inLanguage":"sv-SE","potentialAction":[{"@type":"ReadAction","target":["https:\/\/retta.fi\/sv\/konsult-och-varderingstjanster-helsinki\/"]}]},{"@type":"BreadcrumbList","@id":"https:\/\/retta.fi\/sv\/konsult-och-varderingstjanster-helsinki\/#breadcrumb","itemListElement":[{"@type":"ListItem","position":1,"name":"Framsida","item":"https:\/\/retta.fi\/sv\/"},{"@type":"ListItem","position":2,"name":"Konsult- och v\u00e4rderingstj\u00e4nster, Helsinki"}]},{"@type":"WebSite","@id":"https:\/\/retta.fi\/sv\/#website","url":"https:\/\/retta.fi\/sv\/","name":"Retta","description":"","publisher":{"@id":"https:\/\/retta.fi\/sv\/#organization"},"potentialAction":[{"@type":"SearchAction","target":{"@type":"EntryPoint","urlTemplate":"https:\/\/retta.fi\/sv\/?s={search_term_string}"},"query-input":{"@type":"PropertyValueSpecification","valueRequired":true,"valueName":"search_term_string"}}],"inLanguage":"sv-SE"},{"@type":"Organization","@id":"https:\/\/retta.fi\/sv\/#organization","name":"Retta","url":"https:\/\/retta.fi\/sv\/","logo":{"@type":"ImageObject","inLanguage":"sv-SE","@id":"https:\/\/retta.fi\/sv\/#\/schema\/logo\/image\/","url":"https:\/\/retta.fi\/wp-content\/uploads\/2022\/04\/retta_somejako.png","contentUrl":"https:\/\/retta.fi\/wp-content\/uploads\/2022\/04\/retta_somejako.png","width":1200,"height":630,"caption":"Retta"},"image":{"@id":"https:\/\/retta.fi\/sv\/#\/schema\/logo\/image\/"}}]}},"_links":{"self":[{"href":"https:\/\/retta.fi\/sv\/wp-json\/wp\/v2\/pages\/21352","targetHints":{"allow":["GET"]}}],"collection":[{"href":"https:\/\/retta.fi\/sv\/wp-json\/wp\/v2\/pages"}],"about":[{"href":"https:\/\/retta.fi\/sv\/wp-json\/wp\/v2\/types\/page"}],"author":[{"embeddable":true,"href":"https:\/\/retta.fi\/sv\/wp-json\/wp\/v2\/users\/31"}],"replies":[{"embeddable":true,"href":"https:\/\/retta.fi\/sv\/wp-json\/wp\/v2\/comments?post=21352"}],"version-history":[{"count":14,"href":"https:\/\/retta.fi\/sv\/wp-json\/wp\/v2\/pages\/21352\/revisions"}],"predecessor-version":[{"id":40808,"href":"https:\/\/retta.fi\/sv\/wp-json\/wp\/v2\/pages\/21352\/revisions\/40808"}],"wp:attachment":[{"href":"https:\/\/retta.fi\/sv\/wp-json\/wp\/v2\/media?parent=21352"}],"curies":[{"name":"wp","href":"https:\/\/api.w.org\/{rel}","templated":true}]}}