{"id":21231,"date":"2022-08-02T12:16:07","date_gmt":"2022-08-02T09:16:07","guid":{"rendered":"https:\/\/retta.fi\/?page_id=21231"},"modified":"2024-12-04T13:49:28","modified_gmt":"2024-12-04T11:49:28","slug":"leda-med-data","status":"publish","type":"page","link":"https:\/\/retta.fi\/sv\/leda-med-data\/","title":{"rendered":"<strong>Leda med data<\/strong>"},"content":{"rendered":"<section id=\"acf-block-6384639c1fc49\" class=\"block block-hero container-fluid ct-darkgreen bg-darkgreen has-bg-pattern\">\n        <div class=\"container\">\n        <div class=\"row\">\n            <div class=\"col-12 col-lg-8 hero-content-col\">\n                <div class=\"hero-content\">\n                    \n\n<h1 class=\"wp-block-heading\"><strong>Leda med data<\/strong><\/h1>\n\n\n                <\/div>\n            <\/div>\n        <\/div>\n    <\/div>\n<\/section>\n\n\n\n<section id=\"acf-block-6384639c1fc72\"    class=\"block block-image-and-content container-fluid ct-beige bg-beige has-bg-pattern\">\n    <div class=\"container\">\n        <div class=\"row justify-content-between\">\n            <div class=\"col-12 col-lg-6  img-col\">\n                <div class=\"wp-block-image\">\n                    <div class=\"alignleft\"><img decoding=\"async\" src=\"https:\/\/retta.fi\/wp-content\/uploads\/2022\/07\/Mikael-Strann-kuva.jpg\" width=\"864\" height=\"576\" alt=\"Strann Mikael Johtaja, talouspalvelut Retta Is\u00e4nn\u00f6inti\" loading=\"lazy\"><\/div>\n                <\/div>\n            <\/div>\n            <div class=\"col-12 col-lg-5\">\n                <main class=\"entry-content\">\n                    \n\n<h2 class=\"wp-block-heading\">H\u00f6gkvalitativ data om ekonomif\u00f6rvaltningen beskriver fastighetsportf\u00f6ljens utveckling och m\u00f6jligg\u00f6r proaktiv ledning<\/h2>\n\n\n\n<p>Proaktiv ledning med data \u00e4r m\u00f6jlig n\u00e4r man med hj\u00e4lp av data kan f\u00f6rutse f\u00f6r\u00e4ndringar i kassafl\u00f6det och f\u00f6r\u00e4ndringar i hyressituationen. Genom att kombinera information fr\u00e5n olika k\u00e4llor ser man ocks\u00e5 kausala f\u00f6rh\u00e5llanden och de mest effektiva \u00e5tg\u00e4rderna kan kopieras till andra objekt:<\/p>\n\n\n\n<p>H\u00f6gkvalitativa data inom ekonomif\u00f6rvaltningen hj\u00e4lper oss att ta itu med tv\u00e5 viktiga fr\u00e5gor: om vi \u00e4r p\u00e5 r\u00e4tt v\u00e4g samt med avvikelser l\u00e4ngs v\u00e4gen. Vi inleder alltid ett samarbete med kunden genom att noggrant kartl\u00e4gga behov, m\u00e5l och f\u00f6rv\u00e4ntningar f\u00f6r samarbetet. F\u00f6r att uppn\u00e5 dessa m\u00e5l kr\u00e4vs det fortl\u00f6pande information om huruvida \u00e5tg\u00e4rderna leder i r\u00e4tt riktning och om nettoint\u00e4kterna utvecklas p\u00e5 \u00f6nskat s\u00e4tt<\/p>\n\n\n\n<div class=\"wp-block-buttons is-layout-flex wp-block-buttons-is-layout-flex\">\n<div class=\"wp-block-button\"><a class=\"wp-block-button__link wp-element-button\" href=\"https:\/\/retta.fi\/sv\/ekonomiforvaltningstjanster-avseende-fastighetsforvaltning-och-uthyrning\/\">L\u00e4s mer<\/a><\/div>\n<\/div>\n\n\n                <\/main>\n            <\/div>\n        <\/div>\n    <\/div>\n<\/section>\n\n\n<section id=\"acf-block-6384639c206a1\" class=\"block block-content-list container-fluid ct-lightblue bg-lightblue\">\n        <div class=\"container title-container\">\n        <div class=\"row\">\n            <div class=\"col-12 col-lg-7 title-col\">\n                <h2>Leda med data<\/h2>\n            <\/div>\n        <\/div>\n    <\/div>\n        \n\n<div class=\"element block-content-list-item\">\n    <div class=\"container item-container has-border\">\n        <div class=\"row justify-content-between\">\n            <div class=\"col-12 col-lg-5 img-col entry-content\">\n                                <img decoding=\"async\" src=\"https:\/\/retta.fi\/wp-content\/uploads\/2022\/06\/Nainen-ja-mies-hymyilevat-toimistolla-Retta-632x404.jpg\" width=\"632\" height=\"404\" class=\"content-list-item-img\" alt=\"Nainen ja mies hymyilev\u00e4t toimistolla Retta\" loading=\"lazy\">                            <\/div>\n            <div class=\"col-12 col-lg-6\">\n                <main class=\"entry-content\">\n                    \n\n<p class=\"is-style-lead\"><strong>V\u00e4rderingstj\u00e4nster<\/strong><\/p>\n\n\n\n<p>V\u00e5ra erfarna och kunniga v\u00e4rderare bed\u00f6mer p\u00e5 ett tillf\u00f6rlitligt s\u00e4tt v\u00e4rdet av olika kommersiella objekt som st\u00f6d f\u00f6r beslutsfattande.<\/p>\n\n\n\n<div class=\"wp-block-buttons is-layout-flex wp-block-buttons-is-layout-flex\">\n<div class=\"wp-block-button\"><a class=\"wp-block-button__link wp-element-button\" href=\"https:\/\/retta.fi\/sv\/ekonomiforvaltningstjanster-avseende-fastighetsforvaltning-och-uthyrning\/\">L\u00e4s mer<\/a><\/div>\n<\/div>\n\n\n                <\/main>\n            <\/div>\n        <\/div>\n    <\/div>\n<\/div>\n\n\n<div class=\"element block-content-list-item\">\n    <div class=\"container item-container has-border\">\n        <div class=\"row justify-content-between\">\n            <div class=\"col-12 col-lg-5 img-col entry-content\">\n                                <img decoding=\"async\" src=\"https:\/\/retta.fi\/wp-content\/uploads\/2022\/05\/Realia-9876-small-web-632x421.png\" width=\"632\" height=\"421\" class=\"content-list-item-img\" alt=\"Ty\u00f6paikkailmoituksen kuvituskuva - Kiinteist\u00f6kirjanpit\u00e4j\u00e4\" loading=\"lazy\">                            <\/div>\n            <div class=\"col-12 col-lg-6\">\n                <main class=\"entry-content\">\n                    \n\n<p class=\"is-style-lead\"><strong>Ekonomitj\u00e4nster<\/strong><\/p>\n\n\n\n<p>Din fastighetsegendom m\u00e5r bra och ger avkastning n\u00e4r dess ekonomi styrs med k\u00e4nnedom om fastighetsbranschens s\u00e4rdrag och lagstiftning. Du kommer att fatta b\u00e4ttre beslut n\u00e4r rapporteringen inte bara \u00e4r ett f\u00f6nster till det f\u00f6rflutna, utan ocks\u00e5 ger utsikter f\u00f6r framtiden.\u00a0<\/p>\n\n\n\n<div class=\"wp-block-buttons is-layout-flex wp-block-buttons-is-layout-flex\">\n<div class=\"wp-block-button\"><a class=\"wp-block-button__link wp-element-button\" href=\"https:\/\/retta.fi\/sv\/ekonomiforvaltningstjanster-avseende-fastighetsforvaltning-och-uthyrning\/\">L\u00e4s mer<\/a><\/div>\n<\/div>\n\n\n                <\/main>\n            <\/div>\n        <\/div>\n    <\/div>\n<\/div>\n\n<\/section>","protected":false},"excerpt":{"rendered":"","protected":false},"author":31,"featured_media":0,"parent":0,"menu_order":0,"comment_status":"closed","ping_status":"closed","template":"","meta":{"_acf_changed":false,"_relevanssi_hide_post":"","_relevanssi_hide_content":"","_relevanssi_pin_for_all":"","_relevanssi_pin_keywords":"","_relevanssi_unpin_keywords":"","_relevanssi_related_keywords":"","_relevanssi_related_include_ids":"","_relevanssi_related_exclude_ids":"","_relevanssi_related_no_append":"","_relevanssi_related_not_related":"","_relevanssi_related_posts":"1888,27762,1876,6095,1874,27765","_relevanssi_noindex_reason":"","footnotes":""},"class_list":["post-21231","page","type-page","status-publish","hentry"],"acf":[],"yoast_head":"<!-- This site is optimized with the Yoast SEO plugin v27.4 - https:\/\/yoast.com\/product\/yoast-seo-wordpress\/ -->\n<title>Leda med data - Retta<\/title>\n<meta name=\"description\" content=\"Leda med data H\u00f6gkvalitativ data om ekonomif\u00f6rvaltningen beskriver fastighetsportf\u00f6ljens utveckling och m\u00f6jligg\u00f6r proaktiv ledning Proaktiv ledning med\" \/>\n<meta name=\"robots\" content=\"index, follow, max-snippet:-1, max-image-preview:large, max-video-preview:-1\" \/>\n<link rel=\"canonical\" href=\"https:\/\/retta.fi\/sv\/leda-med-data\/\" \/>\n<meta property=\"og:locale\" content=\"sv_SE\" \/>\n<meta property=\"og:type\" content=\"article\" \/>\n<meta property=\"og:title\" content=\"Leda med data - Retta\" \/>\n<meta property=\"og:description\" content=\"Leda med data H\u00f6gkvalitativ data om ekonomif\u00f6rvaltningen beskriver fastighetsportf\u00f6ljens utveckling och m\u00f6jligg\u00f6r proaktiv ledning Proaktiv ledning med\" \/>\n<meta property=\"og:url\" content=\"https:\/\/retta.fi\/sv\/leda-med-data\/\" \/>\n<meta property=\"og:site_name\" content=\"Retta\" \/>\n<meta property=\"article:modified_time\" content=\"2024-12-04T11:49:28+00:00\" \/>\n<meta property=\"og:image\" content=\"https:\/\/retta.fi\/wp-content\/uploads\/2022\/04\/retta_somejako.png\" \/>\n\t<meta property=\"og:image:width\" content=\"1200\" \/>\n\t<meta property=\"og:image:height\" content=\"630\" \/>\n\t<meta property=\"og:image:type\" content=\"image\/png\" \/>\n<meta name=\"twitter:card\" content=\"summary_large_image\" \/>\n<script type=\"application\/ld+json\" class=\"yoast-schema-graph\">{\"@context\":\"https:\\\/\\\/schema.org\",\"@graph\":[{\"@type\":\"WebPage\",\"@id\":\"https:\\\/\\\/retta.fi\\\/sv\\\/leda-med-data\\\/\",\"url\":\"https:\\\/\\\/retta.fi\\\/sv\\\/leda-med-data\\\/\",\"name\":\"Leda med data - Retta\",\"isPartOf\":{\"@id\":\"https:\\\/\\\/retta.fi\\\/sv\\\/#website\"},\"datePublished\":\"2022-08-02T09:16:07+00:00\",\"dateModified\":\"2024-12-04T11:49:28+00:00\",\"description\":\"Leda med data H\u00f6gkvalitativ data om ekonomif\u00f6rvaltningen beskriver fastighetsportf\u00f6ljens utveckling och m\u00f6jligg\u00f6r proaktiv ledning Proaktiv ledning med\",\"breadcrumb\":{\"@id\":\"https:\\\/\\\/retta.fi\\\/sv\\\/leda-med-data\\\/#breadcrumb\"},\"inLanguage\":\"sv-SE\",\"potentialAction\":[{\"@type\":\"ReadAction\",\"target\":[\"https:\\\/\\\/retta.fi\\\/sv\\\/leda-med-data\\\/\"]}]},{\"@type\":\"BreadcrumbList\",\"@id\":\"https:\\\/\\\/retta.fi\\\/sv\\\/leda-med-data\\\/#breadcrumb\",\"itemListElement\":[{\"@type\":\"ListItem\",\"position\":1,\"name\":\"Framsida\",\"item\":\"https:\\\/\\\/retta.fi\\\/sv\\\/\"},{\"@type\":\"ListItem\",\"position\":2,\"name\":\"&lt;strong&gt;Leda med data&lt;\\\/strong&gt;\"}]},{\"@type\":\"WebSite\",\"@id\":\"https:\\\/\\\/retta.fi\\\/sv\\\/#website\",\"url\":\"https:\\\/\\\/retta.fi\\\/sv\\\/\",\"name\":\"Retta\",\"description\":\"\",\"publisher\":{\"@id\":\"https:\\\/\\\/retta.fi\\\/sv\\\/#organization\"},\"potentialAction\":[{\"@type\":\"SearchAction\",\"target\":{\"@type\":\"EntryPoint\",\"urlTemplate\":\"https:\\\/\\\/retta.fi\\\/sv\\\/?s={search_term_string}\"},\"query-input\":{\"@type\":\"PropertyValueSpecification\",\"valueRequired\":true,\"valueName\":\"search_term_string\"}}],\"inLanguage\":\"sv-SE\"},{\"@type\":\"Organization\",\"@id\":\"https:\\\/\\\/retta.fi\\\/sv\\\/#organization\",\"name\":\"Retta\",\"url\":\"https:\\\/\\\/retta.fi\\\/sv\\\/\",\"logo\":{\"@type\":\"ImageObject\",\"inLanguage\":\"sv-SE\",\"@id\":\"https:\\\/\\\/retta.fi\\\/sv\\\/#\\\/schema\\\/logo\\\/image\\\/\",\"url\":\"https:\\\/\\\/retta.fi\\\/wp-content\\\/uploads\\\/2022\\\/04\\\/retta_somejako.png\",\"contentUrl\":\"https:\\\/\\\/retta.fi\\\/wp-content\\\/uploads\\\/2022\\\/04\\\/retta_somejako.png\",\"width\":1200,\"height\":630,\"caption\":\"Retta\"},\"image\":{\"@id\":\"https:\\\/\\\/retta.fi\\\/sv\\\/#\\\/schema\\\/logo\\\/image\\\/\"}}]}<\/script>\n<!-- \/ Yoast SEO plugin. -->","yoast_head_json":{"title":"Leda med data - Retta","description":"Leda med data H\u00f6gkvalitativ data om ekonomif\u00f6rvaltningen beskriver fastighetsportf\u00f6ljens utveckling och m\u00f6jligg\u00f6r proaktiv ledning Proaktiv ledning med","robots":{"index":"index","follow":"follow","max-snippet":"max-snippet:-1","max-image-preview":"max-image-preview:large","max-video-preview":"max-video-preview:-1"},"canonical":"https:\/\/retta.fi\/sv\/leda-med-data\/","og_locale":"sv_SE","og_type":"article","og_title":"Leda med data - Retta","og_description":"Leda med data H\u00f6gkvalitativ data om ekonomif\u00f6rvaltningen beskriver fastighetsportf\u00f6ljens utveckling och m\u00f6jligg\u00f6r proaktiv ledning Proaktiv ledning med","og_url":"https:\/\/retta.fi\/sv\/leda-med-data\/","og_site_name":"Retta","article_modified_time":"2024-12-04T11:49:28+00:00","og_image":[{"width":1200,"height":630,"url":"https:\/\/retta.fi\/wp-content\/uploads\/2022\/04\/retta_somejako.png","type":"image\/png"}],"twitter_card":"summary_large_image","schema":{"@context":"https:\/\/schema.org","@graph":[{"@type":"WebPage","@id":"https:\/\/retta.fi\/sv\/leda-med-data\/","url":"https:\/\/retta.fi\/sv\/leda-med-data\/","name":"Leda med data - Retta","isPartOf":{"@id":"https:\/\/retta.fi\/sv\/#website"},"datePublished":"2022-08-02T09:16:07+00:00","dateModified":"2024-12-04T11:49:28+00:00","description":"Leda med data H\u00f6gkvalitativ data om ekonomif\u00f6rvaltningen beskriver fastighetsportf\u00f6ljens utveckling och m\u00f6jligg\u00f6r proaktiv ledning Proaktiv ledning med","breadcrumb":{"@id":"https:\/\/retta.fi\/sv\/leda-med-data\/#breadcrumb"},"inLanguage":"sv-SE","potentialAction":[{"@type":"ReadAction","target":["https:\/\/retta.fi\/sv\/leda-med-data\/"]}]},{"@type":"BreadcrumbList","@id":"https:\/\/retta.fi\/sv\/leda-med-data\/#breadcrumb","itemListElement":[{"@type":"ListItem","position":1,"name":"Framsida","item":"https:\/\/retta.fi\/sv\/"},{"@type":"ListItem","position":2,"name":"&lt;strong&gt;Leda med data&lt;\/strong&gt;"}]},{"@type":"WebSite","@id":"https:\/\/retta.fi\/sv\/#website","url":"https:\/\/retta.fi\/sv\/","name":"Retta","description":"","publisher":{"@id":"https:\/\/retta.fi\/sv\/#organization"},"potentialAction":[{"@type":"SearchAction","target":{"@type":"EntryPoint","urlTemplate":"https:\/\/retta.fi\/sv\/?s={search_term_string}"},"query-input":{"@type":"PropertyValueSpecification","valueRequired":true,"valueName":"search_term_string"}}],"inLanguage":"sv-SE"},{"@type":"Organization","@id":"https:\/\/retta.fi\/sv\/#organization","name":"Retta","url":"https:\/\/retta.fi\/sv\/","logo":{"@type":"ImageObject","inLanguage":"sv-SE","@id":"https:\/\/retta.fi\/sv\/#\/schema\/logo\/image\/","url":"https:\/\/retta.fi\/wp-content\/uploads\/2022\/04\/retta_somejako.png","contentUrl":"https:\/\/retta.fi\/wp-content\/uploads\/2022\/04\/retta_somejako.png","width":1200,"height":630,"caption":"Retta"},"image":{"@id":"https:\/\/retta.fi\/sv\/#\/schema\/logo\/image\/"}}]}},"_links":{"self":[{"href":"https:\/\/retta.fi\/sv\/wp-json\/wp\/v2\/pages\/21231","targetHints":{"allow":["GET"]}}],"collection":[{"href":"https:\/\/retta.fi\/sv\/wp-json\/wp\/v2\/pages"}],"about":[{"href":"https:\/\/retta.fi\/sv\/wp-json\/wp\/v2\/types\/page"}],"author":[{"embeddable":true,"href":"https:\/\/retta.fi\/sv\/wp-json\/wp\/v2\/users\/31"}],"replies":[{"embeddable":true,"href":"https:\/\/retta.fi\/sv\/wp-json\/wp\/v2\/comments?post=21231"}],"version-history":[{"count":2,"href":"https:\/\/retta.fi\/sv\/wp-json\/wp\/v2\/pages\/21231\/revisions"}],"predecessor-version":[{"id":21233,"href":"https:\/\/retta.fi\/sv\/wp-json\/wp\/v2\/pages\/21231\/revisions\/21233"}],"wp:attachment":[{"href":"https:\/\/retta.fi\/sv\/wp-json\/wp\/v2\/media?parent=21231"}],"curies":[{"name":"wp","href":"https:\/\/api.w.org\/{rel}","templated":true}]}}