{"id":19994,"date":"2022-05-12T15:14:19","date_gmt":"2022-05-12T12:14:19","guid":{"rendered":"https:\/\/retta.fi\/?page_id=19994"},"modified":"2025-12-18T11:03:32","modified_gmt":"2025-12-18T09:03:32","slug":"faktureringsanvisning","status":"publish","type":"page","link":"https:\/\/retta.fi\/sv\/faktureringsanvisning\/","title":{"rendered":"Faktureringsanvisning"},"content":{"rendered":"<section id=\"acf-block-63621ca9685d0\" class=\"block block-hero container-fluid ct-darkgreen bg-darkgreen \">\n        <div class=\"container\">\n        <div class=\"row\">\n            <div class=\"col-12 col-lg-8 hero-content-col\">\n                <div class=\"hero-content\">\n                    \n\n<h1 class=\"wp-block-heading\">Faktureringsanvisning<\/h1>\n\n\n                <\/div>\n            <\/div>\n        <\/div>\n    <\/div>\n<\/section>\n\n\n\n<section id=\"acf-block-63621ca9685ed\" class=\"block block-content-wrapper container-fluid container-fluid \">\n    <div class=\"container\">\n        <div class=\"row\">\n            <div class=\"col-12 col-lg-8 offset-lg-2 col-hd-6 offset-hd-3\">\n                <main class=\"entry-content\">\n                    \n\n<p>Vi tar emot fakturor som n\u00e4tfakturor. Vi tar inte emot pappersfakturor p\u00e5 Rettas kontor eller via e-post<\/p>\n\n\n\n<p>Rettas* betalningsvillkor \u00e4r 30 dagar netto.<\/p>\n\n\n\n<p>Alla fakturor ska tydligt visa namnet p\u00e5 eller e-postadressen till den person som gjort best\u00e4llningen eller den person som ing\u00e5tt avtalet. Dessutom ska det p\u00e5 fakturan framg\u00e5 avtalsnumret, referensen till betalningsplanen eller kostnadsst\u00e4llet, om man har kommit \u00f6verens om dessa faktureringsh\u00e4nvisningar.<\/p>\n\n\n\n<p><\/p>\n\n\n\n<p class=\"is-style-lead\"><strong>Retta Is\u00e4nn\u00f6inti Oy, FO-nummer 0871684-7<\/strong> (endast Retta Is\u00e4nn\u00f6inti Oy bolagens egna fakturor, inte hus- eller fastighetsaktiebolagens)\u202f<\/p>\n\n\n\n<p>N\u00e4tfaktureringsadress 003708716847<br>EDI-kod 003721291126<br>Operat\u00f6r Maventa<br>F\u00f6rmedlarkod DABAFIHH*<\/p>\n\n\n\n<p>V\u00e4nligen anv\u00e4nd denna f\u00f6rmedlarkod, ifall er n\u00e4tfaktureringsservice inte m\u00f6jligg\u00f6r direkt fakturering till Maventas operat\u00f6rskod.<br><br>Man kan \u00e4ven skicka n\u00e4tfakturor gratis till:  <a href=\"mailto:08716847@scan.netvisor.fi\">08716847@scan.netvisor.fi<\/a> eller via post till: Retta Is\u00e4nn\u00f6inti Oy 08716847, PL 100, 80020<br>Kollektor Scan<\/p>\n\n\n\n<p><\/p>\n\n\n\n<p><strong><a href=\"https:\/\/www.omaretta.fi\/e-invoicing\" target=\"_blank\" rel=\"noreferrer noopener\">Faktureringsadresser till byggnadsf\u00f6reningar<\/a><\/strong><\/p>\n\n\n\n<p><\/p>\n\n\n\n<p><\/p>\n\n\n                <\/main>\n            <\/div>\n        <\/div>\n    <\/div>\n<\/section>","protected":false},"excerpt":{"rendered":"","protected":false},"author":31,"featured_media":0,"parent":0,"menu_order":0,"comment_status":"closed","ping_status":"closed","template":"","meta":{"_acf_changed":false,"_relevanssi_hide_post":"","_relevanssi_hide_content":"","_relevanssi_pin_for_all":"","_relevanssi_pin_keywords":"","_relevanssi_unpin_keywords":"","_relevanssi_related_keywords":"","_relevanssi_related_include_ids":"","_relevanssi_related_exclude_ids":"","_relevanssi_related_no_append":"","_relevanssi_related_not_related":"","_relevanssi_related_posts":"1900,1874,1876,1906,1896,1902","_relevanssi_noindex_reason":"","footnotes":""},"class_list":["post-19994","page","type-page","status-publish","hentry"],"acf":[],"yoast_head":"<!-- This site is optimized with the Yoast SEO plugin v27.4 - https:\/\/yoast.com\/product\/yoast-seo-wordpress\/ -->\n<title>Faktureringsanvisning - Retta<\/title>\n<meta name=\"description\" content=\"Faktureringsanvisning Vi tar emot fakturor som n\u00e4tfakturor. Vi tar inte emot pappersfakturor p\u00e5 Rettas kontor eller via e-post Rettas* betalningsvillkor\" \/>\n<meta name=\"robots\" content=\"index, follow, max-snippet:-1, max-image-preview:large, max-video-preview:-1\" \/>\n<link rel=\"canonical\" href=\"https:\/\/retta.fi\/sv\/faktureringsanvisning\/\" \/>\n<meta property=\"og:locale\" content=\"sv_SE\" \/>\n<meta property=\"og:type\" content=\"article\" \/>\n<meta property=\"og:title\" content=\"Faktureringsanvisning - Retta\" \/>\n<meta property=\"og:description\" content=\"Faktureringsanvisning Vi tar emot fakturor som n\u00e4tfakturor. Vi tar inte emot pappersfakturor p\u00e5 Rettas kontor eller via e-post Rettas* betalningsvillkor\" \/>\n<meta property=\"og:url\" content=\"https:\/\/retta.fi\/sv\/faktureringsanvisning\/\" \/>\n<meta property=\"og:site_name\" content=\"Retta\" \/>\n<meta property=\"article:modified_time\" content=\"2025-12-18T09:03:32+00:00\" \/>\n<meta property=\"og:image\" content=\"https:\/\/retta.fi\/wp-content\/uploads\/2022\/04\/retta_somejako.png\" \/>\n\t<meta property=\"og:image:width\" content=\"1200\" \/>\n\t<meta property=\"og:image:height\" content=\"630\" \/>\n\t<meta property=\"og:image:type\" content=\"image\/png\" \/>\n<meta name=\"twitter:card\" content=\"summary_large_image\" \/>\n<script type=\"application\/ld+json\" class=\"yoast-schema-graph\">{\"@context\":\"https:\\\/\\\/schema.org\",\"@graph\":[{\"@type\":\"WebPage\",\"@id\":\"https:\\\/\\\/retta.fi\\\/sv\\\/faktureringsanvisning\\\/\",\"url\":\"https:\\\/\\\/retta.fi\\\/sv\\\/faktureringsanvisning\\\/\",\"name\":\"Faktureringsanvisning - Retta\",\"isPartOf\":{\"@id\":\"https:\\\/\\\/retta.fi\\\/sv\\\/#website\"},\"datePublished\":\"2022-05-12T12:14:19+00:00\",\"dateModified\":\"2025-12-18T09:03:32+00:00\",\"description\":\"Faktureringsanvisning Vi tar emot fakturor som n\u00e4tfakturor. Vi tar inte emot pappersfakturor p\u00e5 Rettas kontor eller via e-post Rettas* betalningsvillkor\",\"breadcrumb\":{\"@id\":\"https:\\\/\\\/retta.fi\\\/sv\\\/faktureringsanvisning\\\/#breadcrumb\"},\"inLanguage\":\"sv-SE\",\"potentialAction\":[{\"@type\":\"ReadAction\",\"target\":[\"https:\\\/\\\/retta.fi\\\/sv\\\/faktureringsanvisning\\\/\"]}]},{\"@type\":\"BreadcrumbList\",\"@id\":\"https:\\\/\\\/retta.fi\\\/sv\\\/faktureringsanvisning\\\/#breadcrumb\",\"itemListElement\":[{\"@type\":\"ListItem\",\"position\":1,\"name\":\"Framsida\",\"item\":\"https:\\\/\\\/retta.fi\\\/sv\\\/\"},{\"@type\":\"ListItem\",\"position\":2,\"name\":\"Faktureringsanvisning\"}]},{\"@type\":\"WebSite\",\"@id\":\"https:\\\/\\\/retta.fi\\\/sv\\\/#website\",\"url\":\"https:\\\/\\\/retta.fi\\\/sv\\\/\",\"name\":\"Retta\",\"description\":\"\",\"publisher\":{\"@id\":\"https:\\\/\\\/retta.fi\\\/sv\\\/#organization\"},\"potentialAction\":[{\"@type\":\"SearchAction\",\"target\":{\"@type\":\"EntryPoint\",\"urlTemplate\":\"https:\\\/\\\/retta.fi\\\/sv\\\/?s={search_term_string}\"},\"query-input\":{\"@type\":\"PropertyValueSpecification\",\"valueRequired\":true,\"valueName\":\"search_term_string\"}}],\"inLanguage\":\"sv-SE\"},{\"@type\":\"Organization\",\"@id\":\"https:\\\/\\\/retta.fi\\\/sv\\\/#organization\",\"name\":\"Retta\",\"url\":\"https:\\\/\\\/retta.fi\\\/sv\\\/\",\"logo\":{\"@type\":\"ImageObject\",\"inLanguage\":\"sv-SE\",\"@id\":\"https:\\\/\\\/retta.fi\\\/sv\\\/#\\\/schema\\\/logo\\\/image\\\/\",\"url\":\"https:\\\/\\\/retta.fi\\\/wp-content\\\/uploads\\\/2022\\\/04\\\/retta_somejako.png\",\"contentUrl\":\"https:\\\/\\\/retta.fi\\\/wp-content\\\/uploads\\\/2022\\\/04\\\/retta_somejako.png\",\"width\":1200,\"height\":630,\"caption\":\"Retta\"},\"image\":{\"@id\":\"https:\\\/\\\/retta.fi\\\/sv\\\/#\\\/schema\\\/logo\\\/image\\\/\"}}]}<\/script>\n<!-- \/ Yoast SEO plugin. -->","yoast_head_json":{"title":"Faktureringsanvisning - Retta","description":"Faktureringsanvisning Vi tar emot fakturor som n\u00e4tfakturor. Vi tar inte emot pappersfakturor p\u00e5 Rettas kontor eller via e-post Rettas* betalningsvillkor","robots":{"index":"index","follow":"follow","max-snippet":"max-snippet:-1","max-image-preview":"max-image-preview:large","max-video-preview":"max-video-preview:-1"},"canonical":"https:\/\/retta.fi\/sv\/faktureringsanvisning\/","og_locale":"sv_SE","og_type":"article","og_title":"Faktureringsanvisning - Retta","og_description":"Faktureringsanvisning Vi tar emot fakturor som n\u00e4tfakturor. Vi tar inte emot pappersfakturor p\u00e5 Rettas kontor eller via e-post Rettas* betalningsvillkor","og_url":"https:\/\/retta.fi\/sv\/faktureringsanvisning\/","og_site_name":"Retta","article_modified_time":"2025-12-18T09:03:32+00:00","og_image":[{"width":1200,"height":630,"url":"https:\/\/retta.fi\/wp-content\/uploads\/2022\/04\/retta_somejako.png","type":"image\/png"}],"twitter_card":"summary_large_image","schema":{"@context":"https:\/\/schema.org","@graph":[{"@type":"WebPage","@id":"https:\/\/retta.fi\/sv\/faktureringsanvisning\/","url":"https:\/\/retta.fi\/sv\/faktureringsanvisning\/","name":"Faktureringsanvisning - Retta","isPartOf":{"@id":"https:\/\/retta.fi\/sv\/#website"},"datePublished":"2022-05-12T12:14:19+00:00","dateModified":"2025-12-18T09:03:32+00:00","description":"Faktureringsanvisning Vi tar emot fakturor som n\u00e4tfakturor. Vi tar inte emot pappersfakturor p\u00e5 Rettas kontor eller via e-post Rettas* betalningsvillkor","breadcrumb":{"@id":"https:\/\/retta.fi\/sv\/faktureringsanvisning\/#breadcrumb"},"inLanguage":"sv-SE","potentialAction":[{"@type":"ReadAction","target":["https:\/\/retta.fi\/sv\/faktureringsanvisning\/"]}]},{"@type":"BreadcrumbList","@id":"https:\/\/retta.fi\/sv\/faktureringsanvisning\/#breadcrumb","itemListElement":[{"@type":"ListItem","position":1,"name":"Framsida","item":"https:\/\/retta.fi\/sv\/"},{"@type":"ListItem","position":2,"name":"Faktureringsanvisning"}]},{"@type":"WebSite","@id":"https:\/\/retta.fi\/sv\/#website","url":"https:\/\/retta.fi\/sv\/","name":"Retta","description":"","publisher":{"@id":"https:\/\/retta.fi\/sv\/#organization"},"potentialAction":[{"@type":"SearchAction","target":{"@type":"EntryPoint","urlTemplate":"https:\/\/retta.fi\/sv\/?s={search_term_string}"},"query-input":{"@type":"PropertyValueSpecification","valueRequired":true,"valueName":"search_term_string"}}],"inLanguage":"sv-SE"},{"@type":"Organization","@id":"https:\/\/retta.fi\/sv\/#organization","name":"Retta","url":"https:\/\/retta.fi\/sv\/","logo":{"@type":"ImageObject","inLanguage":"sv-SE","@id":"https:\/\/retta.fi\/sv\/#\/schema\/logo\/image\/","url":"https:\/\/retta.fi\/wp-content\/uploads\/2022\/04\/retta_somejako.png","contentUrl":"https:\/\/retta.fi\/wp-content\/uploads\/2022\/04\/retta_somejako.png","width":1200,"height":630,"caption":"Retta"},"image":{"@id":"https:\/\/retta.fi\/sv\/#\/schema\/logo\/image\/"}}]}},"_links":{"self":[{"href":"https:\/\/retta.fi\/sv\/wp-json\/wp\/v2\/pages\/19994","targetHints":{"allow":["GET"]}}],"collection":[{"href":"https:\/\/retta.fi\/sv\/wp-json\/wp\/v2\/pages"}],"about":[{"href":"https:\/\/retta.fi\/sv\/wp-json\/wp\/v2\/types\/page"}],"author":[{"embeddable":true,"href":"https:\/\/retta.fi\/sv\/wp-json\/wp\/v2\/users\/31"}],"replies":[{"embeddable":true,"href":"https:\/\/retta.fi\/sv\/wp-json\/wp\/v2\/comments?post=19994"}],"version-history":[{"count":14,"href":"https:\/\/retta.fi\/sv\/wp-json\/wp\/v2\/pages\/19994\/revisions"}],"predecessor-version":[{"id":54494,"href":"https:\/\/retta.fi\/sv\/wp-json\/wp\/v2\/pages\/19994\/revisions\/54494"}],"wp:attachment":[{"href":"https:\/\/retta.fi\/sv\/wp-json\/wp\/v2\/media?parent=19994"}],"curies":[{"name":"wp","href":"https:\/\/api.w.org\/{rel}","templated":true}]}}