{"id":19985,"date":"2022-08-05T09:21:17","date_gmt":"2022-08-05T06:21:17","guid":{"rendered":"https:\/\/retta.fi\/?page_id=19985"},"modified":"2023-11-13T14:33:56","modified_gmt":"2023-11-13T12:33:56","slug":"inkop","status":"publish","type":"page","link":"https:\/\/retta.fi\/sv\/vara-tjanster\/inkop\/","title":{"rendered":"Ink\u00f6p"},"content":{"rendered":"<section id=\"acf-block-6347d96890255\" class=\"block block-hero container-fluid ct-lightblue bg-lightblue has-bg-pattern\">\n        <div class=\"container\">\n        <div class=\"row\">\n            <div class=\"col-12 col-lg-8 hero-content-col\">\n                <div class=\"hero-content\">\n                    \n\n<h1 class=\"wp-block-heading\">Som kund hos Retta kan du dra nytta av f\u00e4rdiga samarbetsavtal<\/h1>\n\n\n                <\/div>\n            <\/div>\n        <\/div>\n    <\/div>\n<\/section>\n\n\n\n<section id=\"acf-block-6347d968902a6\"    class=\"block block-image-and-content container-fluid ct-beige bg-beige has-bg-pattern\">\n    <div class=\"container\">\n        <div class=\"row justify-content-between\">\n            <div class=\"col-12 col-lg-6  img-col\">\n                <div class=\"wp-block-image\">\n                    <div class=\"alignleft\"><img decoding=\"async\" src=\"https:\/\/retta.fi\/wp-content\/uploads\/2022\/08\/Nainen-ja-mies-hymyilevat-poydan-aarella-tietokoneen-edessa.jpg\" width=\"864\" height=\"576\" alt=\"Nainen-ja-mies-hymyilevat-poydan-aarella-tietokoneen-edess\u00e4\" loading=\"lazy\"><\/div>\n                <\/div>\n            <\/div>\n            <div class=\"col-12 col-lg-5\">\n                <main class=\"entry-content\">\n                    \n\n<h2 class=\"wp-block-heading\">Vi har f\u00f6rhandlat fram de b\u00e4sta alternativen f\u00f6r v\u00e5ra kunder<\/h2>\n\n\n\n<p class=\"is-style-lead\"><em>Vi identifierar ditt husbolags m\u00f6jligheter till besparingar vid b\u00e5de sm\u00e5 och stora ink\u00f6p. Vi \u00e4r kr\u00e4vande f\u00f6r dig: ditt bostadsaktiebolag f\u00f6rtj\u00e4nar de mest h\u00f6gkvalitativa och kostnadssn\u00e5laste samarbetsavtalen med p\u00e5litliga akt\u00f6rer<\/em>!<\/p>\n\n\n\n<div class=\"wp-block-button\"><a class=\"wp-block-button__link wp-element-button\" href=\"#puitesopimus\">L\u00e4r dig mer om samarbetsavtalen<\/a><\/div>\n\n\n                <\/main>\n            <\/div>\n        <\/div>\n    <\/div>\n<\/section>\n\n\n<section id=\"acf-block-6347d968902be\"    class=\"block block-image-and-content container-fluid ct-lightblue bg-lightblue has-bg-pattern\">\n    <div class=\"container\">\n        <div class=\"row justify-content-between\">\n            <div class=\"col-12 col-lg-6  img-col\">\n                <div class=\"wp-block-image\">\n                    <div class=\"alignleft\"><img decoding=\"async\" src=\"https:\/\/retta.fi\/wp-content\/uploads\/2022\/07\/kerrostalo-marin-artikkeli.jpg\" width=\"864\" height=\"576\" alt=\"Kaunis aallonmuotoinen vuokratalo.\" loading=\"lazy\"><\/div>\n                <\/div>\n            <\/div>\n            <div class=\"col-12 col-lg-5\">\n                <main class=\"entry-content\">\n                    \n\n<h3 class=\"wp-block-heading\">De omfattande samarbetsavtalen ger ditt husbolag volymf\u00f6rdelar<\/h3>\n\n\n\n<p>Retta \u00e4r disponent och f\u00f6rvaltar sammanlagt cirka 10 000 fastigheter runt om i Finland. En stor fastighetsmassa g\u00f6r det m\u00f6jligt f\u00f6r oss att f\u00f6rhandla om flera husbolag i samma kontrakt. De centraliserade ramavtalen \u00e4r kostnadseffektiva och ger ditt husbolag volymf\u00f6rdelar.<\/p>\n\n\n\n<p>Vi identifierar ditt fastighetsbolags ink\u00f6psbehov redan innan du sj\u00e4lv \u00e4r medveten om dem. Detta beror p\u00e5 att vi kan f\u00f6rutse husbolagens s\u00e4songsbetonade tj\u00e4nstebehov och p\u00e5 att vi regelbundet konkurrensuts\u00e4tter kontrakt. P\u00e5 s\u00e5 s\u00e4tt s\u00e4kerst\u00e4ller vi i god tid att ditt husbolag f\u00e5r de b\u00e4sta kontrakten f\u00f6r aktuella ink\u00f6p.<\/p>\n\n\n                <\/main>\n            <\/div>\n        <\/div>\n    <\/div>\n<\/section>\n\n\n<section id=\"puitesopimus\" class=\"block block-content-list container-fluid ct-lightblue bg-lightblue\">\n        <div class=\"container title-container\">\n        <div class=\"row\">\n            <div class=\"col-12 col-lg-7 title-col\">\n                <h2>Exempel p\u00e5 samarbetsavtal:<\/h2>\n            <\/div>\n        <\/div>\n    <\/div>\n        \n\n<div class=\"element block-content-list-item\">\n    <div class=\"container item-container has-border\">\n        <div class=\"row justify-content-between\">\n            <div class=\"col-12 col-lg-5 img-col entry-content\">\n                                <h3>Utbytbar matta<\/h3>\n                                                            <\/div>\n            <div class=\"col-12 col-lg-6\">\n                <main class=\"entry-content\">\n                    \n\n<p class=\"is-style-lead\"><em>Utbytbara mattor anv\u00e4nds f\u00f6r att stoppa lera, grus och t\u00f6 redan i tamburen, s\u00e5 att man kan spara p\u00e5 st\u00e4dkostnaderna och f\u00f6rb\u00e4ttra fastighetens trivsel<\/em>.<\/p>\n\n\n\n<div class=\"wp-block-buttons is-layout-flex wp-block-buttons-is-layout-flex\"><\/div>\n\n\n                <\/main>\n            <\/div>\n        <\/div>\n    <\/div>\n<\/div>\n\n\n<div class=\"element block-content-list-item\">\n    <div class=\"container item-container has-border\">\n        <div class=\"row justify-content-between\">\n            <div class=\"col-12 col-lg-5 img-col entry-content\">\n                                <h3>Hisservice och inspektionstj\u00e4nst<\/h3>\n                                                            <\/div>\n            <div class=\"col-12 col-lg-6\">\n                <main class=\"entry-content\">\n                    \n\n<p class=\"is-style-lead\"><em>Med hisservice s\u00e4kerst\u00e4lls korrekt service f\u00f6r hissarna i fastigheten. Genom lagstadgad hissinspektion s\u00e4kerst\u00e4lls hissens funktionss\u00e4kerhet och s\u00e4kerhet genom.<\/em><\/p>\n\n\n\n<div class=\"wp-block-buttons is-layout-flex wp-block-buttons-is-layout-flex\"><\/div>\n\n\n                <\/main>\n            <\/div>\n        <\/div>\n    <\/div>\n<\/div>\n\n\n<div class=\"element block-content-list-item\">\n    <div class=\"container item-container has-border\">\n        <div class=\"row justify-content-between\">\n            <div class=\"col-12 col-lg-5 img-col entry-content\">\n                                <h3>Tj\u00e4nst f\u00f6r bek\u00e4mpning av skadedjur<\/h3>\n                                                            <\/div>\n            <div class=\"col-12 col-lg-6\">\n                <main class=\"entry-content\">\n                    \n\n<p class=\"is-style-lead\"><em>Professionella bek\u00e4mpningstj\u00e4nster f\u00f6r skadedjur inneb\u00e4r&nbsp; l\u00f6sningar f\u00f6r bek\u00e4mpning av skadedjur f\u00f6r olika situationer i fastighetens lokaler och i hem<\/em>.<\/p>\n\n\n                <\/main>\n            <\/div>\n        <\/div>\n    <\/div>\n<\/div>\n\n<\/section>\n\n\n<section id=\"acf-block-6347d9689032b\"    class=\"block block-image-and-content container-fluid ct-darkgreen bg-darkgreen has-bg-pattern\">\n    <div class=\"container\">\n        <div class=\"row justify-content-between\">\n            <div class=\"col-12 col-lg-6  img-col\">\n                <div class=\"wp-block-image\">\n                    <div class=\"alignleft\"><img decoding=\"async\" src=\"https:\/\/retta.fi\/wp-content\/uploads\/2022\/08\/iStock-1198562619-1-1920x1281.jpg\" width=\"864\" height=\"576\" alt=\"\" loading=\"lazy\"><\/div>\n                <\/div>\n            <\/div>\n            <div class=\"col-12 col-lg-5\">\n                <main class=\"entry-content\">\n                    \n\n<h3 class=\"wp-block-heading\">Transparent, etisk och modern ink\u00f6pstj\u00e4nst f\u00f6r ditt husbolags b\u00e4sta<\/h3>\n\n\n\n<p>Vi kr\u00e4ver h\u00f6g kvalitet, leveranss\u00e4kerhet och ekonomisk stabilitet av de partner vi v\u00e4ljer. V\u00e5ra konkurrensuts\u00e4ttningsprocesser \u00e4r transparenta och v\u00e5ra samarbetspartner f\u00f6rbinder sig att f\u00f6lja Rettas etiska riktlinjer och h\u00e5llbarhetsprinciper.<\/p>\n\n\n\n<p>Retta Ink\u00f6p ser ocks\u00e5 till att v\u00e5ra samarbetspartners f\u00f6ljer lagar och f\u00f6rordningar. Samarbetsavtalen lagras i ett elektroniskt system d\u00e4r de f\u00f6rvaltas. Vi hittar ocks\u00e5 de b\u00e4sta lokala professionella akt\u00f6rerna och du kan lita p\u00e5 att ditt husbolags vardag drivs av skickliga och professionella m\u00e4nniskor.<\/p>\n\n\n                <\/main>\n            <\/div>\n        <\/div>\n    <\/div>\n<\/section>\n\n","protected":false},"excerpt":{"rendered":"","protected":false},"author":31,"featured_media":38207,"parent":10404,"menu_order":0,"comment_status":"closed","ping_status":"closed","template":"","meta":{"_acf_changed":false,"_relevanssi_hide_post":"","_relevanssi_hide_content":"","_relevanssi_pin_for_all":"","_relevanssi_pin_keywords":"","_relevanssi_unpin_keywords":"","_relevanssi_related_keywords":"","_relevanssi_related_include_ids":"","_relevanssi_related_exclude_ids":"","_relevanssi_related_no_append":"","_relevanssi_related_not_related":"","_relevanssi_related_posts":"1876,21223,1898,1914,1892,1906","_relevanssi_noindex_reason":"","footnotes":""},"class_list":["post-19985","page","type-page","status-publish","has-post-thumbnail","hentry"],"acf":[],"yoast_head":"<!-- This site is optimized with the Yoast SEO plugin v27.4 - https:\/\/yoast.com\/product\/yoast-seo-wordpress\/ -->\n<title>Ink\u00f6p - Retta<\/title>\n<meta name=\"description\" content=\"Som kund hos Retta kan du dra nytta av f\u00e4rdiga samarbetsavtal Vi har f\u00f6rhandlat fram de b\u00e4sta alternativen f\u00f6r v\u00e5ra kunder Vi identifierar ditt husbolags\" \/>\n<meta name=\"robots\" content=\"index, follow, max-snippet:-1, max-image-preview:large, max-video-preview:-1\" \/>\n<link rel=\"canonical\" href=\"https:\/\/retta.fi\/sv\/vara-tjanster\/inkop\/\" \/>\n<meta property=\"og:locale\" content=\"sv_SE\" \/>\n<meta property=\"og:type\" content=\"article\" \/>\n<meta property=\"og:title\" content=\"Ink\u00f6p - Retta\" \/>\n<meta property=\"og:description\" content=\"Som kund hos Retta kan du dra nytta av f\u00e4rdiga samarbetsavtal Vi har f\u00f6rhandlat fram de b\u00e4sta alternativen f\u00f6r v\u00e5ra kunder Vi identifierar ditt husbolags\" \/>\n<meta property=\"og:url\" content=\"https:\/\/retta.fi\/sv\/vara-tjanster\/inkop\/\" \/>\n<meta property=\"og:site_name\" content=\"Retta\" \/>\n<meta property=\"article:modified_time\" content=\"2023-11-13T12:33:56+00:00\" \/>\n<meta property=\"og:image\" content=\"https:\/\/retta.fi\/wp-content\/uploads\/2024\/07\/iStock-1498135067.jpg\" \/>\n\t<meta property=\"og:image:width\" content=\"2120\" \/>\n\t<meta property=\"og:image:height\" content=\"1414\" \/>\n\t<meta property=\"og:image:type\" content=\"image\/jpeg\" \/>\n<meta name=\"twitter:card\" content=\"summary_large_image\" \/>\n<script type=\"application\/ld+json\" class=\"yoast-schema-graph\">{\"@context\":\"https:\\\/\\\/schema.org\",\"@graph\":[{\"@type\":\"WebPage\",\"@id\":\"https:\\\/\\\/retta.fi\\\/sv\\\/vara-tjanster\\\/inkop\\\/\",\"url\":\"https:\\\/\\\/retta.fi\\\/sv\\\/vara-tjanster\\\/inkop\\\/\",\"name\":\"Ink\u00f6p - Retta\",\"isPartOf\":{\"@id\":\"https:\\\/\\\/retta.fi\\\/sv\\\/#website\"},\"primaryImageOfPage\":{\"@id\":\"https:\\\/\\\/retta.fi\\\/sv\\\/vara-tjanster\\\/inkop\\\/#primaryimage\"},\"image\":{\"@id\":\"https:\\\/\\\/retta.fi\\\/sv\\\/vara-tjanster\\\/inkop\\\/#primaryimage\"},\"thumbnailUrl\":\"https:\\\/\\\/retta.fi\\\/wp-content\\\/uploads\\\/2024\\\/07\\\/iStock-1498135067.jpg\",\"datePublished\":\"2022-08-05T06:21:17+00:00\",\"dateModified\":\"2023-11-13T12:33:56+00:00\",\"description\":\"Som kund hos Retta kan du dra nytta av f\u00e4rdiga samarbetsavtal Vi har f\u00f6rhandlat fram de b\u00e4sta alternativen f\u00f6r v\u00e5ra kunder Vi identifierar ditt husbolags\",\"breadcrumb\":{\"@id\":\"https:\\\/\\\/retta.fi\\\/sv\\\/vara-tjanster\\\/inkop\\\/#breadcrumb\"},\"inLanguage\":\"sv-SE\",\"potentialAction\":[{\"@type\":\"ReadAction\",\"target\":[\"https:\\\/\\\/retta.fi\\\/sv\\\/vara-tjanster\\\/inkop\\\/\"]}]},{\"@type\":\"ImageObject\",\"inLanguage\":\"sv-SE\",\"@id\":\"https:\\\/\\\/retta.fi\\\/sv\\\/vara-tjanster\\\/inkop\\\/#primaryimage\",\"url\":\"https:\\\/\\\/retta.fi\\\/wp-content\\\/uploads\\\/2024\\\/07\\\/iStock-1498135067.jpg\",\"contentUrl\":\"https:\\\/\\\/retta.fi\\\/wp-content\\\/uploads\\\/2024\\\/07\\\/iStock-1498135067.jpg\",\"width\":2120,\"height\":1414,\"caption\":\"Happy businessman holding a book, smiling for the camera.\"},{\"@type\":\"BreadcrumbList\",\"@id\":\"https:\\\/\\\/retta.fi\\\/sv\\\/vara-tjanster\\\/inkop\\\/#breadcrumb\",\"itemListElement\":[{\"@type\":\"ListItem\",\"position\":1,\"name\":\"Framsida\",\"item\":\"https:\\\/\\\/retta.fi\\\/sv\\\/\"},{\"@type\":\"ListItem\",\"position\":2,\"name\":\"V\u00e5ra tj\u00e4nster\",\"item\":\"https:\\\/\\\/retta.fi\\\/sv\\\/vara-tjanster\\\/\"},{\"@type\":\"ListItem\",\"position\":3,\"name\":\"Ink\u00f6p\"}]},{\"@type\":\"WebSite\",\"@id\":\"https:\\\/\\\/retta.fi\\\/sv\\\/#website\",\"url\":\"https:\\\/\\\/retta.fi\\\/sv\\\/\",\"name\":\"Retta\",\"description\":\"\",\"publisher\":{\"@id\":\"https:\\\/\\\/retta.fi\\\/sv\\\/#organization\"},\"potentialAction\":[{\"@type\":\"SearchAction\",\"target\":{\"@type\":\"EntryPoint\",\"urlTemplate\":\"https:\\\/\\\/retta.fi\\\/sv\\\/?s={search_term_string}\"},\"query-input\":{\"@type\":\"PropertyValueSpecification\",\"valueRequired\":true,\"valueName\":\"search_term_string\"}}],\"inLanguage\":\"sv-SE\"},{\"@type\":\"Organization\",\"@id\":\"https:\\\/\\\/retta.fi\\\/sv\\\/#organization\",\"name\":\"Retta\",\"url\":\"https:\\\/\\\/retta.fi\\\/sv\\\/\",\"logo\":{\"@type\":\"ImageObject\",\"inLanguage\":\"sv-SE\",\"@id\":\"https:\\\/\\\/retta.fi\\\/sv\\\/#\\\/schema\\\/logo\\\/image\\\/\",\"url\":\"https:\\\/\\\/retta.fi\\\/wp-content\\\/uploads\\\/2022\\\/04\\\/retta_somejako.png\",\"contentUrl\":\"https:\\\/\\\/retta.fi\\\/wp-content\\\/uploads\\\/2022\\\/04\\\/retta_somejako.png\",\"width\":1200,\"height\":630,\"caption\":\"Retta\"},\"image\":{\"@id\":\"https:\\\/\\\/retta.fi\\\/sv\\\/#\\\/schema\\\/logo\\\/image\\\/\"}}]}<\/script>\n<!-- \/ Yoast SEO plugin. -->","yoast_head_json":{"title":"Ink\u00f6p - Retta","description":"Som kund hos Retta kan du dra nytta av f\u00e4rdiga samarbetsavtal Vi har f\u00f6rhandlat fram de b\u00e4sta alternativen f\u00f6r v\u00e5ra kunder Vi identifierar ditt husbolags","robots":{"index":"index","follow":"follow","max-snippet":"max-snippet:-1","max-image-preview":"max-image-preview:large","max-video-preview":"max-video-preview:-1"},"canonical":"https:\/\/retta.fi\/sv\/vara-tjanster\/inkop\/","og_locale":"sv_SE","og_type":"article","og_title":"Ink\u00f6p - Retta","og_description":"Som kund hos Retta kan du dra nytta av f\u00e4rdiga samarbetsavtal Vi har f\u00f6rhandlat fram de b\u00e4sta alternativen f\u00f6r v\u00e5ra kunder Vi identifierar ditt husbolags","og_url":"https:\/\/retta.fi\/sv\/vara-tjanster\/inkop\/","og_site_name":"Retta","article_modified_time":"2023-11-13T12:33:56+00:00","og_image":[{"width":2120,"height":1414,"url":"https:\/\/retta.fi\/wp-content\/uploads\/2024\/07\/iStock-1498135067.jpg","type":"image\/jpeg"}],"twitter_card":"summary_large_image","schema":{"@context":"https:\/\/schema.org","@graph":[{"@type":"WebPage","@id":"https:\/\/retta.fi\/sv\/vara-tjanster\/inkop\/","url":"https:\/\/retta.fi\/sv\/vara-tjanster\/inkop\/","name":"Ink\u00f6p - Retta","isPartOf":{"@id":"https:\/\/retta.fi\/sv\/#website"},"primaryImageOfPage":{"@id":"https:\/\/retta.fi\/sv\/vara-tjanster\/inkop\/#primaryimage"},"image":{"@id":"https:\/\/retta.fi\/sv\/vara-tjanster\/inkop\/#primaryimage"},"thumbnailUrl":"https:\/\/retta.fi\/wp-content\/uploads\/2024\/07\/iStock-1498135067.jpg","datePublished":"2022-08-05T06:21:17+00:00","dateModified":"2023-11-13T12:33:56+00:00","description":"Som kund hos Retta kan du dra nytta av f\u00e4rdiga samarbetsavtal Vi har f\u00f6rhandlat fram de b\u00e4sta alternativen f\u00f6r v\u00e5ra kunder Vi identifierar ditt husbolags","breadcrumb":{"@id":"https:\/\/retta.fi\/sv\/vara-tjanster\/inkop\/#breadcrumb"},"inLanguage":"sv-SE","potentialAction":[{"@type":"ReadAction","target":["https:\/\/retta.fi\/sv\/vara-tjanster\/inkop\/"]}]},{"@type":"ImageObject","inLanguage":"sv-SE","@id":"https:\/\/retta.fi\/sv\/vara-tjanster\/inkop\/#primaryimage","url":"https:\/\/retta.fi\/wp-content\/uploads\/2024\/07\/iStock-1498135067.jpg","contentUrl":"https:\/\/retta.fi\/wp-content\/uploads\/2024\/07\/iStock-1498135067.jpg","width":2120,"height":1414,"caption":"Happy businessman holding a book, smiling for the camera."},{"@type":"BreadcrumbList","@id":"https:\/\/retta.fi\/sv\/vara-tjanster\/inkop\/#breadcrumb","itemListElement":[{"@type":"ListItem","position":1,"name":"Framsida","item":"https:\/\/retta.fi\/sv\/"},{"@type":"ListItem","position":2,"name":"V\u00e5ra tj\u00e4nster","item":"https:\/\/retta.fi\/sv\/vara-tjanster\/"},{"@type":"ListItem","position":3,"name":"Ink\u00f6p"}]},{"@type":"WebSite","@id":"https:\/\/retta.fi\/sv\/#website","url":"https:\/\/retta.fi\/sv\/","name":"Retta","description":"","publisher":{"@id":"https:\/\/retta.fi\/sv\/#organization"},"potentialAction":[{"@type":"SearchAction","target":{"@type":"EntryPoint","urlTemplate":"https:\/\/retta.fi\/sv\/?s={search_term_string}"},"query-input":{"@type":"PropertyValueSpecification","valueRequired":true,"valueName":"search_term_string"}}],"inLanguage":"sv-SE"},{"@type":"Organization","@id":"https:\/\/retta.fi\/sv\/#organization","name":"Retta","url":"https:\/\/retta.fi\/sv\/","logo":{"@type":"ImageObject","inLanguage":"sv-SE","@id":"https:\/\/retta.fi\/sv\/#\/schema\/logo\/image\/","url":"https:\/\/retta.fi\/wp-content\/uploads\/2022\/04\/retta_somejako.png","contentUrl":"https:\/\/retta.fi\/wp-content\/uploads\/2022\/04\/retta_somejako.png","width":1200,"height":630,"caption":"Retta"},"image":{"@id":"https:\/\/retta.fi\/sv\/#\/schema\/logo\/image\/"}}]}},"_links":{"self":[{"href":"https:\/\/retta.fi\/sv\/wp-json\/wp\/v2\/pages\/19985","targetHints":{"allow":["GET"]}}],"collection":[{"href":"https:\/\/retta.fi\/sv\/wp-json\/wp\/v2\/pages"}],"about":[{"href":"https:\/\/retta.fi\/sv\/wp-json\/wp\/v2\/types\/page"}],"author":[{"embeddable":true,"href":"https:\/\/retta.fi\/sv\/wp-json\/wp\/v2\/users\/31"}],"replies":[{"embeddable":true,"href":"https:\/\/retta.fi\/sv\/wp-json\/wp\/v2\/comments?post=19985"}],"version-history":[{"count":7,"href":"https:\/\/retta.fi\/sv\/wp-json\/wp\/v2\/pages\/19985\/revisions"}],"predecessor-version":[{"id":29902,"href":"https:\/\/retta.fi\/sv\/wp-json\/wp\/v2\/pages\/19985\/revisions\/29902"}],"up":[{"embeddable":true,"href":"https:\/\/retta.fi\/sv\/wp-json\/wp\/v2\/pages\/10404"}],"wp:featuredmedia":[{"embeddable":true,"href":"https:\/\/retta.fi\/sv\/wp-json\/wp\/v2\/media\/38207"}],"wp:attachment":[{"href":"https:\/\/retta.fi\/sv\/wp-json\/wp\/v2\/media?parent=19985"}],"curies":[{"name":"wp","href":"https:\/\/api.w.org\/{rel}","templated":true}]}}