{"id":19833,"date":"2022-08-05T12:27:38","date_gmt":"2022-08-05T09:27:38","guid":{"rendered":"https:\/\/retta.fi\/?page_id=19833"},"modified":"2024-11-19T20:54:14","modified_gmt":"2024-11-19T18:54:14","slug":"kundformaner","status":"publish","type":"page","link":"https:\/\/retta.fi\/sv\/kundformaner\/","title":{"rendered":"POIS &#8211; Kundf\u00f6rm\u00e5ner"},"content":{"rendered":"<section id=\"acf-block-634517a7a204c\" class=\"block block-hero container-fluid ct-darkgreen bg-darkgreen has-bg-pattern\">\n        <div class=\"container\">\n        <div class=\"row\">\n            <div class=\"col-12 col-lg-8 hero-content-col\">\n                <div class=\"hero-content\">\n                    \n\n<h1 class=\"wp-block-heading\"><em>Kundf\u00f6rm\u00e5ner<\/em><\/h1>\n\n\n                <\/div>\n            <\/div>\n        <\/div>\n    <\/div>\n<\/section>\n\n\n\n<section id=\"acf-block-634517a7a2081\" class=\"block block-two-innerblocks container-fluid ct-beige bg-beige has-bg-pattern\">\n    <div class=\"container\">\n        <div class=\"row justify-content-between\">\n            \n<div class=\"block-innerblocks-container-narrow col-12 col-lg-5 entry-content\">\n    \n\n<h2 class=\"wp-block-heading\">Som kund hos Retta kan du dra nytta av m\u00e5nga av v\u00e5ra f\u00f6rm\u00e5ner<\/h2>\n\n\n<\/div>\n\n\n<div class=\"block-innerblocks-container col-12 col-lg-6 entry-content\">\n    \n\n<p class=\"is-style-lead\">Som kund hos oss f\u00e5r du planm\u00e4ssighet i boendebolagets disponentservice och underh\u00e5ll under boendebolagets hela livscykel. Vi f\u00f6rhandlar och ger dig de b\u00e4sta till\u00e4ggstj\u00e4nsterna p\u00e5 marknaden och k\u00e4nner igen ditt husbolags m\u00f6jligheter till besparingar vid b\u00e5de stora och sm\u00e5 anskaffningar. Vi \u00e4r kr\u00e4vande till din f\u00f6rdel: vi f\u00f6rhandlar fram de b\u00e4sta och mest l\u00e4mpliga serviceavtalen f\u00f6r ditt husbolag och ser till att avtalsvillkoren iakttar dina intressen.<\/p>\n\n\n\n<p><\/p>\n\n\n<\/div>\n\n        <\/div>\n    <\/div>\n<\/section>\n\n\n<section id=\"acf-block-634517a7a20a1\"    class=\"block block-image-and-content container-fluid ct-lightblue bg-lightblue has-bg-pattern\">\n    <div class=\"container\">\n        <div class=\"row justify-content-between\">\n            <div class=\"col-12 col-lg-6  img-col\">\n                <div class=\"wp-block-image\">\n                    <div class=\"alignleft\"><img decoding=\"async\" src=\"https:\/\/retta.fi\/wp-content\/uploads\/2022\/07\/nainen-tietokoneen-aarella.jpg\" width=\"864\" height=\"576\" alt=\"Nainen tietokoneen \u00e4\u00e4rell\u00e4.\" loading=\"lazy\"><\/div>\n                <\/div>\n            <\/div>\n            <div class=\"col-12 col-lg-5\">\n                <main class=\"entry-content\">\n                    \n\n<h2 class=\"wp-block-heading\">Retta Plus-tj\u00e4nsterna medf\u00f6r fastigheter besparingar och inkomster p\u00e5 till och med tusentals euro<\/h2>\n\n\n\n<p class=\"is-style-lead\">Ut\u00f6ver omfattande grundl\u00e4ggande tj\u00e4nster erbjuder vi husbolag olika f\u00f6rdelaktiga till\u00e4ggstj\u00e4nster, s\u00e5som energicertifikat eller exempelvis besiktning av bostadsbolagets skyddsrum. Retta Plus-tj\u00e4nster \u00e4r tj\u00e4nster och f\u00f6rm\u00e5ner som det \u00e4r sv\u00e5rt eller till och med om\u00f6jligt att f\u00f6rhandla om och genomf\u00f6ra f\u00f6r enskilda fastighetsbolag. F\u00f6r Retta Plus-tj\u00e4nsterna kan du skr\u00e4ddarsy ett servicepaket efter behov f\u00f6r ditt husbolag.<\/p>\n\n\n\n<p><strong>Retta Plus-tj\u00e4nster:<\/strong><\/p>\n\n\n\n<ul class=\"wp-block-list\">\n<li>F\u00f6rvaltningstj\u00e4nst f\u00f6r 5G-basstationer<\/li>\n\n\n\n<li>\u200b\u200b\u200b\u200b\u200b\u200b\u200b\u200b\u200b\u200b\u200bFastighetsskattetj\u00e4nst<\/li>\n\n\n\n<li>S\u00e4kerhetsinspektion och underh\u00e5ll av lekplatser<\/li>\n\n\n\n<li>Brandskyddstj\u00e4nster<\/li>\n\n\n\n<li>Konsulttj\u00e4nst f\u00f6r hissar och rulltrappor<\/li>\n\n\n\n<li>Energicertifikat<\/li>\n\n\n\n<li>J\u00e4mf\u00f6relsetj\u00e4nst f\u00f6r fastigheters uppv\u00e4rmning<\/li>\n\n\n\n<li>Radonm\u00e4tningstj\u00e4nst f\u00f6r aff\u00e4rslokal- och bostadsfastigheter<\/li>\n\n\n\n<li>Optimeringstj\u00e4nst f\u00f6r el\u00f6verf\u00f6ringsavgifter<\/li>\n\n\n\n<li>Optimeringstj\u00e4nst f\u00f6r ventilation<\/li>\n\n\n\n<li>Tj\u00e4nsten RomuNouto<\/li>\n\n\n\n<li>PTS 10\/36-tj\u00e4nst<\/li>\n<\/ul>\n\n\n\n<p class=\"is-style-lead\">V\u00e5rt servicel\u00f6fte \u00e4r att ge v\u00e5ra kunder den b\u00e4sta dagliga servicen en tj\u00e4nst i s\u00e4nder.<\/p>\n\n\n\n<div class=\"wp-block-button\"><a class=\"wp-block-button__link has-darkgreen-background-color has-background wp-element-button\" href=\"https:\/\/retta.fi\/sv\/kundformaner\/retta-plus\/\">Se Retta Plus-tj\u00e4nsterna<\/a><\/div>\n\n\n                <\/main>\n            <\/div>\n        <\/div>\n    <\/div>\n<\/section>\n\n\n<section id=\"acf-block-634517a7a20b5\"    class=\"block block-image-and-content container-fluid ct-beige bg-beige has-bg-pattern\">\n    <div class=\"container\">\n        <div class=\"row justify-content-between\">\n            <div class=\"col-12 col-lg-6 order-lg-last img-col\">\n                <div class=\"wp-block-image\">\n                    <div class=\"alignright\"><img decoding=\"async\" src=\"https:\/\/retta.fi\/wp-content\/uploads\/2022\/08\/Nainen-ja-mies-hymyilevat-poydan-aarella-tietokoneen-edessa.jpg\" width=\"864\" height=\"576\" alt=\"Nainen-ja-mies-hymyilevat-poydan-aarella-tietokoneen-edess\u00e4\" loading=\"lazy\"><\/div>\n                <\/div>\n            <\/div>\n            <div class=\"col-12 col-lg-5\">\n                <main class=\"entry-content\">\n                    \n\n<h2 class=\"wp-block-heading\">Som kund hos Retta kan du dra nytta av f\u00e4rdiga samarbetsavtal<\/h2>\n\n\n\n<p class=\"is-style-lead\">Vi har f\u00f6rhandlat fram h\u00f6gkvalitativa och konkurrenskraftiga samarbetsavtal med p\u00e5litliga akt\u00f6rer. Typiska tj\u00e4nster \u00e4r bl.a. saneringar, bytesmattor, luftfilter, service p\u00e5 hissar och avlopp samt skadedjursbek\u00e4mpning.<\/p>\n\n\n\n<p><\/p>\n\n\n\n<div class=\"wp-block-button\"><a class=\"wp-block-button__link wp-element-button\" href=\"https:\/\/retta.fi\/sv\/retta-isannointi\/inkop\/\">L\u00e4r dig mer om samarbetsavtalen<\/a><\/div>\n\n\n                <\/main>\n            <\/div>\n        <\/div>\n    <\/div>\n<\/section>","protected":false},"excerpt":{"rendered":"","protected":false},"author":31,"featured_media":38211,"parent":0,"menu_order":0,"comment_status":"closed","ping_status":"closed","template":"","meta":{"_acf_changed":false,"_relevanssi_hide_post":"","_relevanssi_hide_content":"","_relevanssi_pin_for_all":"","_relevanssi_pin_keywords":"","_relevanssi_unpin_keywords":"","_relevanssi_related_keywords":"","_relevanssi_related_include_ids":"","_relevanssi_related_exclude_ids":"","_relevanssi_related_no_append":"","_relevanssi_related_not_related":"","_relevanssi_related_posts":"1908,6682,1890,1892,21223,1898","_relevanssi_noindex_reason":"","footnotes":""},"class_list":["post-19833","page","type-page","status-publish","has-post-thumbnail","hentry"],"acf":[],"yoast_head":"<!-- This site is optimized with the Yoast SEO plugin v27.6 - https:\/\/yoast.com\/product\/yoast-seo-wordpress\/ -->\n<title>POIS - Kundf\u00f6rm\u00e5ner - Retta<\/title>\n<meta name=\"description\" content=\"Kundf\u00f6rm\u00e5ner Som kund hos Retta kan du dra nytta av m\u00e5nga av v\u00e5ra f\u00f6rm\u00e5ner Som kund hos oss f\u00e5r du planm\u00e4ssighet i boendebolagets disponentservice och\" \/>\n<meta name=\"robots\" content=\"index, follow, max-snippet:-1, max-image-preview:large, max-video-preview:-1\" \/>\n<link rel=\"canonical\" href=\"https:\/\/retta.fi\/sv\/kundformaner\/\" \/>\n<meta property=\"og:locale\" content=\"sv_SE\" \/>\n<meta property=\"og:type\" content=\"article\" \/>\n<meta property=\"og:title\" content=\"POIS - Kundf\u00f6rm\u00e5ner - Retta\" \/>\n<meta property=\"og:description\" content=\"Kundf\u00f6rm\u00e5ner Som kund hos Retta kan du dra nytta av m\u00e5nga av v\u00e5ra f\u00f6rm\u00e5ner Som kund hos oss f\u00e5r du planm\u00e4ssighet i boendebolagets disponentservice och\" \/>\n<meta property=\"og:url\" content=\"https:\/\/retta.fi\/sv\/kundformaner\/\" \/>\n<meta property=\"og:site_name\" content=\"Retta\" \/>\n<meta property=\"article:modified_time\" content=\"2024-11-19T18:54:14+00:00\" \/>\n<meta property=\"og:image\" content=\"https:\/\/retta.fi\/wp-content\/uploads\/2024\/07\/iStock-1335063491.jpg\" \/>\n\t<meta property=\"og:image:width\" content=\"2121\" \/>\n\t<meta property=\"og:image:height\" content=\"1414\" \/>\n\t<meta property=\"og:image:type\" content=\"image\/jpeg\" \/>\n<meta name=\"twitter:card\" content=\"summary_large_image\" \/>\n<script type=\"application\/ld+json\" class=\"yoast-schema-graph\">{\"@context\":\"https:\\\/\\\/schema.org\",\"@graph\":[{\"@type\":\"WebPage\",\"@id\":\"https:\\\/\\\/retta.fi\\\/sv\\\/kundformaner\\\/\",\"url\":\"https:\\\/\\\/retta.fi\\\/sv\\\/kundformaner\\\/\",\"name\":\"POIS - Kundf\u00f6rm\u00e5ner - Retta\",\"isPartOf\":{\"@id\":\"https:\\\/\\\/retta.fi\\\/sv\\\/#website\"},\"primaryImageOfPage\":{\"@id\":\"https:\\\/\\\/retta.fi\\\/sv\\\/kundformaner\\\/#primaryimage\"},\"image\":{\"@id\":\"https:\\\/\\\/retta.fi\\\/sv\\\/kundformaner\\\/#primaryimage\"},\"thumbnailUrl\":\"https:\\\/\\\/retta.fi\\\/wp-content\\\/uploads\\\/2024\\\/07\\\/iStock-1335063491.jpg\",\"datePublished\":\"2022-08-05T09:27:38+00:00\",\"dateModified\":\"2024-11-19T18:54:14+00:00\",\"description\":\"Kundf\u00f6rm\u00e5ner Som kund hos Retta kan du dra nytta av m\u00e5nga av v\u00e5ra f\u00f6rm\u00e5ner Som kund hos oss f\u00e5r du planm\u00e4ssighet i boendebolagets disponentservice och\",\"breadcrumb\":{\"@id\":\"https:\\\/\\\/retta.fi\\\/sv\\\/kundformaner\\\/#breadcrumb\"},\"inLanguage\":\"sv-SE\",\"potentialAction\":[{\"@type\":\"ReadAction\",\"target\":[\"https:\\\/\\\/retta.fi\\\/sv\\\/kundformaner\\\/\"]}]},{\"@type\":\"ImageObject\",\"inLanguage\":\"sv-SE\",\"@id\":\"https:\\\/\\\/retta.fi\\\/sv\\\/kundformaner\\\/#primaryimage\",\"url\":\"https:\\\/\\\/retta.fi\\\/wp-content\\\/uploads\\\/2024\\\/07\\\/iStock-1335063491.jpg\",\"contentUrl\":\"https:\\\/\\\/retta.fi\\\/wp-content\\\/uploads\\\/2024\\\/07\\\/iStock-1335063491.jpg\",\"width\":2121,\"height\":1414,\"caption\":\"Photo of mature woman working\"},{\"@type\":\"BreadcrumbList\",\"@id\":\"https:\\\/\\\/retta.fi\\\/sv\\\/kundformaner\\\/#breadcrumb\",\"itemListElement\":[{\"@type\":\"ListItem\",\"position\":1,\"name\":\"Framsida\",\"item\":\"https:\\\/\\\/retta.fi\\\/sv\\\/\"},{\"@type\":\"ListItem\",\"position\":2,\"name\":\"POIS &#8211; Kundf\u00f6rm\u00e5ner\"}]},{\"@type\":\"WebSite\",\"@id\":\"https:\\\/\\\/retta.fi\\\/sv\\\/#website\",\"url\":\"https:\\\/\\\/retta.fi\\\/sv\\\/\",\"name\":\"Retta\",\"description\":\"\",\"publisher\":{\"@id\":\"https:\\\/\\\/retta.fi\\\/sv\\\/#organization\"},\"potentialAction\":[{\"@type\":\"SearchAction\",\"target\":{\"@type\":\"EntryPoint\",\"urlTemplate\":\"https:\\\/\\\/retta.fi\\\/sv\\\/?s={search_term_string}\"},\"query-input\":{\"@type\":\"PropertyValueSpecification\",\"valueRequired\":true,\"valueName\":\"search_term_string\"}}],\"inLanguage\":\"sv-SE\"},{\"@type\":\"Organization\",\"@id\":\"https:\\\/\\\/retta.fi\\\/sv\\\/#organization\",\"name\":\"Retta\",\"url\":\"https:\\\/\\\/retta.fi\\\/sv\\\/\",\"logo\":{\"@type\":\"ImageObject\",\"inLanguage\":\"sv-SE\",\"@id\":\"https:\\\/\\\/retta.fi\\\/sv\\\/#\\\/schema\\\/logo\\\/image\\\/\",\"url\":\"https:\\\/\\\/retta.fi\\\/wp-content\\\/uploads\\\/2022\\\/04\\\/retta_somejako.png\",\"contentUrl\":\"https:\\\/\\\/retta.fi\\\/wp-content\\\/uploads\\\/2022\\\/04\\\/retta_somejako.png\",\"width\":1200,\"height\":630,\"caption\":\"Retta\"},\"image\":{\"@id\":\"https:\\\/\\\/retta.fi\\\/sv\\\/#\\\/schema\\\/logo\\\/image\\\/\"}}]}<\/script>\n<!-- \/ Yoast SEO plugin. -->","yoast_head_json":{"title":"POIS - Kundf\u00f6rm\u00e5ner - Retta","description":"Kundf\u00f6rm\u00e5ner Som kund hos Retta kan du dra nytta av m\u00e5nga av v\u00e5ra f\u00f6rm\u00e5ner Som kund hos oss f\u00e5r du planm\u00e4ssighet i boendebolagets disponentservice och","robots":{"index":"index","follow":"follow","max-snippet":"max-snippet:-1","max-image-preview":"max-image-preview:large","max-video-preview":"max-video-preview:-1"},"canonical":"https:\/\/retta.fi\/sv\/kundformaner\/","og_locale":"sv_SE","og_type":"article","og_title":"POIS - Kundf\u00f6rm\u00e5ner - Retta","og_description":"Kundf\u00f6rm\u00e5ner Som kund hos Retta kan du dra nytta av m\u00e5nga av v\u00e5ra f\u00f6rm\u00e5ner Som kund hos oss f\u00e5r du planm\u00e4ssighet i boendebolagets disponentservice och","og_url":"https:\/\/retta.fi\/sv\/kundformaner\/","og_site_name":"Retta","article_modified_time":"2024-11-19T18:54:14+00:00","og_image":[{"width":2121,"height":1414,"url":"https:\/\/retta.fi\/wp-content\/uploads\/2024\/07\/iStock-1335063491.jpg","type":"image\/jpeg"}],"twitter_card":"summary_large_image","schema":{"@context":"https:\/\/schema.org","@graph":[{"@type":"WebPage","@id":"https:\/\/retta.fi\/sv\/kundformaner\/","url":"https:\/\/retta.fi\/sv\/kundformaner\/","name":"POIS - Kundf\u00f6rm\u00e5ner - Retta","isPartOf":{"@id":"https:\/\/retta.fi\/sv\/#website"},"primaryImageOfPage":{"@id":"https:\/\/retta.fi\/sv\/kundformaner\/#primaryimage"},"image":{"@id":"https:\/\/retta.fi\/sv\/kundformaner\/#primaryimage"},"thumbnailUrl":"https:\/\/retta.fi\/wp-content\/uploads\/2024\/07\/iStock-1335063491.jpg","datePublished":"2022-08-05T09:27:38+00:00","dateModified":"2024-11-19T18:54:14+00:00","description":"Kundf\u00f6rm\u00e5ner Som kund hos Retta kan du dra nytta av m\u00e5nga av v\u00e5ra f\u00f6rm\u00e5ner Som kund hos oss f\u00e5r du planm\u00e4ssighet i boendebolagets disponentservice och","breadcrumb":{"@id":"https:\/\/retta.fi\/sv\/kundformaner\/#breadcrumb"},"inLanguage":"sv-SE","potentialAction":[{"@type":"ReadAction","target":["https:\/\/retta.fi\/sv\/kundformaner\/"]}]},{"@type":"ImageObject","inLanguage":"sv-SE","@id":"https:\/\/retta.fi\/sv\/kundformaner\/#primaryimage","url":"https:\/\/retta.fi\/wp-content\/uploads\/2024\/07\/iStock-1335063491.jpg","contentUrl":"https:\/\/retta.fi\/wp-content\/uploads\/2024\/07\/iStock-1335063491.jpg","width":2121,"height":1414,"caption":"Photo of mature woman working"},{"@type":"BreadcrumbList","@id":"https:\/\/retta.fi\/sv\/kundformaner\/#breadcrumb","itemListElement":[{"@type":"ListItem","position":1,"name":"Framsida","item":"https:\/\/retta.fi\/sv\/"},{"@type":"ListItem","position":2,"name":"POIS &#8211; Kundf\u00f6rm\u00e5ner"}]},{"@type":"WebSite","@id":"https:\/\/retta.fi\/sv\/#website","url":"https:\/\/retta.fi\/sv\/","name":"Retta","description":"","publisher":{"@id":"https:\/\/retta.fi\/sv\/#organization"},"potentialAction":[{"@type":"SearchAction","target":{"@type":"EntryPoint","urlTemplate":"https:\/\/retta.fi\/sv\/?s={search_term_string}"},"query-input":{"@type":"PropertyValueSpecification","valueRequired":true,"valueName":"search_term_string"}}],"inLanguage":"sv-SE"},{"@type":"Organization","@id":"https:\/\/retta.fi\/sv\/#organization","name":"Retta","url":"https:\/\/retta.fi\/sv\/","logo":{"@type":"ImageObject","inLanguage":"sv-SE","@id":"https:\/\/retta.fi\/sv\/#\/schema\/logo\/image\/","url":"https:\/\/retta.fi\/wp-content\/uploads\/2022\/04\/retta_somejako.png","contentUrl":"https:\/\/retta.fi\/wp-content\/uploads\/2022\/04\/retta_somejako.png","width":1200,"height":630,"caption":"Retta"},"image":{"@id":"https:\/\/retta.fi\/sv\/#\/schema\/logo\/image\/"}}]}},"_links":{"self":[{"href":"https:\/\/retta.fi\/sv\/wp-json\/wp\/v2\/pages\/19833","targetHints":{"allow":["GET"]}}],"collection":[{"href":"https:\/\/retta.fi\/sv\/wp-json\/wp\/v2\/pages"}],"about":[{"href":"https:\/\/retta.fi\/sv\/wp-json\/wp\/v2\/types\/page"}],"author":[{"embeddable":true,"href":"https:\/\/retta.fi\/sv\/wp-json\/wp\/v2\/users\/31"}],"replies":[{"embeddable":true,"href":"https:\/\/retta.fi\/sv\/wp-json\/wp\/v2\/comments?post=19833"}],"version-history":[{"count":8,"href":"https:\/\/retta.fi\/sv\/wp-json\/wp\/v2\/pages\/19833\/revisions"}],"predecessor-version":[{"id":42937,"href":"https:\/\/retta.fi\/sv\/wp-json\/wp\/v2\/pages\/19833\/revisions\/42937"}],"wp:featuredmedia":[{"embeddable":true,"href":"https:\/\/retta.fi\/sv\/wp-json\/wp\/v2\/media\/38211"}],"wp:attachment":[{"href":"https:\/\/retta.fi\/sv\/wp-json\/wp\/v2\/media?parent=19833"}],"curies":[{"name":"wp","href":"https:\/\/api.w.org\/{rel}","templated":true}]}}