{"id":1808,"date":"2022-05-16T09:59:29","date_gmt":"2022-05-16T06:59:29","guid":{"rendered":"https:\/\/retta.fi\/?page_id=1808"},"modified":"2024-12-14T17:31:58","modified_gmt":"2024-12-14T15:31:58","slug":"cookies","status":"publish","type":"page","link":"https:\/\/retta.fi\/sv\/cookies\/","title":{"rendered":"Cookies"},"content":{"rendered":"<section id=\"acf-block-675da4ee4e0f7\" class=\"block block-hero container-fluid ct-darkgreen bg-darkgreen \">\n        <div class=\"container\">\n        <div class=\"row\">\n            <div class=\"col-12 col-lg-8 hero-content-col\">\n                <div class=\"hero-content\">\n                    \n\n<h1 class=\"wp-block-heading\">Cookies<\/h1>\n\n\n                <\/div>\n            <\/div>\n        <\/div>\n    <\/div>\n<\/section>\n\n\n\n<section id=\"acf-block-675da4ee4e112\" class=\"block block-content-wrapper container-fluid container-fluid \">\n    <div class=\"container\">\n        <div class=\"row\">\n            <div class=\"col-12 col-lg-8 offset-lg-2 col-hd-6 offset-hd-3\">\n                <main class=\"entry-content\">\n                    \n\n<h3 class=\"wp-block-heading\"><strong>Anv\u00e4ndningen av kakor och webbanalys p\u00e5 v\u00e5r webbplats<\/strong><\/h3>\n\n\n\n<p><strong>Vad \u00e4r kakor?<\/strong><\/p>\n\n\n\n<p>Kakor (cookies) \u00e4r sm\u00e5 textfiler som webbl\u00e4saren sparar p\u00e5 anv\u00e4ndarens terminalenhet. P\u00e5 webbplatsen anv\u00e4nder vi cookies, det vill s\u00e4ga kakor, p\u00e5 ett s\u00e4tt som inte kr\u00e4nker integritetsskyddet f\u00f6r dem som anv\u00e4nder tj\u00e4nsterna. Kakorna anv\u00e4nds p\u00e5 webbplatsen f\u00f6r att utf\u00f6ra webbplatsanalyser, f\u00f6rb\u00e4ttra anv\u00e4ndarupplevelsen och anpassa marknadsf\u00f6ring och inneh\u00e5ll. Vi anv\u00e4nder inte kakor f\u00f6r att samla in identifieringsuppgifter om anv\u00e4ndarna, som till exempel e-postadresser, telefonnummer eller kreditkortsinformation.<\/p>\n\n\n\n<h4 class=\"wp-block-heading\"><strong>Hur anv\u00e4nder vi kakor?<\/strong><\/h4>\n\n\n\n<p>Vi anv\u00e4nder kakor f\u00f6r att kunna erbjuda alla anv\u00e4ndare en bra anv\u00e4ndarupplevelse samt att underh\u00e5lla och utveckla webbplatsen. Med hj\u00e4lp av kakor och analysl\u00f6sningar f\u00e5r vi information till exempel om hur anv\u00e4ndarna r\u00f6r sig p\u00e5 webbplatsen, varifr\u00e5n de kommer dit och vilket inneh\u00e5ll som intresserar dem. Med hj\u00e4lp av anv\u00e4ndningsdata kan vi skapa anv\u00e4ndarlistor och d\u00e4rigenom f\u00f6rb\u00e4ttra anv\u00e4ndarupplevelsen genom att erbjuda inneh\u00e5ll och reklam som intresserar anv\u00e4ndarna.<\/p>\n\n\n\n<p>Intressebaserad annonsering kan riktas till anv\u00e4ndarna med hj\u00e4lp av tredjepartsleverant\u00f6rers system (t.ex. Google). Vid intressebaserad annonsering utnyttjas listor som uppr\u00e4ttats utifr\u00e5n anv\u00e4ndarcookies som anv\u00e4nts p\u00e5 denna webbplats. I den intressebaserade marknadsf\u00f6ringen iakttas bland annat Google Inc:s policy f\u00f6r annonsering baserad p\u00e5 intressen och plats. Den senaste versionen av policyn finns p\u00e5&nbsp;<a href=\"https:\/\/support.google.com\/adwordspolicy\/answer\/143465?hl=sv\" target=\"_blank\" rel=\"noopener noreferrer nofollow\">https:\/\/support.google.com\/adwordspolicy\/answer\/143465?hl=sv<\/a>. Anv\u00e4ndaren kan vid behov administrera den intressebaserade annonseringen p\u00e5 webbplatsen Your Online Choices p\u00e5&nbsp;<a href=\"file:\/\/\/C:\/Users\/Kaisa\/AppData\/Local\/Temp\/www.youronlinechoices.com\/se\/\">http:\/\/www.youronlinechoices.com\/se\/.<\/a>&nbsp;Ett verktyg f\u00f6r administrering av Google-annonsering finns p\u00e5&nbsp;<a href=\"http:\/\/google.com\/ads\/preferences\" target=\"_blank\" rel=\"noopener noreferrer nofollow\">http:\/\/google.com\/ads\/preferences<\/a>.<\/p>\n\n\n\n<p>Vi utvecklar st\u00e4ndigt v\u00e5ra tj\u00e4nster och vi f\u00f6rbeh\u00e5ller oss r\u00e4tten att \u00e4ndra kakpolicyn genom att meddela detta i v\u00e5ra tj\u00e4nster. \u00c4ndringarna kan ocks\u00e5 basera sig p\u00e5 \u00e4ndringar i lagstiftning eller myndighetsanvisningar.<\/p>\n\n\n\n<p><strong>Hur kan bes\u00f6karen p\u00e5verka anv\u00e4ndningen av kakor?<\/strong><\/p>\n\n\n\n<p>Varje anv\u00e4ndare kan f\u00f6rhindra och \u00e4ndra p\u00e5 kakinst\u00e4llningar via v\u00e5ra sidor genom att klicka p\u00e5 \u201dKakinst\u00e4llningar\u201d. Om du inte godk\u00e4nner anv\u00e4ndning av kakor, kan du trots det anv\u00e4nda v\u00e5rt f\u00f6retags webbsidor. F\u00f6rbud mot anv\u00e4ndning av kakor kan emellertid p\u00e5verka anv\u00e4ndarkomforten och funktionaliteten p\u00e5 v\u00e5ra webbsidor t.ex. chatt och inb\u00e4ddade videor.<\/p>\n\n\n                <\/main>\n            <\/div>\n        <\/div>\n    <\/div>\n<\/section>\n\n\n<section id=\"acf-block-675da4ee4e121\" class=\"block block-content-wrapper container-fluid container-fluid \">\n    <div class=\"container\">\n        <div class=\"row\">\n            <div class=\"col-12 col-lg-8 offset-lg-2 col-hd-6 offset-hd-3\">\n                <main class=\"entry-content\">\n                    \n\n    <!-- CookiePro Cookies List start -->\n<div id=\"ot-sdk-cookie-policy\"><\/div>\n<!-- CookiePro Cookies List end -->\n\n\n                <\/main>\n            <\/div>\n        <\/div>\n    <\/div>\n<\/section>","protected":false},"excerpt":{"rendered":"","protected":false},"author":31,"featured_media":0,"parent":0,"menu_order":0,"comment_status":"closed","ping_status":"closed","template":"","meta":{"_acf_changed":false,"_relevanssi_hide_post":"","_relevanssi_hide_content":"","_relevanssi_pin_for_all":"","_relevanssi_pin_keywords":"","_relevanssi_unpin_keywords":"","_relevanssi_related_keywords":"","_relevanssi_related_include_ids":"","_relevanssi_related_exclude_ids":"","_relevanssi_related_no_append":"","_relevanssi_related_not_related":"","_relevanssi_related_posts":"","_relevanssi_noindex_reason":"","footnotes":""},"class_list":["post-1808","page","type-page","status-publish","hentry"],"acf":[],"yoast_head":"<!-- This site is optimized with the Yoast SEO plugin v27.1.1 - https:\/\/yoast.com\/product\/yoast-seo-wordpress\/ -->\n<title>Cookies - Retta<\/title>\n<meta name=\"description\" content=\"Cookies Anv\u00e4ndningen av kakor och webbanalys p\u00e5 v\u00e5r webbplats Vad \u00e4r kakor? Kakor (cookies) \u00e4r sm\u00e5 textfiler som webbl\u00e4saren sparar p\u00e5 anv\u00e4ndarens\" \/>\n<meta name=\"robots\" content=\"index, follow, max-snippet:-1, max-image-preview:large, max-video-preview:-1\" \/>\n<link rel=\"canonical\" href=\"https:\/\/retta.fi\/sv\/cookies\/\" \/>\n<meta property=\"og:locale\" content=\"sv_SE\" \/>\n<meta property=\"og:type\" content=\"article\" \/>\n<meta property=\"og:title\" content=\"Cookies - Retta\" \/>\n<meta property=\"og:description\" content=\"Cookies Anv\u00e4ndningen av kakor och webbanalys p\u00e5 v\u00e5r webbplats Vad \u00e4r kakor? Kakor (cookies) \u00e4r sm\u00e5 textfiler som webbl\u00e4saren sparar p\u00e5 anv\u00e4ndarens\" \/>\n<meta property=\"og:url\" content=\"https:\/\/retta.fi\/sv\/cookies\/\" \/>\n<meta property=\"og:site_name\" content=\"Retta\" \/>\n<meta property=\"article:modified_time\" content=\"2024-12-14T15:31:58+00:00\" \/>\n<meta property=\"og:image\" content=\"https:\/\/retta.fi\/wp-content\/uploads\/2022\/04\/retta_somejako.png\" \/>\n\t<meta property=\"og:image:width\" content=\"1200\" \/>\n\t<meta property=\"og:image:height\" content=\"630\" \/>\n\t<meta property=\"og:image:type\" content=\"image\/png\" \/>\n<meta name=\"twitter:card\" content=\"summary_large_image\" \/>\n<script type=\"application\/ld+json\" class=\"yoast-schema-graph\">{\"@context\":\"https:\/\/schema.org\",\"@graph\":[{\"@type\":\"WebPage\",\"@id\":\"https:\/\/retta.fi\/sv\/cookies\/\",\"url\":\"https:\/\/retta.fi\/sv\/cookies\/\",\"name\":\"Cookies - Retta\",\"isPartOf\":{\"@id\":\"https:\/\/retta.fi\/sv\/#website\"},\"datePublished\":\"2022-05-16T06:59:29+00:00\",\"dateModified\":\"2024-12-14T15:31:58+00:00\",\"description\":\"Cookies Anv\u00e4ndningen av kakor och webbanalys p\u00e5 v\u00e5r webbplats Vad \u00e4r kakor? Kakor (cookies) \u00e4r sm\u00e5 textfiler som webbl\u00e4saren sparar p\u00e5 anv\u00e4ndarens\",\"breadcrumb\":{\"@id\":\"https:\/\/retta.fi\/sv\/cookies\/#breadcrumb\"},\"inLanguage\":\"sv-SE\",\"potentialAction\":[{\"@type\":\"ReadAction\",\"target\":[\"https:\/\/retta.fi\/sv\/cookies\/\"]}]},{\"@type\":\"BreadcrumbList\",\"@id\":\"https:\/\/retta.fi\/sv\/cookies\/#breadcrumb\",\"itemListElement\":[{\"@type\":\"ListItem\",\"position\":1,\"name\":\"Framsida\",\"item\":\"https:\/\/retta.fi\/sv\/\"},{\"@type\":\"ListItem\",\"position\":2,\"name\":\"Cookies\"}]},{\"@type\":\"WebSite\",\"@id\":\"https:\/\/retta.fi\/sv\/#website\",\"url\":\"https:\/\/retta.fi\/sv\/\",\"name\":\"Retta\",\"description\":\"\",\"publisher\":{\"@id\":\"https:\/\/retta.fi\/sv\/#organization\"},\"potentialAction\":[{\"@type\":\"SearchAction\",\"target\":{\"@type\":\"EntryPoint\",\"urlTemplate\":\"https:\/\/retta.fi\/sv\/?s={search_term_string}\"},\"query-input\":{\"@type\":\"PropertyValueSpecification\",\"valueRequired\":true,\"valueName\":\"search_term_string\"}}],\"inLanguage\":\"sv-SE\"},{\"@type\":\"Organization\",\"@id\":\"https:\/\/retta.fi\/sv\/#organization\",\"name\":\"Retta\",\"url\":\"https:\/\/retta.fi\/sv\/\",\"logo\":{\"@type\":\"ImageObject\",\"inLanguage\":\"sv-SE\",\"@id\":\"https:\/\/retta.fi\/sv\/#\/schema\/logo\/image\/\",\"url\":\"https:\/\/retta.fi\/wp-content\/uploads\/2022\/04\/retta_somejako.png\",\"contentUrl\":\"https:\/\/retta.fi\/wp-content\/uploads\/2022\/04\/retta_somejako.png\",\"width\":1200,\"height\":630,\"caption\":\"Retta\"},\"image\":{\"@id\":\"https:\/\/retta.fi\/sv\/#\/schema\/logo\/image\/\"}}]}<\/script>\n<!-- \/ Yoast SEO plugin. -->","yoast_head_json":{"title":"Cookies - Retta","description":"Cookies Anv\u00e4ndningen av kakor och webbanalys p\u00e5 v\u00e5r webbplats Vad \u00e4r kakor? Kakor (cookies) \u00e4r sm\u00e5 textfiler som webbl\u00e4saren sparar p\u00e5 anv\u00e4ndarens","robots":{"index":"index","follow":"follow","max-snippet":"max-snippet:-1","max-image-preview":"max-image-preview:large","max-video-preview":"max-video-preview:-1"},"canonical":"https:\/\/retta.fi\/sv\/cookies\/","og_locale":"sv_SE","og_type":"article","og_title":"Cookies - Retta","og_description":"Cookies Anv\u00e4ndningen av kakor och webbanalys p\u00e5 v\u00e5r webbplats Vad \u00e4r kakor? Kakor (cookies) \u00e4r sm\u00e5 textfiler som webbl\u00e4saren sparar p\u00e5 anv\u00e4ndarens","og_url":"https:\/\/retta.fi\/sv\/cookies\/","og_site_name":"Retta","article_modified_time":"2024-12-14T15:31:58+00:00","og_image":[{"width":1200,"height":630,"url":"https:\/\/retta.fi\/wp-content\/uploads\/2022\/04\/retta_somejako.png","type":"image\/png"}],"twitter_card":"summary_large_image","schema":{"@context":"https:\/\/schema.org","@graph":[{"@type":"WebPage","@id":"https:\/\/retta.fi\/sv\/cookies\/","url":"https:\/\/retta.fi\/sv\/cookies\/","name":"Cookies - Retta","isPartOf":{"@id":"https:\/\/retta.fi\/sv\/#website"},"datePublished":"2022-05-16T06:59:29+00:00","dateModified":"2024-12-14T15:31:58+00:00","description":"Cookies Anv\u00e4ndningen av kakor och webbanalys p\u00e5 v\u00e5r webbplats Vad \u00e4r kakor? Kakor (cookies) \u00e4r sm\u00e5 textfiler som webbl\u00e4saren sparar p\u00e5 anv\u00e4ndarens","breadcrumb":{"@id":"https:\/\/retta.fi\/sv\/cookies\/#breadcrumb"},"inLanguage":"sv-SE","potentialAction":[{"@type":"ReadAction","target":["https:\/\/retta.fi\/sv\/cookies\/"]}]},{"@type":"BreadcrumbList","@id":"https:\/\/retta.fi\/sv\/cookies\/#breadcrumb","itemListElement":[{"@type":"ListItem","position":1,"name":"Framsida","item":"https:\/\/retta.fi\/sv\/"},{"@type":"ListItem","position":2,"name":"Cookies"}]},{"@type":"WebSite","@id":"https:\/\/retta.fi\/sv\/#website","url":"https:\/\/retta.fi\/sv\/","name":"Retta","description":"","publisher":{"@id":"https:\/\/retta.fi\/sv\/#organization"},"potentialAction":[{"@type":"SearchAction","target":{"@type":"EntryPoint","urlTemplate":"https:\/\/retta.fi\/sv\/?s={search_term_string}"},"query-input":{"@type":"PropertyValueSpecification","valueRequired":true,"valueName":"search_term_string"}}],"inLanguage":"sv-SE"},{"@type":"Organization","@id":"https:\/\/retta.fi\/sv\/#organization","name":"Retta","url":"https:\/\/retta.fi\/sv\/","logo":{"@type":"ImageObject","inLanguage":"sv-SE","@id":"https:\/\/retta.fi\/sv\/#\/schema\/logo\/image\/","url":"https:\/\/retta.fi\/wp-content\/uploads\/2022\/04\/retta_somejako.png","contentUrl":"https:\/\/retta.fi\/wp-content\/uploads\/2022\/04\/retta_somejako.png","width":1200,"height":630,"caption":"Retta"},"image":{"@id":"https:\/\/retta.fi\/sv\/#\/schema\/logo\/image\/"}}]}},"_links":{"self":[{"href":"https:\/\/retta.fi\/sv\/wp-json\/wp\/v2\/pages\/1808","targetHints":{"allow":["GET"]}}],"collection":[{"href":"https:\/\/retta.fi\/sv\/wp-json\/wp\/v2\/pages"}],"about":[{"href":"https:\/\/retta.fi\/sv\/wp-json\/wp\/v2\/types\/page"}],"author":[{"embeddable":true,"href":"https:\/\/retta.fi\/sv\/wp-json\/wp\/v2\/users\/31"}],"replies":[{"embeddable":true,"href":"https:\/\/retta.fi\/sv\/wp-json\/wp\/v2\/comments?post=1808"}],"version-history":[{"count":5,"href":"https:\/\/retta.fi\/sv\/wp-json\/wp\/v2\/pages\/1808\/revisions"}],"predecessor-version":[{"id":44309,"href":"https:\/\/retta.fi\/sv\/wp-json\/wp\/v2\/pages\/1808\/revisions\/44309"}],"wp:attachment":[{"href":"https:\/\/retta.fi\/sv\/wp-json\/wp\/v2\/media?parent=1808"}],"curies":[{"name":"wp","href":"https:\/\/api.w.org\/{rel}","templated":true}]}}