{"id":1535,"date":"2022-05-16T13:41:56","date_gmt":"2022-05-16T10:41:56","guid":{"rendered":"https:\/\/retta.fi\/?page_id=1535"},"modified":"2025-02-12T12:06:17","modified_gmt":"2025-02-12T10:06:17","slug":"etiska-affarsprinciper","status":"publish","type":"page","link":"https:\/\/retta.fi\/sv\/lar-kanna-oss\/etiska-affarsprinciper\/","title":{"rendered":"\u00a0Etiska aff\u00e4rsprinciper"},"content":{"rendered":"<section id=\"acf-block-637f6ba5e8bbd\" class=\"block block-hero container-fluid ct-darkgreen bg-darkgreen \">\n        <div class=\"container\">\n        <div class=\"row\">\n            <div class=\"col-12 col-lg-8 hero-content-col\">\n                <div class=\"hero-content\">\n                    \n\n<h1 class=\"wp-block-heading\">&nbsp;Etiska aff\u00e4rsprinciper<\/h1>\n\n\n                <\/div>\n            <\/div>\n        <\/div>\n    <\/div>\n<\/section>\n\n\n\n<section id=\"acf-block-637f6ba5e8be1\"    class=\"block block-image-and-content container-fluid default-bg \">\n    <div class=\"container\">\n        <div class=\"row justify-content-between\">\n            <div class=\"col-12 col-lg-6  img-col\">\n                <div class=\"wp-block-image\">\n                    <div class=\"alignleft\"><img decoding=\"async\" src=\"https:\/\/retta.fi\/wp-content\/uploads\/2024\/11\/iStock-1186614443-1920x1438.jpg\" width=\"864\" height=\"647\" alt=\"\" loading=\"lazy\"><\/div>\n                <\/div>\n            <\/div>\n            <div class=\"col-12 col-lg-5\">\n                <main class=\"entry-content\">\n                    \n\n<p>Retta Is\u00e4nn\u00f6inti har en vision om att vara en ledande pionj\u00e4r inom disponentbranschen, k\u00e4nd f\u00f6r sin starka interna kultur, v\u00e4rderingar och som erbjuder branschens b\u00e4sta kund- och medarbetarupplevelser genom kontinuerlig utveckling och f\u00f6rb\u00e4ttring.<\/p>\n\n\n\n<p>V\u00e5r verksamhet inom fastighetsf\u00f6rvaltning bygger p\u00e5 expertis och f\u00f6rtroende. Vi s\u00e4kerst\u00e4ller v\u00e5ra verksamheters h\u00e5llbarhet och ansvarstagande genom att f\u00f6lja gemensamt \u00f6verenskomna aff\u00e4rsprinciper. Samtidigt skapar vi grunden f\u00f6r f\u00f6retagets framtida framg\u00e5ng.<\/p>\n\n\n\n<div class=\"wp-block-buttons is-layout-flex wp-block-buttons-is-layout-flex\">\n<div class=\"wp-block-button\"><a class=\"wp-block-button__link has-darkgreen-background-color has-background wp-element-button\" href=\"https:\/\/retta.fi\/sv\/sekretesspolicy\/\"><strong>Integritetspolicyer<\/strong><\/a><\/div>\n<\/div>\n\n\n\n<div class=\"wp-block-button\"><a class=\"wp-block-button__link has-darkgreen-background-color has-background wp-element-button\" href=\"https:\/\/retta.fi\/wp-content\/uploads\/2024\/09\/Odevo-Group-Code-of-Conduct-2024.06.10.pdf\">Code of Conduct<\/a><\/div>\n\n\n                <\/main>\n            <\/div>\n        <\/div>\n    <\/div>\n<\/section>\n\n\n<div style=\"height:100px\" aria-hidden=\"true\" class=\"wp-block-spacer\"><\/div>\n\n\n\n<section id=\"rapporteringskanal\" class=\"block block-content-wrapper container-fluid container-fluid \">\n    <div class=\"container\">\n        <div class=\"row\">\n            <div class=\"col-12 col-lg-8 offset-lg-2 col-hd-6 offset-hd-3\">\n                <main class=\"entry-content\">\n                    \n\n<h1 class=\"wp-block-heading\">Retta Is\u00e4nn\u00f6intis rapporteringskanal f\u00f6r rapportering av misst\u00e4nkt tj\u00e4nstefel<\/h1>\n\n\n\n<p>Retta Is\u00e4nn\u00f6inti har nolltolerans mot all oetisk verksamhet. Retta Is\u00e4nn\u00f6inti har etiska aff\u00e4rsprinciper som de kr\u00e4ver att dess anst\u00e4llda, partners och intressenter f\u00f6ljer. Anm\u00e4lningar om uppt\u00e4ckt eller misst\u00e4nkt tj\u00e4nstefel eller \u00f6vertr\u00e4delser d\u00e4r Retta Is\u00e4nn\u00f6inti misst\u00e4nks vara inblandad p\u00e5 n\u00e5got s\u00e4tt eller som p\u00e5 annat s\u00e4tt har anknytning till Retta Is\u00e4nn\u00f6inti eller dess verksamhet kan anm\u00e4las till Retta Is\u00e4nn\u00f6inti rapporteringskanal. Det \u00e4r viktigt f\u00f6r oss att v\u00e5ra samarbetspartner och underleverant\u00f6rer ocks\u00e5 agerar i enlighet med g\u00e4llande lag och etiskt r\u00e4tt.<\/p>\n\n\n\n<p>Vi hanterar alla anm\u00e4lningar noggrant och konfidentiellt f\u00f6r att skydda anm\u00e4laren och den som gjort anm\u00e4lan i god tro beh\u00f6ver inte vara r\u00e4dd f\u00f6r att drabbas av negativa konsekvenser. N\u00e4r det g\u00e4ller anm\u00e4lningar som faller inom till\u00e4mpningsomr\u00e5det f\u00f6r&nbsp;Whistleblower-direktivet&nbsp;f\u00e5r anm\u00e4laren \u00e4ven skydd enligt direktivet och enligt den nationella lagstiftning som antagits med st\u00f6d av direktivet.<\/p>\n\n\n\n<p>Vi genomf\u00f6r regelbunden intern compliance-utbildning f\u00f6r v\u00e5r egen personal och har \u00e4ndam\u00e5lsenliga processer, interna riktlinjer och policyn p\u00e5 plats f\u00f6r att anm\u00e4la misst\u00e4nkt oredlighet. Retta har sedan tidigare en intern rapporteringskanal och \u00f6ppnar nu \u00e4ven kanalen f\u00f6r utomst\u00e5ende, s\u00e5som arbetss\u00f6kande, tidigare anst\u00e4llda, intressenter och avtalspartner. Rapporteringskanalen f\u00f6r utomst\u00e5ende \u00f6ppnas i december 2021 p\u00e5 v\u00e5r hemsida.<\/p>\n\n\n\n<p><strong>Att g\u00f6ra en anm\u00e4lan<\/strong><\/p>\n\n\n\n<p>Du kan g\u00f6ra en anm\u00e4lan antingen i ditt namn eller anonymt via v\u00e5r rapporteringskanal<a href=\"https:\/\/report.whistleb.com\/en\/rettaodevo\" target=\"_blank\" rel=\"noopener noreferrer nofollow\">\u00a0https:\/\/r<\/a><a href=\"https:\/\/report.whistleb.com\/en\/rettaodevo\" target=\"_blank\" rel=\"noreferrer noopener\">eport.whistleb.com\/en\/rettaodevo<\/a>.<\/p>\n\n\n\n<p>OBS! Om du anm\u00e4ler anonymt, \u00e4r det viktigt att du kommer ih\u00e5g att spara l\u00f6senordet och att du loggar in senare f\u00f6r att se om du har f\u00e5tt ytterligare f\u00f6rfr\u00e5gningar och svarar p\u00e5 dem. Det kanske inte g\u00e5r att l\u00f6sa \u00e4rendet utan dem och vid anonyma anm\u00e4lningar har vi inga andra s\u00e4tt att n\u00e5 anm\u00e4laren \u00e4n att skicka ett meddelande till den anonyma anm\u00e4laren via kanalen. En anonym anm\u00e4lares identitet kommer aldrig till v\u00e5r k\u00e4nnedom.<\/p>\n\n\n\n<p><strong>Hanteringen av en anm\u00e4lan<\/strong><\/p>\n\n\n\n<p>Rettas Compliance-team ansvarar f\u00f6r hanteringen av anm\u00e4lningar. Enligt direktivet har anm\u00e4laren r\u00e4tt att f\u00e5 en mottagningsbekr\u00e4ftelse inom sju (7) dagar efter det att anm\u00e4lan l\u00e4mnats och inom tre (3) m\u00e5nader fr\u00e5n mottagandet av anm\u00e4lan ska anm\u00e4laren informeras om de \u00e5tg\u00e4rder som vidtagits p\u00e5 grund av meddelandet. Vi str\u00e4var till att h\u00e5lla dessa handl\u00e4ggningstider f\u00f6r alla meddelanden som skickas till kanalen. Compliance-teamet samordnar utredningen av det anm\u00e4lda \u00e4rendet och involverar endast de parter som \u00e4r n\u00f6dv\u00e4ndiga f\u00f6r att hantera \u00e4rendet. Personuppgifter kommer att behandlas i enlighet med g\u00e4llande dataskyddslagstiftning och endast i den utstr\u00e4ckning det \u00e4r n\u00f6dv\u00e4ndigt under omst\u00e4ndigheterna.&nbsp;<a href=\"https:\/\/retta.fi\/sv\/dataskyddspolicy\/\">Compliance&nbsp;Dataskyddsbeskrivning.&nbsp;<\/a><\/p>\n\n\n\n<p><strong>Bra att veta<\/strong><\/p>\n\n\n\n<p>EU:s Whistleblower-direktiv &nbsp;skyddar anm\u00e4laren genom att s\u00e4kerst\u00e4lla att en anm\u00e4lan gjord enligt direktivet inte orsakar r\u00e4dsla f\u00f6r negativa konsekvenser f\u00f6r anm\u00e4laren. Enligt Whistleblower-direktivet ska f\u00f6retag med fler \u00e4n 250 anst\u00e4llda fr\u00e5n och med den 17 december 2021 tillhandah\u00e5lla en intern rapporteringskanal f\u00f6r rapportering av \u00f6vertr\u00e4delser av vissa best\u00e4mmelser p\u00e5 EU-niv\u00e5 och nationella best\u00e4mmelser (inklusive offentlig upphandling, konsumentskydd, produkt- och trafiks\u00e4kerhet, f\u00f6rebyggande av penningtv\u00e4tt, milj\u00f6skydd, integritet och skydd av personuppgifter och konkurrenslagstiftning).<\/p>\n\n\n\n<p>Direktivet kr\u00e4ver ocks\u00e5 att EU:s medlemsstater inr\u00e4ttar en central offentlig anm\u00e4lningskanal som hanteras och underh\u00e5lls av en utsedd myndighet. Direktivet m\u00e5ste genomf\u00f6ras i medlemsstaterna med st\u00f6d av nationell lagstiftning. I Finland h\u00e5ller den nationella lagstiftningen som genomf\u00f6r direktivet fortfarande p\u00e5 att utarbetas och en offentlig anm\u00e4lningskanal har \u00e4nnu inte uppr\u00e4ttats. Enligt direktivet ska misst\u00e4nkta eller uppt\u00e4ckta \u00f6vertr\u00e4delser i f\u00f6rsta hand riktas till l\u00e4mplig intern rapporteringskanal och endast sekund\u00e4rt till den offentliga rapporteringskanal som myndigheten uppr\u00e4tth\u00e5ller. Som en sista utv\u00e4g har anm\u00e4laren r\u00e4tt att l\u00e4mna ut informationen om de tidigare stegen av en eller annan anledning inte \u00e4r m\u00f6jliga eller om ingen saklig uppf\u00f6ljning har gjorts av anm\u00e4lan inom den tidsfrist som direktivet kr\u00e4ver. Direktivet skyddar, inom omfattningen av dess till\u00e4mpningsomr\u00e5de, anm\u00e4laren.<\/p>\n\n\n\n<p>Observera att den h\u00e4r kanalen inte \u00e4r avsedd som en leveransadress f\u00f6r kundfeedback eller klagom\u00e5l.<\/p>\n\n\n\n<p>F\u00f6r dessa, v\u00e4nligen kontakta v\u00e5r kundtj\u00e4nst eller avtalets kontaktperson.<\/p>\n\n\n                <\/main>\n            <\/div>\n        <\/div>\n    <\/div>\n<\/section>","protected":false},"excerpt":{"rendered":"","protected":false},"author":31,"featured_media":42400,"parent":42338,"menu_order":0,"comment_status":"closed","ping_status":"closed","template":"","meta":{"_acf_changed":false,"_relevanssi_hide_post":"","_relevanssi_hide_content":"","_relevanssi_pin_for_all":"","_relevanssi_pin_keywords":"","_relevanssi_unpin_keywords":"","_relevanssi_related_keywords":"","_relevanssi_related_include_ids":"","_relevanssi_related_exclude_ids":"","_relevanssi_related_no_append":"","_relevanssi_related_not_related":"","_relevanssi_related_posts":"1906,1876,1900,6682,42394,27765","_relevanssi_noindex_reason":"","footnotes":""},"class_list":["post-1535","page","type-page","status-publish","has-post-thumbnail","hentry"],"acf":[],"yoast_head":"<!-- This site is optimized with the Yoast SEO plugin v27.1.1 - https:\/\/yoast.com\/product\/yoast-seo-wordpress\/ -->\n<title>\u00a0Etiska aff\u00e4rsprinciper - Retta<\/title>\n<meta name=\"description\" content=\"&nbsp;Etiska aff\u00e4rsprinciper Retta Is\u00e4nn\u00f6inti har en vision om att vara en ledande pionj\u00e4r inom disponentbranschen, k\u00e4nd f\u00f6r sin starka interna kultur,\" \/>\n<meta name=\"robots\" content=\"index, follow, max-snippet:-1, max-image-preview:large, max-video-preview:-1\" \/>\n<link rel=\"canonical\" href=\"https:\/\/retta.fi\/sv\/lar-kanna-oss\/etiska-affarsprinciper\/\" \/>\n<meta property=\"og:locale\" content=\"sv_SE\" \/>\n<meta property=\"og:type\" content=\"article\" \/>\n<meta property=\"og:title\" content=\"\u00a0Etiska aff\u00e4rsprinciper - Retta\" \/>\n<meta property=\"og:description\" content=\"&nbsp;Etiska aff\u00e4rsprinciper Retta Is\u00e4nn\u00f6inti har en vision om att vara en ledande pionj\u00e4r inom disponentbranschen, k\u00e4nd f\u00f6r sin starka interna kultur,\" \/>\n<meta property=\"og:url\" content=\"https:\/\/retta.fi\/sv\/lar-kanna-oss\/etiska-affarsprinciper\/\" \/>\n<meta property=\"og:site_name\" content=\"Retta\" \/>\n<meta property=\"article:modified_time\" content=\"2025-02-12T10:06:17+00:00\" \/>\n<meta property=\"og:image\" content=\"https:\/\/retta.fi\/wp-content\/uploads\/2024\/11\/iStock-1186614443-scaled.jpg\" \/>\n\t<meta property=\"og:image:width\" content=\"2560\" \/>\n\t<meta property=\"og:image:height\" content=\"1917\" \/>\n\t<meta property=\"og:image:type\" content=\"image\/jpeg\" \/>\n<meta name=\"twitter:card\" content=\"summary_large_image\" \/>\n<script type=\"application\/ld+json\" class=\"yoast-schema-graph\">{\"@context\":\"https:\/\/schema.org\",\"@graph\":[{\"@type\":\"WebPage\",\"@id\":\"https:\/\/retta.fi\/sv\/lar-kanna-oss\/etiska-affarsprinciper\/\",\"url\":\"https:\/\/retta.fi\/sv\/lar-kanna-oss\/etiska-affarsprinciper\/\",\"name\":\"\u00a0Etiska aff\u00e4rsprinciper - Retta\",\"isPartOf\":{\"@id\":\"https:\/\/retta.fi\/sv\/#website\"},\"primaryImageOfPage\":{\"@id\":\"https:\/\/retta.fi\/sv\/lar-kanna-oss\/etiska-affarsprinciper\/#primaryimage\"},\"image\":{\"@id\":\"https:\/\/retta.fi\/sv\/lar-kanna-oss\/etiska-affarsprinciper\/#primaryimage\"},\"thumbnailUrl\":\"https:\/\/retta.fi\/wp-content\/uploads\/2024\/11\/iStock-1186614443-scaled.jpg\",\"datePublished\":\"2022-05-16T10:41:56+00:00\",\"dateModified\":\"2025-02-12T10:06:17+00:00\",\"description\":\"&nbsp;Etiska aff\u00e4rsprinciper Retta Is\u00e4nn\u00f6inti har en vision om att vara en ledande pionj\u00e4r inom disponentbranschen, k\u00e4nd f\u00f6r sin starka interna kultur,\",\"breadcrumb\":{\"@id\":\"https:\/\/retta.fi\/sv\/lar-kanna-oss\/etiska-affarsprinciper\/#breadcrumb\"},\"inLanguage\":\"sv-SE\",\"potentialAction\":[{\"@type\":\"ReadAction\",\"target\":[\"https:\/\/retta.fi\/sv\/lar-kanna-oss\/etiska-affarsprinciper\/\"]}]},{\"@type\":\"ImageObject\",\"inLanguage\":\"sv-SE\",\"@id\":\"https:\/\/retta.fi\/sv\/lar-kanna-oss\/etiska-affarsprinciper\/#primaryimage\",\"url\":\"https:\/\/retta.fi\/wp-content\/uploads\/2024\/11\/iStock-1186614443-scaled.jpg\",\"contentUrl\":\"https:\/\/retta.fi\/wp-content\/uploads\/2024\/11\/iStock-1186614443-scaled.jpg\",\"width\":2560,\"height\":1917,\"caption\":\"Hesperiankatu Avenue in T\u00f6\u00f6l\u00f6 neighborhood, Helsinki, Finland\"},{\"@type\":\"BreadcrumbList\",\"@id\":\"https:\/\/retta.fi\/sv\/lar-kanna-oss\/etiska-affarsprinciper\/#breadcrumb\",\"itemListElement\":[{\"@type\":\"ListItem\",\"position\":1,\"name\":\"Framsida\",\"item\":\"https:\/\/retta.fi\/sv\/\"},{\"@type\":\"ListItem\",\"position\":2,\"name\":\"L\u00e4r k\u00e4nna oss\",\"item\":\"https:\/\/retta.fi\/sv\/lar-kanna-oss\/\"},{\"@type\":\"ListItem\",\"position\":3,\"name\":\"\u00a0Etiska aff\u00e4rsprinciper\"}]},{\"@type\":\"WebSite\",\"@id\":\"https:\/\/retta.fi\/sv\/#website\",\"url\":\"https:\/\/retta.fi\/sv\/\",\"name\":\"Retta\",\"description\":\"\",\"publisher\":{\"@id\":\"https:\/\/retta.fi\/sv\/#organization\"},\"potentialAction\":[{\"@type\":\"SearchAction\",\"target\":{\"@type\":\"EntryPoint\",\"urlTemplate\":\"https:\/\/retta.fi\/sv\/?s={search_term_string}\"},\"query-input\":{\"@type\":\"PropertyValueSpecification\",\"valueRequired\":true,\"valueName\":\"search_term_string\"}}],\"inLanguage\":\"sv-SE\"},{\"@type\":\"Organization\",\"@id\":\"https:\/\/retta.fi\/sv\/#organization\",\"name\":\"Retta\",\"url\":\"https:\/\/retta.fi\/sv\/\",\"logo\":{\"@type\":\"ImageObject\",\"inLanguage\":\"sv-SE\",\"@id\":\"https:\/\/retta.fi\/sv\/#\/schema\/logo\/image\/\",\"url\":\"https:\/\/retta.fi\/wp-content\/uploads\/2022\/04\/retta_somejako.png\",\"contentUrl\":\"https:\/\/retta.fi\/wp-content\/uploads\/2022\/04\/retta_somejako.png\",\"width\":1200,\"height\":630,\"caption\":\"Retta\"},\"image\":{\"@id\":\"https:\/\/retta.fi\/sv\/#\/schema\/logo\/image\/\"}}]}<\/script>\n<!-- \/ Yoast SEO plugin. -->","yoast_head_json":{"title":"\u00a0Etiska aff\u00e4rsprinciper - Retta","description":"&nbsp;Etiska aff\u00e4rsprinciper Retta Is\u00e4nn\u00f6inti har en vision om att vara en ledande pionj\u00e4r inom disponentbranschen, k\u00e4nd f\u00f6r sin starka interna kultur,","robots":{"index":"index","follow":"follow","max-snippet":"max-snippet:-1","max-image-preview":"max-image-preview:large","max-video-preview":"max-video-preview:-1"},"canonical":"https:\/\/retta.fi\/sv\/lar-kanna-oss\/etiska-affarsprinciper\/","og_locale":"sv_SE","og_type":"article","og_title":"\u00a0Etiska aff\u00e4rsprinciper - Retta","og_description":"&nbsp;Etiska aff\u00e4rsprinciper Retta Is\u00e4nn\u00f6inti har en vision om att vara en ledande pionj\u00e4r inom disponentbranschen, k\u00e4nd f\u00f6r sin starka interna kultur,","og_url":"https:\/\/retta.fi\/sv\/lar-kanna-oss\/etiska-affarsprinciper\/","og_site_name":"Retta","article_modified_time":"2025-02-12T10:06:17+00:00","og_image":[{"width":2560,"height":1917,"url":"https:\/\/retta.fi\/wp-content\/uploads\/2024\/11\/iStock-1186614443-scaled.jpg","type":"image\/jpeg"}],"twitter_card":"summary_large_image","schema":{"@context":"https:\/\/schema.org","@graph":[{"@type":"WebPage","@id":"https:\/\/retta.fi\/sv\/lar-kanna-oss\/etiska-affarsprinciper\/","url":"https:\/\/retta.fi\/sv\/lar-kanna-oss\/etiska-affarsprinciper\/","name":"\u00a0Etiska aff\u00e4rsprinciper - Retta","isPartOf":{"@id":"https:\/\/retta.fi\/sv\/#website"},"primaryImageOfPage":{"@id":"https:\/\/retta.fi\/sv\/lar-kanna-oss\/etiska-affarsprinciper\/#primaryimage"},"image":{"@id":"https:\/\/retta.fi\/sv\/lar-kanna-oss\/etiska-affarsprinciper\/#primaryimage"},"thumbnailUrl":"https:\/\/retta.fi\/wp-content\/uploads\/2024\/11\/iStock-1186614443-scaled.jpg","datePublished":"2022-05-16T10:41:56+00:00","dateModified":"2025-02-12T10:06:17+00:00","description":"&nbsp;Etiska aff\u00e4rsprinciper Retta Is\u00e4nn\u00f6inti har en vision om att vara en ledande pionj\u00e4r inom disponentbranschen, k\u00e4nd f\u00f6r sin starka interna kultur,","breadcrumb":{"@id":"https:\/\/retta.fi\/sv\/lar-kanna-oss\/etiska-affarsprinciper\/#breadcrumb"},"inLanguage":"sv-SE","potentialAction":[{"@type":"ReadAction","target":["https:\/\/retta.fi\/sv\/lar-kanna-oss\/etiska-affarsprinciper\/"]}]},{"@type":"ImageObject","inLanguage":"sv-SE","@id":"https:\/\/retta.fi\/sv\/lar-kanna-oss\/etiska-affarsprinciper\/#primaryimage","url":"https:\/\/retta.fi\/wp-content\/uploads\/2024\/11\/iStock-1186614443-scaled.jpg","contentUrl":"https:\/\/retta.fi\/wp-content\/uploads\/2024\/11\/iStock-1186614443-scaled.jpg","width":2560,"height":1917,"caption":"Hesperiankatu Avenue in T\u00f6\u00f6l\u00f6 neighborhood, Helsinki, Finland"},{"@type":"BreadcrumbList","@id":"https:\/\/retta.fi\/sv\/lar-kanna-oss\/etiska-affarsprinciper\/#breadcrumb","itemListElement":[{"@type":"ListItem","position":1,"name":"Framsida","item":"https:\/\/retta.fi\/sv\/"},{"@type":"ListItem","position":2,"name":"L\u00e4r k\u00e4nna oss","item":"https:\/\/retta.fi\/sv\/lar-kanna-oss\/"},{"@type":"ListItem","position":3,"name":"\u00a0Etiska aff\u00e4rsprinciper"}]},{"@type":"WebSite","@id":"https:\/\/retta.fi\/sv\/#website","url":"https:\/\/retta.fi\/sv\/","name":"Retta","description":"","publisher":{"@id":"https:\/\/retta.fi\/sv\/#organization"},"potentialAction":[{"@type":"SearchAction","target":{"@type":"EntryPoint","urlTemplate":"https:\/\/retta.fi\/sv\/?s={search_term_string}"},"query-input":{"@type":"PropertyValueSpecification","valueRequired":true,"valueName":"search_term_string"}}],"inLanguage":"sv-SE"},{"@type":"Organization","@id":"https:\/\/retta.fi\/sv\/#organization","name":"Retta","url":"https:\/\/retta.fi\/sv\/","logo":{"@type":"ImageObject","inLanguage":"sv-SE","@id":"https:\/\/retta.fi\/sv\/#\/schema\/logo\/image\/","url":"https:\/\/retta.fi\/wp-content\/uploads\/2022\/04\/retta_somejako.png","contentUrl":"https:\/\/retta.fi\/wp-content\/uploads\/2022\/04\/retta_somejako.png","width":1200,"height":630,"caption":"Retta"},"image":{"@id":"https:\/\/retta.fi\/sv\/#\/schema\/logo\/image\/"}}]}},"_links":{"self":[{"href":"https:\/\/retta.fi\/sv\/wp-json\/wp\/v2\/pages\/1535","targetHints":{"allow":["GET"]}}],"collection":[{"href":"https:\/\/retta.fi\/sv\/wp-json\/wp\/v2\/pages"}],"about":[{"href":"https:\/\/retta.fi\/sv\/wp-json\/wp\/v2\/types\/page"}],"author":[{"embeddable":true,"href":"https:\/\/retta.fi\/sv\/wp-json\/wp\/v2\/users\/31"}],"replies":[{"embeddable":true,"href":"https:\/\/retta.fi\/sv\/wp-json\/wp\/v2\/comments?post=1535"}],"version-history":[{"count":15,"href":"https:\/\/retta.fi\/sv\/wp-json\/wp\/v2\/pages\/1535\/revisions"}],"predecessor-version":[{"id":46405,"href":"https:\/\/retta.fi\/sv\/wp-json\/wp\/v2\/pages\/1535\/revisions\/46405"}],"up":[{"embeddable":true,"href":"https:\/\/retta.fi\/sv\/wp-json\/wp\/v2\/pages\/42338"}],"wp:featuredmedia":[{"embeddable":true,"href":"https:\/\/retta.fi\/sv\/wp-json\/wp\/v2\/media\/42400"}],"wp:attachment":[{"href":"https:\/\/retta.fi\/sv\/wp-json\/wp\/v2\/media?parent=1535"}],"curies":[{"name":"wp","href":"https:\/\/api.w.org\/{rel}","templated":true}]}}