{"id":7814,"date":"2022-07-19T14:44:36","date_gmt":"2022-07-19T11:44:36","guid":{"rendered":"https:\/\/retta.fi\/?page_id=7814"},"modified":"2025-02-21T08:38:50","modified_gmt":"2025-02-21T06:38:50","slug":"residential-leasing","status":"publish","type":"page","link":"https:\/\/retta.fi\/en\/residential-leasing\/","title":{"rendered":"Residential leasing"},"content":{"rendered":"<section id=\"acf-block-67b81f7aebf6d\" class=\"block block-hero container-fluid ct-darkgreen bg-darkgreen has-bg-pattern\">\n        <div class=\"container\">\n        <div class=\"row\">\n            <div class=\"col-12 col-lg-8 hero-content-col\">\n                <div class=\"hero-content\">\n                    \n\n<h1 class=\"wp-block-heading\">Kokeneet asuntovuokrauksen ammattilaiset optimoivat kiinteist\u00f6jenne tuoton<\/h1>\n\n\n                <\/div>\n            <\/div>\n        <\/div>\n    <\/div>\n<\/section>\n\n\n\n<section id=\"acf-block-67b81f7aebf8c\"    class=\"block block-image-and-content container-fluid ct-beige bg-beige has-bg-pattern\">\n    <div class=\"container\">\n        <div class=\"row justify-content-between\">\n            <div class=\"col-12 col-lg-6  img-col\">\n                <div class=\"wp-block-image\">\n                    <div class=\"alignleft\"><img decoding=\"async\" src=\"https:\/\/retta.fi\/wp-content\/uploads\/2022\/07\/pexels-chris-economou-6367377.jpg\" width=\"864\" height=\"564\" alt=\"Kuvaaja: Chris Economou: https:\/\/www.pexels.com\/fi-fi\/kuva\/kaupunki-auringonlasku-katto-kaupunkinakyma-6367377\/\" loading=\"lazy\"><\/div>\n                <\/div>\n            <\/div>\n            <div class=\"col-12 col-lg-5\">\n                <main class=\"entry-content\">\n                    \n\n<p><strong>Asuntomarkkina on tilanteessa, jossa vuokralaisella on valinnanvaraa. Nyt tarvitaan aktiivista otetta asuntovuokrauksen edist\u00e4miseksi ja asuntojen tuomiseksi hakijoiden tietoon. Rettan laaja markkinatuntemus, ennakoivat toimenpiteet ja vuokrav\u00e4litt\u00e4jien ammattitaito takaavat asuinkiinteist\u00f6illenne korkeat k\u00e4ytt\u00f6asteet, laadukkaat vuokralaiset ja toivotun tuoton.<\/strong><\/p>\n\n\n\n<h3 class=\"wp-block-heading\">Vuokra-asuntojen asuntovuokraus osaavissa k\u00e4siss\u00e4 markkinoinnista yll\u00e4pitoon<\/h3>\n\n\n\n    <div id=\"accordion-69d779bc4ad01\" class=\"element block-accordions\">\n        <div class=\"accordion-items\">\n                            <div class=\"accordion-item has-border open\">\n                    <div class=\"accordion-item--header\">Tyytyv\u00e4inen vuokralainen on pysyv\u00e4 vuokralainen<\/div>\n                    <div class=\"accordion-item--body\">\n                        <div class=\"accordion-item--content entry-content\"><p>Panostamme erityisell\u00e4 huolella kiinteist\u00f6jenne asukkaiden palvelemiseen. Seuraamme jatkuvasti asukaskokemusta, jotta voimme reagoida ep\u00e4kohtiin, parantaa viihtyvyytt\u00e4 ja kehitt\u00e4\u00e4 omaa toimintaamme.<\/p>\n<p>Hyv\u00e4 asukaskokemus l\u00e4htee jo vuokrausprosessista. V\u00e4litt\u00e4j\u00e4mme ovat kasvoillaan ja nimill\u00e4\u00e4n l\u00e4sn\u00e4 asuntojen hakijoille, ja heid\u00e4t on helppo tavoittaa. J\u00e4rjest\u00e4mme aktiivisesti yleis- ja yksityisesittelyit\u00e4 ja panostamme my\u00f6s virtuaali- ja videoesittelyihin, jotta hakija voi tutustua asuntoon itselleen sopivalla tavalla.<\/p>\n<p>Parantaaksemme asukaskokemusta entisest\u00e4\u00e4n olemme kehitt\u00e4neet OmaRetta -digipalvelun, joka on vaivaton kanava asumisen hallintaan ja ilmoitusten tekemiseen. Oma Koti -etuohjelma taas on rahanarvoista ekstraa Rettan kautta kotiaan vaihtaville.<\/p>\n<\/div>\n                    <\/div>\n                <\/div>\n                            <div class=\"accordion-item has-border open\">\n                    <div class=\"accordion-item--header\">Ennakoiva markkinointi pit\u00e4\u00e4 k\u00e4ytt\u00f6asteen korkealla<\/div>\n                    <div class=\"accordion-item--body\">\n                        <div class=\"accordion-item--content entry-content\"><p>Syv\u00e4llinen markkinatuntemus ja ennakoiva asenne auttavat markkinoimaan asuntojanne niin, etteiv\u00e4t ne j\u00e4\u00e4 tyhjilleen. Seuraamme uudisrakentamista ja muita markkinamuutoksia, jotka voivat haastaa asuntovuokrausta. N\u00e4in tied\u00e4mme lis\u00e4t\u00e4 panoksia markkinointiin, kun niit\u00e4 tarvitaan.<\/p>\n<p>Houkuttelisiko vuokralaisia tehokas Facebook-kampanja tai kahden viikon ilmainen asuminen? Ehdotamme teille luovia ja toimivia tapoja nostaa esiin asuntoja, jotka j\u00e4\u00e4v\u00e4t useammin hakijoilta huomaamatta.<\/p>\n<p>Ammattitaitoisten kumppaneiden avustuksella luomme siistit ja laadukkaat ilmoitukset valokuvineen ja pohjakuvineen; tarpeen mukaan k\u00e4yt\u00f6ss\u00e4 ovat my\u00f6s ilmakuvat, videoesittelyt ja virtuaalistailaukset. Asuntonne saavat n\u00e4kyvyytt\u00e4 Retta Asuntovuokrauksen omilla sivuilla ja tunnetuimmissa asuntoportaaleissa. Markkinointikampanjoilla n\u00e4kyvyytt\u00e4 voidaan lis\u00e4t\u00e4 sosiaalisessa mediassa, portaaleissa tai esimerkiksi display-mainontana eri nettisivuilla. Raportoimme teille aktiivisesti kampanjoiden tuloksista ja vuokrauksen tilanteesta.<\/p>\n<\/div>\n                    <\/div>\n                <\/div>\n                            <div class=\"accordion-item has-border open\">\n                    <div class=\"accordion-item--header\">Ehj\u00e4 kiinteist\u00f6johtamisen palveluketju ulottuvillanne<\/div>\n                    <div class=\"accordion-item--body\">\n                        <div class=\"accordion-item--content entry-content\"><p>Vaivattomin tapa huolehtia asuinkiinteist\u00f6ist\u00e4nne on Rettan kiinteist\u00f6johtamisen palvelukokonaisuus. Sen puitteissa voitte j\u00e4tt\u00e4\u00e4 vuokrausprosessin lis\u00e4ksi muun muassa asukkaiden asiakaspalvelun, is\u00e4nn\u00f6innin ja yll\u00e4pidon hoidettavaksemme.<\/p>\n<p>Mittaamalla asukaskokemusta voimme ehdottaa toimenpiteit\u00e4 kiinteist\u00f6iss\u00e4nne ja kehitt\u00e4\u00e4 omaa toimintaamme. Saatte arvokasta tietoa esimerkiksi pois muuton syist\u00e4 ja kriittisist\u00e4 pisteist\u00e4, jotka vaikuttavat asukkaiden viihtyvyyteen.<\/p>\n<p>Rettan kiinteist\u00f6johtamisen palvelu on l\u00e4pin\u00e4kyv\u00e4, jotta pysytte ajan tasalla siit\u00e4, mit\u00e4 kiinteist\u00f6iss\u00e4nne tapahtuu. T\u00e4m\u00e4 p\u00e4tee my\u00f6s asuntojen vuokraukseen: olemme avoimia asunnon vuokrattavuutta parantavista toimenpiteist\u00e4, asukastyytyv\u00e4isyydest\u00e4 ja k\u00e4ytt\u00f6asteesta.<\/p>\n<\/div>\n                    <\/div>\n                <\/div>\n                    <\/div>\n    <\/div>\n    \n\n                <\/main>\n            <\/div>\n        <\/div>\n    <\/div>\n<\/section>\n\n<section id=\"acf-block-67b81f7aebff0\" class=\"block block-image-or-embed container-fluid\">\n    <div class=\"container\">\n        <div class=\"row\">\n            <div class=\"col-12 col-lg-8 offset-lg-2 col-hd-6 offset-hd-3\">\n                <div class=\"wp-block-embed\">\n                    <div class=\"alignleft block-content\">\n                        <div style=\"height: 100%;\" class=\"oembed oembed-youtube\"><div class=\"ID-cookie-consent-overlay has-bg-pattern bg-darkgreen hidden\"><p>You have not accepted targeting cookies. To see the video, change your settings.<\/p><button id=\"ot-sdk-btn\" class=\"ot-sdk-show-settings button ct-darkgreen\">Cookie settings.<\/button><\/div><iframe title=\"Asiantuntijat kertovat: Jussi Lindholm | Realian asunnonvuokrauspalvelut\" width=\"640\" height=\"360\" src=\"https:\/\/www.youtube.com\/embed\/8TeahA3Vj8M?feature=oembed\" frameborder=\"0\" allow=\"accelerometer; autoplay; clipboard-write; encrypted-media; gyroscope; picture-in-picture; web-share\" referrerpolicy=\"strict-origin-when-cross-origin\" allowfullscreen><\/iframe><\/div>                                                <div class=\"highlight-wrapper\">\n                            <div class=\"card card-promo ct-darkblue bg-darkblue\"><div class=\"h4 card-title\">Asiantuntijat kertovat: Jussi Lindholm | Realian asunnonvuokrauspalvelut<\/div>\n<\/div>                        <\/div>\n                                            <\/div>\n                <\/div>\n            <\/div>\n        <\/div>\n    <\/div>\n<\/section>\n\n\n\n<section id=\"acf-block-67b81f7aec000\"    class=\"block block-image-and-content container-fluid ct-lightblue bg-lightblue has-bg-pattern\">\n    <div class=\"container\">\n        <div class=\"row justify-content-between\">\n            <div class=\"col-12 col-lg-6  img-col\">\n                <div class=\"wp-block-image\">\n                    <div class=\"alignleft\"><\/div>\n                <\/div>\n            <\/div>\n            <div class=\"col-12 col-lg-5\">\n                <main class=\"entry-content\">\n                    \n\n<h3 class=\"wp-block-heading\">Ennakointi, kokemus ja rautainen ammattitaito tukenasi<\/h3>\n\n\n\n<p>Ennakointi on avain siihen, ettei asuntoihinne p\u00e4\u00e4se syntym\u00e4\u00e4n tyhj\u00e4k\u00e4ynti\u00e4 tai pitk\u00e4aikaisia kysynn\u00e4n haasteita. Valtakunnallisena kiinteist\u00f6alan toimijana meill\u00e4 on n\u00e4kym\u00e4 sek\u00e4 vuokra- ett\u00e4 omistusasuntojen markkinaan koko Suomessa. Asuntonne p\u00e4rj\u00e4\u00e4v\u00e4t kilpailussa asukkaista, kun reagoimme markkinan muutoksiin jo ennalta.<\/p>\n\n\n\n<p>Kokeneet, koulutetut ja ammattitaitoiset vuokrav\u00e4litt\u00e4j\u00e4mme tuntevat oman alueensa osamarkkinan ja sen liikkeet. N\u00e4in voimme auttaa m\u00e4\u00e4ritt\u00e4m\u00e4\u00e4n kilpailukykyisen vuokratason, joka pit\u00e4\u00e4 asuntonne haluttuina ja tuotot korkeina. Asuntovuokrauksen ammattilaistemme paikallistuntemus auttaa my\u00f6s tekem\u00e4\u00e4n oikeita p\u00e4\u00e4t\u00f6ksi\u00e4, kun vuokrattavuutta on tarpeen edist\u00e4\u00e4.<\/p>\n\n\n\n<p>Retta Asuntovuokraus&nbsp;on vuokra-asujien keskuudessa tunnettu ja luotettu br\u00e4ndi, jonka verkkosivut houkuttelevat 70 000 k\u00e4vij\u00e4\u00e4 kuukausittain.<\/p>\n\n\n                <\/main>\n            <\/div>\n        <\/div>\n    <\/div>\n<\/section>\n\n<section id=\"acf-block-67b81f7aec017\" class=\"block block-image-or-embed container-fluid\">\n    <div class=\"container\">\n        <div class=\"row\">\n            <div class=\"col-12 col-lg-8 offset-lg-2 col-hd-6 offset-hd-3\">\n                <div class=\"wp-block-embed\">\n                    <div class=\"alignleft block-content\">\n                        <div style=\"height: 100%;\" class=\"oembed oembed-youtube\"><div class=\"ID-cookie-consent-overlay has-bg-pattern bg-darkgreen hidden\"><p>You have not accepted targeting cookies. To see the video, change your settings.<\/p><button id=\"ot-sdk-btn\" class=\"ot-sdk-show-settings button ct-darkgreen\">Cookie settings.<\/button><\/div><iframe title=\"Asiantuntijat kertovat: Sari Sepp\u00e4nen | Palvelut asuntojen suuromistajille\" width=\"640\" height=\"360\" src=\"https:\/\/www.youtube.com\/embed\/q023HUNSBEI?feature=oembed\" frameborder=\"0\" allow=\"accelerometer; autoplay; clipboard-write; encrypted-media; gyroscope; picture-in-picture; web-share\" referrerpolicy=\"strict-origin-when-cross-origin\" allowfullscreen><\/iframe><\/div>                                                <div class=\"highlight-wrapper\">\n                            <div class=\"card card-promo ct-darkblue bg-darkblue\"><div class=\"h4 card-title\">Retta Managementin asiakkuusp\u00e4\u00e4llikk\u00f6 Sari Sepp\u00e4nen kertoo, mit\u00e4 palveluita Retta tarjoaa asuntojen suuromistajille.<\/div>\n<\/div>                        <\/div>\n                                            <\/div>\n                <\/div>\n            <\/div>\n        <\/div>\n    <\/div>\n<\/section>\n\n\n\n\n\n<section id=\"acf-block-67b81f7aec032\"    class=\"block block-image-and-content container-fluid default-bg has-bg-pattern\">\n    <div class=\"container\">\n        <div class=\"row justify-content-between\">\n            <div class=\"col-12 col-lg-6  img-col\">\n                <div class=\"wp-block-image\">\n                    <div class=\"alignleft\"><img decoding=\"async\" src=\"https:\/\/retta.fi\/wp-content\/uploads\/2022\/07\/nainen-tabletin-kanssa.jpg\" width=\"864\" height=\"576\" alt=\"nainen-tabletin-kanssa.\" loading=\"lazy\"><\/div>\n                <\/div>\n            <\/div>\n            <div class=\"col-12 col-lg-5\">\n                <main class=\"entry-content\">\n                    \n\n<h3 class=\"wp-block-heading\">Would you like to know more about property portfolio leasing services?<\/h3>\n\n\n\n<p>Fill out the form and our residential leasing experts will contact you.<\/p>\n\n\n\n\n\n<p><\/p>\n\n\n\n<p>By submitting this form you confirm that you have read the\u00a0<a href=\"https:\/\/www.rettamanagement.fi\/en\/tietosuojaseloste\" target=\"_blank\" rel=\"noopener noreferrer nofollow\">data protection description<\/a>\u00a0and you approve the use of your personal information according to the data protection description.<\/p>\n\n\n                <\/main>\n            <\/div>\n        <\/div>\n    <\/div>\n<\/section>\n\n","protected":false},"excerpt":{"rendered":"","protected":false},"author":31,"featured_media":0,"parent":0,"menu_order":0,"comment_status":"closed","ping_status":"closed","template":"","meta":{"_acf_changed":false,"_relevanssi_hide_post":"","_relevanssi_hide_content":"","_relevanssi_pin_for_all":"","_relevanssi_pin_keywords":"","_relevanssi_unpin_keywords":"","_relevanssi_related_keywords":"","_relevanssi_related_include_ids":"","_relevanssi_related_exclude_ids":"","_relevanssi_related_no_append":"","_relevanssi_related_not_related":"","_relevanssi_related_posts":"","_relevanssi_noindex_reason":"","footnotes":""},"class_list":["post-7814","page","type-page","status-publish","hentry"],"acf":[],"yoast_head":"<!-- This site is optimized with the Yoast SEO plugin v27.1.1 - https:\/\/yoast.com\/product\/yoast-seo-wordpress\/ -->\n<title>Residential leasing - Retta<\/title>\n<meta name=\"description\" content=\"The apartment rental offered by Retta helps in determining the rent level and in the search for a suitable tenant. Read more!\" \/>\n<meta name=\"robots\" content=\"index, follow, max-snippet:-1, max-image-preview:large, max-video-preview:-1\" \/>\n<link rel=\"canonical\" href=\"https:\/\/retta.fi\/en\/residential-leasing\/\" \/>\n<meta property=\"og:locale\" content=\"en_US\" \/>\n<meta property=\"og:type\" content=\"article\" \/>\n<meta property=\"og:title\" content=\"Residential leasing - Retta\" \/>\n<meta property=\"og:description\" content=\"The apartment rental offered by Retta helps in determining the rent level and in the search for a suitable tenant. Read more!\" \/>\n<meta property=\"og:url\" content=\"https:\/\/retta.fi\/en\/residential-leasing\/\" \/>\n<meta property=\"og:site_name\" content=\"Retta\" \/>\n<meta property=\"article:modified_time\" content=\"2025-02-21T06:38:50+00:00\" \/>\n<meta property=\"og:image\" content=\"https:\/\/retta.fi\/wp-content\/uploads\/2022\/04\/retta_somejako.png\" \/>\n\t<meta property=\"og:image:width\" content=\"1200\" \/>\n\t<meta property=\"og:image:height\" content=\"630\" \/>\n\t<meta property=\"og:image:type\" content=\"image\/png\" \/>\n<meta name=\"twitter:card\" content=\"summary_large_image\" \/>\n<script type=\"application\/ld+json\" class=\"yoast-schema-graph\">{\"@context\":\"https:\/\/schema.org\",\"@graph\":[{\"@type\":\"WebPage\",\"@id\":\"https:\/\/retta.fi\/en\/residential-leasing\/\",\"url\":\"https:\/\/retta.fi\/en\/residential-leasing\/\",\"name\":\"Residential leasing - Retta\",\"isPartOf\":{\"@id\":\"https:\/\/retta.fi\/en\/#website\"},\"datePublished\":\"2022-07-19T11:44:36+00:00\",\"dateModified\":\"2025-02-21T06:38:50+00:00\",\"description\":\"The apartment rental offered by Retta helps in determining the rent level and in the search for a suitable tenant. Read more!\",\"breadcrumb\":{\"@id\":\"https:\/\/retta.fi\/en\/residential-leasing\/#breadcrumb\"},\"inLanguage\":\"en-US\",\"potentialAction\":[{\"@type\":\"ReadAction\",\"target\":[\"https:\/\/retta.fi\/en\/residential-leasing\/\"]}]},{\"@type\":\"BreadcrumbList\",\"@id\":\"https:\/\/retta.fi\/en\/residential-leasing\/#breadcrumb\",\"itemListElement\":[{\"@type\":\"ListItem\",\"position\":1,\"name\":\"Home\",\"item\":\"https:\/\/retta.fi\/en\/\"},{\"@type\":\"ListItem\",\"position\":2,\"name\":\"Residential leasing\"}]},{\"@type\":\"WebSite\",\"@id\":\"https:\/\/retta.fi\/en\/#website\",\"url\":\"https:\/\/retta.fi\/en\/\",\"name\":\"Retta\",\"description\":\"\",\"publisher\":{\"@id\":\"https:\/\/retta.fi\/en\/#organization\"},\"potentialAction\":[{\"@type\":\"SearchAction\",\"target\":{\"@type\":\"EntryPoint\",\"urlTemplate\":\"https:\/\/retta.fi\/en\/?s={search_term_string}\"},\"query-input\":{\"@type\":\"PropertyValueSpecification\",\"valueRequired\":true,\"valueName\":\"search_term_string\"}}],\"inLanguage\":\"en-US\"},{\"@type\":\"Organization\",\"@id\":\"https:\/\/retta.fi\/en\/#organization\",\"name\":\"Retta\",\"url\":\"https:\/\/retta.fi\/en\/\",\"logo\":{\"@type\":\"ImageObject\",\"inLanguage\":\"en-US\",\"@id\":\"https:\/\/retta.fi\/en\/#\/schema\/logo\/image\/\",\"url\":\"https:\/\/retta.fi\/wp-content\/uploads\/2022\/04\/retta_somejako.png\",\"contentUrl\":\"https:\/\/retta.fi\/wp-content\/uploads\/2022\/04\/retta_somejako.png\",\"width\":1200,\"height\":630,\"caption\":\"Retta\"},\"image\":{\"@id\":\"https:\/\/retta.fi\/en\/#\/schema\/logo\/image\/\"}}]}<\/script>\n<!-- \/ Yoast SEO plugin. -->","yoast_head_json":{"title":"Residential leasing - Retta","description":"The apartment rental offered by Retta helps in determining the rent level and in the search for a suitable tenant. Read more!","robots":{"index":"index","follow":"follow","max-snippet":"max-snippet:-1","max-image-preview":"max-image-preview:large","max-video-preview":"max-video-preview:-1"},"canonical":"https:\/\/retta.fi\/en\/residential-leasing\/","og_locale":"en_US","og_type":"article","og_title":"Residential leasing - Retta","og_description":"The apartment rental offered by Retta helps in determining the rent level and in the search for a suitable tenant. Read more!","og_url":"https:\/\/retta.fi\/en\/residential-leasing\/","og_site_name":"Retta","article_modified_time":"2025-02-21T06:38:50+00:00","og_image":[{"width":1200,"height":630,"url":"https:\/\/retta.fi\/wp-content\/uploads\/2022\/04\/retta_somejako.png","type":"image\/png"}],"twitter_card":"summary_large_image","schema":{"@context":"https:\/\/schema.org","@graph":[{"@type":"WebPage","@id":"https:\/\/retta.fi\/en\/residential-leasing\/","url":"https:\/\/retta.fi\/en\/residential-leasing\/","name":"Residential leasing - Retta","isPartOf":{"@id":"https:\/\/retta.fi\/en\/#website"},"datePublished":"2022-07-19T11:44:36+00:00","dateModified":"2025-02-21T06:38:50+00:00","description":"The apartment rental offered by Retta helps in determining the rent level and in the search for a suitable tenant. Read more!","breadcrumb":{"@id":"https:\/\/retta.fi\/en\/residential-leasing\/#breadcrumb"},"inLanguage":"en-US","potentialAction":[{"@type":"ReadAction","target":["https:\/\/retta.fi\/en\/residential-leasing\/"]}]},{"@type":"BreadcrumbList","@id":"https:\/\/retta.fi\/en\/residential-leasing\/#breadcrumb","itemListElement":[{"@type":"ListItem","position":1,"name":"Home","item":"https:\/\/retta.fi\/en\/"},{"@type":"ListItem","position":2,"name":"Residential leasing"}]},{"@type":"WebSite","@id":"https:\/\/retta.fi\/en\/#website","url":"https:\/\/retta.fi\/en\/","name":"Retta","description":"","publisher":{"@id":"https:\/\/retta.fi\/en\/#organization"},"potentialAction":[{"@type":"SearchAction","target":{"@type":"EntryPoint","urlTemplate":"https:\/\/retta.fi\/en\/?s={search_term_string}"},"query-input":{"@type":"PropertyValueSpecification","valueRequired":true,"valueName":"search_term_string"}}],"inLanguage":"en-US"},{"@type":"Organization","@id":"https:\/\/retta.fi\/en\/#organization","name":"Retta","url":"https:\/\/retta.fi\/en\/","logo":{"@type":"ImageObject","inLanguage":"en-US","@id":"https:\/\/retta.fi\/en\/#\/schema\/logo\/image\/","url":"https:\/\/retta.fi\/wp-content\/uploads\/2022\/04\/retta_somejako.png","contentUrl":"https:\/\/retta.fi\/wp-content\/uploads\/2022\/04\/retta_somejako.png","width":1200,"height":630,"caption":"Retta"},"image":{"@id":"https:\/\/retta.fi\/en\/#\/schema\/logo\/image\/"}}]}},"_links":{"self":[{"href":"https:\/\/retta.fi\/en\/wp-json\/wp\/v2\/pages\/7814","targetHints":{"allow":["GET"]}}],"collection":[{"href":"https:\/\/retta.fi\/en\/wp-json\/wp\/v2\/pages"}],"about":[{"href":"https:\/\/retta.fi\/en\/wp-json\/wp\/v2\/types\/page"}],"author":[{"embeddable":true,"href":"https:\/\/retta.fi\/en\/wp-json\/wp\/v2\/users\/31"}],"replies":[{"embeddable":true,"href":"https:\/\/retta.fi\/en\/wp-json\/wp\/v2\/comments?post=7814"}],"version-history":[{"count":7,"href":"https:\/\/retta.fi\/en\/wp-json\/wp\/v2\/pages\/7814\/revisions"}],"predecessor-version":[{"id":46748,"href":"https:\/\/retta.fi\/en\/wp-json\/wp\/v2\/pages\/7814\/revisions\/46748"}],"wp:attachment":[{"href":"https:\/\/retta.fi\/en\/wp-json\/wp\/v2\/media?parent=7814"}],"curies":[{"name":"wp","href":"https:\/\/api.w.org\/{rel}","templated":true}]}}