{"id":7681,"date":"2022-07-18T11:09:04","date_gmt":"2022-07-18T08:09:04","guid":{"rendered":"https:\/\/retta.fi\/?page_id=7681"},"modified":"2024-12-18T09:16:33","modified_gmt":"2024-12-18T07:16:33","slug":"xxx","status":"publish","type":"page","link":"https:\/\/retta.fi\/en\/xxx\/","title":{"rendered":"xxx"},"content":{"rendered":"<section id=\"acf-block-669a3f27e2569\" class=\"block block-hero container-fluid ct-darkgreen bg-darkgreen \">\n        <div class=\"container\">\n        <div class=\"row\">\n            <div class=\"col-12 col-lg-8 hero-content-col\">\n                <div class=\"hero-content\">\n                    \n\n<h1 class=\"wp-block-heading\">Retta Management&#8217;s expert services for responsible and profitable real estate business<\/h1>\n\n\n                <\/div>\n            <\/div>\n        <\/div>\n    <\/div>\n<\/section>\n\n\n\n<section id=\"acf-block-669a3f27e2590\" class=\"block block-content-wrapper container-fluid container-fluid \">\n    <div class=\"container\">\n        <div class=\"row\">\n            <div class=\"col-12 col-lg-8 offset-lg-2 col-hd-6 offset-hd-3\">\n                <main class=\"entry-content\">\n                    \n\n<p><\/p>\n\n\n\n<p><strong>The most important task of Retta Management is to take care of your real estate assets and to ensure that the revenue targets set for them are met. We manage your assets as if they were our own and help you make decisions that will continue to favourably develop the value of your properties in a favourable direction.<\/strong><\/p>\n\n\n\n<ul class=\"wp-block-list\">\n<li>National service offering for real estate management, rent brokering and management<\/li>\n\n\n\n<li>Active proposals for the development of your real estate assets<\/li>\n\n\n\n<li>Real-time view of real estate space with the most modern digital solutions in the industry<\/li>\n<\/ul>\n\n\n\n<p><\/p>\n\n\n                <\/main>\n            <\/div>\n        <\/div>\n    <\/div>\n<\/section>\n\n\n<section id=\"acf-block-669a3f27e26d3\"    class=\"block block-image-and-content container-fluid ct-beige bg-beige \">\n    <div class=\"container\">\n        <div class=\"row justify-content-between\">\n            <div class=\"col-12 col-lg-6  img-col\">\n                <div class=\"wp-block-image\">\n                    <div class=\"alignleft\"><img decoding=\"async\" src=\"https:\/\/retta.fi\/wp-content\/uploads\/2022\/06\/Realia-0588-small-web.png\" width=\"864\" height=\"576\" alt=\"Ty\u00f6paikkailmoituksen kuvituskuva - Toimistois\u00e4nn\u00f6itsij\u00e4 Lahteen\" loading=\"lazy\"><\/div>\n                <\/div>\n            <\/div>\n            <div class=\"col-12 col-lg-5\">\n                <main class=\"entry-content\">\n                    \n\n<h2 class=\"wp-block-heading\">Careful maintenance today \u2013 and a strong look to the future<\/h2>\n\n\n\n<p>The cornerstone of successful property management is ensuring the maintenance and functionality of the properties in a timely, high-quality and cost-effective manner. On top of that, we build development templates with you to keep the future value and return on your assets high. Among other things, we will assist you towards carbon neutrality in real estate.<\/p>\n\n\n\n<h3 class=\"wp-block-heading\">Seamless everyday life for your property tenants<\/h3>\n\n\n\n<p>The occupancy rate of real estate remains high when tenants are satisfied \u2013 whether they are consumers or businesses. We take care of good conditions and smooth everyday life in the property to ensure that the user does not have to worry about them.&nbsp;<\/p>\n\n\n\n<p>Our mission is to provide the best customer service in the real estate industry for you and your tenants.<\/p>\n\n\n\n<h3 class=\"wp-block-heading\">Developing better and better services with agility<\/h3>\n\n\n\n<p>We invest heavily in developing our services based on the real needs of our customers. As a Finnish company operating in Finland, we are free to develop our operations agilely and to conduct experiments that benefit our customers regionally and nationally. The cornerstone of our development is working together \u2013 both among real people and customers.<\/p>\n\n\n                <\/main>\n            <\/div>\n        <\/div>\n    <\/div>\n<\/section>\n\n\n<section id=\"acf-block-669a3f27e26f9\"    class=\"block block-image-and-content container-fluid ct-beige bg-beige has-bg-pattern\">\n    <div class=\"container\">\n        <div class=\"row justify-content-between\">\n            <div class=\"col-12 col-lg-6  img-col\">\n                <div class=\"wp-block-image\">\n                    <div class=\"alignleft\"><img decoding=\"async\" src=\"https:\/\/retta.fi\/wp-content\/uploads\/2022\/05\/minnatoiviainen_nimitysuutiseen_rg-sivuille.jpg\" width=\"780\" height=\"390\" alt=\"Minna Toiviainen Retta Managementin liiketoimintajohtajaksi\" loading=\"lazy\"><\/div>\n                <\/div>\n            <\/div>\n            <div class=\"col-12 col-lg-5\">\n                <main class=\"entry-content\">\n                    \n\n<p>\u201cThe real estate business is not just about buildings, it is about people, whether they are talking about homes or shared work spaces. The human being is the most important part, and the walls are the backdrop. Functional basic functionalities ensure that the space inspires well-being and innovation at its best.\u201d&nbsp;<\/p>\n\n\n\n<p><strong>Minna Toiviainen, Business Director, Retta Management<\/strong><\/p>\n\n\n                <\/main>\n            <\/div>\n        <\/div>\n    <\/div>\n<\/section>\n\n\n<section id=\"acf-block-669a3f27e2703\" class=\"block block-content-wrapper container-fluid container-fluid \">\n    <div class=\"container\">\n        <div class=\"row\">\n            <div class=\"col-12 col-lg-8 offset-lg-2 col-hd-6 offset-hd-3\">\n                <main class=\"entry-content\">\n                    \n\n<h1 class=\"wp-block-heading\"><strong>Retta Management offers extensive expert services and expert networks for all the different needs of property management.<\/strong><\/h1>\n\n\n\n<ul class=\"wp-block-list\"><li><a href=\"https:\/\/www.rettamanagement.fi\/palvelut\/toimitilojen-kiinteistojohtamispalvelut\" target=\"_blank\" rel=\"noopener noreferrer nofollow\"><a href=\"https:\/\/www.rettamanagement.fi\/en\/property-management-services-commercial-properties\" target=\"_blank\" rel=\"noopener noreferrer nofollow\">Property management services commercial properties<\/a><\/a><\/li><li><a href=\"https:\/\/www.rettamanagement.fi\/palvelut\/asuntojen-kiinteistojohtamispalvelut\" target=\"_blank\" rel=\"noopener noreferrer nofollow\"><a href=\"https:\/\/www.rettamanagement.fi\/en\/real-estate-management-services-residential-properties\" target=\"_blank\" rel=\"noopener noreferrer nofollow\">Property management services for residential buildings<\/a><\/a><\/li><li><a href=\"https:\/\/www.rettamanagement.fi\/palvelut\/kiinteistoomaisuuden-ja-vuokrauksen-taloushallintopalvelut\" target=\"_blank\" rel=\"noopener noreferrer nofollow\"><a href=\"https:\/\/www.rettamanagement.fi\/en\/financial-management-services\" target=\"_blank\" rel=\"noopener noreferrer nofollow\">Financial management services<\/a><\/a><\/li><li><a href=\"https:\/\/www.rettamanagement.fi\/palvelut\/energiapalvelut-kiinteistojen-omistajille-ja-kayttajille\" target=\"_blank\" rel=\"noopener noreferrer nofollow\"><a href=\"https:\/\/www.rettamanagement.fi\/en\/energy-services-owners-and-users-real-estate-properties\" target=\"_blank\" rel=\"noopener noreferrer nofollow\">Energy management services<\/a><\/a><\/li><li><a href=\"https:\/\/www.rettamanagement.fi\/palvelut\/rakennuttamispalvelut-kiinteistojen-omistajille\" target=\"_blank\" rel=\"noopener noreferrer nofollow\"><a href=\"https:\/\/www.rettamanagement.fi\/en\/construction-contracting-and-project-management-services\" target=\"_blank\" rel=\"noopener noreferrer nofollow\">Project management and construction services<\/a><\/a><\/li><li><a href=\"https:\/\/www.rettamanagement.fi\/en\/valuation-services\" target=\"_blank\" rel=\"noopener noreferrer nofollow\">Valuation services<\/a><\/li><li><a href=\"https:\/\/www.rettamanagement.fi\/asuntovuokraus\" target=\"_blank\" rel=\"noopener noreferrer nofollow\"><a href=\"https:\/\/www.rettamanagement.fi\/en\/residential-leasing\" target=\"_blank\" rel=\"noopener noreferrer nofollow\">Residential leasing<\/a><\/a><\/li><li><a href=\"https:\/\/www.rettamanagement.fi\/palvelut\/toimitilavuokraus\" target=\"_blank\" rel=\"noopener noreferrer nofollow\"><a href=\"https:\/\/www.rettamanagement.fi\/en\/services\/property-management-services-commercial-properties\" target=\"_blank\" rel=\"noopener noreferrer nofollow\">Business Park management<\/a><\/a><\/li><li><a href=\"https:\/\/www.rettamanagement.fi\/en\/services\/property-management-services-commercial-properties\" target=\"_blank\" rel=\"noopener noreferrer nofollow\">Leasing of commercial properties<\/a><\/li><\/ul>\n\n\n\n<p><\/p>\n\n\n                <\/main>\n            <\/div>\n        <\/div>\n    <\/div>\n<\/section>\n\n\n<section id=\"acf-block-669a3f27e2743\"    class=\"block block-image-and-content container-fluid ct-beige bg-beige \">\n    <div class=\"container\">\n        <div class=\"row justify-content-between\">\n            <div class=\"col-12 col-lg-6  img-col\">\n                <div class=\"wp-block-image\">\n                    <div class=\"alignleft\"><img decoding=\"async\" src=\"https:\/\/retta.fi\/wp-content\/uploads\/2022\/06\/Nainen-ja-mies-kavelevat-neuvottelevat-ja-kavelevat-hienossa-toimitilassa-retta.jpg\" width=\"864\" height=\"557\" alt=\"Nainen ja mies k\u00e4velev\u00e4t neuvottelevat ja k\u00e4velev\u00e4t hienossa toimitilassa retta\" loading=\"lazy\"><\/div>\n                <\/div>\n            <\/div>\n            <div class=\"col-12 col-lg-5\">\n                <main class=\"entry-content\">\n                    \n\n<h2 class=\"wp-block-heading\">Quality policy<\/h2>\n\n\n\n<p><em>\u201cOur mission is to provide the best customer service in the real estate business\u201d<\/em><\/p>\n\n\n\n<p>For us quality means providing the right services at the correct time for the customer\u2019s changing needs.&nbsp; Central to our operation is understanding&nbsp; and meeting the customer\u2019s needs as well as the on-going development of our methods of action and our service selection.&nbsp;<\/p>\n\n\n\n<p>The development work of our company is based on continuous monitoring and improving our operations in accordance to the changes, goals, requirements and regulations set by our industry and our customers. We are committed to meeting these recognized needs in all our activities.&nbsp; Our operation is guided by ethical guidelines that both our staff and our suppliers are bound by.<\/p>\n\n\n\n<p>Each Retta Management employee is responsible for the quality of their work, whether that work is done independently or together with others.<\/p>\n\n\n\n<p><strong>Quality goals<\/strong><\/p>\n\n\n\n<ul class=\"wp-block-list\">\n<li>To meet the goals of our assignment contracts and\u00a0 our customers\u2019 needs\u00a0<\/li>\n\n\n\n<li>The appropriateness of our services and the correct timing<\/li>\n\n\n\n<li>The continued development of our customer relationships, ways of operation, documentation and services on the basis of observed changes and needs<\/li>\n\n\n\n<li>Achieving our set financial and strategic goals\u00a0<\/li>\n<\/ul>\n\n\n\n<p>The fulfilment of our quality goals is constantly monitored by named persons responsible for those goals, regularly in management groups and in the yearly management surveys. The achievement of our goals is also measured by regularly conducted customer and employee surveys.<\/p>\n\n\n                <\/main>\n            <\/div>\n        <\/div>\n    <\/div>\n<\/section>","protected":false},"excerpt":{"rendered":"","protected":false},"author":31,"featured_media":0,"parent":0,"menu_order":0,"comment_status":"closed","ping_status":"closed","template":"","meta":{"_acf_changed":false,"_relevanssi_hide_post":"","_relevanssi_hide_content":"","_relevanssi_pin_for_all":"","_relevanssi_pin_keywords":"","_relevanssi_unpin_keywords":"","_relevanssi_related_keywords":"","_relevanssi_related_include_ids":"","_relevanssi_related_exclude_ids":"","_relevanssi_related_no_append":"","_relevanssi_related_not_related":"","_relevanssi_related_posts":"35898,40617,29443,41079,31414,29440","_relevanssi_noindex_reason":"","footnotes":""},"class_list":["post-7681","page","type-page","status-publish","hentry"],"acf":[],"yoast_head":"<!-- This site is optimized with the Yoast SEO plugin v27.1.1 - https:\/\/yoast.com\/product\/yoast-seo-wordpress\/ -->\n<title>Our expert services - Retta Management<\/title>\n<meta name=\"description\" content=\"Expert services are an integral part of the services offered by Retta Management. Read more about property management expert services!\" \/>\n<meta name=\"robots\" content=\"index, follow, max-snippet:-1, max-image-preview:large, max-video-preview:-1\" \/>\n<link rel=\"canonical\" href=\"https:\/\/retta.fi\/en\/xxx\/\" \/>\n<meta property=\"og:locale\" content=\"en_US\" \/>\n<meta property=\"og:type\" content=\"article\" \/>\n<meta property=\"og:title\" content=\"Our expert services - Retta Management\" \/>\n<meta property=\"og:description\" content=\"Expert services are an integral part of the services offered by Retta Management. Read more about property management expert services!\" \/>\n<meta property=\"og:url\" content=\"https:\/\/retta.fi\/en\/xxx\/\" \/>\n<meta property=\"og:site_name\" content=\"Retta\" \/>\n<meta property=\"article:modified_time\" content=\"2024-12-18T07:16:33+00:00\" \/>\n<meta property=\"og:image\" content=\"https:\/\/retta.fi\/wp-content\/uploads\/2022\/04\/retta_somejako.png\" \/>\n\t<meta property=\"og:image:width\" content=\"1200\" \/>\n\t<meta property=\"og:image:height\" content=\"630\" \/>\n\t<meta property=\"og:image:type\" content=\"image\/png\" \/>\n<meta name=\"twitter:card\" content=\"summary_large_image\" \/>\n<script type=\"application\/ld+json\" class=\"yoast-schema-graph\">{\"@context\":\"https:\/\/schema.org\",\"@graph\":[{\"@type\":\"WebPage\",\"@id\":\"https:\/\/retta.fi\/en\/xxx\/\",\"url\":\"https:\/\/retta.fi\/en\/xxx\/\",\"name\":\"Our expert services - Retta Management\",\"isPartOf\":{\"@id\":\"https:\/\/retta.fi\/en\/#website\"},\"datePublished\":\"2022-07-18T08:09:04+00:00\",\"dateModified\":\"2024-12-18T07:16:33+00:00\",\"description\":\"Expert services are an integral part of the services offered by Retta Management. Read more about property management expert services!\",\"breadcrumb\":{\"@id\":\"https:\/\/retta.fi\/en\/xxx\/#breadcrumb\"},\"inLanguage\":\"en-US\",\"potentialAction\":[{\"@type\":\"ReadAction\",\"target\":[\"https:\/\/retta.fi\/en\/xxx\/\"]}]},{\"@type\":\"BreadcrumbList\",\"@id\":\"https:\/\/retta.fi\/en\/xxx\/#breadcrumb\",\"itemListElement\":[{\"@type\":\"ListItem\",\"position\":1,\"name\":\"Home\",\"item\":\"https:\/\/retta.fi\/en\/\"},{\"@type\":\"ListItem\",\"position\":2,\"name\":\"xxx\"}]},{\"@type\":\"WebSite\",\"@id\":\"https:\/\/retta.fi\/en\/#website\",\"url\":\"https:\/\/retta.fi\/en\/\",\"name\":\"Retta\",\"description\":\"\",\"publisher\":{\"@id\":\"https:\/\/retta.fi\/en\/#organization\"},\"potentialAction\":[{\"@type\":\"SearchAction\",\"target\":{\"@type\":\"EntryPoint\",\"urlTemplate\":\"https:\/\/retta.fi\/en\/?s={search_term_string}\"},\"query-input\":{\"@type\":\"PropertyValueSpecification\",\"valueRequired\":true,\"valueName\":\"search_term_string\"}}],\"inLanguage\":\"en-US\"},{\"@type\":\"Organization\",\"@id\":\"https:\/\/retta.fi\/en\/#organization\",\"name\":\"Retta\",\"url\":\"https:\/\/retta.fi\/en\/\",\"logo\":{\"@type\":\"ImageObject\",\"inLanguage\":\"en-US\",\"@id\":\"https:\/\/retta.fi\/en\/#\/schema\/logo\/image\/\",\"url\":\"https:\/\/retta.fi\/wp-content\/uploads\/2022\/04\/retta_somejako.png\",\"contentUrl\":\"https:\/\/retta.fi\/wp-content\/uploads\/2022\/04\/retta_somejako.png\",\"width\":1200,\"height\":630,\"caption\":\"Retta\"},\"image\":{\"@id\":\"https:\/\/retta.fi\/en\/#\/schema\/logo\/image\/\"}}]}<\/script>\n<!-- \/ Yoast SEO plugin. -->","yoast_head_json":{"title":"Our expert services - Retta Management","description":"Expert services are an integral part of the services offered by Retta Management. Read more about property management expert services!","robots":{"index":"index","follow":"follow","max-snippet":"max-snippet:-1","max-image-preview":"max-image-preview:large","max-video-preview":"max-video-preview:-1"},"canonical":"https:\/\/retta.fi\/en\/xxx\/","og_locale":"en_US","og_type":"article","og_title":"Our expert services - Retta Management","og_description":"Expert services are an integral part of the services offered by Retta Management. Read more about property management expert services!","og_url":"https:\/\/retta.fi\/en\/xxx\/","og_site_name":"Retta","article_modified_time":"2024-12-18T07:16:33+00:00","og_image":[{"width":1200,"height":630,"url":"https:\/\/retta.fi\/wp-content\/uploads\/2022\/04\/retta_somejako.png","type":"image\/png"}],"twitter_card":"summary_large_image","schema":{"@context":"https:\/\/schema.org","@graph":[{"@type":"WebPage","@id":"https:\/\/retta.fi\/en\/xxx\/","url":"https:\/\/retta.fi\/en\/xxx\/","name":"Our expert services - Retta Management","isPartOf":{"@id":"https:\/\/retta.fi\/en\/#website"},"datePublished":"2022-07-18T08:09:04+00:00","dateModified":"2024-12-18T07:16:33+00:00","description":"Expert services are an integral part of the services offered by Retta Management. Read more about property management expert services!","breadcrumb":{"@id":"https:\/\/retta.fi\/en\/xxx\/#breadcrumb"},"inLanguage":"en-US","potentialAction":[{"@type":"ReadAction","target":["https:\/\/retta.fi\/en\/xxx\/"]}]},{"@type":"BreadcrumbList","@id":"https:\/\/retta.fi\/en\/xxx\/#breadcrumb","itemListElement":[{"@type":"ListItem","position":1,"name":"Home","item":"https:\/\/retta.fi\/en\/"},{"@type":"ListItem","position":2,"name":"xxx"}]},{"@type":"WebSite","@id":"https:\/\/retta.fi\/en\/#website","url":"https:\/\/retta.fi\/en\/","name":"Retta","description":"","publisher":{"@id":"https:\/\/retta.fi\/en\/#organization"},"potentialAction":[{"@type":"SearchAction","target":{"@type":"EntryPoint","urlTemplate":"https:\/\/retta.fi\/en\/?s={search_term_string}"},"query-input":{"@type":"PropertyValueSpecification","valueRequired":true,"valueName":"search_term_string"}}],"inLanguage":"en-US"},{"@type":"Organization","@id":"https:\/\/retta.fi\/en\/#organization","name":"Retta","url":"https:\/\/retta.fi\/en\/","logo":{"@type":"ImageObject","inLanguage":"en-US","@id":"https:\/\/retta.fi\/en\/#\/schema\/logo\/image\/","url":"https:\/\/retta.fi\/wp-content\/uploads\/2022\/04\/retta_somejako.png","contentUrl":"https:\/\/retta.fi\/wp-content\/uploads\/2022\/04\/retta_somejako.png","width":1200,"height":630,"caption":"Retta"},"image":{"@id":"https:\/\/retta.fi\/en\/#\/schema\/logo\/image\/"}}]}},"_links":{"self":[{"href":"https:\/\/retta.fi\/en\/wp-json\/wp\/v2\/pages\/7681","targetHints":{"allow":["GET"]}}],"collection":[{"href":"https:\/\/retta.fi\/en\/wp-json\/wp\/v2\/pages"}],"about":[{"href":"https:\/\/retta.fi\/en\/wp-json\/wp\/v2\/types\/page"}],"author":[{"embeddable":true,"href":"https:\/\/retta.fi\/en\/wp-json\/wp\/v2\/users\/31"}],"replies":[{"embeddable":true,"href":"https:\/\/retta.fi\/en\/wp-json\/wp\/v2\/comments?post=7681"}],"version-history":[{"count":4,"href":"https:\/\/retta.fi\/en\/wp-json\/wp\/v2\/pages\/7681\/revisions"}],"predecessor-version":[{"id":44533,"href":"https:\/\/retta.fi\/en\/wp-json\/wp\/v2\/pages\/7681\/revisions\/44533"}],"wp:attachment":[{"href":"https:\/\/retta.fi\/en\/wp-json\/wp\/v2\/media?parent=7681"}],"curies":[{"name":"wp","href":"https:\/\/api.w.org\/{rel}","templated":true}]}}