{"id":491,"date":"2022-04-21T16:12:41","date_gmt":"2022-04-21T13:12:41","guid":{"rendered":"https:\/\/retta.fi\/yritys\/"},"modified":"2025-02-21T08:29:23","modified_gmt":"2025-02-21T06:29:23","slug":"who-we-are-and-what-we-believe-in","status":"publish","type":"page","link":"https:\/\/retta.fi\/en\/about-us\/who-we-are-and-what-we-believe-in\/","title":{"rendered":"Who we are and what we believe in"},"content":{"rendered":"<section id=\"acf-block-63b2b0a20570f\" class=\"block block-hero container-fluid ct-darkgreen bg-darkgreen \">\n        <div class=\"container\">\n        <div class=\"row\">\n            <div class=\"col-12 col-lg-8 hero-content-col\">\n                <div class=\"hero-content\">\n                    \n\n<h1 class=\"wp-block-heading\">Who we are and what we believe in.<\/h1>\n\n\n                <\/div>\n            <\/div>\n        <\/div>\n    <\/div>\n<\/section>\n\n\n\n<section id=\"acf-block-63b2b0a205745\" class=\"block block-two-innerblocks container-fluid default-bg \">\n    <div class=\"container\">\n        <div class=\"row justify-content-between\">\n            \n<div class=\"block-innerblocks-container-narrow col-12 col-lg-5 entry-content\">\n    \n\n<h2 class=\"wp-block-heading\"><img decoding=\"async\" width=\"800\" height=\"816\" class=\"wp-image-42850\" style=\"width: 800px;\" src=\"https:\/\/retta.fi\/wp-content\/uploads\/2024\/11\/Isannoinnin-missio-ja-visio-e1731929647477.png\" alt=\"\"><\/h2>\n\n\n<\/div>\n\n\n<div class=\"block-innerblocks-container col-12 col-lg-6 entry-content\">\n    \n\n<h3 class=\"wp-block-heading\" id=\"keita-me-olemme\">Our mission is to streamline everyday living<\/h3>\n\n\n\n<p>We make owning apartments and properties easier, more sustainable, profitable, and responsible.<\/p>\n\n\n\n<p><\/p>\n\n\n\n<h3 class=\"wp-block-heading\" id=\"keita-me-olemme\">Our vision is to be Finland&#8217;s most attractive and highest quality provider and developer of housing services.<\/h3>\n\n\n\n<p>We create innovative solutions and new services to offer the best living and working experiences for today and future generations.<\/p>\n\n\n\n<p><\/p>\n\n\n\n<p><\/p>\n\n\n\n<div class=\"wp-block-button\"><a class=\"wp-block-button__link has-darkgreen-background-color has-background wp-element-button\" href=\"https:\/\/retta.fi\/en\/?page_id=42352\">Explore our values<\/a><\/div>\n\n\n<\/div>\n\n        <\/div>\n    <\/div>\n<\/section>\n\n\n<section id=\"acf-block-673b27ff52c66\" class=\"block block-two-innerblocks container-fluid ct-darkgreen bg-darkgreen \">\n    <div class=\"container\">\n        <div class=\"row justify-content-between\">\n            \n<div class=\"block-innerblocks-container-narrow col-12 col-lg-5 entry-content\">\n    \n\n<h2 class=\"wp-block-heading\">We bring the purchasing power of 6,000 properties to your housing company.<\/h2>\n\n\n\n<p>With us, you get smooth property management services nationwide, locally, and digitally.<\/p>\n\n\n<\/div>\n\n\n<div class=\"block-innerblocks-container col-12 col-lg-6 entry-content\">\n    \n\n<p><br><img decoding=\"async\" class=\"wp-image-42855\" style=\"width: 900px;\" src=\"https:\/\/retta.fi\/wp-content\/uploads\/2024\/11\/50-vuotta_42-paikkakuntaa_600-isannoitsijaa.png\" alt=\"\"><\/p>\n\n\n\n<p><\/p>\n\n\n<\/div>\n\n        <\/div>\n    <\/div>\n<\/section>\n\n\n<div style=\"height:100px\" aria-hidden=\"true\" class=\"wp-block-spacer\"><\/div>\n","protected":false},"excerpt":{"rendered":"","protected":false},"author":31,"featured_media":0,"parent":42337,"menu_order":0,"comment_status":"closed","ping_status":"closed","template":"","meta":{"_acf_changed":false,"_relevanssi_hide_post":"","_relevanssi_hide_content":"","_relevanssi_pin_for_all":"","_relevanssi_pin_keywords":"","_relevanssi_unpin_keywords":"","_relevanssi_related_keywords":"","_relevanssi_related_include_ids":"","_relevanssi_related_exclude_ids":"","_relevanssi_related_no_append":"","_relevanssi_related_not_related":"","_relevanssi_related_posts":"1632,1630,1599,1617,1603,1619","_relevanssi_noindex_reason":"","footnotes":""},"class_list":["post-491","page","type-page","status-publish","hentry"],"acf":[],"yoast_head":"<!-- This site is optimized with the Yoast SEO plugin v27.1.1 - https:\/\/yoast.com\/product\/yoast-seo-wordpress\/ -->\n<title>Who we are and what we believe in - Retta<\/title>\n<meta name=\"description\" content=\"Olemme pohjoismainen kotien, kiinteist\u00f6jen ja toimitilojen v\u00e4litykseen sek\u00e4 hallintaan erikoistunut toimija.\" \/>\n<meta name=\"robots\" content=\"index, follow, max-snippet:-1, max-image-preview:large, max-video-preview:-1\" \/>\n<link rel=\"canonical\" href=\"https:\/\/retta.fi\/en\/about-us\/who-we-are-and-what-we-believe-in\/\" \/>\n<meta property=\"og:locale\" content=\"en_US\" \/>\n<meta property=\"og:type\" content=\"article\" \/>\n<meta property=\"og:title\" content=\"Who we are and what we believe in - Retta\" \/>\n<meta property=\"og:description\" content=\"Olemme pohjoismainen kotien, kiinteist\u00f6jen ja toimitilojen v\u00e4litykseen sek\u00e4 hallintaan erikoistunut toimija.\" \/>\n<meta property=\"og:url\" content=\"https:\/\/retta.fi\/en\/about-us\/who-we-are-and-what-we-believe-in\/\" \/>\n<meta property=\"og:site_name\" content=\"Retta\" \/>\n<meta property=\"article:modified_time\" content=\"2025-02-21T06:29:23+00:00\" \/>\n<meta property=\"og:image\" content=\"https:\/\/retta.fi\/wp-content\/uploads\/2024\/11\/Isannoinnin-missio-ja-visio-e1731929647477.png\" \/>\n\t<meta property=\"og:image:width\" content=\"300\" \/>\n\t<meta property=\"og:image:height\" content=\"306\" \/>\n\t<meta property=\"og:image:type\" content=\"image\/png\" \/>\n<meta name=\"twitter:card\" content=\"summary_large_image\" \/>\n<script type=\"application\/ld+json\" class=\"yoast-schema-graph\">{\"@context\":\"https:\/\/schema.org\",\"@graph\":[{\"@type\":\"WebPage\",\"@id\":\"https:\/\/retta.fi\/en\/about-us\/who-we-are-and-what-we-believe-in\/\",\"url\":\"https:\/\/retta.fi\/en\/about-us\/who-we-are-and-what-we-believe-in\/\",\"name\":\"Who we are and what we believe in - Retta\",\"isPartOf\":{\"@id\":\"https:\/\/retta.fi\/en\/#website\"},\"primaryImageOfPage\":{\"@id\":\"https:\/\/retta.fi\/en\/about-us\/who-we-are-and-what-we-believe-in\/#primaryimage\"},\"image\":{\"@id\":\"https:\/\/retta.fi\/en\/about-us\/who-we-are-and-what-we-believe-in\/#primaryimage\"},\"thumbnailUrl\":\"https:\/\/retta.fi\/wp-content\/uploads\/2024\/11\/Isannoinnin-missio-ja-visio-e1731929647477.png\",\"datePublished\":\"2022-04-21T13:12:41+00:00\",\"dateModified\":\"2025-02-21T06:29:23+00:00\",\"description\":\"Olemme pohjoismainen kotien, kiinteist\u00f6jen ja toimitilojen v\u00e4litykseen sek\u00e4 hallintaan erikoistunut toimija.\",\"breadcrumb\":{\"@id\":\"https:\/\/retta.fi\/en\/about-us\/who-we-are-and-what-we-believe-in\/#breadcrumb\"},\"inLanguage\":\"en-US\",\"potentialAction\":[{\"@type\":\"ReadAction\",\"target\":[\"https:\/\/retta.fi\/en\/about-us\/who-we-are-and-what-we-believe-in\/\"]}]},{\"@type\":\"ImageObject\",\"inLanguage\":\"en-US\",\"@id\":\"https:\/\/retta.fi\/en\/about-us\/who-we-are-and-what-we-believe-in\/#primaryimage\",\"url\":\"https:\/\/retta.fi\/wp-content\/uploads\/2024\/11\/Isannoinnin-missio-ja-visio-e1731929647477.png\",\"contentUrl\":\"https:\/\/retta.fi\/wp-content\/uploads\/2024\/11\/Isannoinnin-missio-ja-visio-e1731929647477.png\"},{\"@type\":\"BreadcrumbList\",\"@id\":\"https:\/\/retta.fi\/en\/about-us\/who-we-are-and-what-we-believe-in\/#breadcrumb\",\"itemListElement\":[{\"@type\":\"ListItem\",\"position\":1,\"name\":\"Home\",\"item\":\"https:\/\/retta.fi\/en\/\"},{\"@type\":\"ListItem\",\"position\":2,\"name\":\"About Us\",\"item\":\"https:\/\/retta.fi\/en\/about-us\/\"},{\"@type\":\"ListItem\",\"position\":3,\"name\":\"Who we are and what we believe in\"}]},{\"@type\":\"WebSite\",\"@id\":\"https:\/\/retta.fi\/en\/#website\",\"url\":\"https:\/\/retta.fi\/en\/\",\"name\":\"Retta\",\"description\":\"\",\"publisher\":{\"@id\":\"https:\/\/retta.fi\/en\/#organization\"},\"potentialAction\":[{\"@type\":\"SearchAction\",\"target\":{\"@type\":\"EntryPoint\",\"urlTemplate\":\"https:\/\/retta.fi\/en\/?s={search_term_string}\"},\"query-input\":{\"@type\":\"PropertyValueSpecification\",\"valueRequired\":true,\"valueName\":\"search_term_string\"}}],\"inLanguage\":\"en-US\"},{\"@type\":\"Organization\",\"@id\":\"https:\/\/retta.fi\/en\/#organization\",\"name\":\"Retta\",\"url\":\"https:\/\/retta.fi\/en\/\",\"logo\":{\"@type\":\"ImageObject\",\"inLanguage\":\"en-US\",\"@id\":\"https:\/\/retta.fi\/en\/#\/schema\/logo\/image\/\",\"url\":\"https:\/\/retta.fi\/wp-content\/uploads\/2022\/04\/retta_somejako.png\",\"contentUrl\":\"https:\/\/retta.fi\/wp-content\/uploads\/2022\/04\/retta_somejako.png\",\"width\":1200,\"height\":630,\"caption\":\"Retta\"},\"image\":{\"@id\":\"https:\/\/retta.fi\/en\/#\/schema\/logo\/image\/\"}}]}<\/script>\n<!-- \/ Yoast SEO plugin. -->","yoast_head_json":{"title":"Who we are and what we believe in - Retta","description":"Olemme pohjoismainen kotien, kiinteist\u00f6jen ja toimitilojen v\u00e4litykseen sek\u00e4 hallintaan erikoistunut toimija.","robots":{"index":"index","follow":"follow","max-snippet":"max-snippet:-1","max-image-preview":"max-image-preview:large","max-video-preview":"max-video-preview:-1"},"canonical":"https:\/\/retta.fi\/en\/about-us\/who-we-are-and-what-we-believe-in\/","og_locale":"en_US","og_type":"article","og_title":"Who we are and what we believe in - Retta","og_description":"Olemme pohjoismainen kotien, kiinteist\u00f6jen ja toimitilojen v\u00e4litykseen sek\u00e4 hallintaan erikoistunut toimija.","og_url":"https:\/\/retta.fi\/en\/about-us\/who-we-are-and-what-we-believe-in\/","og_site_name":"Retta","article_modified_time":"2025-02-21T06:29:23+00:00","og_image":[{"width":300,"height":306,"url":"https:\/\/retta.fi\/wp-content\/uploads\/2024\/11\/Isannoinnin-missio-ja-visio-e1731929647477.png","type":"image\/png"}],"twitter_card":"summary_large_image","schema":{"@context":"https:\/\/schema.org","@graph":[{"@type":"WebPage","@id":"https:\/\/retta.fi\/en\/about-us\/who-we-are-and-what-we-believe-in\/","url":"https:\/\/retta.fi\/en\/about-us\/who-we-are-and-what-we-believe-in\/","name":"Who we are and what we believe in - Retta","isPartOf":{"@id":"https:\/\/retta.fi\/en\/#website"},"primaryImageOfPage":{"@id":"https:\/\/retta.fi\/en\/about-us\/who-we-are-and-what-we-believe-in\/#primaryimage"},"image":{"@id":"https:\/\/retta.fi\/en\/about-us\/who-we-are-and-what-we-believe-in\/#primaryimage"},"thumbnailUrl":"https:\/\/retta.fi\/wp-content\/uploads\/2024\/11\/Isannoinnin-missio-ja-visio-e1731929647477.png","datePublished":"2022-04-21T13:12:41+00:00","dateModified":"2025-02-21T06:29:23+00:00","description":"Olemme pohjoismainen kotien, kiinteist\u00f6jen ja toimitilojen v\u00e4litykseen sek\u00e4 hallintaan erikoistunut toimija.","breadcrumb":{"@id":"https:\/\/retta.fi\/en\/about-us\/who-we-are-and-what-we-believe-in\/#breadcrumb"},"inLanguage":"en-US","potentialAction":[{"@type":"ReadAction","target":["https:\/\/retta.fi\/en\/about-us\/who-we-are-and-what-we-believe-in\/"]}]},{"@type":"ImageObject","inLanguage":"en-US","@id":"https:\/\/retta.fi\/en\/about-us\/who-we-are-and-what-we-believe-in\/#primaryimage","url":"https:\/\/retta.fi\/wp-content\/uploads\/2024\/11\/Isannoinnin-missio-ja-visio-e1731929647477.png","contentUrl":"https:\/\/retta.fi\/wp-content\/uploads\/2024\/11\/Isannoinnin-missio-ja-visio-e1731929647477.png"},{"@type":"BreadcrumbList","@id":"https:\/\/retta.fi\/en\/about-us\/who-we-are-and-what-we-believe-in\/#breadcrumb","itemListElement":[{"@type":"ListItem","position":1,"name":"Home","item":"https:\/\/retta.fi\/en\/"},{"@type":"ListItem","position":2,"name":"About Us","item":"https:\/\/retta.fi\/en\/about-us\/"},{"@type":"ListItem","position":3,"name":"Who we are and what we believe in"}]},{"@type":"WebSite","@id":"https:\/\/retta.fi\/en\/#website","url":"https:\/\/retta.fi\/en\/","name":"Retta","description":"","publisher":{"@id":"https:\/\/retta.fi\/en\/#organization"},"potentialAction":[{"@type":"SearchAction","target":{"@type":"EntryPoint","urlTemplate":"https:\/\/retta.fi\/en\/?s={search_term_string}"},"query-input":{"@type":"PropertyValueSpecification","valueRequired":true,"valueName":"search_term_string"}}],"inLanguage":"en-US"},{"@type":"Organization","@id":"https:\/\/retta.fi\/en\/#organization","name":"Retta","url":"https:\/\/retta.fi\/en\/","logo":{"@type":"ImageObject","inLanguage":"en-US","@id":"https:\/\/retta.fi\/en\/#\/schema\/logo\/image\/","url":"https:\/\/retta.fi\/wp-content\/uploads\/2022\/04\/retta_somejako.png","contentUrl":"https:\/\/retta.fi\/wp-content\/uploads\/2022\/04\/retta_somejako.png","width":1200,"height":630,"caption":"Retta"},"image":{"@id":"https:\/\/retta.fi\/en\/#\/schema\/logo\/image\/"}}]}},"_links":{"self":[{"href":"https:\/\/retta.fi\/en\/wp-json\/wp\/v2\/pages\/491","targetHints":{"allow":["GET"]}}],"collection":[{"href":"https:\/\/retta.fi\/en\/wp-json\/wp\/v2\/pages"}],"about":[{"href":"https:\/\/retta.fi\/en\/wp-json\/wp\/v2\/types\/page"}],"author":[{"embeddable":true,"href":"https:\/\/retta.fi\/en\/wp-json\/wp\/v2\/users\/31"}],"replies":[{"embeddable":true,"href":"https:\/\/retta.fi\/en\/wp-json\/wp\/v2\/comments?post=491"}],"version-history":[{"count":14,"href":"https:\/\/retta.fi\/en\/wp-json\/wp\/v2\/pages\/491\/revisions"}],"predecessor-version":[{"id":44981,"href":"https:\/\/retta.fi\/en\/wp-json\/wp\/v2\/pages\/491\/revisions\/44981"}],"up":[{"embeddable":true,"href":"https:\/\/retta.fi\/en\/wp-json\/wp\/v2\/pages\/42337"}],"wp:attachment":[{"href":"https:\/\/retta.fi\/en\/wp-json\/wp\/v2\/media?parent=491"}],"curies":[{"name":"wp","href":"https:\/\/api.w.org\/{rel}","templated":true}]}}