{"id":465,"date":"2022-04-21T15:59:25","date_gmt":"2022-04-21T12:59:25","guid":{"rendered":"https:\/\/retta.fi\/toihin-realialle\/"},"modified":"2025-02-21T08:43:32","modified_gmt":"2025-02-21T06:43:32","slug":"open-positions","status":"publish","type":"page","link":"https:\/\/retta.fi\/en\/working-at-retta\/open-positions\/","title":{"rendered":"Open Positions"},"content":{"rendered":"<section id=\"acf-block-63875a7305be8\" class=\"block block-hero container-fluid ct-darkgreen bg-darkgreen \">\n        <div class=\"container\">\n        <div class=\"row\">\n            <div class=\"col-12 col-lg-8 hero-content-col\">\n                <div class=\"hero-content\">\n                    \n\n<h1 class=\"wp-block-heading\">Open Positions<\/h1>\n\n\n                <\/div>\n            <\/div>\n        <\/div>\n    <\/div>\n<\/section>\n\n\n\n<section id=\"acf-block-63875a7305c09\"    class=\"block block-image-and-content container-fluid default-bg has-bg-pattern\">\n    <div class=\"container\">\n        <div class=\"row justify-content-between\">\n            <div class=\"col-12 col-lg-6  img-col\">\n                <div class=\"wp-block-image\">\n                    <div class=\"alignleft\"><img decoding=\"async\" src=\"https:\/\/retta.fi\/wp-content\/uploads\/2024\/07\/HK_rekrykuva-1920x1280.jpg\" width=\"864\" height=\"576\" alt=\"Ty\u00f6paikkailmoituksen kuvituskuva - rekry\" loading=\"lazy\"><\/div>\n                <\/div>\n            <\/div>\n            <div class=\"col-12 col-lg-5\">\n                <main class=\"entry-content\">\n                    \n\n<p>Retta offers a workplace where you can develop, take responsibility, and shape the future of the real estate industry.<\/p>\n\n\n\n<p>By working at Retta, you become part of a professional and development-oriented work community where everyone can be themselves.<\/p>\n\n\n\n<p>In our teamwork, we make room for joy and mutual respect. We work responsibly and with great heart.<\/p>\n\n\n\n<p>As a nationwide company, we offer diverse job tasks, the opportunity for your desired career path, and the support of knowledgeable colleagues.<\/p>\n\n\n\n<p><\/p>\n\n\n\n<div class=\"wp-block-buttons is-layout-flex wp-block-buttons-is-layout-flex\"><\/div>\n\n\n                <\/main>\n            <\/div>\n        <\/div>\n    <\/div>\n<\/section>\n\n\n<section id=\"acf-block-63875a7305c9f\" class=\"block block-two-innerblocks container-fluid ct-beige bg-beige \">\n    <div class=\"container\">\n        <div class=\"row justify-content-between\">\n            \n<div class=\"block-innerblocks-container-narrow col-12 col-lg-5 entry-content\">\n    \n\n<h2 class=\"wp-block-heading\" id=\"avoimet-tyopaikat\">Open positions<\/h2>\n\n\n\n<p>We offer diverse job tasks in the field of property management.<\/p>\n\n\n\n<p>Our open positions are updated in the table next to this. Please note that the listing currently also shows open positions at Retta Management and Huoneistokeskus.<\/p>\n\n\n\n<p>You can also subscribe to job alerts if you want to wait for an opportunity that suits your needs.<\/p>\n\n\n\n<div class=\"wp-block-buttons is-layout-flex wp-block-buttons-is-layout-flex\">\n<div class=\"wp-block-button\"><a class=\"wp-block-button__link has-darkgreen-background-color has-background wp-element-button\" href=\"https:\/\/web103.reachmee.com\/ext\/I021\/1872\/subscribe?site=9&amp;lang=FI&amp;validator=3754c7ff3569ca85d74613a6d58a9e2f\" target=\"_blank\" rel=\"noreferrer noopener\">Subscribe to Job Alerts<\/a><\/div>\n<\/div>\n\n\n<\/div>\n\n\n<div class=\"block-innerblocks-container col-12 col-lg-6 entry-content\">\n    \n\n\n<div class=\"element block-job-list\">\n\n        <p><strong>Ei avoimia ty\u00f6paikkoja t\u00e4ll\u00e4 hetkell\u00e4.<\/strong><\/p>\n    <\/div>\n<script type=\"text\/javascript\">\nfunction retta_reachmee_job_list_tracking() {\n    \/\/ console.log(\"reachmee_insights_track_job_list_view\");\n    window.reachmee_insights_track_job_list_view();\n}\n<\/script>\n<script defer type=\"text\/plain\" class=\"optanon-category-C0002\" onload=\"retta_reachmee_job_list_tracking()\"\n    src=\"https:\/\/web103.reachmee.com\/customerjs\/v1\/tracking.js?customer=1872&#038;site=9\">\n<\/script>\n<script defer type=\"text\/plain\" class=\"optanon-category-C0002\" type=\"text\/javascript\">\n    !function(b,c,f,g,h,i,j){b[h]||(b[h]=function(){(b[h].q=b[h].q||[]).push(arguments)},b[h].q=b[h].q||[],i=c.createElement(f),j=c.getElementsByTagName(f)[0],i.async=1,i.src=g,j.parentNode.insertBefore(i,j))}(window,document,\"script\",\"https:\/\/cdn.ontame.io\/realia.js\",\"ontame\");\n<\/script>\n\n<script src=\"https:\/\/scripts.teamtailor-cdn.com\/widgets\/eu-pink\/jobs.js\" async charset=\"utf-8\"><\/script>\n<div class=\"teamtailor-jobs-widget\" data-teamtailor-limit=\"30\" data-teamtailor-api-key=\"NB-H8obD8sLzTM7JcACNMIzdIB_UiJSe1YRh1bX8\"><\/div>\n\n\n<\/div>\n\n        <\/div>\n    <\/div>\n<\/section>\n\n\n<section id=\"acf-block-63875a7305cd9\" class=\"block block-content-list container-fluid \">\n        <div class=\"container title-container\">\n        <div class=\"row\">\n            <div class=\"col-12 col-lg-7 title-col\">\n                <h2>Open Application and Internships<\/h2>\n            <\/div>\n        <\/div>\n    <\/div>\n        \n\n<div class=\"element block-content-list-item\">\n    <div class=\"container item-container has-border\">\n        <div class=\"row justify-content-between\">\n            <div class=\"col-12 col-lg-5 img-col entry-content\">\n                                <img decoding=\"async\" src=\"https:\/\/retta.fi\/wp-content\/uploads\/2024\/09\/suomen_taloyhtiot_kuntoon_hero_nostokuva_3-632x474.webp\" width=\"632\" height=\"474\" class=\"content-list-item-img\" alt=\"\" loading=\"lazy\">                            <\/div>\n            <div class=\"col-12 col-lg-6\">\n                <main class=\"entry-content\">\n                    \n\n<p>We offer internships for students pursuing studies in property management and financial management, and we continuously have interns working across Finland. We aim for most of our interns to be employed by us after their internship.<\/p>\n\n\n\n<p>Please include details about your studies and the period for which you are seeking an internship in your application. We will contact you if a suitable internship position is found.<\/p>\n\n\n\n<div class=\"wp-block-buttons is-layout-flex wp-block-buttons-is-layout-flex\">\n<div class=\"wp-block-button\"><a class=\"wp-block-button__link has-darkgreen-background-color has-background wp-element-button\" href=\"\/?p=29732\">Apply for an internship<\/a><\/div>\n<\/div>\n\n\n                <\/main>\n            <\/div>\n        <\/div>\n    <\/div>\n<\/div>\n\n\n<div class=\"element block-content-list-item\">\n    <div class=\"container item-container has-border\">\n        <div class=\"row justify-content-between\">\n            <div class=\"col-12 col-lg-5 img-col entry-content\">\n                                <img decoding=\"async\" src=\"https:\/\/retta.fi\/wp-content\/uploads\/2024\/11\/iStock-1365138599-632x421.jpg\" width=\"632\" height=\"421\" class=\"content-list-item-img\" alt=\"Rekry\" loading=\"lazy\">                            <\/div>\n            <div class=\"col-12 col-lg-6\">\n                <main class=\"entry-content\">\n                    \n\n<p>If we currently do not have open positions that match your experience and skills, you can also send us an open application. We will contact you if a position matching your interests and expertise becomes available.<\/p>\n\n\n\n<p>By carefully filling out the form with attachments, you help us get to know you better from the very beginning of the recruitment process.<\/p>\n\n\n\n<div class=\"wp-block-buttons is-layout-flex wp-block-buttons-is-layout-flex\">\n<div class=\"wp-block-button\"><a class=\"wp-block-button__link has-darkgreen-background-color has-background wp-element-button\" href=\"\/?p=29731\">Submit an open application<\/a><\/div>\n<\/div>\n\n\n                <\/main>\n            <\/div>\n        <\/div>\n    <\/div>\n<\/div>\n\n<\/section>","protected":false},"excerpt":{"rendered":"","protected":false},"author":31,"featured_media":0,"parent":42600,"menu_order":0,"comment_status":"closed","ping_status":"closed","template":"","meta":{"_acf_changed":false,"_relevanssi_hide_post":"","_relevanssi_hide_content":"","_relevanssi_pin_for_all":"","_relevanssi_pin_keywords":"","_relevanssi_unpin_keywords":"","_relevanssi_related_keywords":"","_relevanssi_related_include_ids":"","_relevanssi_related_exclude_ids":"","_relevanssi_related_no_append":"","_relevanssi_related_not_related":"","_relevanssi_related_posts":"3838,20539,3320,3260,3222,3304","_relevanssi_noindex_reason":"","footnotes":""},"class_list":["post-465","page","type-page","status-publish","hentry"],"acf":[],"yoast_head":"<!-- This site is optimized with the Yoast SEO plugin v27.1.1 - https:\/\/yoast.com\/product\/yoast-seo-wordpress\/ -->\n<title>Open Positions - Retta<\/title>\n<meta name=\"description\" content=\"Retta tarjoaa monipuolisia kiinteist\u00f6alan ty\u00f6teht\u00e4vi\u00e4, joissa saat kehitty\u00e4 ja ottaa vastuuta. Tutustu avoimiin ty\u00f6paikkoihin!\" \/>\n<meta name=\"robots\" content=\"index, follow, max-snippet:-1, max-image-preview:large, max-video-preview:-1\" \/>\n<link rel=\"canonical\" href=\"https:\/\/retta.fi\/en\/working-at-retta\/open-positions\/\" \/>\n<meta property=\"og:locale\" content=\"en_US\" \/>\n<meta property=\"og:type\" content=\"article\" \/>\n<meta property=\"og:title\" content=\"Open Positions - Retta\" \/>\n<meta property=\"og:description\" content=\"Retta tarjoaa monipuolisia kiinteist\u00f6alan ty\u00f6teht\u00e4vi\u00e4, joissa saat kehitty\u00e4 ja ottaa vastuuta. Tutustu avoimiin ty\u00f6paikkoihin!\" \/>\n<meta property=\"og:url\" content=\"https:\/\/retta.fi\/en\/working-at-retta\/open-positions\/\" \/>\n<meta property=\"og:site_name\" content=\"Retta\" \/>\n<meta property=\"article:modified_time\" content=\"2025-02-21T06:43:32+00:00\" \/>\n<meta property=\"og:image\" content=\"https:\/\/retta.fi\/wp-content\/uploads\/2022\/04\/retta_somejako.png\" \/>\n\t<meta property=\"og:image:width\" content=\"1200\" \/>\n\t<meta property=\"og:image:height\" content=\"630\" \/>\n\t<meta property=\"og:image:type\" content=\"image\/png\" \/>\n<meta name=\"twitter:card\" content=\"summary_large_image\" \/>\n<script type=\"application\/ld+json\" class=\"yoast-schema-graph\">{\"@context\":\"https:\/\/schema.org\",\"@graph\":[{\"@type\":\"WebPage\",\"@id\":\"https:\/\/retta.fi\/en\/working-at-retta\/open-positions\/\",\"url\":\"https:\/\/retta.fi\/en\/working-at-retta\/open-positions\/\",\"name\":\"Open Positions - Retta\",\"isPartOf\":{\"@id\":\"https:\/\/retta.fi\/en\/#website\"},\"datePublished\":\"2022-04-21T12:59:25+00:00\",\"dateModified\":\"2025-02-21T06:43:32+00:00\",\"description\":\"Retta tarjoaa monipuolisia kiinteist\u00f6alan ty\u00f6teht\u00e4vi\u00e4, joissa saat kehitty\u00e4 ja ottaa vastuuta. Tutustu avoimiin ty\u00f6paikkoihin!\",\"breadcrumb\":{\"@id\":\"https:\/\/retta.fi\/en\/working-at-retta\/open-positions\/#breadcrumb\"},\"inLanguage\":\"en-US\",\"potentialAction\":[{\"@type\":\"ReadAction\",\"target\":[\"https:\/\/retta.fi\/en\/working-at-retta\/open-positions\/\"]}]},{\"@type\":\"BreadcrumbList\",\"@id\":\"https:\/\/retta.fi\/en\/working-at-retta\/open-positions\/#breadcrumb\",\"itemListElement\":[{\"@type\":\"ListItem\",\"position\":1,\"name\":\"Home\",\"item\":\"https:\/\/retta.fi\/en\/\"},{\"@type\":\"ListItem\",\"position\":2,\"name\":\"Working at Retta\",\"item\":\"https:\/\/retta.fi\/en\/working-at-retta\/\"},{\"@type\":\"ListItem\",\"position\":3,\"name\":\"Open Positions\"}]},{\"@type\":\"WebSite\",\"@id\":\"https:\/\/retta.fi\/en\/#website\",\"url\":\"https:\/\/retta.fi\/en\/\",\"name\":\"Retta\",\"description\":\"\",\"publisher\":{\"@id\":\"https:\/\/retta.fi\/en\/#organization\"},\"potentialAction\":[{\"@type\":\"SearchAction\",\"target\":{\"@type\":\"EntryPoint\",\"urlTemplate\":\"https:\/\/retta.fi\/en\/?s={search_term_string}\"},\"query-input\":{\"@type\":\"PropertyValueSpecification\",\"valueRequired\":true,\"valueName\":\"search_term_string\"}}],\"inLanguage\":\"en-US\"},{\"@type\":\"Organization\",\"@id\":\"https:\/\/retta.fi\/en\/#organization\",\"name\":\"Retta\",\"url\":\"https:\/\/retta.fi\/en\/\",\"logo\":{\"@type\":\"ImageObject\",\"inLanguage\":\"en-US\",\"@id\":\"https:\/\/retta.fi\/en\/#\/schema\/logo\/image\/\",\"url\":\"https:\/\/retta.fi\/wp-content\/uploads\/2022\/04\/retta_somejako.png\",\"contentUrl\":\"https:\/\/retta.fi\/wp-content\/uploads\/2022\/04\/retta_somejako.png\",\"width\":1200,\"height\":630,\"caption\":\"Retta\"},\"image\":{\"@id\":\"https:\/\/retta.fi\/en\/#\/schema\/logo\/image\/\"}}]}<\/script>\n<!-- \/ Yoast SEO plugin. -->","yoast_head_json":{"title":"Open Positions - Retta","description":"Retta tarjoaa monipuolisia kiinteist\u00f6alan ty\u00f6teht\u00e4vi\u00e4, joissa saat kehitty\u00e4 ja ottaa vastuuta. Tutustu avoimiin ty\u00f6paikkoihin!","robots":{"index":"index","follow":"follow","max-snippet":"max-snippet:-1","max-image-preview":"max-image-preview:large","max-video-preview":"max-video-preview:-1"},"canonical":"https:\/\/retta.fi\/en\/working-at-retta\/open-positions\/","og_locale":"en_US","og_type":"article","og_title":"Open Positions - Retta","og_description":"Retta tarjoaa monipuolisia kiinteist\u00f6alan ty\u00f6teht\u00e4vi\u00e4, joissa saat kehitty\u00e4 ja ottaa vastuuta. Tutustu avoimiin ty\u00f6paikkoihin!","og_url":"https:\/\/retta.fi\/en\/working-at-retta\/open-positions\/","og_site_name":"Retta","article_modified_time":"2025-02-21T06:43:32+00:00","og_image":[{"width":1200,"height":630,"url":"https:\/\/retta.fi\/wp-content\/uploads\/2022\/04\/retta_somejako.png","type":"image\/png"}],"twitter_card":"summary_large_image","schema":{"@context":"https:\/\/schema.org","@graph":[{"@type":"WebPage","@id":"https:\/\/retta.fi\/en\/working-at-retta\/open-positions\/","url":"https:\/\/retta.fi\/en\/working-at-retta\/open-positions\/","name":"Open Positions - Retta","isPartOf":{"@id":"https:\/\/retta.fi\/en\/#website"},"datePublished":"2022-04-21T12:59:25+00:00","dateModified":"2025-02-21T06:43:32+00:00","description":"Retta tarjoaa monipuolisia kiinteist\u00f6alan ty\u00f6teht\u00e4vi\u00e4, joissa saat kehitty\u00e4 ja ottaa vastuuta. Tutustu avoimiin ty\u00f6paikkoihin!","breadcrumb":{"@id":"https:\/\/retta.fi\/en\/working-at-retta\/open-positions\/#breadcrumb"},"inLanguage":"en-US","potentialAction":[{"@type":"ReadAction","target":["https:\/\/retta.fi\/en\/working-at-retta\/open-positions\/"]}]},{"@type":"BreadcrumbList","@id":"https:\/\/retta.fi\/en\/working-at-retta\/open-positions\/#breadcrumb","itemListElement":[{"@type":"ListItem","position":1,"name":"Home","item":"https:\/\/retta.fi\/en\/"},{"@type":"ListItem","position":2,"name":"Working at Retta","item":"https:\/\/retta.fi\/en\/working-at-retta\/"},{"@type":"ListItem","position":3,"name":"Open Positions"}]},{"@type":"WebSite","@id":"https:\/\/retta.fi\/en\/#website","url":"https:\/\/retta.fi\/en\/","name":"Retta","description":"","publisher":{"@id":"https:\/\/retta.fi\/en\/#organization"},"potentialAction":[{"@type":"SearchAction","target":{"@type":"EntryPoint","urlTemplate":"https:\/\/retta.fi\/en\/?s={search_term_string}"},"query-input":{"@type":"PropertyValueSpecification","valueRequired":true,"valueName":"search_term_string"}}],"inLanguage":"en-US"},{"@type":"Organization","@id":"https:\/\/retta.fi\/en\/#organization","name":"Retta","url":"https:\/\/retta.fi\/en\/","logo":{"@type":"ImageObject","inLanguage":"en-US","@id":"https:\/\/retta.fi\/en\/#\/schema\/logo\/image\/","url":"https:\/\/retta.fi\/wp-content\/uploads\/2022\/04\/retta_somejako.png","contentUrl":"https:\/\/retta.fi\/wp-content\/uploads\/2022\/04\/retta_somejako.png","width":1200,"height":630,"caption":"Retta"},"image":{"@id":"https:\/\/retta.fi\/en\/#\/schema\/logo\/image\/"}}]}},"_links":{"self":[{"href":"https:\/\/retta.fi\/en\/wp-json\/wp\/v2\/pages\/465","targetHints":{"allow":["GET"]}}],"collection":[{"href":"https:\/\/retta.fi\/en\/wp-json\/wp\/v2\/pages"}],"about":[{"href":"https:\/\/retta.fi\/en\/wp-json\/wp\/v2\/types\/page"}],"author":[{"embeddable":true,"href":"https:\/\/retta.fi\/en\/wp-json\/wp\/v2\/users\/31"}],"replies":[{"embeddable":true,"href":"https:\/\/retta.fi\/en\/wp-json\/wp\/v2\/comments?post=465"}],"version-history":[{"count":14,"href":"https:\/\/retta.fi\/en\/wp-json\/wp\/v2\/pages\/465\/revisions"}],"predecessor-version":[{"id":45023,"href":"https:\/\/retta.fi\/en\/wp-json\/wp\/v2\/pages\/465\/revisions\/45023"}],"up":[{"embeddable":true,"href":"https:\/\/retta.fi\/en\/wp-json\/wp\/v2\/pages\/42600"}],"wp:attachment":[{"href":"https:\/\/retta.fi\/en\/wp-json\/wp\/v2\/media?parent=465"}],"curies":[{"name":"wp","href":"https:\/\/api.w.org\/{rel}","templated":true}]}}