{"id":44941,"date":"2022-08-22T15:25:27","date_gmt":"2022-08-22T12:25:27","guid":{"rendered":"https:\/\/retta.fi\/tietoa-asumisesta\/webinaarit-ja-tapahtumat\/"},"modified":"2025-02-21T08:33:08","modified_gmt":"2025-02-21T06:33:08","slug":"webinars-and-events","status":"publish","type":"page","link":"https:\/\/retta.fi\/en\/information-about-living\/webinars-and-events\/","title":{"rendered":"Webinars and events"},"content":{"rendered":"<section id=\"acf-block-634d4bd3054e4\" class=\"block block-hero container-fluid ct-darkgreen bg-darkgreen \">\n        <div class=\"container\">\n        <div class=\"row\">\n            <div class=\"col-12 col-lg-8 hero-content-col\">\n                <div class=\"hero-content\">\n                    \n\n<h1 class=\"wp-block-heading\">Webinars and events<\/h1>\n\n\n                <\/div>\n            <\/div>\n        <\/div>\n    <\/div>\n<\/section>\n\n\n\n<section id=\"acf-block-634d4bd305522\"    class=\"block block-image-and-content container-fluid ct-beige bg-beige \">\n    <div class=\"container\">\n        <div class=\"row justify-content-between\">\n            <div class=\"col-12 col-lg-6  img-col\">\n                <div class=\"wp-block-image\">\n                    <div class=\"alignleft\"><img decoding=\"async\" src=\"https:\/\/retta.fi\/wp-content\/uploads\/2024\/10\/webinaarit-1920x1281.jpg\" width=\"864\" height=\"576\" alt=\"\" loading=\"lazy\"><\/div>\n                <\/div>\n            <\/div>\n            <div class=\"col-12 col-lg-5\">\n                <main class=\"entry-content\">\n                    \n\n<p>We want to help our customers stay informed about updates and changes related to housing companies and provide tools for effective board work. Our goal is also to promote cooperation between housing company boards and property managers. For this reason, we offer webinars and events for housing company board members and others interested in these topics.<\/p>\n\n\n\n<p>Below, you will find information about upcoming webinars and events, as well as recordings of previous webinars.<\/p>\n\n\n\n<p><\/p>\n\n\n                <\/main>\n            <\/div>\n        <\/div>\n    <\/div>\n<\/section>\n\n\n<section id=\"acf-block-6705362a68a50\" class=\"block block-content-highlights container-fluid container-fluid \">\n    <div class=\"container\">\n        \n                        <div class=\"row\">\n                <div class=\"col-12 col-lg-7 title-col\">\n                    <h2 class=\"highlights-title\">Webinar recordings<\/h2>\n                <\/div>\n            <\/div>\n            \n            <div class=\"row card-list\">\n                            <div class=\"col-12 col-md-6 col-lg-4 card-col\">\n                    <div class=\"card card-page has-link has-border\" onclick=\"document.getElementById('card-link-69e6178c98e0b').click();\">\n    <div class=\"card-thumbnail\">\n                <div class=\"fitted-img-container\"><img decoding=\"async\" width=\"768\" height=\"432\" src=\"https:\/\/retta.fi\/wp-content\/uploads\/2024\/12\/paloturvawebinaari_kansi-768x432.jpg\" class=\"attachment-medium_large size-medium_large wp-post-image\" alt=\"\" srcset=\"https:\/\/retta.fi\/wp-content\/uploads\/2024\/12\/paloturvawebinaari_kansi-768x432.jpg 768w, https:\/\/retta.fi\/wp-content\/uploads\/2024\/12\/paloturvawebinaari_kansi-360x203.jpg 360w, https:\/\/retta.fi\/wp-content\/uploads\/2024\/12\/paloturvawebinaari_kansi-632x356.jpg 632w, https:\/\/retta.fi\/wp-content\/uploads\/2024\/12\/paloturvawebinaari_kansi.jpg 1280w\" sizes=\"(max-width: 575px) 100vw, (max-width: 767px) 510px, (max-width: 991px) 290px, (max-width: 1199px) 530px, 768px\" \/><\/div>\n            <\/div>\n    <div class=\"card-content\">\n        <div class=\"card-texts\">\n            <div class=\"card-meta\">\n                <div class=\"entry-meta\"><\/div>\n            <\/div>\n        <h2 class=\"h4 card-title\"><a id=\"card-link-69e6178c98e0b\" href=\"https:\/\/retta.fi\/retta-plus-paloturvawebinaari\/\" rel=\"bookmark\">Retta Plus -paloturva<\/a><\/h2>        <\/div>\n        <div class=\"card-cta card-meta\">\n            <span onclick=\"document.getElementById('card-link-69e6178c98e0b').click();\">Read more<\/span>\n            <i class=\"card-cta-icon fa-light fa-arrow-right-long\"><\/i>\n        <\/div>\n    <\/div>\n<\/div>                <\/div>\n                                <div class=\"col-12 col-md-6 col-lg-4 card-col\">\n                    <div class=\"card card-page has-link has-border\" onclick=\"document.getElementById('card-link-69e6178c993f2').click();\">\n    <div class=\"card-thumbnail\">\n                <div class=\"fitted-img-container\"><img decoding=\"async\" width=\"768\" height=\"432\" src=\"https:\/\/retta.fi\/wp-content\/uploads\/2024\/10\/valaistuswebinaari_kansi-768x432.jpg\" class=\"attachment-medium_large size-medium_large wp-post-image\" alt=\"\" srcset=\"https:\/\/retta.fi\/wp-content\/uploads\/2024\/10\/valaistuswebinaari_kansi-768x432.jpg 768w, https:\/\/retta.fi\/wp-content\/uploads\/2024\/10\/valaistuswebinaari_kansi-360x203.jpg 360w, https:\/\/retta.fi\/wp-content\/uploads\/2024\/10\/valaistuswebinaari_kansi-632x356.jpg 632w, https:\/\/retta.fi\/wp-content\/uploads\/2024\/10\/valaistuswebinaari_kansi.jpg 1280w\" sizes=\"(max-width: 575px) 100vw, (max-width: 767px) 510px, (max-width: 991px) 290px, (max-width: 1199px) 530px, 768px\" \/><\/div>\n            <\/div>\n    <div class=\"card-content\">\n        <div class=\"card-texts\">\n            <div class=\"card-meta\">\n                <div class=\"entry-meta\"><\/div>\n            <\/div>\n        <h2 class=\"h4 card-title\"><a id=\"card-link-69e6178c993f2\" href=\"https:\/\/retta.fi\/retta-plus-valaistuswebinaari\/\" rel=\"bookmark\">Retta Plus: Valaistus<\/a><\/h2>        <\/div>\n        <div class=\"card-cta card-meta\">\n            <span onclick=\"document.getElementById('card-link-69e6178c993f2').click();\">Read more<\/span>\n            <i class=\"card-cta-icon fa-light fa-arrow-right-long\"><\/i>\n        <\/div>\n    <\/div>\n<\/div>                <\/div>\n                                <div class=\"col-12 col-md-6 col-lg-4 card-col\">\n                    <div class=\"card card-page has-link has-border\" onclick=\"document.getElementById('card-link-69e6178c9994e').click();\">\n    <div class=\"card-thumbnail\">\n                <div class=\"fitted-img-container\"><img decoding=\"async\" width=\"768\" height=\"432\" src=\"https:\/\/retta.fi\/wp-content\/uploads\/2024\/10\/energiawebinaari-768x432.jpg\" class=\"attachment-medium_large size-medium_large wp-post-image\" alt=\"\" srcset=\"https:\/\/retta.fi\/wp-content\/uploads\/2024\/10\/energiawebinaari-768x432.jpg 768w, https:\/\/retta.fi\/wp-content\/uploads\/2024\/10\/energiawebinaari-360x203.jpg 360w, https:\/\/retta.fi\/wp-content\/uploads\/2024\/10\/energiawebinaari-632x356.jpg 632w, https:\/\/retta.fi\/wp-content\/uploads\/2024\/10\/energiawebinaari.jpg 1280w\" sizes=\"(max-width: 575px) 100vw, (max-width: 767px) 510px, (max-width: 991px) 290px, (max-width: 1199px) 530px, 768px\" \/><\/div>\n            <\/div>\n    <div class=\"card-content\">\n        <div class=\"card-texts\">\n            <div class=\"card-meta\">\n                <div class=\"entry-meta\"><\/div>\n            <\/div>\n        <h2 class=\"h4 card-title\"><a id=\"card-link-69e6178c9994e\" href=\"https:\/\/retta.fi\/palvelut\/retta-plus-energiawebinaari\/\" rel=\"bookmark\">Retta Plus: Energia<\/a><\/h2>        <\/div>\n        <div class=\"card-cta card-meta\">\n            <span onclick=\"document.getElementById('card-link-69e6178c9994e').click();\">Read more<\/span>\n            <i class=\"card-cta-icon fa-light fa-arrow-right-long\"><\/i>\n        <\/div>\n    <\/div>\n<\/div>                <\/div>\n                                <div class=\"col-12 col-md-6 col-lg-4 card-col\">\n                    <div class=\"card card-page has-link has-border\" onclick=\"document.getElementById('card-link-69e6178c99f95').click();\">\n    <div class=\"card-thumbnail\">\n                <div class=\"fitted-img-container\"><img decoding=\"async\" width=\"768\" height=\"432\" src=\"https:\/\/retta.fi\/wp-content\/uploads\/2024\/10\/saastoja-taloyhtiolle-laadusta-tinkimatta_webinaari-768x432.jpg\" class=\"attachment-medium_large size-medium_large wp-post-image\" alt=\"\" srcset=\"https:\/\/retta.fi\/wp-content\/uploads\/2024\/10\/saastoja-taloyhtiolle-laadusta-tinkimatta_webinaari-768x432.jpg 768w, https:\/\/retta.fi\/wp-content\/uploads\/2024\/10\/saastoja-taloyhtiolle-laadusta-tinkimatta_webinaari-360x203.jpg 360w, https:\/\/retta.fi\/wp-content\/uploads\/2024\/10\/saastoja-taloyhtiolle-laadusta-tinkimatta_webinaari-632x356.jpg 632w, https:\/\/retta.fi\/wp-content\/uploads\/2024\/10\/saastoja-taloyhtiolle-laadusta-tinkimatta_webinaari.jpg 1280w\" sizes=\"(max-width: 575px) 100vw, (max-width: 767px) 510px, (max-width: 991px) 290px, (max-width: 1199px) 530px, 768px\" \/><\/div>\n            <\/div>\n    <div class=\"card-content\">\n        <div class=\"card-texts\">\n            <div class=\"card-meta\">\n                <div class=\"entry-meta\"><\/div>\n            <\/div>\n        <h2 class=\"h4 card-title\"><a id=\"card-link-69e6178c99f95\" href=\"https:\/\/retta.fi\/webinaari-saastoja-taloyhtiolle-laadusta-tinkimatta\/\" rel=\"bookmark\">S\u00e4\u00e4st\u00f6j\u00e4 taloyhti\u00f6lle laadusta tinkim\u00e4tt\u00e4\u00a0<\/a><\/h2>        <\/div>\n        <div class=\"card-cta card-meta\">\n            <span onclick=\"document.getElementById('card-link-69e6178c99f95').click();\">Read more<\/span>\n            <i class=\"card-cta-icon fa-light fa-arrow-right-long\"><\/i>\n        <\/div>\n    <\/div>\n<\/div>                <\/div>\n                                <div class=\"col-12 col-md-6 col-lg-4 card-col\">\n                    <div class=\"card card-page has-link has-border\" onclick=\"document.getElementById('card-link-69e6178c9a535').click();\">\n    <div class=\"card-thumbnail\">\n                <div class=\"fitted-img-container\"><img decoding=\"async\" width=\"768\" height=\"432\" src=\"https:\/\/retta.fi\/wp-content\/uploads\/2024\/10\/retta-living_webinaari-768x432.jpg\" class=\"attachment-medium_large size-medium_large wp-post-image\" alt=\"\" srcset=\"https:\/\/retta.fi\/wp-content\/uploads\/2024\/10\/retta-living_webinaari-768x432.jpg 768w, https:\/\/retta.fi\/wp-content\/uploads\/2024\/10\/retta-living_webinaari-360x203.jpg 360w, https:\/\/retta.fi\/wp-content\/uploads\/2024\/10\/retta-living_webinaari-632x356.jpg 632w, https:\/\/retta.fi\/wp-content\/uploads\/2024\/10\/retta-living_webinaari.jpg 1280w\" sizes=\"(max-width: 575px) 100vw, (max-width: 767px) 510px, (max-width: 991px) 290px, (max-width: 1199px) 530px, 768px\" \/><\/div>\n            <\/div>\n    <div class=\"card-content\">\n        <div class=\"card-texts\">\n            <div class=\"card-meta\">\n                <div class=\"entry-meta\"><\/div>\n            <\/div>\n        <h2 class=\"h4 card-title\"><a id=\"card-link-69e6178c9a535\" href=\"https:\/\/retta.fi\/palvelut\/retta-living-webinaari\/\" rel=\"bookmark\">Retta Living: toimiva kiinteist\u00f6nhoito<\/a><\/h2>        <\/div>\n        <div class=\"card-cta card-meta\">\n            <span onclick=\"document.getElementById('card-link-69e6178c9a535').click();\">Read more<\/span>\n            <i class=\"card-cta-icon fa-light fa-arrow-right-long\"><\/i>\n        <\/div>\n    <\/div>\n<\/div>                <\/div>\n                                <div class=\"col-12 col-md-6 col-lg-4 card-col\">\n                    <div class=\"card card-page has-link has-border\" onclick=\"document.getElementById('card-link-69e6178c9aaa9').click();\">\n    <div class=\"card-thumbnail\">\n                <div class=\"fitted-img-container\"><img decoding=\"async\" width=\"768\" height=\"432\" src=\"https:\/\/retta.fi\/wp-content\/uploads\/2024\/10\/palovaroittimet-taloyhtion-vastuulle_webinaari-768x432.jpg\" class=\"attachment-medium_large size-medium_large wp-post-image\" alt=\"\" srcset=\"https:\/\/retta.fi\/wp-content\/uploads\/2024\/10\/palovaroittimet-taloyhtion-vastuulle_webinaari-768x432.jpg 768w, https:\/\/retta.fi\/wp-content\/uploads\/2024\/10\/palovaroittimet-taloyhtion-vastuulle_webinaari-360x203.jpg 360w, https:\/\/retta.fi\/wp-content\/uploads\/2024\/10\/palovaroittimet-taloyhtion-vastuulle_webinaari-632x356.jpg 632w, https:\/\/retta.fi\/wp-content\/uploads\/2024\/10\/palovaroittimet-taloyhtion-vastuulle_webinaari.jpg 1280w\" sizes=\"(max-width: 575px) 100vw, (max-width: 767px) 510px, (max-width: 991px) 290px, (max-width: 1199px) 530px, 768px\" \/><\/div>\n            <\/div>\n    <div class=\"card-content\">\n        <div class=\"card-texts\">\n            <div class=\"card-meta\">\n                <div class=\"entry-meta\"><\/div>\n            <\/div>\n        <h2 class=\"h4 card-title\"><a id=\"card-link-69e6178c9aaa9\" href=\"https:\/\/retta.fi\/palvelut\/palovaroittimet-taloyhtion-vastuulle-webinaari\/\" rel=\"bookmark\">Palovaroittimet taloyhti\u00f6n vastuulle\u00a0<\/a><\/h2>        <\/div>\n        <div class=\"card-cta card-meta\">\n            <span onclick=\"document.getElementById('card-link-69e6178c9aaa9').click();\">Read more<\/span>\n            <i class=\"card-cta-icon fa-light fa-arrow-right-long\"><\/i>\n        <\/div>\n    <\/div>\n<\/div>                <\/div>\n                                <div class=\"col-12 col-md-6 col-lg-4 card-col\">\n                    <div class=\"card card-page has-link has-border\" onclick=\"document.getElementById('card-link-69e6178c9b12d').click();\">\n    <div class=\"card-thumbnail\">\n                <div class=\"fitted-img-container\"><img decoding=\"async\" width=\"768\" height=\"432\" src=\"https:\/\/retta.fi\/wp-content\/uploads\/2024\/10\/taloyhtioille-yli-miljoonan-euron-saastot_webinaari-768x432.jpg\" class=\"attachment-medium_large size-medium_large wp-post-image\" alt=\"\" srcset=\"https:\/\/retta.fi\/wp-content\/uploads\/2024\/10\/taloyhtioille-yli-miljoonan-euron-saastot_webinaari-768x432.jpg 768w, https:\/\/retta.fi\/wp-content\/uploads\/2024\/10\/taloyhtioille-yli-miljoonan-euron-saastot_webinaari-360x203.jpg 360w, https:\/\/retta.fi\/wp-content\/uploads\/2024\/10\/taloyhtioille-yli-miljoonan-euron-saastot_webinaari-632x356.jpg 632w, https:\/\/retta.fi\/wp-content\/uploads\/2024\/10\/taloyhtioille-yli-miljoonan-euron-saastot_webinaari.jpg 1280w\" sizes=\"(max-width: 575px) 100vw, (max-width: 767px) 510px, (max-width: 991px) 290px, (max-width: 1199px) 530px, 768px\" \/><\/div>\n            <\/div>\n    <div class=\"card-content\">\n        <div class=\"card-texts\">\n            <div class=\"card-meta\">\n                <div class=\"entry-meta\"><\/div>\n            <\/div>\n        <h2 class=\"h4 card-title\"><a id=\"card-link-69e6178c9b12d\" href=\"https:\/\/retta.fi\/taloyhtioille-yli-miljoonan-euron-saastot-webinaari\/\" rel=\"bookmark\">Taloyhti\u00f6ille yli miljoonan euron s\u00e4\u00e4st\u00f6t<\/a><\/h2>        <\/div>\n        <div class=\"card-cta card-meta\">\n            <span onclick=\"document.getElementById('card-link-69e6178c9b12d').click();\">Read more<\/span>\n            <i class=\"card-cta-icon fa-light fa-arrow-right-long\"><\/i>\n        <\/div>\n    <\/div>\n<\/div>                <\/div>\n                                <div class=\"col-12 col-md-6 col-lg-4 card-col\">\n                    <div class=\"card card-page has-link has-border\" onclick=\"document.getElementById('card-link-69e6178c9b8ea').click();\">\n    <div class=\"card-thumbnail\">\n                <div class=\"fitted-img-container\"><img decoding=\"async\" width=\"768\" height=\"432\" src=\"https:\/\/retta.fi\/wp-content\/uploads\/2024\/10\/taloyhtiot-ahdingossa_webinaari-768x432.jpg\" class=\"attachment-medium_large size-medium_large wp-post-image\" alt=\"\" srcset=\"https:\/\/retta.fi\/wp-content\/uploads\/2024\/10\/taloyhtiot-ahdingossa_webinaari-768x432.jpg 768w, https:\/\/retta.fi\/wp-content\/uploads\/2024\/10\/taloyhtiot-ahdingossa_webinaari-360x203.jpg 360w, https:\/\/retta.fi\/wp-content\/uploads\/2024\/10\/taloyhtiot-ahdingossa_webinaari-632x356.jpg 632w, https:\/\/retta.fi\/wp-content\/uploads\/2024\/10\/taloyhtiot-ahdingossa_webinaari.jpg 1280w\" sizes=\"(max-width: 575px) 100vw, (max-width: 767px) 510px, (max-width: 991px) 290px, (max-width: 1199px) 530px, 768px\" \/><\/div>\n            <\/div>\n    <div class=\"card-content\">\n        <div class=\"card-texts\">\n            <div class=\"card-meta\">\n                <div class=\"entry-meta\"><\/div>\n            <\/div>\n        <h2 class=\"h4 card-title\"><a id=\"card-link-69e6178c9b8ea\" href=\"https:\/\/retta.fi\/palvelut\/taloyhtiot-ahdingossa-webinaari\/\" rel=\"bookmark\">Taloyhti\u00f6t ahdingossa<\/a><\/h2>        <\/div>\n        <div class=\"card-cta card-meta\">\n            <span onclick=\"document.getElementById('card-link-69e6178c9b8ea').click();\">Read more<\/span>\n            <i class=\"card-cta-icon fa-light fa-arrow-right-long\"><\/i>\n        <\/div>\n    <\/div>\n<\/div>                <\/div>\n                            <\/div>\n                      \n    <\/div>\n<\/section>\n","protected":false},"excerpt":{"rendered":"","protected":false},"author":31,"featured_media":41362,"parent":42085,"menu_order":0,"comment_status":"closed","ping_status":"closed","template":"","meta":{"_acf_changed":false,"_relevanssi_hide_post":"","_relevanssi_hide_content":"","_relevanssi_pin_for_all":"","_relevanssi_pin_keywords":"","_relevanssi_unpin_keywords":"","_relevanssi_related_keywords":"","_relevanssi_related_include_ids":"","_relevanssi_related_exclude_ids":"","_relevanssi_related_no_append":"","_relevanssi_related_not_related":"","_relevanssi_related_posts":"29166,29185,25438,3734,20819,3822","_relevanssi_noindex_reason":"","footnotes":""},"class_list":["post-44941","page","type-page","status-publish","has-post-thumbnail","hentry"],"acf":[],"yoast_head":"<!-- This site is optimized with the Yoast SEO plugin v27.4 - https:\/\/yoast.com\/product\/yoast-seo-wordpress\/ -->\n<title>Webinars and events - Retta<\/title>\n<meta name=\"description\" content=\"Tarjoamme taloyhti\u00f6iden hallituksien j\u00e4senille sek\u00e4 muille aiheista kiinnostuneille tapahtumia ja webinaareja.\" \/>\n<meta name=\"robots\" content=\"index, follow, max-snippet:-1, max-image-preview:large, max-video-preview:-1\" \/>\n<link rel=\"canonical\" href=\"https:\/\/retta.fi\/en\/information-about-living\/webinars-and-events\/\" \/>\n<meta property=\"og:locale\" content=\"en_US\" \/>\n<meta property=\"og:type\" content=\"article\" \/>\n<meta property=\"og:title\" content=\"Webinars and events - Retta\" \/>\n<meta property=\"og:description\" content=\"Tarjoamme taloyhti\u00f6iden hallituksien j\u00e4senille sek\u00e4 muille aiheista kiinnostuneille tapahtumia ja webinaareja.\" \/>\n<meta property=\"og:url\" content=\"https:\/\/retta.fi\/en\/information-about-living\/webinars-and-events\/\" \/>\n<meta property=\"og:site_name\" content=\"Retta\" \/>\n<meta property=\"article:modified_time\" content=\"2025-02-21T06:33:08+00:00\" \/>\n<meta property=\"og:image\" content=\"https:\/\/retta.fi\/wp-content\/uploads\/2024\/10\/webinaarit.jpg\" \/>\n\t<meta property=\"og:image:width\" content=\"2120\" \/>\n\t<meta property=\"og:image:height\" content=\"1414\" \/>\n\t<meta property=\"og:image:type\" content=\"image\/jpeg\" \/>\n<meta name=\"twitter:card\" content=\"summary_large_image\" \/>\n<script type=\"application\/ld+json\" class=\"yoast-schema-graph\">{\"@context\":\"https:\\\/\\\/schema.org\",\"@graph\":[{\"@type\":\"WebPage\",\"@id\":\"https:\\\/\\\/retta.fi\\\/en\\\/information-about-living\\\/webinars-and-events\\\/\",\"url\":\"https:\\\/\\\/retta.fi\\\/en\\\/information-about-living\\\/webinars-and-events\\\/\",\"name\":\"Webinars and events - Retta\",\"isPartOf\":{\"@id\":\"https:\\\/\\\/retta.fi\\\/en\\\/#website\"},\"primaryImageOfPage\":{\"@id\":\"https:\\\/\\\/retta.fi\\\/en\\\/information-about-living\\\/webinars-and-events\\\/#primaryimage\"},\"image\":{\"@id\":\"https:\\\/\\\/retta.fi\\\/en\\\/information-about-living\\\/webinars-and-events\\\/#primaryimage\"},\"thumbnailUrl\":\"https:\\\/\\\/retta.fi\\\/wp-content\\\/uploads\\\/2024\\\/10\\\/webinaarit.jpg\",\"datePublished\":\"2022-08-22T12:25:27+00:00\",\"dateModified\":\"2025-02-21T06:33:08+00:00\",\"description\":\"Tarjoamme taloyhti\u00f6iden hallituksien j\u00e4senille sek\u00e4 muille aiheista kiinnostuneille tapahtumia ja webinaareja.\",\"breadcrumb\":{\"@id\":\"https:\\\/\\\/retta.fi\\\/en\\\/information-about-living\\\/webinars-and-events\\\/#breadcrumb\"},\"inLanguage\":\"en-US\",\"potentialAction\":[{\"@type\":\"ReadAction\",\"target\":[\"https:\\\/\\\/retta.fi\\\/en\\\/information-about-living\\\/webinars-and-events\\\/\"]}]},{\"@type\":\"ImageObject\",\"inLanguage\":\"en-US\",\"@id\":\"https:\\\/\\\/retta.fi\\\/en\\\/information-about-living\\\/webinars-and-events\\\/#primaryimage\",\"url\":\"https:\\\/\\\/retta.fi\\\/wp-content\\\/uploads\\\/2024\\\/10\\\/webinaarit.jpg\",\"contentUrl\":\"https:\\\/\\\/retta.fi\\\/wp-content\\\/uploads\\\/2024\\\/10\\\/webinaarit.jpg\",\"width\":2120,\"height\":1414},{\"@type\":\"BreadcrumbList\",\"@id\":\"https:\\\/\\\/retta.fi\\\/en\\\/information-about-living\\\/webinars-and-events\\\/#breadcrumb\",\"itemListElement\":[{\"@type\":\"ListItem\",\"position\":1,\"name\":\"Home\",\"item\":\"https:\\\/\\\/retta.fi\\\/en\\\/\"},{\"@type\":\"ListItem\",\"position\":2,\"name\":\"Information about Living\",\"item\":\"https:\\\/\\\/retta.fi\\\/en\\\/information-about-living\\\/\"},{\"@type\":\"ListItem\",\"position\":3,\"name\":\"Webinars and events\"}]},{\"@type\":\"WebSite\",\"@id\":\"https:\\\/\\\/retta.fi\\\/en\\\/#website\",\"url\":\"https:\\\/\\\/retta.fi\\\/en\\\/\",\"name\":\"Retta\",\"description\":\"\",\"publisher\":{\"@id\":\"https:\\\/\\\/retta.fi\\\/en\\\/#organization\"},\"potentialAction\":[{\"@type\":\"SearchAction\",\"target\":{\"@type\":\"EntryPoint\",\"urlTemplate\":\"https:\\\/\\\/retta.fi\\\/en\\\/?s={search_term_string}\"},\"query-input\":{\"@type\":\"PropertyValueSpecification\",\"valueRequired\":true,\"valueName\":\"search_term_string\"}}],\"inLanguage\":\"en-US\"},{\"@type\":\"Organization\",\"@id\":\"https:\\\/\\\/retta.fi\\\/en\\\/#organization\",\"name\":\"Retta\",\"url\":\"https:\\\/\\\/retta.fi\\\/en\\\/\",\"logo\":{\"@type\":\"ImageObject\",\"inLanguage\":\"en-US\",\"@id\":\"https:\\\/\\\/retta.fi\\\/en\\\/#\\\/schema\\\/logo\\\/image\\\/\",\"url\":\"https:\\\/\\\/retta.fi\\\/wp-content\\\/uploads\\\/2022\\\/04\\\/retta_somejako.png\",\"contentUrl\":\"https:\\\/\\\/retta.fi\\\/wp-content\\\/uploads\\\/2022\\\/04\\\/retta_somejako.png\",\"width\":1200,\"height\":630,\"caption\":\"Retta\"},\"image\":{\"@id\":\"https:\\\/\\\/retta.fi\\\/en\\\/#\\\/schema\\\/logo\\\/image\\\/\"}}]}<\/script>\n<!-- \/ Yoast SEO plugin. -->","yoast_head_json":{"title":"Webinars and events - Retta","description":"Tarjoamme taloyhti\u00f6iden hallituksien j\u00e4senille sek\u00e4 muille aiheista kiinnostuneille tapahtumia ja webinaareja.","robots":{"index":"index","follow":"follow","max-snippet":"max-snippet:-1","max-image-preview":"max-image-preview:large","max-video-preview":"max-video-preview:-1"},"canonical":"https:\/\/retta.fi\/en\/information-about-living\/webinars-and-events\/","og_locale":"en_US","og_type":"article","og_title":"Webinars and events - Retta","og_description":"Tarjoamme taloyhti\u00f6iden hallituksien j\u00e4senille sek\u00e4 muille aiheista kiinnostuneille tapahtumia ja webinaareja.","og_url":"https:\/\/retta.fi\/en\/information-about-living\/webinars-and-events\/","og_site_name":"Retta","article_modified_time":"2025-02-21T06:33:08+00:00","og_image":[{"width":2120,"height":1414,"url":"https:\/\/retta.fi\/wp-content\/uploads\/2024\/10\/webinaarit.jpg","type":"image\/jpeg"}],"twitter_card":"summary_large_image","schema":{"@context":"https:\/\/schema.org","@graph":[{"@type":"WebPage","@id":"https:\/\/retta.fi\/en\/information-about-living\/webinars-and-events\/","url":"https:\/\/retta.fi\/en\/information-about-living\/webinars-and-events\/","name":"Webinars and events - Retta","isPartOf":{"@id":"https:\/\/retta.fi\/en\/#website"},"primaryImageOfPage":{"@id":"https:\/\/retta.fi\/en\/information-about-living\/webinars-and-events\/#primaryimage"},"image":{"@id":"https:\/\/retta.fi\/en\/information-about-living\/webinars-and-events\/#primaryimage"},"thumbnailUrl":"https:\/\/retta.fi\/wp-content\/uploads\/2024\/10\/webinaarit.jpg","datePublished":"2022-08-22T12:25:27+00:00","dateModified":"2025-02-21T06:33:08+00:00","description":"Tarjoamme taloyhti\u00f6iden hallituksien j\u00e4senille sek\u00e4 muille aiheista kiinnostuneille tapahtumia ja webinaareja.","breadcrumb":{"@id":"https:\/\/retta.fi\/en\/information-about-living\/webinars-and-events\/#breadcrumb"},"inLanguage":"en-US","potentialAction":[{"@type":"ReadAction","target":["https:\/\/retta.fi\/en\/information-about-living\/webinars-and-events\/"]}]},{"@type":"ImageObject","inLanguage":"en-US","@id":"https:\/\/retta.fi\/en\/information-about-living\/webinars-and-events\/#primaryimage","url":"https:\/\/retta.fi\/wp-content\/uploads\/2024\/10\/webinaarit.jpg","contentUrl":"https:\/\/retta.fi\/wp-content\/uploads\/2024\/10\/webinaarit.jpg","width":2120,"height":1414},{"@type":"BreadcrumbList","@id":"https:\/\/retta.fi\/en\/information-about-living\/webinars-and-events\/#breadcrumb","itemListElement":[{"@type":"ListItem","position":1,"name":"Home","item":"https:\/\/retta.fi\/en\/"},{"@type":"ListItem","position":2,"name":"Information about Living","item":"https:\/\/retta.fi\/en\/information-about-living\/"},{"@type":"ListItem","position":3,"name":"Webinars and events"}]},{"@type":"WebSite","@id":"https:\/\/retta.fi\/en\/#website","url":"https:\/\/retta.fi\/en\/","name":"Retta","description":"","publisher":{"@id":"https:\/\/retta.fi\/en\/#organization"},"potentialAction":[{"@type":"SearchAction","target":{"@type":"EntryPoint","urlTemplate":"https:\/\/retta.fi\/en\/?s={search_term_string}"},"query-input":{"@type":"PropertyValueSpecification","valueRequired":true,"valueName":"search_term_string"}}],"inLanguage":"en-US"},{"@type":"Organization","@id":"https:\/\/retta.fi\/en\/#organization","name":"Retta","url":"https:\/\/retta.fi\/en\/","logo":{"@type":"ImageObject","inLanguage":"en-US","@id":"https:\/\/retta.fi\/en\/#\/schema\/logo\/image\/","url":"https:\/\/retta.fi\/wp-content\/uploads\/2022\/04\/retta_somejako.png","contentUrl":"https:\/\/retta.fi\/wp-content\/uploads\/2022\/04\/retta_somejako.png","width":1200,"height":630,"caption":"Retta"},"image":{"@id":"https:\/\/retta.fi\/en\/#\/schema\/logo\/image\/"}}]}},"_links":{"self":[{"href":"https:\/\/retta.fi\/en\/wp-json\/wp\/v2\/pages\/44941","targetHints":{"allow":["GET"]}}],"collection":[{"href":"https:\/\/retta.fi\/en\/wp-json\/wp\/v2\/pages"}],"about":[{"href":"https:\/\/retta.fi\/en\/wp-json\/wp\/v2\/types\/page"}],"author":[{"embeddable":true,"href":"https:\/\/retta.fi\/en\/wp-json\/wp\/v2\/users\/31"}],"replies":[{"embeddable":true,"href":"https:\/\/retta.fi\/en\/wp-json\/wp\/v2\/comments?post=44941"}],"version-history":[{"count":1,"href":"https:\/\/retta.fi\/en\/wp-json\/wp\/v2\/pages\/44941\/revisions"}],"predecessor-version":[{"id":44944,"href":"https:\/\/retta.fi\/en\/wp-json\/wp\/v2\/pages\/44941\/revisions\/44944"}],"up":[{"embeddable":true,"href":"https:\/\/retta.fi\/en\/wp-json\/wp\/v2\/pages\/42085"}],"wp:featuredmedia":[{"embeddable":true,"href":"https:\/\/retta.fi\/en\/wp-json\/wp\/v2\/media\/41362"}],"wp:attachment":[{"href":"https:\/\/retta.fi\/en\/wp-json\/wp\/v2\/media?parent=44941"}],"curies":[{"name":"wp","href":"https:\/\/api.w.org\/{rel}","templated":true}]}}