{"id":44867,"date":"2025-01-08T14:40:05","date_gmt":"2025-01-08T12:40:05","guid":{"rendered":"https:\/\/retta.fi\/?page_id=44867"},"modified":"2025-01-08T14:40:06","modified_gmt":"2025-01-08T12:40:06","slug":"old-omaretta-service-kopio","status":"publish","type":"page","link":"https:\/\/retta.fi\/en\/our-services\/old-omaretta-service-kopio\/","title":{"rendered":"OLD OmaRetta service kopio"},"content":{"rendered":"<section id=\"acf-block-634d43c13fefe\" class=\"block block-hero container-fluid ct-darkgreen bg-darkgreen has-bg-pattern\">\n        <div class=\"container\">\n        <div class=\"row\">\n            <div class=\"col-12 col-lg-8 hero-content-col\">\n                <div class=\"hero-content\">\n                    \n\n<h1 class=\"wp-block-heading\"><em>OmaRetta service \u2013 your housing company is always in your pocket!<\/em><\/h1>\n\n\n                <\/div>\n            <\/div>\n        <\/div>\n    <\/div>\n<\/section>\n\n\n\n<section id=\"acf-block-634d43c13ff19\"    class=\"block block-image-and-content container-fluid ct-beige bg-beige has-bg-pattern\">\n    <div class=\"container\">\n        <div class=\"row justify-content-between\">\n            <div class=\"col-12 col-lg-6  img-col\">\n                <div class=\"wp-block-image\">\n                    <div class=\"alignleft\"><img decoding=\"async\" src=\"https:\/\/retta.fi\/wp-content\/uploads\/2022\/06\/Mies-kavelee-lasisen-toimistorakennuksen-edessa-ja-selaa-puhelinta-Retta.jpg\" width=\"864\" height=\"576\" alt=\"Mies k\u00e4velee lasisen toimistorakennuksen edess\u00e4 ja selaa puhelinta Retta\" loading=\"lazy\"><\/div>\n                <\/div>\n            <\/div>\n            <div class=\"col-12 col-lg-5\">\n                <main class=\"entry-content\">\n                    \n\n<p>The OmaRetta service is Retta&#8217;s electronic service channel of all housing matters. All information related to your housing company and housing has been collected in the OmaRetta service, and the information flows smoothly between your housing company and the property manager.<\/p>\n\n\n\n<p>OmaRetta is an electronic service channel for your housing company&#8217;s Board of Directors, shareholders and residents. All information related to housing and your own housing company is always available to you in the OmaRetta service. You can use the service on any device, whenever and wherever you want.<\/p>\n\n\n\n<p>The first time using the service, you can authenticate your login with a mobile certificate or online banking credentials, after which you can use OmaRetta with the username and password of your choice. Some of OmaRetta&#8217;s features are also available without logging in.<\/p>\n\n\n\n<p>You can also find all important contact information related to your housing in the service.<\/p>\n\n\n\n<div class=\"wp-block-button\"><a class=\"wp-block-button__link wp-element-button\" href=\"https:\/\/www.omaretta.fi\/\" target=\"_blank\" rel=\"noopener noreferrer nofollow\">Go to OmaRetta<\/a><\/div>\n\n\n\n<p><\/p>\n\n\n                <\/main>\n            <\/div>\n        <\/div>\n    <\/div>\n<\/section>\n\n<section id=\"acf-block-634d43c13ff3f\" class=\"block block-image-or-embed container-fluid\">\n    <div class=\"container\">\n        <div class=\"row\">\n            <div class=\"col-12 col-lg-8 offset-lg-2 col-hd-6 offset-hd-3\">\n                <div class=\"wp-block-embed\">\n                    <div class=\"alignright block-content\">\n                        <div style=\"height: 100%;\" class=\"oembed oembed-youtube\"><div class=\"ID-cookie-consent-overlay has-bg-pattern bg-darkgreen hidden\"><p>You have not accepted targeting cookies. To see the video, change your settings.<\/p><button id=\"ot-sdk-btn\" class=\"ot-sdk-show-settings button ct-darkgreen\">Cookie settings.<\/button><\/div><iframe title=\"OmaRetta - Taloyhti\u00f6n s\u00e4hk\u00f6inen palvelukanava\" width=\"640\" height=\"360\" src=\"https:\/\/www.youtube.com\/embed\/dz3s3Uu2TUg?feature=oembed\" frameborder=\"0\" allow=\"accelerometer; autoplay; clipboard-write; encrypted-media; gyroscope; picture-in-picture; web-share\" referrerpolicy=\"strict-origin-when-cross-origin\" allowfullscreen><\/iframe><\/div>                                            <\/div>\n                <\/div>\n            <\/div>\n        <\/div>\n    <\/div>\n<\/section>\n\n\n\n<section id=\"acf-block-634d43c13ff47\" class=\"block block-content-wrapper container-fluid container-fluid \">\n    <div class=\"container\">\n        <div class=\"row\">\n            <div class=\"col-12 col-lg-8 offset-lg-2 col-hd-6 offset-hd-3\">\n                <main class=\"entry-content\">\n                    \n\n<h2 class=\"wp-block-heading\">OmaRetta facilitates the work of your housing company&#8217;s Board of Directors<\/h2>\n\n\n\n<p>OmaRetta has a number of services that make it easier for you to work with your building&#8217;s Board of Directors and the Chair. The digital service enables electronic meetings, so you can take part in managing the matters related to housing even from the other side of the world \u2013 or from your own sofa. OmaRetta is always with you. Important documents are also kept safe at OmaRetta.<\/p>\n\n\n\n<h3 class=\"wp-block-heading\">OmaRetta supports your Board work:<\/h3>\n\n\n\n<p>You can find all the services that support your housing company&#8217;s board work on OmaRetta\u2019s \u2018My housing association\u2019 tab.<\/p>\n\n\n\n    <div id=\"accordion-69f312201ae2a\" class=\"element block-accordions\">\n        <div class=\"accordion-items\">\n                            <div class=\"accordion-item has-border open\">\n                    <div class=\"accordion-item--header\">Sign the record of minutes electronically<\/div>\n                    <div class=\"accordion-item--body\">\n                        <div class=\"accordion-item--content entry-content\"><p>No more printing emails and knocking on doors carrying pens and papers! All the meeting information you need, also for remote meetings, can be found in OmaRetta, and you can also sign the meeting minutes electronically.<\/p>\n<\/div>\n                    <\/div>\n                <\/div>\n                            <div class=\"accordion-item has-border open\">\n                    <div class=\"accordion-item--header\">Find the documents you need quickly<\/div>\n                    <div class=\"accordion-item--body\">\n                        <div class=\"accordion-item--content entry-content\"><p>All information on your housing company always travels with you. Whether you need the rescue plan, the annual budget, the company\u2019s long-term repair plan, or the table presenting the division of responsibilities in your housing company, the up-to-date documents are waiting in neat order the OmaRetta folders.<\/p>\n<\/div>\n                    <\/div>\n                <\/div>\n                            <div class=\"accordion-item has-border open\">\n                    <div class=\"accordion-item--header\">Review financial data at a glance<\/div>\n                    <div class=\"accordion-item--body\">\n                        <div class=\"accordion-item--content entry-content\"><p>You can view your housing company&#8217;s up-to-date financial data and browse purchase invoices in the Own Financial Info section, found under the OmaRetta\u2019s Services menu. The service\u2019s clear visual view facilitates reviewing the financial information.<\/p>\n<\/div>\n                    <\/div>\n                <\/div>\n                            <div class=\"accordion-item has-border open\">\n                    <div class=\"accordion-item--header\">Make the newsletters conveniently available to everyone<\/div>\n                    <div class=\"accordion-item--body\">\n                        <div class=\"accordion-item--content entry-content\"><p>Volunteer day coming up or laundry room under renovation? Hand-written notes on the bulletin boards are now a thing of the past: Through OmaRetta, you can effectively inform the residents of your housing company of all events. You can also target your messages to different reference groups as needed.<\/p>\n<\/div>\n                    <\/div>\n                <\/div>\n                            <div class=\"accordion-item has-border open\">\n                    <div class=\"accordion-item--header\">Check the status of repair work and other tasks<\/div>\n                    <div class=\"accordion-item--body\">\n                        <div class=\"accordion-item--content entry-content\"><p>When will the window renovation start and when will the wheezing radiator in the hallway be repaired? OmaRetta&#8217;s task monitoring ensures that you remain up to date with your building&#8217;s future and past repairs and other tasks.<\/p>\n<\/div>\n                    <\/div>\n                <\/div>\n                            <div class=\"accordion-item has-border open\">\n                    <div class=\"accordion-item--header\">Keep energy matters under control<\/div>\n                    <div class=\"accordion-item--body\">\n                        <div class=\"accordion-item--content entry-content\"><p>Monitoring of consumption allows you to observe how much water and energy is used in your housing company. Any issues are observed quickly, so it will be much easier to plan and guide more efficient energy use.<\/p>\n<\/div>\n                    <\/div>\n                <\/div>\n                    <\/div>\n    <\/div>\n    \n\n\n<h3 class=\"wp-block-heading\" id=\"omaretta-hallitukselle\">OmaRetta keeps residents and shareholders up to date<\/h3>\n\n\n\n<p>All your questions related to housing and your building can be solved through OmaRetta. Thanks to the service, you can forget about racing to the list for booking your sauna turn and make sure that your message about the broken lamp in the yard has been read and acknowledged. You can also easily order the housing documents you need. You can use OmaRetta on your mobile phone or computer wherever and whenever you want.<\/p>\n\n\n\n<h3 class=\"wp-block-heading\">OmaRetta makes your housing easier:<\/h3>\n\n\n\n    <div id=\"accordion-69f312201b29d\" class=\"element block-accordions\">\n        <div class=\"accordion-items\">\n                            <div class=\"accordion-item has-border open\">\n                    <div class=\"accordion-item--header\">Book a sauna shift, a parking space or a common area for your use.<\/div>\n                    <div class=\"accordion-item--body\">\n                        <div class=\"accordion-item--content entry-content\"><p>You can easily book common areas, such as saunas, parking spaces, laundry rooms or even a barbecue place, for your own use through OmaRetta.<\/p>\n<\/div>\n                    <\/div>\n                <\/div>\n                            <div class=\"accordion-item has-border open\">\n                    <div class=\"accordion-item--header\">Report faults and renovation plans<\/div>\n                    <div class=\"accordion-item--body\">\n                        <div class=\"accordion-item--content entry-content\"><p>The tenant or shareholder must notify the housing company of almost all renovations carried out in the apartment. You can easily submit a modification work notification in OmaRetta. You also send fault reports about your home&#8217;s repair needs through the service.<\/p>\n<\/div>\n                    <\/div>\n                <\/div>\n                            <div class=\"accordion-item has-border open\">\n                    <div class=\"accordion-item--header\">Order documents and certificates<\/div>\n                    <div class=\"accordion-item--body\">\n                        <div class=\"accordion-item--content entry-content\"><p>Order documents and certificates related to housing, such as the property manager&#8217;s certificate, the articles of association or an extract from the register of occupants from the OmaRetta service. You can pay for the documents using your online banking credentials or an invoice. Get the documents you need quickly.<\/p>\n<\/div>\n                    <\/div>\n                <\/div>\n                            <div class=\"accordion-item has-border open\">\n                    <div class=\"accordion-item--header\">Monitor the modification work done in your home<\/div>\n                    <div class=\"accordion-item--body\">\n                        <div class=\"accordion-item--content entry-content\"><p>OmaRetta tells you when and how the renovations and other work carried out in the housing company will affect your home and your life.<\/p>\n<\/div>\n                    <\/div>\n                <\/div>\n                            <div class=\"accordion-item has-border open\">\n                    <div class=\"accordion-item--header\">Check the status of your payments<\/div>\n                    <div class=\"accordion-item--body\">\n                        <div class=\"accordion-item--content entry-content\"><p>All housing-related invoices and payment information, such as housing charges, utility charges and water bills, are stored on OmaRetta&#8217;s \u2018Own financial info\u2019 page. In the service, you can also view upcoming payments and their possible changes.<\/p>\n<\/div>\n                    <\/div>\n                <\/div>\n                            <div class=\"accordion-item has-border open\">\n                    <div class=\"accordion-item--header\">Monitor your housing company&#8217;s energy consumption<\/div>\n                    <div class=\"accordion-item--body\">\n                        <div class=\"accordion-item--content entry-content\"><p>OmaRetta service allows you to view the water and energy consumption of your housing company and the trends of the data.<\/p>\n<\/div>\n                    <\/div>\n                <\/div>\n                            <div class=\"accordion-item has-border open\">\n                    <div class=\"accordion-item--header\">Submit a moving notification (can be done without registration)<\/div>\n                    <div class=\"accordion-item--body\">\n                        <div class=\"accordion-item--content entry-content\"><p>Submit a notification of moving in\/out to apartments managed by Retta Is\u00e4nn\u00f6inti property management services and Retta Asuntovuokraus rental services via OmaRetta. We will send the moving information you have provided on your behalf to the property management agency and, if necessary, to the maintenance company.<\/p>\n<\/div>\n                    <\/div>\n                <\/div>\n                            <div class=\"accordion-item has-border open\">\n                    <div class=\"accordion-item--header\">Give feedback (can be done without registration)<\/div>\n                    <div class=\"accordion-item--body\">\n                        <div class=\"accordion-item--content entry-content\"><p>Via OmaRetta, you can also share your opinions about the service itself, Retta Is\u00e4nn\u00f6inti property management services, the work of your building&#8217;s Board of Directors or the of maintenance work carried out. You can leave feedback anonymously or under your own name.<\/p>\n<\/div>\n                    <\/div>\n                <\/div>\n                    <\/div>\n    <\/div>\n    \n\n                <\/main>\n            <\/div>\n        <\/div>\n    <\/div>\n<\/section>\n\n","protected":false},"excerpt":{"rendered":"","protected":false},"author":31,"featured_media":32300,"parent":10408,"menu_order":0,"comment_status":"closed","ping_status":"closed","template":"","meta":{"_acf_changed":false,"_relevanssi_hide_post":"","_relevanssi_hide_content":"","_relevanssi_pin_for_all":"","_relevanssi_pin_keywords":"","_relevanssi_unpin_keywords":"","_relevanssi_related_keywords":"","_relevanssi_related_include_ids":"","_relevanssi_related_exclude_ids":"","_relevanssi_related_no_append":"","_relevanssi_related_not_related":"","_relevanssi_related_posts":"24599,29443,40617,41079,29429,29425","_relevanssi_noindex_reason":"","footnotes":""},"class_list":["post-44867","page","type-page","status-publish","has-post-thumbnail","hentry"],"acf":[],"yoast_head":"<!-- This site is optimized with the Yoast SEO plugin v27.4 - https:\/\/yoast.com\/product\/yoast-seo-wordpress\/ -->\n<title>OLD OmaRetta service kopio - Retta<\/title>\n<meta name=\"description\" content=\"OmaRetta service \u2013 your housing company is always in your pocket! The OmaRetta service is Retta&#039;s electronic service channel of all housing matters. All\" \/>\n<meta name=\"robots\" content=\"index, follow, max-snippet:-1, max-image-preview:large, max-video-preview:-1\" \/>\n<link rel=\"canonical\" href=\"https:\/\/retta.fi\/en\/our-services\/old-omaretta-service-kopio\/\" \/>\n<meta property=\"og:locale\" content=\"en_US\" \/>\n<meta property=\"og:type\" content=\"article\" \/>\n<meta property=\"og:title\" content=\"OLD OmaRetta service kopio - Retta\" \/>\n<meta property=\"og:description\" content=\"OmaRetta service \u2013 your housing company is always in your pocket! The OmaRetta service is Retta&#039;s electronic service channel of all housing matters. All\" \/>\n<meta property=\"og:url\" content=\"https:\/\/retta.fi\/en\/our-services\/old-omaretta-service-kopio\/\" \/>\n<meta property=\"og:site_name\" content=\"Retta\" \/>\n<meta property=\"article:modified_time\" content=\"2025-01-08T12:40:06+00:00\" \/>\n<meta property=\"og:image\" content=\"https:\/\/retta.fi\/wp-content\/uploads\/2024\/02\/Omaretta_ruudut_leiska.webp\" \/>\n\t<meta property=\"og:image:width\" content=\"1600\" \/>\n\t<meta property=\"og:image:height\" content=\"1229\" \/>\n\t<meta property=\"og:image:type\" content=\"image\/webp\" \/>\n<meta name=\"twitter:card\" content=\"summary_large_image\" \/>\n<script type=\"application\/ld+json\" class=\"yoast-schema-graph\">{\"@context\":\"https:\\\/\\\/schema.org\",\"@graph\":[{\"@type\":\"WebPage\",\"@id\":\"https:\\\/\\\/retta.fi\\\/en\\\/our-services\\\/old-omaretta-service-kopio\\\/\",\"url\":\"https:\\\/\\\/retta.fi\\\/en\\\/our-services\\\/old-omaretta-service-kopio\\\/\",\"name\":\"OLD OmaRetta service kopio - Retta\",\"isPartOf\":{\"@id\":\"https:\\\/\\\/retta.fi\\\/en\\\/#website\"},\"primaryImageOfPage\":{\"@id\":\"https:\\\/\\\/retta.fi\\\/en\\\/our-services\\\/old-omaretta-service-kopio\\\/#primaryimage\"},\"image\":{\"@id\":\"https:\\\/\\\/retta.fi\\\/en\\\/our-services\\\/old-omaretta-service-kopio\\\/#primaryimage\"},\"thumbnailUrl\":\"https:\\\/\\\/retta.fi\\\/wp-content\\\/uploads\\\/2024\\\/02\\\/Omaretta_ruudut_leiska.webp\",\"datePublished\":\"2025-01-08T12:40:05+00:00\",\"dateModified\":\"2025-01-08T12:40:06+00:00\",\"description\":\"OmaRetta service \u2013 your housing company is always in your pocket! The OmaRetta service is Retta's electronic service channel of all housing matters. All\",\"breadcrumb\":{\"@id\":\"https:\\\/\\\/retta.fi\\\/en\\\/our-services\\\/old-omaretta-service-kopio\\\/#breadcrumb\"},\"inLanguage\":\"en-US\",\"potentialAction\":[{\"@type\":\"ReadAction\",\"target\":[\"https:\\\/\\\/retta.fi\\\/en\\\/our-services\\\/old-omaretta-service-kopio\\\/\"]}]},{\"@type\":\"ImageObject\",\"inLanguage\":\"en-US\",\"@id\":\"https:\\\/\\\/retta.fi\\\/en\\\/our-services\\\/old-omaretta-service-kopio\\\/#primaryimage\",\"url\":\"https:\\\/\\\/retta.fi\\\/wp-content\\\/uploads\\\/2024\\\/02\\\/Omaretta_ruudut_leiska.webp\",\"contentUrl\":\"https:\\\/\\\/retta.fi\\\/wp-content\\\/uploads\\\/2024\\\/02\\\/Omaretta_ruudut_leiska.webp\",\"width\":1600,\"height\":1229},{\"@type\":\"BreadcrumbList\",\"@id\":\"https:\\\/\\\/retta.fi\\\/en\\\/our-services\\\/old-omaretta-service-kopio\\\/#breadcrumb\",\"itemListElement\":[{\"@type\":\"ListItem\",\"position\":1,\"name\":\"Home\",\"item\":\"https:\\\/\\\/retta.fi\\\/en\\\/\"},{\"@type\":\"ListItem\",\"position\":2,\"name\":\"Our services\",\"item\":\"https:\\\/\\\/retta.fi\\\/en\\\/our-services\\\/\"},{\"@type\":\"ListItem\",\"position\":3,\"name\":\"OLD OmaRetta service kopio\"}]},{\"@type\":\"WebSite\",\"@id\":\"https:\\\/\\\/retta.fi\\\/en\\\/#website\",\"url\":\"https:\\\/\\\/retta.fi\\\/en\\\/\",\"name\":\"Retta\",\"description\":\"\",\"publisher\":{\"@id\":\"https:\\\/\\\/retta.fi\\\/en\\\/#organization\"},\"potentialAction\":[{\"@type\":\"SearchAction\",\"target\":{\"@type\":\"EntryPoint\",\"urlTemplate\":\"https:\\\/\\\/retta.fi\\\/en\\\/?s={search_term_string}\"},\"query-input\":{\"@type\":\"PropertyValueSpecification\",\"valueRequired\":true,\"valueName\":\"search_term_string\"}}],\"inLanguage\":\"en-US\"},{\"@type\":\"Organization\",\"@id\":\"https:\\\/\\\/retta.fi\\\/en\\\/#organization\",\"name\":\"Retta\",\"url\":\"https:\\\/\\\/retta.fi\\\/en\\\/\",\"logo\":{\"@type\":\"ImageObject\",\"inLanguage\":\"en-US\",\"@id\":\"https:\\\/\\\/retta.fi\\\/en\\\/#\\\/schema\\\/logo\\\/image\\\/\",\"url\":\"https:\\\/\\\/retta.fi\\\/wp-content\\\/uploads\\\/2022\\\/04\\\/retta_somejako.png\",\"contentUrl\":\"https:\\\/\\\/retta.fi\\\/wp-content\\\/uploads\\\/2022\\\/04\\\/retta_somejako.png\",\"width\":1200,\"height\":630,\"caption\":\"Retta\"},\"image\":{\"@id\":\"https:\\\/\\\/retta.fi\\\/en\\\/#\\\/schema\\\/logo\\\/image\\\/\"}}]}<\/script>\n<!-- \/ Yoast SEO plugin. -->","yoast_head_json":{"title":"OLD OmaRetta service kopio - Retta","description":"OmaRetta service \u2013 your housing company is always in your pocket! The OmaRetta service is Retta's electronic service channel of all housing matters. All","robots":{"index":"index","follow":"follow","max-snippet":"max-snippet:-1","max-image-preview":"max-image-preview:large","max-video-preview":"max-video-preview:-1"},"canonical":"https:\/\/retta.fi\/en\/our-services\/old-omaretta-service-kopio\/","og_locale":"en_US","og_type":"article","og_title":"OLD OmaRetta service kopio - Retta","og_description":"OmaRetta service \u2013 your housing company is always in your pocket! The OmaRetta service is Retta's electronic service channel of all housing matters. All","og_url":"https:\/\/retta.fi\/en\/our-services\/old-omaretta-service-kopio\/","og_site_name":"Retta","article_modified_time":"2025-01-08T12:40:06+00:00","og_image":[{"width":1600,"height":1229,"url":"https:\/\/retta.fi\/wp-content\/uploads\/2024\/02\/Omaretta_ruudut_leiska.webp","type":"image\/webp"}],"twitter_card":"summary_large_image","schema":{"@context":"https:\/\/schema.org","@graph":[{"@type":"WebPage","@id":"https:\/\/retta.fi\/en\/our-services\/old-omaretta-service-kopio\/","url":"https:\/\/retta.fi\/en\/our-services\/old-omaretta-service-kopio\/","name":"OLD OmaRetta service kopio - Retta","isPartOf":{"@id":"https:\/\/retta.fi\/en\/#website"},"primaryImageOfPage":{"@id":"https:\/\/retta.fi\/en\/our-services\/old-omaretta-service-kopio\/#primaryimage"},"image":{"@id":"https:\/\/retta.fi\/en\/our-services\/old-omaretta-service-kopio\/#primaryimage"},"thumbnailUrl":"https:\/\/retta.fi\/wp-content\/uploads\/2024\/02\/Omaretta_ruudut_leiska.webp","datePublished":"2025-01-08T12:40:05+00:00","dateModified":"2025-01-08T12:40:06+00:00","description":"OmaRetta service \u2013 your housing company is always in your pocket! The OmaRetta service is Retta's electronic service channel of all housing matters. All","breadcrumb":{"@id":"https:\/\/retta.fi\/en\/our-services\/old-omaretta-service-kopio\/#breadcrumb"},"inLanguage":"en-US","potentialAction":[{"@type":"ReadAction","target":["https:\/\/retta.fi\/en\/our-services\/old-omaretta-service-kopio\/"]}]},{"@type":"ImageObject","inLanguage":"en-US","@id":"https:\/\/retta.fi\/en\/our-services\/old-omaretta-service-kopio\/#primaryimage","url":"https:\/\/retta.fi\/wp-content\/uploads\/2024\/02\/Omaretta_ruudut_leiska.webp","contentUrl":"https:\/\/retta.fi\/wp-content\/uploads\/2024\/02\/Omaretta_ruudut_leiska.webp","width":1600,"height":1229},{"@type":"BreadcrumbList","@id":"https:\/\/retta.fi\/en\/our-services\/old-omaretta-service-kopio\/#breadcrumb","itemListElement":[{"@type":"ListItem","position":1,"name":"Home","item":"https:\/\/retta.fi\/en\/"},{"@type":"ListItem","position":2,"name":"Our services","item":"https:\/\/retta.fi\/en\/our-services\/"},{"@type":"ListItem","position":3,"name":"OLD OmaRetta service kopio"}]},{"@type":"WebSite","@id":"https:\/\/retta.fi\/en\/#website","url":"https:\/\/retta.fi\/en\/","name":"Retta","description":"","publisher":{"@id":"https:\/\/retta.fi\/en\/#organization"},"potentialAction":[{"@type":"SearchAction","target":{"@type":"EntryPoint","urlTemplate":"https:\/\/retta.fi\/en\/?s={search_term_string}"},"query-input":{"@type":"PropertyValueSpecification","valueRequired":true,"valueName":"search_term_string"}}],"inLanguage":"en-US"},{"@type":"Organization","@id":"https:\/\/retta.fi\/en\/#organization","name":"Retta","url":"https:\/\/retta.fi\/en\/","logo":{"@type":"ImageObject","inLanguage":"en-US","@id":"https:\/\/retta.fi\/en\/#\/schema\/logo\/image\/","url":"https:\/\/retta.fi\/wp-content\/uploads\/2022\/04\/retta_somejako.png","contentUrl":"https:\/\/retta.fi\/wp-content\/uploads\/2022\/04\/retta_somejako.png","width":1200,"height":630,"caption":"Retta"},"image":{"@id":"https:\/\/retta.fi\/en\/#\/schema\/logo\/image\/"}}]}},"_links":{"self":[{"href":"https:\/\/retta.fi\/en\/wp-json\/wp\/v2\/pages\/44867","targetHints":{"allow":["GET"]}}],"collection":[{"href":"https:\/\/retta.fi\/en\/wp-json\/wp\/v2\/pages"}],"about":[{"href":"https:\/\/retta.fi\/en\/wp-json\/wp\/v2\/types\/page"}],"author":[{"embeddable":true,"href":"https:\/\/retta.fi\/en\/wp-json\/wp\/v2\/users\/31"}],"replies":[{"embeddable":true,"href":"https:\/\/retta.fi\/en\/wp-json\/wp\/v2\/comments?post=44867"}],"version-history":[{"count":1,"href":"https:\/\/retta.fi\/en\/wp-json\/wp\/v2\/pages\/44867\/revisions"}],"predecessor-version":[{"id":44870,"href":"https:\/\/retta.fi\/en\/wp-json\/wp\/v2\/pages\/44867\/revisions\/44870"}],"up":[{"embeddable":true,"href":"https:\/\/retta.fi\/en\/wp-json\/wp\/v2\/pages\/10408"}],"wp:featuredmedia":[{"embeddable":true,"href":"https:\/\/retta.fi\/en\/wp-json\/wp\/v2\/media\/32300"}],"wp:attachment":[{"href":"https:\/\/retta.fi\/en\/wp-json\/wp\/v2\/media?parent=44867"}],"curies":[{"name":"wp","href":"https:\/\/api.w.org\/{rel}","templated":true}]}}