{"id":44841,"date":"2024-12-13T14:41:10","date_gmt":"2024-12-13T12:41:10","guid":{"rendered":"https:\/\/retta.fi\/liikekiinteistot-hallinto-ja-hoito\/"},"modified":"2025-04-08T14:54:38","modified_gmt":"2025-04-08T11:54:38","slug":"commercial-properties-management-and-maintenance","status":"publish","type":"page","link":"https:\/\/retta.fi\/en\/for-developers-and-key-clients\/commercial-properties-management-and-maintenance\/","title":{"rendered":"Commercial Properties &#8211; Management and Maintenance"},"content":{"rendered":"<section id=\"acf-block-634d4b942c316\" class=\"block block-hero container-fluid ct-darkgreen bg-darkgreen \">\n        <div class=\"container\">\n        <div class=\"row\">\n            <div class=\"col-12 col-lg-8 hero-content-col\">\n                <div class=\"hero-content\">\n                    \n\n<h1 class=\"wp-block-heading\">Commercial Properties<em> &#8211; Management and Maintenance<\/em><\/h1>\n\n\n                <\/div>\n            <\/div>\n        <\/div>\n    <\/div>\n<\/section>\n\n\n\n<section id=\"acf-block-634d4b942c366\"    class=\"block block-image-and-content container-fluid default-bg \">\n    <div class=\"container\">\n        <div class=\"row justify-content-between\">\n            <div class=\"col-12 col-lg-6  img-col\">\n                <div class=\"wp-block-image\">\n                    <div class=\"alignleft\"><img decoding=\"async\" src=\"https:\/\/retta.fi\/wp-content\/uploads\/2023\/06\/Kauppakeskuskiinteistot.png\" width=\"672\" height=\"443\" alt=\"\" loading=\"lazy\"><\/div>\n                <\/div>\n            <\/div>\n            <div class=\"col-12 col-lg-5\">\n                <main class=\"entry-content\">\n                    \n\n<p class=\"is-style-lead\">Retta Service Companies offers expert professional services for the management and maintenance of commercial properties.<\/p>\n\n\n\n<h3 class=\"wp-block-heading\">Operating Model<\/h3>\n\n\n\n<p>Managing the administration of commercial properties is a comprehensive service that ensures smooth operations, cost-efficiency, and the preservation of owner value. We provide all administrative, technical, and financial tasks related to property management and the needs of its users.<\/p>\n\n\n\n<p>The service content is defined with a customer-oriented approach.<\/p>\n\n\n\n<p><\/p>\n\n\n                <\/main>\n            <\/div>\n        <\/div>\n    <\/div>\n<\/section>\n\n\n<section id=\"acf-block-67f4fb45bc69f\" class=\"block block-two-innerblocks container-fluid ct-darkgreen bg-darkgreen has-bg-pattern\">\n    <div class=\"container\">\n        <div class=\"row justify-content-between\">\n            \n<div class=\"block-innerblocks-container-narrow col-12 col-lg-5 entry-content\">\n    \n\n<h2 class=\"wp-block-heading\">Commercial property service description<\/h2>\n\n\n\n<p>Our services can be tailored to the property owner&#8217;s goals and the specific characteristics of the property. We manage properties with a long-term and results-oriented approach, ensuring that they generate added value for their owners and offer high-quality facilities and services to their users.<\/p>\n\n\n\n<p><strong>Key areas of the service:<\/strong><\/p>\n\n\n<\/div>\n\n\n<div class=\"block-innerblocks-container col-12 col-lg-6 entry-content\">\n    \n\n    <div id=\"accordion-69e19f438ec6c\" class=\"element block-accordions\">\n        <div class=\"accordion-items\">\n                            <div class=\"accordion-item has-border open\">\n                    <div class=\"accordion-item--header\">1. Financial management of the property<\/div>\n                    <div class=\"accordion-item--body\">\n                        <div class=\"accordion-item--content entry-content\"><ul>\n<li>Financial monitoring: budgeting, financial reporting and cost optimization<\/li>\n<li>Cash flow management: rent collection, payment transaction monitoring and financial performance analysis<\/li>\n<\/ul>\n<\/div>\n                    <\/div>\n                <\/div>\n                            <div class=\"accordion-item has-border open\">\n                    <div class=\"accordion-item--header\">2. Technical maintenance and upkeep<\/div>\n                    <div class=\"accordion-item--body\">\n                        <div class=\"accordion-item--content entry-content\"><ul>\n<li>Facility management: proactive and reactive maintenance and monitoring of technical systems<\/li>\n<li>Maintenance and renovation projects: long-term maintenance planning of buildings and technical systems<\/li>\n<li>Energy efficiency optimization: energy cost management and sustainable solutions<\/li>\n<\/ul>\n<\/div>\n                    <\/div>\n                <\/div>\n                            <div class=\"accordion-item has-border open\">\n                    <div class=\"accordion-item--header\">3. Tenant and user experience management<\/div>\n                    <div class=\"accordion-item--body\">\n                        <div class=\"accordion-item--content entry-content\"><ul>\n<li>Tenant satisfaction monitoring and customer service<\/li>\n<li>Developing property comfort and safety<\/li>\n<li>Management and management of services, service providers and common areas<\/li>\n<\/ul>\n<\/div>\n                    <\/div>\n                <\/div>\n                            <div class=\"accordion-item has-border open\">\n                    <div class=\"accordion-item--header\">4. Legal obligations and risk management<\/div>\n                    <div class=\"accordion-item--body\">\n                        <div class=\"accordion-item--content entry-content\"><ul>\n<li>Contract Management and Real Estate Compliance<\/li>\n<li>Insurance and risk minimization<\/li>\n<\/ul>\n<\/div>\n                    <\/div>\n                <\/div>\n                            <div class=\"accordion-item has-border open\">\n                    <div class=\"accordion-item--header\">5. Strategic development of the property<\/div>\n                    <div class=\"accordion-item--body\">\n                        <div class=\"accordion-item--content entry-content\"><ul>\n<li>Value development planning and investment management<\/li>\n<li>Optimization of use and space efficiency<\/li>\n<li>Analysis of the market situation and competition situation<\/li>\n<\/ul>\n<\/div>\n                    <\/div>\n                <\/div>\n                    <\/div>\n    <\/div>\n    \n\n<\/div>\n\n        <\/div>\n    <\/div>\n<\/section>\n\n\n<div class=\"block-innerblocks-container col-12 col-lg-6 entry-content\">\n    \n\n<p><\/p>\n\n\n<\/div>\n\n\n\n","protected":false},"excerpt":{"rendered":"","protected":false},"author":31,"featured_media":27703,"parent":42328,"menu_order":0,"comment_status":"closed","ping_status":"closed","template":"","meta":{"_acf_changed":false,"_relevanssi_hide_post":"","_relevanssi_hide_content":"","_relevanssi_pin_for_all":"","_relevanssi_pin_keywords":"","_relevanssi_unpin_keywords":"","_relevanssi_related_keywords":"","_relevanssi_related_include_ids":"","_relevanssi_related_exclude_ids":"","_relevanssi_related_no_append":"","_relevanssi_related_not_related":"","_relevanssi_related_posts":"20194,3589,1632,3365,3518,29910","_relevanssi_noindex_reason":"","footnotes":""},"class_list":["post-44841","page","type-page","status-publish","has-post-thumbnail","hentry"],"acf":[],"yoast_head":"<!-- This site is optimized with the Yoast SEO plugin v27.1.1 - https:\/\/yoast.com\/product\/yoast-seo-wordpress\/ -->\n<title>Commercial Properties - Management and Maintenance - Retta<\/title>\n<meta name=\"description\" content=\"Retta Palveluyhti\u00f6 tarjoaa r\u00e4\u00e4t\u00e4l\u00f6ityj\u00e4 palveluita asiakasyhti\u00f6n kiinteist\u00f6jen ja tilojen eri tarpeisiin.\" \/>\n<meta name=\"robots\" content=\"index, follow, max-snippet:-1, max-image-preview:large, max-video-preview:-1\" \/>\n<link rel=\"canonical\" href=\"https:\/\/retta.fi\/en\/for-developers-and-key-clients\/commercial-properties-management-and-maintenance\/\" \/>\n<meta property=\"og:locale\" content=\"en_US\" \/>\n<meta property=\"og:type\" content=\"article\" \/>\n<meta property=\"og:title\" content=\"Commercial Properties - Management and Maintenance - Retta\" \/>\n<meta property=\"og:description\" content=\"Retta Palveluyhti\u00f6 tarjoaa r\u00e4\u00e4t\u00e4l\u00f6ityj\u00e4 palveluita asiakasyhti\u00f6n kiinteist\u00f6jen ja tilojen eri tarpeisiin.\" \/>\n<meta property=\"og:url\" content=\"https:\/\/retta.fi\/en\/for-developers-and-key-clients\/commercial-properties-management-and-maintenance\/\" \/>\n<meta property=\"og:site_name\" content=\"Retta\" \/>\n<meta property=\"article:modified_time\" content=\"2025-04-08T11:54:38+00:00\" \/>\n<meta property=\"og:image\" content=\"https:\/\/retta.fi\/wp-content\/uploads\/2023\/06\/Kauppakeskuskiinteistot.png\" \/>\n\t<meta property=\"og:image:width\" content=\"672\" \/>\n\t<meta property=\"og:image:height\" content=\"443\" \/>\n\t<meta property=\"og:image:type\" content=\"image\/png\" \/>\n<meta name=\"twitter:card\" content=\"summary_large_image\" \/>\n<script type=\"application\/ld+json\" class=\"yoast-schema-graph\">{\"@context\":\"https:\/\/schema.org\",\"@graph\":[{\"@type\":\"WebPage\",\"@id\":\"https:\/\/retta.fi\/en\/for-developers-and-key-clients\/commercial-properties-management-and-maintenance\/\",\"url\":\"https:\/\/retta.fi\/en\/for-developers-and-key-clients\/commercial-properties-management-and-maintenance\/\",\"name\":\"Commercial Properties - Management and Maintenance - Retta\",\"isPartOf\":{\"@id\":\"https:\/\/retta.fi\/en\/#website\"},\"primaryImageOfPage\":{\"@id\":\"https:\/\/retta.fi\/en\/for-developers-and-key-clients\/commercial-properties-management-and-maintenance\/#primaryimage\"},\"image\":{\"@id\":\"https:\/\/retta.fi\/en\/for-developers-and-key-clients\/commercial-properties-management-and-maintenance\/#primaryimage\"},\"thumbnailUrl\":\"https:\/\/retta.fi\/wp-content\/uploads\/2023\/06\/Kauppakeskuskiinteistot.png\",\"datePublished\":\"2024-12-13T12:41:10+00:00\",\"dateModified\":\"2025-04-08T11:54:38+00:00\",\"description\":\"Retta Palveluyhti\u00f6 tarjoaa r\u00e4\u00e4t\u00e4l\u00f6ityj\u00e4 palveluita asiakasyhti\u00f6n kiinteist\u00f6jen ja tilojen eri tarpeisiin.\",\"breadcrumb\":{\"@id\":\"https:\/\/retta.fi\/en\/for-developers-and-key-clients\/commercial-properties-management-and-maintenance\/#breadcrumb\"},\"inLanguage\":\"en-US\",\"potentialAction\":[{\"@type\":\"ReadAction\",\"target\":[\"https:\/\/retta.fi\/en\/for-developers-and-key-clients\/commercial-properties-management-and-maintenance\/\"]}]},{\"@type\":\"ImageObject\",\"inLanguage\":\"en-US\",\"@id\":\"https:\/\/retta.fi\/en\/for-developers-and-key-clients\/commercial-properties-management-and-maintenance\/#primaryimage\",\"url\":\"https:\/\/retta.fi\/wp-content\/uploads\/2023\/06\/Kauppakeskuskiinteistot.png\",\"contentUrl\":\"https:\/\/retta.fi\/wp-content\/uploads\/2023\/06\/Kauppakeskuskiinteistot.png\",\"width\":672,\"height\":443},{\"@type\":\"BreadcrumbList\",\"@id\":\"https:\/\/retta.fi\/en\/for-developers-and-key-clients\/commercial-properties-management-and-maintenance\/#breadcrumb\",\"itemListElement\":[{\"@type\":\"ListItem\",\"position\":1,\"name\":\"Home\",\"item\":\"https:\/\/retta.fi\/en\/\"},{\"@type\":\"ListItem\",\"position\":2,\"name\":\"For Developers and Key Clients\",\"item\":\"https:\/\/retta.fi\/en\/for-developers-and-key-clients\/\"},{\"@type\":\"ListItem\",\"position\":3,\"name\":\"Commercial Properties &#8211; Management and Maintenance\"}]},{\"@type\":\"WebSite\",\"@id\":\"https:\/\/retta.fi\/en\/#website\",\"url\":\"https:\/\/retta.fi\/en\/\",\"name\":\"Retta\",\"description\":\"\",\"publisher\":{\"@id\":\"https:\/\/retta.fi\/en\/#organization\"},\"potentialAction\":[{\"@type\":\"SearchAction\",\"target\":{\"@type\":\"EntryPoint\",\"urlTemplate\":\"https:\/\/retta.fi\/en\/?s={search_term_string}\"},\"query-input\":{\"@type\":\"PropertyValueSpecification\",\"valueRequired\":true,\"valueName\":\"search_term_string\"}}],\"inLanguage\":\"en-US\"},{\"@type\":\"Organization\",\"@id\":\"https:\/\/retta.fi\/en\/#organization\",\"name\":\"Retta\",\"url\":\"https:\/\/retta.fi\/en\/\",\"logo\":{\"@type\":\"ImageObject\",\"inLanguage\":\"en-US\",\"@id\":\"https:\/\/retta.fi\/en\/#\/schema\/logo\/image\/\",\"url\":\"https:\/\/retta.fi\/wp-content\/uploads\/2022\/04\/retta_somejako.png\",\"contentUrl\":\"https:\/\/retta.fi\/wp-content\/uploads\/2022\/04\/retta_somejako.png\",\"width\":1200,\"height\":630,\"caption\":\"Retta\"},\"image\":{\"@id\":\"https:\/\/retta.fi\/en\/#\/schema\/logo\/image\/\"}}]}<\/script>\n<!-- \/ Yoast SEO plugin. -->","yoast_head_json":{"title":"Commercial Properties - Management and Maintenance - Retta","description":"Retta Palveluyhti\u00f6 tarjoaa r\u00e4\u00e4t\u00e4l\u00f6ityj\u00e4 palveluita asiakasyhti\u00f6n kiinteist\u00f6jen ja tilojen eri tarpeisiin.","robots":{"index":"index","follow":"follow","max-snippet":"max-snippet:-1","max-image-preview":"max-image-preview:large","max-video-preview":"max-video-preview:-1"},"canonical":"https:\/\/retta.fi\/en\/for-developers-and-key-clients\/commercial-properties-management-and-maintenance\/","og_locale":"en_US","og_type":"article","og_title":"Commercial Properties - Management and Maintenance - Retta","og_description":"Retta Palveluyhti\u00f6 tarjoaa r\u00e4\u00e4t\u00e4l\u00f6ityj\u00e4 palveluita asiakasyhti\u00f6n kiinteist\u00f6jen ja tilojen eri tarpeisiin.","og_url":"https:\/\/retta.fi\/en\/for-developers-and-key-clients\/commercial-properties-management-and-maintenance\/","og_site_name":"Retta","article_modified_time":"2025-04-08T11:54:38+00:00","og_image":[{"width":672,"height":443,"url":"https:\/\/retta.fi\/wp-content\/uploads\/2023\/06\/Kauppakeskuskiinteistot.png","type":"image\/png"}],"twitter_card":"summary_large_image","schema":{"@context":"https:\/\/schema.org","@graph":[{"@type":"WebPage","@id":"https:\/\/retta.fi\/en\/for-developers-and-key-clients\/commercial-properties-management-and-maintenance\/","url":"https:\/\/retta.fi\/en\/for-developers-and-key-clients\/commercial-properties-management-and-maintenance\/","name":"Commercial Properties - Management and Maintenance - Retta","isPartOf":{"@id":"https:\/\/retta.fi\/en\/#website"},"primaryImageOfPage":{"@id":"https:\/\/retta.fi\/en\/for-developers-and-key-clients\/commercial-properties-management-and-maintenance\/#primaryimage"},"image":{"@id":"https:\/\/retta.fi\/en\/for-developers-and-key-clients\/commercial-properties-management-and-maintenance\/#primaryimage"},"thumbnailUrl":"https:\/\/retta.fi\/wp-content\/uploads\/2023\/06\/Kauppakeskuskiinteistot.png","datePublished":"2024-12-13T12:41:10+00:00","dateModified":"2025-04-08T11:54:38+00:00","description":"Retta Palveluyhti\u00f6 tarjoaa r\u00e4\u00e4t\u00e4l\u00f6ityj\u00e4 palveluita asiakasyhti\u00f6n kiinteist\u00f6jen ja tilojen eri tarpeisiin.","breadcrumb":{"@id":"https:\/\/retta.fi\/en\/for-developers-and-key-clients\/commercial-properties-management-and-maintenance\/#breadcrumb"},"inLanguage":"en-US","potentialAction":[{"@type":"ReadAction","target":["https:\/\/retta.fi\/en\/for-developers-and-key-clients\/commercial-properties-management-and-maintenance\/"]}]},{"@type":"ImageObject","inLanguage":"en-US","@id":"https:\/\/retta.fi\/en\/for-developers-and-key-clients\/commercial-properties-management-and-maintenance\/#primaryimage","url":"https:\/\/retta.fi\/wp-content\/uploads\/2023\/06\/Kauppakeskuskiinteistot.png","contentUrl":"https:\/\/retta.fi\/wp-content\/uploads\/2023\/06\/Kauppakeskuskiinteistot.png","width":672,"height":443},{"@type":"BreadcrumbList","@id":"https:\/\/retta.fi\/en\/for-developers-and-key-clients\/commercial-properties-management-and-maintenance\/#breadcrumb","itemListElement":[{"@type":"ListItem","position":1,"name":"Home","item":"https:\/\/retta.fi\/en\/"},{"@type":"ListItem","position":2,"name":"For Developers and Key Clients","item":"https:\/\/retta.fi\/en\/for-developers-and-key-clients\/"},{"@type":"ListItem","position":3,"name":"Commercial Properties &#8211; Management and Maintenance"}]},{"@type":"WebSite","@id":"https:\/\/retta.fi\/en\/#website","url":"https:\/\/retta.fi\/en\/","name":"Retta","description":"","publisher":{"@id":"https:\/\/retta.fi\/en\/#organization"},"potentialAction":[{"@type":"SearchAction","target":{"@type":"EntryPoint","urlTemplate":"https:\/\/retta.fi\/en\/?s={search_term_string}"},"query-input":{"@type":"PropertyValueSpecification","valueRequired":true,"valueName":"search_term_string"}}],"inLanguage":"en-US"},{"@type":"Organization","@id":"https:\/\/retta.fi\/en\/#organization","name":"Retta","url":"https:\/\/retta.fi\/en\/","logo":{"@type":"ImageObject","inLanguage":"en-US","@id":"https:\/\/retta.fi\/en\/#\/schema\/logo\/image\/","url":"https:\/\/retta.fi\/wp-content\/uploads\/2022\/04\/retta_somejako.png","contentUrl":"https:\/\/retta.fi\/wp-content\/uploads\/2022\/04\/retta_somejako.png","width":1200,"height":630,"caption":"Retta"},"image":{"@id":"https:\/\/retta.fi\/en\/#\/schema\/logo\/image\/"}}]}},"_links":{"self":[{"href":"https:\/\/retta.fi\/en\/wp-json\/wp\/v2\/pages\/44841","targetHints":{"allow":["GET"]}}],"collection":[{"href":"https:\/\/retta.fi\/en\/wp-json\/wp\/v2\/pages"}],"about":[{"href":"https:\/\/retta.fi\/en\/wp-json\/wp\/v2\/types\/page"}],"author":[{"embeddable":true,"href":"https:\/\/retta.fi\/en\/wp-json\/wp\/v2\/users\/31"}],"replies":[{"embeddable":true,"href":"https:\/\/retta.fi\/en\/wp-json\/wp\/v2\/comments?post=44841"}],"version-history":[{"count":5,"href":"https:\/\/retta.fi\/en\/wp-json\/wp\/v2\/pages\/44841\/revisions"}],"predecessor-version":[{"id":47859,"href":"https:\/\/retta.fi\/en\/wp-json\/wp\/v2\/pages\/44841\/revisions\/47859"}],"up":[{"embeddable":true,"href":"https:\/\/retta.fi\/en\/wp-json\/wp\/v2\/pages\/42328"}],"wp:featuredmedia":[{"embeddable":true,"href":"https:\/\/retta.fi\/en\/wp-json\/wp\/v2\/media\/27703"}],"wp:attachment":[{"href":"https:\/\/retta.fi\/en\/wp-json\/wp\/v2\/media?parent=44841"}],"curies":[{"name":"wp","href":"https:\/\/api.w.org\/{rel}","templated":true}]}}