{"id":44833,"date":"2024-11-10T07:44:44","date_gmt":"2024-11-10T05:44:44","guid":{"rendered":"https:\/\/retta.fi\/pysakointilaitokset-hallinto-ja-hoito\/"},"modified":"2025-02-21T08:32:35","modified_gmt":"2025-02-21T06:32:35","slug":"parking-facilities-management-and-maintenance","status":"publish","type":"page","link":"https:\/\/retta.fi\/en\/for-developers-and-key-clients\/parking-facilities-management-and-maintenance\/","title":{"rendered":"Parking Facilities &#8211; Management and Maintenance"},"content":{"rendered":"<section id=\"acf-block-634d4b942c316\" class=\"block block-hero container-fluid ct-darkgreen bg-darkgreen \">\n        <div class=\"container\">\n        <div class=\"row\">\n            <div class=\"col-12 col-lg-8 hero-content-col\">\n                <div class=\"hero-content\">\n                    \n\n<h1 class=\"wp-block-heading\">Parking Facilities &#8211; Management and Maintenance<\/h1>\n\n\n                <\/div>\n            <\/div>\n        <\/div>\n    <\/div>\n<\/section>\n\n\n\n<section id=\"acf-block-634d4b942c366\"    class=\"block block-image-and-content container-fluid default-bg \">\n    <div class=\"container\">\n        <div class=\"row justify-content-between\">\n            <div class=\"col-12 col-lg-6  img-col\">\n                <div class=\"wp-block-image\">\n                    <div class=\"alignleft\"><img decoding=\"async\" src=\"https:\/\/retta.fi\/wp-content\/uploads\/2022\/07\/sahkoauto.jpg\" width=\"864\" height=\"486\" alt=\"S\u00e4hk\u00f6auton lataaminen taloyhti\u00f6n omissa tiloissa. Retta Is\u00e4nn\u00f6inti\" loading=\"lazy\"><\/div>\n                <\/div>\n            <\/div>\n            <div class=\"col-12 col-lg-5\">\n                <main class=\"entry-content\">\n                    \n\n<p class=\"is-style-lead\">Retta Service Companies offers expert and professional management and maintenance for parking facilities from the ground up.<\/p>\n\n\n\n<h3 class=\"wp-block-heading\">Operating Model<\/h3>\n\n\n\n<p>Retta Service Companies employs experts in property management and construction who provide tailored services, taking into account the specific needs of each client.<br><\/p>\n\n\n\n<p><\/p>\n\n\n                <\/main>\n            <\/div>\n        <\/div>\n    <\/div>\n<\/section>\n\n\n<div class=\"block-innerblocks-container col-12 col-lg-6 entry-content\">\n    \n\n<p><\/p>\n\n\n<\/div>\n\n\n<section id=\"acf-block-66fe2cbb813c6\" class=\"block block-two-innerblocks container-fluid ct-darkgreen bg-darkgreen \">\n    <div class=\"container\">\n        <div class=\"row justify-content-between\">\n            \n<div class=\"block-innerblocks-container-narrow col-12 col-lg-5 entry-content\">\n    \n\n<h2 class=\"wp-block-heading\"><strong>Service Description<\/strong><\/h2>\n\n\n\n<p>Service companies are limited liability companies established by their owners, including cities, municipalities, and developers. They replace entities such as maintenance associations and administrative division agreements.<\/p>\n\n\n\n<p>The Service Company model provides services based on the customer&#8217;s needs, including a CEO, property manager, property administrator, property secretaries, customer service, and financial management. Additionally, it can offer other facility and property-related services as required.<\/p>\n\n\n<\/div>\n\n\n<div class=\"block-innerblocks-container col-12 col-lg-6 entry-content\">\n    \n\n<h3 class=\"wp-block-heading\">Tailored Services for the Diverse Needs of Client Companies&#8217; Properties and Facilities<\/h3>\n\n\n\n<ul class=\"wp-block-list\">\n<li>Construction Services, Tendering, and Supervision<\/li>\n\n\n\n<li>Inspections, Assessments, and Surveys<\/li>\n\n\n\n<li>Security Services, Key Management<\/li>\n\n\n\n<li>Energy and Environmental Services<\/li>\n\n\n\n<li>Parking Garage Services and Leasing<\/li>\n\n\n\n<li>Facility Services and Billing for Commercial Spaces<\/li>\n\n\n\n<li>Maintenance, Security, and Cleaning Services<\/li>\n<\/ul>\n\n\n<\/div>\n\n        <\/div>\n    <\/div>\n<\/section>\n\n\n\n","protected":false},"excerpt":{"rendered":"","protected":false},"author":31,"featured_media":8766,"parent":42328,"menu_order":0,"comment_status":"closed","ping_status":"closed","template":"","meta":{"_acf_changed":false,"_relevanssi_hide_post":"","_relevanssi_hide_content":"","_relevanssi_pin_for_all":"","_relevanssi_pin_keywords":"","_relevanssi_unpin_keywords":"","_relevanssi_related_keywords":"","_relevanssi_related_include_ids":"","_relevanssi_related_exclude_ids":"","_relevanssi_related_no_append":"","_relevanssi_related_not_related":"","_relevanssi_related_posts":"20194,3589,1632,3365,3518,29910","_relevanssi_noindex_reason":"","footnotes":""},"class_list":["post-44833","page","type-page","status-publish","has-post-thumbnail","hentry"],"acf":[],"yoast_head":"<!-- This site is optimized with the Yoast SEO plugin v27.1.1 - https:\/\/yoast.com\/product\/yoast-seo-wordpress\/ -->\n<title>Parking Facilities - Management and Maintenance - Retta<\/title>\n<meta name=\"description\" content=\"Retta Palveluyhti\u00f6 tarjoaa r\u00e4\u00e4t\u00e4l\u00f6ityj\u00e4 palveluita asiakasyhti\u00f6n kiinteist\u00f6jen ja tilojen eri tarpeisiin.\" \/>\n<meta name=\"robots\" content=\"index, follow, max-snippet:-1, max-image-preview:large, max-video-preview:-1\" \/>\n<link rel=\"canonical\" href=\"https:\/\/retta.fi\/en\/for-developers-and-key-clients\/parking-facilities-management-and-maintenance\/\" \/>\n<meta property=\"og:locale\" content=\"en_US\" \/>\n<meta property=\"og:type\" content=\"article\" \/>\n<meta property=\"og:title\" content=\"Parking Facilities - Management and Maintenance - Retta\" \/>\n<meta property=\"og:description\" content=\"Retta Palveluyhti\u00f6 tarjoaa r\u00e4\u00e4t\u00e4l\u00f6ityj\u00e4 palveluita asiakasyhti\u00f6n kiinteist\u00f6jen ja tilojen eri tarpeisiin.\" \/>\n<meta property=\"og:url\" content=\"https:\/\/retta.fi\/en\/for-developers-and-key-clients\/parking-facilities-management-and-maintenance\/\" \/>\n<meta property=\"og:site_name\" content=\"Retta\" \/>\n<meta property=\"article:modified_time\" content=\"2025-02-21T06:32:35+00:00\" \/>\n<meta property=\"og:image\" content=\"https:\/\/retta.fi\/wp-content\/uploads\/2022\/07\/sahkoauto.jpg\" \/>\n\t<meta property=\"og:image:width\" content=\"1400\" \/>\n\t<meta property=\"og:image:height\" content=\"787\" \/>\n\t<meta property=\"og:image:type\" content=\"image\/jpeg\" \/>\n<meta name=\"twitter:card\" content=\"summary_large_image\" \/>\n<script type=\"application\/ld+json\" class=\"yoast-schema-graph\">{\"@context\":\"https:\/\/schema.org\",\"@graph\":[{\"@type\":\"WebPage\",\"@id\":\"https:\/\/retta.fi\/en\/for-developers-and-key-clients\/parking-facilities-management-and-maintenance\/\",\"url\":\"https:\/\/retta.fi\/en\/for-developers-and-key-clients\/parking-facilities-management-and-maintenance\/\",\"name\":\"Parking Facilities - Management and Maintenance - Retta\",\"isPartOf\":{\"@id\":\"https:\/\/retta.fi\/en\/#website\"},\"primaryImageOfPage\":{\"@id\":\"https:\/\/retta.fi\/en\/for-developers-and-key-clients\/parking-facilities-management-and-maintenance\/#primaryimage\"},\"image\":{\"@id\":\"https:\/\/retta.fi\/en\/for-developers-and-key-clients\/parking-facilities-management-and-maintenance\/#primaryimage\"},\"thumbnailUrl\":\"https:\/\/retta.fi\/wp-content\/uploads\/2022\/07\/sahkoauto.jpg\",\"datePublished\":\"2024-11-10T05:44:44+00:00\",\"dateModified\":\"2025-02-21T06:32:35+00:00\",\"description\":\"Retta Palveluyhti\u00f6 tarjoaa r\u00e4\u00e4t\u00e4l\u00f6ityj\u00e4 palveluita asiakasyhti\u00f6n kiinteist\u00f6jen ja tilojen eri tarpeisiin.\",\"breadcrumb\":{\"@id\":\"https:\/\/retta.fi\/en\/for-developers-and-key-clients\/parking-facilities-management-and-maintenance\/#breadcrumb\"},\"inLanguage\":\"en-US\",\"potentialAction\":[{\"@type\":\"ReadAction\",\"target\":[\"https:\/\/retta.fi\/en\/for-developers-and-key-clients\/parking-facilities-management-and-maintenance\/\"]}]},{\"@type\":\"ImageObject\",\"inLanguage\":\"en-US\",\"@id\":\"https:\/\/retta.fi\/en\/for-developers-and-key-clients\/parking-facilities-management-and-maintenance\/#primaryimage\",\"url\":\"https:\/\/retta.fi\/wp-content\/uploads\/2022\/07\/sahkoauto.jpg\",\"contentUrl\":\"https:\/\/retta.fi\/wp-content\/uploads\/2022\/07\/sahkoauto.jpg\",\"width\":1400,\"height\":787,\"caption\":\"3D illustration of electric car This image doesn`t contain any visible trademarked products, corporate identity, logos, or copyrighted elements. I am author of design of this car. I am author of 3d model of this car\"},{\"@type\":\"BreadcrumbList\",\"@id\":\"https:\/\/retta.fi\/en\/for-developers-and-key-clients\/parking-facilities-management-and-maintenance\/#breadcrumb\",\"itemListElement\":[{\"@type\":\"ListItem\",\"position\":1,\"name\":\"Home\",\"item\":\"https:\/\/retta.fi\/en\/\"},{\"@type\":\"ListItem\",\"position\":2,\"name\":\"For Developers and Key Clients\",\"item\":\"https:\/\/retta.fi\/en\/for-developers-and-key-clients\/\"},{\"@type\":\"ListItem\",\"position\":3,\"name\":\"Parking Facilities &#8211; Management and Maintenance\"}]},{\"@type\":\"WebSite\",\"@id\":\"https:\/\/retta.fi\/en\/#website\",\"url\":\"https:\/\/retta.fi\/en\/\",\"name\":\"Retta\",\"description\":\"\",\"publisher\":{\"@id\":\"https:\/\/retta.fi\/en\/#organization\"},\"potentialAction\":[{\"@type\":\"SearchAction\",\"target\":{\"@type\":\"EntryPoint\",\"urlTemplate\":\"https:\/\/retta.fi\/en\/?s={search_term_string}\"},\"query-input\":{\"@type\":\"PropertyValueSpecification\",\"valueRequired\":true,\"valueName\":\"search_term_string\"}}],\"inLanguage\":\"en-US\"},{\"@type\":\"Organization\",\"@id\":\"https:\/\/retta.fi\/en\/#organization\",\"name\":\"Retta\",\"url\":\"https:\/\/retta.fi\/en\/\",\"logo\":{\"@type\":\"ImageObject\",\"inLanguage\":\"en-US\",\"@id\":\"https:\/\/retta.fi\/en\/#\/schema\/logo\/image\/\",\"url\":\"https:\/\/retta.fi\/wp-content\/uploads\/2022\/04\/retta_somejako.png\",\"contentUrl\":\"https:\/\/retta.fi\/wp-content\/uploads\/2022\/04\/retta_somejako.png\",\"width\":1200,\"height\":630,\"caption\":\"Retta\"},\"image\":{\"@id\":\"https:\/\/retta.fi\/en\/#\/schema\/logo\/image\/\"}}]}<\/script>\n<!-- \/ Yoast SEO plugin. -->","yoast_head_json":{"title":"Parking Facilities - Management and Maintenance - Retta","description":"Retta Palveluyhti\u00f6 tarjoaa r\u00e4\u00e4t\u00e4l\u00f6ityj\u00e4 palveluita asiakasyhti\u00f6n kiinteist\u00f6jen ja tilojen eri tarpeisiin.","robots":{"index":"index","follow":"follow","max-snippet":"max-snippet:-1","max-image-preview":"max-image-preview:large","max-video-preview":"max-video-preview:-1"},"canonical":"https:\/\/retta.fi\/en\/for-developers-and-key-clients\/parking-facilities-management-and-maintenance\/","og_locale":"en_US","og_type":"article","og_title":"Parking Facilities - Management and Maintenance - Retta","og_description":"Retta Palveluyhti\u00f6 tarjoaa r\u00e4\u00e4t\u00e4l\u00f6ityj\u00e4 palveluita asiakasyhti\u00f6n kiinteist\u00f6jen ja tilojen eri tarpeisiin.","og_url":"https:\/\/retta.fi\/en\/for-developers-and-key-clients\/parking-facilities-management-and-maintenance\/","og_site_name":"Retta","article_modified_time":"2025-02-21T06:32:35+00:00","og_image":[{"width":1400,"height":787,"url":"https:\/\/retta.fi\/wp-content\/uploads\/2022\/07\/sahkoauto.jpg","type":"image\/jpeg"}],"twitter_card":"summary_large_image","schema":{"@context":"https:\/\/schema.org","@graph":[{"@type":"WebPage","@id":"https:\/\/retta.fi\/en\/for-developers-and-key-clients\/parking-facilities-management-and-maintenance\/","url":"https:\/\/retta.fi\/en\/for-developers-and-key-clients\/parking-facilities-management-and-maintenance\/","name":"Parking Facilities - Management and Maintenance - Retta","isPartOf":{"@id":"https:\/\/retta.fi\/en\/#website"},"primaryImageOfPage":{"@id":"https:\/\/retta.fi\/en\/for-developers-and-key-clients\/parking-facilities-management-and-maintenance\/#primaryimage"},"image":{"@id":"https:\/\/retta.fi\/en\/for-developers-and-key-clients\/parking-facilities-management-and-maintenance\/#primaryimage"},"thumbnailUrl":"https:\/\/retta.fi\/wp-content\/uploads\/2022\/07\/sahkoauto.jpg","datePublished":"2024-11-10T05:44:44+00:00","dateModified":"2025-02-21T06:32:35+00:00","description":"Retta Palveluyhti\u00f6 tarjoaa r\u00e4\u00e4t\u00e4l\u00f6ityj\u00e4 palveluita asiakasyhti\u00f6n kiinteist\u00f6jen ja tilojen eri tarpeisiin.","breadcrumb":{"@id":"https:\/\/retta.fi\/en\/for-developers-and-key-clients\/parking-facilities-management-and-maintenance\/#breadcrumb"},"inLanguage":"en-US","potentialAction":[{"@type":"ReadAction","target":["https:\/\/retta.fi\/en\/for-developers-and-key-clients\/parking-facilities-management-and-maintenance\/"]}]},{"@type":"ImageObject","inLanguage":"en-US","@id":"https:\/\/retta.fi\/en\/for-developers-and-key-clients\/parking-facilities-management-and-maintenance\/#primaryimage","url":"https:\/\/retta.fi\/wp-content\/uploads\/2022\/07\/sahkoauto.jpg","contentUrl":"https:\/\/retta.fi\/wp-content\/uploads\/2022\/07\/sahkoauto.jpg","width":1400,"height":787,"caption":"3D illustration of electric car This image doesn`t contain any visible trademarked products, corporate identity, logos, or copyrighted elements. I am author of design of this car. I am author of 3d model of this car"},{"@type":"BreadcrumbList","@id":"https:\/\/retta.fi\/en\/for-developers-and-key-clients\/parking-facilities-management-and-maintenance\/#breadcrumb","itemListElement":[{"@type":"ListItem","position":1,"name":"Home","item":"https:\/\/retta.fi\/en\/"},{"@type":"ListItem","position":2,"name":"For Developers and Key Clients","item":"https:\/\/retta.fi\/en\/for-developers-and-key-clients\/"},{"@type":"ListItem","position":3,"name":"Parking Facilities &#8211; Management and Maintenance"}]},{"@type":"WebSite","@id":"https:\/\/retta.fi\/en\/#website","url":"https:\/\/retta.fi\/en\/","name":"Retta","description":"","publisher":{"@id":"https:\/\/retta.fi\/en\/#organization"},"potentialAction":[{"@type":"SearchAction","target":{"@type":"EntryPoint","urlTemplate":"https:\/\/retta.fi\/en\/?s={search_term_string}"},"query-input":{"@type":"PropertyValueSpecification","valueRequired":true,"valueName":"search_term_string"}}],"inLanguage":"en-US"},{"@type":"Organization","@id":"https:\/\/retta.fi\/en\/#organization","name":"Retta","url":"https:\/\/retta.fi\/en\/","logo":{"@type":"ImageObject","inLanguage":"en-US","@id":"https:\/\/retta.fi\/en\/#\/schema\/logo\/image\/","url":"https:\/\/retta.fi\/wp-content\/uploads\/2022\/04\/retta_somejako.png","contentUrl":"https:\/\/retta.fi\/wp-content\/uploads\/2022\/04\/retta_somejako.png","width":1200,"height":630,"caption":"Retta"},"image":{"@id":"https:\/\/retta.fi\/en\/#\/schema\/logo\/image\/"}}]}},"_links":{"self":[{"href":"https:\/\/retta.fi\/en\/wp-json\/wp\/v2\/pages\/44833","targetHints":{"allow":["GET"]}}],"collection":[{"href":"https:\/\/retta.fi\/en\/wp-json\/wp\/v2\/pages"}],"about":[{"href":"https:\/\/retta.fi\/en\/wp-json\/wp\/v2\/types\/page"}],"author":[{"embeddable":true,"href":"https:\/\/retta.fi\/en\/wp-json\/wp\/v2\/users\/31"}],"replies":[{"embeddable":true,"href":"https:\/\/retta.fi\/en\/wp-json\/wp\/v2\/comments?post=44833"}],"version-history":[{"count":4,"href":"https:\/\/retta.fi\/en\/wp-json\/wp\/v2\/pages\/44833\/revisions"}],"predecessor-version":[{"id":46744,"href":"https:\/\/retta.fi\/en\/wp-json\/wp\/v2\/pages\/44833\/revisions\/46744"}],"up":[{"embeddable":true,"href":"https:\/\/retta.fi\/en\/wp-json\/wp\/v2\/pages\/42328"}],"wp:featuredmedia":[{"embeddable":true,"href":"https:\/\/retta.fi\/en\/wp-json\/wp\/v2\/media\/8766"}],"wp:attachment":[{"href":"https:\/\/retta.fi\/en\/wp-json\/wp\/v2\/media?parent=44833"}],"curies":[{"name":"wp","href":"https:\/\/api.w.org\/{rel}","templated":true}]}}