{"id":42701,"date":"2024-11-11T08:19:14","date_gmt":"2024-11-11T06:19:14","guid":{"rendered":"https:\/\/retta.fi\/?page_id=42701"},"modified":"2025-02-21T08:43:13","modified_gmt":"2025-02-21T06:43:13","slug":"accountant","status":"publish","type":"page","link":"https:\/\/retta.fi\/en\/working-at-retta\/job-descriptions-at-retta-isannointi\/accountant\/","title":{"rendered":"Accountant"},"content":{"rendered":"<section id=\"acf-block-63875a7305be8\" class=\"block block-hero container-fluid ct-darkgreen bg-darkgreen \">\n        <div class=\"container\">\n        <div class=\"row\">\n            <div class=\"col-12 col-lg-8 hero-content-col\">\n                <div class=\"hero-content\">\n                    \n\n<h1 class=\"wp-block-heading\">Accountant<\/h1>\n\n\n                <\/div>\n            <\/div>\n        <\/div>\n    <\/div>\n<\/section>\n\n\n\n<section id=\"acf-block-63875a7305c09\"    class=\"block block-image-and-content container-fluid default-bg has-bg-pattern\">\n    <div class=\"container\">\n        <div class=\"row justify-content-between\">\n            <div class=\"col-12 col-lg-6  img-col\">\n                <div class=\"wp-block-image\">\n                    <div class=\"alignleft\"><img decoding=\"async\" src=\"https:\/\/retta.fi\/wp-content\/uploads\/2024\/10\/iStock-1355159381.jpg\" width=\"509\" height=\"339\" alt=\"\" loading=\"lazy\"><\/div>\n                <\/div>\n            <\/div>\n            <div class=\"col-12 col-lg-5\">\n                <main class=\"entry-content\">\n                    \n\n<p>Retta Is\u00e4nn\u00f6inti&#8217;s financial services operate centrally. Our accounting centers are located in Sein\u00e4joki and Kuusamo. In addition, there are financial service teams in Joensuu, Jyv\u00e4skyl\u00e4, and Tampere. Due to the centralized service, an accountant can work in a different office than the property manager and office property manager. This is made possible by our modern systems and unified, highly refined operating methods. However, teamwork in our financial services is close-knit, and colleagues meet regularly.<\/p>\n\n\n\n<p>The accountant&#8217;s main task is to take care of the comprehensive financial management of our client companies in accordance with our service promise and laws and regulations. Our accountants manage general ledger accounting, accounts payable, loan and maintenance fee ledgers, and financial statement preparation.<\/p>\n\n\n\n<p>The best prerequisites for success in an accountant&#8217;s job are a commercial degree, such as a qualification in accounting or a bachelor&#8217;s degree in business administration. Previous experience in accounting is an advantage, but suitable accounting training and the ability to learn, along with a responsible attitude, also provide good readiness for the role. As with our other tasks, the work in our financial services is paced by the property management annual calendar. The work may occasionally involve tight deadlines, for example, when preparing financial statements and during the general meeting season, so our accountants are capable of working efficiently under time pressure.<\/p>\n\n\n\n<p>Retta&#8217;s financial services have received authorization from the Association of Finnish Accounting Firms. This is a testament to the fact that we always provide our clients with high-quality and reliable financial services.<\/p>\n\n\n                <\/main>\n            <\/div>\n        <\/div>\n    <\/div>\n<\/section>","protected":false},"excerpt":{"rendered":"","protected":false},"author":31,"featured_media":0,"parent":42675,"menu_order":0,"comment_status":"closed","ping_status":"closed","template":"","meta":{"_acf_changed":false,"_relevanssi_hide_post":"","_relevanssi_hide_content":"","_relevanssi_pin_for_all":"","_relevanssi_pin_keywords":"","_relevanssi_unpin_keywords":"","_relevanssi_related_keywords":"","_relevanssi_related_include_ids":"","_relevanssi_related_exclude_ids":"","_relevanssi_related_no_append":"","_relevanssi_related_not_related":"","_relevanssi_related_posts":"3838,20539,3320,3260,3222,3304","_relevanssi_noindex_reason":"","footnotes":""},"class_list":["post-42701","page","type-page","status-publish","hentry"],"acf":[],"yoast_head":"<!-- This site is optimized with the Yoast SEO plugin v27.4 - https:\/\/yoast.com\/product\/yoast-seo-wordpress\/ -->\n<title>Accountant - Retta<\/title>\n<meta name=\"description\" content=\"Retta tarjoaa monipuolisia kiinteist\u00f6alan ty\u00f6teht\u00e4vi\u00e4, joissa saat kehitty\u00e4 ja ottaa vastuuta. Tutustu avoimiin ty\u00f6paikkoihin!\" \/>\n<meta name=\"robots\" content=\"index, follow, max-snippet:-1, max-image-preview:large, max-video-preview:-1\" \/>\n<link rel=\"canonical\" href=\"https:\/\/retta.fi\/en\/working-at-retta\/job-descriptions-at-retta-isannointi\/accountant\/\" \/>\n<meta property=\"og:locale\" content=\"en_US\" \/>\n<meta property=\"og:type\" content=\"article\" \/>\n<meta property=\"og:title\" content=\"Accountant - Retta\" \/>\n<meta property=\"og:description\" content=\"Retta tarjoaa monipuolisia kiinteist\u00f6alan ty\u00f6teht\u00e4vi\u00e4, joissa saat kehitty\u00e4 ja ottaa vastuuta. Tutustu avoimiin ty\u00f6paikkoihin!\" \/>\n<meta property=\"og:url\" content=\"https:\/\/retta.fi\/en\/working-at-retta\/job-descriptions-at-retta-isannointi\/accountant\/\" \/>\n<meta property=\"og:site_name\" content=\"Retta\" \/>\n<meta property=\"article:modified_time\" content=\"2025-02-21T06:43:13+00:00\" \/>\n<meta property=\"og:image\" content=\"https:\/\/retta.fi\/wp-content\/uploads\/2022\/04\/retta_somejako.png\" \/>\n\t<meta property=\"og:image:width\" content=\"1200\" \/>\n\t<meta property=\"og:image:height\" content=\"630\" \/>\n\t<meta property=\"og:image:type\" content=\"image\/png\" \/>\n<meta name=\"twitter:card\" content=\"summary_large_image\" \/>\n<script type=\"application\/ld+json\" class=\"yoast-schema-graph\">{\"@context\":\"https:\\\/\\\/schema.org\",\"@graph\":[{\"@type\":\"WebPage\",\"@id\":\"https:\\\/\\\/retta.fi\\\/en\\\/working-at-retta\\\/job-descriptions-at-retta-isannointi\\\/accountant\\\/\",\"url\":\"https:\\\/\\\/retta.fi\\\/en\\\/working-at-retta\\\/job-descriptions-at-retta-isannointi\\\/accountant\\\/\",\"name\":\"Accountant - Retta\",\"isPartOf\":{\"@id\":\"https:\\\/\\\/retta.fi\\\/en\\\/#website\"},\"datePublished\":\"2024-11-11T06:19:14+00:00\",\"dateModified\":\"2025-02-21T06:43:13+00:00\",\"description\":\"Retta tarjoaa monipuolisia kiinteist\u00f6alan ty\u00f6teht\u00e4vi\u00e4, joissa saat kehitty\u00e4 ja ottaa vastuuta. Tutustu avoimiin ty\u00f6paikkoihin!\",\"breadcrumb\":{\"@id\":\"https:\\\/\\\/retta.fi\\\/en\\\/working-at-retta\\\/job-descriptions-at-retta-isannointi\\\/accountant\\\/#breadcrumb\"},\"inLanguage\":\"en-US\",\"potentialAction\":[{\"@type\":\"ReadAction\",\"target\":[\"https:\\\/\\\/retta.fi\\\/en\\\/working-at-retta\\\/job-descriptions-at-retta-isannointi\\\/accountant\\\/\"]}]},{\"@type\":\"BreadcrumbList\",\"@id\":\"https:\\\/\\\/retta.fi\\\/en\\\/working-at-retta\\\/job-descriptions-at-retta-isannointi\\\/accountant\\\/#breadcrumb\",\"itemListElement\":[{\"@type\":\"ListItem\",\"position\":1,\"name\":\"Home\",\"item\":\"https:\\\/\\\/retta.fi\\\/en\\\/\"},{\"@type\":\"ListItem\",\"position\":2,\"name\":\"Working at Retta\",\"item\":\"https:\\\/\\\/retta.fi\\\/en\\\/working-at-retta\\\/\"},{\"@type\":\"ListItem\",\"position\":3,\"name\":\"Job descriptions at Retta Is\u00e4nn\u00f6inti\",\"item\":\"https:\\\/\\\/retta.fi\\\/en\\\/working-at-retta\\\/job-descriptions-at-retta-isannointi\\\/\"},{\"@type\":\"ListItem\",\"position\":4,\"name\":\"Accountant\"}]},{\"@type\":\"WebSite\",\"@id\":\"https:\\\/\\\/retta.fi\\\/en\\\/#website\",\"url\":\"https:\\\/\\\/retta.fi\\\/en\\\/\",\"name\":\"Retta\",\"description\":\"\",\"publisher\":{\"@id\":\"https:\\\/\\\/retta.fi\\\/en\\\/#organization\"},\"potentialAction\":[{\"@type\":\"SearchAction\",\"target\":{\"@type\":\"EntryPoint\",\"urlTemplate\":\"https:\\\/\\\/retta.fi\\\/en\\\/?s={search_term_string}\"},\"query-input\":{\"@type\":\"PropertyValueSpecification\",\"valueRequired\":true,\"valueName\":\"search_term_string\"}}],\"inLanguage\":\"en-US\"},{\"@type\":\"Organization\",\"@id\":\"https:\\\/\\\/retta.fi\\\/en\\\/#organization\",\"name\":\"Retta\",\"url\":\"https:\\\/\\\/retta.fi\\\/en\\\/\",\"logo\":{\"@type\":\"ImageObject\",\"inLanguage\":\"en-US\",\"@id\":\"https:\\\/\\\/retta.fi\\\/en\\\/#\\\/schema\\\/logo\\\/image\\\/\",\"url\":\"https:\\\/\\\/retta.fi\\\/wp-content\\\/uploads\\\/2022\\\/04\\\/retta_somejako.png\",\"contentUrl\":\"https:\\\/\\\/retta.fi\\\/wp-content\\\/uploads\\\/2022\\\/04\\\/retta_somejako.png\",\"width\":1200,\"height\":630,\"caption\":\"Retta\"},\"image\":{\"@id\":\"https:\\\/\\\/retta.fi\\\/en\\\/#\\\/schema\\\/logo\\\/image\\\/\"}}]}<\/script>\n<!-- \/ Yoast SEO plugin. -->","yoast_head_json":{"title":"Accountant - Retta","description":"Retta tarjoaa monipuolisia kiinteist\u00f6alan ty\u00f6teht\u00e4vi\u00e4, joissa saat kehitty\u00e4 ja ottaa vastuuta. Tutustu avoimiin ty\u00f6paikkoihin!","robots":{"index":"index","follow":"follow","max-snippet":"max-snippet:-1","max-image-preview":"max-image-preview:large","max-video-preview":"max-video-preview:-1"},"canonical":"https:\/\/retta.fi\/en\/working-at-retta\/job-descriptions-at-retta-isannointi\/accountant\/","og_locale":"en_US","og_type":"article","og_title":"Accountant - Retta","og_description":"Retta tarjoaa monipuolisia kiinteist\u00f6alan ty\u00f6teht\u00e4vi\u00e4, joissa saat kehitty\u00e4 ja ottaa vastuuta. Tutustu avoimiin ty\u00f6paikkoihin!","og_url":"https:\/\/retta.fi\/en\/working-at-retta\/job-descriptions-at-retta-isannointi\/accountant\/","og_site_name":"Retta","article_modified_time":"2025-02-21T06:43:13+00:00","og_image":[{"width":1200,"height":630,"url":"https:\/\/retta.fi\/wp-content\/uploads\/2022\/04\/retta_somejako.png","type":"image\/png"}],"twitter_card":"summary_large_image","schema":{"@context":"https:\/\/schema.org","@graph":[{"@type":"WebPage","@id":"https:\/\/retta.fi\/en\/working-at-retta\/job-descriptions-at-retta-isannointi\/accountant\/","url":"https:\/\/retta.fi\/en\/working-at-retta\/job-descriptions-at-retta-isannointi\/accountant\/","name":"Accountant - Retta","isPartOf":{"@id":"https:\/\/retta.fi\/en\/#website"},"datePublished":"2024-11-11T06:19:14+00:00","dateModified":"2025-02-21T06:43:13+00:00","description":"Retta tarjoaa monipuolisia kiinteist\u00f6alan ty\u00f6teht\u00e4vi\u00e4, joissa saat kehitty\u00e4 ja ottaa vastuuta. Tutustu avoimiin ty\u00f6paikkoihin!","breadcrumb":{"@id":"https:\/\/retta.fi\/en\/working-at-retta\/job-descriptions-at-retta-isannointi\/accountant\/#breadcrumb"},"inLanguage":"en-US","potentialAction":[{"@type":"ReadAction","target":["https:\/\/retta.fi\/en\/working-at-retta\/job-descriptions-at-retta-isannointi\/accountant\/"]}]},{"@type":"BreadcrumbList","@id":"https:\/\/retta.fi\/en\/working-at-retta\/job-descriptions-at-retta-isannointi\/accountant\/#breadcrumb","itemListElement":[{"@type":"ListItem","position":1,"name":"Home","item":"https:\/\/retta.fi\/en\/"},{"@type":"ListItem","position":2,"name":"Working at Retta","item":"https:\/\/retta.fi\/en\/working-at-retta\/"},{"@type":"ListItem","position":3,"name":"Job descriptions at Retta Is\u00e4nn\u00f6inti","item":"https:\/\/retta.fi\/en\/working-at-retta\/job-descriptions-at-retta-isannointi\/"},{"@type":"ListItem","position":4,"name":"Accountant"}]},{"@type":"WebSite","@id":"https:\/\/retta.fi\/en\/#website","url":"https:\/\/retta.fi\/en\/","name":"Retta","description":"","publisher":{"@id":"https:\/\/retta.fi\/en\/#organization"},"potentialAction":[{"@type":"SearchAction","target":{"@type":"EntryPoint","urlTemplate":"https:\/\/retta.fi\/en\/?s={search_term_string}"},"query-input":{"@type":"PropertyValueSpecification","valueRequired":true,"valueName":"search_term_string"}}],"inLanguage":"en-US"},{"@type":"Organization","@id":"https:\/\/retta.fi\/en\/#organization","name":"Retta","url":"https:\/\/retta.fi\/en\/","logo":{"@type":"ImageObject","inLanguage":"en-US","@id":"https:\/\/retta.fi\/en\/#\/schema\/logo\/image\/","url":"https:\/\/retta.fi\/wp-content\/uploads\/2022\/04\/retta_somejako.png","contentUrl":"https:\/\/retta.fi\/wp-content\/uploads\/2022\/04\/retta_somejako.png","width":1200,"height":630,"caption":"Retta"},"image":{"@id":"https:\/\/retta.fi\/en\/#\/schema\/logo\/image\/"}}]}},"_links":{"self":[{"href":"https:\/\/retta.fi\/en\/wp-json\/wp\/v2\/pages\/42701","targetHints":{"allow":["GET"]}}],"collection":[{"href":"https:\/\/retta.fi\/en\/wp-json\/wp\/v2\/pages"}],"about":[{"href":"https:\/\/retta.fi\/en\/wp-json\/wp\/v2\/types\/page"}],"author":[{"embeddable":true,"href":"https:\/\/retta.fi\/en\/wp-json\/wp\/v2\/users\/31"}],"replies":[{"embeddable":true,"href":"https:\/\/retta.fi\/en\/wp-json\/wp\/v2\/comments?post=42701"}],"version-history":[{"count":2,"href":"https:\/\/retta.fi\/en\/wp-json\/wp\/v2\/pages\/42701\/revisions"}],"predecessor-version":[{"id":45020,"href":"https:\/\/retta.fi\/en\/wp-json\/wp\/v2\/pages\/42701\/revisions\/45020"}],"up":[{"embeddable":true,"href":"https:\/\/retta.fi\/en\/wp-json\/wp\/v2\/pages\/42675"}],"wp:attachment":[{"href":"https:\/\/retta.fi\/en\/wp-json\/wp\/v2\/media?parent=42701"}],"curies":[{"name":"wp","href":"https:\/\/api.w.org\/{rel}","templated":true}]}}