{"id":42695,"date":"2024-11-11T08:14:51","date_gmt":"2024-11-11T06:14:51","guid":{"rendered":"https:\/\/retta.fi\/?page_id=42695"},"modified":"2025-02-21T08:43:23","modified_gmt":"2025-02-21T06:43:23","slug":"technical-property-manager","status":"publish","type":"page","link":"https:\/\/retta.fi\/en\/working-at-retta\/job-descriptions-at-retta-isannointi\/technical-property-manager\/","title":{"rendered":"Technical Property Manager"},"content":{"rendered":"<section id=\"acf-block-63875a7305be8\" class=\"block block-hero container-fluid ct-darkgreen bg-darkgreen \">\n        <div class=\"container\">\n        <div class=\"row\">\n            <div class=\"col-12 col-lg-8 hero-content-col\">\n                <div class=\"hero-content\">\n                    \n\n<h1 class=\"wp-block-heading\">Technical Property Manager<\/h1>\n\n\n                <\/div>\n            <\/div>\n        <\/div>\n    <\/div>\n<\/section>\n\n\n\n<section id=\"acf-block-63875a7305c09\"    class=\"block block-image-and-content container-fluid default-bg has-bg-pattern\">\n    <div class=\"container\">\n        <div class=\"row justify-content-between\">\n            <div class=\"col-12 col-lg-6  img-col\">\n                <div class=\"wp-block-image\">\n                    <div class=\"alignleft\"><img decoding=\"async\" src=\"https:\/\/retta.fi\/wp-content\/uploads\/2022\/10\/tekninen_isannoitsija_RI_-1920x1280.jpg\" width=\"864\" height=\"576\" alt=\"Ty\u00f6paikkailmoituksen kuvituskuva - Asumisoikeuskiinteist\u00f6jen tekninen is\u00e4nn\u00f6itsij\u00e4 Helsinkiin\" loading=\"lazy\"><\/div>\n                <\/div>\n            <\/div>\n            <div class=\"col-12 col-lg-5\">\n                <main class=\"entry-content\">\n                    \n\n<p>The job description of a technical property manager includes tasks related to the maintenance of properties and apartments, as well as long-term repair activities. The role involves commissioning, preparing, supervising repair projects, and long-term planning of property maintenance.<\/p>\n\n\n\n<p>The technical property manager&#8217;s role is versatile. The main tasks include dealing with customers and supervising maintenance activities on the property. Additionally, the role involves daily routines such as handling invoices and placing orders. The workdays of a technical property manager are varied, and sometimes issues arise during the day that require immediate action and prioritization.<\/p>\n\n\n\n<p>In addition to daily tasks, the technical property manager handles larger projects in the housing association according to an annual schedule. These include budgeting, repair planning, competitive bidding for contracts, and scheduling work, taking into account seasons and holiday periods. The technical property manager aims to maintain and increase the property&#8217;s value and avoid the growth of repair debt through their actions.<\/p>\n\n\n\n<p>The technical property manager works closely with the maintenance company. Often, the maintenance company can identify potential problem areas in advance so that they can be addressed before they become major damages or require urgent repairs for the housing association. Preventive actions aim to maintain and increase living comfort in addition to the property&#8217;s value.<\/p>\n\n\n\n<p>Technical property managers are often trained as construction foremen or engineers in the construction or HVAC fields. One can also progress to a technical property manager role from installation work or property maintenance to a supervisory position, and from there, through further education (ITS, TEK), to a technical property manager. The most important aspects of the role are problem-solving skills and a comprehensive understanding of the property&#8217;s lifecycle.<\/p>\n\n\n                <\/main>\n            <\/div>\n        <\/div>\n    <\/div>\n<\/section>","protected":false},"excerpt":{"rendered":"","protected":false},"author":31,"featured_media":0,"parent":42675,"menu_order":0,"comment_status":"closed","ping_status":"closed","template":"","meta":{"_acf_changed":false,"_relevanssi_hide_post":"","_relevanssi_hide_content":"","_relevanssi_pin_for_all":"","_relevanssi_pin_keywords":"","_relevanssi_unpin_keywords":"","_relevanssi_related_keywords":"","_relevanssi_related_include_ids":"","_relevanssi_related_exclude_ids":"","_relevanssi_related_no_append":"","_relevanssi_related_not_related":"","_relevanssi_related_posts":"3838,20539,3320,3260,3222,3304","_relevanssi_noindex_reason":"","footnotes":""},"class_list":["post-42695","page","type-page","status-publish","hentry"],"acf":[],"yoast_head":"<!-- This site is optimized with the Yoast SEO plugin v27.4 - https:\/\/yoast.com\/product\/yoast-seo-wordpress\/ -->\n<title>Technical Property Manager - Retta<\/title>\n<meta name=\"description\" content=\"Retta tarjoaa monipuolisia kiinteist\u00f6alan ty\u00f6teht\u00e4vi\u00e4, joissa saat kehitty\u00e4 ja ottaa vastuuta. Tutustu avoimiin ty\u00f6paikkoihin!\" \/>\n<meta name=\"robots\" content=\"index, follow, max-snippet:-1, max-image-preview:large, max-video-preview:-1\" \/>\n<link rel=\"canonical\" href=\"https:\/\/retta.fi\/en\/working-at-retta\/job-descriptions-at-retta-isannointi\/technical-property-manager\/\" \/>\n<meta property=\"og:locale\" content=\"en_US\" \/>\n<meta property=\"og:type\" content=\"article\" \/>\n<meta property=\"og:title\" content=\"Technical Property Manager - Retta\" \/>\n<meta property=\"og:description\" content=\"Retta tarjoaa monipuolisia kiinteist\u00f6alan ty\u00f6teht\u00e4vi\u00e4, joissa saat kehitty\u00e4 ja ottaa vastuuta. Tutustu avoimiin ty\u00f6paikkoihin!\" \/>\n<meta property=\"og:url\" content=\"https:\/\/retta.fi\/en\/working-at-retta\/job-descriptions-at-retta-isannointi\/technical-property-manager\/\" \/>\n<meta property=\"og:site_name\" content=\"Retta\" \/>\n<meta property=\"article:modified_time\" content=\"2025-02-21T06:43:23+00:00\" \/>\n<meta property=\"og:image\" content=\"https:\/\/retta.fi\/wp-content\/uploads\/2022\/04\/retta_somejako.png\" \/>\n\t<meta property=\"og:image:width\" content=\"1200\" \/>\n\t<meta property=\"og:image:height\" content=\"630\" \/>\n\t<meta property=\"og:image:type\" content=\"image\/png\" \/>\n<meta name=\"twitter:card\" content=\"summary_large_image\" \/>\n<script type=\"application\/ld+json\" class=\"yoast-schema-graph\">{\"@context\":\"https:\\\/\\\/schema.org\",\"@graph\":[{\"@type\":\"WebPage\",\"@id\":\"https:\\\/\\\/retta.fi\\\/en\\\/working-at-retta\\\/job-descriptions-at-retta-isannointi\\\/technical-property-manager\\\/\",\"url\":\"https:\\\/\\\/retta.fi\\\/en\\\/working-at-retta\\\/job-descriptions-at-retta-isannointi\\\/technical-property-manager\\\/\",\"name\":\"Technical Property Manager - Retta\",\"isPartOf\":{\"@id\":\"https:\\\/\\\/retta.fi\\\/en\\\/#website\"},\"datePublished\":\"2024-11-11T06:14:51+00:00\",\"dateModified\":\"2025-02-21T06:43:23+00:00\",\"description\":\"Retta tarjoaa monipuolisia kiinteist\u00f6alan ty\u00f6teht\u00e4vi\u00e4, joissa saat kehitty\u00e4 ja ottaa vastuuta. Tutustu avoimiin ty\u00f6paikkoihin!\",\"breadcrumb\":{\"@id\":\"https:\\\/\\\/retta.fi\\\/en\\\/working-at-retta\\\/job-descriptions-at-retta-isannointi\\\/technical-property-manager\\\/#breadcrumb\"},\"inLanguage\":\"en-US\",\"potentialAction\":[{\"@type\":\"ReadAction\",\"target\":[\"https:\\\/\\\/retta.fi\\\/en\\\/working-at-retta\\\/job-descriptions-at-retta-isannointi\\\/technical-property-manager\\\/\"]}]},{\"@type\":\"BreadcrumbList\",\"@id\":\"https:\\\/\\\/retta.fi\\\/en\\\/working-at-retta\\\/job-descriptions-at-retta-isannointi\\\/technical-property-manager\\\/#breadcrumb\",\"itemListElement\":[{\"@type\":\"ListItem\",\"position\":1,\"name\":\"Home\",\"item\":\"https:\\\/\\\/retta.fi\\\/en\\\/\"},{\"@type\":\"ListItem\",\"position\":2,\"name\":\"Working at Retta\",\"item\":\"https:\\\/\\\/retta.fi\\\/en\\\/working-at-retta\\\/\"},{\"@type\":\"ListItem\",\"position\":3,\"name\":\"Job descriptions at Retta Is\u00e4nn\u00f6inti\",\"item\":\"https:\\\/\\\/retta.fi\\\/en\\\/working-at-retta\\\/job-descriptions-at-retta-isannointi\\\/\"},{\"@type\":\"ListItem\",\"position\":4,\"name\":\"Technical Property Manager\"}]},{\"@type\":\"WebSite\",\"@id\":\"https:\\\/\\\/retta.fi\\\/en\\\/#website\",\"url\":\"https:\\\/\\\/retta.fi\\\/en\\\/\",\"name\":\"Retta\",\"description\":\"\",\"publisher\":{\"@id\":\"https:\\\/\\\/retta.fi\\\/en\\\/#organization\"},\"potentialAction\":[{\"@type\":\"SearchAction\",\"target\":{\"@type\":\"EntryPoint\",\"urlTemplate\":\"https:\\\/\\\/retta.fi\\\/en\\\/?s={search_term_string}\"},\"query-input\":{\"@type\":\"PropertyValueSpecification\",\"valueRequired\":true,\"valueName\":\"search_term_string\"}}],\"inLanguage\":\"en-US\"},{\"@type\":\"Organization\",\"@id\":\"https:\\\/\\\/retta.fi\\\/en\\\/#organization\",\"name\":\"Retta\",\"url\":\"https:\\\/\\\/retta.fi\\\/en\\\/\",\"logo\":{\"@type\":\"ImageObject\",\"inLanguage\":\"en-US\",\"@id\":\"https:\\\/\\\/retta.fi\\\/en\\\/#\\\/schema\\\/logo\\\/image\\\/\",\"url\":\"https:\\\/\\\/retta.fi\\\/wp-content\\\/uploads\\\/2022\\\/04\\\/retta_somejako.png\",\"contentUrl\":\"https:\\\/\\\/retta.fi\\\/wp-content\\\/uploads\\\/2022\\\/04\\\/retta_somejako.png\",\"width\":1200,\"height\":630,\"caption\":\"Retta\"},\"image\":{\"@id\":\"https:\\\/\\\/retta.fi\\\/en\\\/#\\\/schema\\\/logo\\\/image\\\/\"}}]}<\/script>\n<!-- \/ Yoast SEO plugin. -->","yoast_head_json":{"title":"Technical Property Manager - Retta","description":"Retta tarjoaa monipuolisia kiinteist\u00f6alan ty\u00f6teht\u00e4vi\u00e4, joissa saat kehitty\u00e4 ja ottaa vastuuta. Tutustu avoimiin ty\u00f6paikkoihin!","robots":{"index":"index","follow":"follow","max-snippet":"max-snippet:-1","max-image-preview":"max-image-preview:large","max-video-preview":"max-video-preview:-1"},"canonical":"https:\/\/retta.fi\/en\/working-at-retta\/job-descriptions-at-retta-isannointi\/technical-property-manager\/","og_locale":"en_US","og_type":"article","og_title":"Technical Property Manager - Retta","og_description":"Retta tarjoaa monipuolisia kiinteist\u00f6alan ty\u00f6teht\u00e4vi\u00e4, joissa saat kehitty\u00e4 ja ottaa vastuuta. Tutustu avoimiin ty\u00f6paikkoihin!","og_url":"https:\/\/retta.fi\/en\/working-at-retta\/job-descriptions-at-retta-isannointi\/technical-property-manager\/","og_site_name":"Retta","article_modified_time":"2025-02-21T06:43:23+00:00","og_image":[{"width":1200,"height":630,"url":"https:\/\/retta.fi\/wp-content\/uploads\/2022\/04\/retta_somejako.png","type":"image\/png"}],"twitter_card":"summary_large_image","schema":{"@context":"https:\/\/schema.org","@graph":[{"@type":"WebPage","@id":"https:\/\/retta.fi\/en\/working-at-retta\/job-descriptions-at-retta-isannointi\/technical-property-manager\/","url":"https:\/\/retta.fi\/en\/working-at-retta\/job-descriptions-at-retta-isannointi\/technical-property-manager\/","name":"Technical Property Manager - Retta","isPartOf":{"@id":"https:\/\/retta.fi\/en\/#website"},"datePublished":"2024-11-11T06:14:51+00:00","dateModified":"2025-02-21T06:43:23+00:00","description":"Retta tarjoaa monipuolisia kiinteist\u00f6alan ty\u00f6teht\u00e4vi\u00e4, joissa saat kehitty\u00e4 ja ottaa vastuuta. Tutustu avoimiin ty\u00f6paikkoihin!","breadcrumb":{"@id":"https:\/\/retta.fi\/en\/working-at-retta\/job-descriptions-at-retta-isannointi\/technical-property-manager\/#breadcrumb"},"inLanguage":"en-US","potentialAction":[{"@type":"ReadAction","target":["https:\/\/retta.fi\/en\/working-at-retta\/job-descriptions-at-retta-isannointi\/technical-property-manager\/"]}]},{"@type":"BreadcrumbList","@id":"https:\/\/retta.fi\/en\/working-at-retta\/job-descriptions-at-retta-isannointi\/technical-property-manager\/#breadcrumb","itemListElement":[{"@type":"ListItem","position":1,"name":"Home","item":"https:\/\/retta.fi\/en\/"},{"@type":"ListItem","position":2,"name":"Working at Retta","item":"https:\/\/retta.fi\/en\/working-at-retta\/"},{"@type":"ListItem","position":3,"name":"Job descriptions at Retta Is\u00e4nn\u00f6inti","item":"https:\/\/retta.fi\/en\/working-at-retta\/job-descriptions-at-retta-isannointi\/"},{"@type":"ListItem","position":4,"name":"Technical Property Manager"}]},{"@type":"WebSite","@id":"https:\/\/retta.fi\/en\/#website","url":"https:\/\/retta.fi\/en\/","name":"Retta","description":"","publisher":{"@id":"https:\/\/retta.fi\/en\/#organization"},"potentialAction":[{"@type":"SearchAction","target":{"@type":"EntryPoint","urlTemplate":"https:\/\/retta.fi\/en\/?s={search_term_string}"},"query-input":{"@type":"PropertyValueSpecification","valueRequired":true,"valueName":"search_term_string"}}],"inLanguage":"en-US"},{"@type":"Organization","@id":"https:\/\/retta.fi\/en\/#organization","name":"Retta","url":"https:\/\/retta.fi\/en\/","logo":{"@type":"ImageObject","inLanguage":"en-US","@id":"https:\/\/retta.fi\/en\/#\/schema\/logo\/image\/","url":"https:\/\/retta.fi\/wp-content\/uploads\/2022\/04\/retta_somejako.png","contentUrl":"https:\/\/retta.fi\/wp-content\/uploads\/2022\/04\/retta_somejako.png","width":1200,"height":630,"caption":"Retta"},"image":{"@id":"https:\/\/retta.fi\/en\/#\/schema\/logo\/image\/"}}]}},"_links":{"self":[{"href":"https:\/\/retta.fi\/en\/wp-json\/wp\/v2\/pages\/42695","targetHints":{"allow":["GET"]}}],"collection":[{"href":"https:\/\/retta.fi\/en\/wp-json\/wp\/v2\/pages"}],"about":[{"href":"https:\/\/retta.fi\/en\/wp-json\/wp\/v2\/types\/page"}],"author":[{"embeddable":true,"href":"https:\/\/retta.fi\/en\/wp-json\/wp\/v2\/users\/31"}],"replies":[{"embeddable":true,"href":"https:\/\/retta.fi\/en\/wp-json\/wp\/v2\/comments?post=42695"}],"version-history":[{"count":2,"href":"https:\/\/retta.fi\/en\/wp-json\/wp\/v2\/pages\/42695\/revisions"}],"predecessor-version":[{"id":45017,"href":"https:\/\/retta.fi\/en\/wp-json\/wp\/v2\/pages\/42695\/revisions\/45017"}],"up":[{"embeddable":true,"href":"https:\/\/retta.fi\/en\/wp-json\/wp\/v2\/pages\/42675"}],"wp:attachment":[{"href":"https:\/\/retta.fi\/en\/wp-json\/wp\/v2\/media?parent=42695"}],"curies":[{"name":"wp","href":"https:\/\/api.w.org\/{rel}","templated":true}]}}