{"id":42675,"date":"2024-11-10T18:18:01","date_gmt":"2024-11-10T16:18:01","guid":{"rendered":"https:\/\/retta.fi\/?page_id=42675"},"modified":"2025-02-21T08:43:10","modified_gmt":"2025-02-21T06:43:10","slug":"job-descriptions-at-retta-isannointi","status":"publish","type":"page","link":"https:\/\/retta.fi\/en\/working-at-retta\/job-descriptions-at-retta-isannointi\/","title":{"rendered":"Job descriptions at Retta Is\u00e4nn\u00f6inti"},"content":{"rendered":"<section id=\"acf-block-63875a7305be8\" class=\"block block-hero container-fluid ct-darkgreen bg-darkgreen \">\n        <div class=\"container\">\n        <div class=\"row\">\n            <div class=\"col-12 col-lg-8 hero-content-col\">\n                <div class=\"hero-content\">\n                    \n\n<h1 class=\"wp-block-heading\">Job Descriptions at Retta Is\u00e4nn\u00f6inti<\/h1>\n\n\n                <\/div>\n            <\/div>\n        <\/div>\n    <\/div>\n<\/section>\n\n\n\n<section id=\"acf-block-63875a7305c09\"    class=\"block block-image-and-content container-fluid default-bg has-bg-pattern\">\n    <div class=\"container\">\n        <div class=\"row justify-content-between\">\n            <div class=\"col-12 col-lg-6  img-col\">\n                <div class=\"wp-block-image\">\n                    <div class=\"alignleft\"><img decoding=\"async\" src=\"https:\/\/retta.fi\/wp-content\/uploads\/2024\/11\/Kuusamo_toimistokuva_pieni.jpg\" width=\"864\" height=\"576\" alt=\"\" loading=\"lazy\"><\/div>\n                <\/div>\n            <\/div>\n            <div class=\"col-12 col-lg-5\">\n                <main class=\"entry-content\">\n                    \n\n<p class=\"is-style-lead\">Property management is a professional service provided by a property management company to a housing association.<\/p>\n\n\n\n<p>The property management company takes care of the administration, financial management, housing services, and property maintenance services of the housing association. There are about 1,200 property management companies in Finland, and typical property management companies are small offices with about 3-5 employees.<\/p>\n\n\n\n<p>The largest company providing property management services in Finland is Retta Is\u00e4nn\u00f6inti. Retta Is\u00e4nn\u00f6inti has a network of over 40 offices and employs about 650 real estate professionals.<\/p>\n\n\n\n<p>As a large company in the field, Retta offers its employees modern tools and information systems, comprehensive background support for work, encouraging training and development opportunities, and employee benefits that support well-being.<\/p>\n\n\n\n<p>At Retta, you can work as a property manager, technical property manager, office property manager, service specialist, or accountant.<\/p>\n\n\n\n<p>The property management of a housing association is always handled by a service team formed by these experts. Therefore, the local property manager is always supported by a national team of experts. This way, we ensure the best possible services for our customers at all stages of the housing association&#8217;s lifecycle and the best possible support for the property manager.<\/p>\n\n\n\n<div class=\"wp-block-buttons is-content-justification-left is-layout-flex wp-container-core-buttons-is-layout-fdcfc74e wp-block-buttons-is-layout-flex\">\n<div class=\"wp-block-button\"><a class=\"wp-block-button__link has-darkgreen-background-color has-background wp-element-button\" href=\"https:\/\/retta.fi\/en\/working-at-retta\/job-descriptions-at-retta-isannointi\/housing-company-manager\/\">Learn about the duties of a property manager<\/a><\/div>\n<\/div>\n\n\n\n<div class=\"wp-block-buttons is-layout-flex wp-block-buttons-is-layout-flex\"><\/div>\n\n\n                <\/main>\n            <\/div>\n        <\/div>\n    <\/div>\n<\/section>","protected":false},"excerpt":{"rendered":"<p>Is\u00e4nn\u00f6inti on asiantuntijapalvelua, jota is\u00e4nn\u00f6itsij\u00e4yritys tarjoaa taloyhti\u00f6lle. Suomen suurin is\u00e4nn\u00f6intipalveluja tarjoava yritys on Retta Is\u00e4nn\u00f6inti. Retta Is\u00e4nn\u00f6innill\u00e4 on yli 40 toimiston verkosto ja se ty\u00f6llist\u00e4\u00e4 noin 650 kiinteist\u00f6alan ammattilaista.<\/p>\n","protected":false},"author":31,"featured_media":43086,"parent":42600,"menu_order":0,"comment_status":"closed","ping_status":"closed","template":"","meta":{"_acf_changed":false,"_relevanssi_hide_post":"","_relevanssi_hide_content":"","_relevanssi_pin_for_all":"","_relevanssi_pin_keywords":"","_relevanssi_unpin_keywords":"","_relevanssi_related_keywords":"","_relevanssi_related_include_ids":"","_relevanssi_related_exclude_ids":"","_relevanssi_related_no_append":"","_relevanssi_related_not_related":"","_relevanssi_related_posts":"3838,20539,3320,3260,3222,3304","_relevanssi_noindex_reason":"","footnotes":""},"class_list":["post-42675","page","type-page","status-publish","has-post-thumbnail","hentry"],"acf":[],"yoast_head":"<!-- This site is optimized with the Yoast SEO plugin v27.4 - https:\/\/yoast.com\/product\/yoast-seo-wordpress\/ -->\n<title>Job descriptions at Retta Is\u00e4nn\u00f6inti - Retta<\/title>\n<meta name=\"description\" content=\"Retta tarjoaa monipuolisia kiinteist\u00f6alan ty\u00f6teht\u00e4vi\u00e4, joissa saat kehitty\u00e4 ja ottaa vastuuta. Tutustu avoimiin ty\u00f6paikkoihin!\" \/>\n<meta name=\"robots\" content=\"index, follow, max-snippet:-1, max-image-preview:large, max-video-preview:-1\" \/>\n<link rel=\"canonical\" href=\"https:\/\/retta.fi\/en\/working-at-retta\/job-descriptions-at-retta-isannointi\/\" \/>\n<meta property=\"og:locale\" content=\"en_US\" \/>\n<meta property=\"og:type\" content=\"article\" \/>\n<meta property=\"og:title\" content=\"Job descriptions at Retta Is\u00e4nn\u00f6inti - Retta\" \/>\n<meta property=\"og:description\" content=\"Retta tarjoaa monipuolisia kiinteist\u00f6alan ty\u00f6teht\u00e4vi\u00e4, joissa saat kehitty\u00e4 ja ottaa vastuuta. Tutustu avoimiin ty\u00f6paikkoihin!\" \/>\n<meta property=\"og:url\" content=\"https:\/\/retta.fi\/en\/working-at-retta\/job-descriptions-at-retta-isannointi\/\" \/>\n<meta property=\"og:site_name\" content=\"Retta\" \/>\n<meta property=\"article:modified_time\" content=\"2025-02-21T06:43:10+00:00\" \/>\n<meta property=\"og:image\" content=\"https:\/\/retta.fi\/wp-content\/uploads\/2024\/11\/Kuusamo_toimistokuva_pieni.jpg\" \/>\n\t<meta property=\"og:image:width\" content=\"1728\" \/>\n\t<meta property=\"og:image:height\" content=\"1152\" \/>\n\t<meta property=\"og:image:type\" content=\"image\/jpeg\" \/>\n<meta name=\"twitter:card\" content=\"summary_large_image\" \/>\n<script type=\"application\/ld+json\" class=\"yoast-schema-graph\">{\"@context\":\"https:\\\/\\\/schema.org\",\"@graph\":[{\"@type\":\"WebPage\",\"@id\":\"https:\\\/\\\/retta.fi\\\/en\\\/working-at-retta\\\/job-descriptions-at-retta-isannointi\\\/\",\"url\":\"https:\\\/\\\/retta.fi\\\/en\\\/working-at-retta\\\/job-descriptions-at-retta-isannointi\\\/\",\"name\":\"Job descriptions at Retta Is\u00e4nn\u00f6inti - Retta\",\"isPartOf\":{\"@id\":\"https:\\\/\\\/retta.fi\\\/en\\\/#website\"},\"primaryImageOfPage\":{\"@id\":\"https:\\\/\\\/retta.fi\\\/en\\\/working-at-retta\\\/job-descriptions-at-retta-isannointi\\\/#primaryimage\"},\"image\":{\"@id\":\"https:\\\/\\\/retta.fi\\\/en\\\/working-at-retta\\\/job-descriptions-at-retta-isannointi\\\/#primaryimage\"},\"thumbnailUrl\":\"https:\\\/\\\/retta.fi\\\/wp-content\\\/uploads\\\/2024\\\/11\\\/Kuusamo_toimistokuva_pieni.jpg\",\"datePublished\":\"2024-11-10T16:18:01+00:00\",\"dateModified\":\"2025-02-21T06:43:10+00:00\",\"description\":\"Retta tarjoaa monipuolisia kiinteist\u00f6alan ty\u00f6teht\u00e4vi\u00e4, joissa saat kehitty\u00e4 ja ottaa vastuuta. Tutustu avoimiin ty\u00f6paikkoihin!\",\"breadcrumb\":{\"@id\":\"https:\\\/\\\/retta.fi\\\/en\\\/working-at-retta\\\/job-descriptions-at-retta-isannointi\\\/#breadcrumb\"},\"inLanguage\":\"en-US\",\"potentialAction\":[{\"@type\":\"ReadAction\",\"target\":[\"https:\\\/\\\/retta.fi\\\/en\\\/working-at-retta\\\/job-descriptions-at-retta-isannointi\\\/\"]}]},{\"@type\":\"ImageObject\",\"inLanguage\":\"en-US\",\"@id\":\"https:\\\/\\\/retta.fi\\\/en\\\/working-at-retta\\\/job-descriptions-at-retta-isannointi\\\/#primaryimage\",\"url\":\"https:\\\/\\\/retta.fi\\\/wp-content\\\/uploads\\\/2024\\\/11\\\/Kuusamo_toimistokuva_pieni.jpg\",\"contentUrl\":\"https:\\\/\\\/retta.fi\\\/wp-content\\\/uploads\\\/2024\\\/11\\\/Kuusamo_toimistokuva_pieni.jpg\",\"width\":1728,\"height\":1152},{\"@type\":\"BreadcrumbList\",\"@id\":\"https:\\\/\\\/retta.fi\\\/en\\\/working-at-retta\\\/job-descriptions-at-retta-isannointi\\\/#breadcrumb\",\"itemListElement\":[{\"@type\":\"ListItem\",\"position\":1,\"name\":\"Home\",\"item\":\"https:\\\/\\\/retta.fi\\\/en\\\/\"},{\"@type\":\"ListItem\",\"position\":2,\"name\":\"Working at Retta\",\"item\":\"https:\\\/\\\/retta.fi\\\/en\\\/working-at-retta\\\/\"},{\"@type\":\"ListItem\",\"position\":3,\"name\":\"Job descriptions at Retta Is\u00e4nn\u00f6inti\"}]},{\"@type\":\"WebSite\",\"@id\":\"https:\\\/\\\/retta.fi\\\/en\\\/#website\",\"url\":\"https:\\\/\\\/retta.fi\\\/en\\\/\",\"name\":\"Retta\",\"description\":\"\",\"publisher\":{\"@id\":\"https:\\\/\\\/retta.fi\\\/en\\\/#organization\"},\"potentialAction\":[{\"@type\":\"SearchAction\",\"target\":{\"@type\":\"EntryPoint\",\"urlTemplate\":\"https:\\\/\\\/retta.fi\\\/en\\\/?s={search_term_string}\"},\"query-input\":{\"@type\":\"PropertyValueSpecification\",\"valueRequired\":true,\"valueName\":\"search_term_string\"}}],\"inLanguage\":\"en-US\"},{\"@type\":\"Organization\",\"@id\":\"https:\\\/\\\/retta.fi\\\/en\\\/#organization\",\"name\":\"Retta\",\"url\":\"https:\\\/\\\/retta.fi\\\/en\\\/\",\"logo\":{\"@type\":\"ImageObject\",\"inLanguage\":\"en-US\",\"@id\":\"https:\\\/\\\/retta.fi\\\/en\\\/#\\\/schema\\\/logo\\\/image\\\/\",\"url\":\"https:\\\/\\\/retta.fi\\\/wp-content\\\/uploads\\\/2022\\\/04\\\/retta_somejako.png\",\"contentUrl\":\"https:\\\/\\\/retta.fi\\\/wp-content\\\/uploads\\\/2022\\\/04\\\/retta_somejako.png\",\"width\":1200,\"height\":630,\"caption\":\"Retta\"},\"image\":{\"@id\":\"https:\\\/\\\/retta.fi\\\/en\\\/#\\\/schema\\\/logo\\\/image\\\/\"}}]}<\/script>\n<!-- \/ Yoast SEO plugin. -->","yoast_head_json":{"title":"Job descriptions at Retta Is\u00e4nn\u00f6inti - Retta","description":"Retta tarjoaa monipuolisia kiinteist\u00f6alan ty\u00f6teht\u00e4vi\u00e4, joissa saat kehitty\u00e4 ja ottaa vastuuta. Tutustu avoimiin ty\u00f6paikkoihin!","robots":{"index":"index","follow":"follow","max-snippet":"max-snippet:-1","max-image-preview":"max-image-preview:large","max-video-preview":"max-video-preview:-1"},"canonical":"https:\/\/retta.fi\/en\/working-at-retta\/job-descriptions-at-retta-isannointi\/","og_locale":"en_US","og_type":"article","og_title":"Job descriptions at Retta Is\u00e4nn\u00f6inti - Retta","og_description":"Retta tarjoaa monipuolisia kiinteist\u00f6alan ty\u00f6teht\u00e4vi\u00e4, joissa saat kehitty\u00e4 ja ottaa vastuuta. Tutustu avoimiin ty\u00f6paikkoihin!","og_url":"https:\/\/retta.fi\/en\/working-at-retta\/job-descriptions-at-retta-isannointi\/","og_site_name":"Retta","article_modified_time":"2025-02-21T06:43:10+00:00","og_image":[{"width":1728,"height":1152,"url":"https:\/\/retta.fi\/wp-content\/uploads\/2024\/11\/Kuusamo_toimistokuva_pieni.jpg","type":"image\/jpeg"}],"twitter_card":"summary_large_image","schema":{"@context":"https:\/\/schema.org","@graph":[{"@type":"WebPage","@id":"https:\/\/retta.fi\/en\/working-at-retta\/job-descriptions-at-retta-isannointi\/","url":"https:\/\/retta.fi\/en\/working-at-retta\/job-descriptions-at-retta-isannointi\/","name":"Job descriptions at Retta Is\u00e4nn\u00f6inti - Retta","isPartOf":{"@id":"https:\/\/retta.fi\/en\/#website"},"primaryImageOfPage":{"@id":"https:\/\/retta.fi\/en\/working-at-retta\/job-descriptions-at-retta-isannointi\/#primaryimage"},"image":{"@id":"https:\/\/retta.fi\/en\/working-at-retta\/job-descriptions-at-retta-isannointi\/#primaryimage"},"thumbnailUrl":"https:\/\/retta.fi\/wp-content\/uploads\/2024\/11\/Kuusamo_toimistokuva_pieni.jpg","datePublished":"2024-11-10T16:18:01+00:00","dateModified":"2025-02-21T06:43:10+00:00","description":"Retta tarjoaa monipuolisia kiinteist\u00f6alan ty\u00f6teht\u00e4vi\u00e4, joissa saat kehitty\u00e4 ja ottaa vastuuta. Tutustu avoimiin ty\u00f6paikkoihin!","breadcrumb":{"@id":"https:\/\/retta.fi\/en\/working-at-retta\/job-descriptions-at-retta-isannointi\/#breadcrumb"},"inLanguage":"en-US","potentialAction":[{"@type":"ReadAction","target":["https:\/\/retta.fi\/en\/working-at-retta\/job-descriptions-at-retta-isannointi\/"]}]},{"@type":"ImageObject","inLanguage":"en-US","@id":"https:\/\/retta.fi\/en\/working-at-retta\/job-descriptions-at-retta-isannointi\/#primaryimage","url":"https:\/\/retta.fi\/wp-content\/uploads\/2024\/11\/Kuusamo_toimistokuva_pieni.jpg","contentUrl":"https:\/\/retta.fi\/wp-content\/uploads\/2024\/11\/Kuusamo_toimistokuva_pieni.jpg","width":1728,"height":1152},{"@type":"BreadcrumbList","@id":"https:\/\/retta.fi\/en\/working-at-retta\/job-descriptions-at-retta-isannointi\/#breadcrumb","itemListElement":[{"@type":"ListItem","position":1,"name":"Home","item":"https:\/\/retta.fi\/en\/"},{"@type":"ListItem","position":2,"name":"Working at Retta","item":"https:\/\/retta.fi\/en\/working-at-retta\/"},{"@type":"ListItem","position":3,"name":"Job descriptions at Retta Is\u00e4nn\u00f6inti"}]},{"@type":"WebSite","@id":"https:\/\/retta.fi\/en\/#website","url":"https:\/\/retta.fi\/en\/","name":"Retta","description":"","publisher":{"@id":"https:\/\/retta.fi\/en\/#organization"},"potentialAction":[{"@type":"SearchAction","target":{"@type":"EntryPoint","urlTemplate":"https:\/\/retta.fi\/en\/?s={search_term_string}"},"query-input":{"@type":"PropertyValueSpecification","valueRequired":true,"valueName":"search_term_string"}}],"inLanguage":"en-US"},{"@type":"Organization","@id":"https:\/\/retta.fi\/en\/#organization","name":"Retta","url":"https:\/\/retta.fi\/en\/","logo":{"@type":"ImageObject","inLanguage":"en-US","@id":"https:\/\/retta.fi\/en\/#\/schema\/logo\/image\/","url":"https:\/\/retta.fi\/wp-content\/uploads\/2022\/04\/retta_somejako.png","contentUrl":"https:\/\/retta.fi\/wp-content\/uploads\/2022\/04\/retta_somejako.png","width":1200,"height":630,"caption":"Retta"},"image":{"@id":"https:\/\/retta.fi\/en\/#\/schema\/logo\/image\/"}}]}},"_links":{"self":[{"href":"https:\/\/retta.fi\/en\/wp-json\/wp\/v2\/pages\/42675","targetHints":{"allow":["GET"]}}],"collection":[{"href":"https:\/\/retta.fi\/en\/wp-json\/wp\/v2\/pages"}],"about":[{"href":"https:\/\/retta.fi\/en\/wp-json\/wp\/v2\/types\/page"}],"author":[{"embeddable":true,"href":"https:\/\/retta.fi\/en\/wp-json\/wp\/v2\/users\/31"}],"replies":[{"embeddable":true,"href":"https:\/\/retta.fi\/en\/wp-json\/wp\/v2\/comments?post=42675"}],"version-history":[{"count":4,"href":"https:\/\/retta.fi\/en\/wp-json\/wp\/v2\/pages\/42675\/revisions"}],"predecessor-version":[{"id":45009,"href":"https:\/\/retta.fi\/en\/wp-json\/wp\/v2\/pages\/42675\/revisions\/45009"}],"up":[{"embeddable":true,"href":"https:\/\/retta.fi\/en\/wp-json\/wp\/v2\/pages\/42600"}],"wp:featuredmedia":[{"embeddable":true,"href":"https:\/\/retta.fi\/en\/wp-json\/wp\/v2\/media\/43086"}],"wp:attachment":[{"href":"https:\/\/retta.fi\/en\/wp-json\/wp\/v2\/media?parent=42675"}],"curies":[{"name":"wp","href":"https:\/\/api.w.org\/{rel}","templated":true}]}}