{"id":42655,"date":"2024-11-10T17:41:35","date_gmt":"2024-11-10T15:41:35","guid":{"rendered":"https:\/\/retta.fi\/?page_id=42655"},"modified":"2025-02-21T08:43:07","modified_gmt":"2025-02-21T06:43:07","slug":"employee-benefits","status":"publish","type":"page","link":"https:\/\/retta.fi\/en\/working-at-retta\/employee-benefits\/","title":{"rendered":"Employee benefits"},"content":{"rendered":"<section id=\"acf-block-63875a7305be8\" class=\"block block-hero container-fluid ct-darkgreen bg-darkgreen \">\n        <div class=\"container\">\n        <div class=\"row\">\n            <div class=\"col-12 col-lg-8 hero-content-col\">\n                <div class=\"hero-content\">\n                    \n\n<h1 class=\"wp-block-heading\">Employee <em>benefits<\/em><\/h1>\n\n\n                <\/div>\n            <\/div>\n        <\/div>\n    <\/div>\n<\/section>\n\n\n\n<section id=\"acf-block-63875a7305c09\"    class=\"block block-image-and-content container-fluid default-bg has-bg-pattern\">\n    <div class=\"container\">\n        <div class=\"row justify-content-between\">\n            <div class=\"col-12 col-lg-6  img-col\">\n                <div class=\"wp-block-image\">\n                    <div class=\"alignleft\"><img decoding=\"async\" src=\"https:\/\/retta.fi\/wp-content\/uploads\/2024\/07\/36.png\" width=\"864\" height=\"477\" alt=\"\" loading=\"lazy\"><\/div>\n                <\/div>\n            <\/div>\n            <div class=\"col-12 col-lg-5\">\n                <main class=\"entry-content\">\n                    \n\n<p>Retta Is\u00e4nn\u00f6inti offers a workplace where continuous development, responsibility, and innovation in the property management industry are the foundation of our work.<\/p>\n\n\n\n<p>By working at Retta Is\u00e4nn\u00f6inti, you become part of a professional and development-oriented work community where every colleague is treated with respect. We work as a community, valuing each other and celebrating successes.<\/p>\n\n\n\n<p>As a national company, we offer diverse job opportunities, career advancement possibilities, and the support of knowledgeable colleagues. Below you will find a detailed breakdown of the employee benefits we offer.<\/p>\n\n\n\n<div class=\"wp-block-buttons is-content-justification-left is-layout-flex wp-container-core-buttons-is-layout-fdcfc74e wp-block-buttons-is-layout-flex\"><\/div>\n\n\n                <\/main>\n            <\/div>\n        <\/div>\n    <\/div>\n<\/section>\n\n\n<section id=\"acf-block-6730d83e59f34\" class=\"block block-two-innerblocks container-fluid ct-beige bg-beige \">\n    <div class=\"container\">\n        <div class=\"row justify-content-between\">\n            \n<div class=\"block-innerblocks-container-narrow col-12 col-lg-5 entry-content\">\n    \n\n<h2 class=\"wp-block-heading\">Health and Well-being<\/h2>\n\n\n<\/div>\n\n\n<div class=\"block-innerblocks-container col-12 col-lg-6 entry-content\">\n    \n\n<p>We want work to be a meaningful part of life for Retta employees, promoting well-being. In addition to smooth work, a meaningful work environment, and an inspiring work community, we support work well-being and health through various benefits.<\/p>\n\n\n\n<p>We regularly organize well-being campaigns, through which we offer Retta employees various means and tools to strengthen their own well-being.<\/p>\n\n\n\n<p>We offer Retta employees occupational health services that exceed statutory requirements, including general practitioner-level medical care and examinations, as well as occupational health psychologist and physiotherapist services.<\/p>\n\n\n\n<p>Retta employees also have access to lunch benefits and recreational benefits, which can be used for desired sports, cultural, well-being, or health services.<\/p>\n\n\n\n<p>We actively strengthen the well-being of the work community through teams and offices, where diverse, joint recreational activities are organized annually.<\/p>\n\n\n<\/div>\n\n        <\/div>\n    <\/div>\n<\/section>\n\n\n<div style=\"height:9px\" aria-hidden=\"true\" class=\"wp-block-spacer\"><\/div>\n\n\n\n<section id=\"acf-block-6730d83e59f83\" class=\"block block-two-innerblocks container-fluid ct-beige bg-beige \">\n    <div class=\"container\">\n        <div class=\"row justify-content-between\">\n            \n<div class=\"block-innerblocks-container-narrow col-12 col-lg-5 entry-content\">\n    \n\n<h2 class=\"wp-block-heading\">Flexible, Functional, and Evolving Work<\/h2>\n\n\n<\/div>\n\n\n<div class=\"block-innerblocks-container col-12 col-lg-6 entry-content\">\n    \n\n<p>In line with our values, we boldly innovate. We also continuously improve our ways of working and enhance the functionality of our work environments and tools.<\/p>\n\n\n\n<p>We work according to a flexible work model, which means combining on-site and remote work in a way that is appropriate for each task. Therefore, in many roles, you can work remotely. However, we recommend at least one team day per week so that the work community can meet each other!<\/p>\n\n\n\n<p>Innovation for us also means developing skills. We support the learning and development of Retta employees by regularly organizing various degree or qualification-leading training, continuing education, and other training with our partners, as well as offering a wide range of internal training on different topics for Retta employees.<\/p>\n\n\n<\/div>\n\n        <\/div>\n    <\/div>\n<\/section>\n\n\n<div style=\"height:9px\" aria-hidden=\"true\" class=\"wp-block-spacer\"><\/div>\n\n\n\n<section id=\"acf-block-6730d83e59fc4\" class=\"block block-two-innerblocks container-fluid ct-beige bg-beige \">\n    <div class=\"container\">\n        <div class=\"row justify-content-between\">\n            \n<div class=\"block-innerblocks-container-narrow col-12 col-lg-5 entry-content\">\n    \n\n<h2 class=\"wp-block-heading\">Rewards, Recognitions, and Other Benefits<\/h2>\n\n\n<\/div>\n\n\n<div class=\"block-innerblocks-container col-12 col-lg-6 entry-content\">\n    \n\n<p>In the spirit of &#8220;We succeed together,&#8221; we reward our staff for various activities to achieve our common goals.<\/p>\n\n\n\n<p>Rettala employees can receive rewards for tips that lead to deals or recruitments.<\/p>\n\n\n\n<p>Through our partners, we offer extensive employee discounts on services or products related to home, living, leisure, and well-being.<\/p>\n\n\n\n<p>Of course, we also remember our staff on various special occasions, such as service anniversaries or birthdays.<\/p>\n\n\n\n<p>Additionally, the employment relationship may include the right to phone and car benefits, allowing you to choose a suitable phone or car from the available selections.<\/p>\n\n\n<\/div>\n\n        <\/div>\n    <\/div>\n<\/section>","protected":false},"excerpt":{"rendered":"","protected":false},"author":31,"featured_media":0,"parent":42600,"menu_order":0,"comment_status":"closed","ping_status":"closed","template":"","meta":{"_acf_changed":false,"_relevanssi_hide_post":"","_relevanssi_hide_content":"","_relevanssi_pin_for_all":"","_relevanssi_pin_keywords":"","_relevanssi_unpin_keywords":"","_relevanssi_related_keywords":"","_relevanssi_related_include_ids":"","_relevanssi_related_exclude_ids":"","_relevanssi_related_no_append":"","_relevanssi_related_not_related":"","_relevanssi_related_posts":"3838,20539,3320,3260,3222,3304","_relevanssi_noindex_reason":"","footnotes":""},"class_list":["post-42655","page","type-page","status-publish","hentry"],"acf":[],"yoast_head":"<!-- This site is optimized with the Yoast SEO plugin v27.4 - https:\/\/yoast.com\/product\/yoast-seo-wordpress\/ -->\n<title>Employee benefits - Retta<\/title>\n<meta name=\"description\" content=\"Retta tarjoaa monipuolisia kiinteist\u00f6alan ty\u00f6teht\u00e4vi\u00e4, joissa saat kehitty\u00e4 ja ottaa vastuuta. Tutustu avoimiin ty\u00f6paikkoihin!\" \/>\n<meta name=\"robots\" content=\"index, follow, max-snippet:-1, max-image-preview:large, max-video-preview:-1\" \/>\n<link rel=\"canonical\" href=\"https:\/\/retta.fi\/en\/working-at-retta\/employee-benefits\/\" \/>\n<meta property=\"og:locale\" content=\"en_US\" \/>\n<meta property=\"og:type\" content=\"article\" \/>\n<meta property=\"og:title\" content=\"Employee benefits - Retta\" \/>\n<meta property=\"og:description\" content=\"Retta tarjoaa monipuolisia kiinteist\u00f6alan ty\u00f6teht\u00e4vi\u00e4, joissa saat kehitty\u00e4 ja ottaa vastuuta. Tutustu avoimiin ty\u00f6paikkoihin!\" \/>\n<meta property=\"og:url\" content=\"https:\/\/retta.fi\/en\/working-at-retta\/employee-benefits\/\" \/>\n<meta property=\"og:site_name\" content=\"Retta\" \/>\n<meta property=\"article:modified_time\" content=\"2025-02-21T06:43:07+00:00\" \/>\n<meta property=\"og:image\" content=\"https:\/\/retta.fi\/wp-content\/uploads\/2022\/04\/retta_somejako.png\" \/>\n\t<meta property=\"og:image:width\" content=\"1200\" \/>\n\t<meta property=\"og:image:height\" content=\"630\" \/>\n\t<meta property=\"og:image:type\" content=\"image\/png\" \/>\n<meta name=\"twitter:card\" content=\"summary_large_image\" \/>\n<script type=\"application\/ld+json\" class=\"yoast-schema-graph\">{\"@context\":\"https:\\\/\\\/schema.org\",\"@graph\":[{\"@type\":\"WebPage\",\"@id\":\"https:\\\/\\\/retta.fi\\\/en\\\/working-at-retta\\\/employee-benefits\\\/\",\"url\":\"https:\\\/\\\/retta.fi\\\/en\\\/working-at-retta\\\/employee-benefits\\\/\",\"name\":\"Employee benefits - Retta\",\"isPartOf\":{\"@id\":\"https:\\\/\\\/retta.fi\\\/en\\\/#website\"},\"datePublished\":\"2024-11-10T15:41:35+00:00\",\"dateModified\":\"2025-02-21T06:43:07+00:00\",\"description\":\"Retta tarjoaa monipuolisia kiinteist\u00f6alan ty\u00f6teht\u00e4vi\u00e4, joissa saat kehitty\u00e4 ja ottaa vastuuta. Tutustu avoimiin ty\u00f6paikkoihin!\",\"breadcrumb\":{\"@id\":\"https:\\\/\\\/retta.fi\\\/en\\\/working-at-retta\\\/employee-benefits\\\/#breadcrumb\"},\"inLanguage\":\"en-US\",\"potentialAction\":[{\"@type\":\"ReadAction\",\"target\":[\"https:\\\/\\\/retta.fi\\\/en\\\/working-at-retta\\\/employee-benefits\\\/\"]}]},{\"@type\":\"BreadcrumbList\",\"@id\":\"https:\\\/\\\/retta.fi\\\/en\\\/working-at-retta\\\/employee-benefits\\\/#breadcrumb\",\"itemListElement\":[{\"@type\":\"ListItem\",\"position\":1,\"name\":\"Home\",\"item\":\"https:\\\/\\\/retta.fi\\\/en\\\/\"},{\"@type\":\"ListItem\",\"position\":2,\"name\":\"Working at Retta\",\"item\":\"https:\\\/\\\/retta.fi\\\/en\\\/working-at-retta\\\/\"},{\"@type\":\"ListItem\",\"position\":3,\"name\":\"Employee benefits\"}]},{\"@type\":\"WebSite\",\"@id\":\"https:\\\/\\\/retta.fi\\\/en\\\/#website\",\"url\":\"https:\\\/\\\/retta.fi\\\/en\\\/\",\"name\":\"Retta\",\"description\":\"\",\"publisher\":{\"@id\":\"https:\\\/\\\/retta.fi\\\/en\\\/#organization\"},\"potentialAction\":[{\"@type\":\"SearchAction\",\"target\":{\"@type\":\"EntryPoint\",\"urlTemplate\":\"https:\\\/\\\/retta.fi\\\/en\\\/?s={search_term_string}\"},\"query-input\":{\"@type\":\"PropertyValueSpecification\",\"valueRequired\":true,\"valueName\":\"search_term_string\"}}],\"inLanguage\":\"en-US\"},{\"@type\":\"Organization\",\"@id\":\"https:\\\/\\\/retta.fi\\\/en\\\/#organization\",\"name\":\"Retta\",\"url\":\"https:\\\/\\\/retta.fi\\\/en\\\/\",\"logo\":{\"@type\":\"ImageObject\",\"inLanguage\":\"en-US\",\"@id\":\"https:\\\/\\\/retta.fi\\\/en\\\/#\\\/schema\\\/logo\\\/image\\\/\",\"url\":\"https:\\\/\\\/retta.fi\\\/wp-content\\\/uploads\\\/2022\\\/04\\\/retta_somejako.png\",\"contentUrl\":\"https:\\\/\\\/retta.fi\\\/wp-content\\\/uploads\\\/2022\\\/04\\\/retta_somejako.png\",\"width\":1200,\"height\":630,\"caption\":\"Retta\"},\"image\":{\"@id\":\"https:\\\/\\\/retta.fi\\\/en\\\/#\\\/schema\\\/logo\\\/image\\\/\"}}]}<\/script>\n<!-- \/ Yoast SEO plugin. -->","yoast_head_json":{"title":"Employee benefits - Retta","description":"Retta tarjoaa monipuolisia kiinteist\u00f6alan ty\u00f6teht\u00e4vi\u00e4, joissa saat kehitty\u00e4 ja ottaa vastuuta. Tutustu avoimiin ty\u00f6paikkoihin!","robots":{"index":"index","follow":"follow","max-snippet":"max-snippet:-1","max-image-preview":"max-image-preview:large","max-video-preview":"max-video-preview:-1"},"canonical":"https:\/\/retta.fi\/en\/working-at-retta\/employee-benefits\/","og_locale":"en_US","og_type":"article","og_title":"Employee benefits - Retta","og_description":"Retta tarjoaa monipuolisia kiinteist\u00f6alan ty\u00f6teht\u00e4vi\u00e4, joissa saat kehitty\u00e4 ja ottaa vastuuta. Tutustu avoimiin ty\u00f6paikkoihin!","og_url":"https:\/\/retta.fi\/en\/working-at-retta\/employee-benefits\/","og_site_name":"Retta","article_modified_time":"2025-02-21T06:43:07+00:00","og_image":[{"width":1200,"height":630,"url":"https:\/\/retta.fi\/wp-content\/uploads\/2022\/04\/retta_somejako.png","type":"image\/png"}],"twitter_card":"summary_large_image","schema":{"@context":"https:\/\/schema.org","@graph":[{"@type":"WebPage","@id":"https:\/\/retta.fi\/en\/working-at-retta\/employee-benefits\/","url":"https:\/\/retta.fi\/en\/working-at-retta\/employee-benefits\/","name":"Employee benefits - Retta","isPartOf":{"@id":"https:\/\/retta.fi\/en\/#website"},"datePublished":"2024-11-10T15:41:35+00:00","dateModified":"2025-02-21T06:43:07+00:00","description":"Retta tarjoaa monipuolisia kiinteist\u00f6alan ty\u00f6teht\u00e4vi\u00e4, joissa saat kehitty\u00e4 ja ottaa vastuuta. Tutustu avoimiin ty\u00f6paikkoihin!","breadcrumb":{"@id":"https:\/\/retta.fi\/en\/working-at-retta\/employee-benefits\/#breadcrumb"},"inLanguage":"en-US","potentialAction":[{"@type":"ReadAction","target":["https:\/\/retta.fi\/en\/working-at-retta\/employee-benefits\/"]}]},{"@type":"BreadcrumbList","@id":"https:\/\/retta.fi\/en\/working-at-retta\/employee-benefits\/#breadcrumb","itemListElement":[{"@type":"ListItem","position":1,"name":"Home","item":"https:\/\/retta.fi\/en\/"},{"@type":"ListItem","position":2,"name":"Working at Retta","item":"https:\/\/retta.fi\/en\/working-at-retta\/"},{"@type":"ListItem","position":3,"name":"Employee benefits"}]},{"@type":"WebSite","@id":"https:\/\/retta.fi\/en\/#website","url":"https:\/\/retta.fi\/en\/","name":"Retta","description":"","publisher":{"@id":"https:\/\/retta.fi\/en\/#organization"},"potentialAction":[{"@type":"SearchAction","target":{"@type":"EntryPoint","urlTemplate":"https:\/\/retta.fi\/en\/?s={search_term_string}"},"query-input":{"@type":"PropertyValueSpecification","valueRequired":true,"valueName":"search_term_string"}}],"inLanguage":"en-US"},{"@type":"Organization","@id":"https:\/\/retta.fi\/en\/#organization","name":"Retta","url":"https:\/\/retta.fi\/en\/","logo":{"@type":"ImageObject","inLanguage":"en-US","@id":"https:\/\/retta.fi\/en\/#\/schema\/logo\/image\/","url":"https:\/\/retta.fi\/wp-content\/uploads\/2022\/04\/retta_somejako.png","contentUrl":"https:\/\/retta.fi\/wp-content\/uploads\/2022\/04\/retta_somejako.png","width":1200,"height":630,"caption":"Retta"},"image":{"@id":"https:\/\/retta.fi\/en\/#\/schema\/logo\/image\/"}}]}},"_links":{"self":[{"href":"https:\/\/retta.fi\/en\/wp-json\/wp\/v2\/pages\/42655","targetHints":{"allow":["GET"]}}],"collection":[{"href":"https:\/\/retta.fi\/en\/wp-json\/wp\/v2\/pages"}],"about":[{"href":"https:\/\/retta.fi\/en\/wp-json\/wp\/v2\/types\/page"}],"author":[{"embeddable":true,"href":"https:\/\/retta.fi\/en\/wp-json\/wp\/v2\/users\/31"}],"replies":[{"embeddable":true,"href":"https:\/\/retta.fi\/en\/wp-json\/wp\/v2\/comments?post=42655"}],"version-history":[{"count":4,"href":"https:\/\/retta.fi\/en\/wp-json\/wp\/v2\/pages\/42655\/revisions"}],"predecessor-version":[{"id":45004,"href":"https:\/\/retta.fi\/en\/wp-json\/wp\/v2\/pages\/42655\/revisions\/45004"}],"up":[{"embeddable":true,"href":"https:\/\/retta.fi\/en\/wp-json\/wp\/v2\/pages\/42600"}],"wp:attachment":[{"href":"https:\/\/retta.fi\/en\/wp-json\/wp\/v2\/media?parent=42655"}],"curies":[{"name":"wp","href":"https:\/\/api.w.org\/{rel}","templated":true}]}}