{"id":42600,"date":"2024-11-10T15:51:17","date_gmt":"2024-11-10T13:51:17","guid":{"rendered":"https:\/\/retta.fi\/?page_id=42600"},"modified":"2025-02-21T08:42:56","modified_gmt":"2025-02-21T06:42:56","slug":"working-at-retta","status":"publish","type":"page","link":"https:\/\/retta.fi\/en\/working-at-retta\/","title":{"rendered":"Working at Retta"},"content":{"rendered":"\n<section id=\"acf-block-635796747d17c\" class=\"block block-hero-xl container-fluid ct-darkgreen bg-darkgreen has-bg-pattern\">\n        <div class=\"container\">\n        <div class=\"row\">\n            <div class=\"col-12 hero-content-col\">\n                <div class=\"hero-content\">\n                    \n\n<h1 class=\"wp-block-heading\">Working at Retta<\/h1>\n\n\n                <\/div>\n            <\/div>\n        <\/div>\n    <\/div>\n        <div class=\"container highlights\">\n        <div class=\"row card-list\">\n                        <div class=\"col-12 col-md-6 col-lg-4 card-col\">\n                <div class=\"card has-link card-manual has-border\" onclick=\"document.getElementById('card-link-69f8574a8b7cf').click();\">\n    <div class=\"card-thumbnail\">\n        <div class=\"fitted-img-container\"><img fetchpriority=\"high\" decoding=\"async\" src=\"https:\/\/retta.fi\/wp-content\/uploads\/2024\/11\/iStock-1225034538-768x512.jpg\" width=\"768\" height=\"512\" alt=\"Rekry\" loading=\"eager\" data-no-lazy=\"true\" data-no-lqip=\"true\"><\/div>\n    <\/div>\n    <div class=\"card-content\">\n        <div class=\"card-title \"><a href=\"https:\/\/retta.fi\/en\/toihin-rettalle\/retta-tyopaikkana\/\" id=\"card-link-69f8574a8b7cf\">Retta as a workplace<\/a><\/div>\n    <\/div>\n<\/div>\n            <\/div>\n                        <div class=\"col-12 col-md-6 col-lg-4 card-col\">\n                <div class=\"card has-link card-manual has-border\" onclick=\"document.getElementById('card-link-69f8574a8b818').click();\">\n    <div class=\"card-thumbnail\">\n        <div class=\"fitted-img-container\"><img decoding=\"async\" src=\"https:\/\/retta.fi\/wp-content\/uploads\/2023\/12\/6-768x438.png\" width=\"768\" height=\"438\" alt=\"\" loading=\"eager\" data-no-lazy=\"true\" data-no-lqip=\"true\"><\/div>\n    <\/div>\n    <div class=\"card-content\">\n        <div class=\"card-title \"><a href=\"https:\/\/retta.fi\/toihin-rettalle\/rettalaiset-kertovat\/\" id=\"card-link-69f8574a8b818\">Our employees share their stories (in Finnish)<\/a><\/div>\n    <\/div>\n<\/div>\n            <\/div>\n                        <div class=\"col-12 col-md-6 col-lg-4 card-col\">\n                <div class=\"card has-link card-manual has-border\" onclick=\"document.getElementById('card-link-69f8574a8b840').click();\">\n    <div class=\"card-thumbnail\">\n        <div class=\"fitted-img-container\"><img decoding=\"async\" src=\"https:\/\/retta.fi\/wp-content\/uploads\/2024\/07\/HK_rekrykuva-768x512.jpg\" width=\"768\" height=\"512\" alt=\"Ty\u00f6paikkailmoituksen kuvituskuva - rekry\" loading=\"eager\" data-no-lazy=\"true\" data-no-lqip=\"true\"><\/div>\n    <\/div>\n    <div class=\"card-content\">\n        <div class=\"card-title \"><a href=\"https:\/\/retta.fi\/en\/toihin-rettalle\/avoimet-tyopaikat\/\" id=\"card-link-69f8574a8b840\">Apply for an open position<\/a><\/div>\n    <\/div>\n<\/div>\n            <\/div>\n                                <\/div>\n    <\/div>\n        <\/section>\n\n\n\n<section id=\"acf-block-6683894bebb80\" class=\"block block-content-highlights container-fluid container-fluid \">\n    <div class=\"container\">\n          \n    <\/div>\n<\/section>\n","protected":false},"excerpt":{"rendered":"","protected":false},"author":31,"featured_media":42617,"parent":0,"menu_order":0,"comment_status":"closed","ping_status":"closed","template":"","meta":{"_acf_changed":false,"_relevanssi_hide_post":"","_relevanssi_hide_content":"","_relevanssi_pin_for_all":"","_relevanssi_pin_keywords":"","_relevanssi_unpin_keywords":"","_relevanssi_related_keywords":"","_relevanssi_related_include_ids":"","_relevanssi_related_exclude_ids":"","_relevanssi_related_no_append":"","_relevanssi_related_not_related":"","_relevanssi_related_posts":"3639,3734,3822,1630,20819,1603","_relevanssi_noindex_reason":"","footnotes":""},"class_list":["post-42600","page","type-page","status-publish","has-post-thumbnail","hentry"],"acf":[],"yoast_head":"<!-- This site is optimized with the Yoast SEO plugin v27.4 - https:\/\/yoast.com\/product\/yoast-seo-wordpress\/ -->\n<title>T\u00f6ihin Rettalle- Retta Is\u00e4nn\u00f6inti<\/title>\n<meta name=\"description\" content=\"Tarjoamme monipuolisia ty\u00f6teht\u00e4vi\u00e4 kiinteist\u00f6johtamisen alalla. Yrityksemme palveluksessa ty\u00f6skentelee yli 600 asiantuntijaa ymp\u00e4ri Suomen.\" \/>\n<meta name=\"robots\" content=\"index, follow, max-snippet:-1, max-image-preview:large, max-video-preview:-1\" \/>\n<link rel=\"canonical\" href=\"https:\/\/retta.fi\/en\/working-at-retta\/\" \/>\n<meta property=\"og:locale\" content=\"en_US\" \/>\n<meta property=\"og:type\" content=\"article\" \/>\n<meta property=\"og:title\" content=\"T\u00f6ihin Rettalle- Retta Is\u00e4nn\u00f6inti\" \/>\n<meta property=\"og:description\" content=\"Tarjoamme monipuolisia ty\u00f6teht\u00e4vi\u00e4 kiinteist\u00f6johtamisen alalla. Yrityksemme palveluksessa ty\u00f6skentelee yli 600 asiantuntijaa ymp\u00e4ri Suomen.\" \/>\n<meta property=\"og:url\" content=\"https:\/\/retta.fi\/en\/working-at-retta\/\" \/>\n<meta property=\"og:site_name\" content=\"Retta\" \/>\n<meta property=\"article:modified_time\" content=\"2025-02-21T06:42:56+00:00\" \/>\n<meta property=\"og:image\" content=\"https:\/\/retta.fi\/wp-content\/uploads\/2024\/11\/iStock-1225034538.jpg\" \/>\n\t<meta property=\"og:image:width\" content=\"2120\" \/>\n\t<meta property=\"og:image:height\" content=\"1414\" \/>\n\t<meta property=\"og:image:type\" content=\"image\/jpeg\" \/>\n<meta name=\"twitter:card\" content=\"summary_large_image\" \/>\n<script type=\"application\/ld+json\" class=\"yoast-schema-graph\">{\"@context\":\"https:\\\/\\\/schema.org\",\"@graph\":[{\"@type\":\"WebPage\",\"@id\":\"https:\\\/\\\/retta.fi\\\/en\\\/working-at-retta\\\/\",\"url\":\"https:\\\/\\\/retta.fi\\\/en\\\/working-at-retta\\\/\",\"name\":\"T\u00f6ihin Rettalle- Retta Is\u00e4nn\u00f6inti\",\"isPartOf\":{\"@id\":\"https:\\\/\\\/retta.fi\\\/en\\\/#website\"},\"primaryImageOfPage\":{\"@id\":\"https:\\\/\\\/retta.fi\\\/en\\\/working-at-retta\\\/#primaryimage\"},\"image\":{\"@id\":\"https:\\\/\\\/retta.fi\\\/en\\\/working-at-retta\\\/#primaryimage\"},\"thumbnailUrl\":\"https:\\\/\\\/retta.fi\\\/wp-content\\\/uploads\\\/2024\\\/11\\\/iStock-1225034538.jpg\",\"datePublished\":\"2024-11-10T13:51:17+00:00\",\"dateModified\":\"2025-02-21T06:42:56+00:00\",\"description\":\"Tarjoamme monipuolisia ty\u00f6teht\u00e4vi\u00e4 kiinteist\u00f6johtamisen alalla. Yrityksemme palveluksessa ty\u00f6skentelee yli 600 asiantuntijaa ymp\u00e4ri Suomen.\",\"breadcrumb\":{\"@id\":\"https:\\\/\\\/retta.fi\\\/en\\\/working-at-retta\\\/#breadcrumb\"},\"inLanguage\":\"en-US\",\"potentialAction\":[{\"@type\":\"ReadAction\",\"target\":[\"https:\\\/\\\/retta.fi\\\/en\\\/working-at-retta\\\/\"]}]},{\"@type\":\"ImageObject\",\"inLanguage\":\"en-US\",\"@id\":\"https:\\\/\\\/retta.fi\\\/en\\\/working-at-retta\\\/#primaryimage\",\"url\":\"https:\\\/\\\/retta.fi\\\/wp-content\\\/uploads\\\/2024\\\/11\\\/iStock-1225034538.jpg\",\"contentUrl\":\"https:\\\/\\\/retta.fi\\\/wp-content\\\/uploads\\\/2024\\\/11\\\/iStock-1225034538.jpg\",\"width\":2120,\"height\":1414,\"caption\":\"Attractive young businesswoman with a happy smile leaning against an office wall looking at the camera in a close up portrait\"},{\"@type\":\"BreadcrumbList\",\"@id\":\"https:\\\/\\\/retta.fi\\\/en\\\/working-at-retta\\\/#breadcrumb\",\"itemListElement\":[{\"@type\":\"ListItem\",\"position\":1,\"name\":\"Home\",\"item\":\"https:\\\/\\\/retta.fi\\\/en\\\/\"},{\"@type\":\"ListItem\",\"position\":2,\"name\":\"Working at Retta\"}]},{\"@type\":\"WebSite\",\"@id\":\"https:\\\/\\\/retta.fi\\\/en\\\/#website\",\"url\":\"https:\\\/\\\/retta.fi\\\/en\\\/\",\"name\":\"Retta\",\"description\":\"\",\"publisher\":{\"@id\":\"https:\\\/\\\/retta.fi\\\/en\\\/#organization\"},\"potentialAction\":[{\"@type\":\"SearchAction\",\"target\":{\"@type\":\"EntryPoint\",\"urlTemplate\":\"https:\\\/\\\/retta.fi\\\/en\\\/?s={search_term_string}\"},\"query-input\":{\"@type\":\"PropertyValueSpecification\",\"valueRequired\":true,\"valueName\":\"search_term_string\"}}],\"inLanguage\":\"en-US\"},{\"@type\":\"Organization\",\"@id\":\"https:\\\/\\\/retta.fi\\\/en\\\/#organization\",\"name\":\"Retta\",\"url\":\"https:\\\/\\\/retta.fi\\\/en\\\/\",\"logo\":{\"@type\":\"ImageObject\",\"inLanguage\":\"en-US\",\"@id\":\"https:\\\/\\\/retta.fi\\\/en\\\/#\\\/schema\\\/logo\\\/image\\\/\",\"url\":\"https:\\\/\\\/retta.fi\\\/wp-content\\\/uploads\\\/2022\\\/04\\\/retta_somejako.png\",\"contentUrl\":\"https:\\\/\\\/retta.fi\\\/wp-content\\\/uploads\\\/2022\\\/04\\\/retta_somejako.png\",\"width\":1200,\"height\":630,\"caption\":\"Retta\"},\"image\":{\"@id\":\"https:\\\/\\\/retta.fi\\\/en\\\/#\\\/schema\\\/logo\\\/image\\\/\"}}]}<\/script>\n<!-- \/ Yoast SEO plugin. -->","yoast_head_json":{"title":"T\u00f6ihin Rettalle- Retta Is\u00e4nn\u00f6inti","description":"Tarjoamme monipuolisia ty\u00f6teht\u00e4vi\u00e4 kiinteist\u00f6johtamisen alalla. Yrityksemme palveluksessa ty\u00f6skentelee yli 600 asiantuntijaa ymp\u00e4ri Suomen.","robots":{"index":"index","follow":"follow","max-snippet":"max-snippet:-1","max-image-preview":"max-image-preview:large","max-video-preview":"max-video-preview:-1"},"canonical":"https:\/\/retta.fi\/en\/working-at-retta\/","og_locale":"en_US","og_type":"article","og_title":"T\u00f6ihin Rettalle- Retta Is\u00e4nn\u00f6inti","og_description":"Tarjoamme monipuolisia ty\u00f6teht\u00e4vi\u00e4 kiinteist\u00f6johtamisen alalla. Yrityksemme palveluksessa ty\u00f6skentelee yli 600 asiantuntijaa ymp\u00e4ri Suomen.","og_url":"https:\/\/retta.fi\/en\/working-at-retta\/","og_site_name":"Retta","article_modified_time":"2025-02-21T06:42:56+00:00","og_image":[{"width":2120,"height":1414,"url":"https:\/\/retta.fi\/wp-content\/uploads\/2024\/11\/iStock-1225034538.jpg","type":"image\/jpeg"}],"twitter_card":"summary_large_image","schema":{"@context":"https:\/\/schema.org","@graph":[{"@type":"WebPage","@id":"https:\/\/retta.fi\/en\/working-at-retta\/","url":"https:\/\/retta.fi\/en\/working-at-retta\/","name":"T\u00f6ihin Rettalle- Retta Is\u00e4nn\u00f6inti","isPartOf":{"@id":"https:\/\/retta.fi\/en\/#website"},"primaryImageOfPage":{"@id":"https:\/\/retta.fi\/en\/working-at-retta\/#primaryimage"},"image":{"@id":"https:\/\/retta.fi\/en\/working-at-retta\/#primaryimage"},"thumbnailUrl":"https:\/\/retta.fi\/wp-content\/uploads\/2024\/11\/iStock-1225034538.jpg","datePublished":"2024-11-10T13:51:17+00:00","dateModified":"2025-02-21T06:42:56+00:00","description":"Tarjoamme monipuolisia ty\u00f6teht\u00e4vi\u00e4 kiinteist\u00f6johtamisen alalla. Yrityksemme palveluksessa ty\u00f6skentelee yli 600 asiantuntijaa ymp\u00e4ri Suomen.","breadcrumb":{"@id":"https:\/\/retta.fi\/en\/working-at-retta\/#breadcrumb"},"inLanguage":"en-US","potentialAction":[{"@type":"ReadAction","target":["https:\/\/retta.fi\/en\/working-at-retta\/"]}]},{"@type":"ImageObject","inLanguage":"en-US","@id":"https:\/\/retta.fi\/en\/working-at-retta\/#primaryimage","url":"https:\/\/retta.fi\/wp-content\/uploads\/2024\/11\/iStock-1225034538.jpg","contentUrl":"https:\/\/retta.fi\/wp-content\/uploads\/2024\/11\/iStock-1225034538.jpg","width":2120,"height":1414,"caption":"Attractive young businesswoman with a happy smile leaning against an office wall looking at the camera in a close up portrait"},{"@type":"BreadcrumbList","@id":"https:\/\/retta.fi\/en\/working-at-retta\/#breadcrumb","itemListElement":[{"@type":"ListItem","position":1,"name":"Home","item":"https:\/\/retta.fi\/en\/"},{"@type":"ListItem","position":2,"name":"Working at Retta"}]},{"@type":"WebSite","@id":"https:\/\/retta.fi\/en\/#website","url":"https:\/\/retta.fi\/en\/","name":"Retta","description":"","publisher":{"@id":"https:\/\/retta.fi\/en\/#organization"},"potentialAction":[{"@type":"SearchAction","target":{"@type":"EntryPoint","urlTemplate":"https:\/\/retta.fi\/en\/?s={search_term_string}"},"query-input":{"@type":"PropertyValueSpecification","valueRequired":true,"valueName":"search_term_string"}}],"inLanguage":"en-US"},{"@type":"Organization","@id":"https:\/\/retta.fi\/en\/#organization","name":"Retta","url":"https:\/\/retta.fi\/en\/","logo":{"@type":"ImageObject","inLanguage":"en-US","@id":"https:\/\/retta.fi\/en\/#\/schema\/logo\/image\/","url":"https:\/\/retta.fi\/wp-content\/uploads\/2022\/04\/retta_somejako.png","contentUrl":"https:\/\/retta.fi\/wp-content\/uploads\/2022\/04\/retta_somejako.png","width":1200,"height":630,"caption":"Retta"},"image":{"@id":"https:\/\/retta.fi\/en\/#\/schema\/logo\/image\/"}}]}},"_links":{"self":[{"href":"https:\/\/retta.fi\/en\/wp-json\/wp\/v2\/pages\/42600","targetHints":{"allow":["GET"]}}],"collection":[{"href":"https:\/\/retta.fi\/en\/wp-json\/wp\/v2\/pages"}],"about":[{"href":"https:\/\/retta.fi\/en\/wp-json\/wp\/v2\/types\/page"}],"author":[{"embeddable":true,"href":"https:\/\/retta.fi\/en\/wp-json\/wp\/v2\/users\/31"}],"replies":[{"embeddable":true,"href":"https:\/\/retta.fi\/en\/wp-json\/wp\/v2\/comments?post=42600"}],"version-history":[{"count":5,"href":"https:\/\/retta.fi\/en\/wp-json\/wp\/v2\/pages\/42600\/revisions"}],"predecessor-version":[{"id":46749,"href":"https:\/\/retta.fi\/en\/wp-json\/wp\/v2\/pages\/42600\/revisions\/46749"}],"wp:featuredmedia":[{"embeddable":true,"href":"https:\/\/retta.fi\/en\/wp-json\/wp\/v2\/media\/42617"}],"wp:attachment":[{"href":"https:\/\/retta.fi\/en\/wp-json\/wp\/v2\/media?parent=42600"}],"curies":[{"name":"wp","href":"https:\/\/api.w.org\/{rel}","templated":true}]}}