{"id":42352,"date":"2024-11-06T09:59:00","date_gmt":"2024-11-06T07:59:00","guid":{"rendered":"https:\/\/retta.fi\/?page_id=42352"},"modified":"2025-02-21T08:29:20","modified_gmt":"2025-02-21T06:29:20","slug":"values","status":"publish","type":"page","link":"https:\/\/retta.fi\/en\/about-us\/values\/","title":{"rendered":"Values"},"content":{"rendered":"<section id=\"acf-block-63b2b0a20570f\" class=\"block block-hero container-fluid ct-darkgreen bg-darkgreen \">\n        <div class=\"container\">\n        <div class=\"row\">\n            <div class=\"col-12 col-lg-8 hero-content-col\">\n                <div class=\"hero-content\">\n                    \n\n<h1 class=\"wp-block-heading\">Values guide our actions<\/h1>\n\n\n                <\/div>\n            <\/div>\n        <\/div>\n    <\/div>\n<\/section>\n\n\n\n<div style=\"height:29px\" aria-hidden=\"true\" class=\"wp-block-spacer\"><\/div>\n\n\n\n<section id=\"acf-block-673b0c076d4d6\" class=\"block block-two-innerblocks container-fluid ct-darkgreen bg-darkgreen \">\n    <div class=\"container\">\n        <div class=\"row justify-content-between\">\n            \n<div class=\"block-innerblocks-container-narrow col-12 col-lg-5 entry-content\">\n    \n\n<h3 class=\"wp-block-heading\">We Succeed Together<\/h3>\n\n\n\n<p>The customer is at the center of our operations. Collaboration and success achieved with our customers guarantee us mutual success. We rejoice in our successes. We trust each other, and our operations are based on mutual respect.<\/p>\n\n\n\n<h3 class=\"wp-block-heading\">We Innovate Boldly<\/h3>\n\n\n\n<p>Everyone here can take pride in their work. We boldly innovate our skills, operations, and industry, considering the needs of our customers and staff. We are professionals in our field and have a positive attitude towards new opportunities. We have the ability, desire, and permission to do things better.<\/p>\n\n\n\n<h3 class=\"wp-block-heading\">We Act Responsibly<\/h3>\n\n\n\n<p>We take responsibility for tomorrow. Our choices are guided by responsibility towards each other, our customers, the environment, society, and economic success. Our operations are based on transparency and honesty.<\/p>\n\n\n<\/div>\n\n\n<div class=\"block-innerblocks-container col-12 col-lg-6 entry-content\">\n    \n\n<p><img decoding=\"async\" width=\"800\" height=\"490\" class=\"wp-image-42840\" style=\"width: 800px;\" src=\"https:\/\/retta.fi\/wp-content\/uploads\/2024\/11\/Arvot-ohjaavat-toimintaamme.png\" alt=\"\" srcset=\"https:\/\/retta.fi\/wp-content\/uploads\/2024\/11\/Arvot-ohjaavat-toimintaamme.png 2076w, https:\/\/retta.fi\/wp-content\/uploads\/2024\/11\/Arvot-ohjaavat-toimintaamme-360x220.png 360w, https:\/\/retta.fi\/wp-content\/uploads\/2024\/11\/Arvot-ohjaavat-toimintaamme-632x387.png 632w, https:\/\/retta.fi\/wp-content\/uploads\/2024\/11\/Arvot-ohjaavat-toimintaamme-768x470.png 768w, https:\/\/retta.fi\/wp-content\/uploads\/2024\/11\/Arvot-ohjaavat-toimintaamme-1920x1175.png 1920w\" sizes=\"(max-width: 575px) 100vw, (max-width: 767px) 510px, (max-width: 991px) 290px, (max-width: 1199px) 530px, 800px\" \/><\/p>\n\n\n\n<p><\/p>\n\n\n\n<p><\/p>\n\n\n\n<p><\/p>\n\n\n\n<p class=\"is-style-lead\">Our values guide our actions and mindset in our daily work with our customers, partners, and colleagues.<\/p>\n\n\n<\/div>\n\n        <\/div>\n    <\/div>\n<\/section>\n\n\n<div style=\"height:100px\" aria-hidden=\"true\" class=\"wp-block-spacer\"><\/div>\n","protected":false},"excerpt":{"rendered":"","protected":false},"author":31,"featured_media":0,"parent":42337,"menu_order":0,"comment_status":"closed","ping_status":"closed","template":"","meta":{"_acf_changed":false,"_relevanssi_hide_post":"","_relevanssi_hide_content":"","_relevanssi_pin_for_all":"","_relevanssi_pin_keywords":"","_relevanssi_unpin_keywords":"","_relevanssi_related_keywords":"","_relevanssi_related_include_ids":"","_relevanssi_related_exclude_ids":"","_relevanssi_related_no_append":"","_relevanssi_related_not_related":"","_relevanssi_related_posts":"1632,1630,1599,1617,1603,1619","_relevanssi_noindex_reason":"","footnotes":""},"class_list":["post-42352","page","type-page","status-publish","hentry"],"acf":[],"yoast_head":"<!-- This site is optimized with the Yoast SEO plugin v27.4 - https:\/\/yoast.com\/product\/yoast-seo-wordpress\/ -->\n<title>Values - Retta<\/title>\n<meta name=\"description\" content=\"Olemme pohjoismainen kotien, kiinteist\u00f6jen ja toimitilojen v\u00e4litykseen sek\u00e4 hallintaan erikoistunut toimija.\" \/>\n<meta name=\"robots\" content=\"index, follow, max-snippet:-1, max-image-preview:large, max-video-preview:-1\" \/>\n<link rel=\"canonical\" href=\"https:\/\/retta.fi\/en\/about-us\/values\/\" \/>\n<meta property=\"og:locale\" content=\"en_US\" \/>\n<meta property=\"og:type\" content=\"article\" \/>\n<meta property=\"og:title\" content=\"Values - Retta\" \/>\n<meta property=\"og:description\" content=\"Olemme pohjoismainen kotien, kiinteist\u00f6jen ja toimitilojen v\u00e4litykseen sek\u00e4 hallintaan erikoistunut toimija.\" \/>\n<meta property=\"og:url\" content=\"https:\/\/retta.fi\/en\/about-us\/values\/\" \/>\n<meta property=\"og:site_name\" content=\"Retta\" \/>\n<meta property=\"article:modified_time\" content=\"2025-02-21T06:29:20+00:00\" \/>\n<meta property=\"og:image\" content=\"https:\/\/retta.fi\/wp-content\/uploads\/2024\/11\/Arvot-ohjaavat-toimintaamme.png\" \/>\n\t<meta property=\"og:image:width\" content=\"2076\" \/>\n\t<meta property=\"og:image:height\" content=\"1271\" \/>\n\t<meta property=\"og:image:type\" content=\"image\/png\" \/>\n<meta name=\"twitter:card\" content=\"summary_large_image\" \/>\n<script type=\"application\/ld+json\" class=\"yoast-schema-graph\">{\"@context\":\"https:\\\/\\\/schema.org\",\"@graph\":[{\"@type\":\"WebPage\",\"@id\":\"https:\\\/\\\/retta.fi\\\/en\\\/about-us\\\/values\\\/\",\"url\":\"https:\\\/\\\/retta.fi\\\/en\\\/about-us\\\/values\\\/\",\"name\":\"Values - Retta\",\"isPartOf\":{\"@id\":\"https:\\\/\\\/retta.fi\\\/en\\\/#website\"},\"primaryImageOfPage\":{\"@id\":\"https:\\\/\\\/retta.fi\\\/en\\\/about-us\\\/values\\\/#primaryimage\"},\"image\":{\"@id\":\"https:\\\/\\\/retta.fi\\\/en\\\/about-us\\\/values\\\/#primaryimage\"},\"thumbnailUrl\":\"https:\\\/\\\/retta.fi\\\/wp-content\\\/uploads\\\/2024\\\/11\\\/Arvot-ohjaavat-toimintaamme.png\",\"datePublished\":\"2024-11-06T07:59:00+00:00\",\"dateModified\":\"2025-02-21T06:29:20+00:00\",\"description\":\"Olemme pohjoismainen kotien, kiinteist\u00f6jen ja toimitilojen v\u00e4litykseen sek\u00e4 hallintaan erikoistunut toimija.\",\"breadcrumb\":{\"@id\":\"https:\\\/\\\/retta.fi\\\/en\\\/about-us\\\/values\\\/#breadcrumb\"},\"inLanguage\":\"en-US\",\"potentialAction\":[{\"@type\":\"ReadAction\",\"target\":[\"https:\\\/\\\/retta.fi\\\/en\\\/about-us\\\/values\\\/\"]}]},{\"@type\":\"ImageObject\",\"inLanguage\":\"en-US\",\"@id\":\"https:\\\/\\\/retta.fi\\\/en\\\/about-us\\\/values\\\/#primaryimage\",\"url\":\"https:\\\/\\\/retta.fi\\\/wp-content\\\/uploads\\\/2024\\\/11\\\/Arvot-ohjaavat-toimintaamme.png\",\"contentUrl\":\"https:\\\/\\\/retta.fi\\\/wp-content\\\/uploads\\\/2024\\\/11\\\/Arvot-ohjaavat-toimintaamme.png\"},{\"@type\":\"BreadcrumbList\",\"@id\":\"https:\\\/\\\/retta.fi\\\/en\\\/about-us\\\/values\\\/#breadcrumb\",\"itemListElement\":[{\"@type\":\"ListItem\",\"position\":1,\"name\":\"Home\",\"item\":\"https:\\\/\\\/retta.fi\\\/en\\\/\"},{\"@type\":\"ListItem\",\"position\":2,\"name\":\"About Us\",\"item\":\"https:\\\/\\\/retta.fi\\\/en\\\/about-us\\\/\"},{\"@type\":\"ListItem\",\"position\":3,\"name\":\"Values\"}]},{\"@type\":\"WebSite\",\"@id\":\"https:\\\/\\\/retta.fi\\\/en\\\/#website\",\"url\":\"https:\\\/\\\/retta.fi\\\/en\\\/\",\"name\":\"Retta\",\"description\":\"\",\"publisher\":{\"@id\":\"https:\\\/\\\/retta.fi\\\/en\\\/#organization\"},\"potentialAction\":[{\"@type\":\"SearchAction\",\"target\":{\"@type\":\"EntryPoint\",\"urlTemplate\":\"https:\\\/\\\/retta.fi\\\/en\\\/?s={search_term_string}\"},\"query-input\":{\"@type\":\"PropertyValueSpecification\",\"valueRequired\":true,\"valueName\":\"search_term_string\"}}],\"inLanguage\":\"en-US\"},{\"@type\":\"Organization\",\"@id\":\"https:\\\/\\\/retta.fi\\\/en\\\/#organization\",\"name\":\"Retta\",\"url\":\"https:\\\/\\\/retta.fi\\\/en\\\/\",\"logo\":{\"@type\":\"ImageObject\",\"inLanguage\":\"en-US\",\"@id\":\"https:\\\/\\\/retta.fi\\\/en\\\/#\\\/schema\\\/logo\\\/image\\\/\",\"url\":\"https:\\\/\\\/retta.fi\\\/wp-content\\\/uploads\\\/2022\\\/04\\\/retta_somejako.png\",\"contentUrl\":\"https:\\\/\\\/retta.fi\\\/wp-content\\\/uploads\\\/2022\\\/04\\\/retta_somejako.png\",\"width\":1200,\"height\":630,\"caption\":\"Retta\"},\"image\":{\"@id\":\"https:\\\/\\\/retta.fi\\\/en\\\/#\\\/schema\\\/logo\\\/image\\\/\"}}]}<\/script>\n<!-- \/ Yoast SEO plugin. -->","yoast_head_json":{"title":"Values - Retta","description":"Olemme pohjoismainen kotien, kiinteist\u00f6jen ja toimitilojen v\u00e4litykseen sek\u00e4 hallintaan erikoistunut toimija.","robots":{"index":"index","follow":"follow","max-snippet":"max-snippet:-1","max-image-preview":"max-image-preview:large","max-video-preview":"max-video-preview:-1"},"canonical":"https:\/\/retta.fi\/en\/about-us\/values\/","og_locale":"en_US","og_type":"article","og_title":"Values - Retta","og_description":"Olemme pohjoismainen kotien, kiinteist\u00f6jen ja toimitilojen v\u00e4litykseen sek\u00e4 hallintaan erikoistunut toimija.","og_url":"https:\/\/retta.fi\/en\/about-us\/values\/","og_site_name":"Retta","article_modified_time":"2025-02-21T06:29:20+00:00","og_image":[{"width":2076,"height":1271,"url":"https:\/\/retta.fi\/wp-content\/uploads\/2024\/11\/Arvot-ohjaavat-toimintaamme.png","type":"image\/png"}],"twitter_card":"summary_large_image","schema":{"@context":"https:\/\/schema.org","@graph":[{"@type":"WebPage","@id":"https:\/\/retta.fi\/en\/about-us\/values\/","url":"https:\/\/retta.fi\/en\/about-us\/values\/","name":"Values - Retta","isPartOf":{"@id":"https:\/\/retta.fi\/en\/#website"},"primaryImageOfPage":{"@id":"https:\/\/retta.fi\/en\/about-us\/values\/#primaryimage"},"image":{"@id":"https:\/\/retta.fi\/en\/about-us\/values\/#primaryimage"},"thumbnailUrl":"https:\/\/retta.fi\/wp-content\/uploads\/2024\/11\/Arvot-ohjaavat-toimintaamme.png","datePublished":"2024-11-06T07:59:00+00:00","dateModified":"2025-02-21T06:29:20+00:00","description":"Olemme pohjoismainen kotien, kiinteist\u00f6jen ja toimitilojen v\u00e4litykseen sek\u00e4 hallintaan erikoistunut toimija.","breadcrumb":{"@id":"https:\/\/retta.fi\/en\/about-us\/values\/#breadcrumb"},"inLanguage":"en-US","potentialAction":[{"@type":"ReadAction","target":["https:\/\/retta.fi\/en\/about-us\/values\/"]}]},{"@type":"ImageObject","inLanguage":"en-US","@id":"https:\/\/retta.fi\/en\/about-us\/values\/#primaryimage","url":"https:\/\/retta.fi\/wp-content\/uploads\/2024\/11\/Arvot-ohjaavat-toimintaamme.png","contentUrl":"https:\/\/retta.fi\/wp-content\/uploads\/2024\/11\/Arvot-ohjaavat-toimintaamme.png"},{"@type":"BreadcrumbList","@id":"https:\/\/retta.fi\/en\/about-us\/values\/#breadcrumb","itemListElement":[{"@type":"ListItem","position":1,"name":"Home","item":"https:\/\/retta.fi\/en\/"},{"@type":"ListItem","position":2,"name":"About Us","item":"https:\/\/retta.fi\/en\/about-us\/"},{"@type":"ListItem","position":3,"name":"Values"}]},{"@type":"WebSite","@id":"https:\/\/retta.fi\/en\/#website","url":"https:\/\/retta.fi\/en\/","name":"Retta","description":"","publisher":{"@id":"https:\/\/retta.fi\/en\/#organization"},"potentialAction":[{"@type":"SearchAction","target":{"@type":"EntryPoint","urlTemplate":"https:\/\/retta.fi\/en\/?s={search_term_string}"},"query-input":{"@type":"PropertyValueSpecification","valueRequired":true,"valueName":"search_term_string"}}],"inLanguage":"en-US"},{"@type":"Organization","@id":"https:\/\/retta.fi\/en\/#organization","name":"Retta","url":"https:\/\/retta.fi\/en\/","logo":{"@type":"ImageObject","inLanguage":"en-US","@id":"https:\/\/retta.fi\/en\/#\/schema\/logo\/image\/","url":"https:\/\/retta.fi\/wp-content\/uploads\/2022\/04\/retta_somejako.png","contentUrl":"https:\/\/retta.fi\/wp-content\/uploads\/2022\/04\/retta_somejako.png","width":1200,"height":630,"caption":"Retta"},"image":{"@id":"https:\/\/retta.fi\/en\/#\/schema\/logo\/image\/"}}]}},"_links":{"self":[{"href":"https:\/\/retta.fi\/en\/wp-json\/wp\/v2\/pages\/42352","targetHints":{"allow":["GET"]}}],"collection":[{"href":"https:\/\/retta.fi\/en\/wp-json\/wp\/v2\/pages"}],"about":[{"href":"https:\/\/retta.fi\/en\/wp-json\/wp\/v2\/types\/page"}],"author":[{"embeddable":true,"href":"https:\/\/retta.fi\/en\/wp-json\/wp\/v2\/users\/31"}],"replies":[{"embeddable":true,"href":"https:\/\/retta.fi\/en\/wp-json\/wp\/v2\/comments?post=42352"}],"version-history":[{"count":2,"href":"https:\/\/retta.fi\/en\/wp-json\/wp\/v2\/pages\/42352\/revisions"}],"predecessor-version":[{"id":44984,"href":"https:\/\/retta.fi\/en\/wp-json\/wp\/v2\/pages\/42352\/revisions\/44984"}],"up":[{"embeddable":true,"href":"https:\/\/retta.fi\/en\/wp-json\/wp\/v2\/pages\/42337"}],"wp:attachment":[{"href":"https:\/\/retta.fi\/en\/wp-json\/wp\/v2\/media?parent=42352"}],"curies":[{"name":"wp","href":"https:\/\/api.w.org\/{rel}","templated":true}]}}