{"id":42328,"date":"2024-11-06T08:15:51","date_gmt":"2024-11-06T06:15:51","guid":{"rendered":"https:\/\/retta.fi\/?page_id=42328"},"modified":"2026-02-13T10:31:18","modified_gmt":"2026-02-13T08:31:18","slug":"for-developers-and-key-clients","status":"publish","type":"page","link":"https:\/\/retta.fi\/en\/for-developers-and-key-clients\/","title":{"rendered":"For Developers and Key Clients"},"content":{"rendered":"\n<section id=\"acf-block-635796747d17c\" class=\"block block-hero-xl container-fluid ct-darkgreen bg-darkgreen has-bg-pattern\">\n        <div class=\"container\">\n        <div class=\"row\">\n            <div class=\"col-12 hero-content-col\">\n                <div class=\"hero-content\">\n                    \n\n<h1 class=\"wp-block-heading\">The Most Comprehensive Services for Developers and Key Clients<\/h1>\n\n\n                <\/div>\n            <\/div>\n        <\/div>\n    <\/div>\n        <div class=\"container highlights\">\n        <div class=\"row card-list\">\n                        <div class=\"col-12 col-md-6 col-lg-4 card-col\">\n                <div class=\"card has-link card-manual has-border\" onclick=\"document.getElementById('card-link-69e0bb5b710b9').click();\">\n    <div class=\"card-thumbnail\">\n        <div class=\"fitted-img-container\"><img fetchpriority=\"high\" decoding=\"async\" src=\"https:\/\/retta.fi\/wp-content\/uploads\/2024\/07\/iStock-153500354-768x512.jpg\" width=\"768\" height=\"512\" alt=\"\" loading=\"eager\" data-no-lazy=\"true\" data-no-lqip=\"true\"><\/div>\n    <\/div>\n    <div class=\"card-content\">\n        <div class=\"card-title \"><a href=\"https:\/\/retta.fi\/en\/for-developers-and-key-clients\/new-construction-property-management\/\" id=\"card-link-69e0bb5b710b9\">New Construction Property Management<\/a><\/div>\n    <\/div>\n<\/div>\n            <\/div>\n                        <div class=\"col-12 col-md-6 col-lg-4 card-col\">\n                <div class=\"card has-link card-manual has-border\" onclick=\"document.getElementById('card-link-69e0bb5b710f9').click();\">\n    <div class=\"card-thumbnail\">\n        <div class=\"fitted-img-container\"><img decoding=\"async\" src=\"https:\/\/retta.fi\/wp-content\/uploads\/2024\/07\/iStock-1251379319-768x512.jpg\" width=\"768\" height=\"512\" alt=\"\" loading=\"eager\" data-no-lazy=\"true\" data-no-lqip=\"true\"><\/div>\n    <\/div>\n    <div class=\"card-content\">\n        <div class=\"card-title \"><a href=\"https:\/\/retta.fi\/en\/for-developers-and-key-clients\/residential-area-development-services\/\" id=\"card-link-69e0bb5b710f9\">Residential Area Development Services<\/a><\/div>\n    <\/div>\n<\/div>\n            <\/div>\n                        <div class=\"col-12 col-md-6 col-lg-4 card-col\">\n                <div class=\"card has-link card-manual has-border\" onclick=\"document.getElementById('card-link-69e0bb5b7111f').click();\">\n    <div class=\"card-thumbnail\">\n        <div class=\"fitted-img-container\"><img decoding=\"async\" src=\"https:\/\/retta.fi\/wp-content\/uploads\/2022\/07\/sahkoauto-768x432.jpg\" width=\"768\" height=\"432\" alt=\"S\u00e4hk\u00f6auton lataaminen taloyhti\u00f6n omissa tiloissa. Retta Is\u00e4nn\u00f6inti\" loading=\"eager\" data-no-lazy=\"true\" data-no-lqip=\"true\"><\/div>\n    <\/div>\n    <div class=\"card-content\">\n        <div class=\"card-title \"><a href=\"https:\/\/retta.fi\/en\/for-developers-and-key-clients\/parking-facilities-management-and-maintenance\/\" id=\"card-link-69e0bb5b7111f\">Parking Facilities<\/a><\/div>\n    <\/div>\n<\/div>\n            <\/div>\n                                <\/div>\n    <\/div>\n        <\/section>\n","protected":false},"excerpt":{"rendered":"","protected":false},"author":31,"featured_media":0,"parent":0,"menu_order":0,"comment_status":"closed","ping_status":"closed","template":"","meta":{"_acf_changed":false,"_relevanssi_hide_post":"","_relevanssi_hide_content":"","_relevanssi_pin_for_all":"","_relevanssi_pin_keywords":"","_relevanssi_unpin_keywords":"","_relevanssi_related_keywords":"","_relevanssi_related_include_ids":"","_relevanssi_related_exclude_ids":"","_relevanssi_related_no_append":"","_relevanssi_related_not_related":"","_relevanssi_related_posts":"3639,3734,3822,1630,20819,1603","_relevanssi_noindex_reason":"","footnotes":""},"class_list":["post-42328","page","type-page","status-publish","hentry"],"acf":[],"yoast_head":"<!-- This site is optimized with the Yoast SEO plugin v27.1.1 - https:\/\/yoast.com\/product\/yoast-seo-wordpress\/ -->\n<title>Palvelut rakennuttajille ja suurasiakkaille- Retta Is\u00e4nn\u00f6inti<\/title>\n<meta name=\"description\" content=\"Retta Palveluyhti\u00f6t ja Retta Uudiskohdeyksikk\u00f6 tarjoaa kattavimmat palvelut rakennuttajille ja suurasiakkaille.\" \/>\n<meta name=\"robots\" content=\"index, follow, max-snippet:-1, max-image-preview:large, max-video-preview:-1\" \/>\n<link rel=\"canonical\" href=\"https:\/\/retta.fi\/en\/for-developers-and-key-clients\/\" \/>\n<meta property=\"og:locale\" content=\"en_US\" \/>\n<meta property=\"og:type\" content=\"article\" \/>\n<meta property=\"og:title\" content=\"Palvelut rakennuttajille ja suurasiakkaille- Retta Is\u00e4nn\u00f6inti\" \/>\n<meta property=\"og:description\" content=\"Retta Palveluyhti\u00f6t ja Retta Uudiskohdeyksikk\u00f6 tarjoaa kattavimmat palvelut rakennuttajille ja suurasiakkaille.\" \/>\n<meta property=\"og:url\" content=\"https:\/\/retta.fi\/en\/for-developers-and-key-clients\/\" \/>\n<meta property=\"og:site_name\" content=\"Retta\" \/>\n<meta property=\"article:modified_time\" content=\"2026-02-13T08:31:18+00:00\" \/>\n<meta property=\"og:image\" content=\"https:\/\/retta.fi\/wp-content\/uploads\/2022\/04\/retta_somejako.png\" \/>\n\t<meta property=\"og:image:width\" content=\"1200\" \/>\n\t<meta property=\"og:image:height\" content=\"630\" \/>\n\t<meta property=\"og:image:type\" content=\"image\/png\" \/>\n<meta name=\"twitter:card\" content=\"summary_large_image\" \/>\n<script type=\"application\/ld+json\" class=\"yoast-schema-graph\">{\"@context\":\"https:\/\/schema.org\",\"@graph\":[{\"@type\":\"WebPage\",\"@id\":\"https:\/\/retta.fi\/en\/for-developers-and-key-clients\/\",\"url\":\"https:\/\/retta.fi\/en\/for-developers-and-key-clients\/\",\"name\":\"Palvelut rakennuttajille ja suurasiakkaille- Retta Is\u00e4nn\u00f6inti\",\"isPartOf\":{\"@id\":\"https:\/\/retta.fi\/en\/#website\"},\"datePublished\":\"2024-11-06T06:15:51+00:00\",\"dateModified\":\"2026-02-13T08:31:18+00:00\",\"description\":\"Retta Palveluyhti\u00f6t ja Retta Uudiskohdeyksikk\u00f6 tarjoaa kattavimmat palvelut rakennuttajille ja suurasiakkaille.\",\"breadcrumb\":{\"@id\":\"https:\/\/retta.fi\/en\/for-developers-and-key-clients\/#breadcrumb\"},\"inLanguage\":\"en-US\",\"potentialAction\":[{\"@type\":\"ReadAction\",\"target\":[\"https:\/\/retta.fi\/en\/for-developers-and-key-clients\/\"]}]},{\"@type\":\"BreadcrumbList\",\"@id\":\"https:\/\/retta.fi\/en\/for-developers-and-key-clients\/#breadcrumb\",\"itemListElement\":[{\"@type\":\"ListItem\",\"position\":1,\"name\":\"Home\",\"item\":\"https:\/\/retta.fi\/en\/\"},{\"@type\":\"ListItem\",\"position\":2,\"name\":\"For Developers and Key Clients\"}]},{\"@type\":\"WebSite\",\"@id\":\"https:\/\/retta.fi\/en\/#website\",\"url\":\"https:\/\/retta.fi\/en\/\",\"name\":\"Retta\",\"description\":\"\",\"publisher\":{\"@id\":\"https:\/\/retta.fi\/en\/#organization\"},\"potentialAction\":[{\"@type\":\"SearchAction\",\"target\":{\"@type\":\"EntryPoint\",\"urlTemplate\":\"https:\/\/retta.fi\/en\/?s={search_term_string}\"},\"query-input\":{\"@type\":\"PropertyValueSpecification\",\"valueRequired\":true,\"valueName\":\"search_term_string\"}}],\"inLanguage\":\"en-US\"},{\"@type\":\"Organization\",\"@id\":\"https:\/\/retta.fi\/en\/#organization\",\"name\":\"Retta\",\"url\":\"https:\/\/retta.fi\/en\/\",\"logo\":{\"@type\":\"ImageObject\",\"inLanguage\":\"en-US\",\"@id\":\"https:\/\/retta.fi\/en\/#\/schema\/logo\/image\/\",\"url\":\"https:\/\/retta.fi\/wp-content\/uploads\/2022\/04\/retta_somejako.png\",\"contentUrl\":\"https:\/\/retta.fi\/wp-content\/uploads\/2022\/04\/retta_somejako.png\",\"width\":1200,\"height\":630,\"caption\":\"Retta\"},\"image\":{\"@id\":\"https:\/\/retta.fi\/en\/#\/schema\/logo\/image\/\"}}]}<\/script>\n<!-- \/ Yoast SEO plugin. -->","yoast_head_json":{"title":"Palvelut rakennuttajille ja suurasiakkaille- Retta Is\u00e4nn\u00f6inti","description":"Retta Palveluyhti\u00f6t ja Retta Uudiskohdeyksikk\u00f6 tarjoaa kattavimmat palvelut rakennuttajille ja suurasiakkaille.","robots":{"index":"index","follow":"follow","max-snippet":"max-snippet:-1","max-image-preview":"max-image-preview:large","max-video-preview":"max-video-preview:-1"},"canonical":"https:\/\/retta.fi\/en\/for-developers-and-key-clients\/","og_locale":"en_US","og_type":"article","og_title":"Palvelut rakennuttajille ja suurasiakkaille- Retta Is\u00e4nn\u00f6inti","og_description":"Retta Palveluyhti\u00f6t ja Retta Uudiskohdeyksikk\u00f6 tarjoaa kattavimmat palvelut rakennuttajille ja suurasiakkaille.","og_url":"https:\/\/retta.fi\/en\/for-developers-and-key-clients\/","og_site_name":"Retta","article_modified_time":"2026-02-13T08:31:18+00:00","og_image":[{"width":1200,"height":630,"url":"https:\/\/retta.fi\/wp-content\/uploads\/2022\/04\/retta_somejako.png","type":"image\/png"}],"twitter_card":"summary_large_image","schema":{"@context":"https:\/\/schema.org","@graph":[{"@type":"WebPage","@id":"https:\/\/retta.fi\/en\/for-developers-and-key-clients\/","url":"https:\/\/retta.fi\/en\/for-developers-and-key-clients\/","name":"Palvelut rakennuttajille ja suurasiakkaille- Retta Is\u00e4nn\u00f6inti","isPartOf":{"@id":"https:\/\/retta.fi\/en\/#website"},"datePublished":"2024-11-06T06:15:51+00:00","dateModified":"2026-02-13T08:31:18+00:00","description":"Retta Palveluyhti\u00f6t ja Retta Uudiskohdeyksikk\u00f6 tarjoaa kattavimmat palvelut rakennuttajille ja suurasiakkaille.","breadcrumb":{"@id":"https:\/\/retta.fi\/en\/for-developers-and-key-clients\/#breadcrumb"},"inLanguage":"en-US","potentialAction":[{"@type":"ReadAction","target":["https:\/\/retta.fi\/en\/for-developers-and-key-clients\/"]}]},{"@type":"BreadcrumbList","@id":"https:\/\/retta.fi\/en\/for-developers-and-key-clients\/#breadcrumb","itemListElement":[{"@type":"ListItem","position":1,"name":"Home","item":"https:\/\/retta.fi\/en\/"},{"@type":"ListItem","position":2,"name":"For Developers and Key Clients"}]},{"@type":"WebSite","@id":"https:\/\/retta.fi\/en\/#website","url":"https:\/\/retta.fi\/en\/","name":"Retta","description":"","publisher":{"@id":"https:\/\/retta.fi\/en\/#organization"},"potentialAction":[{"@type":"SearchAction","target":{"@type":"EntryPoint","urlTemplate":"https:\/\/retta.fi\/en\/?s={search_term_string}"},"query-input":{"@type":"PropertyValueSpecification","valueRequired":true,"valueName":"search_term_string"}}],"inLanguage":"en-US"},{"@type":"Organization","@id":"https:\/\/retta.fi\/en\/#organization","name":"Retta","url":"https:\/\/retta.fi\/en\/","logo":{"@type":"ImageObject","inLanguage":"en-US","@id":"https:\/\/retta.fi\/en\/#\/schema\/logo\/image\/","url":"https:\/\/retta.fi\/wp-content\/uploads\/2022\/04\/retta_somejako.png","contentUrl":"https:\/\/retta.fi\/wp-content\/uploads\/2022\/04\/retta_somejako.png","width":1200,"height":630,"caption":"Retta"},"image":{"@id":"https:\/\/retta.fi\/en\/#\/schema\/logo\/image\/"}}]}},"_links":{"self":[{"href":"https:\/\/retta.fi\/en\/wp-json\/wp\/v2\/pages\/42328","targetHints":{"allow":["GET"]}}],"collection":[{"href":"https:\/\/retta.fi\/en\/wp-json\/wp\/v2\/pages"}],"about":[{"href":"https:\/\/retta.fi\/en\/wp-json\/wp\/v2\/types\/page"}],"author":[{"embeddable":true,"href":"https:\/\/retta.fi\/en\/wp-json\/wp\/v2\/users\/31"}],"replies":[{"embeddable":true,"href":"https:\/\/retta.fi\/en\/wp-json\/wp\/v2\/comments?post=42328"}],"version-history":[{"count":8,"href":"https:\/\/retta.fi\/en\/wp-json\/wp\/v2\/pages\/42328\/revisions"}],"predecessor-version":[{"id":55563,"href":"https:\/\/retta.fi\/en\/wp-json\/wp\/v2\/pages\/42328\/revisions\/55563"}],"wp:attachment":[{"href":"https:\/\/retta.fi\/en\/wp-json\/wp\/v2\/media?parent=42328"}],"curies":[{"name":"wp","href":"https:\/\/api.w.org\/{rel}","templated":true}]}}