{"id":28743,"date":"2023-09-12T10:16:15","date_gmt":"2023-09-12T07:16:15","guid":{"rendered":"https:\/\/retta.fi\/?page_id=28743"},"modified":"2024-09-02T14:59:47","modified_gmt":"2024-09-02T11:59:47","slug":"retta-privacy-policy-for-customer-service-and-customer-feedback-incl-complaints","status":"publish","type":"page","link":"https:\/\/retta.fi\/en\/retta-privacy-policy-for-customer-service-and-customer-feedback-incl-complaints\/","title":{"rendered":"Retta Is\u00e4nn\u00f6inti Oy &#8211; Privacy policy for customer service and customer feedback (incl. complaints)\u00a0"},"content":{"rendered":"<section id=\"acf-block-636ca74771410\" class=\"block block-hero container-fluid ct-darkgreen bg-darkgreen \">\n        <div class=\"container\">\n        <div class=\"row\">\n            <div class=\"col-12 col-lg-8 hero-content-col\">\n                <div class=\"hero-content\">\n                    \n\n<h1 class=\"wp-block-heading\"><strong>Retta Is\u00e4nn\u00f6inti Oy &#8211; Privacy policy for customer service and customer feedback (incl. complaints)<\/strong>\u00a0<\/h1>\n\n\n                <\/div>\n            <\/div>\n        <\/div>\n    <\/div>\n<\/section>\n\n\n\n<section id=\"acf-block-636ca74771430\" class=\"block block-content-wrapper container-fluid container-fluid \">\n    <div class=\"container\">\n        <div class=\"row\">\n            <div class=\"col-12 col-lg-8 offset-lg-2 col-hd-6 offset-hd-3\">\n                <main class=\"entry-content\">\n                    \n\n<p><em>Retta Is\u00e4nn\u00f6inti Oy (hereafter &#8220;Retta Is\u00e4nn\u00f6inti&#8221;), provides centralized customer service to its customers, potential customers and stakeholders. The company also processes various customer feedback provided by its customers, including\u00a0 any complaints against the company. Retta Is\u00e4nn\u00f6inti Oy, Business ID 0871684-7 acts as a data controller as specified in data protection legislation. The purpose of this privacy statement is to inform data subjects about the processing of their personal data in regards to customer service, feedback, and complaints.<\/em>\u00a0<\/p>\n\n\n\n<p>Retta Is\u00e4nn\u00f6inti Oy is the data processor for the customer service it provides to its own customers on the basis of the hosting agreement. In this regard, any data protection requests and enquiries should be addressed to the relevant data controller.\u202f\u00a0<\/p>\n\n\n\n<p><strong>What personal data does Retta Is\u00e4nn\u00f6inti process, and for what purpose?<\/strong>\u00a0<\/p>\n\n\n\n<p>Retta Is\u00e4nn\u00f6inti&#8217;s central customer service centre handles provides the customer service for Retta Is\u00e4nn\u00f6inti\u2019s customers. Its customer service system records all communications, such as email messages and telephone calls. The recorded data includes the date and time and the customer\u2019s name, telephone number and email address. The system also records the content of email messages and telephone calls. The purpose of using the data is to identify the customer, manage customer service and facilitate contact with customers, verify the content of calls, ensure the quality of customer service, and develop the operations of the customer service centre.\u00a0<\/p>\n\n\n\n<p>In the case of complaints (insofar as they may contain personal data), the purpose is the processing of the complaint and usage of Retta Is\u00e4nn\u00f6inti&#8217;s legal remedies.\u00a0<\/p>\n\n\n\n<p><strong>What is Retta Is\u00e4nn\u00f6inti&#8217;s processing of personal data based on?<\/strong>\u00a0<\/p>\n\n\n\n<p>The processing of personal data, as part of customer service and the processing of customer feedback and complaints, is based on the management of the contractual relationship between Retta Is\u00e4nn\u00f6inti and the customer insofar as the matter is related to the contractual relationship. Otherwise, processing of personal data is based on the Retta Is\u00e4nn\u00f6inti\u2019s legitimate interest. Retta Is\u00e4nn\u00f6inti&#8217;s legitimate interest is to ensure the quality of customer service and to develop the operations of the customer service centre and, in the case of complaints, to protect against the claims made against Retta Is\u00e4nn\u00f6inti.\u00a0<\/p>\n\n\n\n<p><strong>Where does Retta Is\u00e4nn\u00f6inti obtain personal data?<\/strong>\u00a0<\/p>\n\n\n\n<p>As a rule, the data is mainly collected from the data subjects themselves: based on a phone call, an email or a chat conversation initiated on the retta.fi website, or based on previous customer interactions.&nbsp;<\/p>\n\n\n\n<p><strong>Profiling and automated decision making&nbsp;<\/strong>&nbsp;<\/p>\n\n\n\n<p>The data subjects&#8217; data will not be used for profiling and will not be subject to automated decision-making measures.&nbsp;&nbsp;<\/p>\n\n\n\n<p><strong>Data processors and disclosure to third parties<\/strong>&nbsp;<\/p>\n\n\n\n<p>Personal data may be disclosed within the Retta Is\u00e4nn\u00f6inti for the purposes of business development or the exercise of legal remedies (processing of complaints).\u00a0\u00a0<\/p>\n\n\n\n<p>In providing services to its customers, Retta Is\u00e4nn\u00f6inti uses various systems and thus, various personal data processors.\u00a0\u00a0<\/p>\n\n\n\n<p>Establishing or defending a legal claim may require the disclosure of personal data to an insurance company, legal adviser, or agent. Data may also be disclosed to the authorities as required by law.&nbsp;<\/p>\n\n\n\n<p>Data is not disclosed to parties outside the European Union or the European Economic Area.&nbsp;<\/p>\n\n\n\n<p><strong>How long is personal data stored?<\/strong>&nbsp;<\/p>\n\n\n\n<p>The data recorded in the customer service system is stored for 180 days. Data may be stored for longer to the relevant extent if this is necessary to complete a customer service assignment.&nbsp;<\/p>\n\n\n\n<p>Customer feedback and complaint materials are stored until they have been processed, or for as long as necessary for any legal procedures.&nbsp;<\/p>\n\n\n\n<p><strong>How is the data protected?<\/strong>&nbsp;<\/p>\n\n\n\n<p>The data is protected by means of appropriate technical and organisational measures. Paper documents are stored in a locked facility. Digital material is protected through technical measures, and access rights are only granted to people who need to access the material because of their job or assignment. The employees of Retta Is\u00e4nn\u00f6inti are bound by a confidentiality obligation. Employees are provided with training and instructions on the lawful processing of personal data.\u00a0<\/p>\n\n\n\n<p>Processors of personal data outside the Retta Is\u00e4nn\u00f6inti are also required to implement sufficient technical and organisational protection measures and commit to a confidentiality obligation.\u00a0<\/p>\n\n\n\n<p><strong>What are the data subject\u2019s rights?<\/strong>&nbsp;<\/p>\n\n\n\n<p>Data subjects have the right to know whether a data controller is processing personal data concerning them. If the data controller processes such personal data, the data subject has the right to receive a copy of the personal data concerning them. If the personal data is deficient, erroneous, inaccurate or outdated, the data subject has the right to request that the data controller correct the data.&nbsp;<\/p>\n\n\n\n<p>If the processing of personal data is based on the data subject\u2019s consent or a contractual relationship, the data subject has the right to receive the personal data concerning them in a structured, commonly used, machine-readable and interoperable format, and to transmit it to another controller. This right only applies to personal data that the data subject has provided to the data controller and that is processed automatically.&nbsp;<\/p>\n\n\n\n<p>In certain circumstances, the data subject has the right to restrict the processing of their personal data. This is the case when, for example, the accuracy of personal data is contested by the data subject. In such cases, processing will be restricted until it has been confirmed that the data is accurate and its processing is lawful.&nbsp;<\/p>\n\n\n\n<p>The data subject has the right to request that the personal data concerning them be erased. This right is only applicable when the personal data is no longer needed for the purposes for which it was collected, there are no other legal grounds for its processing and it does not need to be stored to meet the requirements of the law. In other words, data cannot be erased while there is a valid legal basis for its storage.&nbsp;<\/p>\n\n\n\n<p>If the processing of personal data is only based on the data subject\u2019s consent, they have the right to withdraw their consent at any time. In addition, the data subject has the right to object to the processing of their personal data if its processing is based on the data controller\u2019s legitimate interest.&nbsp;<\/p>\n\n\n\n<p>The data subject has the right to file a complaint with the Data Protection Ombudsman (<a href=\"http:\/\/www.tietosuoja.fi\/\" target=\"_blank\" rel=\"noreferrer noopener\">www.tietosuoja.fi<\/a>) if the data subject believes that the data controller fails to meet their obligations or otherwise fails to comply with the applicable data protection laws.&nbsp;<\/p>\n\n\n\n<p>If you have any questions about personal data processing and data subjects\u2019 rights, please contact us\u202f<a href=\"mailto:tietosuoja@retta.fi?subject=Retta%20Management%20|%20Privacy\" target=\"_blank\" rel=\"noreferrer noopener\">via email<\/a>. We verify your identify before you submit your information.&nbsp;<\/p>\n\n\n\n<p>This privacy statement was last updated on 1 September 2024.\u00a0<\/p>\n\n\n                <\/main>\n            <\/div>\n        <\/div>\n    <\/div>\n<\/section>","protected":false},"excerpt":{"rendered":"","protected":false},"author":31,"featured_media":0,"parent":0,"menu_order":0,"comment_status":"closed","ping_status":"closed","template":"","meta":{"_acf_changed":false,"_relevanssi_hide_post":"","_relevanssi_hide_content":"","_relevanssi_pin_for_all":"","_relevanssi_pin_keywords":"","_relevanssi_unpin_keywords":"","_relevanssi_related_keywords":"","_relevanssi_related_include_ids":"","_relevanssi_related_exclude_ids":"","_relevanssi_related_no_append":"","_relevanssi_related_not_related":"","_relevanssi_related_posts":"2129,2125,17436,2112,2106,27744","_relevanssi_noindex_reason":"","footnotes":""},"class_list":["post-28743","page","type-page","status-publish","hentry"],"acf":[],"yoast_head":"<!-- This site is optimized with the Yoast SEO plugin v27.4 - https:\/\/yoast.com\/product\/yoast-seo-wordpress\/ -->\n<title>Retta Is\u00e4nn\u00f6inti Oy - Privacy policy for customer service and customer feedback (incl. complaints)\u00a0 - Retta<\/title>\n<meta name=\"description\" content=\"Retta Is\u00e4nn\u00f6inti Oy - Privacy policy for customer service and customer feedback (incl. complaints)\u00a0 Retta Is\u00e4nn\u00f6inti Oy (hereafter &quot;Retta Is\u00e4nn\u00f6inti&quot;),\" \/>\n<meta name=\"robots\" content=\"index, follow, max-snippet:-1, max-image-preview:large, max-video-preview:-1\" \/>\n<link rel=\"canonical\" href=\"https:\/\/retta.fi\/en\/retta-privacy-policy-for-customer-service-and-customer-feedback-incl-complaints\/\" \/>\n<meta property=\"og:locale\" content=\"en_US\" \/>\n<meta property=\"og:type\" content=\"article\" \/>\n<meta property=\"og:title\" content=\"Retta Is\u00e4nn\u00f6inti Oy - Privacy policy for customer service and customer feedback (incl. complaints)\u00a0 - Retta\" \/>\n<meta property=\"og:description\" content=\"Retta Is\u00e4nn\u00f6inti Oy - Privacy policy for customer service and customer feedback (incl. complaints)\u00a0 Retta Is\u00e4nn\u00f6inti Oy (hereafter &quot;Retta Is\u00e4nn\u00f6inti&quot;),\" \/>\n<meta property=\"og:url\" content=\"https:\/\/retta.fi\/en\/retta-privacy-policy-for-customer-service-and-customer-feedback-incl-complaints\/\" \/>\n<meta property=\"og:site_name\" content=\"Retta\" \/>\n<meta property=\"article:modified_time\" content=\"2024-09-02T11:59:47+00:00\" \/>\n<meta property=\"og:image\" content=\"https:\/\/retta.fi\/wp-content\/uploads\/2022\/04\/retta_somejako.png\" \/>\n\t<meta property=\"og:image:width\" content=\"1200\" \/>\n\t<meta property=\"og:image:height\" content=\"630\" \/>\n\t<meta property=\"og:image:type\" content=\"image\/png\" \/>\n<meta name=\"twitter:card\" content=\"summary_large_image\" \/>\n<script type=\"application\/ld+json\" class=\"yoast-schema-graph\">{\"@context\":\"https:\\\/\\\/schema.org\",\"@graph\":[{\"@type\":\"WebPage\",\"@id\":\"https:\\\/\\\/retta.fi\\\/en\\\/retta-privacy-policy-for-customer-service-and-customer-feedback-incl-complaints\\\/\",\"url\":\"https:\\\/\\\/retta.fi\\\/en\\\/retta-privacy-policy-for-customer-service-and-customer-feedback-incl-complaints\\\/\",\"name\":\"Retta Is\u00e4nn\u00f6inti Oy - Privacy policy for customer service and customer feedback (incl. complaints)\u00a0 - Retta\",\"isPartOf\":{\"@id\":\"https:\\\/\\\/retta.fi\\\/en\\\/#website\"},\"datePublished\":\"2023-09-12T07:16:15+00:00\",\"dateModified\":\"2024-09-02T11:59:47+00:00\",\"description\":\"Retta Is\u00e4nn\u00f6inti Oy - Privacy policy for customer service and customer feedback (incl. complaints)\u00a0 Retta Is\u00e4nn\u00f6inti Oy (hereafter \\\"Retta Is\u00e4nn\u00f6inti\\\"),\",\"breadcrumb\":{\"@id\":\"https:\\\/\\\/retta.fi\\\/en\\\/retta-privacy-policy-for-customer-service-and-customer-feedback-incl-complaints\\\/#breadcrumb\"},\"inLanguage\":\"en-US\",\"potentialAction\":[{\"@type\":\"ReadAction\",\"target\":[\"https:\\\/\\\/retta.fi\\\/en\\\/retta-privacy-policy-for-customer-service-and-customer-feedback-incl-complaints\\\/\"]}]},{\"@type\":\"BreadcrumbList\",\"@id\":\"https:\\\/\\\/retta.fi\\\/en\\\/retta-privacy-policy-for-customer-service-and-customer-feedback-incl-complaints\\\/#breadcrumb\",\"itemListElement\":[{\"@type\":\"ListItem\",\"position\":1,\"name\":\"Home\",\"item\":\"https:\\\/\\\/retta.fi\\\/en\\\/\"},{\"@type\":\"ListItem\",\"position\":2,\"name\":\"Retta Is\u00e4nn\u00f6inti Oy &#8211; Privacy policy for customer service and customer feedback (incl. complaints)\u00a0\"}]},{\"@type\":\"WebSite\",\"@id\":\"https:\\\/\\\/retta.fi\\\/en\\\/#website\",\"url\":\"https:\\\/\\\/retta.fi\\\/en\\\/\",\"name\":\"Retta\",\"description\":\"\",\"publisher\":{\"@id\":\"https:\\\/\\\/retta.fi\\\/en\\\/#organization\"},\"potentialAction\":[{\"@type\":\"SearchAction\",\"target\":{\"@type\":\"EntryPoint\",\"urlTemplate\":\"https:\\\/\\\/retta.fi\\\/en\\\/?s={search_term_string}\"},\"query-input\":{\"@type\":\"PropertyValueSpecification\",\"valueRequired\":true,\"valueName\":\"search_term_string\"}}],\"inLanguage\":\"en-US\"},{\"@type\":\"Organization\",\"@id\":\"https:\\\/\\\/retta.fi\\\/en\\\/#organization\",\"name\":\"Retta\",\"url\":\"https:\\\/\\\/retta.fi\\\/en\\\/\",\"logo\":{\"@type\":\"ImageObject\",\"inLanguage\":\"en-US\",\"@id\":\"https:\\\/\\\/retta.fi\\\/en\\\/#\\\/schema\\\/logo\\\/image\\\/\",\"url\":\"https:\\\/\\\/retta.fi\\\/wp-content\\\/uploads\\\/2022\\\/04\\\/retta_somejako.png\",\"contentUrl\":\"https:\\\/\\\/retta.fi\\\/wp-content\\\/uploads\\\/2022\\\/04\\\/retta_somejako.png\",\"width\":1200,\"height\":630,\"caption\":\"Retta\"},\"image\":{\"@id\":\"https:\\\/\\\/retta.fi\\\/en\\\/#\\\/schema\\\/logo\\\/image\\\/\"}}]}<\/script>\n<!-- \/ Yoast SEO plugin. -->","yoast_head_json":{"title":"Retta Is\u00e4nn\u00f6inti Oy - Privacy policy for customer service and customer feedback (incl. complaints)\u00a0 - Retta","description":"Retta Is\u00e4nn\u00f6inti Oy - Privacy policy for customer service and customer feedback (incl. complaints)\u00a0 Retta Is\u00e4nn\u00f6inti Oy (hereafter \"Retta Is\u00e4nn\u00f6inti\"),","robots":{"index":"index","follow":"follow","max-snippet":"max-snippet:-1","max-image-preview":"max-image-preview:large","max-video-preview":"max-video-preview:-1"},"canonical":"https:\/\/retta.fi\/en\/retta-privacy-policy-for-customer-service-and-customer-feedback-incl-complaints\/","og_locale":"en_US","og_type":"article","og_title":"Retta Is\u00e4nn\u00f6inti Oy - Privacy policy for customer service and customer feedback (incl. complaints)\u00a0 - Retta","og_description":"Retta Is\u00e4nn\u00f6inti Oy - Privacy policy for customer service and customer feedback (incl. complaints)\u00a0 Retta Is\u00e4nn\u00f6inti Oy (hereafter \"Retta Is\u00e4nn\u00f6inti\"),","og_url":"https:\/\/retta.fi\/en\/retta-privacy-policy-for-customer-service-and-customer-feedback-incl-complaints\/","og_site_name":"Retta","article_modified_time":"2024-09-02T11:59:47+00:00","og_image":[{"width":1200,"height":630,"url":"https:\/\/retta.fi\/wp-content\/uploads\/2022\/04\/retta_somejako.png","type":"image\/png"}],"twitter_card":"summary_large_image","schema":{"@context":"https:\/\/schema.org","@graph":[{"@type":"WebPage","@id":"https:\/\/retta.fi\/en\/retta-privacy-policy-for-customer-service-and-customer-feedback-incl-complaints\/","url":"https:\/\/retta.fi\/en\/retta-privacy-policy-for-customer-service-and-customer-feedback-incl-complaints\/","name":"Retta Is\u00e4nn\u00f6inti Oy - Privacy policy for customer service and customer feedback (incl. complaints)\u00a0 - Retta","isPartOf":{"@id":"https:\/\/retta.fi\/en\/#website"},"datePublished":"2023-09-12T07:16:15+00:00","dateModified":"2024-09-02T11:59:47+00:00","description":"Retta Is\u00e4nn\u00f6inti Oy - Privacy policy for customer service and customer feedback (incl. complaints)\u00a0 Retta Is\u00e4nn\u00f6inti Oy (hereafter \"Retta Is\u00e4nn\u00f6inti\"),","breadcrumb":{"@id":"https:\/\/retta.fi\/en\/retta-privacy-policy-for-customer-service-and-customer-feedback-incl-complaints\/#breadcrumb"},"inLanguage":"en-US","potentialAction":[{"@type":"ReadAction","target":["https:\/\/retta.fi\/en\/retta-privacy-policy-for-customer-service-and-customer-feedback-incl-complaints\/"]}]},{"@type":"BreadcrumbList","@id":"https:\/\/retta.fi\/en\/retta-privacy-policy-for-customer-service-and-customer-feedback-incl-complaints\/#breadcrumb","itemListElement":[{"@type":"ListItem","position":1,"name":"Home","item":"https:\/\/retta.fi\/en\/"},{"@type":"ListItem","position":2,"name":"Retta Is\u00e4nn\u00f6inti Oy &#8211; Privacy policy for customer service and customer feedback (incl. complaints)\u00a0"}]},{"@type":"WebSite","@id":"https:\/\/retta.fi\/en\/#website","url":"https:\/\/retta.fi\/en\/","name":"Retta","description":"","publisher":{"@id":"https:\/\/retta.fi\/en\/#organization"},"potentialAction":[{"@type":"SearchAction","target":{"@type":"EntryPoint","urlTemplate":"https:\/\/retta.fi\/en\/?s={search_term_string}"},"query-input":{"@type":"PropertyValueSpecification","valueRequired":true,"valueName":"search_term_string"}}],"inLanguage":"en-US"},{"@type":"Organization","@id":"https:\/\/retta.fi\/en\/#organization","name":"Retta","url":"https:\/\/retta.fi\/en\/","logo":{"@type":"ImageObject","inLanguage":"en-US","@id":"https:\/\/retta.fi\/en\/#\/schema\/logo\/image\/","url":"https:\/\/retta.fi\/wp-content\/uploads\/2022\/04\/retta_somejako.png","contentUrl":"https:\/\/retta.fi\/wp-content\/uploads\/2022\/04\/retta_somejako.png","width":1200,"height":630,"caption":"Retta"},"image":{"@id":"https:\/\/retta.fi\/en\/#\/schema\/logo\/image\/"}}]}},"_links":{"self":[{"href":"https:\/\/retta.fi\/en\/wp-json\/wp\/v2\/pages\/28743","targetHints":{"allow":["GET"]}}],"collection":[{"href":"https:\/\/retta.fi\/en\/wp-json\/wp\/v2\/pages"}],"about":[{"href":"https:\/\/retta.fi\/en\/wp-json\/wp\/v2\/types\/page"}],"author":[{"embeddable":true,"href":"https:\/\/retta.fi\/en\/wp-json\/wp\/v2\/users\/31"}],"replies":[{"embeddable":true,"href":"https:\/\/retta.fi\/en\/wp-json\/wp\/v2\/comments?post=28743"}],"version-history":[{"count":3,"href":"https:\/\/retta.fi\/en\/wp-json\/wp\/v2\/pages\/28743\/revisions"}],"predecessor-version":[{"id":39549,"href":"https:\/\/retta.fi\/en\/wp-json\/wp\/v2\/pages\/28743\/revisions\/39549"}],"wp:attachment":[{"href":"https:\/\/retta.fi\/en\/wp-json\/wp\/v2\/media?parent=28743"}],"curies":[{"name":"wp","href":"https:\/\/api.w.org\/{rel}","templated":true}]}}