{"id":20438,"date":"2022-08-05T12:27:38","date_gmt":"2022-08-05T09:27:38","guid":{"rendered":"https:\/\/retta.fi\/?page_id=20438"},"modified":"2024-02-02T11:09:52","modified_gmt":"2024-02-02T09:09:52","slug":"customer-benefits","status":"publish","type":"page","link":"https:\/\/retta.fi\/en\/customer-benefits\/","title":{"rendered":"Customer benefits"},"content":{"rendered":"<section id=\"acf-block-634517a7a204c\" class=\"block block-hero container-fluid ct-darkgreen bg-darkgreen has-bg-pattern\">\n        <div class=\"container\">\n        <div class=\"row\">\n            <div class=\"col-12 col-lg-8 hero-content-col\">\n                <div class=\"hero-content\">\n                    \n\n<h1 class=\"wp-block-heading\"><em>Customer benefits<\/em><\/h1>\n\n\n                <\/div>\n            <\/div>\n        <\/div>\n    <\/div>\n<\/section>\n\n\n\n<section id=\"acf-block-634517a7a2081\" class=\"block block-two-innerblocks container-fluid ct-beige bg-beige has-bg-pattern\">\n    <div class=\"container\">\n        <div class=\"row justify-content-between\">\n            \n<div class=\"block-innerblocks-container-narrow col-12 col-lg-5 entry-content\">\n    \n\n<h2 class=\"wp-block-heading\">As a Retta customer, you will get to enjoy many of our benefits<\/h2>\n\n\n<\/div>\n\n\n<div class=\"block-innerblocks-container col-12 col-lg-6 entry-content\">\n    \n\n<p class=\"is-style-lead\">As our customer, the management of your housing company will become more systematic for the duration of its entire life cycle. We will negotiate the best additional services on the market and bring them to you, and we will identify your building&#8217;s potential for savings in both large and small purchases. We will be demanding on your behalf: we negotiate the highest quality and best fitting service agreements for your building and ensure that the terms of the agreement are in line with your interests.<\/p>\n\n\n\n<p><\/p>\n\n\n\n<p><\/p>\n\n\n<\/div>\n\n        <\/div>\n    <\/div>\n<\/section>\n\n\n<section id=\"acf-block-634517a7a20a1\"    class=\"block block-image-and-content container-fluid ct-lightblue bg-lightblue has-bg-pattern\">\n    <div class=\"container\">\n        <div class=\"row justify-content-between\">\n            <div class=\"col-12 col-lg-6  img-col\">\n                <div class=\"wp-block-image\">\n                    <div class=\"alignleft\"><img decoding=\"async\" src=\"https:\/\/retta.fi\/wp-content\/uploads\/2022\/07\/nainen-tietokoneen-aarella.jpg\" width=\"864\" height=\"576\" alt=\"Nainen tietokoneen \u00e4\u00e4rell\u00e4.\" loading=\"lazy\"><\/div>\n                <\/div>\n            <\/div>\n            <div class=\"col-12 col-lg-5\">\n                <main class=\"entry-content\">\n                    \n\n<h2 class=\"wp-block-heading\">Retta Plus services bring savings and revenue of up to thousands of euros to properties<\/h2>\n\n\n\n<p class=\"is-style-lead\">In addition to our comprehensive basic services, we offer useful Retta Plus services for housing companies, such as energy certificates or civil shelter inspections. Retta Plus includes services and benefits that are challenging or even impossible for individual real estate companies to negotiate and implement. Retta Plus service packages can be tailored to your building&#8217;s needs.<\/p>\n\n\n\n<p class=\"is-style-lead\">Retta Plus services:<\/p>\n\n\n\n<ul class=\"wp-block-list\">\n<li>5G Base Station Management Service<\/li>\n\n\n\n<li>Real estate tax service<\/li>\n\n\n\n<li>Playground safety inspections and maintenance service<\/li>\n\n\n\n<li>Fire safety services<\/li>\n\n\n\n<li>Elevator and escalator consulting services<\/li>\n\n\n\n<li>Energy certificate<\/li>\n\n\n\n<li>Heating method comparison service for properties<\/li>\n\n\n\n<li>Radon measurement service for business premises and residential properties<\/li>\n\n\n\n<li>Electricity transmission costs optimisation service<\/li>\n\n\n\n<li>Ventilation optimisation service<\/li>\n\n\n\n<li>RomuNouto service<\/li>\n\n\n\n<li>Long Term Plan 10\/36 Service<\/li>\n<\/ul>\n\n\n\n<p class=\"is-style-lead\">Our service promise is to provide our customers with the best possible daily life, one service at a time.<\/p>\n\n\n\n<div class=\"wp-block-button\"><a class=\"wp-block-button__link has-darkgreen-background-color has-background wp-element-button\" href=\"https:\/\/retta.fi\/en\/retta-plus\/\">Check out the Retta Plus services<\/a><\/div>\n\n\n                <\/main>\n            <\/div>\n        <\/div>\n    <\/div>\n<\/section>\n\n\n<section id=\"acf-block-634517a7a20b5\"    class=\"block block-image-and-content container-fluid ct-beige bg-beige has-bg-pattern\">\n    <div class=\"container\">\n        <div class=\"row justify-content-between\">\n            <div class=\"col-12 col-lg-6 order-lg-last img-col\">\n                <div class=\"wp-block-image\">\n                    <div class=\"alignright\"><img decoding=\"async\" src=\"https:\/\/retta.fi\/wp-content\/uploads\/2022\/08\/Nainen-ja-mies-hymyilevat-poydan-aarella-tietokoneen-edessa.jpg\" width=\"864\" height=\"576\" alt=\"Nainen-ja-mies-hymyilevat-poydan-aarella-tietokoneen-edess\u00e4\" loading=\"lazy\"><\/div>\n                <\/div>\n            <\/div>\n            <div class=\"col-12 col-lg-5\">\n                <main class=\"entry-content\">\n                    \n\n<h2 class=\"wp-block-heading\">As a Retta customer, you will benefit from our ready-made cooperation agreements<\/h2>\n\n\n\n<p class=\"is-style-lead\">We have negotiated high-quality and competitive cooperation agreements with reliable operators, ready for you to use. Typical services include renovations, replacement mats, air filters, maintenance services for lifts and sewers, and pest control.<\/p>\n\n\n\n<p><\/p>\n\n\n\n<div class=\"wp-block-button\"><a class=\"wp-block-button__link wp-element-button\" href=\"https:\/\/retta.fi\/en\/retta-isannointi\/retta-hankinta\/\">Learn more about our cooperation agreements<\/a><\/div>\n\n\n                <\/main>\n            <\/div>\n        <\/div>\n    <\/div>\n<\/section>","protected":false},"excerpt":{"rendered":"","protected":false},"author":31,"featured_media":38210,"parent":0,"menu_order":0,"comment_status":"closed","ping_status":"closed","template":"","meta":{"_acf_changed":false,"_relevanssi_hide_post":"","_relevanssi_hide_content":"","_relevanssi_pin_for_all":"","_relevanssi_pin_keywords":"","_relevanssi_unpin_keywords":"","_relevanssi_related_keywords":"","_relevanssi_related_include_ids":"","_relevanssi_related_exclude_ids":"","_relevanssi_related_no_append":"","_relevanssi_related_not_related":"","_relevanssi_related_posts":"2058,10590,2112,2116,2118,2094","_relevanssi_noindex_reason":"","footnotes":""},"class_list":["post-20438","page","type-page","status-publish","has-post-thumbnail","hentry"],"acf":[],"yoast_head":"<!-- This site is optimized with the Yoast SEO plugin v27.6 - https:\/\/yoast.com\/product\/yoast-seo-wordpress\/ -->\n<title>Customer benefits - Retta<\/title>\n<meta name=\"description\" content=\"Customer benefits As a Retta customer, you will get to enjoy many of our benefits As our customer, the management of your housing company will become more\" \/>\n<meta name=\"robots\" content=\"index, follow, max-snippet:-1, max-image-preview:large, max-video-preview:-1\" \/>\n<link rel=\"canonical\" href=\"https:\/\/retta.fi\/en\/customer-benefits\/\" \/>\n<meta property=\"og:locale\" content=\"en_US\" \/>\n<meta property=\"og:type\" content=\"article\" \/>\n<meta property=\"og:title\" content=\"Customer benefits - Retta\" \/>\n<meta property=\"og:description\" content=\"Customer benefits As a Retta customer, you will get to enjoy many of our benefits As our customer, the management of your housing company will become more\" \/>\n<meta property=\"og:url\" content=\"https:\/\/retta.fi\/en\/customer-benefits\/\" \/>\n<meta property=\"og:site_name\" content=\"Retta\" \/>\n<meta property=\"article:modified_time\" content=\"2024-02-02T09:09:52+00:00\" \/>\n<meta property=\"og:image\" content=\"https:\/\/retta.fi\/wp-content\/uploads\/2024\/07\/iStock-1335063491.jpg\" \/>\n\t<meta property=\"og:image:width\" content=\"2121\" \/>\n\t<meta property=\"og:image:height\" content=\"1414\" \/>\n\t<meta property=\"og:image:type\" content=\"image\/jpeg\" \/>\n<meta name=\"twitter:card\" content=\"summary_large_image\" \/>\n<script type=\"application\/ld+json\" class=\"yoast-schema-graph\">{\"@context\":\"https:\\\/\\\/schema.org\",\"@graph\":[{\"@type\":\"WebPage\",\"@id\":\"https:\\\/\\\/retta.fi\\\/en\\\/customer-benefits\\\/\",\"url\":\"https:\\\/\\\/retta.fi\\\/en\\\/customer-benefits\\\/\",\"name\":\"Customer benefits - Retta\",\"isPartOf\":{\"@id\":\"https:\\\/\\\/retta.fi\\\/en\\\/#website\"},\"primaryImageOfPage\":{\"@id\":\"https:\\\/\\\/retta.fi\\\/en\\\/customer-benefits\\\/#primaryimage\"},\"image\":{\"@id\":\"https:\\\/\\\/retta.fi\\\/en\\\/customer-benefits\\\/#primaryimage\"},\"thumbnailUrl\":\"https:\\\/\\\/retta.fi\\\/wp-content\\\/uploads\\\/2024\\\/07\\\/iStock-1335063491.jpg\",\"datePublished\":\"2022-08-05T09:27:38+00:00\",\"dateModified\":\"2024-02-02T09:09:52+00:00\",\"description\":\"Customer benefits As a Retta customer, you will get to enjoy many of our benefits As our customer, the management of your housing company will become more\",\"breadcrumb\":{\"@id\":\"https:\\\/\\\/retta.fi\\\/en\\\/customer-benefits\\\/#breadcrumb\"},\"inLanguage\":\"en-US\",\"potentialAction\":[{\"@type\":\"ReadAction\",\"target\":[\"https:\\\/\\\/retta.fi\\\/en\\\/customer-benefits\\\/\"]}]},{\"@type\":\"ImageObject\",\"inLanguage\":\"en-US\",\"@id\":\"https:\\\/\\\/retta.fi\\\/en\\\/customer-benefits\\\/#primaryimage\",\"url\":\"https:\\\/\\\/retta.fi\\\/wp-content\\\/uploads\\\/2024\\\/07\\\/iStock-1335063491.jpg\",\"contentUrl\":\"https:\\\/\\\/retta.fi\\\/wp-content\\\/uploads\\\/2024\\\/07\\\/iStock-1335063491.jpg\",\"width\":2121,\"height\":1414,\"caption\":\"Photo of mature woman working\"},{\"@type\":\"BreadcrumbList\",\"@id\":\"https:\\\/\\\/retta.fi\\\/en\\\/customer-benefits\\\/#breadcrumb\",\"itemListElement\":[{\"@type\":\"ListItem\",\"position\":1,\"name\":\"Home\",\"item\":\"https:\\\/\\\/retta.fi\\\/en\\\/\"},{\"@type\":\"ListItem\",\"position\":2,\"name\":\"Customer benefits\"}]},{\"@type\":\"WebSite\",\"@id\":\"https:\\\/\\\/retta.fi\\\/en\\\/#website\",\"url\":\"https:\\\/\\\/retta.fi\\\/en\\\/\",\"name\":\"Retta\",\"description\":\"\",\"publisher\":{\"@id\":\"https:\\\/\\\/retta.fi\\\/en\\\/#organization\"},\"potentialAction\":[{\"@type\":\"SearchAction\",\"target\":{\"@type\":\"EntryPoint\",\"urlTemplate\":\"https:\\\/\\\/retta.fi\\\/en\\\/?s={search_term_string}\"},\"query-input\":{\"@type\":\"PropertyValueSpecification\",\"valueRequired\":true,\"valueName\":\"search_term_string\"}}],\"inLanguage\":\"en-US\"},{\"@type\":\"Organization\",\"@id\":\"https:\\\/\\\/retta.fi\\\/en\\\/#organization\",\"name\":\"Retta\",\"url\":\"https:\\\/\\\/retta.fi\\\/en\\\/\",\"logo\":{\"@type\":\"ImageObject\",\"inLanguage\":\"en-US\",\"@id\":\"https:\\\/\\\/retta.fi\\\/en\\\/#\\\/schema\\\/logo\\\/image\\\/\",\"url\":\"https:\\\/\\\/retta.fi\\\/wp-content\\\/uploads\\\/2022\\\/04\\\/retta_somejako.png\",\"contentUrl\":\"https:\\\/\\\/retta.fi\\\/wp-content\\\/uploads\\\/2022\\\/04\\\/retta_somejako.png\",\"width\":1200,\"height\":630,\"caption\":\"Retta\"},\"image\":{\"@id\":\"https:\\\/\\\/retta.fi\\\/en\\\/#\\\/schema\\\/logo\\\/image\\\/\"}}]}<\/script>\n<!-- \/ Yoast SEO plugin. -->","yoast_head_json":{"title":"Customer benefits - Retta","description":"Customer benefits As a Retta customer, you will get to enjoy many of our benefits As our customer, the management of your housing company will become more","robots":{"index":"index","follow":"follow","max-snippet":"max-snippet:-1","max-image-preview":"max-image-preview:large","max-video-preview":"max-video-preview:-1"},"canonical":"https:\/\/retta.fi\/en\/customer-benefits\/","og_locale":"en_US","og_type":"article","og_title":"Customer benefits - Retta","og_description":"Customer benefits As a Retta customer, you will get to enjoy many of our benefits As our customer, the management of your housing company will become more","og_url":"https:\/\/retta.fi\/en\/customer-benefits\/","og_site_name":"Retta","article_modified_time":"2024-02-02T09:09:52+00:00","og_image":[{"width":2121,"height":1414,"url":"https:\/\/retta.fi\/wp-content\/uploads\/2024\/07\/iStock-1335063491.jpg","type":"image\/jpeg"}],"twitter_card":"summary_large_image","schema":{"@context":"https:\/\/schema.org","@graph":[{"@type":"WebPage","@id":"https:\/\/retta.fi\/en\/customer-benefits\/","url":"https:\/\/retta.fi\/en\/customer-benefits\/","name":"Customer benefits - Retta","isPartOf":{"@id":"https:\/\/retta.fi\/en\/#website"},"primaryImageOfPage":{"@id":"https:\/\/retta.fi\/en\/customer-benefits\/#primaryimage"},"image":{"@id":"https:\/\/retta.fi\/en\/customer-benefits\/#primaryimage"},"thumbnailUrl":"https:\/\/retta.fi\/wp-content\/uploads\/2024\/07\/iStock-1335063491.jpg","datePublished":"2022-08-05T09:27:38+00:00","dateModified":"2024-02-02T09:09:52+00:00","description":"Customer benefits As a Retta customer, you will get to enjoy many of our benefits As our customer, the management of your housing company will become more","breadcrumb":{"@id":"https:\/\/retta.fi\/en\/customer-benefits\/#breadcrumb"},"inLanguage":"en-US","potentialAction":[{"@type":"ReadAction","target":["https:\/\/retta.fi\/en\/customer-benefits\/"]}]},{"@type":"ImageObject","inLanguage":"en-US","@id":"https:\/\/retta.fi\/en\/customer-benefits\/#primaryimage","url":"https:\/\/retta.fi\/wp-content\/uploads\/2024\/07\/iStock-1335063491.jpg","contentUrl":"https:\/\/retta.fi\/wp-content\/uploads\/2024\/07\/iStock-1335063491.jpg","width":2121,"height":1414,"caption":"Photo of mature woman working"},{"@type":"BreadcrumbList","@id":"https:\/\/retta.fi\/en\/customer-benefits\/#breadcrumb","itemListElement":[{"@type":"ListItem","position":1,"name":"Home","item":"https:\/\/retta.fi\/en\/"},{"@type":"ListItem","position":2,"name":"Customer benefits"}]},{"@type":"WebSite","@id":"https:\/\/retta.fi\/en\/#website","url":"https:\/\/retta.fi\/en\/","name":"Retta","description":"","publisher":{"@id":"https:\/\/retta.fi\/en\/#organization"},"potentialAction":[{"@type":"SearchAction","target":{"@type":"EntryPoint","urlTemplate":"https:\/\/retta.fi\/en\/?s={search_term_string}"},"query-input":{"@type":"PropertyValueSpecification","valueRequired":true,"valueName":"search_term_string"}}],"inLanguage":"en-US"},{"@type":"Organization","@id":"https:\/\/retta.fi\/en\/#organization","name":"Retta","url":"https:\/\/retta.fi\/en\/","logo":{"@type":"ImageObject","inLanguage":"en-US","@id":"https:\/\/retta.fi\/en\/#\/schema\/logo\/image\/","url":"https:\/\/retta.fi\/wp-content\/uploads\/2022\/04\/retta_somejako.png","contentUrl":"https:\/\/retta.fi\/wp-content\/uploads\/2022\/04\/retta_somejako.png","width":1200,"height":630,"caption":"Retta"},"image":{"@id":"https:\/\/retta.fi\/en\/#\/schema\/logo\/image\/"}}]}},"_links":{"self":[{"href":"https:\/\/retta.fi\/en\/wp-json\/wp\/v2\/pages\/20438","targetHints":{"allow":["GET"]}}],"collection":[{"href":"https:\/\/retta.fi\/en\/wp-json\/wp\/v2\/pages"}],"about":[{"href":"https:\/\/retta.fi\/en\/wp-json\/wp\/v2\/types\/page"}],"author":[{"embeddable":true,"href":"https:\/\/retta.fi\/en\/wp-json\/wp\/v2\/users\/31"}],"replies":[{"embeddable":true,"href":"https:\/\/retta.fi\/en\/wp-json\/wp\/v2\/comments?post=20438"}],"version-history":[{"count":6,"href":"https:\/\/retta.fi\/en\/wp-json\/wp\/v2\/pages\/20438\/revisions"}],"predecessor-version":[{"id":32264,"href":"https:\/\/retta.fi\/en\/wp-json\/wp\/v2\/pages\/20438\/revisions\/32264"}],"wp:featuredmedia":[{"embeddable":true,"href":"https:\/\/retta.fi\/en\/wp-json\/wp\/v2\/media\/38210"}],"wp:attachment":[{"href":"https:\/\/retta.fi\/en\/wp-json\/wp\/v2\/media?parent=20438"}],"curies":[{"name":"wp","href":"https:\/\/api.w.org\/{rel}","templated":true}]}}