{"id":1482,"date":"2022-05-16T13:41:56","date_gmt":"2022-05-16T10:41:56","guid":{"rendered":"https:\/\/retta.fi\/?page_id=1482"},"modified":"2025-02-21T08:29:01","modified_gmt":"2025-02-21T06:29:01","slug":"business-principles","status":"publish","type":"page","link":"https:\/\/retta.fi\/en\/about-us\/business-principles\/","title":{"rendered":"Business Principles"},"content":{"rendered":"<section id=\"acf-block-64b12b58c9c5d\" class=\"block block-hero container-fluid ct-darkgreen bg-darkgreen \">\n        <div class=\"container\">\n        <div class=\"row\">\n            <div class=\"col-12 col-lg-8 hero-content-col\">\n                <div class=\"hero-content\">\n                    \n\n<h1 class=\"wp-block-heading\">Business Principles<\/h1>\n\n\n                <\/div>\n            <\/div>\n        <\/div>\n    <\/div>\n<\/section>\n\n\n\n<section id=\"acf-block-64b12b58c9c80\"    class=\"block block-image-and-content container-fluid default-bg has-bg-pattern\">\n    <div class=\"container\">\n        <div class=\"row justify-content-between\">\n            <div class=\"col-12 col-lg-6  img-col\">\n                <div class=\"wp-block-image\">\n                    <div class=\"alignleft\"><img decoding=\"async\" src=\"https:\/\/retta.fi\/wp-content\/uploads\/2024\/11\/iStock-1186614443-1920x1438.jpg\" width=\"864\" height=\"647\" alt=\"\" loading=\"lazy\"><\/div>\n                <\/div>\n            <\/div>\n            <div class=\"col-12 col-lg-5\">\n                <main class=\"entry-content\">\n                    \n\n<h2 class=\"wp-block-heading\" id=\"code-of-conduct\"><\/h2>\n\n\n\n<p>Retta Is\u00e4nn\u00f6inti&#8217;s vision is to be the leading pioneer in the property management and real estate industry, known for its strong internal culture and values, and providing the best customer and employee experiences in the industry through continuous development and improvement.<\/p>\n\n\n\n<p>Our operations in property management and real estate management are based on expertise and trust. We ensure the sustainability and responsibility of our business by adhering to agreed business principles. At the same time, we lay the foundation for the company&#8217;s future success.<\/p>\n\n\n\n<div class=\"wp-block-button\"><a class=\"wp-block-button__link has-darkgreen-background-color has-background wp-element-button\" href=\"https:\/\/retta.fi\/en\/privacy-statement\/\">Privacy statement<\/a><\/div>\n\n\n\n<p><\/p>\n\n\n\n<div class=\"wp-block-button\"><a class=\"wp-block-button__link has-darkgreen-background-color has-background wp-element-button\" href=\"https:\/\/retta.fi\/wp-content\/uploads\/2024\/09\/Odevo-Group-Code-of-Conduct-2024.06.10.pdf\" target=\"_blank\" rel=\"noreferrer noopener\">Code of Conduct<\/a><\/div>\n\n\n\n<div class=\"wp-block-buttons is-layout-flex wp-block-buttons-is-layout-flex\"><\/div>\n\n\n                <\/main>\n            <\/div>\n        <\/div>\n    <\/div>\n<\/section>\n\n\n<section id=\"Ilmoituskanava\" class=\"block block-content-wrapper container-fluid container-fluid \">\n    <div class=\"container\">\n        <div class=\"row\">\n            <div class=\"col-12 col-lg-8 offset-lg-2 col-hd-6 offset-hd-3\">\n                <main class=\"entry-content\">\n                    \n\n<h2 class=\"wp-block-heading\" id=\"ilmoituskanava\">Retta Is\u00e4nn\u00f6inti Oy&#8217;s whistleblowing channel for reporting suspected misconduct<\/h2>\n\n\n\n<p>Retta Is\u00e4nn\u00f6inti Oy has zero tolerance for any illegal or unethical activities. You can find our ethical business principles <a href=\"https:\/\/retta.fi\/wp-content\/uploads\/2024\/09\/Odevo-Group-Code-of-Conduct-2024.06.10.pdf\">here<\/a>. You can report observed or suspected misconduct or violations in which Retta Is\u00e4nn\u00f6inti Oy is suspected to be involved or otherwise related to these companies or their operations. It is important to us that our partners and subcontractors also act legally and ethically.<\/p>\n\n\n\n<p>We handle all reports carefully and confidentially, protecting the reporter, and those who report in good faith do not need to fear adverse consequences. For reports falling under the scope of the <a href=\"https:\/\/eur-lex.europa.eu\/legal-content\/FI\/TXT\/PDF\/?uri=CELEX:32019L1937&amp;from=ENG\" target=\"_blank\" rel=\"noopener noreferrer nofollow\">Whistleblower Directive<\/a>, the reporter also receives protection directly from the directive and the national law enacted under it.<\/p>\n\n\n\n<p>We regularly organize internal compliance training for our staff and have appropriate processes, internal guidelines, and procedures for reporting suspected misconduct. An internal reporting channel has been in use at Retta before, but with the Whistleblower Directive, we have now opened the reporting channel to other parties, such as job applicants, former employees, stakeholders, and contract partners, by adding a link to the reporting channel on our website.<\/p>\n\n\n\n<p><strong>Making a Report to Retta Is\u00e4nn\u00f6inti Oy<\/strong><\/p>\n\n\n\n<p>You can make a report either with your name or anonymously using our reporting channel <a href=\"https:\/\/report.whistleb.com\/en\/rettaodevo\" target=\"_blank\" rel=\"noreferrer noopener\">WhistleB, Whistleblowing Centre.<\/a><\/p>\n\n\n\n<p>NOTE! If you decide to make an anonymous report, it is important that you remember to save the handling code when making the report and later check if there are any additional information requests regarding your report and respond to them. It may not be possible to investigate the matter without them, and in the case of anonymous reports, we have no other way to contact the reporter than to send a message to the anonymous reporter through the channel. The identity of the anonymous reporter will not be known to us at any stage.<\/p>\n\n\n\n<p><strong>Handling of Reports<\/strong><\/p>\n\n\n\n<p>The compliance team of Retta Is\u00e4nn\u00f6inti Oy is responsible for handling reports. According to the Whistleblower Directive, the reporter has the right to receive an acknowledgment of receipt within seven (7) days of submitting the report, and within three (3) months of receiving the report, the reporter must be informed of the actions taken as a result of the report. We strive to adhere to these processing times for all reports submitted to the channel. The compliance team coordinates the investigation of reported matters, involving only the necessary parties for handling the matter. Personal data is processed in accordance with applicable data protection legislation and only to the extent necessary at any given time. <\/p>\n\n\n\n<p><strong>Good to Know<\/strong><\/p>\n\n\n\n<p><a href=\"https:\/\/eur-lex.europa.eu\/legal-content\/FI\/TXT\/PDF\/?uri=CELEX:32019L1937&amp;from=FI\" target=\"_blank\" rel=\"noopener noreferrer nofollow\">The EU Whistleblower directive<\/a>&nbsp;protects the reporter, ensuring that a report made in accordance with the directive can be submitted without fear of adverse consequences for the reporter.<\/p>\n\n\n\n<p>According to the Whistleblower Directive, from December 17, 2021, companies employing more than 250 employees must provide an internal reporting channel for reporting violations of certain EU-level regulations and national laws enacted under them (e.g., public procurement, consumer protection, product and traffic safety, anti-money laundering, environmental protection, privacy and data protection, and competition law).<\/p>\n\n\n\n<p>According to the directive, EU member states must also establish a centralized public reporting channel managed and maintained by a designated authority. The directive must be implemented in national law in member states. In Finland, the national law implementing the directive is the Whistleblower Protection Act.<\/p>\n\n\n\n<p>Suspected or observed violations should primarily be directed to the appropriate internal reporting channel and only secondarily to the public reporting channel maintained by the authority. As a last resort, the reporter has the right to disclose information if the previous steps are not possible for some reason or if no appropriate follow-up actions have been taken within the timeframe mandated by the directive. The directive protects the reporter of reports falling within its scope.<\/p>\n\n\n\n<p>Please note that the reporting channel is not intended for customer feedback or complaints. For those, please contact our customer service or the contact person of the agreement.<\/p>\n\n\n                <\/main>\n            <\/div>\n        <\/div>\n    <\/div>\n<\/section>","protected":false},"excerpt":{"rendered":"","protected":false},"author":31,"featured_media":42399,"parent":42337,"menu_order":0,"comment_status":"closed","ping_status":"closed","template":"","meta":{"_acf_changed":false,"_relevanssi_hide_post":"","_relevanssi_hide_content":"","_relevanssi_pin_for_all":"","_relevanssi_pin_keywords":"","_relevanssi_unpin_keywords":"","_relevanssi_related_keywords":"","_relevanssi_related_include_ids":"","_relevanssi_related_exclude_ids":"","_relevanssi_related_no_append":"","_relevanssi_related_not_related":"","_relevanssi_related_posts":"3130,4006,21818,3744,4000,3494","_relevanssi_noindex_reason":"","footnotes":""},"class_list":["post-1482","page","type-page","status-publish","has-post-thumbnail","hentry"],"acf":[],"yoast_head":"<!-- This site is optimized with the Yoast SEO plugin v27.1.1 - https:\/\/yoast.com\/product\/yoast-seo-wordpress\/ -->\n<title>Business Principles - Retta<\/title>\n<meta name=\"description\" content=\"Varmistamme liiketoimiemme vastuullisuuden noudattamalla yhdess\u00e4 sovittuja liiketoimintaperiaatteita ja eettisi\u00e4 toimintatapoja.\" \/>\n<meta name=\"robots\" content=\"index, follow, max-snippet:-1, max-image-preview:large, max-video-preview:-1\" \/>\n<link rel=\"canonical\" href=\"https:\/\/retta.fi\/en\/about-us\/business-principles\/\" \/>\n<meta property=\"og:locale\" content=\"en_US\" \/>\n<meta property=\"og:type\" content=\"article\" \/>\n<meta property=\"og:title\" content=\"Business Principles - Retta\" \/>\n<meta property=\"og:description\" content=\"Varmistamme liiketoimiemme vastuullisuuden noudattamalla yhdess\u00e4 sovittuja liiketoimintaperiaatteita ja eettisi\u00e4 toimintatapoja.\" \/>\n<meta property=\"og:url\" content=\"https:\/\/retta.fi\/en\/about-us\/business-principles\/\" \/>\n<meta property=\"og:site_name\" content=\"Retta\" \/>\n<meta property=\"article:modified_time\" content=\"2025-02-21T06:29:01+00:00\" \/>\n<meta property=\"og:image\" content=\"https:\/\/retta.fi\/wp-content\/uploads\/2024\/11\/iStock-1186614443-scaled.jpg\" \/>\n\t<meta property=\"og:image:width\" content=\"2560\" \/>\n\t<meta property=\"og:image:height\" content=\"1917\" \/>\n\t<meta property=\"og:image:type\" content=\"image\/jpeg\" \/>\n<meta name=\"twitter:card\" content=\"summary_large_image\" \/>\n<script type=\"application\/ld+json\" class=\"yoast-schema-graph\">{\"@context\":\"https:\/\/schema.org\",\"@graph\":[{\"@type\":\"WebPage\",\"@id\":\"https:\/\/retta.fi\/en\/about-us\/business-principles\/\",\"url\":\"https:\/\/retta.fi\/en\/about-us\/business-principles\/\",\"name\":\"Business Principles - Retta\",\"isPartOf\":{\"@id\":\"https:\/\/retta.fi\/en\/#website\"},\"primaryImageOfPage\":{\"@id\":\"https:\/\/retta.fi\/en\/about-us\/business-principles\/#primaryimage\"},\"image\":{\"@id\":\"https:\/\/retta.fi\/en\/about-us\/business-principles\/#primaryimage\"},\"thumbnailUrl\":\"https:\/\/retta.fi\/wp-content\/uploads\/2024\/11\/iStock-1186614443-scaled.jpg\",\"datePublished\":\"2022-05-16T10:41:56+00:00\",\"dateModified\":\"2025-02-21T06:29:01+00:00\",\"description\":\"Varmistamme liiketoimiemme vastuullisuuden noudattamalla yhdess\u00e4 sovittuja liiketoimintaperiaatteita ja eettisi\u00e4 toimintatapoja.\",\"breadcrumb\":{\"@id\":\"https:\/\/retta.fi\/en\/about-us\/business-principles\/#breadcrumb\"},\"inLanguage\":\"en-US\",\"potentialAction\":[{\"@type\":\"ReadAction\",\"target\":[\"https:\/\/retta.fi\/en\/about-us\/business-principles\/\"]}]},{\"@type\":\"ImageObject\",\"inLanguage\":\"en-US\",\"@id\":\"https:\/\/retta.fi\/en\/about-us\/business-principles\/#primaryimage\",\"url\":\"https:\/\/retta.fi\/wp-content\/uploads\/2024\/11\/iStock-1186614443-scaled.jpg\",\"contentUrl\":\"https:\/\/retta.fi\/wp-content\/uploads\/2024\/11\/iStock-1186614443-scaled.jpg\",\"width\":2560,\"height\":1917,\"caption\":\"Hesperiankatu Avenue in T\u00f6\u00f6l\u00f6 neighborhood, Helsinki, Finland\"},{\"@type\":\"BreadcrumbList\",\"@id\":\"https:\/\/retta.fi\/en\/about-us\/business-principles\/#breadcrumb\",\"itemListElement\":[{\"@type\":\"ListItem\",\"position\":1,\"name\":\"Home\",\"item\":\"https:\/\/retta.fi\/en\/\"},{\"@type\":\"ListItem\",\"position\":2,\"name\":\"About Us\",\"item\":\"https:\/\/retta.fi\/en\/about-us\/\"},{\"@type\":\"ListItem\",\"position\":3,\"name\":\"Business Principles\"}]},{\"@type\":\"WebSite\",\"@id\":\"https:\/\/retta.fi\/en\/#website\",\"url\":\"https:\/\/retta.fi\/en\/\",\"name\":\"Retta\",\"description\":\"\",\"publisher\":{\"@id\":\"https:\/\/retta.fi\/en\/#organization\"},\"potentialAction\":[{\"@type\":\"SearchAction\",\"target\":{\"@type\":\"EntryPoint\",\"urlTemplate\":\"https:\/\/retta.fi\/en\/?s={search_term_string}\"},\"query-input\":{\"@type\":\"PropertyValueSpecification\",\"valueRequired\":true,\"valueName\":\"search_term_string\"}}],\"inLanguage\":\"en-US\"},{\"@type\":\"Organization\",\"@id\":\"https:\/\/retta.fi\/en\/#organization\",\"name\":\"Retta\",\"url\":\"https:\/\/retta.fi\/en\/\",\"logo\":{\"@type\":\"ImageObject\",\"inLanguage\":\"en-US\",\"@id\":\"https:\/\/retta.fi\/en\/#\/schema\/logo\/image\/\",\"url\":\"https:\/\/retta.fi\/wp-content\/uploads\/2022\/04\/retta_somejako.png\",\"contentUrl\":\"https:\/\/retta.fi\/wp-content\/uploads\/2022\/04\/retta_somejako.png\",\"width\":1200,\"height\":630,\"caption\":\"Retta\"},\"image\":{\"@id\":\"https:\/\/retta.fi\/en\/#\/schema\/logo\/image\/\"}}]}<\/script>\n<!-- \/ Yoast SEO plugin. -->","yoast_head_json":{"title":"Business Principles - Retta","description":"Varmistamme liiketoimiemme vastuullisuuden noudattamalla yhdess\u00e4 sovittuja liiketoimintaperiaatteita ja eettisi\u00e4 toimintatapoja.","robots":{"index":"index","follow":"follow","max-snippet":"max-snippet:-1","max-image-preview":"max-image-preview:large","max-video-preview":"max-video-preview:-1"},"canonical":"https:\/\/retta.fi\/en\/about-us\/business-principles\/","og_locale":"en_US","og_type":"article","og_title":"Business Principles - Retta","og_description":"Varmistamme liiketoimiemme vastuullisuuden noudattamalla yhdess\u00e4 sovittuja liiketoimintaperiaatteita ja eettisi\u00e4 toimintatapoja.","og_url":"https:\/\/retta.fi\/en\/about-us\/business-principles\/","og_site_name":"Retta","article_modified_time":"2025-02-21T06:29:01+00:00","og_image":[{"width":2560,"height":1917,"url":"https:\/\/retta.fi\/wp-content\/uploads\/2024\/11\/iStock-1186614443-scaled.jpg","type":"image\/jpeg"}],"twitter_card":"summary_large_image","schema":{"@context":"https:\/\/schema.org","@graph":[{"@type":"WebPage","@id":"https:\/\/retta.fi\/en\/about-us\/business-principles\/","url":"https:\/\/retta.fi\/en\/about-us\/business-principles\/","name":"Business Principles - Retta","isPartOf":{"@id":"https:\/\/retta.fi\/en\/#website"},"primaryImageOfPage":{"@id":"https:\/\/retta.fi\/en\/about-us\/business-principles\/#primaryimage"},"image":{"@id":"https:\/\/retta.fi\/en\/about-us\/business-principles\/#primaryimage"},"thumbnailUrl":"https:\/\/retta.fi\/wp-content\/uploads\/2024\/11\/iStock-1186614443-scaled.jpg","datePublished":"2022-05-16T10:41:56+00:00","dateModified":"2025-02-21T06:29:01+00:00","description":"Varmistamme liiketoimiemme vastuullisuuden noudattamalla yhdess\u00e4 sovittuja liiketoimintaperiaatteita ja eettisi\u00e4 toimintatapoja.","breadcrumb":{"@id":"https:\/\/retta.fi\/en\/about-us\/business-principles\/#breadcrumb"},"inLanguage":"en-US","potentialAction":[{"@type":"ReadAction","target":["https:\/\/retta.fi\/en\/about-us\/business-principles\/"]}]},{"@type":"ImageObject","inLanguage":"en-US","@id":"https:\/\/retta.fi\/en\/about-us\/business-principles\/#primaryimage","url":"https:\/\/retta.fi\/wp-content\/uploads\/2024\/11\/iStock-1186614443-scaled.jpg","contentUrl":"https:\/\/retta.fi\/wp-content\/uploads\/2024\/11\/iStock-1186614443-scaled.jpg","width":2560,"height":1917,"caption":"Hesperiankatu Avenue in T\u00f6\u00f6l\u00f6 neighborhood, Helsinki, Finland"},{"@type":"BreadcrumbList","@id":"https:\/\/retta.fi\/en\/about-us\/business-principles\/#breadcrumb","itemListElement":[{"@type":"ListItem","position":1,"name":"Home","item":"https:\/\/retta.fi\/en\/"},{"@type":"ListItem","position":2,"name":"About Us","item":"https:\/\/retta.fi\/en\/about-us\/"},{"@type":"ListItem","position":3,"name":"Business Principles"}]},{"@type":"WebSite","@id":"https:\/\/retta.fi\/en\/#website","url":"https:\/\/retta.fi\/en\/","name":"Retta","description":"","publisher":{"@id":"https:\/\/retta.fi\/en\/#organization"},"potentialAction":[{"@type":"SearchAction","target":{"@type":"EntryPoint","urlTemplate":"https:\/\/retta.fi\/en\/?s={search_term_string}"},"query-input":{"@type":"PropertyValueSpecification","valueRequired":true,"valueName":"search_term_string"}}],"inLanguage":"en-US"},{"@type":"Organization","@id":"https:\/\/retta.fi\/en\/#organization","name":"Retta","url":"https:\/\/retta.fi\/en\/","logo":{"@type":"ImageObject","inLanguage":"en-US","@id":"https:\/\/retta.fi\/en\/#\/schema\/logo\/image\/","url":"https:\/\/retta.fi\/wp-content\/uploads\/2022\/04\/retta_somejako.png","contentUrl":"https:\/\/retta.fi\/wp-content\/uploads\/2022\/04\/retta_somejako.png","width":1200,"height":630,"caption":"Retta"},"image":{"@id":"https:\/\/retta.fi\/en\/#\/schema\/logo\/image\/"}}]}},"_links":{"self":[{"href":"https:\/\/retta.fi\/en\/wp-json\/wp\/v2\/pages\/1482","targetHints":{"allow":["GET"]}}],"collection":[{"href":"https:\/\/retta.fi\/en\/wp-json\/wp\/v2\/pages"}],"about":[{"href":"https:\/\/retta.fi\/en\/wp-json\/wp\/v2\/types\/page"}],"author":[{"embeddable":true,"href":"https:\/\/retta.fi\/en\/wp-json\/wp\/v2\/users\/31"}],"replies":[{"embeddable":true,"href":"https:\/\/retta.fi\/en\/wp-json\/wp\/v2\/comments?post=1482"}],"version-history":[{"count":14,"href":"https:\/\/retta.fi\/en\/wp-json\/wp\/v2\/pages\/1482\/revisions"}],"predecessor-version":[{"id":46404,"href":"https:\/\/retta.fi\/en\/wp-json\/wp\/v2\/pages\/1482\/revisions\/46404"}],"up":[{"embeddable":true,"href":"https:\/\/retta.fi\/en\/wp-json\/wp\/v2\/pages\/42337"}],"wp:featuredmedia":[{"embeddable":true,"href":"https:\/\/retta.fi\/en\/wp-json\/wp\/v2\/media\/42399"}],"wp:attachment":[{"href":"https:\/\/retta.fi\/en\/wp-json\/wp\/v2\/media?parent=1482"}],"curies":[{"name":"wp","href":"https:\/\/api.w.org\/{rel}","templated":true}]}}