{"id":11045,"date":"2022-08-16T17:24:52","date_gmt":"2022-08-16T14:24:52","guid":{"rendered":"https:\/\/retta.fi\/?page_id=11045"},"modified":"2024-09-23T14:29:24","modified_gmt":"2024-09-23T11:29:24","slug":"valuation-services-helsinki","status":"publish","type":"page","link":"https:\/\/retta.fi\/en\/valuation-services-helsinki\/","title":{"rendered":"Valuation services, Helsinki"},"content":{"rendered":"<section id=\"acf-block-63b2c633248e8\" class=\"block block-hero container-fluid ct-darkgreen bg-darkgreen \">\n        <div class=\"container\">\n        <div class=\"row\">\n            <div class=\"col-12 col-lg-8 hero-content-col\">\n                <div class=\"hero-content\">\n                    \n\n<h1 class=\"wp-block-heading\">Valuation services, Helsinki <\/h1>\n\n\n                <\/div>\n            <\/div>\n        <\/div>\n    <\/div>\n<\/section>\n\n\n\n<section id=\"acf-block-63b2c63324907\" class=\"block block-two-innerblocks container-fluid default-bg has-bg-pattern\">\n    <div class=\"container\">\n        <div class=\"row justify-content-between\">\n            \n<div class=\"block-innerblocks-container-narrow col-12 col-lg-5 entry-content\">\n    \n\n<p><\/p>\n\n\n<div class=\"block-map-embed\"><div class=\"element map-embed\">\n        <div class=\"osm-map-embed\" id=\"osm-map-1\" data-lat=\"60.2155342\"\n        data-lon=\"24.8757812\"><\/div>\n    <\/div>\n<\/div>\n\n<\/div>\n\n\n<div class=\"block-innerblocks-container col-12 col-lg-6 entry-content\">\n    \n\n<p>Valimotie 9-11, 00380 Helsinki<br>Tel.\u00a0020 780 3760<\/p>\n\n\n\n<p>Opening hours:&nbsp;according to agreement<\/p>\n\n\n\n<p>Email:&nbsp;arviotrm@retta.fi<\/p>\n\n\n\n<p>Our office in Helsinki is located on Valimotie in the Pit\u00e4j\u00e4nm\u00e4ki business district. The work of our real estate experts includes high-quality real estate valuation and consulting for different purposes. We also carry out various kinds of portfolio and optimisation strategy surveys and consulting for real estate portfolios, as well as market research. Contact us to find out more!<\/p>\n\n\n<\/div>\n\n        <\/div>\n    <\/div>\n<\/section>\n\n\n\n<section id=\"acf-block-63b2c633249ea\" class=\"block block-highlights container-fluid ct-beige bg-beige\">\n    <div class=\"container\">\n                <div class=\"row highlights-header\">\n\n                        <div class=\"col-12 col-lg-7 title-col\">\n                <h2 class=\"highlights-title\">News<\/h2>\n            <\/div>\n                        \n        <\/div>\n                        <div class=\"row card-list\">\n                        <div class=\"col-12 col-md-6 col-lg-4 card-col\">\n                <div class=\"card has-link has-border\" onclick=\"document.getElementById('card-link-69d78b1ba53dd').click();\">\n        <div class=\"card-content\">\n        <h2 class=\"h4 card-title\"><a id=\"card-link-69d78b1ba53dd\" href=\"https:\/\/retta.fi\/en\/ajankohtaista\/property-management\/retta-is-finlands-third-best-known-provider-of-rental-apartments\/\" rel=\"bookmark\">Retta is Finland&#8217;s third best-known provider of rental apartments<\/a><\/h2>        <div class=\"card-meta\">\n            <div class=\"entry-meta\"><span class=\"cat-links\"><span class=\"screen-reader-text\">Categories <\/span><a href=\"https:\/\/retta.fi\/en\/ajankohtaista\/kategoria\/property-management\/\" rel=\"category tag\">Property management<\/a><\/span><span class=\"posted-on\"><span class=\"screen-reader-text\">Written on <\/span><a href=\"https:\/\/retta.fi\/en\/ajankohtaista\/property-management\/retta-is-finlands-third-best-known-provider-of-rental-apartments\/\" rel=\"bookmark\"><time class=\"entry-date published\" datetime=\"2024-10-10T12:55:10+03:00\">10.10.2024<\/time><time class=\"updated\" datetime=\"2024-10-22T12:39:44+03:00\">22.10.2024<\/time><\/a><\/span><\/div>\n            <i class=\"card-cta-icon fa-light fa-arrow-right-long\"><\/i>\n        <\/div>\n    <\/div>\n<\/div>            <\/div>\n                        <div class=\"col-12 col-md-6 col-lg-4 card-col\">\n                <div class=\"card has-link has-border\" onclick=\"document.getElementById('card-link-69d78b1ba6034').click();\">\n        <div class=\"card-content\">\n        <h2 class=\"h4 card-title\"><a id=\"card-link-69d78b1ba6034\" href=\"https:\/\/retta.fi\/en\/ajankohtaista\/property-management\/office-market-q2-2024-adapting-to-new-opportunities-and-the-market-environment\/\" rel=\"bookmark\">Finnish office market Q2 2024: Adapting to new opportunities and the market environment<\/a><\/h2>        <div class=\"card-meta\">\n            <div class=\"entry-meta\"><span class=\"cat-links\"><span class=\"screen-reader-text\">Categories <\/span><a href=\"https:\/\/retta.fi\/en\/ajankohtaista\/kategoria\/property-management\/\" rel=\"category tag\">Property management<\/a><\/span><span class=\"posted-on\"><span class=\"screen-reader-text\">Written on <\/span><a href=\"https:\/\/retta.fi\/en\/ajankohtaista\/property-management\/office-market-q2-2024-adapting-to-new-opportunities-and-the-market-environment\/\" rel=\"bookmark\"><time class=\"entry-date published\" datetime=\"2024-09-13T09:57:50+03:00\">13.9.2024<\/time><time class=\"updated\" datetime=\"2024-10-01T15:37:42+03:00\">1.10.2024<\/time><\/a><\/span><\/div>\n            <i class=\"card-cta-icon fa-light fa-arrow-right-long\"><\/i>\n        <\/div>\n    <\/div>\n<\/div>            <\/div>\n                        <div class=\"col-12 col-md-6 col-lg-4 card-col\">\n                <div class=\"card has-link has-border\" onclick=\"document.getElementById('card-link-69d78b1ba6697').click();\">\n        <div class=\"card-content\">\n        <h2 class=\"h4 card-title\"><a id=\"card-link-69d78b1ba6697\" href=\"https:\/\/retta.fi\/en\/ajankohtaista\/property-management\/growth-in-commercial-property-management-services\/\" rel=\"bookmark\">Growth in commercial property management services<\/a><\/h2>        <div class=\"card-meta\">\n            <div class=\"entry-meta\"><span class=\"cat-links\"><span class=\"screen-reader-text\">Categories <\/span><a href=\"https:\/\/retta.fi\/en\/ajankohtaista\/kategoria\/property-management\/\" rel=\"category tag\">Property management<\/a><\/span><span class=\"posted-on\"><span class=\"screen-reader-text\">Written on <\/span><a href=\"https:\/\/retta.fi\/en\/ajankohtaista\/property-management\/growth-in-commercial-property-management-services\/\" rel=\"bookmark\"><time class=\"entry-date published\" datetime=\"2024-09-12T08:19:11+03:00\">12.9.2024<\/time><time class=\"updated\" datetime=\"2024-10-01T15:39:37+03:00\">1.10.2024<\/time><\/a><\/span><\/div>\n            <i class=\"card-cta-icon fa-light fa-arrow-right-long\"><\/i>\n        <\/div>\n    <\/div>\n<\/div>            <\/div>\n                                <\/div>\n                    <\/div>\n<\/section>\n","protected":false},"excerpt":{"rendered":"","protected":false},"author":31,"featured_media":0,"parent":0,"menu_order":0,"comment_status":"closed","ping_status":"closed","template":"","meta":{"_acf_changed":false,"_relevanssi_hide_post":"","_relevanssi_hide_content":"","_relevanssi_pin_for_all":"","_relevanssi_pin_keywords":"","_relevanssi_unpin_keywords":"","_relevanssi_related_keywords":"","_relevanssi_related_include_ids":"","_relevanssi_related_exclude_ids":"","_relevanssi_related_no_append":"","_relevanssi_related_not_related":"","_relevanssi_related_posts":"","_relevanssi_noindex_reason":"","footnotes":""},"class_list":["post-11045","page","type-page","status-publish","hentry"],"acf":[],"yoast_head":"<!-- This site is optimized with the Yoast SEO plugin v27.1.1 - https:\/\/yoast.com\/product\/yoast-seo-wordpress\/ -->\n<title>Valuation services, Helsinki - Retta<\/title>\n<meta name=\"description\" content=\"Valuation services, Helsinki Valimotie 9-11, 00380 HelsinkiTel.\u00a0020 780 3760 Opening hours:&nbsp;according to agreement Email:&nbsp;arviotrm@retta.fi Our\" \/>\n<meta name=\"robots\" content=\"index, follow, max-snippet:-1, max-image-preview:large, max-video-preview:-1\" \/>\n<link rel=\"canonical\" href=\"https:\/\/retta.fi\/en\/valuation-services-helsinki\/\" \/>\n<meta property=\"og:locale\" content=\"en_US\" \/>\n<meta property=\"og:type\" content=\"article\" \/>\n<meta property=\"og:title\" content=\"Valuation services, Helsinki - Retta\" \/>\n<meta property=\"og:description\" content=\"Valuation services, Helsinki Valimotie 9-11, 00380 HelsinkiTel.\u00a0020 780 3760 Opening hours:&nbsp;according to agreement Email:&nbsp;arviotrm@retta.fi Our\" \/>\n<meta property=\"og:url\" content=\"https:\/\/retta.fi\/en\/valuation-services-helsinki\/\" \/>\n<meta property=\"og:site_name\" content=\"Retta\" \/>\n<meta property=\"article:modified_time\" content=\"2024-09-23T11:29:24+00:00\" \/>\n<meta property=\"og:image\" content=\"https:\/\/retta.fi\/wp-content\/uploads\/2022\/04\/retta_somejako.png\" \/>\n\t<meta property=\"og:image:width\" content=\"1200\" \/>\n\t<meta property=\"og:image:height\" content=\"630\" \/>\n\t<meta property=\"og:image:type\" content=\"image\/png\" \/>\n<meta name=\"twitter:card\" content=\"summary_large_image\" \/>\n<script type=\"application\/ld+json\" class=\"yoast-schema-graph\">{\"@context\":\"https:\/\/schema.org\",\"@graph\":[{\"@type\":\"WebPage\",\"@id\":\"https:\/\/retta.fi\/en\/valuation-services-helsinki\/\",\"url\":\"https:\/\/retta.fi\/en\/valuation-services-helsinki\/\",\"name\":\"Valuation services, Helsinki - Retta\",\"isPartOf\":{\"@id\":\"https:\/\/retta.fi\/en\/#website\"},\"datePublished\":\"2022-08-16T14:24:52+00:00\",\"dateModified\":\"2024-09-23T11:29:24+00:00\",\"description\":\"Valuation services, Helsinki Valimotie 9-11, 00380 HelsinkiTel.\u00a0020 780 3760 Opening hours:&nbsp;according to agreement Email:&nbsp;arviotrm@retta.fi Our\",\"breadcrumb\":{\"@id\":\"https:\/\/retta.fi\/en\/valuation-services-helsinki\/#breadcrumb\"},\"inLanguage\":\"en-US\",\"potentialAction\":[{\"@type\":\"ReadAction\",\"target\":[\"https:\/\/retta.fi\/en\/valuation-services-helsinki\/\"]}]},{\"@type\":\"BreadcrumbList\",\"@id\":\"https:\/\/retta.fi\/en\/valuation-services-helsinki\/#breadcrumb\",\"itemListElement\":[{\"@type\":\"ListItem\",\"position\":1,\"name\":\"Home\",\"item\":\"https:\/\/retta.fi\/en\/\"},{\"@type\":\"ListItem\",\"position\":2,\"name\":\"Valuation services, Helsinki\"}]},{\"@type\":\"WebSite\",\"@id\":\"https:\/\/retta.fi\/en\/#website\",\"url\":\"https:\/\/retta.fi\/en\/\",\"name\":\"Retta\",\"description\":\"\",\"publisher\":{\"@id\":\"https:\/\/retta.fi\/en\/#organization\"},\"potentialAction\":[{\"@type\":\"SearchAction\",\"target\":{\"@type\":\"EntryPoint\",\"urlTemplate\":\"https:\/\/retta.fi\/en\/?s={search_term_string}\"},\"query-input\":{\"@type\":\"PropertyValueSpecification\",\"valueRequired\":true,\"valueName\":\"search_term_string\"}}],\"inLanguage\":\"en-US\"},{\"@type\":\"Organization\",\"@id\":\"https:\/\/retta.fi\/en\/#organization\",\"name\":\"Retta\",\"url\":\"https:\/\/retta.fi\/en\/\",\"logo\":{\"@type\":\"ImageObject\",\"inLanguage\":\"en-US\",\"@id\":\"https:\/\/retta.fi\/en\/#\/schema\/logo\/image\/\",\"url\":\"https:\/\/retta.fi\/wp-content\/uploads\/2022\/04\/retta_somejako.png\",\"contentUrl\":\"https:\/\/retta.fi\/wp-content\/uploads\/2022\/04\/retta_somejako.png\",\"width\":1200,\"height\":630,\"caption\":\"Retta\"},\"image\":{\"@id\":\"https:\/\/retta.fi\/en\/#\/schema\/logo\/image\/\"}}]}<\/script>\n<!-- \/ Yoast SEO plugin. -->","yoast_head_json":{"title":"Valuation services, Helsinki - Retta","description":"Valuation services, Helsinki Valimotie 9-11, 00380 HelsinkiTel.\u00a0020 780 3760 Opening hours:&nbsp;according to agreement Email:&nbsp;arviotrm@retta.fi Our","robots":{"index":"index","follow":"follow","max-snippet":"max-snippet:-1","max-image-preview":"max-image-preview:large","max-video-preview":"max-video-preview:-1"},"canonical":"https:\/\/retta.fi\/en\/valuation-services-helsinki\/","og_locale":"en_US","og_type":"article","og_title":"Valuation services, Helsinki - Retta","og_description":"Valuation services, Helsinki Valimotie 9-11, 00380 HelsinkiTel.\u00a0020 780 3760 Opening hours:&nbsp;according to agreement Email:&nbsp;arviotrm@retta.fi Our","og_url":"https:\/\/retta.fi\/en\/valuation-services-helsinki\/","og_site_name":"Retta","article_modified_time":"2024-09-23T11:29:24+00:00","og_image":[{"width":1200,"height":630,"url":"https:\/\/retta.fi\/wp-content\/uploads\/2022\/04\/retta_somejako.png","type":"image\/png"}],"twitter_card":"summary_large_image","schema":{"@context":"https:\/\/schema.org","@graph":[{"@type":"WebPage","@id":"https:\/\/retta.fi\/en\/valuation-services-helsinki\/","url":"https:\/\/retta.fi\/en\/valuation-services-helsinki\/","name":"Valuation services, Helsinki - Retta","isPartOf":{"@id":"https:\/\/retta.fi\/en\/#website"},"datePublished":"2022-08-16T14:24:52+00:00","dateModified":"2024-09-23T11:29:24+00:00","description":"Valuation services, Helsinki Valimotie 9-11, 00380 HelsinkiTel.\u00a0020 780 3760 Opening hours:&nbsp;according to agreement Email:&nbsp;arviotrm@retta.fi Our","breadcrumb":{"@id":"https:\/\/retta.fi\/en\/valuation-services-helsinki\/#breadcrumb"},"inLanguage":"en-US","potentialAction":[{"@type":"ReadAction","target":["https:\/\/retta.fi\/en\/valuation-services-helsinki\/"]}]},{"@type":"BreadcrumbList","@id":"https:\/\/retta.fi\/en\/valuation-services-helsinki\/#breadcrumb","itemListElement":[{"@type":"ListItem","position":1,"name":"Home","item":"https:\/\/retta.fi\/en\/"},{"@type":"ListItem","position":2,"name":"Valuation services, Helsinki"}]},{"@type":"WebSite","@id":"https:\/\/retta.fi\/en\/#website","url":"https:\/\/retta.fi\/en\/","name":"Retta","description":"","publisher":{"@id":"https:\/\/retta.fi\/en\/#organization"},"potentialAction":[{"@type":"SearchAction","target":{"@type":"EntryPoint","urlTemplate":"https:\/\/retta.fi\/en\/?s={search_term_string}"},"query-input":{"@type":"PropertyValueSpecification","valueRequired":true,"valueName":"search_term_string"}}],"inLanguage":"en-US"},{"@type":"Organization","@id":"https:\/\/retta.fi\/en\/#organization","name":"Retta","url":"https:\/\/retta.fi\/en\/","logo":{"@type":"ImageObject","inLanguage":"en-US","@id":"https:\/\/retta.fi\/en\/#\/schema\/logo\/image\/","url":"https:\/\/retta.fi\/wp-content\/uploads\/2022\/04\/retta_somejako.png","contentUrl":"https:\/\/retta.fi\/wp-content\/uploads\/2022\/04\/retta_somejako.png","width":1200,"height":630,"caption":"Retta"},"image":{"@id":"https:\/\/retta.fi\/en\/#\/schema\/logo\/image\/"}}]}},"_links":{"self":[{"href":"https:\/\/retta.fi\/en\/wp-json\/wp\/v2\/pages\/11045","targetHints":{"allow":["GET"]}}],"collection":[{"href":"https:\/\/retta.fi\/en\/wp-json\/wp\/v2\/pages"}],"about":[{"href":"https:\/\/retta.fi\/en\/wp-json\/wp\/v2\/types\/page"}],"author":[{"embeddable":true,"href":"https:\/\/retta.fi\/en\/wp-json\/wp\/v2\/users\/31"}],"replies":[{"embeddable":true,"href":"https:\/\/retta.fi\/en\/wp-json\/wp\/v2\/comments?post=11045"}],"version-history":[{"count":10,"href":"https:\/\/retta.fi\/en\/wp-json\/wp\/v2\/pages\/11045\/revisions"}],"predecessor-version":[{"id":40806,"href":"https:\/\/retta.fi\/en\/wp-json\/wp\/v2\/pages\/11045\/revisions\/40806"}],"wp:attachment":[{"href":"https:\/\/retta.fi\/en\/wp-json\/wp\/v2\/media?parent=11045"}],"curies":[{"name":"wp","href":"https:\/\/api.w.org\/{rel}","templated":true}]}}